{"id":12241,"date":"2022-11-27T12:49:42","date_gmt":"2022-11-27T11:49:42","guid":{"rendered":"https:\/\/zapateneo.net\/wordpress\/?post_type=product&#038;p=12241"},"modified":"2022-11-27T12:49:56","modified_gmt":"2022-11-27T11:49:56","slug":"islas-del-abandono-la-vida-en-los-paisajes-posthumanos","status":"publish","type":"product","link":"https:\/\/zapateneo.net\/wordpress\/index.php\/producto\/islas-del-abandono-la-vida-en-los-paisajes-posthumanos\/","title":{"rendered":"ISLAS DEL ABANDONO La vida en los paisajes posthumanos"},"content":{"rendered":"<p>Una hermosa y l\u00edrica exploraci\u00f3n de los lugares donde la naturaleza florece en nuestra ausencia. Algunas de las \u00fanicas reses verdaderamente asilvestradas del mundo deambulan por una isla abandonada desde hace tiempo en el extremo norte de Escocia. En los terrenos irradiados de Chern\u00f3bil ha resurgido una variedad de vida silvestre que no se hab\u00eda visto en mucho tiempo. En la estrecha zona desmilitarizada de la pen\u00ednsula de Corea, un exuberante bosque alberga miles de especies extinguidas o en peligro de extinci\u00f3n en cualquier otro lugar del planeta.<\/p>\n<p>Cal Flyn, periodista de investigaci\u00f3n, excepcional escritora de naturaleza y nueva y prometedora voz literaria, visita los lugares m\u00e1s sombr\u00edos y desolados de la Tierra que, debido a la guerra, la cat\u00e1strofe, la enfermedad o la decadencia econ\u00f3mica, han sido abandonados por los humanos. Lo que encuentra cada vez es una \u00abisla\u00bb de nueva vida: la naturaleza se ha apresurado a llenar el vac\u00edo m\u00e1s r\u00e1pido y con mayor profundidad que incluso las proyecciones m\u00e1s esperanzadoras de los cient\u00edficos.<\/p>\n<p>\u2018Islas de abandono\u2019 es un recorrido por estos nuevos ecosistemas, en todo su esplendor, como lugares de inesperada importancia medioambiental, donde el mundo natural ha reafirmado su poder salvaje y su promesa. Y aunque no nos libra de abordar la degradaci\u00f3n del medio ambiente y el cambio clim\u00e1tico, es un caso en el que la esperanza est\u00e1 lejos de perderse, y es, en \u00faltima instancia, una historia de redenci\u00f3n: los lugares m\u00e1s contaminados de la Tierra pueden rehabilitarse mediante procesos ecol\u00f3gicos y, de hecho, ya lo est\u00e1n haciendo.<\/p>\n<p>Este estudio, luminosamente escrito, est\u00e1 unido a una profunda visi\u00f3n y a nuevos descubrimientos ecol\u00f3gicos que, en conjunto, dan respuesta a las grandes preguntas: \u00bfqu\u00e9 ocurrir\u00e1 cuando nos hayamos ido, y hasta qu\u00e9 punto puede deshacerse el da\u00f1o que hemos provocado a la naturaleza? Este es un libro sobre lugares abandonados: ciudades fantasma y zonas de exclusi\u00f3n, tierras de nadie e islas fortaleza, y lo que ocurre cuando se permite a la naturaleza reclamar su lugar.<\/p>\n","protected":false},"excerpt":{"rendered":"<p><strong>Cal Flyn<\/strong><br \/>\n9788412553956 &#8211; Capit\u00e1n Swing &#8211; 2022 &#8211; 336 p\u00e1ginas \/orri.<\/p>\n","protected":false},"featured_media":12271,"template":"","meta":[],"product_brand":[],"product_cat":[180,16],"product_tag":[5768,102],"class_list":{"0":"post-12241","1":"product","2":"type-product","3":"status-publish","4":"has-post-thumbnail","6":"product_cat-ekologia-ecologia","7":"product_cat-libros","8":"product_tag-cal-flyn","9":"product_tag-capitan-swing","11":"first","12":"instock","13":"sold-individually","14":"shipping-taxable","15":"purchasable","16":"product-type-simple"},"yoast_head":"<!-- This site is optimized with the Yoast SEO plugin v27.4 - https:\/\/yoast.com\/product\/yoast-seo-wordpress\/ -->\n<title>ISLAS DEL ABANDONO La vida en los paisajes posthumanos &#8212; Zapateneo<\/title>\n<meta name=\"robots\" content=\"index, follow, max-snippet:-1, max-image-preview:large, max-video-preview:-1\" \/>\n<link rel=\"canonical\" href=\"https:\/\/zapateneo.net\/wordpress\/index.php\/producto\/islas-del-abandono-la-vida-en-los-paisajes-posthumanos\/\" \/>\n<meta property=\"og:locale\" content=\"es_ES\" \/>\n<meta property=\"og:type\" content=\"article\" \/>\n<meta property=\"og:title\" content=\"ISLAS DEL ABANDONO La vida en los paisajes posthumanos &#8212; Zapateneo\" \/>\n<meta property=\"og:description\" content=\"Cal Flyn 9788412553956 - Capit\u00e1n Swing - 2022 - 336 p\u00e1ginas \/orri.\" \/>\n<meta property=\"og:url\" content=\"https:\/\/zapateneo.net\/wordpress\/index.php\/producto\/islas-del-abandono-la-vida-en-los-paisajes-posthumanos\/\" \/>\n<meta property=\"og:site_name\" content=\"Zapateneo\" \/>\n<meta property=\"article:modified_time\" content=\"2022-11-27T11:49:56+00:00\" \/>\n<meta name=\"twitter:card\" content=\"summary_large_image\" \/>\n<meta name=\"twitter:site\" content=\"@zapateneo\" \/>\n<meta name=\"twitter:label1\" content=\"Tiempo de lectura\" \/>\n\t<meta name=\"twitter:data1\" content=\"2 minutos\" \/>\n<script type=\"application\/ld+json\" class=\"yoast-schema-graph\">{\"@context\":\"https:\\\/\\\/schema.org\",\"@graph\":[{\"@type\":\"WebPage\",\"@id\":\"https:\\\/\\\/zapateneo.net\\\/wordpress\\\/index.php\\\/producto\\\/islas-del-abandono-la-vida-en-los-paisajes-posthumanos\\\/\",\"url\":\"https:\\\/\\\/zapateneo.net\\\/wordpress\\\/index.php\\\/producto\\\/islas-del-abandono-la-vida-en-los-paisajes-posthumanos\\\/\",\"name\":\"ISLAS DEL ABANDONO La vida en los paisajes posthumanos &#8212; Zapateneo\",\"isPartOf\":{\"@id\":\"https:\\\/\\\/zapateneo.net\\\/wordpress\\\/#website\"},\"primaryImageOfPage\":{\"@id\":\"https:\\\/\\\/zapateneo.net\\\/wordpress\\\/index.php\\\/producto\\\/islas-del-abandono-la-vida-en-los-paisajes-posthumanos\\\/#primaryimage\"},\"image\":{\"@id\":\"https:\\\/\\\/zapateneo.net\\\/wordpress\\\/index.php\\\/producto\\\/islas-del-abandono-la-vida-en-los-paisajes-posthumanos\\\/#primaryimage\"},\"thumbnailUrl\":\"https:\\\/\\\/zapateneo.net\\\/wordpress\\\/wp-content\\\/uploads\\\/2022\\\/11\\\/islas-del-abandono-9788412553956.jpg\",\"datePublished\":\"2022-11-27T11:49:42+00:00\",\"dateModified\":\"2022-11-27T11:49:56+00:00\",\"breadcrumb\":{\"@id\":\"https:\\\/\\\/zapateneo.net\\\/wordpress\\\/index.php\\\/producto\\\/islas-del-abandono-la-vida-en-los-paisajes-posthumanos\\\/#breadcrumb\"},\"inLanguage\":\"es\",\"potentialAction\":[{\"@type\":\"ReadAction\",\"target\":[\"https:\\\/\\\/zapateneo.net\\\/wordpress\\\/index.php\\\/producto\\\/islas-del-abandono-la-vida-en-los-paisajes-posthumanos\\\/\"]}]},{\"@type\":\"ImageObject\",\"inLanguage\":\"es\",\"@id\":\"https:\\\/\\\/zapateneo.net\\\/wordpress\\\/index.php\\\/producto\\\/islas-del-abandono-la-vida-en-los-paisajes-posthumanos\\\/#primaryimage\",\"url\":\"https:\\\/\\\/zapateneo.net\\\/wordpress\\\/wp-content\\\/uploads\\\/2022\\\/11\\\/islas-del-abandono-9788412553956.jpg\",\"contentUrl\":\"https:\\\/\\\/zapateneo.net\\\/wordpress\\\/wp-content\\\/uploads\\\/2022\\\/11\\\/islas-del-abandono-9788412553956.jpg\",\"width\":256,\"height\":400},{\"@type\":\"BreadcrumbList\",\"@id\":\"https:\\\/\\\/zapateneo.net\\\/wordpress\\\/index.php\\\/producto\\\/islas-del-abandono-la-vida-en-los-paisajes-posthumanos\\\/#breadcrumb\",\"itemListElement\":[{\"@type\":\"ListItem\",\"position\":1,\"name\":\"Portada\",\"item\":\"https:\\\/\\\/zapateneo.net\\\/wordpress\\\/\"},{\"@type\":\"ListItem\",\"position\":2,\"name\":\"Tienda\",\"item\":\"https:\\\/\\\/zapateneo.net\\\/wordpress\\\/\"},{\"@type\":\"ListItem\",\"position\":3,\"name\":\"ISLAS DEL ABANDONO La vida en los paisajes posthumanos\"}]},{\"@type\":\"WebSite\",\"@id\":\"https:\\\/\\\/zapateneo.net\\\/wordpress\\\/#website\",\"url\":\"https:\\\/\\\/zapateneo.net\\\/wordpress\\\/\",\"name\":\"Zapateneo\",\"description\":\"Zapateneoaren webgunea\",\"publisher\":{\"@id\":\"https:\\\/\\\/zapateneo.net\\\/wordpress\\\/#organization\"},\"potentialAction\":[{\"@type\":\"SearchAction\",\"target\":{\"@type\":\"EntryPoint\",\"urlTemplate\":\"https:\\\/\\\/zapateneo.net\\\/wordpress\\\/?s={search_term_string}\"},\"query-input\":{\"@type\":\"PropertyValueSpecification\",\"valueRequired\":true,\"valueName\":\"search_term_string\"}}],\"inLanguage\":\"es\"},{\"@type\":\"Organization\",\"@id\":\"https:\\\/\\\/zapateneo.net\\\/wordpress\\\/#organization\",\"name\":\"Zapateneo Kultur Elkartea\",\"url\":\"https:\\\/\\\/zapateneo.net\\\/wordpress\\\/\",\"logo\":{\"@type\":\"ImageObject\",\"inLanguage\":\"es\",\"@id\":\"https:\\\/\\\/zapateneo.net\\\/wordpress\\\/#\\\/schema\\\/logo\\\/image\\\/\",\"url\":\"https:\\\/\\\/zapateneo.net\\\/wordpress\\\/wp-content\\\/uploads\\\/2021\\\/04\\\/zap-libu-kolec.jpg\",\"contentUrl\":\"https:\\\/\\\/zapateneo.net\\\/wordpress\\\/wp-content\\\/uploads\\\/2021\\\/04\\\/zap-libu-kolec.jpg\",\"width\":2234,\"height\":398,\"caption\":\"Zapateneo Kultur Elkartea\"},\"image\":{\"@id\":\"https:\\\/\\\/zapateneo.net\\\/wordpress\\\/#\\\/schema\\\/logo\\\/image\\\/\"},\"sameAs\":[\"https:\\\/\\\/x.com\\\/zapateneo\"]}]}<\/script>\n<!-- \/ Yoast SEO plugin. -->","yoast_head_json":{"title":"ISLAS DEL ABANDONO La vida en los paisajes posthumanos &#8212; Zapateneo","robots":{"index":"index","follow":"follow","max-snippet":"max-snippet:-1","max-image-preview":"max-image-preview:large","max-video-preview":"max-video-preview:-1"},"canonical":"https:\/\/zapateneo.net\/wordpress\/index.php\/producto\/islas-del-abandono-la-vida-en-los-paisajes-posthumanos\/","og_locale":"es_ES","og_type":"article","og_title":"ISLAS DEL ABANDONO La vida en los paisajes posthumanos &#8212; Zapateneo","og_description":"Cal Flyn 9788412553956 - Capit\u00e1n Swing - 2022 - 336 p\u00e1ginas \/orri.","og_url":"https:\/\/zapateneo.net\/wordpress\/index.php\/producto\/islas-del-abandono-la-vida-en-los-paisajes-posthumanos\/","og_site_name":"Zapateneo","article_modified_time":"2022-11-27T11:49:56+00:00","twitter_card":"summary_large_image","twitter_site":"@zapateneo","twitter_misc":{"Tiempo de lectura":"2 minutos"},"schema":{"@context":"https:\/\/schema.org","@graph":[{"@type":"WebPage","@id":"https:\/\/zapateneo.net\/wordpress\/index.php\/producto\/islas-del-abandono-la-vida-en-los-paisajes-posthumanos\/","url":"https:\/\/zapateneo.net\/wordpress\/index.php\/producto\/islas-del-abandono-la-vida-en-los-paisajes-posthumanos\/","name":"ISLAS DEL ABANDONO La vida en los paisajes posthumanos &#8212; Zapateneo","isPartOf":{"@id":"https:\/\/zapateneo.net\/wordpress\/#website"},"primaryImageOfPage":{"@id":"https:\/\/zapateneo.net\/wordpress\/index.php\/producto\/islas-del-abandono-la-vida-en-los-paisajes-posthumanos\/#primaryimage"},"image":{"@id":"https:\/\/zapateneo.net\/wordpress\/index.php\/producto\/islas-del-abandono-la-vida-en-los-paisajes-posthumanos\/#primaryimage"},"thumbnailUrl":"https:\/\/zapateneo.net\/wordpress\/wp-content\/uploads\/2022\/11\/islas-del-abandono-9788412553956.jpg","datePublished":"2022-11-27T11:49:42+00:00","dateModified":"2022-11-27T11:49:56+00:00","breadcrumb":{"@id":"https:\/\/zapateneo.net\/wordpress\/index.php\/producto\/islas-del-abandono-la-vida-en-los-paisajes-posthumanos\/#breadcrumb"},"inLanguage":"es","potentialAction":[{"@type":"ReadAction","target":["https:\/\/zapateneo.net\/wordpress\/index.php\/producto\/islas-del-abandono-la-vida-en-los-paisajes-posthumanos\/"]}]},{"@type":"ImageObject","inLanguage":"es","@id":"https:\/\/zapateneo.net\/wordpress\/index.php\/producto\/islas-del-abandono-la-vida-en-los-paisajes-posthumanos\/#primaryimage","url":"https:\/\/zapateneo.net\/wordpress\/wp-content\/uploads\/2022\/11\/islas-del-abandono-9788412553956.jpg","contentUrl":"https:\/\/zapateneo.net\/wordpress\/wp-content\/uploads\/2022\/11\/islas-del-abandono-9788412553956.jpg","width":256,"height":400},{"@type":"BreadcrumbList","@id":"https:\/\/zapateneo.net\/wordpress\/index.php\/producto\/islas-del-abandono-la-vida-en-los-paisajes-posthumanos\/#breadcrumb","itemListElement":[{"@type":"ListItem","position":1,"name":"Portada","item":"https:\/\/zapateneo.net\/wordpress\/"},{"@type":"ListItem","position":2,"name":"Tienda","item":"https:\/\/zapateneo.net\/wordpress\/"},{"@type":"ListItem","position":3,"name":"ISLAS DEL ABANDONO La vida en los paisajes posthumanos"}]},{"@type":"WebSite","@id":"https:\/\/zapateneo.net\/wordpress\/#website","url":"https:\/\/zapateneo.net\/wordpress\/","name":"Zapateneo","description":"Zapateneoaren webgunea","publisher":{"@id":"https:\/\/zapateneo.net\/wordpress\/#organization"},"potentialAction":[{"@type":"SearchAction","target":{"@type":"EntryPoint","urlTemplate":"https:\/\/zapateneo.net\/wordpress\/?s={search_term_string}"},"query-input":{"@type":"PropertyValueSpecification","valueRequired":true,"valueName":"search_term_string"}}],"inLanguage":"es"},{"@type":"Organization","@id":"https:\/\/zapateneo.net\/wordpress\/#organization","name":"Zapateneo Kultur Elkartea","url":"https:\/\/zapateneo.net\/wordpress\/","logo":{"@type":"ImageObject","inLanguage":"es","@id":"https:\/\/zapateneo.net\/wordpress\/#\/schema\/logo\/image\/","url":"https:\/\/zapateneo.net\/wordpress\/wp-content\/uploads\/2021\/04\/zap-libu-kolec.jpg","contentUrl":"https:\/\/zapateneo.net\/wordpress\/wp-content\/uploads\/2021\/04\/zap-libu-kolec.jpg","width":2234,"height":398,"caption":"Zapateneo Kultur Elkartea"},"image":{"@id":"https:\/\/zapateneo.net\/wordpress\/#\/schema\/logo\/image\/"},"sameAs":["https:\/\/x.com\/zapateneo"]}]}},"_links":{"self":[{"href":"https:\/\/zapateneo.net\/wordpress\/index.php\/wp-json\/wp\/v2\/product\/12241","targetHints":{"allow":["GET"]}}],"collection":[{"href":"https:\/\/zapateneo.net\/wordpress\/index.php\/wp-json\/wp\/v2\/product"}],"about":[{"href":"https:\/\/zapateneo.net\/wordpress\/index.php\/wp-json\/wp\/v2\/types\/product"}],"wp:featuredmedia":[{"embeddable":true,"href":"https:\/\/zapateneo.net\/wordpress\/index.php\/wp-json\/wp\/v2\/media\/12271"}],"wp:attachment":[{"href":"https:\/\/zapateneo.net\/wordpress\/index.php\/wp-json\/wp\/v2\/media?parent=12241"}],"wp:term":[{"taxonomy":"product_brand","embeddable":true,"href":"https:\/\/zapateneo.net\/wordpress\/index.php\/wp-json\/wp\/v2\/product_brand?post=12241"},{"taxonomy":"product_cat","embeddable":true,"href":"https:\/\/zapateneo.net\/wordpress\/index.php\/wp-json\/wp\/v2\/product_cat?post=12241"},{"taxonomy":"product_tag","embeddable":true,"href":"https:\/\/zapateneo.net\/wordpress\/index.php\/wp-json\/wp\/v2\/product_tag?post=12241"}],"curies":[{"name":"wp","href":"https:\/\/api.w.org\/{rel}","templated":true}]}}