{"id":12240,"date":"2022-11-27T12:49:42","date_gmt":"2022-11-27T11:49:42","guid":{"rendered":"https:\/\/zapateneo.net\/wordpress\/?post_type=product&#038;p=12240"},"modified":"2022-11-27T12:49:56","modified_gmt":"2022-11-27T11:49:56","slug":"la-retirada-irak-libia-afganistan-y-la-fragilidad-del-poder-de-estados-unidos","status":"publish","type":"product","link":"https:\/\/zapateneo.net\/wordpress\/index.php\/producto\/la-retirada-irak-libia-afganistan-y-la-fragilidad-del-poder-de-estados-unidos\/","title":{"rendered":"LA RETIRADA Irak, Libia, Afganist\u00e1n y la fragilidad del poder de Estados Unidos"},"content":{"rendered":"<p>Dos de nuestros m\u00e1s c\u00e9lebres intelectuales se enfrentan a las inciertas consecuencias del colapso estadounidense en Afganist\u00e1n. Desde que las \u00faltimas tropas estadounidenses abandonaron Vietnam no nos hab\u00edamos enfrentado a un vac\u00edo tan repentino en nuestra pol\u00edtica exterior, no s\u00f3lo de autoridad, sino tambi\u00e9n de explicaciones sobre lo que ha ocurrido y lo que nos depara el futuro. Pocos analistas est\u00e1n mejor preparados para abordar este momento que Noam Chomsky y Vijay Prashad, intelectuales y cr\u00edticos cuyo trabajo abarca generaciones y continentes.<\/p>\n<p>Calificado como \u00abla voz m\u00e1s le\u00edda del planeta en materia de pol\u00edtica exterior\u00bb por el New York Times Book Review, Noam Chomsky es la luz que gu\u00eda a los disidentes de todo el mundo. En La retirada, Chomsky se une al c\u00e9lebre acad\u00e9mico Vijay Prashad \u2014que \u00abayuda a descubrir los mundos brillantes ocultos bajo la historia oficial y los medios de comunicaci\u00f3n dominantes\u00bb (Eduardo Galeano)\u2014 para llegar a las ra\u00edces de esta \u00e9poca de peligro y cambio sin precedentes.<\/p>\n<p>Chomsky y Prashad interrogan los puntos de inflexi\u00f3n clave en la espiral descendente de Estados Unidos: desde la desastrosa guerra de Irak hasta la fallida intervenci\u00f3n en Libia y el descenso al caos en Afganist\u00e1n. A medida que los \u00faltimos momentos del poder estadounidense en Afganist\u00e1n se desvanecen, este libro crucial sostiene que no debemos apartar la vista de los restos y que necesitamos, sobre todo, una visi\u00f3n no sentimental del nuevo mundo que debemos construir juntos.<\/p>\n<p>Pr\u00f3logo de Angela Davis<\/p>\n","protected":false},"excerpt":{"rendered":"<p><strong>Noam Chomsky<\/strong><br \/>\n9788412553963 &#8211; Capit\u00e1n Swing &#8211; 2022 &#8211; 160 p\u00e1ginas \/orri.<\/p>\n","protected":false},"featured_media":12270,"template":"","meta":[],"product_brand":[],"product_cat":[16,173],"product_tag":[102,5231],"class_list":{"0":"post-12240","1":"product","2":"type-product","3":"status-publish","4":"has-post-thumbnail","6":"product_cat-libros","7":"product_cat-saiakera-ensayo","8":"product_tag-capitan-swing","9":"product_tag-noam-chomsky","11":"first","12":"instock","13":"sold-individually","14":"shipping-taxable","15":"purchasable","16":"product-type-simple"},"yoast_head":"<!-- This site is optimized with the Yoast SEO plugin v27.3 - https:\/\/yoast.com\/product\/yoast-seo-wordpress\/ -->\n<title>LA RETIRADA Irak, Libia, Afganist\u00e1n y la fragilidad del poder de Estados Unidos &#8212; Zapateneo<\/title>\n<meta name=\"robots\" content=\"index, follow, max-snippet:-1, max-image-preview:large, max-video-preview:-1\" \/>\n<link rel=\"canonical\" href=\"https:\/\/zapateneo.net\/wordpress\/index.php\/producto\/la-retirada-irak-libia-afganistan-y-la-fragilidad-del-poder-de-estados-unidos\/\" \/>\n<meta property=\"og:locale\" content=\"es_ES\" \/>\n<meta property=\"og:type\" content=\"article\" \/>\n<meta property=\"og:title\" content=\"LA RETIRADA Irak, Libia, Afganist\u00e1n y la fragilidad del poder de Estados Unidos &#8212; Zapateneo\" \/>\n<meta property=\"og:description\" content=\"Noam Chomsky 9788412553963 - Capit\u00e1n Swing - 2022 - 160 p\u00e1ginas \/orri.\" \/>\n<meta property=\"og:url\" content=\"https:\/\/zapateneo.net\/wordpress\/index.php\/producto\/la-retirada-irak-libia-afganistan-y-la-fragilidad-del-poder-de-estados-unidos\/\" \/>\n<meta property=\"og:site_name\" content=\"Zapateneo\" \/>\n<meta property=\"article:modified_time\" content=\"2022-11-27T11:49:56+00:00\" \/>\n<meta name=\"twitter:card\" content=\"summary_large_image\" \/>\n<meta name=\"twitter:site\" content=\"@zapateneo\" \/>\n<meta name=\"twitter:label1\" content=\"Tiempo de lectura\" \/>\n\t<meta name=\"twitter:data1\" content=\"1 minuto\" \/>\n<script type=\"application\/ld+json\" class=\"yoast-schema-graph\">{\"@context\":\"https:\\\/\\\/schema.org\",\"@graph\":[{\"@type\":\"WebPage\",\"@id\":\"https:\\\/\\\/zapateneo.net\\\/wordpress\\\/index.php\\\/producto\\\/la-retirada-irak-libia-afganistan-y-la-fragilidad-del-poder-de-estados-unidos\\\/\",\"url\":\"https:\\\/\\\/zapateneo.net\\\/wordpress\\\/index.php\\\/producto\\\/la-retirada-irak-libia-afganistan-y-la-fragilidad-del-poder-de-estados-unidos\\\/\",\"name\":\"LA RETIRADA Irak, Libia, Afganist\u00e1n y la fragilidad del poder de Estados Unidos &#8212; Zapateneo\",\"isPartOf\":{\"@id\":\"https:\\\/\\\/zapateneo.net\\\/wordpress\\\/#website\"},\"primaryImageOfPage\":{\"@id\":\"https:\\\/\\\/zapateneo.net\\\/wordpress\\\/index.php\\\/producto\\\/la-retirada-irak-libia-afganistan-y-la-fragilidad-del-poder-de-estados-unidos\\\/#primaryimage\"},\"image\":{\"@id\":\"https:\\\/\\\/zapateneo.net\\\/wordpress\\\/index.php\\\/producto\\\/la-retirada-irak-libia-afganistan-y-la-fragilidad-del-poder-de-estados-unidos\\\/#primaryimage\"},\"thumbnailUrl\":\"https:\\\/\\\/zapateneo.net\\\/wordpress\\\/wp-content\\\/uploads\\\/2022\\\/11\\\/la-retirada-9788412553963.jpg\",\"datePublished\":\"2022-11-27T11:49:42+00:00\",\"dateModified\":\"2022-11-27T11:49:56+00:00\",\"breadcrumb\":{\"@id\":\"https:\\\/\\\/zapateneo.net\\\/wordpress\\\/index.php\\\/producto\\\/la-retirada-irak-libia-afganistan-y-la-fragilidad-del-poder-de-estados-unidos\\\/#breadcrumb\"},\"inLanguage\":\"es\",\"potentialAction\":[{\"@type\":\"ReadAction\",\"target\":[\"https:\\\/\\\/zapateneo.net\\\/wordpress\\\/index.php\\\/producto\\\/la-retirada-irak-libia-afganistan-y-la-fragilidad-del-poder-de-estados-unidos\\\/\"]}]},{\"@type\":\"ImageObject\",\"inLanguage\":\"es\",\"@id\":\"https:\\\/\\\/zapateneo.net\\\/wordpress\\\/index.php\\\/producto\\\/la-retirada-irak-libia-afganistan-y-la-fragilidad-del-poder-de-estados-unidos\\\/#primaryimage\",\"url\":\"https:\\\/\\\/zapateneo.net\\\/wordpress\\\/wp-content\\\/uploads\\\/2022\\\/11\\\/la-retirada-9788412553963.jpg\",\"contentUrl\":\"https:\\\/\\\/zapateneo.net\\\/wordpress\\\/wp-content\\\/uploads\\\/2022\\\/11\\\/la-retirada-9788412553963.jpg\",\"width\":256,\"height\":400},{\"@type\":\"BreadcrumbList\",\"@id\":\"https:\\\/\\\/zapateneo.net\\\/wordpress\\\/index.php\\\/producto\\\/la-retirada-irak-libia-afganistan-y-la-fragilidad-del-poder-de-estados-unidos\\\/#breadcrumb\",\"itemListElement\":[{\"@type\":\"ListItem\",\"position\":1,\"name\":\"Portada\",\"item\":\"https:\\\/\\\/zapateneo.net\\\/wordpress\\\/\"},{\"@type\":\"ListItem\",\"position\":2,\"name\":\"Tienda\",\"item\":\"https:\\\/\\\/zapateneo.net\\\/wordpress\\\/\"},{\"@type\":\"ListItem\",\"position\":3,\"name\":\"LA RETIRADA Irak, Libia, Afganist\u00e1n y la fragilidad del poder de Estados Unidos\"}]},{\"@type\":\"WebSite\",\"@id\":\"https:\\\/\\\/zapateneo.net\\\/wordpress\\\/#website\",\"url\":\"https:\\\/\\\/zapateneo.net\\\/wordpress\\\/\",\"name\":\"Zapateneo\",\"description\":\"Zapateneoaren webgunea\",\"publisher\":{\"@id\":\"https:\\\/\\\/zapateneo.net\\\/wordpress\\\/#organization\"},\"potentialAction\":[{\"@type\":\"SearchAction\",\"target\":{\"@type\":\"EntryPoint\",\"urlTemplate\":\"https:\\\/\\\/zapateneo.net\\\/wordpress\\\/?s={search_term_string}\"},\"query-input\":{\"@type\":\"PropertyValueSpecification\",\"valueRequired\":true,\"valueName\":\"search_term_string\"}}],\"inLanguage\":\"es\"},{\"@type\":\"Organization\",\"@id\":\"https:\\\/\\\/zapateneo.net\\\/wordpress\\\/#organization\",\"name\":\"Zapateneo Kultur Elkartea\",\"url\":\"https:\\\/\\\/zapateneo.net\\\/wordpress\\\/\",\"logo\":{\"@type\":\"ImageObject\",\"inLanguage\":\"es\",\"@id\":\"https:\\\/\\\/zapateneo.net\\\/wordpress\\\/#\\\/schema\\\/logo\\\/image\\\/\",\"url\":\"https:\\\/\\\/zapateneo.net\\\/wordpress\\\/wp-content\\\/uploads\\\/2021\\\/04\\\/zap-libu-kolec.jpg\",\"contentUrl\":\"https:\\\/\\\/zapateneo.net\\\/wordpress\\\/wp-content\\\/uploads\\\/2021\\\/04\\\/zap-libu-kolec.jpg\",\"width\":2234,\"height\":398,\"caption\":\"Zapateneo Kultur Elkartea\"},\"image\":{\"@id\":\"https:\\\/\\\/zapateneo.net\\\/wordpress\\\/#\\\/schema\\\/logo\\\/image\\\/\"},\"sameAs\":[\"https:\\\/\\\/x.com\\\/zapateneo\"]}]}<\/script>\n<!-- \/ Yoast SEO plugin. -->","yoast_head_json":{"title":"LA RETIRADA Irak, Libia, Afganist\u00e1n y la fragilidad del poder de Estados Unidos &#8212; Zapateneo","robots":{"index":"index","follow":"follow","max-snippet":"max-snippet:-1","max-image-preview":"max-image-preview:large","max-video-preview":"max-video-preview:-1"},"canonical":"https:\/\/zapateneo.net\/wordpress\/index.php\/producto\/la-retirada-irak-libia-afganistan-y-la-fragilidad-del-poder-de-estados-unidos\/","og_locale":"es_ES","og_type":"article","og_title":"LA RETIRADA Irak, Libia, Afganist\u00e1n y la fragilidad del poder de Estados Unidos &#8212; Zapateneo","og_description":"Noam Chomsky 9788412553963 - Capit\u00e1n Swing - 2022 - 160 p\u00e1ginas \/orri.","og_url":"https:\/\/zapateneo.net\/wordpress\/index.php\/producto\/la-retirada-irak-libia-afganistan-y-la-fragilidad-del-poder-de-estados-unidos\/","og_site_name":"Zapateneo","article_modified_time":"2022-11-27T11:49:56+00:00","twitter_card":"summary_large_image","twitter_site":"@zapateneo","twitter_misc":{"Tiempo de lectura":"1 minuto"},"schema":{"@context":"https:\/\/schema.org","@graph":[{"@type":"WebPage","@id":"https:\/\/zapateneo.net\/wordpress\/index.php\/producto\/la-retirada-irak-libia-afganistan-y-la-fragilidad-del-poder-de-estados-unidos\/","url":"https:\/\/zapateneo.net\/wordpress\/index.php\/producto\/la-retirada-irak-libia-afganistan-y-la-fragilidad-del-poder-de-estados-unidos\/","name":"LA RETIRADA Irak, Libia, Afganist\u00e1n y la fragilidad del poder de Estados Unidos &#8212; Zapateneo","isPartOf":{"@id":"https:\/\/zapateneo.net\/wordpress\/#website"},"primaryImageOfPage":{"@id":"https:\/\/zapateneo.net\/wordpress\/index.php\/producto\/la-retirada-irak-libia-afganistan-y-la-fragilidad-del-poder-de-estados-unidos\/#primaryimage"},"image":{"@id":"https:\/\/zapateneo.net\/wordpress\/index.php\/producto\/la-retirada-irak-libia-afganistan-y-la-fragilidad-del-poder-de-estados-unidos\/#primaryimage"},"thumbnailUrl":"https:\/\/zapateneo.net\/wordpress\/wp-content\/uploads\/2022\/11\/la-retirada-9788412553963.jpg","datePublished":"2022-11-27T11:49:42+00:00","dateModified":"2022-11-27T11:49:56+00:00","breadcrumb":{"@id":"https:\/\/zapateneo.net\/wordpress\/index.php\/producto\/la-retirada-irak-libia-afganistan-y-la-fragilidad-del-poder-de-estados-unidos\/#breadcrumb"},"inLanguage":"es","potentialAction":[{"@type":"ReadAction","target":["https:\/\/zapateneo.net\/wordpress\/index.php\/producto\/la-retirada-irak-libia-afganistan-y-la-fragilidad-del-poder-de-estados-unidos\/"]}]},{"@type":"ImageObject","inLanguage":"es","@id":"https:\/\/zapateneo.net\/wordpress\/index.php\/producto\/la-retirada-irak-libia-afganistan-y-la-fragilidad-del-poder-de-estados-unidos\/#primaryimage","url":"https:\/\/zapateneo.net\/wordpress\/wp-content\/uploads\/2022\/11\/la-retirada-9788412553963.jpg","contentUrl":"https:\/\/zapateneo.net\/wordpress\/wp-content\/uploads\/2022\/11\/la-retirada-9788412553963.jpg","width":256,"height":400},{"@type":"BreadcrumbList","@id":"https:\/\/zapateneo.net\/wordpress\/index.php\/producto\/la-retirada-irak-libia-afganistan-y-la-fragilidad-del-poder-de-estados-unidos\/#breadcrumb","itemListElement":[{"@type":"ListItem","position":1,"name":"Portada","item":"https:\/\/zapateneo.net\/wordpress\/"},{"@type":"ListItem","position":2,"name":"Tienda","item":"https:\/\/zapateneo.net\/wordpress\/"},{"@type":"ListItem","position":3,"name":"LA RETIRADA Irak, Libia, Afganist\u00e1n y la fragilidad del poder de Estados Unidos"}]},{"@type":"WebSite","@id":"https:\/\/zapateneo.net\/wordpress\/#website","url":"https:\/\/zapateneo.net\/wordpress\/","name":"Zapateneo","description":"Zapateneoaren webgunea","publisher":{"@id":"https:\/\/zapateneo.net\/wordpress\/#organization"},"potentialAction":[{"@type":"SearchAction","target":{"@type":"EntryPoint","urlTemplate":"https:\/\/zapateneo.net\/wordpress\/?s={search_term_string}"},"query-input":{"@type":"PropertyValueSpecification","valueRequired":true,"valueName":"search_term_string"}}],"inLanguage":"es"},{"@type":"Organization","@id":"https:\/\/zapateneo.net\/wordpress\/#organization","name":"Zapateneo Kultur Elkartea","url":"https:\/\/zapateneo.net\/wordpress\/","logo":{"@type":"ImageObject","inLanguage":"es","@id":"https:\/\/zapateneo.net\/wordpress\/#\/schema\/logo\/image\/","url":"https:\/\/zapateneo.net\/wordpress\/wp-content\/uploads\/2021\/04\/zap-libu-kolec.jpg","contentUrl":"https:\/\/zapateneo.net\/wordpress\/wp-content\/uploads\/2021\/04\/zap-libu-kolec.jpg","width":2234,"height":398,"caption":"Zapateneo Kultur Elkartea"},"image":{"@id":"https:\/\/zapateneo.net\/wordpress\/#\/schema\/logo\/image\/"},"sameAs":["https:\/\/x.com\/zapateneo"]}]}},"_links":{"self":[{"href":"https:\/\/zapateneo.net\/wordpress\/index.php\/wp-json\/wp\/v2\/product\/12240","targetHints":{"allow":["GET"]}}],"collection":[{"href":"https:\/\/zapateneo.net\/wordpress\/index.php\/wp-json\/wp\/v2\/product"}],"about":[{"href":"https:\/\/zapateneo.net\/wordpress\/index.php\/wp-json\/wp\/v2\/types\/product"}],"wp:featuredmedia":[{"embeddable":true,"href":"https:\/\/zapateneo.net\/wordpress\/index.php\/wp-json\/wp\/v2\/media\/12270"}],"wp:attachment":[{"href":"https:\/\/zapateneo.net\/wordpress\/index.php\/wp-json\/wp\/v2\/media?parent=12240"}],"wp:term":[{"taxonomy":"product_brand","embeddable":true,"href":"https:\/\/zapateneo.net\/wordpress\/index.php\/wp-json\/wp\/v2\/product_brand?post=12240"},{"taxonomy":"product_cat","embeddable":true,"href":"https:\/\/zapateneo.net\/wordpress\/index.php\/wp-json\/wp\/v2\/product_cat?post=12240"},{"taxonomy":"product_tag","embeddable":true,"href":"https:\/\/zapateneo.net\/wordpress\/index.php\/wp-json\/wp\/v2\/product_tag?post=12240"}],"curies":[{"name":"wp","href":"https:\/\/api.w.org\/{rel}","templated":true}]}}