{"id":12238,"date":"2022-11-27T12:49:41","date_gmt":"2022-11-27T11:49:41","guid":{"rendered":"https:\/\/zapateneo.net\/wordpress\/?post_type=product&#038;p=12238"},"modified":"2022-11-27T12:49:55","modified_gmt":"2022-11-27T11:49:55","slug":"malestamos-cuando-estar-mal-es-un-problema-colectivo","status":"publish","type":"product","link":"https:\/\/zapateneo.net\/wordpress\/index.php\/producto\/malestamos-cuando-estar-mal-es-un-problema-colectivo\/","title":{"rendered":"MALESTAMOS Cuando estar mal es un problema colectivo"},"content":{"rendered":"<p>Un sentimiento recorre nuestras vidas. No es ansiedad, no es depresi\u00f3n, no es euforia ni inquietud. Es, simplemente, que estamos mal. Vivimos en sociedades que hablan de salud mental pero que, en realidad, est\u00e1n hablando de un conjunto de conceptos entremezclados: desesperanza, cansancio, falta de expectativas, estr\u00e9s, preocupaci\u00f3n y dificultad para saber cu\u00e1ndo se acabar\u00e1 ese sentimiento.<\/p>\n<p>El malestar del que hablamos tiene mucho que ver con la incapacidad de imaginar un futuro que sea realizable, con la falta de certezas sobre lo que ocurrir\u00e1 ma\u00f1ana o sobre el reflejo que nos sale al pensar que lo que venga ser\u00e1 siempre peor que lo que ya pas\u00f3. Ante esto, la primera pulsi\u00f3n de la sociedad parece ser la patologizaci\u00f3n de ese malestar, ya sea por la v\u00eda de la terapia o del psicof\u00e1rmaco. Una opci\u00f3n alternativa, pero igualmente frecuente en ciertos \u00e1mbitos, es la negaci\u00f3n de la singularidad del sufrimiento y la llamada a la politizaci\u00f3n como respuesta \u00fanica posible.<\/p>\n<p>En este libro tratamos de abordar los falsos dilemas ante los que nos enfrentamos al hablar de \u201clo que nos pasa\u201d, mirando a las ra\u00edces del sufrimiento ps\u00edquico y planteando soluciones que no eludan la complejidad del problema.<\/p>\n<p>Marta Carmona Ha sido psiquiatra steampunk, psiquiatra a deshoras y ahora por fin psiquiatra de Centro de Salud Mental, como debe ser. M\u00e1ster en estudios feministas. Acaba siempre en la junta directiva de alguna asociaci\u00f3n, actualmente de la AEN y la AMSM. Parte del Colectivo Silesia. Madre de dos ni\u00f1as, ambas de nombre ins\u00f3lito. Coordinadora de los libros Transpsiquiatr\u00eda, abordajes queer en salud mental y Mejorar los barrios para una mejor salud mental, publicados por la AEN en 2018 y 2022. Intenta llevar el conocimiento situado a todos los \u00e1mbitos en los que opera.<\/p>\n<p>Javier Padilla M\u00e9dico de familia y comunidad con formaci\u00f3n en el \u00e1mbito de la salud p\u00fablica, gesti\u00f3n sanitaria y econom\u00eda de la salud. Durante a\u00f1os co-autor del extinto blog \u201cM\u00e9dico Cr\u00edtico\u201d, en la actualidad forma parte del Colectivo Silesia, donde escribe y agita cuando y cuanto es posible. Trabaj\u00f3 durante un tiempo como asesor parlamentario de Marta Sibina cuando \u00e9sta era portavoz de sanidad de En Com\u00fa Podem en el Congreso de los Diputados. En 2014 comenz\u00f3 a investigar y escribir sobre teor\u00edas de la justicia y su aplicaci\u00f3n al \u00e1mbito de la salud p\u00fablica y las desigualdades sociales en salud.<\/p>\n","protected":false},"excerpt":{"rendered":"<p><strong>Marta Carmona, Javier Padilla<\/strong><br \/>\n9788412553970 &#8211; Capit\u00e1n Swing &#8211; 2022 &#8211; 100 p\u00e1ginas \/orri.<\/p>\n","protected":false},"featured_media":12268,"template":"","meta":[],"product_brand":[],"product_cat":[16,182],"product_tag":[102,5766,5765],"class_list":{"0":"post-12238","1":"product","2":"type-product","3":"status-publish","4":"has-post-thumbnail","6":"product_cat-libros","7":"product_cat-osasuna-salud","8":"product_tag-capitan-swing","9":"product_tag-javier-padilla","10":"product_tag-marta-carmona","12":"first","13":"instock","14":"sold-individually","15":"shipping-taxable","16":"purchasable","17":"product-type-simple"},"yoast_head":"<!-- This site is optimized with the Yoast SEO plugin v27.3 - https:\/\/yoast.com\/product\/yoast-seo-wordpress\/ -->\n<title>MALESTAMOS Cuando estar mal es un problema colectivo &#8212; Zapateneo<\/title>\n<meta name=\"robots\" content=\"index, follow, max-snippet:-1, max-image-preview:large, max-video-preview:-1\" \/>\n<link rel=\"canonical\" href=\"https:\/\/zapateneo.net\/wordpress\/index.php\/producto\/malestamos-cuando-estar-mal-es-un-problema-colectivo\/\" \/>\n<meta property=\"og:locale\" content=\"es_ES\" \/>\n<meta property=\"og:type\" content=\"article\" \/>\n<meta property=\"og:title\" content=\"MALESTAMOS Cuando estar mal es un problema colectivo &#8212; Zapateneo\" \/>\n<meta property=\"og:description\" content=\"Marta Carmona, Javier Padilla 9788412553970 - Capit\u00e1n Swing - 2022 - 100 p\u00e1ginas \/orri.\" \/>\n<meta property=\"og:url\" content=\"https:\/\/zapateneo.net\/wordpress\/index.php\/producto\/malestamos-cuando-estar-mal-es-un-problema-colectivo\/\" \/>\n<meta property=\"og:site_name\" content=\"Zapateneo\" \/>\n<meta property=\"article:modified_time\" content=\"2022-11-27T11:49:55+00:00\" \/>\n<meta name=\"twitter:card\" content=\"summary_large_image\" \/>\n<meta name=\"twitter:site\" content=\"@zapateneo\" \/>\n<meta name=\"twitter:label1\" content=\"Tiempo de lectura\" \/>\n\t<meta name=\"twitter:data1\" content=\"2 minutos\" \/>\n<script type=\"application\/ld+json\" class=\"yoast-schema-graph\">{\"@context\":\"https:\\\/\\\/schema.org\",\"@graph\":[{\"@type\":\"WebPage\",\"@id\":\"https:\\\/\\\/zapateneo.net\\\/wordpress\\\/index.php\\\/producto\\\/malestamos-cuando-estar-mal-es-un-problema-colectivo\\\/\",\"url\":\"https:\\\/\\\/zapateneo.net\\\/wordpress\\\/index.php\\\/producto\\\/malestamos-cuando-estar-mal-es-un-problema-colectivo\\\/\",\"name\":\"MALESTAMOS Cuando estar mal es un problema colectivo &#8212; Zapateneo\",\"isPartOf\":{\"@id\":\"https:\\\/\\\/zapateneo.net\\\/wordpress\\\/#website\"},\"primaryImageOfPage\":{\"@id\":\"https:\\\/\\\/zapateneo.net\\\/wordpress\\\/index.php\\\/producto\\\/malestamos-cuando-estar-mal-es-un-problema-colectivo\\\/#primaryimage\"},\"image\":{\"@id\":\"https:\\\/\\\/zapateneo.net\\\/wordpress\\\/index.php\\\/producto\\\/malestamos-cuando-estar-mal-es-un-problema-colectivo\\\/#primaryimage\"},\"thumbnailUrl\":\"https:\\\/\\\/zapateneo.net\\\/wordpress\\\/wp-content\\\/uploads\\\/2022\\\/11\\\/malestamos-9788412553970.jpg\",\"datePublished\":\"2022-11-27T11:49:41+00:00\",\"dateModified\":\"2022-11-27T11:49:55+00:00\",\"breadcrumb\":{\"@id\":\"https:\\\/\\\/zapateneo.net\\\/wordpress\\\/index.php\\\/producto\\\/malestamos-cuando-estar-mal-es-un-problema-colectivo\\\/#breadcrumb\"},\"inLanguage\":\"es\",\"potentialAction\":[{\"@type\":\"ReadAction\",\"target\":[\"https:\\\/\\\/zapateneo.net\\\/wordpress\\\/index.php\\\/producto\\\/malestamos-cuando-estar-mal-es-un-problema-colectivo\\\/\"]}]},{\"@type\":\"ImageObject\",\"inLanguage\":\"es\",\"@id\":\"https:\\\/\\\/zapateneo.net\\\/wordpress\\\/index.php\\\/producto\\\/malestamos-cuando-estar-mal-es-un-problema-colectivo\\\/#primaryimage\",\"url\":\"https:\\\/\\\/zapateneo.net\\\/wordpress\\\/wp-content\\\/uploads\\\/2022\\\/11\\\/malestamos-9788412553970.jpg\",\"contentUrl\":\"https:\\\/\\\/zapateneo.net\\\/wordpress\\\/wp-content\\\/uploads\\\/2022\\\/11\\\/malestamos-9788412553970.jpg\",\"width\":256,\"height\":400},{\"@type\":\"BreadcrumbList\",\"@id\":\"https:\\\/\\\/zapateneo.net\\\/wordpress\\\/index.php\\\/producto\\\/malestamos-cuando-estar-mal-es-un-problema-colectivo\\\/#breadcrumb\",\"itemListElement\":[{\"@type\":\"ListItem\",\"position\":1,\"name\":\"Portada\",\"item\":\"https:\\\/\\\/zapateneo.net\\\/wordpress\\\/\"},{\"@type\":\"ListItem\",\"position\":2,\"name\":\"Tienda\",\"item\":\"https:\\\/\\\/zapateneo.net\\\/wordpress\\\/\"},{\"@type\":\"ListItem\",\"position\":3,\"name\":\"MALESTAMOS Cuando estar mal es un problema colectivo\"}]},{\"@type\":\"WebSite\",\"@id\":\"https:\\\/\\\/zapateneo.net\\\/wordpress\\\/#website\",\"url\":\"https:\\\/\\\/zapateneo.net\\\/wordpress\\\/\",\"name\":\"Zapateneo\",\"description\":\"Zapateneoaren webgunea\",\"publisher\":{\"@id\":\"https:\\\/\\\/zapateneo.net\\\/wordpress\\\/#organization\"},\"potentialAction\":[{\"@type\":\"SearchAction\",\"target\":{\"@type\":\"EntryPoint\",\"urlTemplate\":\"https:\\\/\\\/zapateneo.net\\\/wordpress\\\/?s={search_term_string}\"},\"query-input\":{\"@type\":\"PropertyValueSpecification\",\"valueRequired\":true,\"valueName\":\"search_term_string\"}}],\"inLanguage\":\"es\"},{\"@type\":\"Organization\",\"@id\":\"https:\\\/\\\/zapateneo.net\\\/wordpress\\\/#organization\",\"name\":\"Zapateneo Kultur Elkartea\",\"url\":\"https:\\\/\\\/zapateneo.net\\\/wordpress\\\/\",\"logo\":{\"@type\":\"ImageObject\",\"inLanguage\":\"es\",\"@id\":\"https:\\\/\\\/zapateneo.net\\\/wordpress\\\/#\\\/schema\\\/logo\\\/image\\\/\",\"url\":\"https:\\\/\\\/zapateneo.net\\\/wordpress\\\/wp-content\\\/uploads\\\/2021\\\/04\\\/zap-libu-kolec.jpg\",\"contentUrl\":\"https:\\\/\\\/zapateneo.net\\\/wordpress\\\/wp-content\\\/uploads\\\/2021\\\/04\\\/zap-libu-kolec.jpg\",\"width\":2234,\"height\":398,\"caption\":\"Zapateneo Kultur Elkartea\"},\"image\":{\"@id\":\"https:\\\/\\\/zapateneo.net\\\/wordpress\\\/#\\\/schema\\\/logo\\\/image\\\/\"},\"sameAs\":[\"https:\\\/\\\/x.com\\\/zapateneo\"]}]}<\/script>\n<!-- \/ Yoast SEO plugin. -->","yoast_head_json":{"title":"MALESTAMOS Cuando estar mal es un problema colectivo &#8212; Zapateneo","robots":{"index":"index","follow":"follow","max-snippet":"max-snippet:-1","max-image-preview":"max-image-preview:large","max-video-preview":"max-video-preview:-1"},"canonical":"https:\/\/zapateneo.net\/wordpress\/index.php\/producto\/malestamos-cuando-estar-mal-es-un-problema-colectivo\/","og_locale":"es_ES","og_type":"article","og_title":"MALESTAMOS Cuando estar mal es un problema colectivo &#8212; Zapateneo","og_description":"Marta Carmona, Javier Padilla 9788412553970 - Capit\u00e1n Swing - 2022 - 100 p\u00e1ginas \/orri.","og_url":"https:\/\/zapateneo.net\/wordpress\/index.php\/producto\/malestamos-cuando-estar-mal-es-un-problema-colectivo\/","og_site_name":"Zapateneo","article_modified_time":"2022-11-27T11:49:55+00:00","twitter_card":"summary_large_image","twitter_site":"@zapateneo","twitter_misc":{"Tiempo de lectura":"2 minutos"},"schema":{"@context":"https:\/\/schema.org","@graph":[{"@type":"WebPage","@id":"https:\/\/zapateneo.net\/wordpress\/index.php\/producto\/malestamos-cuando-estar-mal-es-un-problema-colectivo\/","url":"https:\/\/zapateneo.net\/wordpress\/index.php\/producto\/malestamos-cuando-estar-mal-es-un-problema-colectivo\/","name":"MALESTAMOS Cuando estar mal es un problema colectivo &#8212; Zapateneo","isPartOf":{"@id":"https:\/\/zapateneo.net\/wordpress\/#website"},"primaryImageOfPage":{"@id":"https:\/\/zapateneo.net\/wordpress\/index.php\/producto\/malestamos-cuando-estar-mal-es-un-problema-colectivo\/#primaryimage"},"image":{"@id":"https:\/\/zapateneo.net\/wordpress\/index.php\/producto\/malestamos-cuando-estar-mal-es-un-problema-colectivo\/#primaryimage"},"thumbnailUrl":"https:\/\/zapateneo.net\/wordpress\/wp-content\/uploads\/2022\/11\/malestamos-9788412553970.jpg","datePublished":"2022-11-27T11:49:41+00:00","dateModified":"2022-11-27T11:49:55+00:00","breadcrumb":{"@id":"https:\/\/zapateneo.net\/wordpress\/index.php\/producto\/malestamos-cuando-estar-mal-es-un-problema-colectivo\/#breadcrumb"},"inLanguage":"es","potentialAction":[{"@type":"ReadAction","target":["https:\/\/zapateneo.net\/wordpress\/index.php\/producto\/malestamos-cuando-estar-mal-es-un-problema-colectivo\/"]}]},{"@type":"ImageObject","inLanguage":"es","@id":"https:\/\/zapateneo.net\/wordpress\/index.php\/producto\/malestamos-cuando-estar-mal-es-un-problema-colectivo\/#primaryimage","url":"https:\/\/zapateneo.net\/wordpress\/wp-content\/uploads\/2022\/11\/malestamos-9788412553970.jpg","contentUrl":"https:\/\/zapateneo.net\/wordpress\/wp-content\/uploads\/2022\/11\/malestamos-9788412553970.jpg","width":256,"height":400},{"@type":"BreadcrumbList","@id":"https:\/\/zapateneo.net\/wordpress\/index.php\/producto\/malestamos-cuando-estar-mal-es-un-problema-colectivo\/#breadcrumb","itemListElement":[{"@type":"ListItem","position":1,"name":"Portada","item":"https:\/\/zapateneo.net\/wordpress\/"},{"@type":"ListItem","position":2,"name":"Tienda","item":"https:\/\/zapateneo.net\/wordpress\/"},{"@type":"ListItem","position":3,"name":"MALESTAMOS Cuando estar mal es un problema colectivo"}]},{"@type":"WebSite","@id":"https:\/\/zapateneo.net\/wordpress\/#website","url":"https:\/\/zapateneo.net\/wordpress\/","name":"Zapateneo","description":"Zapateneoaren webgunea","publisher":{"@id":"https:\/\/zapateneo.net\/wordpress\/#organization"},"potentialAction":[{"@type":"SearchAction","target":{"@type":"EntryPoint","urlTemplate":"https:\/\/zapateneo.net\/wordpress\/?s={search_term_string}"},"query-input":{"@type":"PropertyValueSpecification","valueRequired":true,"valueName":"search_term_string"}}],"inLanguage":"es"},{"@type":"Organization","@id":"https:\/\/zapateneo.net\/wordpress\/#organization","name":"Zapateneo Kultur Elkartea","url":"https:\/\/zapateneo.net\/wordpress\/","logo":{"@type":"ImageObject","inLanguage":"es","@id":"https:\/\/zapateneo.net\/wordpress\/#\/schema\/logo\/image\/","url":"https:\/\/zapateneo.net\/wordpress\/wp-content\/uploads\/2021\/04\/zap-libu-kolec.jpg","contentUrl":"https:\/\/zapateneo.net\/wordpress\/wp-content\/uploads\/2021\/04\/zap-libu-kolec.jpg","width":2234,"height":398,"caption":"Zapateneo Kultur Elkartea"},"image":{"@id":"https:\/\/zapateneo.net\/wordpress\/#\/schema\/logo\/image\/"},"sameAs":["https:\/\/x.com\/zapateneo"]}]}},"_links":{"self":[{"href":"https:\/\/zapateneo.net\/wordpress\/index.php\/wp-json\/wp\/v2\/product\/12238","targetHints":{"allow":["GET"]}}],"collection":[{"href":"https:\/\/zapateneo.net\/wordpress\/index.php\/wp-json\/wp\/v2\/product"}],"about":[{"href":"https:\/\/zapateneo.net\/wordpress\/index.php\/wp-json\/wp\/v2\/types\/product"}],"wp:featuredmedia":[{"embeddable":true,"href":"https:\/\/zapateneo.net\/wordpress\/index.php\/wp-json\/wp\/v2\/media\/12268"}],"wp:attachment":[{"href":"https:\/\/zapateneo.net\/wordpress\/index.php\/wp-json\/wp\/v2\/media?parent=12238"}],"wp:term":[{"taxonomy":"product_brand","embeddable":true,"href":"https:\/\/zapateneo.net\/wordpress\/index.php\/wp-json\/wp\/v2\/product_brand?post=12238"},{"taxonomy":"product_cat","embeddable":true,"href":"https:\/\/zapateneo.net\/wordpress\/index.php\/wp-json\/wp\/v2\/product_cat?post=12238"},{"taxonomy":"product_tag","embeddable":true,"href":"https:\/\/zapateneo.net\/wordpress\/index.php\/wp-json\/wp\/v2\/product_tag?post=12238"}],"curies":[{"name":"wp","href":"https:\/\/api.w.org\/{rel}","templated":true}]}}