{"id":12237,"date":"2022-11-27T12:49:41","date_gmt":"2022-11-27T11:49:41","guid":{"rendered":"https:\/\/zapateneo.net\/wordpress\/?post_type=product&#038;p=12237"},"modified":"2022-11-27T12:49:54","modified_gmt":"2022-11-27T11:49:54","slug":"las-campanas-del-viejo-tokio-meditaciones-sobre-el-tiempo-y-la-ciudad","status":"publish","type":"product","link":"https:\/\/zapateneo.net\/wordpress\/index.php\/producto\/las-campanas-del-viejo-tokio-meditaciones-sobre-el-tiempo-y-la-ciudad\/","title":{"rendered":"LAS CAMPANAS DEL VIEJO TOKIO Meditaciones sobre el tiempo y la ciudad"},"content":{"rendered":"<p>Un elegante y absorbente recorrido por Tokio y sus habitantes. Durante m\u00e1s de 300 a\u00f1os, desde 1632 hasta 1854, los gobernantes de Jap\u00f3n restringieron el contacto con el extranjero, un casi aislamiento que foment\u00f3 una cultura notable y \u00fanica que perdura hasta nuestros d\u00edas. Durante su periodo de aislamiento, los habitantes de la ciudad de Edo, m\u00e1s tarde conocida como Tokio, confiaban en sus campanas p\u00fablicas para dar la hora. En su extraordinario libro, Anna Sherman relata su b\u00fasqueda de las campanas de Edo, explorando la ciudad de Tokio y sus habitantes y la relaci\u00f3n individual y particular de la cultura japonesa \u2014y la lengua japonesa\u2014 con el tiempo, la tradici\u00f3n, la memoria, la impermanencia y la historia.<\/p>\n<p>A trav\u00e9s de los viajes de Sherman por la ciudad y de su amistad con el propietario de una peque\u00f1a y exquisita cafeter\u00eda, que eleva la preparaci\u00f3n y el consumo de caf\u00e9 a una forma de arte, \u2018Las campanas del viejo Tokio\u2019 sigue voces inquietantes a trav\u00e9s del laberinto que es la capital japonesa: una anciana recuerda haber escapado de las bombas incendiarias estadounidenses de la Segunda Guerra Mundial. Un cient\u00edfico construye el reloj m\u00e1s preciso del mundo, un reloj que no perder\u00e1 un segundo en cinco mil millones de a\u00f1os. El jefe de la casa shogunal Tokugawa reflexiona sobre la destrucci\u00f3n de la ciudad de sus abuelos: \u00abUna cosa perdida est\u00e1 perdida. Perseguirlo lleva a la oscuridad\u00bb.<\/p>\n<p>El resultado es un libro que no s\u00f3lo aborda como ning\u00fan otro la sorprendente otredad de la cultura japonesa, sino que tambi\u00e9n marca la llegada de una deslumbrante nueva escritora al presentar una absorbente y seductora meditaci\u00f3n sobre la vida a trav\u00e9s de la exploraci\u00f3n de una gran ciudad y sus gentes.<\/p>\n","protected":false},"excerpt":{"rendered":"<p><strong>Anna Sherman<\/strong><br \/>\n9788412553987 &#8211; Capit\u00e1n Swing &#8211; 2022 &#8211; 304 p\u00e1ginas \/orri.<\/p>\n","protected":false},"featured_media":12267,"template":"","meta":[],"product_brand":[],"product_cat":[16,173],"product_tag":[5764,102],"class_list":{"0":"post-12237","1":"product","2":"type-product","3":"status-publish","4":"has-post-thumbnail","6":"product_cat-libros","7":"product_cat-saiakera-ensayo","8":"product_tag-anna-sherman","9":"product_tag-capitan-swing","11":"first","12":"instock","13":"sold-individually","14":"shipping-taxable","15":"purchasable","16":"product-type-simple"},"yoast_head":"<!-- This site is optimized with the Yoast SEO plugin v27.3 - https:\/\/yoast.com\/product\/yoast-seo-wordpress\/ -->\n<title>LAS CAMPANAS DEL VIEJO TOKIO Meditaciones sobre el tiempo y la ciudad &#8212; Zapateneo<\/title>\n<meta name=\"robots\" content=\"index, follow, max-snippet:-1, max-image-preview:large, max-video-preview:-1\" \/>\n<link rel=\"canonical\" href=\"https:\/\/zapateneo.net\/wordpress\/index.php\/producto\/las-campanas-del-viejo-tokio-meditaciones-sobre-el-tiempo-y-la-ciudad\/\" \/>\n<meta property=\"og:locale\" content=\"es_ES\" \/>\n<meta property=\"og:type\" content=\"article\" \/>\n<meta property=\"og:title\" content=\"LAS CAMPANAS DEL VIEJO TOKIO Meditaciones sobre el tiempo y la ciudad &#8212; Zapateneo\" \/>\n<meta property=\"og:description\" content=\"Anna Sherman 9788412553987 - Capit\u00e1n Swing - 2022 - 304 p\u00e1ginas \/orri.\" \/>\n<meta property=\"og:url\" content=\"https:\/\/zapateneo.net\/wordpress\/index.php\/producto\/las-campanas-del-viejo-tokio-meditaciones-sobre-el-tiempo-y-la-ciudad\/\" \/>\n<meta property=\"og:site_name\" content=\"Zapateneo\" \/>\n<meta property=\"article:modified_time\" content=\"2022-11-27T11:49:54+00:00\" \/>\n<meta name=\"twitter:card\" content=\"summary_large_image\" \/>\n<meta name=\"twitter:site\" content=\"@zapateneo\" \/>\n<meta name=\"twitter:label1\" content=\"Tiempo de lectura\" \/>\n\t<meta name=\"twitter:data1\" content=\"2 minutos\" \/>\n<script type=\"application\/ld+json\" class=\"yoast-schema-graph\">{\"@context\":\"https:\\\/\\\/schema.org\",\"@graph\":[{\"@type\":\"WebPage\",\"@id\":\"https:\\\/\\\/zapateneo.net\\\/wordpress\\\/index.php\\\/producto\\\/las-campanas-del-viejo-tokio-meditaciones-sobre-el-tiempo-y-la-ciudad\\\/\",\"url\":\"https:\\\/\\\/zapateneo.net\\\/wordpress\\\/index.php\\\/producto\\\/las-campanas-del-viejo-tokio-meditaciones-sobre-el-tiempo-y-la-ciudad\\\/\",\"name\":\"LAS CAMPANAS DEL VIEJO TOKIO Meditaciones sobre el tiempo y la ciudad &#8212; Zapateneo\",\"isPartOf\":{\"@id\":\"https:\\\/\\\/zapateneo.net\\\/wordpress\\\/#website\"},\"primaryImageOfPage\":{\"@id\":\"https:\\\/\\\/zapateneo.net\\\/wordpress\\\/index.php\\\/producto\\\/las-campanas-del-viejo-tokio-meditaciones-sobre-el-tiempo-y-la-ciudad\\\/#primaryimage\"},\"image\":{\"@id\":\"https:\\\/\\\/zapateneo.net\\\/wordpress\\\/index.php\\\/producto\\\/las-campanas-del-viejo-tokio-meditaciones-sobre-el-tiempo-y-la-ciudad\\\/#primaryimage\"},\"thumbnailUrl\":\"https:\\\/\\\/zapateneo.net\\\/wordpress\\\/wp-content\\\/uploads\\\/2022\\\/11\\\/las-campanas-del-viejo-tokio-9788412553987.jpg\",\"datePublished\":\"2022-11-27T11:49:41+00:00\",\"dateModified\":\"2022-11-27T11:49:54+00:00\",\"breadcrumb\":{\"@id\":\"https:\\\/\\\/zapateneo.net\\\/wordpress\\\/index.php\\\/producto\\\/las-campanas-del-viejo-tokio-meditaciones-sobre-el-tiempo-y-la-ciudad\\\/#breadcrumb\"},\"inLanguage\":\"es\",\"potentialAction\":[{\"@type\":\"ReadAction\",\"target\":[\"https:\\\/\\\/zapateneo.net\\\/wordpress\\\/index.php\\\/producto\\\/las-campanas-del-viejo-tokio-meditaciones-sobre-el-tiempo-y-la-ciudad\\\/\"]}]},{\"@type\":\"ImageObject\",\"inLanguage\":\"es\",\"@id\":\"https:\\\/\\\/zapateneo.net\\\/wordpress\\\/index.php\\\/producto\\\/las-campanas-del-viejo-tokio-meditaciones-sobre-el-tiempo-y-la-ciudad\\\/#primaryimage\",\"url\":\"https:\\\/\\\/zapateneo.net\\\/wordpress\\\/wp-content\\\/uploads\\\/2022\\\/11\\\/las-campanas-del-viejo-tokio-9788412553987.jpg\",\"contentUrl\":\"https:\\\/\\\/zapateneo.net\\\/wordpress\\\/wp-content\\\/uploads\\\/2022\\\/11\\\/las-campanas-del-viejo-tokio-9788412553987.jpg\",\"width\":256,\"height\":400},{\"@type\":\"BreadcrumbList\",\"@id\":\"https:\\\/\\\/zapateneo.net\\\/wordpress\\\/index.php\\\/producto\\\/las-campanas-del-viejo-tokio-meditaciones-sobre-el-tiempo-y-la-ciudad\\\/#breadcrumb\",\"itemListElement\":[{\"@type\":\"ListItem\",\"position\":1,\"name\":\"Portada\",\"item\":\"https:\\\/\\\/zapateneo.net\\\/wordpress\\\/\"},{\"@type\":\"ListItem\",\"position\":2,\"name\":\"Tienda\",\"item\":\"https:\\\/\\\/zapateneo.net\\\/wordpress\\\/\"},{\"@type\":\"ListItem\",\"position\":3,\"name\":\"LAS CAMPANAS DEL VIEJO TOKIO Meditaciones sobre el tiempo y la ciudad\"}]},{\"@type\":\"WebSite\",\"@id\":\"https:\\\/\\\/zapateneo.net\\\/wordpress\\\/#website\",\"url\":\"https:\\\/\\\/zapateneo.net\\\/wordpress\\\/\",\"name\":\"Zapateneo\",\"description\":\"Zapateneoaren webgunea\",\"publisher\":{\"@id\":\"https:\\\/\\\/zapateneo.net\\\/wordpress\\\/#organization\"},\"potentialAction\":[{\"@type\":\"SearchAction\",\"target\":{\"@type\":\"EntryPoint\",\"urlTemplate\":\"https:\\\/\\\/zapateneo.net\\\/wordpress\\\/?s={search_term_string}\"},\"query-input\":{\"@type\":\"PropertyValueSpecification\",\"valueRequired\":true,\"valueName\":\"search_term_string\"}}],\"inLanguage\":\"es\"},{\"@type\":\"Organization\",\"@id\":\"https:\\\/\\\/zapateneo.net\\\/wordpress\\\/#organization\",\"name\":\"Zapateneo Kultur Elkartea\",\"url\":\"https:\\\/\\\/zapateneo.net\\\/wordpress\\\/\",\"logo\":{\"@type\":\"ImageObject\",\"inLanguage\":\"es\",\"@id\":\"https:\\\/\\\/zapateneo.net\\\/wordpress\\\/#\\\/schema\\\/logo\\\/image\\\/\",\"url\":\"https:\\\/\\\/zapateneo.net\\\/wordpress\\\/wp-content\\\/uploads\\\/2021\\\/04\\\/zap-libu-kolec.jpg\",\"contentUrl\":\"https:\\\/\\\/zapateneo.net\\\/wordpress\\\/wp-content\\\/uploads\\\/2021\\\/04\\\/zap-libu-kolec.jpg\",\"width\":2234,\"height\":398,\"caption\":\"Zapateneo Kultur Elkartea\"},\"image\":{\"@id\":\"https:\\\/\\\/zapateneo.net\\\/wordpress\\\/#\\\/schema\\\/logo\\\/image\\\/\"},\"sameAs\":[\"https:\\\/\\\/x.com\\\/zapateneo\"]}]}<\/script>\n<!-- \/ Yoast SEO plugin. -->","yoast_head_json":{"title":"LAS CAMPANAS DEL VIEJO TOKIO Meditaciones sobre el tiempo y la ciudad &#8212; Zapateneo","robots":{"index":"index","follow":"follow","max-snippet":"max-snippet:-1","max-image-preview":"max-image-preview:large","max-video-preview":"max-video-preview:-1"},"canonical":"https:\/\/zapateneo.net\/wordpress\/index.php\/producto\/las-campanas-del-viejo-tokio-meditaciones-sobre-el-tiempo-y-la-ciudad\/","og_locale":"es_ES","og_type":"article","og_title":"LAS CAMPANAS DEL VIEJO TOKIO Meditaciones sobre el tiempo y la ciudad &#8212; Zapateneo","og_description":"Anna Sherman 9788412553987 - Capit\u00e1n Swing - 2022 - 304 p\u00e1ginas \/orri.","og_url":"https:\/\/zapateneo.net\/wordpress\/index.php\/producto\/las-campanas-del-viejo-tokio-meditaciones-sobre-el-tiempo-y-la-ciudad\/","og_site_name":"Zapateneo","article_modified_time":"2022-11-27T11:49:54+00:00","twitter_card":"summary_large_image","twitter_site":"@zapateneo","twitter_misc":{"Tiempo de lectura":"2 minutos"},"schema":{"@context":"https:\/\/schema.org","@graph":[{"@type":"WebPage","@id":"https:\/\/zapateneo.net\/wordpress\/index.php\/producto\/las-campanas-del-viejo-tokio-meditaciones-sobre-el-tiempo-y-la-ciudad\/","url":"https:\/\/zapateneo.net\/wordpress\/index.php\/producto\/las-campanas-del-viejo-tokio-meditaciones-sobre-el-tiempo-y-la-ciudad\/","name":"LAS CAMPANAS DEL VIEJO TOKIO Meditaciones sobre el tiempo y la ciudad &#8212; Zapateneo","isPartOf":{"@id":"https:\/\/zapateneo.net\/wordpress\/#website"},"primaryImageOfPage":{"@id":"https:\/\/zapateneo.net\/wordpress\/index.php\/producto\/las-campanas-del-viejo-tokio-meditaciones-sobre-el-tiempo-y-la-ciudad\/#primaryimage"},"image":{"@id":"https:\/\/zapateneo.net\/wordpress\/index.php\/producto\/las-campanas-del-viejo-tokio-meditaciones-sobre-el-tiempo-y-la-ciudad\/#primaryimage"},"thumbnailUrl":"https:\/\/zapateneo.net\/wordpress\/wp-content\/uploads\/2022\/11\/las-campanas-del-viejo-tokio-9788412553987.jpg","datePublished":"2022-11-27T11:49:41+00:00","dateModified":"2022-11-27T11:49:54+00:00","breadcrumb":{"@id":"https:\/\/zapateneo.net\/wordpress\/index.php\/producto\/las-campanas-del-viejo-tokio-meditaciones-sobre-el-tiempo-y-la-ciudad\/#breadcrumb"},"inLanguage":"es","potentialAction":[{"@type":"ReadAction","target":["https:\/\/zapateneo.net\/wordpress\/index.php\/producto\/las-campanas-del-viejo-tokio-meditaciones-sobre-el-tiempo-y-la-ciudad\/"]}]},{"@type":"ImageObject","inLanguage":"es","@id":"https:\/\/zapateneo.net\/wordpress\/index.php\/producto\/las-campanas-del-viejo-tokio-meditaciones-sobre-el-tiempo-y-la-ciudad\/#primaryimage","url":"https:\/\/zapateneo.net\/wordpress\/wp-content\/uploads\/2022\/11\/las-campanas-del-viejo-tokio-9788412553987.jpg","contentUrl":"https:\/\/zapateneo.net\/wordpress\/wp-content\/uploads\/2022\/11\/las-campanas-del-viejo-tokio-9788412553987.jpg","width":256,"height":400},{"@type":"BreadcrumbList","@id":"https:\/\/zapateneo.net\/wordpress\/index.php\/producto\/las-campanas-del-viejo-tokio-meditaciones-sobre-el-tiempo-y-la-ciudad\/#breadcrumb","itemListElement":[{"@type":"ListItem","position":1,"name":"Portada","item":"https:\/\/zapateneo.net\/wordpress\/"},{"@type":"ListItem","position":2,"name":"Tienda","item":"https:\/\/zapateneo.net\/wordpress\/"},{"@type":"ListItem","position":3,"name":"LAS CAMPANAS DEL VIEJO TOKIO Meditaciones sobre el tiempo y la ciudad"}]},{"@type":"WebSite","@id":"https:\/\/zapateneo.net\/wordpress\/#website","url":"https:\/\/zapateneo.net\/wordpress\/","name":"Zapateneo","description":"Zapateneoaren webgunea","publisher":{"@id":"https:\/\/zapateneo.net\/wordpress\/#organization"},"potentialAction":[{"@type":"SearchAction","target":{"@type":"EntryPoint","urlTemplate":"https:\/\/zapateneo.net\/wordpress\/?s={search_term_string}"},"query-input":{"@type":"PropertyValueSpecification","valueRequired":true,"valueName":"search_term_string"}}],"inLanguage":"es"},{"@type":"Organization","@id":"https:\/\/zapateneo.net\/wordpress\/#organization","name":"Zapateneo Kultur Elkartea","url":"https:\/\/zapateneo.net\/wordpress\/","logo":{"@type":"ImageObject","inLanguage":"es","@id":"https:\/\/zapateneo.net\/wordpress\/#\/schema\/logo\/image\/","url":"https:\/\/zapateneo.net\/wordpress\/wp-content\/uploads\/2021\/04\/zap-libu-kolec.jpg","contentUrl":"https:\/\/zapateneo.net\/wordpress\/wp-content\/uploads\/2021\/04\/zap-libu-kolec.jpg","width":2234,"height":398,"caption":"Zapateneo Kultur Elkartea"},"image":{"@id":"https:\/\/zapateneo.net\/wordpress\/#\/schema\/logo\/image\/"},"sameAs":["https:\/\/x.com\/zapateneo"]}]}},"_links":{"self":[{"href":"https:\/\/zapateneo.net\/wordpress\/index.php\/wp-json\/wp\/v2\/product\/12237","targetHints":{"allow":["GET"]}}],"collection":[{"href":"https:\/\/zapateneo.net\/wordpress\/index.php\/wp-json\/wp\/v2\/product"}],"about":[{"href":"https:\/\/zapateneo.net\/wordpress\/index.php\/wp-json\/wp\/v2\/types\/product"}],"wp:featuredmedia":[{"embeddable":true,"href":"https:\/\/zapateneo.net\/wordpress\/index.php\/wp-json\/wp\/v2\/media\/12267"}],"wp:attachment":[{"href":"https:\/\/zapateneo.net\/wordpress\/index.php\/wp-json\/wp\/v2\/media?parent=12237"}],"wp:term":[{"taxonomy":"product_brand","embeddable":true,"href":"https:\/\/zapateneo.net\/wordpress\/index.php\/wp-json\/wp\/v2\/product_brand?post=12237"},{"taxonomy":"product_cat","embeddable":true,"href":"https:\/\/zapateneo.net\/wordpress\/index.php\/wp-json\/wp\/v2\/product_cat?post=12237"},{"taxonomy":"product_tag","embeddable":true,"href":"https:\/\/zapateneo.net\/wordpress\/index.php\/wp-json\/wp\/v2\/product_tag?post=12237"}],"curies":[{"name":"wp","href":"https:\/\/api.w.org\/{rel}","templated":true}]}}