{"id":12236,"date":"2022-11-27T12:49:41","date_gmt":"2022-11-27T11:49:41","guid":{"rendered":"https:\/\/zapateneo.net\/wordpress\/?post_type=product&#038;p=12236"},"modified":"2022-11-27T12:49:53","modified_gmt":"2022-11-27T11:49:53","slug":"el-ministerio-de-la-verdad-una-biografia-del-1984-de-george-orwell","status":"publish","type":"product","link":"https:\/\/zapateneo.net\/wordpress\/index.php\/producto\/el-ministerio-de-la-verdad-una-biografia-del-1984-de-george-orwell\/","title":{"rendered":"EL MINISTERIO DE LA VERDAD Una biograf\u00eda del 1984 de George Orwell"},"content":{"rendered":"<p>\u20181984\u2019, de George Orwell, se ha convertido en un relato definitorio del mundo moderno. Su influencia cultural puede observarse en algunas de las creaciones m\u00e1s notables de los \u00faltimos setenta a\u00f1os, desde \u2018El cuento de la criada\u2019 de Margaret Atwood hasta el hito televisivo Gran Hermano, mientras que ideas como \u00abpolic\u00eda del pensamiento\u00bb, \u00abdoblepensamiento\u00bb y \u00abNewspeak\u00bb est\u00e1n arraigadas en nuestro lenguaje.<\/p>\n<p>\u2018El Ministerio de la Verdad\u2019 traza la vida de uno de los libros m\u00e1s influyentes del siglo XX y una obra que es cada vez m\u00e1s relevante en esta tumultuosa era de \u00abnoticias falsas\u00bb y \u00abhechos alternativos\u00bb.<\/p>\n<p>Dorian Lynskey investiga las influencias que confluyeron en la escritura de 1984, desde las experiencias de Orwell en la Guerra Civil espa\u00f1ola y en el Londres de la guerra hasta su fascinaci\u00f3n por la ficci\u00f3n ut\u00f3pica y dist\u00f3pica. Lynskey explora el fen\u00f3meno en que se convirti\u00f3 la novela cuando se public\u00f3 por primera vez en 1949 y las formas cambiantes en que se ha le\u00eddo desde entonces, revelando c\u00f3mo la historia puede orientar a la ficci\u00f3n y c\u00f3mo la ficci\u00f3n puede influir en la historia.<\/p>\n<p>Dorian Lynskey Periodista musical de The Guardian y escritor especializado en la intersecci\u00f3n entre cultura popular y pol\u00edtica. Ha colaborado tambi\u00e9n con The Observer, GQ, Q, Empire, Billboard y The New Statesman. Es el presentador del popular podcast sobre el Brexit \u00abRemainiacs\u00bb. Recientemente, ha publicado \u2018El ministerio de la verdad\u2019, que ha sido incluido en la longlist del Baillie Gifford Prize y del Orwell Prize of Political Writing.<\/p>\n","protected":false},"excerpt":{"rendered":"<p><strong>Dorian Lynskey<\/strong><br \/>\n9788412553949 &#8211; Capit\u00e1n Swing &#8211; 2022 &#8211; 400 p\u00e1ginas \/orri.<\/p>\n","protected":false},"featured_media":12266,"template":"","meta":[],"product_brand":[],"product_cat":[181,16],"product_tag":[102,5763],"class_list":{"0":"post-12236","1":"product","2":"type-product","3":"status-publish","4":"has-post-thumbnail","6":"product_cat-bazterketa-soziala-eta-errepresioa-exclusion-social-y-represion","7":"product_cat-libros","8":"product_tag-capitan-swing","9":"product_tag-dorian-lynskey","11":"first","12":"instock","13":"sold-individually","14":"shipping-taxable","15":"purchasable","16":"product-type-simple"},"yoast_head":"<!-- This site is optimized with the Yoast SEO plugin v27.4 - https:\/\/yoast.com\/product\/yoast-seo-wordpress\/ -->\n<title>EL MINISTERIO DE LA VERDAD Una biograf\u00eda del 1984 de George Orwell &#8212; Zapateneo<\/title>\n<meta name=\"robots\" content=\"index, follow, max-snippet:-1, max-image-preview:large, max-video-preview:-1\" \/>\n<link rel=\"canonical\" href=\"https:\/\/zapateneo.net\/wordpress\/index.php\/producto\/el-ministerio-de-la-verdad-una-biografia-del-1984-de-george-orwell\/\" \/>\n<meta property=\"og:locale\" content=\"es_ES\" \/>\n<meta property=\"og:type\" content=\"article\" \/>\n<meta property=\"og:title\" content=\"EL MINISTERIO DE LA VERDAD Una biograf\u00eda del 1984 de George Orwell &#8212; Zapateneo\" \/>\n<meta property=\"og:description\" content=\"Dorian Lynskey 9788412553949 - Capit\u00e1n Swing - 2022 - 400 p\u00e1ginas \/orri.\" \/>\n<meta property=\"og:url\" content=\"https:\/\/zapateneo.net\/wordpress\/index.php\/producto\/el-ministerio-de-la-verdad-una-biografia-del-1984-de-george-orwell\/\" \/>\n<meta property=\"og:site_name\" content=\"Zapateneo\" \/>\n<meta property=\"article:modified_time\" content=\"2022-11-27T11:49:53+00:00\" \/>\n<meta name=\"twitter:card\" content=\"summary_large_image\" \/>\n<meta name=\"twitter:site\" content=\"@zapateneo\" \/>\n<meta name=\"twitter:label1\" content=\"Tiempo de lectura\" \/>\n\t<meta name=\"twitter:data1\" content=\"1 minuto\" \/>\n<script type=\"application\/ld+json\" class=\"yoast-schema-graph\">{\"@context\":\"https:\\\/\\\/schema.org\",\"@graph\":[{\"@type\":\"WebPage\",\"@id\":\"https:\\\/\\\/zapateneo.net\\\/wordpress\\\/index.php\\\/producto\\\/el-ministerio-de-la-verdad-una-biografia-del-1984-de-george-orwell\\\/\",\"url\":\"https:\\\/\\\/zapateneo.net\\\/wordpress\\\/index.php\\\/producto\\\/el-ministerio-de-la-verdad-una-biografia-del-1984-de-george-orwell\\\/\",\"name\":\"EL MINISTERIO DE LA VERDAD Una biograf\u00eda del 1984 de George Orwell &#8212; Zapateneo\",\"isPartOf\":{\"@id\":\"https:\\\/\\\/zapateneo.net\\\/wordpress\\\/#website\"},\"primaryImageOfPage\":{\"@id\":\"https:\\\/\\\/zapateneo.net\\\/wordpress\\\/index.php\\\/producto\\\/el-ministerio-de-la-verdad-una-biografia-del-1984-de-george-orwell\\\/#primaryimage\"},\"image\":{\"@id\":\"https:\\\/\\\/zapateneo.net\\\/wordpress\\\/index.php\\\/producto\\\/el-ministerio-de-la-verdad-una-biografia-del-1984-de-george-orwell\\\/#primaryimage\"},\"thumbnailUrl\":\"https:\\\/\\\/zapateneo.net\\\/wordpress\\\/wp-content\\\/uploads\\\/2022\\\/11\\\/el-ministerio-de-la-verdad-9788412553949.jpg\",\"datePublished\":\"2022-11-27T11:49:41+00:00\",\"dateModified\":\"2022-11-27T11:49:53+00:00\",\"breadcrumb\":{\"@id\":\"https:\\\/\\\/zapateneo.net\\\/wordpress\\\/index.php\\\/producto\\\/el-ministerio-de-la-verdad-una-biografia-del-1984-de-george-orwell\\\/#breadcrumb\"},\"inLanguage\":\"es\",\"potentialAction\":[{\"@type\":\"ReadAction\",\"target\":[\"https:\\\/\\\/zapateneo.net\\\/wordpress\\\/index.php\\\/producto\\\/el-ministerio-de-la-verdad-una-biografia-del-1984-de-george-orwell\\\/\"]}]},{\"@type\":\"ImageObject\",\"inLanguage\":\"es\",\"@id\":\"https:\\\/\\\/zapateneo.net\\\/wordpress\\\/index.php\\\/producto\\\/el-ministerio-de-la-verdad-una-biografia-del-1984-de-george-orwell\\\/#primaryimage\",\"url\":\"https:\\\/\\\/zapateneo.net\\\/wordpress\\\/wp-content\\\/uploads\\\/2022\\\/11\\\/el-ministerio-de-la-verdad-9788412553949.jpg\",\"contentUrl\":\"https:\\\/\\\/zapateneo.net\\\/wordpress\\\/wp-content\\\/uploads\\\/2022\\\/11\\\/el-ministerio-de-la-verdad-9788412553949.jpg\",\"width\":256,\"height\":400},{\"@type\":\"BreadcrumbList\",\"@id\":\"https:\\\/\\\/zapateneo.net\\\/wordpress\\\/index.php\\\/producto\\\/el-ministerio-de-la-verdad-una-biografia-del-1984-de-george-orwell\\\/#breadcrumb\",\"itemListElement\":[{\"@type\":\"ListItem\",\"position\":1,\"name\":\"Portada\",\"item\":\"https:\\\/\\\/zapateneo.net\\\/wordpress\\\/\"},{\"@type\":\"ListItem\",\"position\":2,\"name\":\"Tienda\",\"item\":\"https:\\\/\\\/zapateneo.net\\\/wordpress\\\/\"},{\"@type\":\"ListItem\",\"position\":3,\"name\":\"EL MINISTERIO DE LA VERDAD Una biograf\u00eda del 1984 de George Orwell\"}]},{\"@type\":\"WebSite\",\"@id\":\"https:\\\/\\\/zapateneo.net\\\/wordpress\\\/#website\",\"url\":\"https:\\\/\\\/zapateneo.net\\\/wordpress\\\/\",\"name\":\"Zapateneo\",\"description\":\"Zapateneoaren webgunea\",\"publisher\":{\"@id\":\"https:\\\/\\\/zapateneo.net\\\/wordpress\\\/#organization\"},\"potentialAction\":[{\"@type\":\"SearchAction\",\"target\":{\"@type\":\"EntryPoint\",\"urlTemplate\":\"https:\\\/\\\/zapateneo.net\\\/wordpress\\\/?s={search_term_string}\"},\"query-input\":{\"@type\":\"PropertyValueSpecification\",\"valueRequired\":true,\"valueName\":\"search_term_string\"}}],\"inLanguage\":\"es\"},{\"@type\":\"Organization\",\"@id\":\"https:\\\/\\\/zapateneo.net\\\/wordpress\\\/#organization\",\"name\":\"Zapateneo Kultur Elkartea\",\"url\":\"https:\\\/\\\/zapateneo.net\\\/wordpress\\\/\",\"logo\":{\"@type\":\"ImageObject\",\"inLanguage\":\"es\",\"@id\":\"https:\\\/\\\/zapateneo.net\\\/wordpress\\\/#\\\/schema\\\/logo\\\/image\\\/\",\"url\":\"https:\\\/\\\/zapateneo.net\\\/wordpress\\\/wp-content\\\/uploads\\\/2021\\\/04\\\/zap-libu-kolec.jpg\",\"contentUrl\":\"https:\\\/\\\/zapateneo.net\\\/wordpress\\\/wp-content\\\/uploads\\\/2021\\\/04\\\/zap-libu-kolec.jpg\",\"width\":2234,\"height\":398,\"caption\":\"Zapateneo Kultur Elkartea\"},\"image\":{\"@id\":\"https:\\\/\\\/zapateneo.net\\\/wordpress\\\/#\\\/schema\\\/logo\\\/image\\\/\"},\"sameAs\":[\"https:\\\/\\\/x.com\\\/zapateneo\"]}]}<\/script>\n<!-- \/ Yoast SEO plugin. -->","yoast_head_json":{"title":"EL MINISTERIO DE LA VERDAD Una biograf\u00eda del 1984 de George Orwell &#8212; Zapateneo","robots":{"index":"index","follow":"follow","max-snippet":"max-snippet:-1","max-image-preview":"max-image-preview:large","max-video-preview":"max-video-preview:-1"},"canonical":"https:\/\/zapateneo.net\/wordpress\/index.php\/producto\/el-ministerio-de-la-verdad-una-biografia-del-1984-de-george-orwell\/","og_locale":"es_ES","og_type":"article","og_title":"EL MINISTERIO DE LA VERDAD Una biograf\u00eda del 1984 de George Orwell &#8212; Zapateneo","og_description":"Dorian Lynskey 9788412553949 - Capit\u00e1n Swing - 2022 - 400 p\u00e1ginas \/orri.","og_url":"https:\/\/zapateneo.net\/wordpress\/index.php\/producto\/el-ministerio-de-la-verdad-una-biografia-del-1984-de-george-orwell\/","og_site_name":"Zapateneo","article_modified_time":"2022-11-27T11:49:53+00:00","twitter_card":"summary_large_image","twitter_site":"@zapateneo","twitter_misc":{"Tiempo de lectura":"1 minuto"},"schema":{"@context":"https:\/\/schema.org","@graph":[{"@type":"WebPage","@id":"https:\/\/zapateneo.net\/wordpress\/index.php\/producto\/el-ministerio-de-la-verdad-una-biografia-del-1984-de-george-orwell\/","url":"https:\/\/zapateneo.net\/wordpress\/index.php\/producto\/el-ministerio-de-la-verdad-una-biografia-del-1984-de-george-orwell\/","name":"EL MINISTERIO DE LA VERDAD Una biograf\u00eda del 1984 de George Orwell &#8212; Zapateneo","isPartOf":{"@id":"https:\/\/zapateneo.net\/wordpress\/#website"},"primaryImageOfPage":{"@id":"https:\/\/zapateneo.net\/wordpress\/index.php\/producto\/el-ministerio-de-la-verdad-una-biografia-del-1984-de-george-orwell\/#primaryimage"},"image":{"@id":"https:\/\/zapateneo.net\/wordpress\/index.php\/producto\/el-ministerio-de-la-verdad-una-biografia-del-1984-de-george-orwell\/#primaryimage"},"thumbnailUrl":"https:\/\/zapateneo.net\/wordpress\/wp-content\/uploads\/2022\/11\/el-ministerio-de-la-verdad-9788412553949.jpg","datePublished":"2022-11-27T11:49:41+00:00","dateModified":"2022-11-27T11:49:53+00:00","breadcrumb":{"@id":"https:\/\/zapateneo.net\/wordpress\/index.php\/producto\/el-ministerio-de-la-verdad-una-biografia-del-1984-de-george-orwell\/#breadcrumb"},"inLanguage":"es","potentialAction":[{"@type":"ReadAction","target":["https:\/\/zapateneo.net\/wordpress\/index.php\/producto\/el-ministerio-de-la-verdad-una-biografia-del-1984-de-george-orwell\/"]}]},{"@type":"ImageObject","inLanguage":"es","@id":"https:\/\/zapateneo.net\/wordpress\/index.php\/producto\/el-ministerio-de-la-verdad-una-biografia-del-1984-de-george-orwell\/#primaryimage","url":"https:\/\/zapateneo.net\/wordpress\/wp-content\/uploads\/2022\/11\/el-ministerio-de-la-verdad-9788412553949.jpg","contentUrl":"https:\/\/zapateneo.net\/wordpress\/wp-content\/uploads\/2022\/11\/el-ministerio-de-la-verdad-9788412553949.jpg","width":256,"height":400},{"@type":"BreadcrumbList","@id":"https:\/\/zapateneo.net\/wordpress\/index.php\/producto\/el-ministerio-de-la-verdad-una-biografia-del-1984-de-george-orwell\/#breadcrumb","itemListElement":[{"@type":"ListItem","position":1,"name":"Portada","item":"https:\/\/zapateneo.net\/wordpress\/"},{"@type":"ListItem","position":2,"name":"Tienda","item":"https:\/\/zapateneo.net\/wordpress\/"},{"@type":"ListItem","position":3,"name":"EL MINISTERIO DE LA VERDAD Una biograf\u00eda del 1984 de George Orwell"}]},{"@type":"WebSite","@id":"https:\/\/zapateneo.net\/wordpress\/#website","url":"https:\/\/zapateneo.net\/wordpress\/","name":"Zapateneo","description":"Zapateneoaren webgunea","publisher":{"@id":"https:\/\/zapateneo.net\/wordpress\/#organization"},"potentialAction":[{"@type":"SearchAction","target":{"@type":"EntryPoint","urlTemplate":"https:\/\/zapateneo.net\/wordpress\/?s={search_term_string}"},"query-input":{"@type":"PropertyValueSpecification","valueRequired":true,"valueName":"search_term_string"}}],"inLanguage":"es"},{"@type":"Organization","@id":"https:\/\/zapateneo.net\/wordpress\/#organization","name":"Zapateneo Kultur Elkartea","url":"https:\/\/zapateneo.net\/wordpress\/","logo":{"@type":"ImageObject","inLanguage":"es","@id":"https:\/\/zapateneo.net\/wordpress\/#\/schema\/logo\/image\/","url":"https:\/\/zapateneo.net\/wordpress\/wp-content\/uploads\/2021\/04\/zap-libu-kolec.jpg","contentUrl":"https:\/\/zapateneo.net\/wordpress\/wp-content\/uploads\/2021\/04\/zap-libu-kolec.jpg","width":2234,"height":398,"caption":"Zapateneo Kultur Elkartea"},"image":{"@id":"https:\/\/zapateneo.net\/wordpress\/#\/schema\/logo\/image\/"},"sameAs":["https:\/\/x.com\/zapateneo"]}]}},"_links":{"self":[{"href":"https:\/\/zapateneo.net\/wordpress\/index.php\/wp-json\/wp\/v2\/product\/12236","targetHints":{"allow":["GET"]}}],"collection":[{"href":"https:\/\/zapateneo.net\/wordpress\/index.php\/wp-json\/wp\/v2\/product"}],"about":[{"href":"https:\/\/zapateneo.net\/wordpress\/index.php\/wp-json\/wp\/v2\/types\/product"}],"wp:featuredmedia":[{"embeddable":true,"href":"https:\/\/zapateneo.net\/wordpress\/index.php\/wp-json\/wp\/v2\/media\/12266"}],"wp:attachment":[{"href":"https:\/\/zapateneo.net\/wordpress\/index.php\/wp-json\/wp\/v2\/media?parent=12236"}],"wp:term":[{"taxonomy":"product_brand","embeddable":true,"href":"https:\/\/zapateneo.net\/wordpress\/index.php\/wp-json\/wp\/v2\/product_brand?post=12236"},{"taxonomy":"product_cat","embeddable":true,"href":"https:\/\/zapateneo.net\/wordpress\/index.php\/wp-json\/wp\/v2\/product_cat?post=12236"},{"taxonomy":"product_tag","embeddable":true,"href":"https:\/\/zapateneo.net\/wordpress\/index.php\/wp-json\/wp\/v2\/product_tag?post=12236"}],"curies":[{"name":"wp","href":"https:\/\/api.w.org\/{rel}","templated":true}]}}