{"id":12228,"date":"2022-11-27T12:49:39","date_gmt":"2022-11-27T11:49:39","guid":{"rendered":"https:\/\/zapateneo.net\/wordpress\/?post_type=product&#038;p=12228"},"modified":"2022-11-27T12:49:49","modified_gmt":"2022-11-27T11:49:49","slug":"historia-minima-del-neoliberalismo-origenes-intelectuales-de-una-revolucion-cultural","status":"publish","type":"product","link":"https:\/\/zapateneo.net\/wordpress\/index.php\/producto\/historia-minima-del-neoliberalismo-origenes-intelectuales-de-una-revolucion-cultural\/","title":{"rendered":"HISTORIA M\u00cdNIMA DEL NEOLIBERALISMO Or\u00edgenes intelectuales de una revoluci\u00f3n cultural"},"content":{"rendered":"<p>El neoliberalismo existe, no es una invenci\u00f3n de la izquierda. Escalante Gonzalbo analiza con lucidez excepcional este programa intelectual y cultural desde su origen en 1938 \u2014con L. von Mises, F. Hayek, R. Aron en le Coloquio Lippman\u2014 hasta hoy, y afirma que no estamos \u00fanicamente frente a un orden social y econ\u00f3mico. Es adem\u00e1s una manera de entender la vida cotidiana, los avatares del trabajo, un modo de interpretar nuestros v\u00ednculos sociales. Tambi\u00e9n es una antropolog\u00eda, una idea de la naturaleza humana, del derecho, del Estado, de la educaci\u00f3n, de la salud. Es un programa complejo, una ideolog\u00eda en el sentido m\u00e1s fuerte de la palabra; en suma, el proyecto pol\u00edtico y cultural m\u00e1s influyente desde la segunda mitad del siglo XX.<\/p>\n<p>Asumiendo que desde hace d\u00e9cadas vivimos un momento neoliberal, la novedad en estos \u00faltimos a\u00f1os es que todo ello se haya cristalizado en una maquinaria global que consigui\u00f3 transformar los sentidos comunes del mundo entero. \u00bfC\u00f3mo narrar la historia (su evoluci\u00f3n te\u00f3rica, social y pol\u00edtica) del neoliberalismo cuando hay tanto consenso y silencios que se tejen sobre esta historia? \u00bfCu\u00e1nto puede perdurar una sociedad donde una \u00e9lite sin empat\u00eda justifica las crecientes desigualdades? El autor busca responder a trav\u00e9s del relato de este fen\u00f3meno global convertido en el esqueleto de nuestros referentes cotidianos.<\/p>\n","protected":false},"excerpt":{"rendered":"<p><strong>Fernando Escalante Gonzalbo<\/strong><br \/>\n9786124698521 &#8211; La siniestra &#8211; 2022 &#8211; 312 p\u00e1ginas \/orri.<\/p>\n","protected":false},"featured_media":12258,"template":"","meta":[],"product_brand":[],"product_cat":[178,16],"product_tag":[5756,5757],"class_list":{"0":"post-12228","1":"product","2":"type-product","3":"status-publish","4":"has-post-thumbnail","6":"product_cat-ekonomia-economia","7":"product_cat-libros","8":"product_tag-fernando-escalante-gonzalbo","9":"product_tag-la-siniestra","11":"first","12":"instock","13":"sold-individually","14":"shipping-taxable","15":"purchasable","16":"product-type-simple"},"yoast_head":"<!-- This site is optimized with the Yoast SEO plugin v27.4 - https:\/\/yoast.com\/product\/yoast-seo-wordpress\/ -->\n<title>HISTORIA M\u00cdNIMA DEL NEOLIBERALISMO Or\u00edgenes intelectuales de una revoluci\u00f3n cultural &#8212; Zapateneo<\/title>\n<meta name=\"robots\" content=\"index, follow, max-snippet:-1, max-image-preview:large, max-video-preview:-1\" \/>\n<link rel=\"canonical\" href=\"https:\/\/zapateneo.net\/wordpress\/index.php\/producto\/historia-minima-del-neoliberalismo-origenes-intelectuales-de-una-revolucion-cultural\/\" \/>\n<meta property=\"og:locale\" content=\"es_ES\" \/>\n<meta property=\"og:type\" content=\"article\" \/>\n<meta property=\"og:title\" content=\"HISTORIA M\u00cdNIMA DEL NEOLIBERALISMO Or\u00edgenes intelectuales de una revoluci\u00f3n cultural &#8212; Zapateneo\" \/>\n<meta property=\"og:description\" content=\"Fernando Escalante Gonzalbo 9786124698521 - La siniestra - 2022 - 312 p\u00e1ginas \/orri.\" \/>\n<meta property=\"og:url\" content=\"https:\/\/zapateneo.net\/wordpress\/index.php\/producto\/historia-minima-del-neoliberalismo-origenes-intelectuales-de-una-revolucion-cultural\/\" \/>\n<meta property=\"og:site_name\" content=\"Zapateneo\" \/>\n<meta property=\"article:modified_time\" content=\"2022-11-27T11:49:49+00:00\" \/>\n<meta name=\"twitter:card\" content=\"summary_large_image\" \/>\n<meta name=\"twitter:site\" content=\"@zapateneo\" \/>\n<meta name=\"twitter:label1\" content=\"Tiempo de lectura\" \/>\n\t<meta name=\"twitter:data1\" content=\"1 minuto\" \/>\n<script type=\"application\/ld+json\" class=\"yoast-schema-graph\">{\"@context\":\"https:\\\/\\\/schema.org\",\"@graph\":[{\"@type\":\"WebPage\",\"@id\":\"https:\\\/\\\/zapateneo.net\\\/wordpress\\\/index.php\\\/producto\\\/historia-minima-del-neoliberalismo-origenes-intelectuales-de-una-revolucion-cultural\\\/\",\"url\":\"https:\\\/\\\/zapateneo.net\\\/wordpress\\\/index.php\\\/producto\\\/historia-minima-del-neoliberalismo-origenes-intelectuales-de-una-revolucion-cultural\\\/\",\"name\":\"HISTORIA M\u00cdNIMA DEL NEOLIBERALISMO Or\u00edgenes intelectuales de una revoluci\u00f3n cultural &#8212; Zapateneo\",\"isPartOf\":{\"@id\":\"https:\\\/\\\/zapateneo.net\\\/wordpress\\\/#website\"},\"primaryImageOfPage\":{\"@id\":\"https:\\\/\\\/zapateneo.net\\\/wordpress\\\/index.php\\\/producto\\\/historia-minima-del-neoliberalismo-origenes-intelectuales-de-una-revolucion-cultural\\\/#primaryimage\"},\"image\":{\"@id\":\"https:\\\/\\\/zapateneo.net\\\/wordpress\\\/index.php\\\/producto\\\/historia-minima-del-neoliberalismo-origenes-intelectuales-de-una-revolucion-cultural\\\/#primaryimage\"},\"thumbnailUrl\":\"https:\\\/\\\/zapateneo.net\\\/wordpress\\\/wp-content\\\/uploads\\\/2022\\\/11\\\/historia-minima-del-neoliberalismo-9786124698521.jpg\",\"datePublished\":\"2022-11-27T11:49:39+00:00\",\"dateModified\":\"2022-11-27T11:49:49+00:00\",\"breadcrumb\":{\"@id\":\"https:\\\/\\\/zapateneo.net\\\/wordpress\\\/index.php\\\/producto\\\/historia-minima-del-neoliberalismo-origenes-intelectuales-de-una-revolucion-cultural\\\/#breadcrumb\"},\"inLanguage\":\"es\",\"potentialAction\":[{\"@type\":\"ReadAction\",\"target\":[\"https:\\\/\\\/zapateneo.net\\\/wordpress\\\/index.php\\\/producto\\\/historia-minima-del-neoliberalismo-origenes-intelectuales-de-una-revolucion-cultural\\\/\"]}]},{\"@type\":\"ImageObject\",\"inLanguage\":\"es\",\"@id\":\"https:\\\/\\\/zapateneo.net\\\/wordpress\\\/index.php\\\/producto\\\/historia-minima-del-neoliberalismo-origenes-intelectuales-de-una-revolucion-cultural\\\/#primaryimage\",\"url\":\"https:\\\/\\\/zapateneo.net\\\/wordpress\\\/wp-content\\\/uploads\\\/2022\\\/11\\\/historia-minima-del-neoliberalismo-9786124698521.jpg\",\"contentUrl\":\"https:\\\/\\\/zapateneo.net\\\/wordpress\\\/wp-content\\\/uploads\\\/2022\\\/11\\\/historia-minima-del-neoliberalismo-9786124698521.jpg\",\"width\":272,\"height\":400},{\"@type\":\"BreadcrumbList\",\"@id\":\"https:\\\/\\\/zapateneo.net\\\/wordpress\\\/index.php\\\/producto\\\/historia-minima-del-neoliberalismo-origenes-intelectuales-de-una-revolucion-cultural\\\/#breadcrumb\",\"itemListElement\":[{\"@type\":\"ListItem\",\"position\":1,\"name\":\"Portada\",\"item\":\"https:\\\/\\\/zapateneo.net\\\/wordpress\\\/\"},{\"@type\":\"ListItem\",\"position\":2,\"name\":\"Tienda\",\"item\":\"https:\\\/\\\/zapateneo.net\\\/wordpress\\\/\"},{\"@type\":\"ListItem\",\"position\":3,\"name\":\"HISTORIA M\u00cdNIMA DEL NEOLIBERALISMO Or\u00edgenes intelectuales de una revoluci\u00f3n cultural\"}]},{\"@type\":\"WebSite\",\"@id\":\"https:\\\/\\\/zapateneo.net\\\/wordpress\\\/#website\",\"url\":\"https:\\\/\\\/zapateneo.net\\\/wordpress\\\/\",\"name\":\"Zapateneo\",\"description\":\"Zapateneoaren webgunea\",\"publisher\":{\"@id\":\"https:\\\/\\\/zapateneo.net\\\/wordpress\\\/#organization\"},\"potentialAction\":[{\"@type\":\"SearchAction\",\"target\":{\"@type\":\"EntryPoint\",\"urlTemplate\":\"https:\\\/\\\/zapateneo.net\\\/wordpress\\\/?s={search_term_string}\"},\"query-input\":{\"@type\":\"PropertyValueSpecification\",\"valueRequired\":true,\"valueName\":\"search_term_string\"}}],\"inLanguage\":\"es\"},{\"@type\":\"Organization\",\"@id\":\"https:\\\/\\\/zapateneo.net\\\/wordpress\\\/#organization\",\"name\":\"Zapateneo Kultur Elkartea\",\"url\":\"https:\\\/\\\/zapateneo.net\\\/wordpress\\\/\",\"logo\":{\"@type\":\"ImageObject\",\"inLanguage\":\"es\",\"@id\":\"https:\\\/\\\/zapateneo.net\\\/wordpress\\\/#\\\/schema\\\/logo\\\/image\\\/\",\"url\":\"https:\\\/\\\/zapateneo.net\\\/wordpress\\\/wp-content\\\/uploads\\\/2021\\\/04\\\/zap-libu-kolec.jpg\",\"contentUrl\":\"https:\\\/\\\/zapateneo.net\\\/wordpress\\\/wp-content\\\/uploads\\\/2021\\\/04\\\/zap-libu-kolec.jpg\",\"width\":2234,\"height\":398,\"caption\":\"Zapateneo Kultur Elkartea\"},\"image\":{\"@id\":\"https:\\\/\\\/zapateneo.net\\\/wordpress\\\/#\\\/schema\\\/logo\\\/image\\\/\"},\"sameAs\":[\"https:\\\/\\\/x.com\\\/zapateneo\"]}]}<\/script>\n<!-- \/ Yoast SEO plugin. -->","yoast_head_json":{"title":"HISTORIA M\u00cdNIMA DEL NEOLIBERALISMO Or\u00edgenes intelectuales de una revoluci\u00f3n cultural &#8212; Zapateneo","robots":{"index":"index","follow":"follow","max-snippet":"max-snippet:-1","max-image-preview":"max-image-preview:large","max-video-preview":"max-video-preview:-1"},"canonical":"https:\/\/zapateneo.net\/wordpress\/index.php\/producto\/historia-minima-del-neoliberalismo-origenes-intelectuales-de-una-revolucion-cultural\/","og_locale":"es_ES","og_type":"article","og_title":"HISTORIA M\u00cdNIMA DEL NEOLIBERALISMO Or\u00edgenes intelectuales de una revoluci\u00f3n cultural &#8212; Zapateneo","og_description":"Fernando Escalante Gonzalbo 9786124698521 - La siniestra - 2022 - 312 p\u00e1ginas \/orri.","og_url":"https:\/\/zapateneo.net\/wordpress\/index.php\/producto\/historia-minima-del-neoliberalismo-origenes-intelectuales-de-una-revolucion-cultural\/","og_site_name":"Zapateneo","article_modified_time":"2022-11-27T11:49:49+00:00","twitter_card":"summary_large_image","twitter_site":"@zapateneo","twitter_misc":{"Tiempo de lectura":"1 minuto"},"schema":{"@context":"https:\/\/schema.org","@graph":[{"@type":"WebPage","@id":"https:\/\/zapateneo.net\/wordpress\/index.php\/producto\/historia-minima-del-neoliberalismo-origenes-intelectuales-de-una-revolucion-cultural\/","url":"https:\/\/zapateneo.net\/wordpress\/index.php\/producto\/historia-minima-del-neoliberalismo-origenes-intelectuales-de-una-revolucion-cultural\/","name":"HISTORIA M\u00cdNIMA DEL NEOLIBERALISMO Or\u00edgenes intelectuales de una revoluci\u00f3n cultural &#8212; Zapateneo","isPartOf":{"@id":"https:\/\/zapateneo.net\/wordpress\/#website"},"primaryImageOfPage":{"@id":"https:\/\/zapateneo.net\/wordpress\/index.php\/producto\/historia-minima-del-neoliberalismo-origenes-intelectuales-de-una-revolucion-cultural\/#primaryimage"},"image":{"@id":"https:\/\/zapateneo.net\/wordpress\/index.php\/producto\/historia-minima-del-neoliberalismo-origenes-intelectuales-de-una-revolucion-cultural\/#primaryimage"},"thumbnailUrl":"https:\/\/zapateneo.net\/wordpress\/wp-content\/uploads\/2022\/11\/historia-minima-del-neoliberalismo-9786124698521.jpg","datePublished":"2022-11-27T11:49:39+00:00","dateModified":"2022-11-27T11:49:49+00:00","breadcrumb":{"@id":"https:\/\/zapateneo.net\/wordpress\/index.php\/producto\/historia-minima-del-neoliberalismo-origenes-intelectuales-de-una-revolucion-cultural\/#breadcrumb"},"inLanguage":"es","potentialAction":[{"@type":"ReadAction","target":["https:\/\/zapateneo.net\/wordpress\/index.php\/producto\/historia-minima-del-neoliberalismo-origenes-intelectuales-de-una-revolucion-cultural\/"]}]},{"@type":"ImageObject","inLanguage":"es","@id":"https:\/\/zapateneo.net\/wordpress\/index.php\/producto\/historia-minima-del-neoliberalismo-origenes-intelectuales-de-una-revolucion-cultural\/#primaryimage","url":"https:\/\/zapateneo.net\/wordpress\/wp-content\/uploads\/2022\/11\/historia-minima-del-neoliberalismo-9786124698521.jpg","contentUrl":"https:\/\/zapateneo.net\/wordpress\/wp-content\/uploads\/2022\/11\/historia-minima-del-neoliberalismo-9786124698521.jpg","width":272,"height":400},{"@type":"BreadcrumbList","@id":"https:\/\/zapateneo.net\/wordpress\/index.php\/producto\/historia-minima-del-neoliberalismo-origenes-intelectuales-de-una-revolucion-cultural\/#breadcrumb","itemListElement":[{"@type":"ListItem","position":1,"name":"Portada","item":"https:\/\/zapateneo.net\/wordpress\/"},{"@type":"ListItem","position":2,"name":"Tienda","item":"https:\/\/zapateneo.net\/wordpress\/"},{"@type":"ListItem","position":3,"name":"HISTORIA M\u00cdNIMA DEL NEOLIBERALISMO Or\u00edgenes intelectuales de una revoluci\u00f3n cultural"}]},{"@type":"WebSite","@id":"https:\/\/zapateneo.net\/wordpress\/#website","url":"https:\/\/zapateneo.net\/wordpress\/","name":"Zapateneo","description":"Zapateneoaren webgunea","publisher":{"@id":"https:\/\/zapateneo.net\/wordpress\/#organization"},"potentialAction":[{"@type":"SearchAction","target":{"@type":"EntryPoint","urlTemplate":"https:\/\/zapateneo.net\/wordpress\/?s={search_term_string}"},"query-input":{"@type":"PropertyValueSpecification","valueRequired":true,"valueName":"search_term_string"}}],"inLanguage":"es"},{"@type":"Organization","@id":"https:\/\/zapateneo.net\/wordpress\/#organization","name":"Zapateneo Kultur Elkartea","url":"https:\/\/zapateneo.net\/wordpress\/","logo":{"@type":"ImageObject","inLanguage":"es","@id":"https:\/\/zapateneo.net\/wordpress\/#\/schema\/logo\/image\/","url":"https:\/\/zapateneo.net\/wordpress\/wp-content\/uploads\/2021\/04\/zap-libu-kolec.jpg","contentUrl":"https:\/\/zapateneo.net\/wordpress\/wp-content\/uploads\/2021\/04\/zap-libu-kolec.jpg","width":2234,"height":398,"caption":"Zapateneo Kultur Elkartea"},"image":{"@id":"https:\/\/zapateneo.net\/wordpress\/#\/schema\/logo\/image\/"},"sameAs":["https:\/\/x.com\/zapateneo"]}]}},"_links":{"self":[{"href":"https:\/\/zapateneo.net\/wordpress\/index.php\/wp-json\/wp\/v2\/product\/12228","targetHints":{"allow":["GET"]}}],"collection":[{"href":"https:\/\/zapateneo.net\/wordpress\/index.php\/wp-json\/wp\/v2\/product"}],"about":[{"href":"https:\/\/zapateneo.net\/wordpress\/index.php\/wp-json\/wp\/v2\/types\/product"}],"wp:featuredmedia":[{"embeddable":true,"href":"https:\/\/zapateneo.net\/wordpress\/index.php\/wp-json\/wp\/v2\/media\/12258"}],"wp:attachment":[{"href":"https:\/\/zapateneo.net\/wordpress\/index.php\/wp-json\/wp\/v2\/media?parent=12228"}],"wp:term":[{"taxonomy":"product_brand","embeddable":true,"href":"https:\/\/zapateneo.net\/wordpress\/index.php\/wp-json\/wp\/v2\/product_brand?post=12228"},{"taxonomy":"product_cat","embeddable":true,"href":"https:\/\/zapateneo.net\/wordpress\/index.php\/wp-json\/wp\/v2\/product_cat?post=12228"},{"taxonomy":"product_tag","embeddable":true,"href":"https:\/\/zapateneo.net\/wordpress\/index.php\/wp-json\/wp\/v2\/product_tag?post=12228"}],"curies":[{"name":"wp","href":"https:\/\/api.w.org\/{rel}","templated":true}]}}