{"id":12226,"date":"2022-11-27T12:49:38","date_gmt":"2022-11-27T11:49:38","guid":{"rendered":"https:\/\/zapateneo.net\/wordpress\/?post_type=product&#038;p=12226"},"modified":"2022-11-27T12:49:47","modified_gmt":"2022-11-27T11:49:47","slug":"que-hacer-ahora-con-el-racismo-blanco","status":"publish","type":"product","link":"https:\/\/zapateneo.net\/wordpress\/index.php\/producto\/que-hacer-ahora-con-el-racismo-blanco\/","title":{"rendered":"\u00bfQU\u00c9 HACER AHORA CON EL RACISMO BLANCO?"},"content":{"rendered":"<p>Nuestra sociedad es la r\u00e9plica de un barco negrero, aquellos nav\u00edos l\u00fagubres donde las personas viajaban estratificadas en distintos niveles. Los africanos permanec\u00edan encadenados en la bodega h\u00fameda y oscura, mientras los esclavistas europeos hac\u00edan su vida en la cubierta superior, al aire libre. Sin embargo, aunque ten\u00edan experiencias vitales radicalmente distintas, todos viajaban a bordo del mismo buque de muerte.<\/p>\n<p>Hay un antirracismo que solo pide acceder a la cubierta superior del barco. Y hay otro, el que defiende Emma Dabiri, que busca la emancipaci\u00f3n, orillando los planteamientos identitarios y apostando por el apoyo mutuo y las alianzas horizontales. \u00bfQu\u00e9 hacer ahora con el racismo blanco? interpela a la \u00abblanquitud\u00bb de manera directa, con un relato sobre las claves hist\u00f3ricas que la componen, los privilegios que sustenta, y las din\u00e1micas de poder que la constituyen. Porque la cuesti\u00f3n es c\u00f3mo hacer astillas el barco.<\/p>\n<p>Emma Dabiri naci\u00f3 en Dubl\u00edn de madre irlandesa y padre nigeriano yoruba. Vivi\u00f3 su infancia en una Irlanda blanca, por lo que su experiencia de crecer aislada y como blanco del frecuente racismo influy\u00f3 en su perspectiva,. Est\u00e1 completando su doctorado en Sociolog\u00eda Visual en Goldsmiths, a la vez que imparte clases en SOAS. Colabora con frecuencia en medios de comunicaci\u00f3n The Guardian, Irish Times, Dublin Inquirer y Vice, entre otros y ha publicado en revistas acad\u00e9micas. La franqueza de Dabiri en cuestiones de raza y racismo le ha hecho enfrentarse a reacciones extremas y a abusos racistas en Internet. Dice al respecto que \u00abson solo palabras\u00bb y que el racismo con el que creci\u00f3 la fortific\u00f3 para afrontarlo. Es autora de dos libros: Don&#8217;t Touch My Hair (2019) y What White People Can Do Next: From Allyship to Coalition (2021). Katakrak publica por primera vez uno de sus libros en castellano.<\/p>\n","protected":false},"excerpt":{"rendered":"<p><strong>Emma Dabiri<\/strong><br \/>\n9788416946792 &#8211; Katakrak &#8211; 2022 &#8211; 184 p\u00e1ginas \/orri.<\/p>\n","protected":false},"featured_media":12256,"template":"","meta":[],"product_brand":[],"product_cat":[181,16],"product_tag":[5753,508],"class_list":{"0":"post-12226","1":"product","2":"type-product","3":"status-publish","4":"has-post-thumbnail","6":"product_cat-bazterketa-soziala-eta-errepresioa-exclusion-social-y-represion","7":"product_cat-libros","8":"product_tag-emma-dabiri","9":"product_tag-katakrak","11":"first","12":"instock","13":"sold-individually","14":"shipping-taxable","15":"purchasable","16":"product-type-simple"},"yoast_head":"<!-- This site is optimized with the Yoast SEO plugin v27.3 - https:\/\/yoast.com\/product\/yoast-seo-wordpress\/ -->\n<title>\u00bfQU\u00c9 HACER AHORA CON EL RACISMO BLANCO? &#8212; Zapateneo<\/title>\n<meta name=\"robots\" content=\"index, follow, max-snippet:-1, max-image-preview:large, max-video-preview:-1\" \/>\n<link rel=\"canonical\" href=\"https:\/\/zapateneo.net\/wordpress\/index.php\/producto\/que-hacer-ahora-con-el-racismo-blanco\/\" \/>\n<meta property=\"og:locale\" content=\"es_ES\" \/>\n<meta property=\"og:type\" content=\"article\" \/>\n<meta property=\"og:title\" content=\"\u00bfQU\u00c9 HACER AHORA CON EL RACISMO BLANCO? &#8212; Zapateneo\" \/>\n<meta property=\"og:description\" content=\"Emma Dabiri 9788416946792 - Katakrak - 2022 - 184 p\u00e1ginas \/orri.\" \/>\n<meta property=\"og:url\" content=\"https:\/\/zapateneo.net\/wordpress\/index.php\/producto\/que-hacer-ahora-con-el-racismo-blanco\/\" \/>\n<meta property=\"og:site_name\" content=\"Zapateneo\" \/>\n<meta property=\"article:modified_time\" content=\"2022-11-27T11:49:47+00:00\" \/>\n<meta name=\"twitter:card\" content=\"summary_large_image\" \/>\n<meta name=\"twitter:site\" content=\"@zapateneo\" \/>\n<meta name=\"twitter:label1\" content=\"Tiempo de lectura\" \/>\n\t<meta name=\"twitter:data1\" content=\"2 minutos\" \/>\n<script type=\"application\/ld+json\" class=\"yoast-schema-graph\">{\"@context\":\"https:\\\/\\\/schema.org\",\"@graph\":[{\"@type\":\"WebPage\",\"@id\":\"https:\\\/\\\/zapateneo.net\\\/wordpress\\\/index.php\\\/producto\\\/que-hacer-ahora-con-el-racismo-blanco\\\/\",\"url\":\"https:\\\/\\\/zapateneo.net\\\/wordpress\\\/index.php\\\/producto\\\/que-hacer-ahora-con-el-racismo-blanco\\\/\",\"name\":\"\u00bfQU\u00c9 HACER AHORA CON EL RACISMO BLANCO? &#8212; Zapateneo\",\"isPartOf\":{\"@id\":\"https:\\\/\\\/zapateneo.net\\\/wordpress\\\/#website\"},\"primaryImageOfPage\":{\"@id\":\"https:\\\/\\\/zapateneo.net\\\/wordpress\\\/index.php\\\/producto\\\/que-hacer-ahora-con-el-racismo-blanco\\\/#primaryimage\"},\"image\":{\"@id\":\"https:\\\/\\\/zapateneo.net\\\/wordpress\\\/index.php\\\/producto\\\/que-hacer-ahora-con-el-racismo-blanco\\\/#primaryimage\"},\"thumbnailUrl\":\"https:\\\/\\\/zapateneo.net\\\/wordpress\\\/wp-content\\\/uploads\\\/2022\\\/11\\\/que-hacer-ahora-con-el-racismo-blanco-9788416946792_1.jpg\",\"datePublished\":\"2022-11-27T11:49:38+00:00\",\"dateModified\":\"2022-11-27T11:49:47+00:00\",\"breadcrumb\":{\"@id\":\"https:\\\/\\\/zapateneo.net\\\/wordpress\\\/index.php\\\/producto\\\/que-hacer-ahora-con-el-racismo-blanco\\\/#breadcrumb\"},\"inLanguage\":\"es\",\"potentialAction\":[{\"@type\":\"ReadAction\",\"target\":[\"https:\\\/\\\/zapateneo.net\\\/wordpress\\\/index.php\\\/producto\\\/que-hacer-ahora-con-el-racismo-blanco\\\/\"]}]},{\"@type\":\"ImageObject\",\"inLanguage\":\"es\",\"@id\":\"https:\\\/\\\/zapateneo.net\\\/wordpress\\\/index.php\\\/producto\\\/que-hacer-ahora-con-el-racismo-blanco\\\/#primaryimage\",\"url\":\"https:\\\/\\\/zapateneo.net\\\/wordpress\\\/wp-content\\\/uploads\\\/2022\\\/11\\\/que-hacer-ahora-con-el-racismo-blanco-9788416946792_1.jpg\",\"contentUrl\":\"https:\\\/\\\/zapateneo.net\\\/wordpress\\\/wp-content\\\/uploads\\\/2022\\\/11\\\/que-hacer-ahora-con-el-racismo-blanco-9788416946792_1.jpg\",\"width\":304,\"height\":400},{\"@type\":\"BreadcrumbList\",\"@id\":\"https:\\\/\\\/zapateneo.net\\\/wordpress\\\/index.php\\\/producto\\\/que-hacer-ahora-con-el-racismo-blanco\\\/#breadcrumb\",\"itemListElement\":[{\"@type\":\"ListItem\",\"position\":1,\"name\":\"Portada\",\"item\":\"https:\\\/\\\/zapateneo.net\\\/wordpress\\\/\"},{\"@type\":\"ListItem\",\"position\":2,\"name\":\"Tienda\",\"item\":\"https:\\\/\\\/zapateneo.net\\\/wordpress\\\/\"},{\"@type\":\"ListItem\",\"position\":3,\"name\":\"\u00bfQU\u00c9 HACER AHORA CON EL RACISMO BLANCO?\"}]},{\"@type\":\"WebSite\",\"@id\":\"https:\\\/\\\/zapateneo.net\\\/wordpress\\\/#website\",\"url\":\"https:\\\/\\\/zapateneo.net\\\/wordpress\\\/\",\"name\":\"Zapateneo\",\"description\":\"Zapateneoaren webgunea\",\"publisher\":{\"@id\":\"https:\\\/\\\/zapateneo.net\\\/wordpress\\\/#organization\"},\"potentialAction\":[{\"@type\":\"SearchAction\",\"target\":{\"@type\":\"EntryPoint\",\"urlTemplate\":\"https:\\\/\\\/zapateneo.net\\\/wordpress\\\/?s={search_term_string}\"},\"query-input\":{\"@type\":\"PropertyValueSpecification\",\"valueRequired\":true,\"valueName\":\"search_term_string\"}}],\"inLanguage\":\"es\"},{\"@type\":\"Organization\",\"@id\":\"https:\\\/\\\/zapateneo.net\\\/wordpress\\\/#organization\",\"name\":\"Zapateneo Kultur Elkartea\",\"url\":\"https:\\\/\\\/zapateneo.net\\\/wordpress\\\/\",\"logo\":{\"@type\":\"ImageObject\",\"inLanguage\":\"es\",\"@id\":\"https:\\\/\\\/zapateneo.net\\\/wordpress\\\/#\\\/schema\\\/logo\\\/image\\\/\",\"url\":\"https:\\\/\\\/zapateneo.net\\\/wordpress\\\/wp-content\\\/uploads\\\/2021\\\/04\\\/zap-libu-kolec.jpg\",\"contentUrl\":\"https:\\\/\\\/zapateneo.net\\\/wordpress\\\/wp-content\\\/uploads\\\/2021\\\/04\\\/zap-libu-kolec.jpg\",\"width\":2234,\"height\":398,\"caption\":\"Zapateneo Kultur Elkartea\"},\"image\":{\"@id\":\"https:\\\/\\\/zapateneo.net\\\/wordpress\\\/#\\\/schema\\\/logo\\\/image\\\/\"},\"sameAs\":[\"https:\\\/\\\/x.com\\\/zapateneo\"]}]}<\/script>\n<!-- \/ Yoast SEO plugin. -->","yoast_head_json":{"title":"\u00bfQU\u00c9 HACER AHORA CON EL RACISMO BLANCO? &#8212; Zapateneo","robots":{"index":"index","follow":"follow","max-snippet":"max-snippet:-1","max-image-preview":"max-image-preview:large","max-video-preview":"max-video-preview:-1"},"canonical":"https:\/\/zapateneo.net\/wordpress\/index.php\/producto\/que-hacer-ahora-con-el-racismo-blanco\/","og_locale":"es_ES","og_type":"article","og_title":"\u00bfQU\u00c9 HACER AHORA CON EL RACISMO BLANCO? &#8212; Zapateneo","og_description":"Emma Dabiri 9788416946792 - Katakrak - 2022 - 184 p\u00e1ginas \/orri.","og_url":"https:\/\/zapateneo.net\/wordpress\/index.php\/producto\/que-hacer-ahora-con-el-racismo-blanco\/","og_site_name":"Zapateneo","article_modified_time":"2022-11-27T11:49:47+00:00","twitter_card":"summary_large_image","twitter_site":"@zapateneo","twitter_misc":{"Tiempo de lectura":"2 minutos"},"schema":{"@context":"https:\/\/schema.org","@graph":[{"@type":"WebPage","@id":"https:\/\/zapateneo.net\/wordpress\/index.php\/producto\/que-hacer-ahora-con-el-racismo-blanco\/","url":"https:\/\/zapateneo.net\/wordpress\/index.php\/producto\/que-hacer-ahora-con-el-racismo-blanco\/","name":"\u00bfQU\u00c9 HACER AHORA CON EL RACISMO BLANCO? &#8212; Zapateneo","isPartOf":{"@id":"https:\/\/zapateneo.net\/wordpress\/#website"},"primaryImageOfPage":{"@id":"https:\/\/zapateneo.net\/wordpress\/index.php\/producto\/que-hacer-ahora-con-el-racismo-blanco\/#primaryimage"},"image":{"@id":"https:\/\/zapateneo.net\/wordpress\/index.php\/producto\/que-hacer-ahora-con-el-racismo-blanco\/#primaryimage"},"thumbnailUrl":"https:\/\/zapateneo.net\/wordpress\/wp-content\/uploads\/2022\/11\/que-hacer-ahora-con-el-racismo-blanco-9788416946792_1.jpg","datePublished":"2022-11-27T11:49:38+00:00","dateModified":"2022-11-27T11:49:47+00:00","breadcrumb":{"@id":"https:\/\/zapateneo.net\/wordpress\/index.php\/producto\/que-hacer-ahora-con-el-racismo-blanco\/#breadcrumb"},"inLanguage":"es","potentialAction":[{"@type":"ReadAction","target":["https:\/\/zapateneo.net\/wordpress\/index.php\/producto\/que-hacer-ahora-con-el-racismo-blanco\/"]}]},{"@type":"ImageObject","inLanguage":"es","@id":"https:\/\/zapateneo.net\/wordpress\/index.php\/producto\/que-hacer-ahora-con-el-racismo-blanco\/#primaryimage","url":"https:\/\/zapateneo.net\/wordpress\/wp-content\/uploads\/2022\/11\/que-hacer-ahora-con-el-racismo-blanco-9788416946792_1.jpg","contentUrl":"https:\/\/zapateneo.net\/wordpress\/wp-content\/uploads\/2022\/11\/que-hacer-ahora-con-el-racismo-blanco-9788416946792_1.jpg","width":304,"height":400},{"@type":"BreadcrumbList","@id":"https:\/\/zapateneo.net\/wordpress\/index.php\/producto\/que-hacer-ahora-con-el-racismo-blanco\/#breadcrumb","itemListElement":[{"@type":"ListItem","position":1,"name":"Portada","item":"https:\/\/zapateneo.net\/wordpress\/"},{"@type":"ListItem","position":2,"name":"Tienda","item":"https:\/\/zapateneo.net\/wordpress\/"},{"@type":"ListItem","position":3,"name":"\u00bfQU\u00c9 HACER AHORA CON EL RACISMO BLANCO?"}]},{"@type":"WebSite","@id":"https:\/\/zapateneo.net\/wordpress\/#website","url":"https:\/\/zapateneo.net\/wordpress\/","name":"Zapateneo","description":"Zapateneoaren webgunea","publisher":{"@id":"https:\/\/zapateneo.net\/wordpress\/#organization"},"potentialAction":[{"@type":"SearchAction","target":{"@type":"EntryPoint","urlTemplate":"https:\/\/zapateneo.net\/wordpress\/?s={search_term_string}"},"query-input":{"@type":"PropertyValueSpecification","valueRequired":true,"valueName":"search_term_string"}}],"inLanguage":"es"},{"@type":"Organization","@id":"https:\/\/zapateneo.net\/wordpress\/#organization","name":"Zapateneo Kultur Elkartea","url":"https:\/\/zapateneo.net\/wordpress\/","logo":{"@type":"ImageObject","inLanguage":"es","@id":"https:\/\/zapateneo.net\/wordpress\/#\/schema\/logo\/image\/","url":"https:\/\/zapateneo.net\/wordpress\/wp-content\/uploads\/2021\/04\/zap-libu-kolec.jpg","contentUrl":"https:\/\/zapateneo.net\/wordpress\/wp-content\/uploads\/2021\/04\/zap-libu-kolec.jpg","width":2234,"height":398,"caption":"Zapateneo Kultur Elkartea"},"image":{"@id":"https:\/\/zapateneo.net\/wordpress\/#\/schema\/logo\/image\/"},"sameAs":["https:\/\/x.com\/zapateneo"]}]}},"_links":{"self":[{"href":"https:\/\/zapateneo.net\/wordpress\/index.php\/wp-json\/wp\/v2\/product\/12226","targetHints":{"allow":["GET"]}}],"collection":[{"href":"https:\/\/zapateneo.net\/wordpress\/index.php\/wp-json\/wp\/v2\/product"}],"about":[{"href":"https:\/\/zapateneo.net\/wordpress\/index.php\/wp-json\/wp\/v2\/types\/product"}],"wp:featuredmedia":[{"embeddable":true,"href":"https:\/\/zapateneo.net\/wordpress\/index.php\/wp-json\/wp\/v2\/media\/12256"}],"wp:attachment":[{"href":"https:\/\/zapateneo.net\/wordpress\/index.php\/wp-json\/wp\/v2\/media?parent=12226"}],"wp:term":[{"taxonomy":"product_brand","embeddable":true,"href":"https:\/\/zapateneo.net\/wordpress\/index.php\/wp-json\/wp\/v2\/product_brand?post=12226"},{"taxonomy":"product_cat","embeddable":true,"href":"https:\/\/zapateneo.net\/wordpress\/index.php\/wp-json\/wp\/v2\/product_cat?post=12226"},{"taxonomy":"product_tag","embeddable":true,"href":"https:\/\/zapateneo.net\/wordpress\/index.php\/wp-json\/wp\/v2\/product_tag?post=12226"}],"curies":[{"name":"wp","href":"https:\/\/api.w.org\/{rel}","templated":true}]}}