{"id":12224,"date":"2022-11-27T12:49:38","date_gmt":"2022-11-27T11:49:38","guid":{"rendered":"https:\/\/zapateneo.net\/wordpress\/?post_type=product&#038;p=12224"},"modified":"2022-11-27T12:49:46","modified_gmt":"2022-11-27T11:49:46","slug":"matar-al-chino-2-a-edicion-revisada-y-ampliada-entre-la-revolucion-urbanistica-y-el-asedio-urbano","status":"publish","type":"product","link":"https:\/\/zapateneo.net\/wordpress\/index.php\/producto\/matar-al-chino-2-a-edicion-revisada-y-ampliada-entre-la-revolucion-urbanistica-y-el-asedio-urbano\/","title":{"rendered":"MATAR AL CHINO [2.\u00aa edici\u00f3n revisada y ampliada] Entre la revoluci\u00f3n urban\u00edstica y el asedio urbano"},"content":{"rendered":"<p>El barrio del Raval, cuyo sur geogr\u00e1fico ha sido el hist\u00f3rico Barrio Chino de Barcelona, ha constituido siempre el s\u00edmbolo y la representaci\u00f3n de los p\u00e1nicos sociales y morales de la burgues\u00eda barcelonesa. La concentraci\u00f3n de poblaci\u00f3n obrera, la pobreza estructural y la actividad del trabajo sexual, por un lado, y, por otro, su configuraci\u00f3n como espacio de conductas desviadas de la norma y una cultura urbana al margen de los c\u00e1nones morales, han hecho del Raval un objeto de estigmatizaci\u00f3n permanente.<\/p>\n<p>Matar al Chino muestra c\u00f3mo todos los poderes pol\u00edticos que han gobernado la ciudad, tanto conservadores como progresistas, han mantenido unas pol\u00edticas de control y persecuci\u00f3n social destinadas a hostigar aquellas rea\u00adli\u00adda\u00addes sociales que no se pliegan al tiral\u00edneas de pol\u00edticos y urbanistas. <\/p>\n<p>Junto con un magn\u00edfico trabajo historiogr\u00e1fico, Miquel Fern\u00e1ndez realiza una rica y compleja etnograf\u00eda de la calle d\u2019en Robador, s\u00edmbolo tanto de la violencia institucional, social y medi\u00e1tica como de la resistencia a esta. Enmarcada en el contexto gentrificador y turistificador de las \u00faltimas d\u00e9cadas, esta investigaci\u00f3n narra la tra\u00adma comunitaria de esas vidas que seg\u00fan los planes ins\u00adti\u00adtucionales deb\u00edan borrarse del mapa, y su capacidad de sobrevivir, resistir, recrearse desde el conflicto y en las formas informales de relaci\u00f3n y solidaridad.<\/p>\n<p>Este trabajo, una obra de referencia para la cr\u00edtica de la relaci\u00f3n entre urbanismo y control social, se presenta de nuevo revisado y ampliado con una reflexi\u00f3n, escrita entre Miquel Fern\u00e1ndez y Maribel Cadenas, sobre las l\u00f3gicas tecnocr\u00e1ticas del urbanismo barcelon\u00e9s contempor\u00e1neo.<\/p>\n<p>Miquel Fern\u00e1ndez Gonz\u00e1lez Doctor en Antropolog\u00eda Social y m\u00e1ster en Sociolog\u00eda Jur\u00eddica y Criminolog\u00eda por la Universitat de Barcelona, es actualmente profesor de Sociolog\u00eda en la Universitat de Val\u00e8ncia y miembro del Centre d\u2019Estudis sobre Cultura, Poder i Identitats (CECPI). Miembro del Grup d\u2019Investigacions en Sociolog\u00eda de la Religi\u00f3 (ISOR) y del Grup de Recerca sobre Exclusi\u00f3 i Control Socials (GRECS) y profesor e investigador en el Instituto de Altos Estudios Nacionales de Ecuador. Adem\u00e1s de este libro, que recoge su tesis le\u00edda en 2012 (la cual recibi\u00f3 la m\u00e1xima calificaci\u00f3n de un tribunal formado por Gary McDonogh, M\u00f3nica Degen y Nilton Santos), Miquel Fern\u00e1ndez ha coordinado el libro Fabricar l\u2019immigrant (Pag\u00e8s editors, 2009) y participado en las obras Els altres andalusos. La q\u00fcesti\u00f3 nacional de Catalunya (L\u2019Esfera dels Llibres, 2005) y Metamorfosis urbanas. Ciudades espa\u00f1olas en la din\u00e1mica global (Icaria, 2013) y publicado numerosos art\u00edculos en revistas acad\u00e9micas especializadas.<\/p>\n<p>Pr\u00f3logo de Brigitte Vasallo<br \/>\nEp\u00edlogo de Manuel Delgado<\/p>\n<p>Ficha<\/p>\n<p>\u00bfQui\u00e9n mat\u00f3 al Chino? (Helena L\u00f3pez, El Peri\u00f3dico)<br \/>\nPobres, putas, anarquistas y mariconas: historia de una lucha en el Raval (Ignacio Pato, Playground)<br \/>\n\u00abEn Robador la gente es tratada como alima\u00f1as y eso justifica la devastaci\u00f3n urban\u00edstica\u00bb (Miquel Fern\u00e1ndez, Barrio Canino)<br \/>\n\u00abLa devastaci\u00f3n del tejido urbano ha hecho desaparecer a la gente del Raval\u00bb (Miquel Fern\u00e1ndez, La Enredadera)<br \/>\nAut\u00f2psia del barri xino (Ana\u00efs Barnolas, Carrer)<br \/>\nHistoria de un combate urbano (\u00cd\u00f1igo Elortegui, Revista Hincapi\u00e9)<br \/>\n\u201cEs la exageraci\u00f3n del mito lo que ha permitido entrar a saco en El Raval\u201d (Miquel Fen\u00e1ndez, La Marea)<br \/>\nQu\u00e8 queda del m\u00edtic Barri Xino? (Ferran Aisa, El Punt-Avui)<br \/>\nDel xino al paki (Ignacio Gonz\u00e1lez Orozco, Rambl@\/P\u00fablico)<br \/>\nPosesi\u00f3n y desposesi\u00f3n en las postrimer\u00edas del \u201cChino\u201d (Juan Manuel Sol\u00eds Sol\u00eds, Biblio3w-Geocr\u00edtica)<br \/>\nA la caza de un mito. La invenci\u00f3n del Barrio Chino como estrategia urban\u00edstica de violaci\u00f3n territorial y vivencial (Livia Motterle, Revista AIBR)<br \/>\nMatar a un barrio: cr\u00f3nica de un crimen no consumado (entrevista a Miquel Fern\u00e1nez en Hincapi\u00e9)<\/p>\n","protected":false},"excerpt":{"rendered":"<p><strong>Miquel Fern\u00e1ndez Gonz\u00e1lez<\/strong><br \/>\n9788417870201 &#8211; Virus &#8211; 2022 &#8211; 432 p\u00e1ginas \/orri.<\/p>\n","protected":false},"featured_media":12254,"template":"","meta":[],"product_brand":[],"product_cat":[180,16],"product_tag":[5750,57],"class_list":{"0":"post-12224","1":"product","2":"type-product","3":"status-publish","4":"has-post-thumbnail","6":"product_cat-ekologia-ecologia","7":"product_cat-libros","8":"product_tag-miquel-fernandez-gonzalez","9":"product_tag-virus","11":"first","12":"instock","13":"sold-individually","14":"shipping-taxable","15":"purchasable","16":"product-type-simple"},"yoast_head":"<!-- This site is optimized with the Yoast SEO plugin v27.4 - https:\/\/yoast.com\/product\/yoast-seo-wordpress\/ -->\n<title>MATAR AL CHINO [2.\u00aa edici\u00f3n revisada y ampliada] Entre la revoluci\u00f3n urban\u00edstica y el asedio urbano &#8212; Zapateneo<\/title>\n<meta name=\"robots\" content=\"index, follow, max-snippet:-1, max-image-preview:large, max-video-preview:-1\" \/>\n<link rel=\"canonical\" href=\"https:\/\/zapateneo.net\/wordpress\/index.php\/producto\/matar-al-chino-2-a-edicion-revisada-y-ampliada-entre-la-revolucion-urbanistica-y-el-asedio-urbano\/\" \/>\n<meta property=\"og:locale\" content=\"es_ES\" \/>\n<meta property=\"og:type\" content=\"article\" \/>\n<meta property=\"og:title\" content=\"MATAR AL CHINO [2.\u00aa edici\u00f3n revisada y ampliada] Entre la revoluci\u00f3n urban\u00edstica y el asedio urbano &#8212; Zapateneo\" \/>\n<meta property=\"og:description\" content=\"Miquel Fern\u00e1ndez Gonz\u00e1lez 9788417870201 - Virus - 2022 - 432 p\u00e1ginas \/orri.\" \/>\n<meta property=\"og:url\" content=\"https:\/\/zapateneo.net\/wordpress\/index.php\/producto\/matar-al-chino-2-a-edicion-revisada-y-ampliada-entre-la-revolucion-urbanistica-y-el-asedio-urbano\/\" \/>\n<meta property=\"og:site_name\" content=\"Zapateneo\" \/>\n<meta property=\"article:modified_time\" content=\"2022-11-27T11:49:46+00:00\" \/>\n<meta name=\"twitter:card\" content=\"summary_large_image\" \/>\n<meta name=\"twitter:site\" content=\"@zapateneo\" \/>\n<meta name=\"twitter:label1\" content=\"Tiempo de lectura\" \/>\n\t<meta name=\"twitter:data1\" content=\"3 minutos\" \/>\n<script type=\"application\/ld+json\" class=\"yoast-schema-graph\">{\"@context\":\"https:\\\/\\\/schema.org\",\"@graph\":[{\"@type\":\"WebPage\",\"@id\":\"https:\\\/\\\/zapateneo.net\\\/wordpress\\\/index.php\\\/producto\\\/matar-al-chino-2-a-edicion-revisada-y-ampliada-entre-la-revolucion-urbanistica-y-el-asedio-urbano\\\/\",\"url\":\"https:\\\/\\\/zapateneo.net\\\/wordpress\\\/index.php\\\/producto\\\/matar-al-chino-2-a-edicion-revisada-y-ampliada-entre-la-revolucion-urbanistica-y-el-asedio-urbano\\\/\",\"name\":\"MATAR AL CHINO [2.\u00aa edici\u00f3n revisada y ampliada] Entre la revoluci\u00f3n urban\u00edstica y el asedio urbano &#8212; Zapateneo\",\"isPartOf\":{\"@id\":\"https:\\\/\\\/zapateneo.net\\\/wordpress\\\/#website\"},\"primaryImageOfPage\":{\"@id\":\"https:\\\/\\\/zapateneo.net\\\/wordpress\\\/index.php\\\/producto\\\/matar-al-chino-2-a-edicion-revisada-y-ampliada-entre-la-revolucion-urbanistica-y-el-asedio-urbano\\\/#primaryimage\"},\"image\":{\"@id\":\"https:\\\/\\\/zapateneo.net\\\/wordpress\\\/index.php\\\/producto\\\/matar-al-chino-2-a-edicion-revisada-y-ampliada-entre-la-revolucion-urbanistica-y-el-asedio-urbano\\\/#primaryimage\"},\"thumbnailUrl\":\"https:\\\/\\\/zapateneo.net\\\/wordpress\\\/wp-content\\\/uploads\\\/2022\\\/11\\\/matar-al-chino-9788417870201.jpg\",\"datePublished\":\"2022-11-27T11:49:38+00:00\",\"dateModified\":\"2022-11-27T11:49:46+00:00\",\"breadcrumb\":{\"@id\":\"https:\\\/\\\/zapateneo.net\\\/wordpress\\\/index.php\\\/producto\\\/matar-al-chino-2-a-edicion-revisada-y-ampliada-entre-la-revolucion-urbanistica-y-el-asedio-urbano\\\/#breadcrumb\"},\"inLanguage\":\"es\",\"potentialAction\":[{\"@type\":\"ReadAction\",\"target\":[\"https:\\\/\\\/zapateneo.net\\\/wordpress\\\/index.php\\\/producto\\\/matar-al-chino-2-a-edicion-revisada-y-ampliada-entre-la-revolucion-urbanistica-y-el-asedio-urbano\\\/\"]}]},{\"@type\":\"ImageObject\",\"inLanguage\":\"es\",\"@id\":\"https:\\\/\\\/zapateneo.net\\\/wordpress\\\/index.php\\\/producto\\\/matar-al-chino-2-a-edicion-revisada-y-ampliada-entre-la-revolucion-urbanistica-y-el-asedio-urbano\\\/#primaryimage\",\"url\":\"https:\\\/\\\/zapateneo.net\\\/wordpress\\\/wp-content\\\/uploads\\\/2022\\\/11\\\/matar-al-chino-9788417870201.jpg\",\"contentUrl\":\"https:\\\/\\\/zapateneo.net\\\/wordpress\\\/wp-content\\\/uploads\\\/2022\\\/11\\\/matar-al-chino-9788417870201.jpg\",\"width\":268,\"height\":400},{\"@type\":\"BreadcrumbList\",\"@id\":\"https:\\\/\\\/zapateneo.net\\\/wordpress\\\/index.php\\\/producto\\\/matar-al-chino-2-a-edicion-revisada-y-ampliada-entre-la-revolucion-urbanistica-y-el-asedio-urbano\\\/#breadcrumb\",\"itemListElement\":[{\"@type\":\"ListItem\",\"position\":1,\"name\":\"Portada\",\"item\":\"https:\\\/\\\/zapateneo.net\\\/wordpress\\\/\"},{\"@type\":\"ListItem\",\"position\":2,\"name\":\"Tienda\",\"item\":\"https:\\\/\\\/zapateneo.net\\\/wordpress\\\/\"},{\"@type\":\"ListItem\",\"position\":3,\"name\":\"MATAR AL CHINO [2.\u00aa edici\u00f3n revisada y ampliada] Entre la revoluci\u00f3n urban\u00edstica y el asedio urbano\"}]},{\"@type\":\"WebSite\",\"@id\":\"https:\\\/\\\/zapateneo.net\\\/wordpress\\\/#website\",\"url\":\"https:\\\/\\\/zapateneo.net\\\/wordpress\\\/\",\"name\":\"Zapateneo\",\"description\":\"Zapateneoaren webgunea\",\"publisher\":{\"@id\":\"https:\\\/\\\/zapateneo.net\\\/wordpress\\\/#organization\"},\"potentialAction\":[{\"@type\":\"SearchAction\",\"target\":{\"@type\":\"EntryPoint\",\"urlTemplate\":\"https:\\\/\\\/zapateneo.net\\\/wordpress\\\/?s={search_term_string}\"},\"query-input\":{\"@type\":\"PropertyValueSpecification\",\"valueRequired\":true,\"valueName\":\"search_term_string\"}}],\"inLanguage\":\"es\"},{\"@type\":\"Organization\",\"@id\":\"https:\\\/\\\/zapateneo.net\\\/wordpress\\\/#organization\",\"name\":\"Zapateneo Kultur Elkartea\",\"url\":\"https:\\\/\\\/zapateneo.net\\\/wordpress\\\/\",\"logo\":{\"@type\":\"ImageObject\",\"inLanguage\":\"es\",\"@id\":\"https:\\\/\\\/zapateneo.net\\\/wordpress\\\/#\\\/schema\\\/logo\\\/image\\\/\",\"url\":\"https:\\\/\\\/zapateneo.net\\\/wordpress\\\/wp-content\\\/uploads\\\/2021\\\/04\\\/zap-libu-kolec.jpg\",\"contentUrl\":\"https:\\\/\\\/zapateneo.net\\\/wordpress\\\/wp-content\\\/uploads\\\/2021\\\/04\\\/zap-libu-kolec.jpg\",\"width\":2234,\"height\":398,\"caption\":\"Zapateneo Kultur Elkartea\"},\"image\":{\"@id\":\"https:\\\/\\\/zapateneo.net\\\/wordpress\\\/#\\\/schema\\\/logo\\\/image\\\/\"},\"sameAs\":[\"https:\\\/\\\/x.com\\\/zapateneo\"]}]}<\/script>\n<!-- \/ Yoast SEO plugin. -->","yoast_head_json":{"title":"MATAR AL CHINO [2.\u00aa edici\u00f3n revisada y ampliada] Entre la revoluci\u00f3n urban\u00edstica y el asedio urbano &#8212; Zapateneo","robots":{"index":"index","follow":"follow","max-snippet":"max-snippet:-1","max-image-preview":"max-image-preview:large","max-video-preview":"max-video-preview:-1"},"canonical":"https:\/\/zapateneo.net\/wordpress\/index.php\/producto\/matar-al-chino-2-a-edicion-revisada-y-ampliada-entre-la-revolucion-urbanistica-y-el-asedio-urbano\/","og_locale":"es_ES","og_type":"article","og_title":"MATAR AL CHINO [2.\u00aa edici\u00f3n revisada y ampliada] Entre la revoluci\u00f3n urban\u00edstica y el asedio urbano &#8212; Zapateneo","og_description":"Miquel Fern\u00e1ndez Gonz\u00e1lez 9788417870201 - Virus - 2022 - 432 p\u00e1ginas \/orri.","og_url":"https:\/\/zapateneo.net\/wordpress\/index.php\/producto\/matar-al-chino-2-a-edicion-revisada-y-ampliada-entre-la-revolucion-urbanistica-y-el-asedio-urbano\/","og_site_name":"Zapateneo","article_modified_time":"2022-11-27T11:49:46+00:00","twitter_card":"summary_large_image","twitter_site":"@zapateneo","twitter_misc":{"Tiempo de lectura":"3 minutos"},"schema":{"@context":"https:\/\/schema.org","@graph":[{"@type":"WebPage","@id":"https:\/\/zapateneo.net\/wordpress\/index.php\/producto\/matar-al-chino-2-a-edicion-revisada-y-ampliada-entre-la-revolucion-urbanistica-y-el-asedio-urbano\/","url":"https:\/\/zapateneo.net\/wordpress\/index.php\/producto\/matar-al-chino-2-a-edicion-revisada-y-ampliada-entre-la-revolucion-urbanistica-y-el-asedio-urbano\/","name":"MATAR AL CHINO [2.\u00aa edici\u00f3n revisada y ampliada] Entre la revoluci\u00f3n urban\u00edstica y el asedio urbano &#8212; Zapateneo","isPartOf":{"@id":"https:\/\/zapateneo.net\/wordpress\/#website"},"primaryImageOfPage":{"@id":"https:\/\/zapateneo.net\/wordpress\/index.php\/producto\/matar-al-chino-2-a-edicion-revisada-y-ampliada-entre-la-revolucion-urbanistica-y-el-asedio-urbano\/#primaryimage"},"image":{"@id":"https:\/\/zapateneo.net\/wordpress\/index.php\/producto\/matar-al-chino-2-a-edicion-revisada-y-ampliada-entre-la-revolucion-urbanistica-y-el-asedio-urbano\/#primaryimage"},"thumbnailUrl":"https:\/\/zapateneo.net\/wordpress\/wp-content\/uploads\/2022\/11\/matar-al-chino-9788417870201.jpg","datePublished":"2022-11-27T11:49:38+00:00","dateModified":"2022-11-27T11:49:46+00:00","breadcrumb":{"@id":"https:\/\/zapateneo.net\/wordpress\/index.php\/producto\/matar-al-chino-2-a-edicion-revisada-y-ampliada-entre-la-revolucion-urbanistica-y-el-asedio-urbano\/#breadcrumb"},"inLanguage":"es","potentialAction":[{"@type":"ReadAction","target":["https:\/\/zapateneo.net\/wordpress\/index.php\/producto\/matar-al-chino-2-a-edicion-revisada-y-ampliada-entre-la-revolucion-urbanistica-y-el-asedio-urbano\/"]}]},{"@type":"ImageObject","inLanguage":"es","@id":"https:\/\/zapateneo.net\/wordpress\/index.php\/producto\/matar-al-chino-2-a-edicion-revisada-y-ampliada-entre-la-revolucion-urbanistica-y-el-asedio-urbano\/#primaryimage","url":"https:\/\/zapateneo.net\/wordpress\/wp-content\/uploads\/2022\/11\/matar-al-chino-9788417870201.jpg","contentUrl":"https:\/\/zapateneo.net\/wordpress\/wp-content\/uploads\/2022\/11\/matar-al-chino-9788417870201.jpg","width":268,"height":400},{"@type":"BreadcrumbList","@id":"https:\/\/zapateneo.net\/wordpress\/index.php\/producto\/matar-al-chino-2-a-edicion-revisada-y-ampliada-entre-la-revolucion-urbanistica-y-el-asedio-urbano\/#breadcrumb","itemListElement":[{"@type":"ListItem","position":1,"name":"Portada","item":"https:\/\/zapateneo.net\/wordpress\/"},{"@type":"ListItem","position":2,"name":"Tienda","item":"https:\/\/zapateneo.net\/wordpress\/"},{"@type":"ListItem","position":3,"name":"MATAR AL CHINO [2.\u00aa edici\u00f3n revisada y ampliada] Entre la revoluci\u00f3n urban\u00edstica y el asedio urbano"}]},{"@type":"WebSite","@id":"https:\/\/zapateneo.net\/wordpress\/#website","url":"https:\/\/zapateneo.net\/wordpress\/","name":"Zapateneo","description":"Zapateneoaren webgunea","publisher":{"@id":"https:\/\/zapateneo.net\/wordpress\/#organization"},"potentialAction":[{"@type":"SearchAction","target":{"@type":"EntryPoint","urlTemplate":"https:\/\/zapateneo.net\/wordpress\/?s={search_term_string}"},"query-input":{"@type":"PropertyValueSpecification","valueRequired":true,"valueName":"search_term_string"}}],"inLanguage":"es"},{"@type":"Organization","@id":"https:\/\/zapateneo.net\/wordpress\/#organization","name":"Zapateneo Kultur Elkartea","url":"https:\/\/zapateneo.net\/wordpress\/","logo":{"@type":"ImageObject","inLanguage":"es","@id":"https:\/\/zapateneo.net\/wordpress\/#\/schema\/logo\/image\/","url":"https:\/\/zapateneo.net\/wordpress\/wp-content\/uploads\/2021\/04\/zap-libu-kolec.jpg","contentUrl":"https:\/\/zapateneo.net\/wordpress\/wp-content\/uploads\/2021\/04\/zap-libu-kolec.jpg","width":2234,"height":398,"caption":"Zapateneo Kultur Elkartea"},"image":{"@id":"https:\/\/zapateneo.net\/wordpress\/#\/schema\/logo\/image\/"},"sameAs":["https:\/\/x.com\/zapateneo"]}]}},"_links":{"self":[{"href":"https:\/\/zapateneo.net\/wordpress\/index.php\/wp-json\/wp\/v2\/product\/12224","targetHints":{"allow":["GET"]}}],"collection":[{"href":"https:\/\/zapateneo.net\/wordpress\/index.php\/wp-json\/wp\/v2\/product"}],"about":[{"href":"https:\/\/zapateneo.net\/wordpress\/index.php\/wp-json\/wp\/v2\/types\/product"}],"wp:featuredmedia":[{"embeddable":true,"href":"https:\/\/zapateneo.net\/wordpress\/index.php\/wp-json\/wp\/v2\/media\/12254"}],"wp:attachment":[{"href":"https:\/\/zapateneo.net\/wordpress\/index.php\/wp-json\/wp\/v2\/media?parent=12224"}],"wp:term":[{"taxonomy":"product_brand","embeddable":true,"href":"https:\/\/zapateneo.net\/wordpress\/index.php\/wp-json\/wp\/v2\/product_brand?post=12224"},{"taxonomy":"product_cat","embeddable":true,"href":"https:\/\/zapateneo.net\/wordpress\/index.php\/wp-json\/wp\/v2\/product_cat?post=12224"},{"taxonomy":"product_tag","embeddable":true,"href":"https:\/\/zapateneo.net\/wordpress\/index.php\/wp-json\/wp\/v2\/product_tag?post=12224"}],"curies":[{"name":"wp","href":"https:\/\/api.w.org\/{rel}","templated":true}]}}