{"id":12202,"date":"2022-11-26T16:39:36","date_gmt":"2022-11-26T15:39:36","guid":{"rendered":"https:\/\/zapateneo.net\/wordpress\/?post_type=product&#038;p=12202"},"modified":"2022-11-26T16:39:43","modified_gmt":"2022-11-26T15:39:43","slug":"brasil-autofagico-aceleracion-y-contencion-entre-bolsonaro-y-lula","status":"publish","type":"product","link":"https:\/\/zapateneo.net\/wordpress\/index.php\/producto\/brasil-autofagico-aceleracion-y-contencion-entre-bolsonaro-y-lula\/","title":{"rendered":"BRASIL AUTOF\u00c1GICO. Aceleraci\u00f3n y contenci\u00f3n entre Bolsonaro y Lula"},"content":{"rendered":"<p>Un Brasil que se devora a s\u00ed mismo: vanguardia regional de una forma de gobernar que \u2014regida por la l\u00f3gica pura y dura de la valorizaci\u00f3n del capital\u2014 en lugar de aplazar la crisis, la promueve y acelera. La pol\u00edtica progresista de contenci\u00f3n de esta crisis estructural que atraviesa la reproducci\u00f3n de la vida en las sociedades latinoamericanas se revel\u00f3 impotente para revertir una din\u00e1mica de desocializaci\u00f3n autof\u00e1gica que la antecede y envuelve.<\/p>\n<p>Pero la l\u00f3gica antisistema que tan bien encarna Bolsonaro \u2014haciendo converger paramilitares, fuerzas de seguridad, cristianismo conservador y fake news\u2014 amenaza permanentemente con autonomizarse y dejar de ser funcional a la elite brasile\u00f1a. Es esta tensi\u00f3n la que vuelve a poner a Lula en el centro de la escena, ya que sin expectativas transformadoras, sino como salvador ante la barbarie.<\/p>\n<p>Daniel Feldmann Economista de la Universidad de S\u00e3o Paulo (USP), con doctorado en desarrollo econ\u00f3mico de la Universidad Estadual de Campinas (Unicamp) y posdoctorado en el laboratorio Sophiapol de la Universidad Paris X \u2013 Nanterre, Francia. Es profesor de la Universidad Federal de S\u00e3o Paulo (Unifesp), donde ha ense\u00f1ado e investigado en las \u00e1reas de econom\u00eda y econom\u00eda pol\u00edtica brasile\u00f1as.<\/p>\n<p>Fabio Luis Barbosa dos Santos Historiador. Profesor de la Universidad Federal de San Pablo. Prol\u00edfico escritor e infatigable viajero, Fabio ha escrito numerosos libros \u2013no solo sobre Brasil, tambi\u00e9n sobre M\u00e9xico, Cuba, Uruguay, Paraguay, etc.\u2013 publicados, en su mayor\u00eda, por la editorial Elefante.<\/p>\n","protected":false},"excerpt":{"rendered":"<p><strong>Daniel Feldmann, Fabio Luis Barbosa dos Santos<\/strong><br \/>\n9789873687907 &#8211; Tinta lim\u00f3n &#8211; 2022 &#8211; 192 p\u00e1ginas \/orri.<\/p>\n","protected":false},"featured_media":12216,"template":"","meta":[],"product_brand":[],"product_cat":[16,173],"product_tag":[5747,5748,660],"class_list":{"0":"post-12202","1":"product","2":"type-product","3":"status-publish","4":"has-post-thumbnail","6":"product_cat-libros","7":"product_cat-saiakera-ensayo","8":"product_tag-daniel-feldmann","9":"product_tag-fabio-luis-barbosa-dos-santos","10":"product_tag-tinta-limon","12":"first","13":"instock","14":"sold-individually","15":"shipping-taxable","16":"purchasable","17":"product-type-simple"},"yoast_head":"<!-- This site is optimized with the Yoast SEO plugin v27.3 - https:\/\/yoast.com\/product\/yoast-seo-wordpress\/ -->\n<title>BRASIL AUTOF\u00c1GICO. Aceleraci\u00f3n y contenci\u00f3n entre Bolsonaro y Lula &#8212; Zapateneo<\/title>\n<meta name=\"robots\" content=\"index, follow, max-snippet:-1, max-image-preview:large, max-video-preview:-1\" \/>\n<link rel=\"canonical\" href=\"https:\/\/zapateneo.net\/wordpress\/index.php\/producto\/brasil-autofagico-aceleracion-y-contencion-entre-bolsonaro-y-lula\/\" \/>\n<meta property=\"og:locale\" content=\"es_ES\" \/>\n<meta property=\"og:type\" content=\"article\" \/>\n<meta property=\"og:title\" content=\"BRASIL AUTOF\u00c1GICO. Aceleraci\u00f3n y contenci\u00f3n entre Bolsonaro y Lula &#8212; Zapateneo\" \/>\n<meta property=\"og:description\" content=\"Daniel Feldmann, Fabio Luis Barbosa dos Santos 9789873687907 - Tinta lim\u00f3n - 2022 - 192 p\u00e1ginas \/orri.\" \/>\n<meta property=\"og:url\" content=\"https:\/\/zapateneo.net\/wordpress\/index.php\/producto\/brasil-autofagico-aceleracion-y-contencion-entre-bolsonaro-y-lula\/\" \/>\n<meta property=\"og:site_name\" content=\"Zapateneo\" \/>\n<meta property=\"article:modified_time\" content=\"2022-11-26T15:39:43+00:00\" \/>\n<meta name=\"twitter:card\" content=\"summary_large_image\" \/>\n<meta name=\"twitter:site\" content=\"@zapateneo\" \/>\n<meta name=\"twitter:label1\" content=\"Tiempo de lectura\" \/>\n\t<meta name=\"twitter:data1\" content=\"1 minuto\" \/>\n<script type=\"application\/ld+json\" class=\"yoast-schema-graph\">{\"@context\":\"https:\\\/\\\/schema.org\",\"@graph\":[{\"@type\":\"WebPage\",\"@id\":\"https:\\\/\\\/zapateneo.net\\\/wordpress\\\/index.php\\\/producto\\\/brasil-autofagico-aceleracion-y-contencion-entre-bolsonaro-y-lula\\\/\",\"url\":\"https:\\\/\\\/zapateneo.net\\\/wordpress\\\/index.php\\\/producto\\\/brasil-autofagico-aceleracion-y-contencion-entre-bolsonaro-y-lula\\\/\",\"name\":\"BRASIL AUTOF\u00c1GICO. Aceleraci\u00f3n y contenci\u00f3n entre Bolsonaro y Lula &#8212; Zapateneo\",\"isPartOf\":{\"@id\":\"https:\\\/\\\/zapateneo.net\\\/wordpress\\\/#website\"},\"primaryImageOfPage\":{\"@id\":\"https:\\\/\\\/zapateneo.net\\\/wordpress\\\/index.php\\\/producto\\\/brasil-autofagico-aceleracion-y-contencion-entre-bolsonaro-y-lula\\\/#primaryimage\"},\"image\":{\"@id\":\"https:\\\/\\\/zapateneo.net\\\/wordpress\\\/index.php\\\/producto\\\/brasil-autofagico-aceleracion-y-contencion-entre-bolsonaro-y-lula\\\/#primaryimage\"},\"thumbnailUrl\":\"https:\\\/\\\/zapateneo.net\\\/wordpress\\\/wp-content\\\/uploads\\\/2022\\\/11\\\/brasil-autofagico-9789873687907.jpg\",\"datePublished\":\"2022-11-26T15:39:36+00:00\",\"dateModified\":\"2022-11-26T15:39:43+00:00\",\"breadcrumb\":{\"@id\":\"https:\\\/\\\/zapateneo.net\\\/wordpress\\\/index.php\\\/producto\\\/brasil-autofagico-aceleracion-y-contencion-entre-bolsonaro-y-lula\\\/#breadcrumb\"},\"inLanguage\":\"es\",\"potentialAction\":[{\"@type\":\"ReadAction\",\"target\":[\"https:\\\/\\\/zapateneo.net\\\/wordpress\\\/index.php\\\/producto\\\/brasil-autofagico-aceleracion-y-contencion-entre-bolsonaro-y-lula\\\/\"]}]},{\"@type\":\"ImageObject\",\"inLanguage\":\"es\",\"@id\":\"https:\\\/\\\/zapateneo.net\\\/wordpress\\\/index.php\\\/producto\\\/brasil-autofagico-aceleracion-y-contencion-entre-bolsonaro-y-lula\\\/#primaryimage\",\"url\":\"https:\\\/\\\/zapateneo.net\\\/wordpress\\\/wp-content\\\/uploads\\\/2022\\\/11\\\/brasil-autofagico-9789873687907.jpg\",\"contentUrl\":\"https:\\\/\\\/zapateneo.net\\\/wordpress\\\/wp-content\\\/uploads\\\/2022\\\/11\\\/brasil-autofagico-9789873687907.jpg\",\"width\":260,\"height\":400},{\"@type\":\"BreadcrumbList\",\"@id\":\"https:\\\/\\\/zapateneo.net\\\/wordpress\\\/index.php\\\/producto\\\/brasil-autofagico-aceleracion-y-contencion-entre-bolsonaro-y-lula\\\/#breadcrumb\",\"itemListElement\":[{\"@type\":\"ListItem\",\"position\":1,\"name\":\"Portada\",\"item\":\"https:\\\/\\\/zapateneo.net\\\/wordpress\\\/\"},{\"@type\":\"ListItem\",\"position\":2,\"name\":\"Tienda\",\"item\":\"https:\\\/\\\/zapateneo.net\\\/wordpress\\\/\"},{\"@type\":\"ListItem\",\"position\":3,\"name\":\"BRASIL AUTOF\u00c1GICO. Aceleraci\u00f3n y contenci\u00f3n entre Bolsonaro y Lula\"}]},{\"@type\":\"WebSite\",\"@id\":\"https:\\\/\\\/zapateneo.net\\\/wordpress\\\/#website\",\"url\":\"https:\\\/\\\/zapateneo.net\\\/wordpress\\\/\",\"name\":\"Zapateneo\",\"description\":\"Zapateneoaren webgunea\",\"publisher\":{\"@id\":\"https:\\\/\\\/zapateneo.net\\\/wordpress\\\/#organization\"},\"potentialAction\":[{\"@type\":\"SearchAction\",\"target\":{\"@type\":\"EntryPoint\",\"urlTemplate\":\"https:\\\/\\\/zapateneo.net\\\/wordpress\\\/?s={search_term_string}\"},\"query-input\":{\"@type\":\"PropertyValueSpecification\",\"valueRequired\":true,\"valueName\":\"search_term_string\"}}],\"inLanguage\":\"es\"},{\"@type\":\"Organization\",\"@id\":\"https:\\\/\\\/zapateneo.net\\\/wordpress\\\/#organization\",\"name\":\"Zapateneo Kultur Elkartea\",\"url\":\"https:\\\/\\\/zapateneo.net\\\/wordpress\\\/\",\"logo\":{\"@type\":\"ImageObject\",\"inLanguage\":\"es\",\"@id\":\"https:\\\/\\\/zapateneo.net\\\/wordpress\\\/#\\\/schema\\\/logo\\\/image\\\/\",\"url\":\"https:\\\/\\\/zapateneo.net\\\/wordpress\\\/wp-content\\\/uploads\\\/2021\\\/04\\\/zap-libu-kolec.jpg\",\"contentUrl\":\"https:\\\/\\\/zapateneo.net\\\/wordpress\\\/wp-content\\\/uploads\\\/2021\\\/04\\\/zap-libu-kolec.jpg\",\"width\":2234,\"height\":398,\"caption\":\"Zapateneo Kultur Elkartea\"},\"image\":{\"@id\":\"https:\\\/\\\/zapateneo.net\\\/wordpress\\\/#\\\/schema\\\/logo\\\/image\\\/\"},\"sameAs\":[\"https:\\\/\\\/x.com\\\/zapateneo\"]}]}<\/script>\n<!-- \/ Yoast SEO plugin. -->","yoast_head_json":{"title":"BRASIL AUTOF\u00c1GICO. Aceleraci\u00f3n y contenci\u00f3n entre Bolsonaro y Lula &#8212; Zapateneo","robots":{"index":"index","follow":"follow","max-snippet":"max-snippet:-1","max-image-preview":"max-image-preview:large","max-video-preview":"max-video-preview:-1"},"canonical":"https:\/\/zapateneo.net\/wordpress\/index.php\/producto\/brasil-autofagico-aceleracion-y-contencion-entre-bolsonaro-y-lula\/","og_locale":"es_ES","og_type":"article","og_title":"BRASIL AUTOF\u00c1GICO. Aceleraci\u00f3n y contenci\u00f3n entre Bolsonaro y Lula &#8212; Zapateneo","og_description":"Daniel Feldmann, Fabio Luis Barbosa dos Santos 9789873687907 - Tinta lim\u00f3n - 2022 - 192 p\u00e1ginas \/orri.","og_url":"https:\/\/zapateneo.net\/wordpress\/index.php\/producto\/brasil-autofagico-aceleracion-y-contencion-entre-bolsonaro-y-lula\/","og_site_name":"Zapateneo","article_modified_time":"2022-11-26T15:39:43+00:00","twitter_card":"summary_large_image","twitter_site":"@zapateneo","twitter_misc":{"Tiempo de lectura":"1 minuto"},"schema":{"@context":"https:\/\/schema.org","@graph":[{"@type":"WebPage","@id":"https:\/\/zapateneo.net\/wordpress\/index.php\/producto\/brasil-autofagico-aceleracion-y-contencion-entre-bolsonaro-y-lula\/","url":"https:\/\/zapateneo.net\/wordpress\/index.php\/producto\/brasil-autofagico-aceleracion-y-contencion-entre-bolsonaro-y-lula\/","name":"BRASIL AUTOF\u00c1GICO. Aceleraci\u00f3n y contenci\u00f3n entre Bolsonaro y Lula &#8212; Zapateneo","isPartOf":{"@id":"https:\/\/zapateneo.net\/wordpress\/#website"},"primaryImageOfPage":{"@id":"https:\/\/zapateneo.net\/wordpress\/index.php\/producto\/brasil-autofagico-aceleracion-y-contencion-entre-bolsonaro-y-lula\/#primaryimage"},"image":{"@id":"https:\/\/zapateneo.net\/wordpress\/index.php\/producto\/brasil-autofagico-aceleracion-y-contencion-entre-bolsonaro-y-lula\/#primaryimage"},"thumbnailUrl":"https:\/\/zapateneo.net\/wordpress\/wp-content\/uploads\/2022\/11\/brasil-autofagico-9789873687907.jpg","datePublished":"2022-11-26T15:39:36+00:00","dateModified":"2022-11-26T15:39:43+00:00","breadcrumb":{"@id":"https:\/\/zapateneo.net\/wordpress\/index.php\/producto\/brasil-autofagico-aceleracion-y-contencion-entre-bolsonaro-y-lula\/#breadcrumb"},"inLanguage":"es","potentialAction":[{"@type":"ReadAction","target":["https:\/\/zapateneo.net\/wordpress\/index.php\/producto\/brasil-autofagico-aceleracion-y-contencion-entre-bolsonaro-y-lula\/"]}]},{"@type":"ImageObject","inLanguage":"es","@id":"https:\/\/zapateneo.net\/wordpress\/index.php\/producto\/brasil-autofagico-aceleracion-y-contencion-entre-bolsonaro-y-lula\/#primaryimage","url":"https:\/\/zapateneo.net\/wordpress\/wp-content\/uploads\/2022\/11\/brasil-autofagico-9789873687907.jpg","contentUrl":"https:\/\/zapateneo.net\/wordpress\/wp-content\/uploads\/2022\/11\/brasil-autofagico-9789873687907.jpg","width":260,"height":400},{"@type":"BreadcrumbList","@id":"https:\/\/zapateneo.net\/wordpress\/index.php\/producto\/brasil-autofagico-aceleracion-y-contencion-entre-bolsonaro-y-lula\/#breadcrumb","itemListElement":[{"@type":"ListItem","position":1,"name":"Portada","item":"https:\/\/zapateneo.net\/wordpress\/"},{"@type":"ListItem","position":2,"name":"Tienda","item":"https:\/\/zapateneo.net\/wordpress\/"},{"@type":"ListItem","position":3,"name":"BRASIL AUTOF\u00c1GICO. Aceleraci\u00f3n y contenci\u00f3n entre Bolsonaro y Lula"}]},{"@type":"WebSite","@id":"https:\/\/zapateneo.net\/wordpress\/#website","url":"https:\/\/zapateneo.net\/wordpress\/","name":"Zapateneo","description":"Zapateneoaren webgunea","publisher":{"@id":"https:\/\/zapateneo.net\/wordpress\/#organization"},"potentialAction":[{"@type":"SearchAction","target":{"@type":"EntryPoint","urlTemplate":"https:\/\/zapateneo.net\/wordpress\/?s={search_term_string}"},"query-input":{"@type":"PropertyValueSpecification","valueRequired":true,"valueName":"search_term_string"}}],"inLanguage":"es"},{"@type":"Organization","@id":"https:\/\/zapateneo.net\/wordpress\/#organization","name":"Zapateneo Kultur Elkartea","url":"https:\/\/zapateneo.net\/wordpress\/","logo":{"@type":"ImageObject","inLanguage":"es","@id":"https:\/\/zapateneo.net\/wordpress\/#\/schema\/logo\/image\/","url":"https:\/\/zapateneo.net\/wordpress\/wp-content\/uploads\/2021\/04\/zap-libu-kolec.jpg","contentUrl":"https:\/\/zapateneo.net\/wordpress\/wp-content\/uploads\/2021\/04\/zap-libu-kolec.jpg","width":2234,"height":398,"caption":"Zapateneo Kultur Elkartea"},"image":{"@id":"https:\/\/zapateneo.net\/wordpress\/#\/schema\/logo\/image\/"},"sameAs":["https:\/\/x.com\/zapateneo"]}]}},"_links":{"self":[{"href":"https:\/\/zapateneo.net\/wordpress\/index.php\/wp-json\/wp\/v2\/product\/12202","targetHints":{"allow":["GET"]}}],"collection":[{"href":"https:\/\/zapateneo.net\/wordpress\/index.php\/wp-json\/wp\/v2\/product"}],"about":[{"href":"https:\/\/zapateneo.net\/wordpress\/index.php\/wp-json\/wp\/v2\/types\/product"}],"wp:featuredmedia":[{"embeddable":true,"href":"https:\/\/zapateneo.net\/wordpress\/index.php\/wp-json\/wp\/v2\/media\/12216"}],"wp:attachment":[{"href":"https:\/\/zapateneo.net\/wordpress\/index.php\/wp-json\/wp\/v2\/media?parent=12202"}],"wp:term":[{"taxonomy":"product_brand","embeddable":true,"href":"https:\/\/zapateneo.net\/wordpress\/index.php\/wp-json\/wp\/v2\/product_brand?post=12202"},{"taxonomy":"product_cat","embeddable":true,"href":"https:\/\/zapateneo.net\/wordpress\/index.php\/wp-json\/wp\/v2\/product_cat?post=12202"},{"taxonomy":"product_tag","embeddable":true,"href":"https:\/\/zapateneo.net\/wordpress\/index.php\/wp-json\/wp\/v2\/product_tag?post=12202"}],"curies":[{"name":"wp","href":"https:\/\/api.w.org\/{rel}","templated":true}]}}