{"id":12200,"date":"2022-11-26T16:39:36","date_gmt":"2022-11-26T15:39:36","guid":{"rendered":"https:\/\/zapateneo.net\/wordpress\/?post_type=product&#038;p=12200"},"modified":"2022-11-26T16:39:42","modified_gmt":"2022-11-26T15:39:42","slug":"procreacion-escritura-y-maternidad-en-la-espana-contemporanea","status":"publish","type":"product","link":"https:\/\/zapateneo.net\/wordpress\/index.php\/producto\/procreacion-escritura-y-maternidad-en-la-espana-contemporanea\/","title":{"rendered":"(PRO)CREACI\u00d3N. Escritura y maternidad en la Espa\u00f1a contempor\u00e1nea"},"content":{"rendered":"<p>Si toda la literatura nace a partir de un conflicto, las obras que surgen de la ambivalencia materna tienen todos los ingredientes necesarios para ser consideradas literatura universal, a pesar de que no hayan encontrado a\u00fan su sitio en el canon. (Pro)creaci\u00f3n explora la literatura de la gestaci\u00f3n y, desde la cr\u00edtica literaria, investiga c\u00f3mo distintas autoras de la Espa\u00f1a contempor\u00e1nea han plasmado su relaci\u00f3n con la procreaci\u00f3n en lenguaje art\u00edstico.<\/p>\n<p>En di\u00e1logo con teor\u00edas sobre la escritura del yo, la cr\u00edtica feminista y estudios recientes sobre reproducci\u00f3n, este volumen parte del presente para examinar el proceso procreativo en la novela autobiogr\u00e1fica, el diario epistolar y la cr\u00f3nica personal, tomando como referencia tres obras representativas: Qui\u00e9n quiere ser madre, de Silvia Nanclares (2017); Tiempo de espera, de Carme Riera (1998); y Nueve lunas, de Gabriela Wiener (2004).<\/p>\n<p>En estas p\u00e1ginas se demuestra que textualizar, desde el punto de vista del sujeto gestante, un evento tradicionalmente silenciado permite reclamar los aspectos sociales y pol\u00edticos de la reproducci\u00f3n, as\u00ed como la agencia materna en un proceso que es a un tiempo creativo y reproductivo. Al vincular reproducci\u00f3n y escritura, las autoras analizadas abren nuevas posibilidades expresivas que retan la concepci\u00f3n androc\u00e9ntrica del sujeto, reivindicando los aspectos afectivos de la relacionalidad que se establece durante la b\u00fasqueda de la concepci\u00f3n y la gestaci\u00f3n. De esta manera la expresi\u00f3n del afecto \u2014emoci\u00f3n corporal\u2014 problematiza el binarismo del pensamiento occidental, visibilizando la uni\u00f3n insoluble de la mente y el cuerpo que crea y procrea.<\/p>\n<p>A pesar de que la procreaci\u00f3n se ha confinado a un silencio literario, esto no implica un vac\u00edo: es, por el contrario, un silencio el\u00e1stico y din\u00e1mico que se ha ido llenando de preguntas cr\u00edticas para dar lugar a un debate ya inaplazable. Este libro procura mantener activa esa conversaci\u00f3n para que no se quede, como ha sucedido tradicionalmente con los asuntos relativos al mundo materno, en mero murmullo.<\/p>\n<p>Olga Albarr\u00e1n Caselles es doctora en Estudios Hisp\u00e1nicos por la Universidad de British Columbia, Canad\u00e1. Estudi\u00f3 Filolog\u00eda Hisp\u00e1nica y realiz\u00f3 un M\u00e1ster en Estudios Literarios en la Universidad Complutense de Madrid. Sus \u00e1reas de investigaci\u00f3n incluyen la narrativa contempor\u00e1nea, los estudios de g\u00e9nero y las representaciones culturales de las madres y la maternidad a ambos lados del Atl\u00e1ntico. Actualmente, ense\u00f1a espa\u00f1ol en UBC.<\/p>\n","protected":false},"excerpt":{"rendered":"<p><strong>Olga Albarr\u00e1n Caselles<\/strong><br \/>\n9788479547929 &#8211; Libertarias &#8211; 2022 &#8211; 288 p\u00e1ginas \/orri.<\/p>\n","protected":false},"featured_media":12214,"template":"","meta":[],"product_brand":[],"product_cat":[174,16],"product_tag":[410,5744],"class_list":{"0":"post-12200","1":"product","2":"type-product","3":"status-publish","4":"has-post-thumbnail","6":"product_cat-generoak-generos","7":"product_cat-libros","8":"product_tag-libertarias","9":"product_tag-olga-albarran-caselles","11":"first","12":"instock","13":"sold-individually","14":"shipping-taxable","15":"purchasable","16":"product-type-simple"},"yoast_head":"<!-- This site is optimized with the Yoast SEO plugin v27.3 - https:\/\/yoast.com\/product\/yoast-seo-wordpress\/ -->\n<title>(PRO)CREACI\u00d3N. Escritura y maternidad en la Espa\u00f1a contempor\u00e1nea &#8212; Zapateneo<\/title>\n<meta name=\"robots\" content=\"index, follow, max-snippet:-1, max-image-preview:large, max-video-preview:-1\" \/>\n<link rel=\"canonical\" href=\"https:\/\/zapateneo.net\/wordpress\/index.php\/producto\/procreacion-escritura-y-maternidad-en-la-espana-contemporanea\/\" \/>\n<meta property=\"og:locale\" content=\"es_ES\" \/>\n<meta property=\"og:type\" content=\"article\" \/>\n<meta property=\"og:title\" content=\"(PRO)CREACI\u00d3N. Escritura y maternidad en la Espa\u00f1a contempor\u00e1nea &#8212; Zapateneo\" \/>\n<meta property=\"og:description\" content=\"Olga Albarr\u00e1n Caselles 9788479547929 - Libertarias - 2022 - 288 p\u00e1ginas \/orri.\" \/>\n<meta property=\"og:url\" content=\"https:\/\/zapateneo.net\/wordpress\/index.php\/producto\/procreacion-escritura-y-maternidad-en-la-espana-contemporanea\/\" \/>\n<meta property=\"og:site_name\" content=\"Zapateneo\" \/>\n<meta property=\"article:modified_time\" content=\"2022-11-26T15:39:42+00:00\" \/>\n<meta name=\"twitter:card\" content=\"summary_large_image\" \/>\n<meta name=\"twitter:site\" content=\"@zapateneo\" \/>\n<meta name=\"twitter:label1\" content=\"Tiempo de lectura\" \/>\n\t<meta name=\"twitter:data1\" content=\"2 minutos\" \/>\n<script type=\"application\/ld+json\" class=\"yoast-schema-graph\">{\"@context\":\"https:\\\/\\\/schema.org\",\"@graph\":[{\"@type\":\"WebPage\",\"@id\":\"https:\\\/\\\/zapateneo.net\\\/wordpress\\\/index.php\\\/producto\\\/procreacion-escritura-y-maternidad-en-la-espana-contemporanea\\\/\",\"url\":\"https:\\\/\\\/zapateneo.net\\\/wordpress\\\/index.php\\\/producto\\\/procreacion-escritura-y-maternidad-en-la-espana-contemporanea\\\/\",\"name\":\"(PRO)CREACI\u00d3N. Escritura y maternidad en la Espa\u00f1a contempor\u00e1nea &#8212; Zapateneo\",\"isPartOf\":{\"@id\":\"https:\\\/\\\/zapateneo.net\\\/wordpress\\\/#website\"},\"primaryImageOfPage\":{\"@id\":\"https:\\\/\\\/zapateneo.net\\\/wordpress\\\/index.php\\\/producto\\\/procreacion-escritura-y-maternidad-en-la-espana-contemporanea\\\/#primaryimage\"},\"image\":{\"@id\":\"https:\\\/\\\/zapateneo.net\\\/wordpress\\\/index.php\\\/producto\\\/procreacion-escritura-y-maternidad-en-la-espana-contemporanea\\\/#primaryimage\"},\"thumbnailUrl\":\"https:\\\/\\\/zapateneo.net\\\/wordpress\\\/wp-content\\\/uploads\\\/2022\\\/11\\\/procreacion-9788479547929.jpg\",\"datePublished\":\"2022-11-26T15:39:36+00:00\",\"dateModified\":\"2022-11-26T15:39:42+00:00\",\"breadcrumb\":{\"@id\":\"https:\\\/\\\/zapateneo.net\\\/wordpress\\\/index.php\\\/producto\\\/procreacion-escritura-y-maternidad-en-la-espana-contemporanea\\\/#breadcrumb\"},\"inLanguage\":\"es\",\"potentialAction\":[{\"@type\":\"ReadAction\",\"target\":[\"https:\\\/\\\/zapateneo.net\\\/wordpress\\\/index.php\\\/producto\\\/procreacion-escritura-y-maternidad-en-la-espana-contemporanea\\\/\"]}]},{\"@type\":\"ImageObject\",\"inLanguage\":\"es\",\"@id\":\"https:\\\/\\\/zapateneo.net\\\/wordpress\\\/index.php\\\/producto\\\/procreacion-escritura-y-maternidad-en-la-espana-contemporanea\\\/#primaryimage\",\"url\":\"https:\\\/\\\/zapateneo.net\\\/wordpress\\\/wp-content\\\/uploads\\\/2022\\\/11\\\/procreacion-9788479547929.jpg\",\"contentUrl\":\"https:\\\/\\\/zapateneo.net\\\/wordpress\\\/wp-content\\\/uploads\\\/2022\\\/11\\\/procreacion-9788479547929.jpg\",\"width\":269,\"height\":400},{\"@type\":\"BreadcrumbList\",\"@id\":\"https:\\\/\\\/zapateneo.net\\\/wordpress\\\/index.php\\\/producto\\\/procreacion-escritura-y-maternidad-en-la-espana-contemporanea\\\/#breadcrumb\",\"itemListElement\":[{\"@type\":\"ListItem\",\"position\":1,\"name\":\"Portada\",\"item\":\"https:\\\/\\\/zapateneo.net\\\/wordpress\\\/\"},{\"@type\":\"ListItem\",\"position\":2,\"name\":\"Tienda\",\"item\":\"https:\\\/\\\/zapateneo.net\\\/wordpress\\\/\"},{\"@type\":\"ListItem\",\"position\":3,\"name\":\"(PRO)CREACI\u00d3N. Escritura y maternidad en la Espa\u00f1a contempor\u00e1nea\"}]},{\"@type\":\"WebSite\",\"@id\":\"https:\\\/\\\/zapateneo.net\\\/wordpress\\\/#website\",\"url\":\"https:\\\/\\\/zapateneo.net\\\/wordpress\\\/\",\"name\":\"Zapateneo\",\"description\":\"Zapateneoaren webgunea\",\"publisher\":{\"@id\":\"https:\\\/\\\/zapateneo.net\\\/wordpress\\\/#organization\"},\"potentialAction\":[{\"@type\":\"SearchAction\",\"target\":{\"@type\":\"EntryPoint\",\"urlTemplate\":\"https:\\\/\\\/zapateneo.net\\\/wordpress\\\/?s={search_term_string}\"},\"query-input\":{\"@type\":\"PropertyValueSpecification\",\"valueRequired\":true,\"valueName\":\"search_term_string\"}}],\"inLanguage\":\"es\"},{\"@type\":\"Organization\",\"@id\":\"https:\\\/\\\/zapateneo.net\\\/wordpress\\\/#organization\",\"name\":\"Zapateneo Kultur Elkartea\",\"url\":\"https:\\\/\\\/zapateneo.net\\\/wordpress\\\/\",\"logo\":{\"@type\":\"ImageObject\",\"inLanguage\":\"es\",\"@id\":\"https:\\\/\\\/zapateneo.net\\\/wordpress\\\/#\\\/schema\\\/logo\\\/image\\\/\",\"url\":\"https:\\\/\\\/zapateneo.net\\\/wordpress\\\/wp-content\\\/uploads\\\/2021\\\/04\\\/zap-libu-kolec.jpg\",\"contentUrl\":\"https:\\\/\\\/zapateneo.net\\\/wordpress\\\/wp-content\\\/uploads\\\/2021\\\/04\\\/zap-libu-kolec.jpg\",\"width\":2234,\"height\":398,\"caption\":\"Zapateneo Kultur Elkartea\"},\"image\":{\"@id\":\"https:\\\/\\\/zapateneo.net\\\/wordpress\\\/#\\\/schema\\\/logo\\\/image\\\/\"},\"sameAs\":[\"https:\\\/\\\/x.com\\\/zapateneo\"]}]}<\/script>\n<!-- \/ Yoast SEO plugin. -->","yoast_head_json":{"title":"(PRO)CREACI\u00d3N. Escritura y maternidad en la Espa\u00f1a contempor\u00e1nea &#8212; Zapateneo","robots":{"index":"index","follow":"follow","max-snippet":"max-snippet:-1","max-image-preview":"max-image-preview:large","max-video-preview":"max-video-preview:-1"},"canonical":"https:\/\/zapateneo.net\/wordpress\/index.php\/producto\/procreacion-escritura-y-maternidad-en-la-espana-contemporanea\/","og_locale":"es_ES","og_type":"article","og_title":"(PRO)CREACI\u00d3N. Escritura y maternidad en la Espa\u00f1a contempor\u00e1nea &#8212; Zapateneo","og_description":"Olga Albarr\u00e1n Caselles 9788479547929 - Libertarias - 2022 - 288 p\u00e1ginas \/orri.","og_url":"https:\/\/zapateneo.net\/wordpress\/index.php\/producto\/procreacion-escritura-y-maternidad-en-la-espana-contemporanea\/","og_site_name":"Zapateneo","article_modified_time":"2022-11-26T15:39:42+00:00","twitter_card":"summary_large_image","twitter_site":"@zapateneo","twitter_misc":{"Tiempo de lectura":"2 minutos"},"schema":{"@context":"https:\/\/schema.org","@graph":[{"@type":"WebPage","@id":"https:\/\/zapateneo.net\/wordpress\/index.php\/producto\/procreacion-escritura-y-maternidad-en-la-espana-contemporanea\/","url":"https:\/\/zapateneo.net\/wordpress\/index.php\/producto\/procreacion-escritura-y-maternidad-en-la-espana-contemporanea\/","name":"(PRO)CREACI\u00d3N. Escritura y maternidad en la Espa\u00f1a contempor\u00e1nea &#8212; Zapateneo","isPartOf":{"@id":"https:\/\/zapateneo.net\/wordpress\/#website"},"primaryImageOfPage":{"@id":"https:\/\/zapateneo.net\/wordpress\/index.php\/producto\/procreacion-escritura-y-maternidad-en-la-espana-contemporanea\/#primaryimage"},"image":{"@id":"https:\/\/zapateneo.net\/wordpress\/index.php\/producto\/procreacion-escritura-y-maternidad-en-la-espana-contemporanea\/#primaryimage"},"thumbnailUrl":"https:\/\/zapateneo.net\/wordpress\/wp-content\/uploads\/2022\/11\/procreacion-9788479547929.jpg","datePublished":"2022-11-26T15:39:36+00:00","dateModified":"2022-11-26T15:39:42+00:00","breadcrumb":{"@id":"https:\/\/zapateneo.net\/wordpress\/index.php\/producto\/procreacion-escritura-y-maternidad-en-la-espana-contemporanea\/#breadcrumb"},"inLanguage":"es","potentialAction":[{"@type":"ReadAction","target":["https:\/\/zapateneo.net\/wordpress\/index.php\/producto\/procreacion-escritura-y-maternidad-en-la-espana-contemporanea\/"]}]},{"@type":"ImageObject","inLanguage":"es","@id":"https:\/\/zapateneo.net\/wordpress\/index.php\/producto\/procreacion-escritura-y-maternidad-en-la-espana-contemporanea\/#primaryimage","url":"https:\/\/zapateneo.net\/wordpress\/wp-content\/uploads\/2022\/11\/procreacion-9788479547929.jpg","contentUrl":"https:\/\/zapateneo.net\/wordpress\/wp-content\/uploads\/2022\/11\/procreacion-9788479547929.jpg","width":269,"height":400},{"@type":"BreadcrumbList","@id":"https:\/\/zapateneo.net\/wordpress\/index.php\/producto\/procreacion-escritura-y-maternidad-en-la-espana-contemporanea\/#breadcrumb","itemListElement":[{"@type":"ListItem","position":1,"name":"Portada","item":"https:\/\/zapateneo.net\/wordpress\/"},{"@type":"ListItem","position":2,"name":"Tienda","item":"https:\/\/zapateneo.net\/wordpress\/"},{"@type":"ListItem","position":3,"name":"(PRO)CREACI\u00d3N. Escritura y maternidad en la Espa\u00f1a contempor\u00e1nea"}]},{"@type":"WebSite","@id":"https:\/\/zapateneo.net\/wordpress\/#website","url":"https:\/\/zapateneo.net\/wordpress\/","name":"Zapateneo","description":"Zapateneoaren webgunea","publisher":{"@id":"https:\/\/zapateneo.net\/wordpress\/#organization"},"potentialAction":[{"@type":"SearchAction","target":{"@type":"EntryPoint","urlTemplate":"https:\/\/zapateneo.net\/wordpress\/?s={search_term_string}"},"query-input":{"@type":"PropertyValueSpecification","valueRequired":true,"valueName":"search_term_string"}}],"inLanguage":"es"},{"@type":"Organization","@id":"https:\/\/zapateneo.net\/wordpress\/#organization","name":"Zapateneo Kultur Elkartea","url":"https:\/\/zapateneo.net\/wordpress\/","logo":{"@type":"ImageObject","inLanguage":"es","@id":"https:\/\/zapateneo.net\/wordpress\/#\/schema\/logo\/image\/","url":"https:\/\/zapateneo.net\/wordpress\/wp-content\/uploads\/2021\/04\/zap-libu-kolec.jpg","contentUrl":"https:\/\/zapateneo.net\/wordpress\/wp-content\/uploads\/2021\/04\/zap-libu-kolec.jpg","width":2234,"height":398,"caption":"Zapateneo Kultur Elkartea"},"image":{"@id":"https:\/\/zapateneo.net\/wordpress\/#\/schema\/logo\/image\/"},"sameAs":["https:\/\/x.com\/zapateneo"]}]}},"_links":{"self":[{"href":"https:\/\/zapateneo.net\/wordpress\/index.php\/wp-json\/wp\/v2\/product\/12200","targetHints":{"allow":["GET"]}}],"collection":[{"href":"https:\/\/zapateneo.net\/wordpress\/index.php\/wp-json\/wp\/v2\/product"}],"about":[{"href":"https:\/\/zapateneo.net\/wordpress\/index.php\/wp-json\/wp\/v2\/types\/product"}],"wp:featuredmedia":[{"embeddable":true,"href":"https:\/\/zapateneo.net\/wordpress\/index.php\/wp-json\/wp\/v2\/media\/12214"}],"wp:attachment":[{"href":"https:\/\/zapateneo.net\/wordpress\/index.php\/wp-json\/wp\/v2\/media?parent=12200"}],"wp:term":[{"taxonomy":"product_brand","embeddable":true,"href":"https:\/\/zapateneo.net\/wordpress\/index.php\/wp-json\/wp\/v2\/product_brand?post=12200"},{"taxonomy":"product_cat","embeddable":true,"href":"https:\/\/zapateneo.net\/wordpress\/index.php\/wp-json\/wp\/v2\/product_cat?post=12200"},{"taxonomy":"product_tag","embeddable":true,"href":"https:\/\/zapateneo.net\/wordpress\/index.php\/wp-json\/wp\/v2\/product_tag?post=12200"}],"curies":[{"name":"wp","href":"https:\/\/api.w.org\/{rel}","templated":true}]}}