{"id":12199,"date":"2022-11-26T16:39:35","date_gmt":"2022-11-26T15:39:35","guid":{"rendered":"https:\/\/zapateneo.net\/wordpress\/?post_type=product&#038;p=12199"},"modified":"2023-04-12T16:01:38","modified_gmt":"2023-04-12T15:01:38","slug":"los-caminos-del-comunismo-libertario-en-espana-1868-1937","status":"publish","type":"product","link":"https:\/\/zapateneo.net\/wordpress\/index.php\/producto\/los-caminos-del-comunismo-libertario-en-espana-1868-1937\/","title":{"rendered":"LOS CAMINOS DEL COMUNISMO LIBERTARIO EN ESPA\u00d1A (1868-1937)"},"content":{"rendered":"<p>La idea de la Anarqu\u00eda en Espa\u00f1a nunca fue monol\u00edtica, sino que se fragu\u00f3 con la pr\u00e1ctica y con unas ricas discusiones en la calle, en las f\u00e1bricas, en los grupos de afinidad, en los ateneos, y con un trabajo editorial digno de reverencia, hasta llegar al intento m\u00e1s amplio y s\u00f3lido de construir el para\u00edso en la tierra de los \u00faltimos tiempos. Myrtille, gran conocedora de la revoluci\u00f3n espa\u00f1ola de 1936 \u2014a su impresionante trabajo con otros Gimen\u00f3logos Del amor, la guerra y la revoluci\u00f3n nos remitimos\u2014, emprende un interesant\u00edsimo recorrido, sin perder de vista el momento presente, para comprender mejor el desarrollo del pensamiento y la pr\u00e1ctica del movimiento libertario ib\u00e9rico.<\/p>\n<p>Esta obra permite conocer las ra\u00edces de las ideas anarquistas, sus impulsos, sus audacias, sus limitaciones y sus grandezas. Y sobre todo sus discusiones fundacionales, que a\u00fan siguen vigentes y poco o nada tienen que ver con los ensimismamientos pseudote\u00f3ricos actuales.<\/p>\n<p>[&#8230;] Los anarquistas rechazan toda ley econ\u00f3mica, pol\u00edtica o jur\u00eddica [&#8230;]. Hoy nos paga el burgu\u00e9s. Ma\u00f1ana nos pagar\u00eda el Estado. \u00bfQu\u00e9 m\u00e1s da? El salario ser\u00eda la regla siempre, y el salario es precisamente el signo de la moderna esclavitud. Se cambian las formas, pero el fondo subsiste. Quien dependa de un jornal, sea en la forma que fuere, no puede considerarse hombre libre. [\u2026] Ni gobierno ni salario. [&#8230;]<br \/>\n\u00abEl 1.\u00b0 de Mayo\u00bb [Imprenta La Puritana, Barcelona, 1892]<\/p>\n<p>Myrtille es gimen\u00f3loga. [Los Gimen\u00f3logos son un grupo de historiadores-investigadores no profesionales (con todas las ventajas que esto conlleva) interesados en todo lo relacionado con la Revoluci\u00f3n Social que se dio en amplias zonas de la Espa\u00f1a de 1936. La gimenolog\u00eda \u2014ciencia que estudia las andanzas de los ilustres y ut\u00f3picos desconocidos\u2014 es una disciplina que no deja de extenderse].<\/p>\n","protected":false},"excerpt":{"rendered":"<p><strong>Myrtille Gonzalbo<\/strong><br \/>\n9788418998041 &#8211; FAL, Pepitas de calabaza &#8211; 2022 &#8211; 192 p\u00e1ginas \/orri.<\/p>\n","protected":false},"featured_media":12213,"template":"","meta":[],"product_brand":[],"product_cat":[1868,16],"product_tag":[561,5743,47],"class_list":{"0":"post-12199","1":"product","2":"type-product","3":"status-publish","4":"has-post-thumbnail","6":"product_cat-anarkismoa-anarquismo","7":"product_cat-libros","8":"product_tag-fundacion-anselmo-lorenzo","9":"product_tag-myrtille-gonzalbo","10":"product_tag-pepitas-de-calabaza","12":"first","13":"instock","14":"sold-individually","15":"shipping-taxable","16":"purchasable","17":"product-type-simple"},"yoast_head":"<!-- This site is optimized with the Yoast SEO plugin v27.3 - https:\/\/yoast.com\/product\/yoast-seo-wordpress\/ -->\n<title>LOS CAMINOS DEL COMUNISMO LIBERTARIO EN ESPA\u00d1A (1868-1937) &#8212; Zapateneo<\/title>\n<meta name=\"robots\" content=\"index, follow, max-snippet:-1, max-image-preview:large, max-video-preview:-1\" \/>\n<link rel=\"canonical\" href=\"https:\/\/zapateneo.net\/wordpress\/index.php\/producto\/los-caminos-del-comunismo-libertario-en-espana-1868-1937\/\" \/>\n<meta property=\"og:locale\" content=\"es_ES\" \/>\n<meta property=\"og:type\" content=\"article\" \/>\n<meta property=\"og:title\" content=\"LOS CAMINOS DEL COMUNISMO LIBERTARIO EN ESPA\u00d1A (1868-1937) &#8212; Zapateneo\" \/>\n<meta property=\"og:description\" content=\"Myrtille Gonzalbo 9788418998041 - FAL, Pepitas de calabaza - 2022 - 192 p\u00e1ginas \/orri.\" \/>\n<meta property=\"og:url\" content=\"https:\/\/zapateneo.net\/wordpress\/index.php\/producto\/los-caminos-del-comunismo-libertario-en-espana-1868-1937\/\" \/>\n<meta property=\"og:site_name\" content=\"Zapateneo\" \/>\n<meta property=\"article:modified_time\" content=\"2023-04-12T15:01:38+00:00\" \/>\n<meta property=\"og:image\" content=\"https:\/\/zapateneo.net\/wordpress\/wp-content\/uploads\/2022\/11\/los-caminos-del-comunismo-libertario-en-espana-9788418998041.jpg\" \/>\n\t<meta property=\"og:image:width\" content=\"277\" \/>\n\t<meta property=\"og:image:height\" content=\"400\" \/>\n\t<meta property=\"og:image:type\" content=\"image\/jpeg\" \/>\n<meta name=\"twitter:card\" content=\"summary_large_image\" \/>\n<meta name=\"twitter:site\" content=\"@zapateneo\" \/>\n<meta name=\"twitter:label1\" content=\"Tiempo de lectura\" \/>\n\t<meta name=\"twitter:data1\" content=\"2 minutos\" \/>\n<script type=\"application\/ld+json\" class=\"yoast-schema-graph\">{\"@context\":\"https:\\\/\\\/schema.org\",\"@graph\":[{\"@type\":\"WebPage\",\"@id\":\"https:\\\/\\\/zapateneo.net\\\/wordpress\\\/index.php\\\/producto\\\/los-caminos-del-comunismo-libertario-en-espana-1868-1937\\\/\",\"url\":\"https:\\\/\\\/zapateneo.net\\\/wordpress\\\/index.php\\\/producto\\\/los-caminos-del-comunismo-libertario-en-espana-1868-1937\\\/\",\"name\":\"LOS CAMINOS DEL COMUNISMO LIBERTARIO EN ESPA\u00d1A (1868-1937) &#8212; Zapateneo\",\"isPartOf\":{\"@id\":\"https:\\\/\\\/zapateneo.net\\\/wordpress\\\/#website\"},\"primaryImageOfPage\":{\"@id\":\"https:\\\/\\\/zapateneo.net\\\/wordpress\\\/index.php\\\/producto\\\/los-caminos-del-comunismo-libertario-en-espana-1868-1937\\\/#primaryimage\"},\"image\":{\"@id\":\"https:\\\/\\\/zapateneo.net\\\/wordpress\\\/index.php\\\/producto\\\/los-caminos-del-comunismo-libertario-en-espana-1868-1937\\\/#primaryimage\"},\"thumbnailUrl\":\"https:\\\/\\\/zapateneo.net\\\/wordpress\\\/wp-content\\\/uploads\\\/2022\\\/11\\\/los-caminos-del-comunismo-libertario-en-espana-9788418998041.jpg\",\"datePublished\":\"2022-11-26T15:39:35+00:00\",\"dateModified\":\"2023-04-12T15:01:38+00:00\",\"breadcrumb\":{\"@id\":\"https:\\\/\\\/zapateneo.net\\\/wordpress\\\/index.php\\\/producto\\\/los-caminos-del-comunismo-libertario-en-espana-1868-1937\\\/#breadcrumb\"},\"inLanguage\":\"es\",\"potentialAction\":[{\"@type\":\"ReadAction\",\"target\":[\"https:\\\/\\\/zapateneo.net\\\/wordpress\\\/index.php\\\/producto\\\/los-caminos-del-comunismo-libertario-en-espana-1868-1937\\\/\"]}]},{\"@type\":\"ImageObject\",\"inLanguage\":\"es\",\"@id\":\"https:\\\/\\\/zapateneo.net\\\/wordpress\\\/index.php\\\/producto\\\/los-caminos-del-comunismo-libertario-en-espana-1868-1937\\\/#primaryimage\",\"url\":\"https:\\\/\\\/zapateneo.net\\\/wordpress\\\/wp-content\\\/uploads\\\/2022\\\/11\\\/los-caminos-del-comunismo-libertario-en-espana-9788418998041.jpg\",\"contentUrl\":\"https:\\\/\\\/zapateneo.net\\\/wordpress\\\/wp-content\\\/uploads\\\/2022\\\/11\\\/los-caminos-del-comunismo-libertario-en-espana-9788418998041.jpg\",\"width\":277,\"height\":400},{\"@type\":\"BreadcrumbList\",\"@id\":\"https:\\\/\\\/zapateneo.net\\\/wordpress\\\/index.php\\\/producto\\\/los-caminos-del-comunismo-libertario-en-espana-1868-1937\\\/#breadcrumb\",\"itemListElement\":[{\"@type\":\"ListItem\",\"position\":1,\"name\":\"Portada\",\"item\":\"https:\\\/\\\/zapateneo.net\\\/wordpress\\\/\"},{\"@type\":\"ListItem\",\"position\":2,\"name\":\"Tienda\",\"item\":\"https:\\\/\\\/zapateneo.net\\\/wordpress\\\/\"},{\"@type\":\"ListItem\",\"position\":3,\"name\":\"LOS CAMINOS DEL COMUNISMO LIBERTARIO EN ESPA\u00d1A (1868-1937)\"}]},{\"@type\":\"WebSite\",\"@id\":\"https:\\\/\\\/zapateneo.net\\\/wordpress\\\/#website\",\"url\":\"https:\\\/\\\/zapateneo.net\\\/wordpress\\\/\",\"name\":\"Zapateneo\",\"description\":\"Zapateneoaren webgunea\",\"publisher\":{\"@id\":\"https:\\\/\\\/zapateneo.net\\\/wordpress\\\/#organization\"},\"potentialAction\":[{\"@type\":\"SearchAction\",\"target\":{\"@type\":\"EntryPoint\",\"urlTemplate\":\"https:\\\/\\\/zapateneo.net\\\/wordpress\\\/?s={search_term_string}\"},\"query-input\":{\"@type\":\"PropertyValueSpecification\",\"valueRequired\":true,\"valueName\":\"search_term_string\"}}],\"inLanguage\":\"es\"},{\"@type\":\"Organization\",\"@id\":\"https:\\\/\\\/zapateneo.net\\\/wordpress\\\/#organization\",\"name\":\"Zapateneo Kultur Elkartea\",\"url\":\"https:\\\/\\\/zapateneo.net\\\/wordpress\\\/\",\"logo\":{\"@type\":\"ImageObject\",\"inLanguage\":\"es\",\"@id\":\"https:\\\/\\\/zapateneo.net\\\/wordpress\\\/#\\\/schema\\\/logo\\\/image\\\/\",\"url\":\"https:\\\/\\\/zapateneo.net\\\/wordpress\\\/wp-content\\\/uploads\\\/2021\\\/04\\\/zap-libu-kolec.jpg\",\"contentUrl\":\"https:\\\/\\\/zapateneo.net\\\/wordpress\\\/wp-content\\\/uploads\\\/2021\\\/04\\\/zap-libu-kolec.jpg\",\"width\":2234,\"height\":398,\"caption\":\"Zapateneo Kultur Elkartea\"},\"image\":{\"@id\":\"https:\\\/\\\/zapateneo.net\\\/wordpress\\\/#\\\/schema\\\/logo\\\/image\\\/\"},\"sameAs\":[\"https:\\\/\\\/x.com\\\/zapateneo\"]}]}<\/script>\n<!-- \/ Yoast SEO plugin. -->","yoast_head_json":{"title":"LOS CAMINOS DEL COMUNISMO LIBERTARIO EN ESPA\u00d1A (1868-1937) &#8212; Zapateneo","robots":{"index":"index","follow":"follow","max-snippet":"max-snippet:-1","max-image-preview":"max-image-preview:large","max-video-preview":"max-video-preview:-1"},"canonical":"https:\/\/zapateneo.net\/wordpress\/index.php\/producto\/los-caminos-del-comunismo-libertario-en-espana-1868-1937\/","og_locale":"es_ES","og_type":"article","og_title":"LOS CAMINOS DEL COMUNISMO LIBERTARIO EN ESPA\u00d1A (1868-1937) &#8212; Zapateneo","og_description":"Myrtille Gonzalbo 9788418998041 - FAL, Pepitas de calabaza - 2022 - 192 p\u00e1ginas \/orri.","og_url":"https:\/\/zapateneo.net\/wordpress\/index.php\/producto\/los-caminos-del-comunismo-libertario-en-espana-1868-1937\/","og_site_name":"Zapateneo","article_modified_time":"2023-04-12T15:01:38+00:00","og_image":[{"width":277,"height":400,"url":"https:\/\/zapateneo.net\/wordpress\/wp-content\/uploads\/2022\/11\/los-caminos-del-comunismo-libertario-en-espana-9788418998041.jpg","type":"image\/jpeg"}],"twitter_card":"summary_large_image","twitter_site":"@zapateneo","twitter_misc":{"Tiempo de lectura":"2 minutos"},"schema":{"@context":"https:\/\/schema.org","@graph":[{"@type":"WebPage","@id":"https:\/\/zapateneo.net\/wordpress\/index.php\/producto\/los-caminos-del-comunismo-libertario-en-espana-1868-1937\/","url":"https:\/\/zapateneo.net\/wordpress\/index.php\/producto\/los-caminos-del-comunismo-libertario-en-espana-1868-1937\/","name":"LOS CAMINOS DEL COMUNISMO LIBERTARIO EN ESPA\u00d1A (1868-1937) &#8212; Zapateneo","isPartOf":{"@id":"https:\/\/zapateneo.net\/wordpress\/#website"},"primaryImageOfPage":{"@id":"https:\/\/zapateneo.net\/wordpress\/index.php\/producto\/los-caminos-del-comunismo-libertario-en-espana-1868-1937\/#primaryimage"},"image":{"@id":"https:\/\/zapateneo.net\/wordpress\/index.php\/producto\/los-caminos-del-comunismo-libertario-en-espana-1868-1937\/#primaryimage"},"thumbnailUrl":"https:\/\/zapateneo.net\/wordpress\/wp-content\/uploads\/2022\/11\/los-caminos-del-comunismo-libertario-en-espana-9788418998041.jpg","datePublished":"2022-11-26T15:39:35+00:00","dateModified":"2023-04-12T15:01:38+00:00","breadcrumb":{"@id":"https:\/\/zapateneo.net\/wordpress\/index.php\/producto\/los-caminos-del-comunismo-libertario-en-espana-1868-1937\/#breadcrumb"},"inLanguage":"es","potentialAction":[{"@type":"ReadAction","target":["https:\/\/zapateneo.net\/wordpress\/index.php\/producto\/los-caminos-del-comunismo-libertario-en-espana-1868-1937\/"]}]},{"@type":"ImageObject","inLanguage":"es","@id":"https:\/\/zapateneo.net\/wordpress\/index.php\/producto\/los-caminos-del-comunismo-libertario-en-espana-1868-1937\/#primaryimage","url":"https:\/\/zapateneo.net\/wordpress\/wp-content\/uploads\/2022\/11\/los-caminos-del-comunismo-libertario-en-espana-9788418998041.jpg","contentUrl":"https:\/\/zapateneo.net\/wordpress\/wp-content\/uploads\/2022\/11\/los-caminos-del-comunismo-libertario-en-espana-9788418998041.jpg","width":277,"height":400},{"@type":"BreadcrumbList","@id":"https:\/\/zapateneo.net\/wordpress\/index.php\/producto\/los-caminos-del-comunismo-libertario-en-espana-1868-1937\/#breadcrumb","itemListElement":[{"@type":"ListItem","position":1,"name":"Portada","item":"https:\/\/zapateneo.net\/wordpress\/"},{"@type":"ListItem","position":2,"name":"Tienda","item":"https:\/\/zapateneo.net\/wordpress\/"},{"@type":"ListItem","position":3,"name":"LOS CAMINOS DEL COMUNISMO LIBERTARIO EN ESPA\u00d1A (1868-1937)"}]},{"@type":"WebSite","@id":"https:\/\/zapateneo.net\/wordpress\/#website","url":"https:\/\/zapateneo.net\/wordpress\/","name":"Zapateneo","description":"Zapateneoaren webgunea","publisher":{"@id":"https:\/\/zapateneo.net\/wordpress\/#organization"},"potentialAction":[{"@type":"SearchAction","target":{"@type":"EntryPoint","urlTemplate":"https:\/\/zapateneo.net\/wordpress\/?s={search_term_string}"},"query-input":{"@type":"PropertyValueSpecification","valueRequired":true,"valueName":"search_term_string"}}],"inLanguage":"es"},{"@type":"Organization","@id":"https:\/\/zapateneo.net\/wordpress\/#organization","name":"Zapateneo Kultur Elkartea","url":"https:\/\/zapateneo.net\/wordpress\/","logo":{"@type":"ImageObject","inLanguage":"es","@id":"https:\/\/zapateneo.net\/wordpress\/#\/schema\/logo\/image\/","url":"https:\/\/zapateneo.net\/wordpress\/wp-content\/uploads\/2021\/04\/zap-libu-kolec.jpg","contentUrl":"https:\/\/zapateneo.net\/wordpress\/wp-content\/uploads\/2021\/04\/zap-libu-kolec.jpg","width":2234,"height":398,"caption":"Zapateneo Kultur Elkartea"},"image":{"@id":"https:\/\/zapateneo.net\/wordpress\/#\/schema\/logo\/image\/"},"sameAs":["https:\/\/x.com\/zapateneo"]}]}},"_links":{"self":[{"href":"https:\/\/zapateneo.net\/wordpress\/index.php\/wp-json\/wp\/v2\/product\/12199","targetHints":{"allow":["GET"]}}],"collection":[{"href":"https:\/\/zapateneo.net\/wordpress\/index.php\/wp-json\/wp\/v2\/product"}],"about":[{"href":"https:\/\/zapateneo.net\/wordpress\/index.php\/wp-json\/wp\/v2\/types\/product"}],"wp:featuredmedia":[{"embeddable":true,"href":"https:\/\/zapateneo.net\/wordpress\/index.php\/wp-json\/wp\/v2\/media\/12213"}],"wp:attachment":[{"href":"https:\/\/zapateneo.net\/wordpress\/index.php\/wp-json\/wp\/v2\/media?parent=12199"}],"wp:term":[{"taxonomy":"product_brand","embeddable":true,"href":"https:\/\/zapateneo.net\/wordpress\/index.php\/wp-json\/wp\/v2\/product_brand?post=12199"},{"taxonomy":"product_cat","embeddable":true,"href":"https:\/\/zapateneo.net\/wordpress\/index.php\/wp-json\/wp\/v2\/product_cat?post=12199"},{"taxonomy":"product_tag","embeddable":true,"href":"https:\/\/zapateneo.net\/wordpress\/index.php\/wp-json\/wp\/v2\/product_tag?post=12199"}],"curies":[{"name":"wp","href":"https:\/\/api.w.org\/{rel}","templated":true}]}}