{"id":12174,"date":"2022-11-26T16:39:05","date_gmt":"2022-11-26T15:39:05","guid":{"rendered":"https:\/\/zapateneo.net\/wordpress\/?post_type=product&#038;p=12174"},"modified":"2023-04-12T16:01:51","modified_gmt":"2023-04-12T15:01:51","slug":"los-amigos-de-durruti-en-la-revolucion-espanola","status":"publish","type":"product","link":"https:\/\/zapateneo.net\/wordpress\/index.php\/producto\/los-amigos-de-durruti-en-la-revolucion-espanola\/","title":{"rendered":"LOS AMIGOS DE DURRUTI En la Revoluci\u00f3n Espa\u00f1ola"},"content":{"rendered":"<p>Los Amigos de Durruti fueron una de las puntas de lanza de la Revoluci\u00f3n espa\u00f1ola de 1936-1939. Nacidos en el seno de la Columna Durruti, fueron una asociaci\u00f3n formada por militantes de la cnt y la fai que se constituy\u00f3 con unos objetivos claros: promover la resistencia a la militarizaci\u00f3n, cuestionar la colaboraci\u00f3n con el Gobierno, impulsar la revoluci\u00f3n y frenar la contrarrevoluci\u00f3n. Y les toc\u00f3 denunciar sin tregua la entrada en el Gobierno de los anarquistas, la p\u00e9rdida de poder de los sindicatos y agrupaciones y la represi\u00f3n y encarcelamiento de trabajadores revolucionarios.<\/p>\n<p>Sus puntos de vista los situaron como el grupo m\u00e1s avanzado y l\u00facido del momento, y fueron una pieza clave en los hechos de Mayo del 37. Difamados, censurados y prohibidos por las autoridades, sus publicaciones \u2014principalmente El Amigo del Pueblo\u2014, que tambi\u00e9n sufrieron persecuci\u00f3n y censura, jugaron un papel crucial y todav\u00eda hoy son esenciales para entender aquel momento hist\u00f3rico.<\/p>\n<p>Con el rigor y la minuciosidad que lo caracterizan, Miquel Amor\u00f3s reconstruye, apoy\u00e1ndose en los escritos de Los Amigos de Durruti, la historia de este grupo que lo apost\u00f3 todo a ganar la guerra sin perder de vista ni por un momento el triunfo de la revoluci\u00f3n. A pesar de la abundant\u00edsima bibliograf\u00eda disponible, este ensayo hist\u00f3rico \u2014en el que se le da la palabra a sus protagonistas\u2014 constituye uno de los libros m\u00e1s completos que existen sobre el proceso revolucionario y contrarrevolucionario de la Espa\u00f1a de 1936.<\/p>\n<p>\u00abEl momento actual no tiene nada de revolucionario. La contrarrevoluci\u00f3n se siente con arrestos para cometer toda clase de desmanes. Las c\u00e1rceles est\u00e1n repletas de trabajadores. Las prerrogativas del proletariado est\u00e1n en franco declive [&#8230;]. No queda otro camino que el de una nueva revoluci\u00f3n. Vayamos a su preparaci\u00f3n. Y en el fragor de la nueva gesta nos volveremos a encontrar en la calle con los camaradas que hoy batallan en los frentes, los camaradas que yacen entre rejas y los camaradas que en la hora actual a\u00fan no han perdido la esperanza de una revoluci\u00f3n que rinda justicia a la clase trabajadora.\u00bb<\/p>\n<p>Miquel Amor\u00f3s En los a\u00f1os setenta, Miquel Amor\u00f3s contribuy\u00f3 a la formaci\u00f3n de varios grupos anarquistas ef\u00edmeros; durante la Transici\u00f3n mantuvo posiciones asamble\u00edstas en pro de la autonom\u00eda obrera y posteriormente form\u00f3 parte del equipo redactor de la revista Encyclop\u00e9die des Nuisances (1984-1992). Ha traducido varios libros \u2014La nuclearizaci\u00f3n del mundo de Jaime Semprun, por ejemplo, para Pepitas\u2014, ha escrito incontables folletos y art\u00edculos en la prensa libertaria y ha impartido infinidad de conferencias en las que ha analizado los diferentes frentes de la Cuesti\u00f3n Social, algunas de las cuales est\u00e1n recogidas en libros como Salida de emergencia, Las armas de la cr\u00edtica, Registro de cat\u00e1strofes, Desde abajo y desde afuera, A carne viva, Perspectivas antidesarrollistas o Golpes y contragolpes. Ha publicado, entre otros, los libros sobre la guerra civil espa\u00f1ola La revoluci\u00f3n traicionada, Durruti en el laberinto, Maroto, el h\u00e9roe y La Columna de Hierro.<\/p>\n","protected":false},"excerpt":{"rendered":"<p><strong>Miquel Amor\u00f3s<\/strong><br \/>\n9788418998072 &#8211; FAL, Pepitas de calabaza &#8211; 2022 &#8211; 312 p\u00e1ginas \/orri.<\/p>\n","protected":false},"featured_media":12212,"template":"","meta":[],"product_brand":[],"product_cat":[1868,16],"product_tag":[561,2097,47],"class_list":{"0":"post-12174","1":"product","2":"type-product","3":"status-publish","4":"has-post-thumbnail","6":"product_cat-anarkismoa-anarquismo","7":"product_cat-libros","8":"product_tag-fundacion-anselmo-lorenzo","9":"product_tag-miquel-amoros","10":"product_tag-pepitas-de-calabaza","12":"first","13":"instock","14":"sold-individually","15":"shipping-taxable","16":"purchasable","17":"product-type-simple"},"yoast_head":"<!-- This site is optimized with the Yoast SEO plugin v27.3 - https:\/\/yoast.com\/product\/yoast-seo-wordpress\/ -->\n<title>LOS AMIGOS DE DURRUTI En la Revoluci\u00f3n Espa\u00f1ola &#8212; Zapateneo<\/title>\n<meta name=\"robots\" content=\"index, follow, max-snippet:-1, max-image-preview:large, max-video-preview:-1\" \/>\n<link rel=\"canonical\" href=\"https:\/\/zapateneo.net\/wordpress\/index.php\/producto\/los-amigos-de-durruti-en-la-revolucion-espanola\/\" \/>\n<meta property=\"og:locale\" content=\"es_ES\" \/>\n<meta property=\"og:type\" content=\"article\" \/>\n<meta property=\"og:title\" content=\"LOS AMIGOS DE DURRUTI En la Revoluci\u00f3n Espa\u00f1ola &#8212; Zapateneo\" \/>\n<meta property=\"og:description\" content=\"Miquel Amor\u00f3s 9788418998072 - FAL, Pepitas de calabaza - 2022 - 312 p\u00e1ginas \/orri.\" \/>\n<meta property=\"og:url\" content=\"https:\/\/zapateneo.net\/wordpress\/index.php\/producto\/los-amigos-de-durruti-en-la-revolucion-espanola\/\" \/>\n<meta property=\"og:site_name\" content=\"Zapateneo\" \/>\n<meta property=\"article:modified_time\" content=\"2023-04-12T15:01:51+00:00\" \/>\n<meta property=\"og:image\" content=\"https:\/\/zapateneo.net\/wordpress\/wp-content\/uploads\/2022\/11\/los-amigos-de-durruti-fal-9788418998072.jpg\" \/>\n\t<meta property=\"og:image:width\" content=\"281\" \/>\n\t<meta property=\"og:image:height\" content=\"400\" \/>\n\t<meta property=\"og:image:type\" content=\"image\/jpeg\" \/>\n<meta name=\"twitter:card\" content=\"summary_large_image\" \/>\n<meta name=\"twitter:site\" content=\"@zapateneo\" \/>\n<meta name=\"twitter:label1\" content=\"Tiempo de lectura\" \/>\n\t<meta name=\"twitter:data1\" content=\"3 minutos\" \/>\n<script type=\"application\/ld+json\" class=\"yoast-schema-graph\">{\"@context\":\"https:\\\/\\\/schema.org\",\"@graph\":[{\"@type\":\"WebPage\",\"@id\":\"https:\\\/\\\/zapateneo.net\\\/wordpress\\\/index.php\\\/producto\\\/los-amigos-de-durruti-en-la-revolucion-espanola\\\/\",\"url\":\"https:\\\/\\\/zapateneo.net\\\/wordpress\\\/index.php\\\/producto\\\/los-amigos-de-durruti-en-la-revolucion-espanola\\\/\",\"name\":\"LOS AMIGOS DE DURRUTI En la Revoluci\u00f3n Espa\u00f1ola &#8212; Zapateneo\",\"isPartOf\":{\"@id\":\"https:\\\/\\\/zapateneo.net\\\/wordpress\\\/#website\"},\"primaryImageOfPage\":{\"@id\":\"https:\\\/\\\/zapateneo.net\\\/wordpress\\\/index.php\\\/producto\\\/los-amigos-de-durruti-en-la-revolucion-espanola\\\/#primaryimage\"},\"image\":{\"@id\":\"https:\\\/\\\/zapateneo.net\\\/wordpress\\\/index.php\\\/producto\\\/los-amigos-de-durruti-en-la-revolucion-espanola\\\/#primaryimage\"},\"thumbnailUrl\":\"https:\\\/\\\/zapateneo.net\\\/wordpress\\\/wp-content\\\/uploads\\\/2022\\\/11\\\/los-amigos-de-durruti-fal-9788418998072.jpg\",\"datePublished\":\"2022-11-26T15:39:05+00:00\",\"dateModified\":\"2023-04-12T15:01:51+00:00\",\"breadcrumb\":{\"@id\":\"https:\\\/\\\/zapateneo.net\\\/wordpress\\\/index.php\\\/producto\\\/los-amigos-de-durruti-en-la-revolucion-espanola\\\/#breadcrumb\"},\"inLanguage\":\"es\",\"potentialAction\":[{\"@type\":\"ReadAction\",\"target\":[\"https:\\\/\\\/zapateneo.net\\\/wordpress\\\/index.php\\\/producto\\\/los-amigos-de-durruti-en-la-revolucion-espanola\\\/\"]}]},{\"@type\":\"ImageObject\",\"inLanguage\":\"es\",\"@id\":\"https:\\\/\\\/zapateneo.net\\\/wordpress\\\/index.php\\\/producto\\\/los-amigos-de-durruti-en-la-revolucion-espanola\\\/#primaryimage\",\"url\":\"https:\\\/\\\/zapateneo.net\\\/wordpress\\\/wp-content\\\/uploads\\\/2022\\\/11\\\/los-amigos-de-durruti-fal-9788418998072.jpg\",\"contentUrl\":\"https:\\\/\\\/zapateneo.net\\\/wordpress\\\/wp-content\\\/uploads\\\/2022\\\/11\\\/los-amigos-de-durruti-fal-9788418998072.jpg\",\"width\":281,\"height\":400},{\"@type\":\"BreadcrumbList\",\"@id\":\"https:\\\/\\\/zapateneo.net\\\/wordpress\\\/index.php\\\/producto\\\/los-amigos-de-durruti-en-la-revolucion-espanola\\\/#breadcrumb\",\"itemListElement\":[{\"@type\":\"ListItem\",\"position\":1,\"name\":\"Portada\",\"item\":\"https:\\\/\\\/zapateneo.net\\\/wordpress\\\/\"},{\"@type\":\"ListItem\",\"position\":2,\"name\":\"Tienda\",\"item\":\"https:\\\/\\\/zapateneo.net\\\/wordpress\\\/\"},{\"@type\":\"ListItem\",\"position\":3,\"name\":\"LOS AMIGOS DE DURRUTI En la Revoluci\u00f3n Espa\u00f1ola\"}]},{\"@type\":\"WebSite\",\"@id\":\"https:\\\/\\\/zapateneo.net\\\/wordpress\\\/#website\",\"url\":\"https:\\\/\\\/zapateneo.net\\\/wordpress\\\/\",\"name\":\"Zapateneo\",\"description\":\"Zapateneoaren webgunea\",\"publisher\":{\"@id\":\"https:\\\/\\\/zapateneo.net\\\/wordpress\\\/#organization\"},\"potentialAction\":[{\"@type\":\"SearchAction\",\"target\":{\"@type\":\"EntryPoint\",\"urlTemplate\":\"https:\\\/\\\/zapateneo.net\\\/wordpress\\\/?s={search_term_string}\"},\"query-input\":{\"@type\":\"PropertyValueSpecification\",\"valueRequired\":true,\"valueName\":\"search_term_string\"}}],\"inLanguage\":\"es\"},{\"@type\":\"Organization\",\"@id\":\"https:\\\/\\\/zapateneo.net\\\/wordpress\\\/#organization\",\"name\":\"Zapateneo Kultur Elkartea\",\"url\":\"https:\\\/\\\/zapateneo.net\\\/wordpress\\\/\",\"logo\":{\"@type\":\"ImageObject\",\"inLanguage\":\"es\",\"@id\":\"https:\\\/\\\/zapateneo.net\\\/wordpress\\\/#\\\/schema\\\/logo\\\/image\\\/\",\"url\":\"https:\\\/\\\/zapateneo.net\\\/wordpress\\\/wp-content\\\/uploads\\\/2021\\\/04\\\/zap-libu-kolec.jpg\",\"contentUrl\":\"https:\\\/\\\/zapateneo.net\\\/wordpress\\\/wp-content\\\/uploads\\\/2021\\\/04\\\/zap-libu-kolec.jpg\",\"width\":2234,\"height\":398,\"caption\":\"Zapateneo Kultur Elkartea\"},\"image\":{\"@id\":\"https:\\\/\\\/zapateneo.net\\\/wordpress\\\/#\\\/schema\\\/logo\\\/image\\\/\"},\"sameAs\":[\"https:\\\/\\\/x.com\\\/zapateneo\"]}]}<\/script>\n<!-- \/ Yoast SEO plugin. -->","yoast_head_json":{"title":"LOS AMIGOS DE DURRUTI En la Revoluci\u00f3n Espa\u00f1ola &#8212; Zapateneo","robots":{"index":"index","follow":"follow","max-snippet":"max-snippet:-1","max-image-preview":"max-image-preview:large","max-video-preview":"max-video-preview:-1"},"canonical":"https:\/\/zapateneo.net\/wordpress\/index.php\/producto\/los-amigos-de-durruti-en-la-revolucion-espanola\/","og_locale":"es_ES","og_type":"article","og_title":"LOS AMIGOS DE DURRUTI En la Revoluci\u00f3n Espa\u00f1ola &#8212; Zapateneo","og_description":"Miquel Amor\u00f3s 9788418998072 - FAL, Pepitas de calabaza - 2022 - 312 p\u00e1ginas \/orri.","og_url":"https:\/\/zapateneo.net\/wordpress\/index.php\/producto\/los-amigos-de-durruti-en-la-revolucion-espanola\/","og_site_name":"Zapateneo","article_modified_time":"2023-04-12T15:01:51+00:00","og_image":[{"width":281,"height":400,"url":"https:\/\/zapateneo.net\/wordpress\/wp-content\/uploads\/2022\/11\/los-amigos-de-durruti-fal-9788418998072.jpg","type":"image\/jpeg"}],"twitter_card":"summary_large_image","twitter_site":"@zapateneo","twitter_misc":{"Tiempo de lectura":"3 minutos"},"schema":{"@context":"https:\/\/schema.org","@graph":[{"@type":"WebPage","@id":"https:\/\/zapateneo.net\/wordpress\/index.php\/producto\/los-amigos-de-durruti-en-la-revolucion-espanola\/","url":"https:\/\/zapateneo.net\/wordpress\/index.php\/producto\/los-amigos-de-durruti-en-la-revolucion-espanola\/","name":"LOS AMIGOS DE DURRUTI En la Revoluci\u00f3n Espa\u00f1ola &#8212; Zapateneo","isPartOf":{"@id":"https:\/\/zapateneo.net\/wordpress\/#website"},"primaryImageOfPage":{"@id":"https:\/\/zapateneo.net\/wordpress\/index.php\/producto\/los-amigos-de-durruti-en-la-revolucion-espanola\/#primaryimage"},"image":{"@id":"https:\/\/zapateneo.net\/wordpress\/index.php\/producto\/los-amigos-de-durruti-en-la-revolucion-espanola\/#primaryimage"},"thumbnailUrl":"https:\/\/zapateneo.net\/wordpress\/wp-content\/uploads\/2022\/11\/los-amigos-de-durruti-fal-9788418998072.jpg","datePublished":"2022-11-26T15:39:05+00:00","dateModified":"2023-04-12T15:01:51+00:00","breadcrumb":{"@id":"https:\/\/zapateneo.net\/wordpress\/index.php\/producto\/los-amigos-de-durruti-en-la-revolucion-espanola\/#breadcrumb"},"inLanguage":"es","potentialAction":[{"@type":"ReadAction","target":["https:\/\/zapateneo.net\/wordpress\/index.php\/producto\/los-amigos-de-durruti-en-la-revolucion-espanola\/"]}]},{"@type":"ImageObject","inLanguage":"es","@id":"https:\/\/zapateneo.net\/wordpress\/index.php\/producto\/los-amigos-de-durruti-en-la-revolucion-espanola\/#primaryimage","url":"https:\/\/zapateneo.net\/wordpress\/wp-content\/uploads\/2022\/11\/los-amigos-de-durruti-fal-9788418998072.jpg","contentUrl":"https:\/\/zapateneo.net\/wordpress\/wp-content\/uploads\/2022\/11\/los-amigos-de-durruti-fal-9788418998072.jpg","width":281,"height":400},{"@type":"BreadcrumbList","@id":"https:\/\/zapateneo.net\/wordpress\/index.php\/producto\/los-amigos-de-durruti-en-la-revolucion-espanola\/#breadcrumb","itemListElement":[{"@type":"ListItem","position":1,"name":"Portada","item":"https:\/\/zapateneo.net\/wordpress\/"},{"@type":"ListItem","position":2,"name":"Tienda","item":"https:\/\/zapateneo.net\/wordpress\/"},{"@type":"ListItem","position":3,"name":"LOS AMIGOS DE DURRUTI En la Revoluci\u00f3n Espa\u00f1ola"}]},{"@type":"WebSite","@id":"https:\/\/zapateneo.net\/wordpress\/#website","url":"https:\/\/zapateneo.net\/wordpress\/","name":"Zapateneo","description":"Zapateneoaren webgunea","publisher":{"@id":"https:\/\/zapateneo.net\/wordpress\/#organization"},"potentialAction":[{"@type":"SearchAction","target":{"@type":"EntryPoint","urlTemplate":"https:\/\/zapateneo.net\/wordpress\/?s={search_term_string}"},"query-input":{"@type":"PropertyValueSpecification","valueRequired":true,"valueName":"search_term_string"}}],"inLanguage":"es"},{"@type":"Organization","@id":"https:\/\/zapateneo.net\/wordpress\/#organization","name":"Zapateneo Kultur Elkartea","url":"https:\/\/zapateneo.net\/wordpress\/","logo":{"@type":"ImageObject","inLanguage":"es","@id":"https:\/\/zapateneo.net\/wordpress\/#\/schema\/logo\/image\/","url":"https:\/\/zapateneo.net\/wordpress\/wp-content\/uploads\/2021\/04\/zap-libu-kolec.jpg","contentUrl":"https:\/\/zapateneo.net\/wordpress\/wp-content\/uploads\/2021\/04\/zap-libu-kolec.jpg","width":2234,"height":398,"caption":"Zapateneo Kultur Elkartea"},"image":{"@id":"https:\/\/zapateneo.net\/wordpress\/#\/schema\/logo\/image\/"},"sameAs":["https:\/\/x.com\/zapateneo"]}]}},"_links":{"self":[{"href":"https:\/\/zapateneo.net\/wordpress\/index.php\/wp-json\/wp\/v2\/product\/12174","targetHints":{"allow":["GET"]}}],"collection":[{"href":"https:\/\/zapateneo.net\/wordpress\/index.php\/wp-json\/wp\/v2\/product"}],"about":[{"href":"https:\/\/zapateneo.net\/wordpress\/index.php\/wp-json\/wp\/v2\/types\/product"}],"wp:featuredmedia":[{"embeddable":true,"href":"https:\/\/zapateneo.net\/wordpress\/index.php\/wp-json\/wp\/v2\/media\/12212"}],"wp:attachment":[{"href":"https:\/\/zapateneo.net\/wordpress\/index.php\/wp-json\/wp\/v2\/media?parent=12174"}],"wp:term":[{"taxonomy":"product_brand","embeddable":true,"href":"https:\/\/zapateneo.net\/wordpress\/index.php\/wp-json\/wp\/v2\/product_brand?post=12174"},{"taxonomy":"product_cat","embeddable":true,"href":"https:\/\/zapateneo.net\/wordpress\/index.php\/wp-json\/wp\/v2\/product_cat?post=12174"},{"taxonomy":"product_tag","embeddable":true,"href":"https:\/\/zapateneo.net\/wordpress\/index.php\/wp-json\/wp\/v2\/product_tag?post=12174"}],"curies":[{"name":"wp","href":"https:\/\/api.w.org\/{rel}","templated":true}]}}