{"id":12171,"date":"2022-11-26T16:39:05","date_gmt":"2022-11-26T15:39:05","guid":{"rendered":"https:\/\/zapateneo.net\/wordpress\/?post_type=product&#038;p=12171"},"modified":"2022-11-26T16:39:39","modified_gmt":"2022-11-26T15:39:39","slug":"el-derecho-a-mutilar-debilidad-capacidad-discapacidad","status":"publish","type":"product","link":"https:\/\/zapateneo.net\/wordpress\/index.php\/producto\/el-derecho-a-mutilar-debilidad-capacidad-discapacidad\/","title":{"rendered":"EL DERECHO A MUTILAR. Debilidad, capacidad, discapacidad"},"content":{"rendered":"<p>Los ensamblajes de la discapacidad, la capacidad y la debilidad son elementos del control biopol\u00edtico de las poblaciones que ponen en primer plano el riesgo, el pron\u00f3stico, las oportunidades de vida, el colonialismo, el deterioro de la guerra y la explotaci\u00f3n capitalista.<\/p>\n<p>Jasbir K. Puar nos trae su trabajo pionero sobre el Estado liberal, la sexualidad y la biopol\u00edtica para pensar la discapacidad. Con una impresionante variedad de marcos te\u00f3ricos y metodol\u00f3gicos, Puar nos presenta el concepto de \u00abdebilidad\u00bb \u2013da\u00f1o corporal y exclusi\u00f3n social provocados por factores pol\u00edticos y econ\u00f3micos\u2013 para desbaratar la categor\u00eda de discapacidad. Nos muestra c\u00f3mo la debilidad, la discapacidad y la capacidad constituyen un ensamblaje que los Estados usan para controlar las poblaciones.<\/p>\n<p>Su an\u00e1lisis culmina con un cuestionamiento de las pol\u00edticas de Israel contra la poblaci\u00f3n palestina en el que describe c\u00f3mo el Estado israel\u00ed convierte a los palestinos en seres da\u00f1ables, complementando su derecho a matar con lo que Puar llama el derecho a mutilar. El Estado israel\u00ed, apoyado en un marco liberal de discapacidad, obscurece y posibilita el debilitamiento masivo de los cuerpos palestinos. Puar ofrece un replanteamiento brillante de la biopol\u00edtica foucaultiana al tiempo que desvela el funcionamiento de la discapacidad en la intersecci\u00f3n del imperialismo y el capitalismo racializado.<\/p>\n<p>Jasbir K. Puar es una te\u00f3rica queer y profesora del Departamento de mujeres y estudios de g\u00e9nero de la Universidad Rutgers. Es autora del libro Ensamblajes terroristas: el homonacionalismo en tiempos queer. Ha escrito ampliamente sobre turismo LGBT, terrorismo, vigilancia, biopol\u00edtica y necropol\u00edtica, diversidad funcional, interseccionalidad, afectos, posthumanismo, homonacionalismo, pinkwashing y la ocupaci\u00f3n israel\u00ed de Palestina.<\/p>\n<p>Pr\u00f3logo de Melania Moscoso P\u00e9rez<\/p>\n","protected":false},"excerpt":{"rendered":"<p><strong>Jasbir K. Puar<\/strong><br \/>\n9788419160102 &#8211; Bellaterra &#8211; 2022 &#8211; 340 p\u00e1ginas \/orri.<\/p>\n","protected":false},"featured_media":12209,"template":"","meta":[],"product_brand":[],"product_cat":[16,173],"product_tag":[92,5740],"class_list":{"0":"post-12171","1":"product","2":"type-product","3":"status-publish","4":"has-post-thumbnail","6":"product_cat-libros","7":"product_cat-saiakera-ensayo","8":"product_tag-bellaterra","9":"product_tag-jasbir-k-puar","11":"first","12":"instock","13":"sold-individually","14":"shipping-taxable","15":"purchasable","16":"product-type-simple"},"yoast_head":"<!-- This site is optimized with the Yoast SEO plugin v27.3 - https:\/\/yoast.com\/product\/yoast-seo-wordpress\/ -->\n<title>EL DERECHO A MUTILAR. Debilidad, capacidad, discapacidad &#8212; Zapateneo<\/title>\n<meta name=\"robots\" content=\"index, follow, max-snippet:-1, max-image-preview:large, max-video-preview:-1\" \/>\n<link rel=\"canonical\" href=\"https:\/\/zapateneo.net\/wordpress\/index.php\/producto\/el-derecho-a-mutilar-debilidad-capacidad-discapacidad\/\" \/>\n<meta property=\"og:locale\" content=\"es_ES\" \/>\n<meta property=\"og:type\" content=\"article\" \/>\n<meta property=\"og:title\" content=\"EL DERECHO A MUTILAR. Debilidad, capacidad, discapacidad &#8212; Zapateneo\" \/>\n<meta property=\"og:description\" content=\"Jasbir K. Puar 9788419160102 - Bellaterra - 2022 - 340 p\u00e1ginas \/orri.\" \/>\n<meta property=\"og:url\" content=\"https:\/\/zapateneo.net\/wordpress\/index.php\/producto\/el-derecho-a-mutilar-debilidad-capacidad-discapacidad\/\" \/>\n<meta property=\"og:site_name\" content=\"Zapateneo\" \/>\n<meta property=\"article:modified_time\" content=\"2022-11-26T15:39:39+00:00\" \/>\n<meta name=\"twitter:card\" content=\"summary_large_image\" \/>\n<meta name=\"twitter:site\" content=\"@zapateneo\" \/>\n<meta name=\"twitter:label1\" content=\"Tiempo de lectura\" \/>\n\t<meta name=\"twitter:data1\" content=\"1 minuto\" \/>\n<script type=\"application\/ld+json\" class=\"yoast-schema-graph\">{\"@context\":\"https:\\\/\\\/schema.org\",\"@graph\":[{\"@type\":\"WebPage\",\"@id\":\"https:\\\/\\\/zapateneo.net\\\/wordpress\\\/index.php\\\/producto\\\/el-derecho-a-mutilar-debilidad-capacidad-discapacidad\\\/\",\"url\":\"https:\\\/\\\/zapateneo.net\\\/wordpress\\\/index.php\\\/producto\\\/el-derecho-a-mutilar-debilidad-capacidad-discapacidad\\\/\",\"name\":\"EL DERECHO A MUTILAR. Debilidad, capacidad, discapacidad &#8212; Zapateneo\",\"isPartOf\":{\"@id\":\"https:\\\/\\\/zapateneo.net\\\/wordpress\\\/#website\"},\"primaryImageOfPage\":{\"@id\":\"https:\\\/\\\/zapateneo.net\\\/wordpress\\\/index.php\\\/producto\\\/el-derecho-a-mutilar-debilidad-capacidad-discapacidad\\\/#primaryimage\"},\"image\":{\"@id\":\"https:\\\/\\\/zapateneo.net\\\/wordpress\\\/index.php\\\/producto\\\/el-derecho-a-mutilar-debilidad-capacidad-discapacidad\\\/#primaryimage\"},\"thumbnailUrl\":\"https:\\\/\\\/zapateneo.net\\\/wordpress\\\/wp-content\\\/uploads\\\/2022\\\/11\\\/el-derecho-a-mutilar-9788419160102.jpg\",\"datePublished\":\"2022-11-26T15:39:05+00:00\",\"dateModified\":\"2022-11-26T15:39:39+00:00\",\"breadcrumb\":{\"@id\":\"https:\\\/\\\/zapateneo.net\\\/wordpress\\\/index.php\\\/producto\\\/el-derecho-a-mutilar-debilidad-capacidad-discapacidad\\\/#breadcrumb\"},\"inLanguage\":\"es\",\"potentialAction\":[{\"@type\":\"ReadAction\",\"target\":[\"https:\\\/\\\/zapateneo.net\\\/wordpress\\\/index.php\\\/producto\\\/el-derecho-a-mutilar-debilidad-capacidad-discapacidad\\\/\"]}]},{\"@type\":\"ImageObject\",\"inLanguage\":\"es\",\"@id\":\"https:\\\/\\\/zapateneo.net\\\/wordpress\\\/index.php\\\/producto\\\/el-derecho-a-mutilar-debilidad-capacidad-discapacidad\\\/#primaryimage\",\"url\":\"https:\\\/\\\/zapateneo.net\\\/wordpress\\\/wp-content\\\/uploads\\\/2022\\\/11\\\/el-derecho-a-mutilar-9788419160102.jpg\",\"contentUrl\":\"https:\\\/\\\/zapateneo.net\\\/wordpress\\\/wp-content\\\/uploads\\\/2022\\\/11\\\/el-derecho-a-mutilar-9788419160102.jpg\",\"width\":261,\"height\":400},{\"@type\":\"BreadcrumbList\",\"@id\":\"https:\\\/\\\/zapateneo.net\\\/wordpress\\\/index.php\\\/producto\\\/el-derecho-a-mutilar-debilidad-capacidad-discapacidad\\\/#breadcrumb\",\"itemListElement\":[{\"@type\":\"ListItem\",\"position\":1,\"name\":\"Portada\",\"item\":\"https:\\\/\\\/zapateneo.net\\\/wordpress\\\/\"},{\"@type\":\"ListItem\",\"position\":2,\"name\":\"Tienda\",\"item\":\"https:\\\/\\\/zapateneo.net\\\/wordpress\\\/\"},{\"@type\":\"ListItem\",\"position\":3,\"name\":\"EL DERECHO A MUTILAR. Debilidad, capacidad, discapacidad\"}]},{\"@type\":\"WebSite\",\"@id\":\"https:\\\/\\\/zapateneo.net\\\/wordpress\\\/#website\",\"url\":\"https:\\\/\\\/zapateneo.net\\\/wordpress\\\/\",\"name\":\"Zapateneo\",\"description\":\"Zapateneoaren webgunea\",\"publisher\":{\"@id\":\"https:\\\/\\\/zapateneo.net\\\/wordpress\\\/#organization\"},\"potentialAction\":[{\"@type\":\"SearchAction\",\"target\":{\"@type\":\"EntryPoint\",\"urlTemplate\":\"https:\\\/\\\/zapateneo.net\\\/wordpress\\\/?s={search_term_string}\"},\"query-input\":{\"@type\":\"PropertyValueSpecification\",\"valueRequired\":true,\"valueName\":\"search_term_string\"}}],\"inLanguage\":\"es\"},{\"@type\":\"Organization\",\"@id\":\"https:\\\/\\\/zapateneo.net\\\/wordpress\\\/#organization\",\"name\":\"Zapateneo Kultur Elkartea\",\"url\":\"https:\\\/\\\/zapateneo.net\\\/wordpress\\\/\",\"logo\":{\"@type\":\"ImageObject\",\"inLanguage\":\"es\",\"@id\":\"https:\\\/\\\/zapateneo.net\\\/wordpress\\\/#\\\/schema\\\/logo\\\/image\\\/\",\"url\":\"https:\\\/\\\/zapateneo.net\\\/wordpress\\\/wp-content\\\/uploads\\\/2021\\\/04\\\/zap-libu-kolec.jpg\",\"contentUrl\":\"https:\\\/\\\/zapateneo.net\\\/wordpress\\\/wp-content\\\/uploads\\\/2021\\\/04\\\/zap-libu-kolec.jpg\",\"width\":2234,\"height\":398,\"caption\":\"Zapateneo Kultur Elkartea\"},\"image\":{\"@id\":\"https:\\\/\\\/zapateneo.net\\\/wordpress\\\/#\\\/schema\\\/logo\\\/image\\\/\"},\"sameAs\":[\"https:\\\/\\\/x.com\\\/zapateneo\"]}]}<\/script>\n<!-- \/ Yoast SEO plugin. -->","yoast_head_json":{"title":"EL DERECHO A MUTILAR. Debilidad, capacidad, discapacidad &#8212; Zapateneo","robots":{"index":"index","follow":"follow","max-snippet":"max-snippet:-1","max-image-preview":"max-image-preview:large","max-video-preview":"max-video-preview:-1"},"canonical":"https:\/\/zapateneo.net\/wordpress\/index.php\/producto\/el-derecho-a-mutilar-debilidad-capacidad-discapacidad\/","og_locale":"es_ES","og_type":"article","og_title":"EL DERECHO A MUTILAR. Debilidad, capacidad, discapacidad &#8212; Zapateneo","og_description":"Jasbir K. Puar 9788419160102 - Bellaterra - 2022 - 340 p\u00e1ginas \/orri.","og_url":"https:\/\/zapateneo.net\/wordpress\/index.php\/producto\/el-derecho-a-mutilar-debilidad-capacidad-discapacidad\/","og_site_name":"Zapateneo","article_modified_time":"2022-11-26T15:39:39+00:00","twitter_card":"summary_large_image","twitter_site":"@zapateneo","twitter_misc":{"Tiempo de lectura":"1 minuto"},"schema":{"@context":"https:\/\/schema.org","@graph":[{"@type":"WebPage","@id":"https:\/\/zapateneo.net\/wordpress\/index.php\/producto\/el-derecho-a-mutilar-debilidad-capacidad-discapacidad\/","url":"https:\/\/zapateneo.net\/wordpress\/index.php\/producto\/el-derecho-a-mutilar-debilidad-capacidad-discapacidad\/","name":"EL DERECHO A MUTILAR. Debilidad, capacidad, discapacidad &#8212; Zapateneo","isPartOf":{"@id":"https:\/\/zapateneo.net\/wordpress\/#website"},"primaryImageOfPage":{"@id":"https:\/\/zapateneo.net\/wordpress\/index.php\/producto\/el-derecho-a-mutilar-debilidad-capacidad-discapacidad\/#primaryimage"},"image":{"@id":"https:\/\/zapateneo.net\/wordpress\/index.php\/producto\/el-derecho-a-mutilar-debilidad-capacidad-discapacidad\/#primaryimage"},"thumbnailUrl":"https:\/\/zapateneo.net\/wordpress\/wp-content\/uploads\/2022\/11\/el-derecho-a-mutilar-9788419160102.jpg","datePublished":"2022-11-26T15:39:05+00:00","dateModified":"2022-11-26T15:39:39+00:00","breadcrumb":{"@id":"https:\/\/zapateneo.net\/wordpress\/index.php\/producto\/el-derecho-a-mutilar-debilidad-capacidad-discapacidad\/#breadcrumb"},"inLanguage":"es","potentialAction":[{"@type":"ReadAction","target":["https:\/\/zapateneo.net\/wordpress\/index.php\/producto\/el-derecho-a-mutilar-debilidad-capacidad-discapacidad\/"]}]},{"@type":"ImageObject","inLanguage":"es","@id":"https:\/\/zapateneo.net\/wordpress\/index.php\/producto\/el-derecho-a-mutilar-debilidad-capacidad-discapacidad\/#primaryimage","url":"https:\/\/zapateneo.net\/wordpress\/wp-content\/uploads\/2022\/11\/el-derecho-a-mutilar-9788419160102.jpg","contentUrl":"https:\/\/zapateneo.net\/wordpress\/wp-content\/uploads\/2022\/11\/el-derecho-a-mutilar-9788419160102.jpg","width":261,"height":400},{"@type":"BreadcrumbList","@id":"https:\/\/zapateneo.net\/wordpress\/index.php\/producto\/el-derecho-a-mutilar-debilidad-capacidad-discapacidad\/#breadcrumb","itemListElement":[{"@type":"ListItem","position":1,"name":"Portada","item":"https:\/\/zapateneo.net\/wordpress\/"},{"@type":"ListItem","position":2,"name":"Tienda","item":"https:\/\/zapateneo.net\/wordpress\/"},{"@type":"ListItem","position":3,"name":"EL DERECHO A MUTILAR. Debilidad, capacidad, discapacidad"}]},{"@type":"WebSite","@id":"https:\/\/zapateneo.net\/wordpress\/#website","url":"https:\/\/zapateneo.net\/wordpress\/","name":"Zapateneo","description":"Zapateneoaren webgunea","publisher":{"@id":"https:\/\/zapateneo.net\/wordpress\/#organization"},"potentialAction":[{"@type":"SearchAction","target":{"@type":"EntryPoint","urlTemplate":"https:\/\/zapateneo.net\/wordpress\/?s={search_term_string}"},"query-input":{"@type":"PropertyValueSpecification","valueRequired":true,"valueName":"search_term_string"}}],"inLanguage":"es"},{"@type":"Organization","@id":"https:\/\/zapateneo.net\/wordpress\/#organization","name":"Zapateneo Kultur Elkartea","url":"https:\/\/zapateneo.net\/wordpress\/","logo":{"@type":"ImageObject","inLanguage":"es","@id":"https:\/\/zapateneo.net\/wordpress\/#\/schema\/logo\/image\/","url":"https:\/\/zapateneo.net\/wordpress\/wp-content\/uploads\/2021\/04\/zap-libu-kolec.jpg","contentUrl":"https:\/\/zapateneo.net\/wordpress\/wp-content\/uploads\/2021\/04\/zap-libu-kolec.jpg","width":2234,"height":398,"caption":"Zapateneo Kultur Elkartea"},"image":{"@id":"https:\/\/zapateneo.net\/wordpress\/#\/schema\/logo\/image\/"},"sameAs":["https:\/\/x.com\/zapateneo"]}]}},"_links":{"self":[{"href":"https:\/\/zapateneo.net\/wordpress\/index.php\/wp-json\/wp\/v2\/product\/12171","targetHints":{"allow":["GET"]}}],"collection":[{"href":"https:\/\/zapateneo.net\/wordpress\/index.php\/wp-json\/wp\/v2\/product"}],"about":[{"href":"https:\/\/zapateneo.net\/wordpress\/index.php\/wp-json\/wp\/v2\/types\/product"}],"wp:featuredmedia":[{"embeddable":true,"href":"https:\/\/zapateneo.net\/wordpress\/index.php\/wp-json\/wp\/v2\/media\/12209"}],"wp:attachment":[{"href":"https:\/\/zapateneo.net\/wordpress\/index.php\/wp-json\/wp\/v2\/media?parent=12171"}],"wp:term":[{"taxonomy":"product_brand","embeddable":true,"href":"https:\/\/zapateneo.net\/wordpress\/index.php\/wp-json\/wp\/v2\/product_brand?post=12171"},{"taxonomy":"product_cat","embeddable":true,"href":"https:\/\/zapateneo.net\/wordpress\/index.php\/wp-json\/wp\/v2\/product_cat?post=12171"},{"taxonomy":"product_tag","embeddable":true,"href":"https:\/\/zapateneo.net\/wordpress\/index.php\/wp-json\/wp\/v2\/product_tag?post=12171"}],"curies":[{"name":"wp","href":"https:\/\/api.w.org\/{rel}","templated":true}]}}