{"id":12167,"date":"2022-11-26T16:39:04","date_gmt":"2022-11-26T15:39:04","guid":{"rendered":"https:\/\/zapateneo.net\/wordpress\/?post_type=product&#038;p=12167"},"modified":"2022-11-26T16:39:23","modified_gmt":"2022-11-26T15:39:23","slug":"la-bruja-un-estudio-de-las-supersticiones-en-la-edad-media","status":"publish","type":"product","link":"https:\/\/zapateneo.net\/wordpress\/index.php\/producto\/la-bruja-un-estudio-de-las-supersticiones-en-la-edad-media\/","title":{"rendered":"LA BRUJA. Un estudio de las supersticiones en la Edad Media"},"content":{"rendered":"<p>la-bruja-9788446052012<\/p>\n<p>    LA BRUJA<br \/>\n    Un estudio de las supersticiones en la Edad Media<br \/>\n    Jules Michelet<br \/>\n    336 pags.<br \/>\n    ISBN: 9788446052012<br \/>\n    Akal<br \/>\n    D\u00f3nde encontrarlo<br \/>\n    http:\/\/www.akal.com<br \/>\n    G\u00e9nero y Feminismo |Historia<\/p>\n<p>    12,00 \u20ac<\/p>\n<p>Apaleada, violada, marginada; insultada, temida y quemada. La bruja, personaje colectivo que recoge la historia de las mujeres desde la Edad Media hasta los albores de la Contempor\u00e1nea, es la reivindicaci\u00f3n del papel de la mujer en la historia. Jules Michelet, en una \u00e9poca que apesta a misoginia, hace por transgredir la limitaci\u00f3n de los prejuicios y creencias sociales de su momento ofreciendo uno de los elementos que desencadenar\u00e1n la teor\u00eda feminista. En este ensayo, que se lee como una novela, el gran historiador de Francia y su Revoluci\u00f3n nos ofrece un nuevo modo de acercarnos al pasado. Esta perspectiva supone un compromiso para contemplarlo desde aquellos que fueron excluidos del an\u00e1lisis hist\u00f3rico, en este caso las mujeres disidentes \u2013las brujas\u2013, haci\u00e9ndolas no solo protagonistas del relato, sino agentes esenciales de la emancipaci\u00f3n y potenciadores de la libertad y el progreso.<\/p>\n<p>En el pr\u00f3logo a esta edici\u00f3n conmemorativa, Ariadna Akal se confiesa nieta de aquellas brujas que escaparon a la caza y quema, y nos invita a reivindicarnos disidentes, tent\u00e1ndonos a participar en un aquelarre que implique adentrarnos en aquellas regiones que permanecen oscuras en la historia.<\/p>\n","protected":false},"excerpt":{"rendered":"<p><strong>Jules Michelet<\/strong><br \/>\n9788446052012 &#8211; Akal &#8211; 2022 &#8211; 336 p\u00e1ginas \/orri.<\/p>\n","protected":false},"featured_media":12197,"template":"","meta":[],"product_brand":[],"product_cat":[185,16],"product_tag":[437,5737],"class_list":{"0":"post-12167","1":"product","2":"type-product","3":"status-publish","4":"has-post-thumbnail","6":"product_cat-historia","7":"product_cat-libros","8":"product_tag-akal","9":"product_tag-jules-michelet","11":"first","12":"instock","13":"sold-individually","14":"shipping-taxable","15":"purchasable","16":"product-type-simple"},"yoast_head":"<!-- This site is optimized with the Yoast SEO plugin v27.4 - https:\/\/yoast.com\/product\/yoast-seo-wordpress\/ -->\n<title>LA BRUJA. Un estudio de las supersticiones en la Edad Media &#8212; Zapateneo<\/title>\n<meta name=\"robots\" content=\"index, follow, max-snippet:-1, max-image-preview:large, max-video-preview:-1\" \/>\n<link rel=\"canonical\" href=\"https:\/\/zapateneo.net\/wordpress\/index.php\/producto\/la-bruja-un-estudio-de-las-supersticiones-en-la-edad-media\/\" \/>\n<meta property=\"og:locale\" content=\"es_ES\" \/>\n<meta property=\"og:type\" content=\"article\" \/>\n<meta property=\"og:title\" content=\"LA BRUJA. Un estudio de las supersticiones en la Edad Media &#8212; Zapateneo\" \/>\n<meta property=\"og:description\" content=\"Jules Michelet 9788446052012 - Akal - 2022 - 336 p\u00e1ginas \/orri.\" \/>\n<meta property=\"og:url\" content=\"https:\/\/zapateneo.net\/wordpress\/index.php\/producto\/la-bruja-un-estudio-de-las-supersticiones-en-la-edad-media\/\" \/>\n<meta property=\"og:site_name\" content=\"Zapateneo\" \/>\n<meta property=\"article:modified_time\" content=\"2022-11-26T15:39:23+00:00\" \/>\n<meta name=\"twitter:card\" content=\"summary_large_image\" \/>\n<meta name=\"twitter:site\" content=\"@zapateneo\" \/>\n<meta name=\"twitter:label1\" content=\"Tiempo de lectura\" \/>\n\t<meta name=\"twitter:data1\" content=\"1 minuto\" \/>\n<script type=\"application\/ld+json\" class=\"yoast-schema-graph\">{\"@context\":\"https:\\\/\\\/schema.org\",\"@graph\":[{\"@type\":\"WebPage\",\"@id\":\"https:\\\/\\\/zapateneo.net\\\/wordpress\\\/index.php\\\/producto\\\/la-bruja-un-estudio-de-las-supersticiones-en-la-edad-media\\\/\",\"url\":\"https:\\\/\\\/zapateneo.net\\\/wordpress\\\/index.php\\\/producto\\\/la-bruja-un-estudio-de-las-supersticiones-en-la-edad-media\\\/\",\"name\":\"LA BRUJA. Un estudio de las supersticiones en la Edad Media &#8212; Zapateneo\",\"isPartOf\":{\"@id\":\"https:\\\/\\\/zapateneo.net\\\/wordpress\\\/#website\"},\"primaryImageOfPage\":{\"@id\":\"https:\\\/\\\/zapateneo.net\\\/wordpress\\\/index.php\\\/producto\\\/la-bruja-un-estudio-de-las-supersticiones-en-la-edad-media\\\/#primaryimage\"},\"image\":{\"@id\":\"https:\\\/\\\/zapateneo.net\\\/wordpress\\\/index.php\\\/producto\\\/la-bruja-un-estudio-de-las-supersticiones-en-la-edad-media\\\/#primaryimage\"},\"thumbnailUrl\":\"https:\\\/\\\/zapateneo.net\\\/wordpress\\\/wp-content\\\/uploads\\\/2022\\\/11\\\/la-bruja-9788446052012.jpg\",\"datePublished\":\"2022-11-26T15:39:04+00:00\",\"dateModified\":\"2022-11-26T15:39:23+00:00\",\"breadcrumb\":{\"@id\":\"https:\\\/\\\/zapateneo.net\\\/wordpress\\\/index.php\\\/producto\\\/la-bruja-un-estudio-de-las-supersticiones-en-la-edad-media\\\/#breadcrumb\"},\"inLanguage\":\"es\",\"potentialAction\":[{\"@type\":\"ReadAction\",\"target\":[\"https:\\\/\\\/zapateneo.net\\\/wordpress\\\/index.php\\\/producto\\\/la-bruja-un-estudio-de-las-supersticiones-en-la-edad-media\\\/\"]}]},{\"@type\":\"ImageObject\",\"inLanguage\":\"es\",\"@id\":\"https:\\\/\\\/zapateneo.net\\\/wordpress\\\/index.php\\\/producto\\\/la-bruja-un-estudio-de-las-supersticiones-en-la-edad-media\\\/#primaryimage\",\"url\":\"https:\\\/\\\/zapateneo.net\\\/wordpress\\\/wp-content\\\/uploads\\\/2022\\\/11\\\/la-bruja-9788446052012.jpg\",\"contentUrl\":\"https:\\\/\\\/zapateneo.net\\\/wordpress\\\/wp-content\\\/uploads\\\/2022\\\/11\\\/la-bruja-9788446052012.jpg\",\"width\":258,\"height\":400},{\"@type\":\"BreadcrumbList\",\"@id\":\"https:\\\/\\\/zapateneo.net\\\/wordpress\\\/index.php\\\/producto\\\/la-bruja-un-estudio-de-las-supersticiones-en-la-edad-media\\\/#breadcrumb\",\"itemListElement\":[{\"@type\":\"ListItem\",\"position\":1,\"name\":\"Portada\",\"item\":\"https:\\\/\\\/zapateneo.net\\\/wordpress\\\/\"},{\"@type\":\"ListItem\",\"position\":2,\"name\":\"Tienda\",\"item\":\"https:\\\/\\\/zapateneo.net\\\/wordpress\\\/\"},{\"@type\":\"ListItem\",\"position\":3,\"name\":\"LA BRUJA. Un estudio de las supersticiones en la Edad Media\"}]},{\"@type\":\"WebSite\",\"@id\":\"https:\\\/\\\/zapateneo.net\\\/wordpress\\\/#website\",\"url\":\"https:\\\/\\\/zapateneo.net\\\/wordpress\\\/\",\"name\":\"Zapateneo\",\"description\":\"Zapateneoaren webgunea\",\"publisher\":{\"@id\":\"https:\\\/\\\/zapateneo.net\\\/wordpress\\\/#organization\"},\"potentialAction\":[{\"@type\":\"SearchAction\",\"target\":{\"@type\":\"EntryPoint\",\"urlTemplate\":\"https:\\\/\\\/zapateneo.net\\\/wordpress\\\/?s={search_term_string}\"},\"query-input\":{\"@type\":\"PropertyValueSpecification\",\"valueRequired\":true,\"valueName\":\"search_term_string\"}}],\"inLanguage\":\"es\"},{\"@type\":\"Organization\",\"@id\":\"https:\\\/\\\/zapateneo.net\\\/wordpress\\\/#organization\",\"name\":\"Zapateneo Kultur Elkartea\",\"url\":\"https:\\\/\\\/zapateneo.net\\\/wordpress\\\/\",\"logo\":{\"@type\":\"ImageObject\",\"inLanguage\":\"es\",\"@id\":\"https:\\\/\\\/zapateneo.net\\\/wordpress\\\/#\\\/schema\\\/logo\\\/image\\\/\",\"url\":\"https:\\\/\\\/zapateneo.net\\\/wordpress\\\/wp-content\\\/uploads\\\/2021\\\/04\\\/zap-libu-kolec.jpg\",\"contentUrl\":\"https:\\\/\\\/zapateneo.net\\\/wordpress\\\/wp-content\\\/uploads\\\/2021\\\/04\\\/zap-libu-kolec.jpg\",\"width\":2234,\"height\":398,\"caption\":\"Zapateneo Kultur Elkartea\"},\"image\":{\"@id\":\"https:\\\/\\\/zapateneo.net\\\/wordpress\\\/#\\\/schema\\\/logo\\\/image\\\/\"},\"sameAs\":[\"https:\\\/\\\/x.com\\\/zapateneo\"]}]}<\/script>\n<!-- \/ Yoast SEO plugin. -->","yoast_head_json":{"title":"LA BRUJA. Un estudio de las supersticiones en la Edad Media &#8212; Zapateneo","robots":{"index":"index","follow":"follow","max-snippet":"max-snippet:-1","max-image-preview":"max-image-preview:large","max-video-preview":"max-video-preview:-1"},"canonical":"https:\/\/zapateneo.net\/wordpress\/index.php\/producto\/la-bruja-un-estudio-de-las-supersticiones-en-la-edad-media\/","og_locale":"es_ES","og_type":"article","og_title":"LA BRUJA. Un estudio de las supersticiones en la Edad Media &#8212; Zapateneo","og_description":"Jules Michelet 9788446052012 - Akal - 2022 - 336 p\u00e1ginas \/orri.","og_url":"https:\/\/zapateneo.net\/wordpress\/index.php\/producto\/la-bruja-un-estudio-de-las-supersticiones-en-la-edad-media\/","og_site_name":"Zapateneo","article_modified_time":"2022-11-26T15:39:23+00:00","twitter_card":"summary_large_image","twitter_site":"@zapateneo","twitter_misc":{"Tiempo de lectura":"1 minuto"},"schema":{"@context":"https:\/\/schema.org","@graph":[{"@type":"WebPage","@id":"https:\/\/zapateneo.net\/wordpress\/index.php\/producto\/la-bruja-un-estudio-de-las-supersticiones-en-la-edad-media\/","url":"https:\/\/zapateneo.net\/wordpress\/index.php\/producto\/la-bruja-un-estudio-de-las-supersticiones-en-la-edad-media\/","name":"LA BRUJA. Un estudio de las supersticiones en la Edad Media &#8212; Zapateneo","isPartOf":{"@id":"https:\/\/zapateneo.net\/wordpress\/#website"},"primaryImageOfPage":{"@id":"https:\/\/zapateneo.net\/wordpress\/index.php\/producto\/la-bruja-un-estudio-de-las-supersticiones-en-la-edad-media\/#primaryimage"},"image":{"@id":"https:\/\/zapateneo.net\/wordpress\/index.php\/producto\/la-bruja-un-estudio-de-las-supersticiones-en-la-edad-media\/#primaryimage"},"thumbnailUrl":"https:\/\/zapateneo.net\/wordpress\/wp-content\/uploads\/2022\/11\/la-bruja-9788446052012.jpg","datePublished":"2022-11-26T15:39:04+00:00","dateModified":"2022-11-26T15:39:23+00:00","breadcrumb":{"@id":"https:\/\/zapateneo.net\/wordpress\/index.php\/producto\/la-bruja-un-estudio-de-las-supersticiones-en-la-edad-media\/#breadcrumb"},"inLanguage":"es","potentialAction":[{"@type":"ReadAction","target":["https:\/\/zapateneo.net\/wordpress\/index.php\/producto\/la-bruja-un-estudio-de-las-supersticiones-en-la-edad-media\/"]}]},{"@type":"ImageObject","inLanguage":"es","@id":"https:\/\/zapateneo.net\/wordpress\/index.php\/producto\/la-bruja-un-estudio-de-las-supersticiones-en-la-edad-media\/#primaryimage","url":"https:\/\/zapateneo.net\/wordpress\/wp-content\/uploads\/2022\/11\/la-bruja-9788446052012.jpg","contentUrl":"https:\/\/zapateneo.net\/wordpress\/wp-content\/uploads\/2022\/11\/la-bruja-9788446052012.jpg","width":258,"height":400},{"@type":"BreadcrumbList","@id":"https:\/\/zapateneo.net\/wordpress\/index.php\/producto\/la-bruja-un-estudio-de-las-supersticiones-en-la-edad-media\/#breadcrumb","itemListElement":[{"@type":"ListItem","position":1,"name":"Portada","item":"https:\/\/zapateneo.net\/wordpress\/"},{"@type":"ListItem","position":2,"name":"Tienda","item":"https:\/\/zapateneo.net\/wordpress\/"},{"@type":"ListItem","position":3,"name":"LA BRUJA. Un estudio de las supersticiones en la Edad Media"}]},{"@type":"WebSite","@id":"https:\/\/zapateneo.net\/wordpress\/#website","url":"https:\/\/zapateneo.net\/wordpress\/","name":"Zapateneo","description":"Zapateneoaren webgunea","publisher":{"@id":"https:\/\/zapateneo.net\/wordpress\/#organization"},"potentialAction":[{"@type":"SearchAction","target":{"@type":"EntryPoint","urlTemplate":"https:\/\/zapateneo.net\/wordpress\/?s={search_term_string}"},"query-input":{"@type":"PropertyValueSpecification","valueRequired":true,"valueName":"search_term_string"}}],"inLanguage":"es"},{"@type":"Organization","@id":"https:\/\/zapateneo.net\/wordpress\/#organization","name":"Zapateneo Kultur Elkartea","url":"https:\/\/zapateneo.net\/wordpress\/","logo":{"@type":"ImageObject","inLanguage":"es","@id":"https:\/\/zapateneo.net\/wordpress\/#\/schema\/logo\/image\/","url":"https:\/\/zapateneo.net\/wordpress\/wp-content\/uploads\/2021\/04\/zap-libu-kolec.jpg","contentUrl":"https:\/\/zapateneo.net\/wordpress\/wp-content\/uploads\/2021\/04\/zap-libu-kolec.jpg","width":2234,"height":398,"caption":"Zapateneo Kultur Elkartea"},"image":{"@id":"https:\/\/zapateneo.net\/wordpress\/#\/schema\/logo\/image\/"},"sameAs":["https:\/\/x.com\/zapateneo"]}]}},"_links":{"self":[{"href":"https:\/\/zapateneo.net\/wordpress\/index.php\/wp-json\/wp\/v2\/product\/12167","targetHints":{"allow":["GET"]}}],"collection":[{"href":"https:\/\/zapateneo.net\/wordpress\/index.php\/wp-json\/wp\/v2\/product"}],"about":[{"href":"https:\/\/zapateneo.net\/wordpress\/index.php\/wp-json\/wp\/v2\/types\/product"}],"wp:featuredmedia":[{"embeddable":true,"href":"https:\/\/zapateneo.net\/wordpress\/index.php\/wp-json\/wp\/v2\/media\/12197"}],"wp:attachment":[{"href":"https:\/\/zapateneo.net\/wordpress\/index.php\/wp-json\/wp\/v2\/media?parent=12167"}],"wp:term":[{"taxonomy":"product_brand","embeddable":true,"href":"https:\/\/zapateneo.net\/wordpress\/index.php\/wp-json\/wp\/v2\/product_brand?post=12167"},{"taxonomy":"product_cat","embeddable":true,"href":"https:\/\/zapateneo.net\/wordpress\/index.php\/wp-json\/wp\/v2\/product_cat?post=12167"},{"taxonomy":"product_tag","embeddable":true,"href":"https:\/\/zapateneo.net\/wordpress\/index.php\/wp-json\/wp\/v2\/product_tag?post=12167"}],"curies":[{"name":"wp","href":"https:\/\/api.w.org\/{rel}","templated":true}]}}