{"id":12166,"date":"2022-11-26T16:39:03","date_gmt":"2022-11-26T15:39:03","guid":{"rendered":"https:\/\/zapateneo.net\/wordpress\/?post_type=product&#038;p=12166"},"modified":"2022-11-26T16:39:22","modified_gmt":"2022-11-26T15:39:22","slug":"macarras-ibericos-una-historia-de-espana-a-traves-de-sus-leyendas-callejeras","status":"publish","type":"product","link":"https:\/\/zapateneo.net\/wordpress\/index.php\/producto\/macarras-ibericos-una-historia-de-espana-a-traves-de-sus-leyendas-callejeras\/","title":{"rendered":"MACARRAS IB\u00c9RICOS. Una historia de Espa\u00f1a a trav\u00e9s de sus leyendas callejeras"},"content":{"rendered":"<p>Despu\u00e9s de la aclamada Macarras interseculares. Una historia de Madrid a trav\u00e9s de sus mitos callejeros, I\u00f1aki Dom\u00ednguez nos ofrece una mirada canalla al macarrismo patrio desde los a\u00f1os sesenta a los dos mil, profundizando en sus diversas modalida\u00addes peninsulares, desde los famosos quinquis de Barcelona que fueron inmortalizados en el cine hasta los macarras bilba\u00ednos, pa\u00adsando por la Ruta del Bakalao del Levante, las Tres Mil Viviendas de Sevilla o los raperos del sur de Madrid. Construido sobre los relatos de los propios protagonistas, Dom\u00ednguez ofrece un retrato descarnado de una marginalidad viva, creativa, delincuencial, canalla y, sobre todo, superviviente. Una estampa inmisericorde de los m\u00e1rgenes de la sociedad biempensante.<\/p>\n","protected":false},"excerpt":{"rendered":"<p><strong>I\u00f1aki Dom\u00ednguez<\/strong><br \/>\n9788446052166 &#8211; Akal &#8211; 2022 &#8211; 384 p\u00e1ginas \/orri.<\/p>\n","protected":false},"featured_media":12196,"template":"","meta":[],"product_brand":[],"product_cat":[185,16],"product_tag":[437,5443],"class_list":{"0":"post-12166","1":"product","2":"type-product","3":"status-publish","4":"has-post-thumbnail","6":"product_cat-historia","7":"product_cat-libros","8":"product_tag-akal","9":"product_tag-inaki-dominguez","11":"first","12":"instock","13":"sold-individually","14":"shipping-taxable","15":"purchasable","16":"product-type-simple"},"yoast_head":"<!-- This site is optimized with the Yoast SEO plugin v27.3 - https:\/\/yoast.com\/product\/yoast-seo-wordpress\/ -->\n<title>MACARRAS IB\u00c9RICOS. Una historia de Espa\u00f1a a trav\u00e9s de sus leyendas callejeras &#8212; Zapateneo<\/title>\n<meta name=\"robots\" content=\"index, follow, max-snippet:-1, max-image-preview:large, max-video-preview:-1\" \/>\n<link rel=\"canonical\" href=\"https:\/\/zapateneo.net\/wordpress\/index.php\/producto\/macarras-ibericos-una-historia-de-espana-a-traves-de-sus-leyendas-callejeras\/\" \/>\n<meta property=\"og:locale\" content=\"es_ES\" \/>\n<meta property=\"og:type\" content=\"article\" \/>\n<meta property=\"og:title\" content=\"MACARRAS IB\u00c9RICOS. Una historia de Espa\u00f1a a trav\u00e9s de sus leyendas callejeras &#8212; Zapateneo\" \/>\n<meta property=\"og:description\" content=\"I\u00f1aki Dom\u00ednguez 9788446052166 - Akal - 2022 - 384 p\u00e1ginas \/orri.\" \/>\n<meta property=\"og:url\" content=\"https:\/\/zapateneo.net\/wordpress\/index.php\/producto\/macarras-ibericos-una-historia-de-espana-a-traves-de-sus-leyendas-callejeras\/\" \/>\n<meta property=\"og:site_name\" content=\"Zapateneo\" \/>\n<meta property=\"article:modified_time\" content=\"2022-11-26T15:39:22+00:00\" \/>\n<meta name=\"twitter:card\" content=\"summary_large_image\" \/>\n<meta name=\"twitter:site\" content=\"@zapateneo\" \/>\n<meta name=\"twitter:label1\" content=\"Tiempo de lectura\" \/>\n\t<meta name=\"twitter:data1\" content=\"1 minuto\" \/>\n<script type=\"application\/ld+json\" class=\"yoast-schema-graph\">{\"@context\":\"https:\\\/\\\/schema.org\",\"@graph\":[{\"@type\":\"WebPage\",\"@id\":\"https:\\\/\\\/zapateneo.net\\\/wordpress\\\/index.php\\\/producto\\\/macarras-ibericos-una-historia-de-espana-a-traves-de-sus-leyendas-callejeras\\\/\",\"url\":\"https:\\\/\\\/zapateneo.net\\\/wordpress\\\/index.php\\\/producto\\\/macarras-ibericos-una-historia-de-espana-a-traves-de-sus-leyendas-callejeras\\\/\",\"name\":\"MACARRAS IB\u00c9RICOS. Una historia de Espa\u00f1a a trav\u00e9s de sus leyendas callejeras &#8212; Zapateneo\",\"isPartOf\":{\"@id\":\"https:\\\/\\\/zapateneo.net\\\/wordpress\\\/#website\"},\"primaryImageOfPage\":{\"@id\":\"https:\\\/\\\/zapateneo.net\\\/wordpress\\\/index.php\\\/producto\\\/macarras-ibericos-una-historia-de-espana-a-traves-de-sus-leyendas-callejeras\\\/#primaryimage\"},\"image\":{\"@id\":\"https:\\\/\\\/zapateneo.net\\\/wordpress\\\/index.php\\\/producto\\\/macarras-ibericos-una-historia-de-espana-a-traves-de-sus-leyendas-callejeras\\\/#primaryimage\"},\"thumbnailUrl\":\"https:\\\/\\\/zapateneo.net\\\/wordpress\\\/wp-content\\\/uploads\\\/2022\\\/11\\\/macarras-ibericos-9788446052166.jpg\",\"datePublished\":\"2022-11-26T15:39:03+00:00\",\"dateModified\":\"2022-11-26T15:39:22+00:00\",\"breadcrumb\":{\"@id\":\"https:\\\/\\\/zapateneo.net\\\/wordpress\\\/index.php\\\/producto\\\/macarras-ibericos-una-historia-de-espana-a-traves-de-sus-leyendas-callejeras\\\/#breadcrumb\"},\"inLanguage\":\"es\",\"potentialAction\":[{\"@type\":\"ReadAction\",\"target\":[\"https:\\\/\\\/zapateneo.net\\\/wordpress\\\/index.php\\\/producto\\\/macarras-ibericos-una-historia-de-espana-a-traves-de-sus-leyendas-callejeras\\\/\"]}]},{\"@type\":\"ImageObject\",\"inLanguage\":\"es\",\"@id\":\"https:\\\/\\\/zapateneo.net\\\/wordpress\\\/index.php\\\/producto\\\/macarras-ibericos-una-historia-de-espana-a-traves-de-sus-leyendas-callejeras\\\/#primaryimage\",\"url\":\"https:\\\/\\\/zapateneo.net\\\/wordpress\\\/wp-content\\\/uploads\\\/2022\\\/11\\\/macarras-ibericos-9788446052166.jpg\",\"contentUrl\":\"https:\\\/\\\/zapateneo.net\\\/wordpress\\\/wp-content\\\/uploads\\\/2022\\\/11\\\/macarras-ibericos-9788446052166.jpg\",\"width\":258,\"height\":400},{\"@type\":\"BreadcrumbList\",\"@id\":\"https:\\\/\\\/zapateneo.net\\\/wordpress\\\/index.php\\\/producto\\\/macarras-ibericos-una-historia-de-espana-a-traves-de-sus-leyendas-callejeras\\\/#breadcrumb\",\"itemListElement\":[{\"@type\":\"ListItem\",\"position\":1,\"name\":\"Portada\",\"item\":\"https:\\\/\\\/zapateneo.net\\\/wordpress\\\/\"},{\"@type\":\"ListItem\",\"position\":2,\"name\":\"Tienda\",\"item\":\"https:\\\/\\\/zapateneo.net\\\/wordpress\\\/\"},{\"@type\":\"ListItem\",\"position\":3,\"name\":\"MACARRAS IB\u00c9RICOS. Una historia de Espa\u00f1a a trav\u00e9s de sus leyendas callejeras\"}]},{\"@type\":\"WebSite\",\"@id\":\"https:\\\/\\\/zapateneo.net\\\/wordpress\\\/#website\",\"url\":\"https:\\\/\\\/zapateneo.net\\\/wordpress\\\/\",\"name\":\"Zapateneo\",\"description\":\"Zapateneoaren webgunea\",\"publisher\":{\"@id\":\"https:\\\/\\\/zapateneo.net\\\/wordpress\\\/#organization\"},\"potentialAction\":[{\"@type\":\"SearchAction\",\"target\":{\"@type\":\"EntryPoint\",\"urlTemplate\":\"https:\\\/\\\/zapateneo.net\\\/wordpress\\\/?s={search_term_string}\"},\"query-input\":{\"@type\":\"PropertyValueSpecification\",\"valueRequired\":true,\"valueName\":\"search_term_string\"}}],\"inLanguage\":\"es\"},{\"@type\":\"Organization\",\"@id\":\"https:\\\/\\\/zapateneo.net\\\/wordpress\\\/#organization\",\"name\":\"Zapateneo Kultur Elkartea\",\"url\":\"https:\\\/\\\/zapateneo.net\\\/wordpress\\\/\",\"logo\":{\"@type\":\"ImageObject\",\"inLanguage\":\"es\",\"@id\":\"https:\\\/\\\/zapateneo.net\\\/wordpress\\\/#\\\/schema\\\/logo\\\/image\\\/\",\"url\":\"https:\\\/\\\/zapateneo.net\\\/wordpress\\\/wp-content\\\/uploads\\\/2021\\\/04\\\/zap-libu-kolec.jpg\",\"contentUrl\":\"https:\\\/\\\/zapateneo.net\\\/wordpress\\\/wp-content\\\/uploads\\\/2021\\\/04\\\/zap-libu-kolec.jpg\",\"width\":2234,\"height\":398,\"caption\":\"Zapateneo Kultur Elkartea\"},\"image\":{\"@id\":\"https:\\\/\\\/zapateneo.net\\\/wordpress\\\/#\\\/schema\\\/logo\\\/image\\\/\"},\"sameAs\":[\"https:\\\/\\\/x.com\\\/zapateneo\"]}]}<\/script>\n<!-- \/ Yoast SEO plugin. -->","yoast_head_json":{"title":"MACARRAS IB\u00c9RICOS. Una historia de Espa\u00f1a a trav\u00e9s de sus leyendas callejeras &#8212; Zapateneo","robots":{"index":"index","follow":"follow","max-snippet":"max-snippet:-1","max-image-preview":"max-image-preview:large","max-video-preview":"max-video-preview:-1"},"canonical":"https:\/\/zapateneo.net\/wordpress\/index.php\/producto\/macarras-ibericos-una-historia-de-espana-a-traves-de-sus-leyendas-callejeras\/","og_locale":"es_ES","og_type":"article","og_title":"MACARRAS IB\u00c9RICOS. Una historia de Espa\u00f1a a trav\u00e9s de sus leyendas callejeras &#8212; Zapateneo","og_description":"I\u00f1aki Dom\u00ednguez 9788446052166 - Akal - 2022 - 384 p\u00e1ginas \/orri.","og_url":"https:\/\/zapateneo.net\/wordpress\/index.php\/producto\/macarras-ibericos-una-historia-de-espana-a-traves-de-sus-leyendas-callejeras\/","og_site_name":"Zapateneo","article_modified_time":"2022-11-26T15:39:22+00:00","twitter_card":"summary_large_image","twitter_site":"@zapateneo","twitter_misc":{"Tiempo de lectura":"1 minuto"},"schema":{"@context":"https:\/\/schema.org","@graph":[{"@type":"WebPage","@id":"https:\/\/zapateneo.net\/wordpress\/index.php\/producto\/macarras-ibericos-una-historia-de-espana-a-traves-de-sus-leyendas-callejeras\/","url":"https:\/\/zapateneo.net\/wordpress\/index.php\/producto\/macarras-ibericos-una-historia-de-espana-a-traves-de-sus-leyendas-callejeras\/","name":"MACARRAS IB\u00c9RICOS. Una historia de Espa\u00f1a a trav\u00e9s de sus leyendas callejeras &#8212; Zapateneo","isPartOf":{"@id":"https:\/\/zapateneo.net\/wordpress\/#website"},"primaryImageOfPage":{"@id":"https:\/\/zapateneo.net\/wordpress\/index.php\/producto\/macarras-ibericos-una-historia-de-espana-a-traves-de-sus-leyendas-callejeras\/#primaryimage"},"image":{"@id":"https:\/\/zapateneo.net\/wordpress\/index.php\/producto\/macarras-ibericos-una-historia-de-espana-a-traves-de-sus-leyendas-callejeras\/#primaryimage"},"thumbnailUrl":"https:\/\/zapateneo.net\/wordpress\/wp-content\/uploads\/2022\/11\/macarras-ibericos-9788446052166.jpg","datePublished":"2022-11-26T15:39:03+00:00","dateModified":"2022-11-26T15:39:22+00:00","breadcrumb":{"@id":"https:\/\/zapateneo.net\/wordpress\/index.php\/producto\/macarras-ibericos-una-historia-de-espana-a-traves-de-sus-leyendas-callejeras\/#breadcrumb"},"inLanguage":"es","potentialAction":[{"@type":"ReadAction","target":["https:\/\/zapateneo.net\/wordpress\/index.php\/producto\/macarras-ibericos-una-historia-de-espana-a-traves-de-sus-leyendas-callejeras\/"]}]},{"@type":"ImageObject","inLanguage":"es","@id":"https:\/\/zapateneo.net\/wordpress\/index.php\/producto\/macarras-ibericos-una-historia-de-espana-a-traves-de-sus-leyendas-callejeras\/#primaryimage","url":"https:\/\/zapateneo.net\/wordpress\/wp-content\/uploads\/2022\/11\/macarras-ibericos-9788446052166.jpg","contentUrl":"https:\/\/zapateneo.net\/wordpress\/wp-content\/uploads\/2022\/11\/macarras-ibericos-9788446052166.jpg","width":258,"height":400},{"@type":"BreadcrumbList","@id":"https:\/\/zapateneo.net\/wordpress\/index.php\/producto\/macarras-ibericos-una-historia-de-espana-a-traves-de-sus-leyendas-callejeras\/#breadcrumb","itemListElement":[{"@type":"ListItem","position":1,"name":"Portada","item":"https:\/\/zapateneo.net\/wordpress\/"},{"@type":"ListItem","position":2,"name":"Tienda","item":"https:\/\/zapateneo.net\/wordpress\/"},{"@type":"ListItem","position":3,"name":"MACARRAS IB\u00c9RICOS. Una historia de Espa\u00f1a a trav\u00e9s de sus leyendas callejeras"}]},{"@type":"WebSite","@id":"https:\/\/zapateneo.net\/wordpress\/#website","url":"https:\/\/zapateneo.net\/wordpress\/","name":"Zapateneo","description":"Zapateneoaren webgunea","publisher":{"@id":"https:\/\/zapateneo.net\/wordpress\/#organization"},"potentialAction":[{"@type":"SearchAction","target":{"@type":"EntryPoint","urlTemplate":"https:\/\/zapateneo.net\/wordpress\/?s={search_term_string}"},"query-input":{"@type":"PropertyValueSpecification","valueRequired":true,"valueName":"search_term_string"}}],"inLanguage":"es"},{"@type":"Organization","@id":"https:\/\/zapateneo.net\/wordpress\/#organization","name":"Zapateneo Kultur Elkartea","url":"https:\/\/zapateneo.net\/wordpress\/","logo":{"@type":"ImageObject","inLanguage":"es","@id":"https:\/\/zapateneo.net\/wordpress\/#\/schema\/logo\/image\/","url":"https:\/\/zapateneo.net\/wordpress\/wp-content\/uploads\/2021\/04\/zap-libu-kolec.jpg","contentUrl":"https:\/\/zapateneo.net\/wordpress\/wp-content\/uploads\/2021\/04\/zap-libu-kolec.jpg","width":2234,"height":398,"caption":"Zapateneo Kultur Elkartea"},"image":{"@id":"https:\/\/zapateneo.net\/wordpress\/#\/schema\/logo\/image\/"},"sameAs":["https:\/\/x.com\/zapateneo"]}]}},"_links":{"self":[{"href":"https:\/\/zapateneo.net\/wordpress\/index.php\/wp-json\/wp\/v2\/product\/12166","targetHints":{"allow":["GET"]}}],"collection":[{"href":"https:\/\/zapateneo.net\/wordpress\/index.php\/wp-json\/wp\/v2\/product"}],"about":[{"href":"https:\/\/zapateneo.net\/wordpress\/index.php\/wp-json\/wp\/v2\/types\/product"}],"wp:featuredmedia":[{"embeddable":true,"href":"https:\/\/zapateneo.net\/wordpress\/index.php\/wp-json\/wp\/v2\/media\/12196"}],"wp:attachment":[{"href":"https:\/\/zapateneo.net\/wordpress\/index.php\/wp-json\/wp\/v2\/media?parent=12166"}],"wp:term":[{"taxonomy":"product_brand","embeddable":true,"href":"https:\/\/zapateneo.net\/wordpress\/index.php\/wp-json\/wp\/v2\/product_brand?post=12166"},{"taxonomy":"product_cat","embeddable":true,"href":"https:\/\/zapateneo.net\/wordpress\/index.php\/wp-json\/wp\/v2\/product_cat?post=12166"},{"taxonomy":"product_tag","embeddable":true,"href":"https:\/\/zapateneo.net\/wordpress\/index.php\/wp-json\/wp\/v2\/product_tag?post=12166"}],"curies":[{"name":"wp","href":"https:\/\/api.w.org\/{rel}","templated":true}]}}