{"id":12164,"date":"2022-11-26T16:39:03","date_gmt":"2022-11-26T15:39:03","guid":{"rendered":"https:\/\/zapateneo.net\/wordpress\/?post_type=product&#038;p=12164"},"modified":"2022-11-26T16:39:20","modified_gmt":"2022-11-26T15:39:20","slug":"deseo-y-alteridad-el-erotismo-como-forma-de-resistencia","status":"publish","type":"product","link":"https:\/\/zapateneo.net\/wordpress\/index.php\/producto\/deseo-y-alteridad-el-erotismo-como-forma-de-resistencia\/","title":{"rendered":"Deseo y alteridad. El erotismo como forma de resistencia"},"content":{"rendered":"<p>Deseo y alteridad\u2019. En confrontaci\u00f3n a la hiperestimulaci\u00f3n y la transparencia en las que nos sumergen las tecnolog\u00edas capitalistas, se hace urgente una emancipaci\u00f3n del imaginario er\u00f3tico con la que superar los dispositivos pornogr\u00e1ficos de control. Este prop\u00f3sito de cuidado de s\u00ed, que toma como fundamento el deseo y la creatividad, pasa necesariamente por una reconfiguraci\u00f3n imaginaria de nuestros cuerpos que ir\u00e1 desde la intimidad hacia la apertura a los dem\u00e1s.<br \/>\nDeseo y alteridad se acerca a la cuesti\u00f3n examinando la experiencia de artistas como Hans Bellmer, Leonor Fini, Toyen, Unica Z\u00fcrn, Pierre Molinier, Topor o St\u00e9phane Blanquet, caracterizados por embarcarse en una libre e intensa exploraci\u00f3n del erotismo. A trav\u00e9s de susobras se plantea la posibilidad de una nueva voluptuosidad que nos sit\u00fae al margen del modelo pornogr\u00e1fico reproducido en millones de pantallas.<br \/>\nComo alternativa al pobre esquema falocentrista, fuente de angustia y desapego, el arte y la poes\u00eda presentes en este ensayo nos muestran otras v\u00edas de exploraci\u00f3n: desde el capricho fetichista de Molinier, pionero en la transgresi\u00f3n de g\u00e9nero, pasando por la riqueza imaginativa de Z\u00fcrn en torno a la carne y la maternidad, hasta llegar a los l\u00edmites vertiginosos de la disoluci\u00f3n personal, esa vivencia abism\u00e1tica a la que se refer\u00eda Bataille en su particular teor\u00eda de la religi\u00f3n y el erotismo.<br \/>\nMar\u00eda Santana es fil\u00f3sofa y conocedora del movimiento surrelista y \u2018underground\u2019.<\/p>\n","protected":false},"excerpt":{"rendered":"<p><strong>Mar\u00eda Santana<\/strong><br \/>\n9788412254792 &#8211; LA LINTERNA SORDA &#8211; 2022 &#8211; 190 p\u00e1ginas \/orri.<\/p>\n","protected":false},"featured_media":12194,"template":"","meta":[],"product_brand":[],"product_cat":[174,16],"product_tag":[128,5735],"class_list":{"0":"post-12164","1":"product","2":"type-product","3":"status-publish","4":"has-post-thumbnail","6":"product_cat-generoak-generos","7":"product_cat-libros","8":"product_tag-la-linterna-sorda","9":"product_tag-maria-santana","11":"first","12":"instock","13":"sold-individually","14":"shipping-taxable","15":"purchasable","16":"product-type-simple"},"yoast_head":"<!-- This site is optimized with the Yoast SEO plugin v27.3 - https:\/\/yoast.com\/product\/yoast-seo-wordpress\/ -->\n<title>Deseo y alteridad. El erotismo como forma de resistencia &#8212; Zapateneo<\/title>\n<meta name=\"robots\" content=\"index, follow, max-snippet:-1, max-image-preview:large, max-video-preview:-1\" \/>\n<link rel=\"canonical\" href=\"https:\/\/zapateneo.net\/wordpress\/index.php\/producto\/deseo-y-alteridad-el-erotismo-como-forma-de-resistencia\/\" \/>\n<meta property=\"og:locale\" content=\"es_ES\" \/>\n<meta property=\"og:type\" content=\"article\" \/>\n<meta property=\"og:title\" content=\"Deseo y alteridad. El erotismo como forma de resistencia &#8212; Zapateneo\" \/>\n<meta property=\"og:description\" content=\"Mar\u00eda Santana 9788412254792 - LA LINTERNA SORDA - 2022 - 190 p\u00e1ginas \/orri.\" \/>\n<meta property=\"og:url\" content=\"https:\/\/zapateneo.net\/wordpress\/index.php\/producto\/deseo-y-alteridad-el-erotismo-como-forma-de-resistencia\/\" \/>\n<meta property=\"og:site_name\" content=\"Zapateneo\" \/>\n<meta property=\"article:modified_time\" content=\"2022-11-26T15:39:20+00:00\" \/>\n<meta name=\"twitter:card\" content=\"summary_large_image\" \/>\n<meta name=\"twitter:site\" content=\"@zapateneo\" \/>\n<meta name=\"twitter:label1\" content=\"Tiempo de lectura\" \/>\n\t<meta name=\"twitter:data1\" content=\"1 minuto\" \/>\n<script type=\"application\/ld+json\" class=\"yoast-schema-graph\">{\"@context\":\"https:\\\/\\\/schema.org\",\"@graph\":[{\"@type\":\"WebPage\",\"@id\":\"https:\\\/\\\/zapateneo.net\\\/wordpress\\\/index.php\\\/producto\\\/deseo-y-alteridad-el-erotismo-como-forma-de-resistencia\\\/\",\"url\":\"https:\\\/\\\/zapateneo.net\\\/wordpress\\\/index.php\\\/producto\\\/deseo-y-alteridad-el-erotismo-como-forma-de-resistencia\\\/\",\"name\":\"Deseo y alteridad. El erotismo como forma de resistencia &#8212; Zapateneo\",\"isPartOf\":{\"@id\":\"https:\\\/\\\/zapateneo.net\\\/wordpress\\\/#website\"},\"primaryImageOfPage\":{\"@id\":\"https:\\\/\\\/zapateneo.net\\\/wordpress\\\/index.php\\\/producto\\\/deseo-y-alteridad-el-erotismo-como-forma-de-resistencia\\\/#primaryimage\"},\"image\":{\"@id\":\"https:\\\/\\\/zapateneo.net\\\/wordpress\\\/index.php\\\/producto\\\/deseo-y-alteridad-el-erotismo-como-forma-de-resistencia\\\/#primaryimage\"},\"thumbnailUrl\":\"https:\\\/\\\/zapateneo.net\\\/wordpress\\\/wp-content\\\/uploads\\\/2022\\\/11\\\/deseo1.jpg\",\"datePublished\":\"2022-11-26T15:39:03+00:00\",\"dateModified\":\"2022-11-26T15:39:20+00:00\",\"breadcrumb\":{\"@id\":\"https:\\\/\\\/zapateneo.net\\\/wordpress\\\/index.php\\\/producto\\\/deseo-y-alteridad-el-erotismo-como-forma-de-resistencia\\\/#breadcrumb\"},\"inLanguage\":\"es\",\"potentialAction\":[{\"@type\":\"ReadAction\",\"target\":[\"https:\\\/\\\/zapateneo.net\\\/wordpress\\\/index.php\\\/producto\\\/deseo-y-alteridad-el-erotismo-como-forma-de-resistencia\\\/\"]}]},{\"@type\":\"ImageObject\",\"inLanguage\":\"es\",\"@id\":\"https:\\\/\\\/zapateneo.net\\\/wordpress\\\/index.php\\\/producto\\\/deseo-y-alteridad-el-erotismo-como-forma-de-resistencia\\\/#primaryimage\",\"url\":\"https:\\\/\\\/zapateneo.net\\\/wordpress\\\/wp-content\\\/uploads\\\/2022\\\/11\\\/deseo1.jpg\",\"contentUrl\":\"https:\\\/\\\/zapateneo.net\\\/wordpress\\\/wp-content\\\/uploads\\\/2022\\\/11\\\/deseo1.jpg\",\"width\":299,\"height\":400},{\"@type\":\"BreadcrumbList\",\"@id\":\"https:\\\/\\\/zapateneo.net\\\/wordpress\\\/index.php\\\/producto\\\/deseo-y-alteridad-el-erotismo-como-forma-de-resistencia\\\/#breadcrumb\",\"itemListElement\":[{\"@type\":\"ListItem\",\"position\":1,\"name\":\"Portada\",\"item\":\"https:\\\/\\\/zapateneo.net\\\/wordpress\\\/\"},{\"@type\":\"ListItem\",\"position\":2,\"name\":\"Tienda\",\"item\":\"https:\\\/\\\/zapateneo.net\\\/wordpress\\\/\"},{\"@type\":\"ListItem\",\"position\":3,\"name\":\"Deseo y alteridad. El erotismo como forma de resistencia\"}]},{\"@type\":\"WebSite\",\"@id\":\"https:\\\/\\\/zapateneo.net\\\/wordpress\\\/#website\",\"url\":\"https:\\\/\\\/zapateneo.net\\\/wordpress\\\/\",\"name\":\"Zapateneo\",\"description\":\"Zapateneoaren webgunea\",\"publisher\":{\"@id\":\"https:\\\/\\\/zapateneo.net\\\/wordpress\\\/#organization\"},\"potentialAction\":[{\"@type\":\"SearchAction\",\"target\":{\"@type\":\"EntryPoint\",\"urlTemplate\":\"https:\\\/\\\/zapateneo.net\\\/wordpress\\\/?s={search_term_string}\"},\"query-input\":{\"@type\":\"PropertyValueSpecification\",\"valueRequired\":true,\"valueName\":\"search_term_string\"}}],\"inLanguage\":\"es\"},{\"@type\":\"Organization\",\"@id\":\"https:\\\/\\\/zapateneo.net\\\/wordpress\\\/#organization\",\"name\":\"Zapateneo Kultur Elkartea\",\"url\":\"https:\\\/\\\/zapateneo.net\\\/wordpress\\\/\",\"logo\":{\"@type\":\"ImageObject\",\"inLanguage\":\"es\",\"@id\":\"https:\\\/\\\/zapateneo.net\\\/wordpress\\\/#\\\/schema\\\/logo\\\/image\\\/\",\"url\":\"https:\\\/\\\/zapateneo.net\\\/wordpress\\\/wp-content\\\/uploads\\\/2021\\\/04\\\/zap-libu-kolec.jpg\",\"contentUrl\":\"https:\\\/\\\/zapateneo.net\\\/wordpress\\\/wp-content\\\/uploads\\\/2021\\\/04\\\/zap-libu-kolec.jpg\",\"width\":2234,\"height\":398,\"caption\":\"Zapateneo Kultur Elkartea\"},\"image\":{\"@id\":\"https:\\\/\\\/zapateneo.net\\\/wordpress\\\/#\\\/schema\\\/logo\\\/image\\\/\"},\"sameAs\":[\"https:\\\/\\\/x.com\\\/zapateneo\"]}]}<\/script>\n<!-- \/ Yoast SEO plugin. -->","yoast_head_json":{"title":"Deseo y alteridad. El erotismo como forma de resistencia &#8212; Zapateneo","robots":{"index":"index","follow":"follow","max-snippet":"max-snippet:-1","max-image-preview":"max-image-preview:large","max-video-preview":"max-video-preview:-1"},"canonical":"https:\/\/zapateneo.net\/wordpress\/index.php\/producto\/deseo-y-alteridad-el-erotismo-como-forma-de-resistencia\/","og_locale":"es_ES","og_type":"article","og_title":"Deseo y alteridad. El erotismo como forma de resistencia &#8212; Zapateneo","og_description":"Mar\u00eda Santana 9788412254792 - LA LINTERNA SORDA - 2022 - 190 p\u00e1ginas \/orri.","og_url":"https:\/\/zapateneo.net\/wordpress\/index.php\/producto\/deseo-y-alteridad-el-erotismo-como-forma-de-resistencia\/","og_site_name":"Zapateneo","article_modified_time":"2022-11-26T15:39:20+00:00","twitter_card":"summary_large_image","twitter_site":"@zapateneo","twitter_misc":{"Tiempo de lectura":"1 minuto"},"schema":{"@context":"https:\/\/schema.org","@graph":[{"@type":"WebPage","@id":"https:\/\/zapateneo.net\/wordpress\/index.php\/producto\/deseo-y-alteridad-el-erotismo-como-forma-de-resistencia\/","url":"https:\/\/zapateneo.net\/wordpress\/index.php\/producto\/deseo-y-alteridad-el-erotismo-como-forma-de-resistencia\/","name":"Deseo y alteridad. El erotismo como forma de resistencia &#8212; Zapateneo","isPartOf":{"@id":"https:\/\/zapateneo.net\/wordpress\/#website"},"primaryImageOfPage":{"@id":"https:\/\/zapateneo.net\/wordpress\/index.php\/producto\/deseo-y-alteridad-el-erotismo-como-forma-de-resistencia\/#primaryimage"},"image":{"@id":"https:\/\/zapateneo.net\/wordpress\/index.php\/producto\/deseo-y-alteridad-el-erotismo-como-forma-de-resistencia\/#primaryimage"},"thumbnailUrl":"https:\/\/zapateneo.net\/wordpress\/wp-content\/uploads\/2022\/11\/deseo1.jpg","datePublished":"2022-11-26T15:39:03+00:00","dateModified":"2022-11-26T15:39:20+00:00","breadcrumb":{"@id":"https:\/\/zapateneo.net\/wordpress\/index.php\/producto\/deseo-y-alteridad-el-erotismo-como-forma-de-resistencia\/#breadcrumb"},"inLanguage":"es","potentialAction":[{"@type":"ReadAction","target":["https:\/\/zapateneo.net\/wordpress\/index.php\/producto\/deseo-y-alteridad-el-erotismo-como-forma-de-resistencia\/"]}]},{"@type":"ImageObject","inLanguage":"es","@id":"https:\/\/zapateneo.net\/wordpress\/index.php\/producto\/deseo-y-alteridad-el-erotismo-como-forma-de-resistencia\/#primaryimage","url":"https:\/\/zapateneo.net\/wordpress\/wp-content\/uploads\/2022\/11\/deseo1.jpg","contentUrl":"https:\/\/zapateneo.net\/wordpress\/wp-content\/uploads\/2022\/11\/deseo1.jpg","width":299,"height":400},{"@type":"BreadcrumbList","@id":"https:\/\/zapateneo.net\/wordpress\/index.php\/producto\/deseo-y-alteridad-el-erotismo-como-forma-de-resistencia\/#breadcrumb","itemListElement":[{"@type":"ListItem","position":1,"name":"Portada","item":"https:\/\/zapateneo.net\/wordpress\/"},{"@type":"ListItem","position":2,"name":"Tienda","item":"https:\/\/zapateneo.net\/wordpress\/"},{"@type":"ListItem","position":3,"name":"Deseo y alteridad. El erotismo como forma de resistencia"}]},{"@type":"WebSite","@id":"https:\/\/zapateneo.net\/wordpress\/#website","url":"https:\/\/zapateneo.net\/wordpress\/","name":"Zapateneo","description":"Zapateneoaren webgunea","publisher":{"@id":"https:\/\/zapateneo.net\/wordpress\/#organization"},"potentialAction":[{"@type":"SearchAction","target":{"@type":"EntryPoint","urlTemplate":"https:\/\/zapateneo.net\/wordpress\/?s={search_term_string}"},"query-input":{"@type":"PropertyValueSpecification","valueRequired":true,"valueName":"search_term_string"}}],"inLanguage":"es"},{"@type":"Organization","@id":"https:\/\/zapateneo.net\/wordpress\/#organization","name":"Zapateneo Kultur Elkartea","url":"https:\/\/zapateneo.net\/wordpress\/","logo":{"@type":"ImageObject","inLanguage":"es","@id":"https:\/\/zapateneo.net\/wordpress\/#\/schema\/logo\/image\/","url":"https:\/\/zapateneo.net\/wordpress\/wp-content\/uploads\/2021\/04\/zap-libu-kolec.jpg","contentUrl":"https:\/\/zapateneo.net\/wordpress\/wp-content\/uploads\/2021\/04\/zap-libu-kolec.jpg","width":2234,"height":398,"caption":"Zapateneo Kultur Elkartea"},"image":{"@id":"https:\/\/zapateneo.net\/wordpress\/#\/schema\/logo\/image\/"},"sameAs":["https:\/\/x.com\/zapateneo"]}]}},"_links":{"self":[{"href":"https:\/\/zapateneo.net\/wordpress\/index.php\/wp-json\/wp\/v2\/product\/12164","targetHints":{"allow":["GET"]}}],"collection":[{"href":"https:\/\/zapateneo.net\/wordpress\/index.php\/wp-json\/wp\/v2\/product"}],"about":[{"href":"https:\/\/zapateneo.net\/wordpress\/index.php\/wp-json\/wp\/v2\/types\/product"}],"wp:featuredmedia":[{"embeddable":true,"href":"https:\/\/zapateneo.net\/wordpress\/index.php\/wp-json\/wp\/v2\/media\/12194"}],"wp:attachment":[{"href":"https:\/\/zapateneo.net\/wordpress\/index.php\/wp-json\/wp\/v2\/media?parent=12164"}],"wp:term":[{"taxonomy":"product_brand","embeddable":true,"href":"https:\/\/zapateneo.net\/wordpress\/index.php\/wp-json\/wp\/v2\/product_brand?post=12164"},{"taxonomy":"product_cat","embeddable":true,"href":"https:\/\/zapateneo.net\/wordpress\/index.php\/wp-json\/wp\/v2\/product_cat?post=12164"},{"taxonomy":"product_tag","embeddable":true,"href":"https:\/\/zapateneo.net\/wordpress\/index.php\/wp-json\/wp\/v2\/product_tag?post=12164"}],"curies":[{"name":"wp","href":"https:\/\/api.w.org\/{rel}","templated":true}]}}