{"id":12162,"date":"2022-11-26T16:39:02","date_gmt":"2022-11-26T15:39:02","guid":{"rendered":"https:\/\/zapateneo.net\/wordpress\/?post_type=product&#038;p=12162"},"modified":"2022-11-26T16:39:18","modified_gmt":"2022-11-26T15:39:18","slug":"la-herbolaria-de-lxs-presxs","status":"publish","type":"product","link":"https:\/\/zapateneo.net\/wordpress\/index.php\/producto\/la-herbolaria-de-lxs-presxs\/","title":{"rendered":"LA HERBOLARIA DE LXS PRESXS"},"content":{"rendered":"<p>la-herbolaria-de-lxs-presxs-9781914567025<\/p>\n<p>    LA HERBOLARIA DE LXS PRESXS<br \/>\n    Nicole Rose<br \/>\n    122 pags.<br \/>\n    ISBN: 9781914567025<br \/>\n    Active Distribution Publishing<br \/>\n    D\u00f3nde encontrarlo<\/p>\n<blockquote class=\"wp-embedded-content\" data-secret=\"FgsCrrWkYI\"><p><a href=\"https:\/\/www.activedistributionshop.org\/\">Mailorder for all things anarchist<\/a><\/p><\/blockquote>\n<p><iframe loading=\"lazy\" class=\"wp-embedded-content\" sandbox=\"allow-scripts\" security=\"restricted\" style=\"position: absolute; clip: rect(1px, 1px, 1px, 1px);\" title=\"&#8220;Mailorder for all things anarchist&#8221; &#8212; Active Distribution\" src=\"https:\/\/www.activedistributionshop.org\/embed\/#?secret=Znc2kzD84K#?secret=FgsCrrWkYI\" data-secret=\"FgsCrrWkYI\" width=\"600\" height=\"338\" frameborder=\"0\" marginwidth=\"0\" marginheight=\"0\" scrolling=\"no\"><\/iframe><br \/>\n    Control Social, represi\u00f3n y c\u00e1rcel |Salud<\/p>\n<p>    7,00 \u20ac<\/p>\n<p>Lxs presxs sufren abandono sanitario y una separaci\u00f3n deshumanizada de los espacios naturales. Sin embargo, las malas hierbas crecen en las grietas del hormig\u00f3n. La Herbolaria de lxs Presxs contiene perfiles detallados de diez plantas, as\u00ed como consejos y trucos para aprovechar al m\u00e1ximo los alimentos, especias y condimentos disponibles dentro de los muros.\u00a0<\/p>\n<p>Escrito por una ex-presa tras sus experiencias en el uso de plantas medicinales en prisi\u00f3n, La Herbolaria de lxs Presxs\u00a0inspirar\u00e1, dentro y fuera de la c\u00e1rcel.<\/p>\n<p>M\u00e1s informaci\u00f3n aqu\u00ed:\u00a0https:\/\/solidarityapothecary.org\/<\/p>\n<p>La misi\u00f3n de la Boticaria Solidaria es apoyar materialmente luchas y comunidades revolucionarias mediante la medicina natural, para reforzar su autonom\u00eda colectiva, su autodefensa y resiliencia frente al cambio clim\u00e1tico, el capitalismo y la violencia de estado.<\/p>\n","protected":false},"excerpt":{"rendered":"<p><strong>Nicole Rose<\/strong><br \/>\n9781914567025 &#8211; Active &#8211; 2022 &#8211; 122 p\u00e1ginas \/orri.<\/p>\n","protected":false},"featured_media":12192,"template":"","meta":[],"product_brand":[],"product_cat":[174,16],"product_tag":[5734,5733],"class_list":{"0":"post-12162","1":"product","2":"type-product","3":"status-publish","4":"has-post-thumbnail","6":"product_cat-generoak-generos","7":"product_cat-libros","8":"product_tag-active","9":"product_tag-nicole-rose","11":"first","12":"instock","13":"sold-individually","14":"shipping-taxable","15":"purchasable","16":"product-type-simple"},"yoast_head":"<!-- This site is optimized with the Yoast SEO plugin v27.3 - https:\/\/yoast.com\/product\/yoast-seo-wordpress\/ -->\n<title>LA HERBOLARIA DE LXS PRESXS &#8212; Zapateneo<\/title>\n<meta name=\"robots\" content=\"index, follow, max-snippet:-1, max-image-preview:large, max-video-preview:-1\" \/>\n<link rel=\"canonical\" href=\"https:\/\/zapateneo.net\/wordpress\/index.php\/producto\/la-herbolaria-de-lxs-presxs\/\" \/>\n<meta property=\"og:locale\" content=\"es_ES\" \/>\n<meta property=\"og:type\" content=\"article\" \/>\n<meta property=\"og:title\" content=\"LA HERBOLARIA DE LXS PRESXS &#8212; Zapateneo\" \/>\n<meta property=\"og:description\" content=\"Nicole Rose 9781914567025 - Active - 2022 - 122 p\u00e1ginas \/orri.\" \/>\n<meta property=\"og:url\" content=\"https:\/\/zapateneo.net\/wordpress\/index.php\/producto\/la-herbolaria-de-lxs-presxs\/\" \/>\n<meta property=\"og:site_name\" content=\"Zapateneo\" \/>\n<meta property=\"article:modified_time\" content=\"2022-11-26T15:39:18+00:00\" \/>\n<meta name=\"twitter:card\" content=\"summary_large_image\" \/>\n<meta name=\"twitter:site\" content=\"@zapateneo\" \/>\n<meta name=\"twitter:label1\" content=\"Tiempo de lectura\" \/>\n\t<meta name=\"twitter:data1\" content=\"1 minuto\" \/>\n<script type=\"application\/ld+json\" class=\"yoast-schema-graph\">{\"@context\":\"https:\\\/\\\/schema.org\",\"@graph\":[{\"@type\":\"WebPage\",\"@id\":\"https:\\\/\\\/zapateneo.net\\\/wordpress\\\/index.php\\\/producto\\\/la-herbolaria-de-lxs-presxs\\\/\",\"url\":\"https:\\\/\\\/zapateneo.net\\\/wordpress\\\/index.php\\\/producto\\\/la-herbolaria-de-lxs-presxs\\\/\",\"name\":\"LA HERBOLARIA DE LXS PRESXS &#8212; Zapateneo\",\"isPartOf\":{\"@id\":\"https:\\\/\\\/zapateneo.net\\\/wordpress\\\/#website\"},\"primaryImageOfPage\":{\"@id\":\"https:\\\/\\\/zapateneo.net\\\/wordpress\\\/index.php\\\/producto\\\/la-herbolaria-de-lxs-presxs\\\/#primaryimage\"},\"image\":{\"@id\":\"https:\\\/\\\/zapateneo.net\\\/wordpress\\\/index.php\\\/producto\\\/la-herbolaria-de-lxs-presxs\\\/#primaryimage\"},\"thumbnailUrl\":\"https:\\\/\\\/zapateneo.net\\\/wordpress\\\/wp-content\\\/uploads\\\/2022\\\/11\\\/la-herbolaria-de-lxs-presxs_2.png\",\"datePublished\":\"2022-11-26T15:39:02+00:00\",\"dateModified\":\"2022-11-26T15:39:18+00:00\",\"breadcrumb\":{\"@id\":\"https:\\\/\\\/zapateneo.net\\\/wordpress\\\/index.php\\\/producto\\\/la-herbolaria-de-lxs-presxs\\\/#breadcrumb\"},\"inLanguage\":\"es\",\"potentialAction\":[{\"@type\":\"ReadAction\",\"target\":[\"https:\\\/\\\/zapateneo.net\\\/wordpress\\\/index.php\\\/producto\\\/la-herbolaria-de-lxs-presxs\\\/\"]}]},{\"@type\":\"ImageObject\",\"inLanguage\":\"es\",\"@id\":\"https:\\\/\\\/zapateneo.net\\\/wordpress\\\/index.php\\\/producto\\\/la-herbolaria-de-lxs-presxs\\\/#primaryimage\",\"url\":\"https:\\\/\\\/zapateneo.net\\\/wordpress\\\/wp-content\\\/uploads\\\/2022\\\/11\\\/la-herbolaria-de-lxs-presxs_2.png\",\"contentUrl\":\"https:\\\/\\\/zapateneo.net\\\/wordpress\\\/wp-content\\\/uploads\\\/2022\\\/11\\\/la-herbolaria-de-lxs-presxs_2.png\",\"width\":278,\"height\":400},{\"@type\":\"BreadcrumbList\",\"@id\":\"https:\\\/\\\/zapateneo.net\\\/wordpress\\\/index.php\\\/producto\\\/la-herbolaria-de-lxs-presxs\\\/#breadcrumb\",\"itemListElement\":[{\"@type\":\"ListItem\",\"position\":1,\"name\":\"Portada\",\"item\":\"https:\\\/\\\/zapateneo.net\\\/wordpress\\\/\"},{\"@type\":\"ListItem\",\"position\":2,\"name\":\"Tienda\",\"item\":\"https:\\\/\\\/zapateneo.net\\\/wordpress\\\/\"},{\"@type\":\"ListItem\",\"position\":3,\"name\":\"LA HERBOLARIA DE LXS PRESXS\"}]},{\"@type\":\"WebSite\",\"@id\":\"https:\\\/\\\/zapateneo.net\\\/wordpress\\\/#website\",\"url\":\"https:\\\/\\\/zapateneo.net\\\/wordpress\\\/\",\"name\":\"Zapateneo\",\"description\":\"Zapateneoaren webgunea\",\"publisher\":{\"@id\":\"https:\\\/\\\/zapateneo.net\\\/wordpress\\\/#organization\"},\"potentialAction\":[{\"@type\":\"SearchAction\",\"target\":{\"@type\":\"EntryPoint\",\"urlTemplate\":\"https:\\\/\\\/zapateneo.net\\\/wordpress\\\/?s={search_term_string}\"},\"query-input\":{\"@type\":\"PropertyValueSpecification\",\"valueRequired\":true,\"valueName\":\"search_term_string\"}}],\"inLanguage\":\"es\"},{\"@type\":\"Organization\",\"@id\":\"https:\\\/\\\/zapateneo.net\\\/wordpress\\\/#organization\",\"name\":\"Zapateneo Kultur Elkartea\",\"url\":\"https:\\\/\\\/zapateneo.net\\\/wordpress\\\/\",\"logo\":{\"@type\":\"ImageObject\",\"inLanguage\":\"es\",\"@id\":\"https:\\\/\\\/zapateneo.net\\\/wordpress\\\/#\\\/schema\\\/logo\\\/image\\\/\",\"url\":\"https:\\\/\\\/zapateneo.net\\\/wordpress\\\/wp-content\\\/uploads\\\/2021\\\/04\\\/zap-libu-kolec.jpg\",\"contentUrl\":\"https:\\\/\\\/zapateneo.net\\\/wordpress\\\/wp-content\\\/uploads\\\/2021\\\/04\\\/zap-libu-kolec.jpg\",\"width\":2234,\"height\":398,\"caption\":\"Zapateneo Kultur Elkartea\"},\"image\":{\"@id\":\"https:\\\/\\\/zapateneo.net\\\/wordpress\\\/#\\\/schema\\\/logo\\\/image\\\/\"},\"sameAs\":[\"https:\\\/\\\/x.com\\\/zapateneo\"]}]}<\/script>\n<!-- \/ Yoast SEO plugin. -->","yoast_head_json":{"title":"LA HERBOLARIA DE LXS PRESXS &#8212; Zapateneo","robots":{"index":"index","follow":"follow","max-snippet":"max-snippet:-1","max-image-preview":"max-image-preview:large","max-video-preview":"max-video-preview:-1"},"canonical":"https:\/\/zapateneo.net\/wordpress\/index.php\/producto\/la-herbolaria-de-lxs-presxs\/","og_locale":"es_ES","og_type":"article","og_title":"LA HERBOLARIA DE LXS PRESXS &#8212; Zapateneo","og_description":"Nicole Rose 9781914567025 - Active - 2022 - 122 p\u00e1ginas \/orri.","og_url":"https:\/\/zapateneo.net\/wordpress\/index.php\/producto\/la-herbolaria-de-lxs-presxs\/","og_site_name":"Zapateneo","article_modified_time":"2022-11-26T15:39:18+00:00","twitter_card":"summary_large_image","twitter_site":"@zapateneo","twitter_misc":{"Tiempo de lectura":"1 minuto"},"schema":{"@context":"https:\/\/schema.org","@graph":[{"@type":"WebPage","@id":"https:\/\/zapateneo.net\/wordpress\/index.php\/producto\/la-herbolaria-de-lxs-presxs\/","url":"https:\/\/zapateneo.net\/wordpress\/index.php\/producto\/la-herbolaria-de-lxs-presxs\/","name":"LA HERBOLARIA DE LXS PRESXS &#8212; Zapateneo","isPartOf":{"@id":"https:\/\/zapateneo.net\/wordpress\/#website"},"primaryImageOfPage":{"@id":"https:\/\/zapateneo.net\/wordpress\/index.php\/producto\/la-herbolaria-de-lxs-presxs\/#primaryimage"},"image":{"@id":"https:\/\/zapateneo.net\/wordpress\/index.php\/producto\/la-herbolaria-de-lxs-presxs\/#primaryimage"},"thumbnailUrl":"https:\/\/zapateneo.net\/wordpress\/wp-content\/uploads\/2022\/11\/la-herbolaria-de-lxs-presxs_2.png","datePublished":"2022-11-26T15:39:02+00:00","dateModified":"2022-11-26T15:39:18+00:00","breadcrumb":{"@id":"https:\/\/zapateneo.net\/wordpress\/index.php\/producto\/la-herbolaria-de-lxs-presxs\/#breadcrumb"},"inLanguage":"es","potentialAction":[{"@type":"ReadAction","target":["https:\/\/zapateneo.net\/wordpress\/index.php\/producto\/la-herbolaria-de-lxs-presxs\/"]}]},{"@type":"ImageObject","inLanguage":"es","@id":"https:\/\/zapateneo.net\/wordpress\/index.php\/producto\/la-herbolaria-de-lxs-presxs\/#primaryimage","url":"https:\/\/zapateneo.net\/wordpress\/wp-content\/uploads\/2022\/11\/la-herbolaria-de-lxs-presxs_2.png","contentUrl":"https:\/\/zapateneo.net\/wordpress\/wp-content\/uploads\/2022\/11\/la-herbolaria-de-lxs-presxs_2.png","width":278,"height":400},{"@type":"BreadcrumbList","@id":"https:\/\/zapateneo.net\/wordpress\/index.php\/producto\/la-herbolaria-de-lxs-presxs\/#breadcrumb","itemListElement":[{"@type":"ListItem","position":1,"name":"Portada","item":"https:\/\/zapateneo.net\/wordpress\/"},{"@type":"ListItem","position":2,"name":"Tienda","item":"https:\/\/zapateneo.net\/wordpress\/"},{"@type":"ListItem","position":3,"name":"LA HERBOLARIA DE LXS PRESXS"}]},{"@type":"WebSite","@id":"https:\/\/zapateneo.net\/wordpress\/#website","url":"https:\/\/zapateneo.net\/wordpress\/","name":"Zapateneo","description":"Zapateneoaren webgunea","publisher":{"@id":"https:\/\/zapateneo.net\/wordpress\/#organization"},"potentialAction":[{"@type":"SearchAction","target":{"@type":"EntryPoint","urlTemplate":"https:\/\/zapateneo.net\/wordpress\/?s={search_term_string}"},"query-input":{"@type":"PropertyValueSpecification","valueRequired":true,"valueName":"search_term_string"}}],"inLanguage":"es"},{"@type":"Organization","@id":"https:\/\/zapateneo.net\/wordpress\/#organization","name":"Zapateneo Kultur Elkartea","url":"https:\/\/zapateneo.net\/wordpress\/","logo":{"@type":"ImageObject","inLanguage":"es","@id":"https:\/\/zapateneo.net\/wordpress\/#\/schema\/logo\/image\/","url":"https:\/\/zapateneo.net\/wordpress\/wp-content\/uploads\/2021\/04\/zap-libu-kolec.jpg","contentUrl":"https:\/\/zapateneo.net\/wordpress\/wp-content\/uploads\/2021\/04\/zap-libu-kolec.jpg","width":2234,"height":398,"caption":"Zapateneo Kultur Elkartea"},"image":{"@id":"https:\/\/zapateneo.net\/wordpress\/#\/schema\/logo\/image\/"},"sameAs":["https:\/\/x.com\/zapateneo"]}]}},"_links":{"self":[{"href":"https:\/\/zapateneo.net\/wordpress\/index.php\/wp-json\/wp\/v2\/product\/12162","targetHints":{"allow":["GET"]}}],"collection":[{"href":"https:\/\/zapateneo.net\/wordpress\/index.php\/wp-json\/wp\/v2\/product"}],"about":[{"href":"https:\/\/zapateneo.net\/wordpress\/index.php\/wp-json\/wp\/v2\/types\/product"}],"wp:featuredmedia":[{"embeddable":true,"href":"https:\/\/zapateneo.net\/wordpress\/index.php\/wp-json\/wp\/v2\/media\/12192"}],"wp:attachment":[{"href":"https:\/\/zapateneo.net\/wordpress\/index.php\/wp-json\/wp\/v2\/media?parent=12162"}],"wp:term":[{"taxonomy":"product_brand","embeddable":true,"href":"https:\/\/zapateneo.net\/wordpress\/index.php\/wp-json\/wp\/v2\/product_brand?post=12162"},{"taxonomy":"product_cat","embeddable":true,"href":"https:\/\/zapateneo.net\/wordpress\/index.php\/wp-json\/wp\/v2\/product_cat?post=12162"},{"taxonomy":"product_tag","embeddable":true,"href":"https:\/\/zapateneo.net\/wordpress\/index.php\/wp-json\/wp\/v2\/product_tag?post=12162"}],"curies":[{"name":"wp","href":"https:\/\/api.w.org\/{rel}","templated":true}]}}