{"id":12155,"date":"2022-11-26T16:39:01","date_gmt":"2022-11-26T15:39:01","guid":{"rendered":"https:\/\/zapateneo.net\/wordpress\/?post_type=product&#038;p=12155"},"modified":"2022-11-26T16:39:13","modified_gmt":"2022-11-26T15:39:13","slug":"filosofias-del-sur-descolonizacion-y-transmodernidad","status":"publish","type":"product","link":"https:\/\/zapateneo.net\/wordpress\/index.php\/producto\/filosofias-del-sur-descolonizacion-y-transmodernidad\/","title":{"rendered":"FILOSOF\u00cdAS DEL SUR Descolonizaci\u00f3n y transmodernidad"},"content":{"rendered":"<p>La obra de Enrique Dussel se ha destacado por cuestionar radicalmente el protagonismo de la filosof\u00eda euroc\u00e9ntrica. En su propuesta, construida a lo largo de cinco d\u00e9cadas, se ofrece un sitio a todas las tradiciones de pensamiento y a los \u00abexcluidos\u00bb en el di\u00e1logo internacional contempor\u00e1neo. De esta forma, los textos amerindios, el pensamiento \u00e1rabe y la narrativa del \u00c1frica bant\u00fa se separan de su car\u00e1cter \u00abex\u00f3tico\u00bb y se ofrecen como esquemas cr\u00edticos, con razonamientos que parten de una realidad espec\u00edfica para hacer comprensible la conformaci\u00f3n compleja del mundo actual.<\/p>\n<p>Con una renovadora lectura de Pablo de Tarso, Hegel, Benjamin, Levinas y \u00c5\u00bdi\u00c5\u00beek (por mencionar algunos nombres), este libro constituye una s\u00edntesis de las principales aportaciones de Dussel al campo de la descolonizaci\u00f3n filos\u00f3fica. Asimismo, expone su perspectiva en cuanto a las relaciones de poder hacia un mundo transmoderno \u2014m\u00e1s all\u00e1 de la Modernidad centrada en Europa\u2014 y ofrece algunos de los di\u00e1logos que el autor ha sostenido con la obra de Marx y con marxistas reconocidos.<\/p>\n<p>Como se\u00f1ala Ram\u00f3n Grosfoguel en el pr\u00f3logo que ha escrito para la presente edici\u00f3n, en este cl\u00e1sico de la filosof\u00eda de la liberaci\u00f3n, el lector encontrar\u00e1 \u201cla visi\u00f3n descolonizadora y el horizonte civilizatorio transmoderno de uno de los fil\u00f3sofos m\u00e1s importantes del mundo\u201d, resultado de un pensamiento cr\u00edtico sin precedentes, que surge de la novedad misma de la historia inmediata de muchos pueblos.<\/p>\n<p>Enrique Dussel es una de las figuras m\u00e1s respetadas dentro del pensamiento latinoamericano contempor\u00e1neo. Acad\u00e9mico, fil\u00f3sofo e historiador de origen argentino, ha desarrollado buena parte de su carrera profesional en M\u00e9xico, donde, entre otros cargos, ha ocupado el de rector interino de la Universidad Aut\u00f3noma de la Ciudad de M\u00e9xico. Miembro fundador de la Filosof\u00eda de la Liberaci\u00f3n en Am\u00e9rica Latina, es autor de m\u00e1s de 70 libros, en los que ha postulado una visi\u00f3n cr\u00edtica de la Modernidad, euroc\u00e9ntrica y occidental, adem\u00e1s de acu\u00f1ar conceptos clave como transmodernidad o giro descolonial. Tiene dos doctorados Honoris Causa, uno por la Universidad de Friburgo (Suiza, 1981) y otro por la Universidad Mayor de San Andr\u00e9s (La Paz, Bolivia, 1995). Es fundador de la \u00abRevista de Filosof\u00eda Latinoamericana\u00bb, y durante la primera d\u00e9cada del siglo XXI form\u00f3 parte del Grupo Modernidad\/Colonialidad, el principal colectivo de pensamiento poscolonial en Am\u00e9rica Latina.<\/p>\n<p>Pr\u00f3logo de Ram\u00f3n Grosfoguel<\/p>\n","protected":false},"excerpt":{"rendered":"<p><strong>Enrique Dussel<\/strong><br \/>\n9788446052104 &#8211; Akal &#8211; 2022 &#8211; 400 p\u00e1ginas \/orri.<\/p>\n","protected":false},"featured_media":12185,"template":"","meta":[],"product_brand":[],"product_cat":[16,173],"product_tag":[437,5444],"class_list":{"0":"post-12155","1":"product","2":"type-product","3":"status-publish","4":"has-post-thumbnail","6":"product_cat-libros","7":"product_cat-saiakera-ensayo","8":"product_tag-akal","9":"product_tag-enrique-dussel","11":"first","12":"instock","13":"sold-individually","14":"shipping-taxable","15":"purchasable","16":"product-type-simple"},"yoast_head":"<!-- This site is optimized with the Yoast SEO plugin v27.3 - https:\/\/yoast.com\/product\/yoast-seo-wordpress\/ -->\n<title>FILOSOF\u00cdAS DEL SUR Descolonizaci\u00f3n y transmodernidad &#8212; Zapateneo<\/title>\n<meta name=\"robots\" content=\"index, follow, max-snippet:-1, max-image-preview:large, max-video-preview:-1\" \/>\n<link rel=\"canonical\" href=\"https:\/\/zapateneo.net\/wordpress\/index.php\/producto\/filosofias-del-sur-descolonizacion-y-transmodernidad\/\" \/>\n<meta property=\"og:locale\" content=\"es_ES\" \/>\n<meta property=\"og:type\" content=\"article\" \/>\n<meta property=\"og:title\" content=\"FILOSOF\u00cdAS DEL SUR Descolonizaci\u00f3n y transmodernidad &#8212; Zapateneo\" \/>\n<meta property=\"og:description\" content=\"Enrique Dussel 9788446052104 - Akal - 2022 - 400 p\u00e1ginas \/orri.\" \/>\n<meta property=\"og:url\" content=\"https:\/\/zapateneo.net\/wordpress\/index.php\/producto\/filosofias-del-sur-descolonizacion-y-transmodernidad\/\" \/>\n<meta property=\"og:site_name\" content=\"Zapateneo\" \/>\n<meta property=\"article:modified_time\" content=\"2022-11-26T15:39:13+00:00\" \/>\n<meta name=\"twitter:card\" content=\"summary_large_image\" \/>\n<meta name=\"twitter:site\" content=\"@zapateneo\" \/>\n<meta name=\"twitter:label1\" content=\"Tiempo de lectura\" \/>\n\t<meta name=\"twitter:data1\" content=\"2 minutos\" \/>\n<script type=\"application\/ld+json\" class=\"yoast-schema-graph\">{\"@context\":\"https:\\\/\\\/schema.org\",\"@graph\":[{\"@type\":\"WebPage\",\"@id\":\"https:\\\/\\\/zapateneo.net\\\/wordpress\\\/index.php\\\/producto\\\/filosofias-del-sur-descolonizacion-y-transmodernidad\\\/\",\"url\":\"https:\\\/\\\/zapateneo.net\\\/wordpress\\\/index.php\\\/producto\\\/filosofias-del-sur-descolonizacion-y-transmodernidad\\\/\",\"name\":\"FILOSOF\u00cdAS DEL SUR Descolonizaci\u00f3n y transmodernidad &#8212; Zapateneo\",\"isPartOf\":{\"@id\":\"https:\\\/\\\/zapateneo.net\\\/wordpress\\\/#website\"},\"primaryImageOfPage\":{\"@id\":\"https:\\\/\\\/zapateneo.net\\\/wordpress\\\/index.php\\\/producto\\\/filosofias-del-sur-descolonizacion-y-transmodernidad\\\/#primaryimage\"},\"image\":{\"@id\":\"https:\\\/\\\/zapateneo.net\\\/wordpress\\\/index.php\\\/producto\\\/filosofias-del-sur-descolonizacion-y-transmodernidad\\\/#primaryimage\"},\"thumbnailUrl\":\"https:\\\/\\\/zapateneo.net\\\/wordpress\\\/wp-content\\\/uploads\\\/2022\\\/11\\\/filosofias-del-sur-50-aniversario-9788446052104.jpg\",\"datePublished\":\"2022-11-26T15:39:01+00:00\",\"dateModified\":\"2022-11-26T15:39:13+00:00\",\"breadcrumb\":{\"@id\":\"https:\\\/\\\/zapateneo.net\\\/wordpress\\\/index.php\\\/producto\\\/filosofias-del-sur-descolonizacion-y-transmodernidad\\\/#breadcrumb\"},\"inLanguage\":\"es\",\"potentialAction\":[{\"@type\":\"ReadAction\",\"target\":[\"https:\\\/\\\/zapateneo.net\\\/wordpress\\\/index.php\\\/producto\\\/filosofias-del-sur-descolonizacion-y-transmodernidad\\\/\"]}]},{\"@type\":\"ImageObject\",\"inLanguage\":\"es\",\"@id\":\"https:\\\/\\\/zapateneo.net\\\/wordpress\\\/index.php\\\/producto\\\/filosofias-del-sur-descolonizacion-y-transmodernidad\\\/#primaryimage\",\"url\":\"https:\\\/\\\/zapateneo.net\\\/wordpress\\\/wp-content\\\/uploads\\\/2022\\\/11\\\/filosofias-del-sur-50-aniversario-9788446052104.jpg\",\"contentUrl\":\"https:\\\/\\\/zapateneo.net\\\/wordpress\\\/wp-content\\\/uploads\\\/2022\\\/11\\\/filosofias-del-sur-50-aniversario-9788446052104.jpg\",\"width\":258,\"height\":400},{\"@type\":\"BreadcrumbList\",\"@id\":\"https:\\\/\\\/zapateneo.net\\\/wordpress\\\/index.php\\\/producto\\\/filosofias-del-sur-descolonizacion-y-transmodernidad\\\/#breadcrumb\",\"itemListElement\":[{\"@type\":\"ListItem\",\"position\":1,\"name\":\"Portada\",\"item\":\"https:\\\/\\\/zapateneo.net\\\/wordpress\\\/\"},{\"@type\":\"ListItem\",\"position\":2,\"name\":\"Tienda\",\"item\":\"https:\\\/\\\/zapateneo.net\\\/wordpress\\\/\"},{\"@type\":\"ListItem\",\"position\":3,\"name\":\"FILOSOF\u00cdAS DEL SUR Descolonizaci\u00f3n y transmodernidad\"}]},{\"@type\":\"WebSite\",\"@id\":\"https:\\\/\\\/zapateneo.net\\\/wordpress\\\/#website\",\"url\":\"https:\\\/\\\/zapateneo.net\\\/wordpress\\\/\",\"name\":\"Zapateneo\",\"description\":\"Zapateneoaren webgunea\",\"publisher\":{\"@id\":\"https:\\\/\\\/zapateneo.net\\\/wordpress\\\/#organization\"},\"potentialAction\":[{\"@type\":\"SearchAction\",\"target\":{\"@type\":\"EntryPoint\",\"urlTemplate\":\"https:\\\/\\\/zapateneo.net\\\/wordpress\\\/?s={search_term_string}\"},\"query-input\":{\"@type\":\"PropertyValueSpecification\",\"valueRequired\":true,\"valueName\":\"search_term_string\"}}],\"inLanguage\":\"es\"},{\"@type\":\"Organization\",\"@id\":\"https:\\\/\\\/zapateneo.net\\\/wordpress\\\/#organization\",\"name\":\"Zapateneo Kultur Elkartea\",\"url\":\"https:\\\/\\\/zapateneo.net\\\/wordpress\\\/\",\"logo\":{\"@type\":\"ImageObject\",\"inLanguage\":\"es\",\"@id\":\"https:\\\/\\\/zapateneo.net\\\/wordpress\\\/#\\\/schema\\\/logo\\\/image\\\/\",\"url\":\"https:\\\/\\\/zapateneo.net\\\/wordpress\\\/wp-content\\\/uploads\\\/2021\\\/04\\\/zap-libu-kolec.jpg\",\"contentUrl\":\"https:\\\/\\\/zapateneo.net\\\/wordpress\\\/wp-content\\\/uploads\\\/2021\\\/04\\\/zap-libu-kolec.jpg\",\"width\":2234,\"height\":398,\"caption\":\"Zapateneo Kultur Elkartea\"},\"image\":{\"@id\":\"https:\\\/\\\/zapateneo.net\\\/wordpress\\\/#\\\/schema\\\/logo\\\/image\\\/\"},\"sameAs\":[\"https:\\\/\\\/x.com\\\/zapateneo\"]}]}<\/script>\n<!-- \/ Yoast SEO plugin. -->","yoast_head_json":{"title":"FILOSOF\u00cdAS DEL SUR Descolonizaci\u00f3n y transmodernidad &#8212; Zapateneo","robots":{"index":"index","follow":"follow","max-snippet":"max-snippet:-1","max-image-preview":"max-image-preview:large","max-video-preview":"max-video-preview:-1"},"canonical":"https:\/\/zapateneo.net\/wordpress\/index.php\/producto\/filosofias-del-sur-descolonizacion-y-transmodernidad\/","og_locale":"es_ES","og_type":"article","og_title":"FILOSOF\u00cdAS DEL SUR Descolonizaci\u00f3n y transmodernidad &#8212; Zapateneo","og_description":"Enrique Dussel 9788446052104 - Akal - 2022 - 400 p\u00e1ginas \/orri.","og_url":"https:\/\/zapateneo.net\/wordpress\/index.php\/producto\/filosofias-del-sur-descolonizacion-y-transmodernidad\/","og_site_name":"Zapateneo","article_modified_time":"2022-11-26T15:39:13+00:00","twitter_card":"summary_large_image","twitter_site":"@zapateneo","twitter_misc":{"Tiempo de lectura":"2 minutos"},"schema":{"@context":"https:\/\/schema.org","@graph":[{"@type":"WebPage","@id":"https:\/\/zapateneo.net\/wordpress\/index.php\/producto\/filosofias-del-sur-descolonizacion-y-transmodernidad\/","url":"https:\/\/zapateneo.net\/wordpress\/index.php\/producto\/filosofias-del-sur-descolonizacion-y-transmodernidad\/","name":"FILOSOF\u00cdAS DEL SUR Descolonizaci\u00f3n y transmodernidad &#8212; Zapateneo","isPartOf":{"@id":"https:\/\/zapateneo.net\/wordpress\/#website"},"primaryImageOfPage":{"@id":"https:\/\/zapateneo.net\/wordpress\/index.php\/producto\/filosofias-del-sur-descolonizacion-y-transmodernidad\/#primaryimage"},"image":{"@id":"https:\/\/zapateneo.net\/wordpress\/index.php\/producto\/filosofias-del-sur-descolonizacion-y-transmodernidad\/#primaryimage"},"thumbnailUrl":"https:\/\/zapateneo.net\/wordpress\/wp-content\/uploads\/2022\/11\/filosofias-del-sur-50-aniversario-9788446052104.jpg","datePublished":"2022-11-26T15:39:01+00:00","dateModified":"2022-11-26T15:39:13+00:00","breadcrumb":{"@id":"https:\/\/zapateneo.net\/wordpress\/index.php\/producto\/filosofias-del-sur-descolonizacion-y-transmodernidad\/#breadcrumb"},"inLanguage":"es","potentialAction":[{"@type":"ReadAction","target":["https:\/\/zapateneo.net\/wordpress\/index.php\/producto\/filosofias-del-sur-descolonizacion-y-transmodernidad\/"]}]},{"@type":"ImageObject","inLanguage":"es","@id":"https:\/\/zapateneo.net\/wordpress\/index.php\/producto\/filosofias-del-sur-descolonizacion-y-transmodernidad\/#primaryimage","url":"https:\/\/zapateneo.net\/wordpress\/wp-content\/uploads\/2022\/11\/filosofias-del-sur-50-aniversario-9788446052104.jpg","contentUrl":"https:\/\/zapateneo.net\/wordpress\/wp-content\/uploads\/2022\/11\/filosofias-del-sur-50-aniversario-9788446052104.jpg","width":258,"height":400},{"@type":"BreadcrumbList","@id":"https:\/\/zapateneo.net\/wordpress\/index.php\/producto\/filosofias-del-sur-descolonizacion-y-transmodernidad\/#breadcrumb","itemListElement":[{"@type":"ListItem","position":1,"name":"Portada","item":"https:\/\/zapateneo.net\/wordpress\/"},{"@type":"ListItem","position":2,"name":"Tienda","item":"https:\/\/zapateneo.net\/wordpress\/"},{"@type":"ListItem","position":3,"name":"FILOSOF\u00cdAS DEL SUR Descolonizaci\u00f3n y transmodernidad"}]},{"@type":"WebSite","@id":"https:\/\/zapateneo.net\/wordpress\/#website","url":"https:\/\/zapateneo.net\/wordpress\/","name":"Zapateneo","description":"Zapateneoaren webgunea","publisher":{"@id":"https:\/\/zapateneo.net\/wordpress\/#organization"},"potentialAction":[{"@type":"SearchAction","target":{"@type":"EntryPoint","urlTemplate":"https:\/\/zapateneo.net\/wordpress\/?s={search_term_string}"},"query-input":{"@type":"PropertyValueSpecification","valueRequired":true,"valueName":"search_term_string"}}],"inLanguage":"es"},{"@type":"Organization","@id":"https:\/\/zapateneo.net\/wordpress\/#organization","name":"Zapateneo Kultur Elkartea","url":"https:\/\/zapateneo.net\/wordpress\/","logo":{"@type":"ImageObject","inLanguage":"es","@id":"https:\/\/zapateneo.net\/wordpress\/#\/schema\/logo\/image\/","url":"https:\/\/zapateneo.net\/wordpress\/wp-content\/uploads\/2021\/04\/zap-libu-kolec.jpg","contentUrl":"https:\/\/zapateneo.net\/wordpress\/wp-content\/uploads\/2021\/04\/zap-libu-kolec.jpg","width":2234,"height":398,"caption":"Zapateneo Kultur Elkartea"},"image":{"@id":"https:\/\/zapateneo.net\/wordpress\/#\/schema\/logo\/image\/"},"sameAs":["https:\/\/x.com\/zapateneo"]}]}},"_links":{"self":[{"href":"https:\/\/zapateneo.net\/wordpress\/index.php\/wp-json\/wp\/v2\/product\/12155","targetHints":{"allow":["GET"]}}],"collection":[{"href":"https:\/\/zapateneo.net\/wordpress\/index.php\/wp-json\/wp\/v2\/product"}],"about":[{"href":"https:\/\/zapateneo.net\/wordpress\/index.php\/wp-json\/wp\/v2\/types\/product"}],"wp:featuredmedia":[{"embeddable":true,"href":"https:\/\/zapateneo.net\/wordpress\/index.php\/wp-json\/wp\/v2\/media\/12185"}],"wp:attachment":[{"href":"https:\/\/zapateneo.net\/wordpress\/index.php\/wp-json\/wp\/v2\/media?parent=12155"}],"wp:term":[{"taxonomy":"product_brand","embeddable":true,"href":"https:\/\/zapateneo.net\/wordpress\/index.php\/wp-json\/wp\/v2\/product_brand?post=12155"},{"taxonomy":"product_cat","embeddable":true,"href":"https:\/\/zapateneo.net\/wordpress\/index.php\/wp-json\/wp\/v2\/product_cat?post=12155"},{"taxonomy":"product_tag","embeddable":true,"href":"https:\/\/zapateneo.net\/wordpress\/index.php\/wp-json\/wp\/v2\/product_tag?post=12155"}],"curies":[{"name":"wp","href":"https:\/\/api.w.org\/{rel}","templated":true}]}}