{"id":12153,"date":"2022-11-26T16:39:00","date_gmt":"2022-11-26T15:39:00","guid":{"rendered":"https:\/\/zapateneo.net\/wordpress\/?post_type=product&#038;p=12153"},"modified":"2022-11-26T16:39:12","modified_gmt":"2022-11-26T15:39:12","slug":"economias-del-buen-vivir-contra-el-desperdicio-de-las-experiencias","status":"publish","type":"product","link":"https:\/\/zapateneo.net\/wordpress\/index.php\/producto\/economias-del-buen-vivir-contra-el-desperdicio-de-las-experiencias\/","title":{"rendered":"ECONOM\u00cdAS DEL BUEN VIVIR Contra el desperdicio de las experiencias"},"content":{"rendered":"<p>Al presentarse como la expresi\u00f3n de un estadio m\u00e1ximo de justicia y organizaci\u00f3n socio-econ\u00f3mica del orden mundial, la idea occidental de desarrollo es otra manera de expresar un orden y un progreso que distingue y separa qui\u00e9n se salva y qui\u00e9n se pierde en el usufructo de las riquezas, la felicidad y una vida buena. Por otro lado, el capitalismo trata de canibalizar los enunciados de las luchas que se le oponen, con objeto de digerirlas y devolverlas disciplinadas y a su servicio.<\/p>\n<p>El cuidado que estructura y alimenta toda la vida se ha ido convirtiendo en sin\u00f3nimo de pol\u00edticas de flexibilidad en el trabajo y en la promoci\u00f3n de m\u00e1s mujeres en casa sin carrera y sin vida propia; la solidaridad se desgasta en nombres de ministerios y en sus pol\u00edticas de compensaci\u00f3n social que acent\u00faan las desigualdades; el ideal de la modernizaci\u00f3n extingue semillas, expropia a las personas sus alimentos y sus identidades; campesinas y campesinos son descartables, no se necesita m\u00e1s que una agricultura de abastecimiento a gran escala\u2026<\/p>\n<p>Este libro busca ampliar las posibilidades de pensar y reconocer proyectos concretos de emancipaci\u00f3n sobre la base de sociabilidades econ\u00f3micas que resisten al capitalismo o que est\u00e1n al margen de \u00e9l. En sus cap\u00edtulos se hace un ejercicio colectivo de pensamiento posabismal en el que los sistemas de opresi\u00f3n se piensan con el fin de superarlos. En medio de los negros nubarrones que nos rodean, se abren peque\u00f1os claros de esperanza que nos muestran que es posible hacer las cosas de otra manera. No les demos la espalda.<\/p>\n","protected":false},"excerpt":{"rendered":"<p><strong>Teresa Cunha, Boaventura De Sousa Santos<\/strong><br \/>\n9786078683970 &#8211; Akal &#8211; 2022 &#8211; 480 p\u00e1ginas \/orri.<\/p>\n","protected":false},"featured_media":12183,"template":"","meta":[],"product_brand":[],"product_cat":[178,16],"product_tag":[437,5725,5724],"class_list":{"0":"post-12153","1":"product","2":"type-product","3":"status-publish","4":"has-post-thumbnail","6":"product_cat-ekonomia-economia","7":"product_cat-libros","8":"product_tag-akal","9":"product_tag-boaventura-de-sousa-santos","10":"product_tag-teresa-cunha","12":"first","13":"instock","14":"sold-individually","15":"shipping-taxable","16":"purchasable","17":"product-type-simple"},"yoast_head":"<!-- This site is optimized with the Yoast SEO plugin v27.3 - https:\/\/yoast.com\/product\/yoast-seo-wordpress\/ -->\n<title>ECONOM\u00cdAS DEL BUEN VIVIR Contra el desperdicio de las experiencias &#8212; Zapateneo<\/title>\n<meta name=\"robots\" content=\"index, follow, max-snippet:-1, max-image-preview:large, max-video-preview:-1\" \/>\n<link rel=\"canonical\" href=\"https:\/\/zapateneo.net\/wordpress\/index.php\/producto\/economias-del-buen-vivir-contra-el-desperdicio-de-las-experiencias\/\" \/>\n<meta property=\"og:locale\" content=\"es_ES\" \/>\n<meta property=\"og:type\" content=\"article\" \/>\n<meta property=\"og:title\" content=\"ECONOM\u00cdAS DEL BUEN VIVIR Contra el desperdicio de las experiencias &#8212; Zapateneo\" \/>\n<meta property=\"og:description\" content=\"Teresa Cunha, Boaventura De Sousa Santos 9786078683970 - Akal - 2022 - 480 p\u00e1ginas \/orri.\" \/>\n<meta property=\"og:url\" content=\"https:\/\/zapateneo.net\/wordpress\/index.php\/producto\/economias-del-buen-vivir-contra-el-desperdicio-de-las-experiencias\/\" \/>\n<meta property=\"og:site_name\" content=\"Zapateneo\" \/>\n<meta property=\"article:modified_time\" content=\"2022-11-26T15:39:12+00:00\" \/>\n<meta name=\"twitter:card\" content=\"summary_large_image\" \/>\n<meta name=\"twitter:site\" content=\"@zapateneo\" \/>\n<meta name=\"twitter:label1\" content=\"Tiempo de lectura\" \/>\n\t<meta name=\"twitter:data1\" content=\"1 minuto\" \/>\n<script type=\"application\/ld+json\" class=\"yoast-schema-graph\">{\"@context\":\"https:\\\/\\\/schema.org\",\"@graph\":[{\"@type\":\"WebPage\",\"@id\":\"https:\\\/\\\/zapateneo.net\\\/wordpress\\\/index.php\\\/producto\\\/economias-del-buen-vivir-contra-el-desperdicio-de-las-experiencias\\\/\",\"url\":\"https:\\\/\\\/zapateneo.net\\\/wordpress\\\/index.php\\\/producto\\\/economias-del-buen-vivir-contra-el-desperdicio-de-las-experiencias\\\/\",\"name\":\"ECONOM\u00cdAS DEL BUEN VIVIR Contra el desperdicio de las experiencias &#8212; Zapateneo\",\"isPartOf\":{\"@id\":\"https:\\\/\\\/zapateneo.net\\\/wordpress\\\/#website\"},\"primaryImageOfPage\":{\"@id\":\"https:\\\/\\\/zapateneo.net\\\/wordpress\\\/index.php\\\/producto\\\/economias-del-buen-vivir-contra-el-desperdicio-de-las-experiencias\\\/#primaryimage\"},\"image\":{\"@id\":\"https:\\\/\\\/zapateneo.net\\\/wordpress\\\/index.php\\\/producto\\\/economias-del-buen-vivir-contra-el-desperdicio-de-las-experiencias\\\/#primaryimage\"},\"thumbnailUrl\":\"https:\\\/\\\/zapateneo.net\\\/wordpress\\\/wp-content\\\/uploads\\\/2022\\\/11\\\/9786078683970.jpg\",\"datePublished\":\"2022-11-26T15:39:00+00:00\",\"dateModified\":\"2022-11-26T15:39:12+00:00\",\"breadcrumb\":{\"@id\":\"https:\\\/\\\/zapateneo.net\\\/wordpress\\\/index.php\\\/producto\\\/economias-del-buen-vivir-contra-el-desperdicio-de-las-experiencias\\\/#breadcrumb\"},\"inLanguage\":\"es\",\"potentialAction\":[{\"@type\":\"ReadAction\",\"target\":[\"https:\\\/\\\/zapateneo.net\\\/wordpress\\\/index.php\\\/producto\\\/economias-del-buen-vivir-contra-el-desperdicio-de-las-experiencias\\\/\"]}]},{\"@type\":\"ImageObject\",\"inLanguage\":\"es\",\"@id\":\"https:\\\/\\\/zapateneo.net\\\/wordpress\\\/index.php\\\/producto\\\/economias-del-buen-vivir-contra-el-desperdicio-de-las-experiencias\\\/#primaryimage\",\"url\":\"https:\\\/\\\/zapateneo.net\\\/wordpress\\\/wp-content\\\/uploads\\\/2022\\\/11\\\/9786078683970.jpg\",\"contentUrl\":\"https:\\\/\\\/zapateneo.net\\\/wordpress\\\/wp-content\\\/uploads\\\/2022\\\/11\\\/9786078683970.jpg\",\"width\":229,\"height\":320},{\"@type\":\"BreadcrumbList\",\"@id\":\"https:\\\/\\\/zapateneo.net\\\/wordpress\\\/index.php\\\/producto\\\/economias-del-buen-vivir-contra-el-desperdicio-de-las-experiencias\\\/#breadcrumb\",\"itemListElement\":[{\"@type\":\"ListItem\",\"position\":1,\"name\":\"Portada\",\"item\":\"https:\\\/\\\/zapateneo.net\\\/wordpress\\\/\"},{\"@type\":\"ListItem\",\"position\":2,\"name\":\"Tienda\",\"item\":\"https:\\\/\\\/zapateneo.net\\\/wordpress\\\/\"},{\"@type\":\"ListItem\",\"position\":3,\"name\":\"ECONOM\u00cdAS DEL BUEN VIVIR Contra el desperdicio de las experiencias\"}]},{\"@type\":\"WebSite\",\"@id\":\"https:\\\/\\\/zapateneo.net\\\/wordpress\\\/#website\",\"url\":\"https:\\\/\\\/zapateneo.net\\\/wordpress\\\/\",\"name\":\"Zapateneo\",\"description\":\"Zapateneoaren webgunea\",\"publisher\":{\"@id\":\"https:\\\/\\\/zapateneo.net\\\/wordpress\\\/#organization\"},\"potentialAction\":[{\"@type\":\"SearchAction\",\"target\":{\"@type\":\"EntryPoint\",\"urlTemplate\":\"https:\\\/\\\/zapateneo.net\\\/wordpress\\\/?s={search_term_string}\"},\"query-input\":{\"@type\":\"PropertyValueSpecification\",\"valueRequired\":true,\"valueName\":\"search_term_string\"}}],\"inLanguage\":\"es\"},{\"@type\":\"Organization\",\"@id\":\"https:\\\/\\\/zapateneo.net\\\/wordpress\\\/#organization\",\"name\":\"Zapateneo Kultur Elkartea\",\"url\":\"https:\\\/\\\/zapateneo.net\\\/wordpress\\\/\",\"logo\":{\"@type\":\"ImageObject\",\"inLanguage\":\"es\",\"@id\":\"https:\\\/\\\/zapateneo.net\\\/wordpress\\\/#\\\/schema\\\/logo\\\/image\\\/\",\"url\":\"https:\\\/\\\/zapateneo.net\\\/wordpress\\\/wp-content\\\/uploads\\\/2021\\\/04\\\/zap-libu-kolec.jpg\",\"contentUrl\":\"https:\\\/\\\/zapateneo.net\\\/wordpress\\\/wp-content\\\/uploads\\\/2021\\\/04\\\/zap-libu-kolec.jpg\",\"width\":2234,\"height\":398,\"caption\":\"Zapateneo Kultur Elkartea\"},\"image\":{\"@id\":\"https:\\\/\\\/zapateneo.net\\\/wordpress\\\/#\\\/schema\\\/logo\\\/image\\\/\"},\"sameAs\":[\"https:\\\/\\\/x.com\\\/zapateneo\"]}]}<\/script>\n<!-- \/ Yoast SEO plugin. -->","yoast_head_json":{"title":"ECONOM\u00cdAS DEL BUEN VIVIR Contra el desperdicio de las experiencias &#8212; Zapateneo","robots":{"index":"index","follow":"follow","max-snippet":"max-snippet:-1","max-image-preview":"max-image-preview:large","max-video-preview":"max-video-preview:-1"},"canonical":"https:\/\/zapateneo.net\/wordpress\/index.php\/producto\/economias-del-buen-vivir-contra-el-desperdicio-de-las-experiencias\/","og_locale":"es_ES","og_type":"article","og_title":"ECONOM\u00cdAS DEL BUEN VIVIR Contra el desperdicio de las experiencias &#8212; Zapateneo","og_description":"Teresa Cunha, Boaventura De Sousa Santos 9786078683970 - Akal - 2022 - 480 p\u00e1ginas \/orri.","og_url":"https:\/\/zapateneo.net\/wordpress\/index.php\/producto\/economias-del-buen-vivir-contra-el-desperdicio-de-las-experiencias\/","og_site_name":"Zapateneo","article_modified_time":"2022-11-26T15:39:12+00:00","twitter_card":"summary_large_image","twitter_site":"@zapateneo","twitter_misc":{"Tiempo de lectura":"1 minuto"},"schema":{"@context":"https:\/\/schema.org","@graph":[{"@type":"WebPage","@id":"https:\/\/zapateneo.net\/wordpress\/index.php\/producto\/economias-del-buen-vivir-contra-el-desperdicio-de-las-experiencias\/","url":"https:\/\/zapateneo.net\/wordpress\/index.php\/producto\/economias-del-buen-vivir-contra-el-desperdicio-de-las-experiencias\/","name":"ECONOM\u00cdAS DEL BUEN VIVIR Contra el desperdicio de las experiencias &#8212; Zapateneo","isPartOf":{"@id":"https:\/\/zapateneo.net\/wordpress\/#website"},"primaryImageOfPage":{"@id":"https:\/\/zapateneo.net\/wordpress\/index.php\/producto\/economias-del-buen-vivir-contra-el-desperdicio-de-las-experiencias\/#primaryimage"},"image":{"@id":"https:\/\/zapateneo.net\/wordpress\/index.php\/producto\/economias-del-buen-vivir-contra-el-desperdicio-de-las-experiencias\/#primaryimage"},"thumbnailUrl":"https:\/\/zapateneo.net\/wordpress\/wp-content\/uploads\/2022\/11\/9786078683970.jpg","datePublished":"2022-11-26T15:39:00+00:00","dateModified":"2022-11-26T15:39:12+00:00","breadcrumb":{"@id":"https:\/\/zapateneo.net\/wordpress\/index.php\/producto\/economias-del-buen-vivir-contra-el-desperdicio-de-las-experiencias\/#breadcrumb"},"inLanguage":"es","potentialAction":[{"@type":"ReadAction","target":["https:\/\/zapateneo.net\/wordpress\/index.php\/producto\/economias-del-buen-vivir-contra-el-desperdicio-de-las-experiencias\/"]}]},{"@type":"ImageObject","inLanguage":"es","@id":"https:\/\/zapateneo.net\/wordpress\/index.php\/producto\/economias-del-buen-vivir-contra-el-desperdicio-de-las-experiencias\/#primaryimage","url":"https:\/\/zapateneo.net\/wordpress\/wp-content\/uploads\/2022\/11\/9786078683970.jpg","contentUrl":"https:\/\/zapateneo.net\/wordpress\/wp-content\/uploads\/2022\/11\/9786078683970.jpg","width":229,"height":320},{"@type":"BreadcrumbList","@id":"https:\/\/zapateneo.net\/wordpress\/index.php\/producto\/economias-del-buen-vivir-contra-el-desperdicio-de-las-experiencias\/#breadcrumb","itemListElement":[{"@type":"ListItem","position":1,"name":"Portada","item":"https:\/\/zapateneo.net\/wordpress\/"},{"@type":"ListItem","position":2,"name":"Tienda","item":"https:\/\/zapateneo.net\/wordpress\/"},{"@type":"ListItem","position":3,"name":"ECONOM\u00cdAS DEL BUEN VIVIR Contra el desperdicio de las experiencias"}]},{"@type":"WebSite","@id":"https:\/\/zapateneo.net\/wordpress\/#website","url":"https:\/\/zapateneo.net\/wordpress\/","name":"Zapateneo","description":"Zapateneoaren webgunea","publisher":{"@id":"https:\/\/zapateneo.net\/wordpress\/#organization"},"potentialAction":[{"@type":"SearchAction","target":{"@type":"EntryPoint","urlTemplate":"https:\/\/zapateneo.net\/wordpress\/?s={search_term_string}"},"query-input":{"@type":"PropertyValueSpecification","valueRequired":true,"valueName":"search_term_string"}}],"inLanguage":"es"},{"@type":"Organization","@id":"https:\/\/zapateneo.net\/wordpress\/#organization","name":"Zapateneo Kultur Elkartea","url":"https:\/\/zapateneo.net\/wordpress\/","logo":{"@type":"ImageObject","inLanguage":"es","@id":"https:\/\/zapateneo.net\/wordpress\/#\/schema\/logo\/image\/","url":"https:\/\/zapateneo.net\/wordpress\/wp-content\/uploads\/2021\/04\/zap-libu-kolec.jpg","contentUrl":"https:\/\/zapateneo.net\/wordpress\/wp-content\/uploads\/2021\/04\/zap-libu-kolec.jpg","width":2234,"height":398,"caption":"Zapateneo Kultur Elkartea"},"image":{"@id":"https:\/\/zapateneo.net\/wordpress\/#\/schema\/logo\/image\/"},"sameAs":["https:\/\/x.com\/zapateneo"]}]}},"_links":{"self":[{"href":"https:\/\/zapateneo.net\/wordpress\/index.php\/wp-json\/wp\/v2\/product\/12153","targetHints":{"allow":["GET"]}}],"collection":[{"href":"https:\/\/zapateneo.net\/wordpress\/index.php\/wp-json\/wp\/v2\/product"}],"about":[{"href":"https:\/\/zapateneo.net\/wordpress\/index.php\/wp-json\/wp\/v2\/types\/product"}],"wp:featuredmedia":[{"embeddable":true,"href":"https:\/\/zapateneo.net\/wordpress\/index.php\/wp-json\/wp\/v2\/media\/12183"}],"wp:attachment":[{"href":"https:\/\/zapateneo.net\/wordpress\/index.php\/wp-json\/wp\/v2\/media?parent=12153"}],"wp:term":[{"taxonomy":"product_brand","embeddable":true,"href":"https:\/\/zapateneo.net\/wordpress\/index.php\/wp-json\/wp\/v2\/product_brand?post=12153"},{"taxonomy":"product_cat","embeddable":true,"href":"https:\/\/zapateneo.net\/wordpress\/index.php\/wp-json\/wp\/v2\/product_cat?post=12153"},{"taxonomy":"product_tag","embeddable":true,"href":"https:\/\/zapateneo.net\/wordpress\/index.php\/wp-json\/wp\/v2\/product_tag?post=12153"}],"curies":[{"name":"wp","href":"https:\/\/api.w.org\/{rel}","templated":true}]}}