{"id":12152,"date":"2022-11-26T16:39:00","date_gmt":"2022-11-26T15:39:00","guid":{"rendered":"https:\/\/zapateneo.net\/wordpress\/?post_type=product&#038;p=12152"},"modified":"2022-11-26T16:39:11","modified_gmt":"2022-11-26T15:39:11","slug":"la-rebelion-antropologica-el-joven-karl-marx-y-la-izquierda-hegeliana-1835-1846","status":"publish","type":"product","link":"https:\/\/zapateneo.net\/wordpress\/index.php\/producto\/la-rebelion-antropologica-el-joven-karl-marx-y-la-izquierda-hegeliana-1835-1846\/","title":{"rendered":"LA REBELI\u00d3N ANTROPOL\u00d3GICA El joven Karl Marx y la izquierda hegeliana (1835-1846)"},"content":{"rendered":"<p>El sustento en que se apoya el Antiguo R\u00e9gimen no aguanta m\u00e1s: irrumpe con estr\u00e9pito un nuevo esp\u00edritu, mientras las viejas ideas heredadas amenazan con el colapso. El s\u00fabdito, encorsetado en un sistema pol\u00edtico en el que el poder procede de las divinas alturas, anhela un nuevo sistema que lo alce. El siervo necesita de un moderno Prometeo que lo libere; precisa una nueva filosof\u00eda que haga de la humanidad el fundamento de un mundo nuevo.<\/p>\n<p>La rebeli\u00f3n antropol\u00f3gica nos sit\u00faa justo en ese punto desde el que podemos ver, hacia un lado, c\u00f3mo arde el viejo mundo y su absolutismo teol\u00f3gico; y, hacia el otro, el nacimiento del nuevo que, con una nueva humanidad, no vendr\u00e1 carente de problemas.<\/p>\n<p>Desplazando su an\u00e1lisis de las herencias coloniales desde Latinoam\u00e9rica hacia Europa, Santiago Castro-G\u00f3mez elabora una genealog\u00eda de la izquierda filos\u00f3fica. El prestigioso fil\u00f3sofo colombiano pondr\u00e1 de relieve c\u00f3mo aquella nueva filosof\u00eda nace comprometida con el absolutismo antropol\u00f3gico, el eurocentrismo y el antropocentrismo, y c\u00f3mo la superaci\u00f3n de estos puntos solo puede surgir de una estrategia decolonial.<\/p>\n<p>Santiago Castro-G\u00f3mez, profesor de filosof\u00eda pol\u00edtica y social en la Pontificia Universidad Javeriana de Bogot\u00e1 (Colombia), es licenciado en filosof\u00eda por la Universidad Santo Tom\u00e1s de Bogot\u00e1, magister en filosof\u00eda por la Eberhard KarlsUniversit\u00e4tT\u00fcbingen y doctor con honores por la Johann Wolfgang Goethe Universit\u00e4t Frankfurt am Main. Entre 1998 y 2012 se desempe\u00f1\u00f3 como investigador de planta en el Instituto \u00abPensar\u00bb de la Universidad Javeriana, y actualmente se halla vinculado a la facultad de ciencias sociales de dicha universidad. Ha sido profesor invitado en las estadounidenses Universityof Pittsburgh y Duke University, as\u00ed como en la mencionada Johann Wolfgang Goethe Universit\u00e4t. Autor de los libros Cr\u00edtica de la raz\u00f3n latinoamericana (1996), La hybris del punto cero (2005), Tejidos on\u00edricos (2009), Historia de la gubernamentalidad (tomos I y II, 2010 y 2015), Revoluciones sin sujeto (2015) y El tonto y los canallas (2019). Sus investigaciones giran en torno a la teor\u00eda cr\u00edtica, el pensamiento decolonial y la filosof\u00eda pol\u00edtica.<\/p>\n<p>Pr\u00f3logo de Jos\u00e9 Luis Villaca\u00f1as<\/p>\n","protected":false},"excerpt":{"rendered":"<p><strong>Santiago Castro-G\u00f3mez<\/strong><br \/>\n9788432320477 &#8211; Siglo XXI &#8211; 2022 &#8211; 592 p\u00e1ginas \/orri.<\/p>\n","protected":false},"featured_media":12182,"template":"","meta":[],"product_brand":[],"product_cat":[16,173],"product_tag":[5723,423],"class_list":{"0":"post-12152","1":"product","2":"type-product","3":"status-publish","4":"has-post-thumbnail","6":"product_cat-libros","7":"product_cat-saiakera-ensayo","8":"product_tag-santiago-castro-gomez","9":"product_tag-siglo-xxi","11":"first","12":"instock","13":"sold-individually","14":"shipping-taxable","15":"purchasable","16":"product-type-simple"},"yoast_head":"<!-- This site is optimized with the Yoast SEO plugin v27.3 - https:\/\/yoast.com\/product\/yoast-seo-wordpress\/ -->\n<title>LA REBELI\u00d3N ANTROPOL\u00d3GICA El joven Karl Marx y la izquierda hegeliana (1835-1846) &#8212; Zapateneo<\/title>\n<meta name=\"robots\" content=\"index, follow, max-snippet:-1, max-image-preview:large, max-video-preview:-1\" \/>\n<link rel=\"canonical\" href=\"https:\/\/zapateneo.net\/wordpress\/index.php\/producto\/la-rebelion-antropologica-el-joven-karl-marx-y-la-izquierda-hegeliana-1835-1846\/\" \/>\n<meta property=\"og:locale\" content=\"es_ES\" \/>\n<meta property=\"og:type\" content=\"article\" \/>\n<meta property=\"og:title\" content=\"LA REBELI\u00d3N ANTROPOL\u00d3GICA El joven Karl Marx y la izquierda hegeliana (1835-1846) &#8212; Zapateneo\" \/>\n<meta property=\"og:description\" content=\"Santiago Castro-G\u00f3mez 9788432320477 - Siglo XXI - 2022 - 592 p\u00e1ginas \/orri.\" \/>\n<meta property=\"og:url\" content=\"https:\/\/zapateneo.net\/wordpress\/index.php\/producto\/la-rebelion-antropologica-el-joven-karl-marx-y-la-izquierda-hegeliana-1835-1846\/\" \/>\n<meta property=\"og:site_name\" content=\"Zapateneo\" \/>\n<meta property=\"article:modified_time\" content=\"2022-11-26T15:39:11+00:00\" \/>\n<meta name=\"twitter:card\" content=\"summary_large_image\" \/>\n<meta name=\"twitter:site\" content=\"@zapateneo\" \/>\n<meta name=\"twitter:label1\" content=\"Tiempo de lectura\" \/>\n\t<meta name=\"twitter:data1\" content=\"2 minutos\" \/>\n<script type=\"application\/ld+json\" class=\"yoast-schema-graph\">{\"@context\":\"https:\\\/\\\/schema.org\",\"@graph\":[{\"@type\":\"WebPage\",\"@id\":\"https:\\\/\\\/zapateneo.net\\\/wordpress\\\/index.php\\\/producto\\\/la-rebelion-antropologica-el-joven-karl-marx-y-la-izquierda-hegeliana-1835-1846\\\/\",\"url\":\"https:\\\/\\\/zapateneo.net\\\/wordpress\\\/index.php\\\/producto\\\/la-rebelion-antropologica-el-joven-karl-marx-y-la-izquierda-hegeliana-1835-1846\\\/\",\"name\":\"LA REBELI\u00d3N ANTROPOL\u00d3GICA El joven Karl Marx y la izquierda hegeliana (1835-1846) &#8212; Zapateneo\",\"isPartOf\":{\"@id\":\"https:\\\/\\\/zapateneo.net\\\/wordpress\\\/#website\"},\"primaryImageOfPage\":{\"@id\":\"https:\\\/\\\/zapateneo.net\\\/wordpress\\\/index.php\\\/producto\\\/la-rebelion-antropologica-el-joven-karl-marx-y-la-izquierda-hegeliana-1835-1846\\\/#primaryimage\"},\"image\":{\"@id\":\"https:\\\/\\\/zapateneo.net\\\/wordpress\\\/index.php\\\/producto\\\/la-rebelion-antropologica-el-joven-karl-marx-y-la-izquierda-hegeliana-1835-1846\\\/#primaryimage\"},\"thumbnailUrl\":\"https:\\\/\\\/zapateneo.net\\\/wordpress\\\/wp-content\\\/uploads\\\/2022\\\/11\\\/la-rebelion-antropologica-9788432320477.jpg\",\"datePublished\":\"2022-11-26T15:39:00+00:00\",\"dateModified\":\"2022-11-26T15:39:11+00:00\",\"breadcrumb\":{\"@id\":\"https:\\\/\\\/zapateneo.net\\\/wordpress\\\/index.php\\\/producto\\\/la-rebelion-antropologica-el-joven-karl-marx-y-la-izquierda-hegeliana-1835-1846\\\/#breadcrumb\"},\"inLanguage\":\"es\",\"potentialAction\":[{\"@type\":\"ReadAction\",\"target\":[\"https:\\\/\\\/zapateneo.net\\\/wordpress\\\/index.php\\\/producto\\\/la-rebelion-antropologica-el-joven-karl-marx-y-la-izquierda-hegeliana-1835-1846\\\/\"]}]},{\"@type\":\"ImageObject\",\"inLanguage\":\"es\",\"@id\":\"https:\\\/\\\/zapateneo.net\\\/wordpress\\\/index.php\\\/producto\\\/la-rebelion-antropologica-el-joven-karl-marx-y-la-izquierda-hegeliana-1835-1846\\\/#primaryimage\",\"url\":\"https:\\\/\\\/zapateneo.net\\\/wordpress\\\/wp-content\\\/uploads\\\/2022\\\/11\\\/la-rebelion-antropologica-9788432320477.jpg\",\"contentUrl\":\"https:\\\/\\\/zapateneo.net\\\/wordpress\\\/wp-content\\\/uploads\\\/2022\\\/11\\\/la-rebelion-antropologica-9788432320477.jpg\",\"width\":258,\"height\":400},{\"@type\":\"BreadcrumbList\",\"@id\":\"https:\\\/\\\/zapateneo.net\\\/wordpress\\\/index.php\\\/producto\\\/la-rebelion-antropologica-el-joven-karl-marx-y-la-izquierda-hegeliana-1835-1846\\\/#breadcrumb\",\"itemListElement\":[{\"@type\":\"ListItem\",\"position\":1,\"name\":\"Portada\",\"item\":\"https:\\\/\\\/zapateneo.net\\\/wordpress\\\/\"},{\"@type\":\"ListItem\",\"position\":2,\"name\":\"Tienda\",\"item\":\"https:\\\/\\\/zapateneo.net\\\/wordpress\\\/\"},{\"@type\":\"ListItem\",\"position\":3,\"name\":\"LA REBELI\u00d3N ANTROPOL\u00d3GICA El joven Karl Marx y la izquierda hegeliana (1835-1846)\"}]},{\"@type\":\"WebSite\",\"@id\":\"https:\\\/\\\/zapateneo.net\\\/wordpress\\\/#website\",\"url\":\"https:\\\/\\\/zapateneo.net\\\/wordpress\\\/\",\"name\":\"Zapateneo\",\"description\":\"Zapateneoaren webgunea\",\"publisher\":{\"@id\":\"https:\\\/\\\/zapateneo.net\\\/wordpress\\\/#organization\"},\"potentialAction\":[{\"@type\":\"SearchAction\",\"target\":{\"@type\":\"EntryPoint\",\"urlTemplate\":\"https:\\\/\\\/zapateneo.net\\\/wordpress\\\/?s={search_term_string}\"},\"query-input\":{\"@type\":\"PropertyValueSpecification\",\"valueRequired\":true,\"valueName\":\"search_term_string\"}}],\"inLanguage\":\"es\"},{\"@type\":\"Organization\",\"@id\":\"https:\\\/\\\/zapateneo.net\\\/wordpress\\\/#organization\",\"name\":\"Zapateneo Kultur Elkartea\",\"url\":\"https:\\\/\\\/zapateneo.net\\\/wordpress\\\/\",\"logo\":{\"@type\":\"ImageObject\",\"inLanguage\":\"es\",\"@id\":\"https:\\\/\\\/zapateneo.net\\\/wordpress\\\/#\\\/schema\\\/logo\\\/image\\\/\",\"url\":\"https:\\\/\\\/zapateneo.net\\\/wordpress\\\/wp-content\\\/uploads\\\/2021\\\/04\\\/zap-libu-kolec.jpg\",\"contentUrl\":\"https:\\\/\\\/zapateneo.net\\\/wordpress\\\/wp-content\\\/uploads\\\/2021\\\/04\\\/zap-libu-kolec.jpg\",\"width\":2234,\"height\":398,\"caption\":\"Zapateneo Kultur Elkartea\"},\"image\":{\"@id\":\"https:\\\/\\\/zapateneo.net\\\/wordpress\\\/#\\\/schema\\\/logo\\\/image\\\/\"},\"sameAs\":[\"https:\\\/\\\/x.com\\\/zapateneo\"]}]}<\/script>\n<!-- \/ Yoast SEO plugin. -->","yoast_head_json":{"title":"LA REBELI\u00d3N ANTROPOL\u00d3GICA El joven Karl Marx y la izquierda hegeliana (1835-1846) &#8212; Zapateneo","robots":{"index":"index","follow":"follow","max-snippet":"max-snippet:-1","max-image-preview":"max-image-preview:large","max-video-preview":"max-video-preview:-1"},"canonical":"https:\/\/zapateneo.net\/wordpress\/index.php\/producto\/la-rebelion-antropologica-el-joven-karl-marx-y-la-izquierda-hegeliana-1835-1846\/","og_locale":"es_ES","og_type":"article","og_title":"LA REBELI\u00d3N ANTROPOL\u00d3GICA El joven Karl Marx y la izquierda hegeliana (1835-1846) &#8212; Zapateneo","og_description":"Santiago Castro-G\u00f3mez 9788432320477 - Siglo XXI - 2022 - 592 p\u00e1ginas \/orri.","og_url":"https:\/\/zapateneo.net\/wordpress\/index.php\/producto\/la-rebelion-antropologica-el-joven-karl-marx-y-la-izquierda-hegeliana-1835-1846\/","og_site_name":"Zapateneo","article_modified_time":"2022-11-26T15:39:11+00:00","twitter_card":"summary_large_image","twitter_site":"@zapateneo","twitter_misc":{"Tiempo de lectura":"2 minutos"},"schema":{"@context":"https:\/\/schema.org","@graph":[{"@type":"WebPage","@id":"https:\/\/zapateneo.net\/wordpress\/index.php\/producto\/la-rebelion-antropologica-el-joven-karl-marx-y-la-izquierda-hegeliana-1835-1846\/","url":"https:\/\/zapateneo.net\/wordpress\/index.php\/producto\/la-rebelion-antropologica-el-joven-karl-marx-y-la-izquierda-hegeliana-1835-1846\/","name":"LA REBELI\u00d3N ANTROPOL\u00d3GICA El joven Karl Marx y la izquierda hegeliana (1835-1846) &#8212; Zapateneo","isPartOf":{"@id":"https:\/\/zapateneo.net\/wordpress\/#website"},"primaryImageOfPage":{"@id":"https:\/\/zapateneo.net\/wordpress\/index.php\/producto\/la-rebelion-antropologica-el-joven-karl-marx-y-la-izquierda-hegeliana-1835-1846\/#primaryimage"},"image":{"@id":"https:\/\/zapateneo.net\/wordpress\/index.php\/producto\/la-rebelion-antropologica-el-joven-karl-marx-y-la-izquierda-hegeliana-1835-1846\/#primaryimage"},"thumbnailUrl":"https:\/\/zapateneo.net\/wordpress\/wp-content\/uploads\/2022\/11\/la-rebelion-antropologica-9788432320477.jpg","datePublished":"2022-11-26T15:39:00+00:00","dateModified":"2022-11-26T15:39:11+00:00","breadcrumb":{"@id":"https:\/\/zapateneo.net\/wordpress\/index.php\/producto\/la-rebelion-antropologica-el-joven-karl-marx-y-la-izquierda-hegeliana-1835-1846\/#breadcrumb"},"inLanguage":"es","potentialAction":[{"@type":"ReadAction","target":["https:\/\/zapateneo.net\/wordpress\/index.php\/producto\/la-rebelion-antropologica-el-joven-karl-marx-y-la-izquierda-hegeliana-1835-1846\/"]}]},{"@type":"ImageObject","inLanguage":"es","@id":"https:\/\/zapateneo.net\/wordpress\/index.php\/producto\/la-rebelion-antropologica-el-joven-karl-marx-y-la-izquierda-hegeliana-1835-1846\/#primaryimage","url":"https:\/\/zapateneo.net\/wordpress\/wp-content\/uploads\/2022\/11\/la-rebelion-antropologica-9788432320477.jpg","contentUrl":"https:\/\/zapateneo.net\/wordpress\/wp-content\/uploads\/2022\/11\/la-rebelion-antropologica-9788432320477.jpg","width":258,"height":400},{"@type":"BreadcrumbList","@id":"https:\/\/zapateneo.net\/wordpress\/index.php\/producto\/la-rebelion-antropologica-el-joven-karl-marx-y-la-izquierda-hegeliana-1835-1846\/#breadcrumb","itemListElement":[{"@type":"ListItem","position":1,"name":"Portada","item":"https:\/\/zapateneo.net\/wordpress\/"},{"@type":"ListItem","position":2,"name":"Tienda","item":"https:\/\/zapateneo.net\/wordpress\/"},{"@type":"ListItem","position":3,"name":"LA REBELI\u00d3N ANTROPOL\u00d3GICA El joven Karl Marx y la izquierda hegeliana (1835-1846)"}]},{"@type":"WebSite","@id":"https:\/\/zapateneo.net\/wordpress\/#website","url":"https:\/\/zapateneo.net\/wordpress\/","name":"Zapateneo","description":"Zapateneoaren webgunea","publisher":{"@id":"https:\/\/zapateneo.net\/wordpress\/#organization"},"potentialAction":[{"@type":"SearchAction","target":{"@type":"EntryPoint","urlTemplate":"https:\/\/zapateneo.net\/wordpress\/?s={search_term_string}"},"query-input":{"@type":"PropertyValueSpecification","valueRequired":true,"valueName":"search_term_string"}}],"inLanguage":"es"},{"@type":"Organization","@id":"https:\/\/zapateneo.net\/wordpress\/#organization","name":"Zapateneo Kultur Elkartea","url":"https:\/\/zapateneo.net\/wordpress\/","logo":{"@type":"ImageObject","inLanguage":"es","@id":"https:\/\/zapateneo.net\/wordpress\/#\/schema\/logo\/image\/","url":"https:\/\/zapateneo.net\/wordpress\/wp-content\/uploads\/2021\/04\/zap-libu-kolec.jpg","contentUrl":"https:\/\/zapateneo.net\/wordpress\/wp-content\/uploads\/2021\/04\/zap-libu-kolec.jpg","width":2234,"height":398,"caption":"Zapateneo Kultur Elkartea"},"image":{"@id":"https:\/\/zapateneo.net\/wordpress\/#\/schema\/logo\/image\/"},"sameAs":["https:\/\/x.com\/zapateneo"]}]}},"_links":{"self":[{"href":"https:\/\/zapateneo.net\/wordpress\/index.php\/wp-json\/wp\/v2\/product\/12152","targetHints":{"allow":["GET"]}}],"collection":[{"href":"https:\/\/zapateneo.net\/wordpress\/index.php\/wp-json\/wp\/v2\/product"}],"about":[{"href":"https:\/\/zapateneo.net\/wordpress\/index.php\/wp-json\/wp\/v2\/types\/product"}],"wp:featuredmedia":[{"embeddable":true,"href":"https:\/\/zapateneo.net\/wordpress\/index.php\/wp-json\/wp\/v2\/media\/12182"}],"wp:attachment":[{"href":"https:\/\/zapateneo.net\/wordpress\/index.php\/wp-json\/wp\/v2\/media?parent=12152"}],"wp:term":[{"taxonomy":"product_brand","embeddable":true,"href":"https:\/\/zapateneo.net\/wordpress\/index.php\/wp-json\/wp\/v2\/product_brand?post=12152"},{"taxonomy":"product_cat","embeddable":true,"href":"https:\/\/zapateneo.net\/wordpress\/index.php\/wp-json\/wp\/v2\/product_cat?post=12152"},{"taxonomy":"product_tag","embeddable":true,"href":"https:\/\/zapateneo.net\/wordpress\/index.php\/wp-json\/wp\/v2\/product_tag?post=12152"}],"curies":[{"name":"wp","href":"https:\/\/api.w.org\/{rel}","templated":true}]}}