{"id":12149,"date":"2022-11-26T16:38:59","date_gmt":"2022-11-26T15:38:59","guid":{"rendered":"https:\/\/zapateneo.net\/wordpress\/?post_type=product&#038;p=12149"},"modified":"2022-11-26T16:39:10","modified_gmt":"2022-11-26T15:39:10","slug":"principios-elementales-y-fundamentales-de-filosofia","status":"publish","type":"product","link":"https:\/\/zapateneo.net\/wordpress\/index.php\/producto\/principios-elementales-y-fundamentales-de-filosofia\/","title":{"rendered":"PRINCIPIOS ELEMENTALES Y FUNDAMENTALES DE FILOSOF\u00cdA"},"content":{"rendered":"<p>Si hay una corriente de pensamiento que, en pos de la emancipaci\u00f3n humana, se haya afanado por socavar los cimientos del mundo moderno y subvertirlo, esa es sin duda la que bebe en la obra de Marx. Sin embargo, la asombrosa fecundidad de los desarrollos te\u00f3ricos que se inspiran en ella no se ha visto acompa\u00f1ada por una pareja floraci\u00f3n de textos b\u00e1sicos o introducciones; de obras que, en suma, acerquen de forma concisa y eminentemente did\u00e1ctica los fundamentos de la filosof\u00eda materialista y dial\u00e9ctica a un p\u00fablico m\u00e1s amplio.<\/p>\n<p>En este sentido, la excepci\u00f3n cl\u00e1sica son estas lecciones, impartidas por Georges Politzer en la Universidad Obrera de Par\u00eds en 1935-1936; recogidas posteriormente a partir de las notas tomadas por alumnos en forma de libro, constituyen una espl\u00e9ndida s\u00edntesis del marxismo.<\/p>\n<p>Como atestigua Atilio A. Boron en el nuevo pr\u00f3logo escrito para la ocasi\u00f3n, Politzer \u00ababri\u00f3 la puerta de la c\u00e1rcel del pensamiento en la que me hallaba recluido y me se\u00f1al\u00f3 el camino que me llevar\u00eda hasta Marx\u00bb, una experiencia compartida por generaciones y generaciones de militantes obreros, activistas estudiantiles y esp\u00edritus cr\u00edticos, y que, con la presente edici\u00f3n, nos congratulamos en renovar.<\/p>\n<p>Georges Politzer Jud\u00edo h\u00fangaro nacido en 1903, Georges (Gy\u00f6rgy) Politzer recalar\u00eda en Par\u00eds en 1921, huyendo de la represi\u00f3n tras el aplastamiento de la Rep\u00fablica Sovi\u00e9tica H\u00fangara (1919) en la que un jovenc\u00edsimo Politzer participa activamente. En la capital gala estudia filosof\u00eda, materia que luego ense\u00f1ar\u00e1 en varios liceos del \u00e1rea parisina, y profundiza en la psicolog\u00eda y el psicoan\u00e1lisis hasta el punto de publicar, en 1928, una Critique des fondements de la psychologie que a\u00fan hoy se sigue reeditando; poco despu\u00e9s, sin embargo, acabar\u00e1 decant\u00e1ndose definitivamente por el marxismo y la acci\u00f3n pol\u00edtica en el Partido Comunista Franc\u00e9s. Casado en segundas nupcias con Marie (Ma\u00ef) Larcade en 1931 \u2013con quien tendr\u00eda un hijo, Michel, en 1933\u2013, ambos pagar\u00e1n con la vida sus actividades subversivas durante la ocupaci\u00f3n alemana de Francia durante la Segunda Guerra Mundial. Arrestado en febrero de 1942, Georges Politzer muere fusilado por los nazis el 23 de mayo de 1942.<\/p>\n","protected":false},"excerpt":{"rendered":"<p><strong>Georges Politzer<\/strong><br \/>\n9788446052197 &#8211; Akal &#8211; 2022 &#8211; 288 p\u00e1ginas \/orri.<\/p>\n","protected":false},"featured_media":12179,"template":"","meta":[],"product_brand":[],"product_cat":[16,173],"product_tag":[437,5720],"class_list":{"0":"post-12149","1":"product","2":"type-product","3":"status-publish","4":"has-post-thumbnail","6":"product_cat-libros","7":"product_cat-saiakera-ensayo","8":"product_tag-akal","9":"product_tag-georges-politzer","11":"first","12":"instock","13":"sold-individually","14":"shipping-taxable","15":"purchasable","16":"product-type-simple"},"yoast_head":"<!-- This site is optimized with the Yoast SEO plugin v27.3 - https:\/\/yoast.com\/product\/yoast-seo-wordpress\/ -->\n<title>PRINCIPIOS ELEMENTALES Y FUNDAMENTALES DE FILOSOF\u00cdA &#8212; Zapateneo<\/title>\n<meta name=\"robots\" content=\"index, follow, max-snippet:-1, max-image-preview:large, max-video-preview:-1\" \/>\n<link rel=\"canonical\" href=\"https:\/\/zapateneo.net\/wordpress\/index.php\/producto\/principios-elementales-y-fundamentales-de-filosofia\/\" \/>\n<meta property=\"og:locale\" content=\"es_ES\" \/>\n<meta property=\"og:type\" content=\"article\" \/>\n<meta property=\"og:title\" content=\"PRINCIPIOS ELEMENTALES Y FUNDAMENTALES DE FILOSOF\u00cdA &#8212; Zapateneo\" \/>\n<meta property=\"og:description\" content=\"Georges Politzer 9788446052197 - Akal - 2022 - 288 p\u00e1ginas \/orri.\" \/>\n<meta property=\"og:url\" content=\"https:\/\/zapateneo.net\/wordpress\/index.php\/producto\/principios-elementales-y-fundamentales-de-filosofia\/\" \/>\n<meta property=\"og:site_name\" content=\"Zapateneo\" \/>\n<meta property=\"article:modified_time\" content=\"2022-11-26T15:39:10+00:00\" \/>\n<meta name=\"twitter:card\" content=\"summary_large_image\" \/>\n<meta name=\"twitter:site\" content=\"@zapateneo\" \/>\n<meta name=\"twitter:label1\" content=\"Tiempo de lectura\" \/>\n\t<meta name=\"twitter:data1\" content=\"2 minutos\" \/>\n<script type=\"application\/ld+json\" class=\"yoast-schema-graph\">{\"@context\":\"https:\\\/\\\/schema.org\",\"@graph\":[{\"@type\":\"WebPage\",\"@id\":\"https:\\\/\\\/zapateneo.net\\\/wordpress\\\/index.php\\\/producto\\\/principios-elementales-y-fundamentales-de-filosofia\\\/\",\"url\":\"https:\\\/\\\/zapateneo.net\\\/wordpress\\\/index.php\\\/producto\\\/principios-elementales-y-fundamentales-de-filosofia\\\/\",\"name\":\"PRINCIPIOS ELEMENTALES Y FUNDAMENTALES DE FILOSOF\u00cdA &#8212; Zapateneo\",\"isPartOf\":{\"@id\":\"https:\\\/\\\/zapateneo.net\\\/wordpress\\\/#website\"},\"primaryImageOfPage\":{\"@id\":\"https:\\\/\\\/zapateneo.net\\\/wordpress\\\/index.php\\\/producto\\\/principios-elementales-y-fundamentales-de-filosofia\\\/#primaryimage\"},\"image\":{\"@id\":\"https:\\\/\\\/zapateneo.net\\\/wordpress\\\/index.php\\\/producto\\\/principios-elementales-y-fundamentales-de-filosofia\\\/#primaryimage\"},\"thumbnailUrl\":\"https:\\\/\\\/zapateneo.net\\\/wordpress\\\/wp-content\\\/uploads\\\/2022\\\/11\\\/principios-elementales-y-fundamentales-de-filosofia-9788446052197.jpg\",\"datePublished\":\"2022-11-26T15:38:59+00:00\",\"dateModified\":\"2022-11-26T15:39:10+00:00\",\"breadcrumb\":{\"@id\":\"https:\\\/\\\/zapateneo.net\\\/wordpress\\\/index.php\\\/producto\\\/principios-elementales-y-fundamentales-de-filosofia\\\/#breadcrumb\"},\"inLanguage\":\"es\",\"potentialAction\":[{\"@type\":\"ReadAction\",\"target\":[\"https:\\\/\\\/zapateneo.net\\\/wordpress\\\/index.php\\\/producto\\\/principios-elementales-y-fundamentales-de-filosofia\\\/\"]}]},{\"@type\":\"ImageObject\",\"inLanguage\":\"es\",\"@id\":\"https:\\\/\\\/zapateneo.net\\\/wordpress\\\/index.php\\\/producto\\\/principios-elementales-y-fundamentales-de-filosofia\\\/#primaryimage\",\"url\":\"https:\\\/\\\/zapateneo.net\\\/wordpress\\\/wp-content\\\/uploads\\\/2022\\\/11\\\/principios-elementales-y-fundamentales-de-filosofia-9788446052197.jpg\",\"contentUrl\":\"https:\\\/\\\/zapateneo.net\\\/wordpress\\\/wp-content\\\/uploads\\\/2022\\\/11\\\/principios-elementales-y-fundamentales-de-filosofia-9788446052197.jpg\",\"width\":258,\"height\":400},{\"@type\":\"BreadcrumbList\",\"@id\":\"https:\\\/\\\/zapateneo.net\\\/wordpress\\\/index.php\\\/producto\\\/principios-elementales-y-fundamentales-de-filosofia\\\/#breadcrumb\",\"itemListElement\":[{\"@type\":\"ListItem\",\"position\":1,\"name\":\"Portada\",\"item\":\"https:\\\/\\\/zapateneo.net\\\/wordpress\\\/\"},{\"@type\":\"ListItem\",\"position\":2,\"name\":\"Tienda\",\"item\":\"https:\\\/\\\/zapateneo.net\\\/wordpress\\\/\"},{\"@type\":\"ListItem\",\"position\":3,\"name\":\"PRINCIPIOS ELEMENTALES Y FUNDAMENTALES DE FILOSOF\u00cdA\"}]},{\"@type\":\"WebSite\",\"@id\":\"https:\\\/\\\/zapateneo.net\\\/wordpress\\\/#website\",\"url\":\"https:\\\/\\\/zapateneo.net\\\/wordpress\\\/\",\"name\":\"Zapateneo\",\"description\":\"Zapateneoaren webgunea\",\"publisher\":{\"@id\":\"https:\\\/\\\/zapateneo.net\\\/wordpress\\\/#organization\"},\"potentialAction\":[{\"@type\":\"SearchAction\",\"target\":{\"@type\":\"EntryPoint\",\"urlTemplate\":\"https:\\\/\\\/zapateneo.net\\\/wordpress\\\/?s={search_term_string}\"},\"query-input\":{\"@type\":\"PropertyValueSpecification\",\"valueRequired\":true,\"valueName\":\"search_term_string\"}}],\"inLanguage\":\"es\"},{\"@type\":\"Organization\",\"@id\":\"https:\\\/\\\/zapateneo.net\\\/wordpress\\\/#organization\",\"name\":\"Zapateneo Kultur Elkartea\",\"url\":\"https:\\\/\\\/zapateneo.net\\\/wordpress\\\/\",\"logo\":{\"@type\":\"ImageObject\",\"inLanguage\":\"es\",\"@id\":\"https:\\\/\\\/zapateneo.net\\\/wordpress\\\/#\\\/schema\\\/logo\\\/image\\\/\",\"url\":\"https:\\\/\\\/zapateneo.net\\\/wordpress\\\/wp-content\\\/uploads\\\/2021\\\/04\\\/zap-libu-kolec.jpg\",\"contentUrl\":\"https:\\\/\\\/zapateneo.net\\\/wordpress\\\/wp-content\\\/uploads\\\/2021\\\/04\\\/zap-libu-kolec.jpg\",\"width\":2234,\"height\":398,\"caption\":\"Zapateneo Kultur Elkartea\"},\"image\":{\"@id\":\"https:\\\/\\\/zapateneo.net\\\/wordpress\\\/#\\\/schema\\\/logo\\\/image\\\/\"},\"sameAs\":[\"https:\\\/\\\/x.com\\\/zapateneo\"]}]}<\/script>\n<!-- \/ Yoast SEO plugin. -->","yoast_head_json":{"title":"PRINCIPIOS ELEMENTALES Y FUNDAMENTALES DE FILOSOF\u00cdA &#8212; Zapateneo","robots":{"index":"index","follow":"follow","max-snippet":"max-snippet:-1","max-image-preview":"max-image-preview:large","max-video-preview":"max-video-preview:-1"},"canonical":"https:\/\/zapateneo.net\/wordpress\/index.php\/producto\/principios-elementales-y-fundamentales-de-filosofia\/","og_locale":"es_ES","og_type":"article","og_title":"PRINCIPIOS ELEMENTALES Y FUNDAMENTALES DE FILOSOF\u00cdA &#8212; Zapateneo","og_description":"Georges Politzer 9788446052197 - Akal - 2022 - 288 p\u00e1ginas \/orri.","og_url":"https:\/\/zapateneo.net\/wordpress\/index.php\/producto\/principios-elementales-y-fundamentales-de-filosofia\/","og_site_name":"Zapateneo","article_modified_time":"2022-11-26T15:39:10+00:00","twitter_card":"summary_large_image","twitter_site":"@zapateneo","twitter_misc":{"Tiempo de lectura":"2 minutos"},"schema":{"@context":"https:\/\/schema.org","@graph":[{"@type":"WebPage","@id":"https:\/\/zapateneo.net\/wordpress\/index.php\/producto\/principios-elementales-y-fundamentales-de-filosofia\/","url":"https:\/\/zapateneo.net\/wordpress\/index.php\/producto\/principios-elementales-y-fundamentales-de-filosofia\/","name":"PRINCIPIOS ELEMENTALES Y FUNDAMENTALES DE FILOSOF\u00cdA &#8212; Zapateneo","isPartOf":{"@id":"https:\/\/zapateneo.net\/wordpress\/#website"},"primaryImageOfPage":{"@id":"https:\/\/zapateneo.net\/wordpress\/index.php\/producto\/principios-elementales-y-fundamentales-de-filosofia\/#primaryimage"},"image":{"@id":"https:\/\/zapateneo.net\/wordpress\/index.php\/producto\/principios-elementales-y-fundamentales-de-filosofia\/#primaryimage"},"thumbnailUrl":"https:\/\/zapateneo.net\/wordpress\/wp-content\/uploads\/2022\/11\/principios-elementales-y-fundamentales-de-filosofia-9788446052197.jpg","datePublished":"2022-11-26T15:38:59+00:00","dateModified":"2022-11-26T15:39:10+00:00","breadcrumb":{"@id":"https:\/\/zapateneo.net\/wordpress\/index.php\/producto\/principios-elementales-y-fundamentales-de-filosofia\/#breadcrumb"},"inLanguage":"es","potentialAction":[{"@type":"ReadAction","target":["https:\/\/zapateneo.net\/wordpress\/index.php\/producto\/principios-elementales-y-fundamentales-de-filosofia\/"]}]},{"@type":"ImageObject","inLanguage":"es","@id":"https:\/\/zapateneo.net\/wordpress\/index.php\/producto\/principios-elementales-y-fundamentales-de-filosofia\/#primaryimage","url":"https:\/\/zapateneo.net\/wordpress\/wp-content\/uploads\/2022\/11\/principios-elementales-y-fundamentales-de-filosofia-9788446052197.jpg","contentUrl":"https:\/\/zapateneo.net\/wordpress\/wp-content\/uploads\/2022\/11\/principios-elementales-y-fundamentales-de-filosofia-9788446052197.jpg","width":258,"height":400},{"@type":"BreadcrumbList","@id":"https:\/\/zapateneo.net\/wordpress\/index.php\/producto\/principios-elementales-y-fundamentales-de-filosofia\/#breadcrumb","itemListElement":[{"@type":"ListItem","position":1,"name":"Portada","item":"https:\/\/zapateneo.net\/wordpress\/"},{"@type":"ListItem","position":2,"name":"Tienda","item":"https:\/\/zapateneo.net\/wordpress\/"},{"@type":"ListItem","position":3,"name":"PRINCIPIOS ELEMENTALES Y FUNDAMENTALES DE FILOSOF\u00cdA"}]},{"@type":"WebSite","@id":"https:\/\/zapateneo.net\/wordpress\/#website","url":"https:\/\/zapateneo.net\/wordpress\/","name":"Zapateneo","description":"Zapateneoaren webgunea","publisher":{"@id":"https:\/\/zapateneo.net\/wordpress\/#organization"},"potentialAction":[{"@type":"SearchAction","target":{"@type":"EntryPoint","urlTemplate":"https:\/\/zapateneo.net\/wordpress\/?s={search_term_string}"},"query-input":{"@type":"PropertyValueSpecification","valueRequired":true,"valueName":"search_term_string"}}],"inLanguage":"es"},{"@type":"Organization","@id":"https:\/\/zapateneo.net\/wordpress\/#organization","name":"Zapateneo Kultur Elkartea","url":"https:\/\/zapateneo.net\/wordpress\/","logo":{"@type":"ImageObject","inLanguage":"es","@id":"https:\/\/zapateneo.net\/wordpress\/#\/schema\/logo\/image\/","url":"https:\/\/zapateneo.net\/wordpress\/wp-content\/uploads\/2021\/04\/zap-libu-kolec.jpg","contentUrl":"https:\/\/zapateneo.net\/wordpress\/wp-content\/uploads\/2021\/04\/zap-libu-kolec.jpg","width":2234,"height":398,"caption":"Zapateneo Kultur Elkartea"},"image":{"@id":"https:\/\/zapateneo.net\/wordpress\/#\/schema\/logo\/image\/"},"sameAs":["https:\/\/x.com\/zapateneo"]}]}},"_links":{"self":[{"href":"https:\/\/zapateneo.net\/wordpress\/index.php\/wp-json\/wp\/v2\/product\/12149","targetHints":{"allow":["GET"]}}],"collection":[{"href":"https:\/\/zapateneo.net\/wordpress\/index.php\/wp-json\/wp\/v2\/product"}],"about":[{"href":"https:\/\/zapateneo.net\/wordpress\/index.php\/wp-json\/wp\/v2\/types\/product"}],"wp:featuredmedia":[{"embeddable":true,"href":"https:\/\/zapateneo.net\/wordpress\/index.php\/wp-json\/wp\/v2\/media\/12179"}],"wp:attachment":[{"href":"https:\/\/zapateneo.net\/wordpress\/index.php\/wp-json\/wp\/v2\/media?parent=12149"}],"wp:term":[{"taxonomy":"product_brand","embeddable":true,"href":"https:\/\/zapateneo.net\/wordpress\/index.php\/wp-json\/wp\/v2\/product_brand?post=12149"},{"taxonomy":"product_cat","embeddable":true,"href":"https:\/\/zapateneo.net\/wordpress\/index.php\/wp-json\/wp\/v2\/product_cat?post=12149"},{"taxonomy":"product_tag","embeddable":true,"href":"https:\/\/zapateneo.net\/wordpress\/index.php\/wp-json\/wp\/v2\/product_tag?post=12149"}],"curies":[{"name":"wp","href":"https:\/\/api.w.org\/{rel}","templated":true}]}}