{"id":12146,"date":"2022-11-26T16:38:59","date_gmt":"2022-11-26T15:38:59","guid":{"rendered":"https:\/\/zapateneo.net\/wordpress\/?post_type=product&#038;p=12146"},"modified":"2022-11-26T16:39:07","modified_gmt":"2022-11-26T15:39:07","slug":"futbol-y-teoria-critica-ilusiones-del-balon-y-del-sujeto-abstracto","status":"publish","type":"product","link":"https:\/\/zapateneo.net\/wordpress\/index.php\/producto\/futbol-y-teoria-critica-ilusiones-del-balon-y-del-sujeto-abstracto\/","title":{"rendered":"F\u00daTBOL Y TEOR\u00cdA CR\u00cdTICA Ilusiones del bal\u00f3n y del sujeto abstracto"},"content":{"rendered":"<p>El f\u00fatbol es un espejo del sistema y, sin duda, es tambi\u00e9n un campo de disputa no solo deportivo. Este libro va a sorprender. Se publica meses antes del nuevo e infame Mundial de este deporte mercantilizado, pero va mucho m\u00e1s all\u00e1 de la coyuntura. \u00bfF\u00fatbol y Teor\u00eda cr\u00edtica? Pues claro que s\u00ed. Si el f\u00fatbol ha sido utilizado por el sistema capitalista como herramienta mercantil y cuasireligiosa, habr\u00e1 que indagar c\u00f3mo hemos llegado aqu\u00ed, qui\u00e9n y para qu\u00e9 ha utilizado el balompi\u00e9, y qu\u00e9 resistencias han existido.<\/p>\n","protected":false},"excerpt":{"rendered":"<p><strong>Luis Mart\u00ednez Andrade<\/strong><br \/>\n9788412476668 &#8211; La Vor\u00e1gine &#8211; 2022 &#8211; 216 p\u00e1ginas \/orri.<\/p>\n","protected":false},"featured_media":12176,"template":"","meta":[],"product_brand":[],"product_cat":[16,173],"product_tag":[787,5717],"class_list":{"0":"post-12146","1":"product","2":"type-product","3":"status-publish","4":"has-post-thumbnail","6":"product_cat-libros","7":"product_cat-saiakera-ensayo","8":"product_tag-la-voragine","9":"product_tag-luis-martinez-andrade","11":"first","12":"instock","13":"sold-individually","14":"shipping-taxable","15":"purchasable","16":"product-type-simple"},"yoast_head":"<!-- This site is optimized with the Yoast SEO plugin v27.3 - https:\/\/yoast.com\/product\/yoast-seo-wordpress\/ -->\n<title>F\u00daTBOL Y TEOR\u00cdA CR\u00cdTICA Ilusiones del bal\u00f3n y del sujeto abstracto &#8212; Zapateneo<\/title>\n<meta name=\"robots\" content=\"index, follow, max-snippet:-1, max-image-preview:large, max-video-preview:-1\" \/>\n<link rel=\"canonical\" href=\"https:\/\/zapateneo.net\/wordpress\/index.php\/producto\/futbol-y-teoria-critica-ilusiones-del-balon-y-del-sujeto-abstracto\/\" \/>\n<meta property=\"og:locale\" content=\"es_ES\" \/>\n<meta property=\"og:type\" content=\"article\" \/>\n<meta property=\"og:title\" content=\"F\u00daTBOL Y TEOR\u00cdA CR\u00cdTICA Ilusiones del bal\u00f3n y del sujeto abstracto &#8212; Zapateneo\" \/>\n<meta property=\"og:description\" content=\"Luis Mart\u00ednez Andrade 9788412476668 - La Vor\u00e1gine - 2022 - 216 p\u00e1ginas \/orri.\" \/>\n<meta property=\"og:url\" content=\"https:\/\/zapateneo.net\/wordpress\/index.php\/producto\/futbol-y-teoria-critica-ilusiones-del-balon-y-del-sujeto-abstracto\/\" \/>\n<meta property=\"og:site_name\" content=\"Zapateneo\" \/>\n<meta property=\"article:modified_time\" content=\"2022-11-26T15:39:07+00:00\" \/>\n<meta name=\"twitter:card\" content=\"summary_large_image\" \/>\n<meta name=\"twitter:site\" content=\"@zapateneo\" \/>\n<script type=\"application\/ld+json\" class=\"yoast-schema-graph\">{\"@context\":\"https:\\\/\\\/schema.org\",\"@graph\":[{\"@type\":\"WebPage\",\"@id\":\"https:\\\/\\\/zapateneo.net\\\/wordpress\\\/index.php\\\/producto\\\/futbol-y-teoria-critica-ilusiones-del-balon-y-del-sujeto-abstracto\\\/\",\"url\":\"https:\\\/\\\/zapateneo.net\\\/wordpress\\\/index.php\\\/producto\\\/futbol-y-teoria-critica-ilusiones-del-balon-y-del-sujeto-abstracto\\\/\",\"name\":\"F\u00daTBOL Y TEOR\u00cdA CR\u00cdTICA Ilusiones del bal\u00f3n y del sujeto abstracto &#8212; Zapateneo\",\"isPartOf\":{\"@id\":\"https:\\\/\\\/zapateneo.net\\\/wordpress\\\/#website\"},\"primaryImageOfPage\":{\"@id\":\"https:\\\/\\\/zapateneo.net\\\/wordpress\\\/index.php\\\/producto\\\/futbol-y-teoria-critica-ilusiones-del-balon-y-del-sujeto-abstracto\\\/#primaryimage\"},\"image\":{\"@id\":\"https:\\\/\\\/zapateneo.net\\\/wordpress\\\/index.php\\\/producto\\\/futbol-y-teoria-critica-ilusiones-del-balon-y-del-sujeto-abstracto\\\/#primaryimage\"},\"thumbnailUrl\":\"https:\\\/\\\/zapateneo.net\\\/wordpress\\\/wp-content\\\/uploads\\\/2022\\\/11\\\/futbol-y-teoria-critica-9788412476668.jpg\",\"datePublished\":\"2022-11-26T15:38:59+00:00\",\"dateModified\":\"2022-11-26T15:39:07+00:00\",\"breadcrumb\":{\"@id\":\"https:\\\/\\\/zapateneo.net\\\/wordpress\\\/index.php\\\/producto\\\/futbol-y-teoria-critica-ilusiones-del-balon-y-del-sujeto-abstracto\\\/#breadcrumb\"},\"inLanguage\":\"es\",\"potentialAction\":[{\"@type\":\"ReadAction\",\"target\":[\"https:\\\/\\\/zapateneo.net\\\/wordpress\\\/index.php\\\/producto\\\/futbol-y-teoria-critica-ilusiones-del-balon-y-del-sujeto-abstracto\\\/\"]}]},{\"@type\":\"ImageObject\",\"inLanguage\":\"es\",\"@id\":\"https:\\\/\\\/zapateneo.net\\\/wordpress\\\/index.php\\\/producto\\\/futbol-y-teoria-critica-ilusiones-del-balon-y-del-sujeto-abstracto\\\/#primaryimage\",\"url\":\"https:\\\/\\\/zapateneo.net\\\/wordpress\\\/wp-content\\\/uploads\\\/2022\\\/11\\\/futbol-y-teoria-critica-9788412476668.jpg\",\"contentUrl\":\"https:\\\/\\\/zapateneo.net\\\/wordpress\\\/wp-content\\\/uploads\\\/2022\\\/11\\\/futbol-y-teoria-critica-9788412476668.jpg\",\"width\":241,\"height\":400},{\"@type\":\"BreadcrumbList\",\"@id\":\"https:\\\/\\\/zapateneo.net\\\/wordpress\\\/index.php\\\/producto\\\/futbol-y-teoria-critica-ilusiones-del-balon-y-del-sujeto-abstracto\\\/#breadcrumb\",\"itemListElement\":[{\"@type\":\"ListItem\",\"position\":1,\"name\":\"Portada\",\"item\":\"https:\\\/\\\/zapateneo.net\\\/wordpress\\\/\"},{\"@type\":\"ListItem\",\"position\":2,\"name\":\"Tienda\",\"item\":\"https:\\\/\\\/zapateneo.net\\\/wordpress\\\/\"},{\"@type\":\"ListItem\",\"position\":3,\"name\":\"F\u00daTBOL Y TEOR\u00cdA CR\u00cdTICA Ilusiones del bal\u00f3n y del sujeto abstracto\"}]},{\"@type\":\"WebSite\",\"@id\":\"https:\\\/\\\/zapateneo.net\\\/wordpress\\\/#website\",\"url\":\"https:\\\/\\\/zapateneo.net\\\/wordpress\\\/\",\"name\":\"Zapateneo\",\"description\":\"Zapateneoaren webgunea\",\"publisher\":{\"@id\":\"https:\\\/\\\/zapateneo.net\\\/wordpress\\\/#organization\"},\"potentialAction\":[{\"@type\":\"SearchAction\",\"target\":{\"@type\":\"EntryPoint\",\"urlTemplate\":\"https:\\\/\\\/zapateneo.net\\\/wordpress\\\/?s={search_term_string}\"},\"query-input\":{\"@type\":\"PropertyValueSpecification\",\"valueRequired\":true,\"valueName\":\"search_term_string\"}}],\"inLanguage\":\"es\"},{\"@type\":\"Organization\",\"@id\":\"https:\\\/\\\/zapateneo.net\\\/wordpress\\\/#organization\",\"name\":\"Zapateneo Kultur Elkartea\",\"url\":\"https:\\\/\\\/zapateneo.net\\\/wordpress\\\/\",\"logo\":{\"@type\":\"ImageObject\",\"inLanguage\":\"es\",\"@id\":\"https:\\\/\\\/zapateneo.net\\\/wordpress\\\/#\\\/schema\\\/logo\\\/image\\\/\",\"url\":\"https:\\\/\\\/zapateneo.net\\\/wordpress\\\/wp-content\\\/uploads\\\/2021\\\/04\\\/zap-libu-kolec.jpg\",\"contentUrl\":\"https:\\\/\\\/zapateneo.net\\\/wordpress\\\/wp-content\\\/uploads\\\/2021\\\/04\\\/zap-libu-kolec.jpg\",\"width\":2234,\"height\":398,\"caption\":\"Zapateneo Kultur Elkartea\"},\"image\":{\"@id\":\"https:\\\/\\\/zapateneo.net\\\/wordpress\\\/#\\\/schema\\\/logo\\\/image\\\/\"},\"sameAs\":[\"https:\\\/\\\/x.com\\\/zapateneo\"]}]}<\/script>\n<!-- \/ Yoast SEO plugin. -->","yoast_head_json":{"title":"F\u00daTBOL Y TEOR\u00cdA CR\u00cdTICA Ilusiones del bal\u00f3n y del sujeto abstracto &#8212; Zapateneo","robots":{"index":"index","follow":"follow","max-snippet":"max-snippet:-1","max-image-preview":"max-image-preview:large","max-video-preview":"max-video-preview:-1"},"canonical":"https:\/\/zapateneo.net\/wordpress\/index.php\/producto\/futbol-y-teoria-critica-ilusiones-del-balon-y-del-sujeto-abstracto\/","og_locale":"es_ES","og_type":"article","og_title":"F\u00daTBOL Y TEOR\u00cdA CR\u00cdTICA Ilusiones del bal\u00f3n y del sujeto abstracto &#8212; Zapateneo","og_description":"Luis Mart\u00ednez Andrade 9788412476668 - La Vor\u00e1gine - 2022 - 216 p\u00e1ginas \/orri.","og_url":"https:\/\/zapateneo.net\/wordpress\/index.php\/producto\/futbol-y-teoria-critica-ilusiones-del-balon-y-del-sujeto-abstracto\/","og_site_name":"Zapateneo","article_modified_time":"2022-11-26T15:39:07+00:00","twitter_card":"summary_large_image","twitter_site":"@zapateneo","schema":{"@context":"https:\/\/schema.org","@graph":[{"@type":"WebPage","@id":"https:\/\/zapateneo.net\/wordpress\/index.php\/producto\/futbol-y-teoria-critica-ilusiones-del-balon-y-del-sujeto-abstracto\/","url":"https:\/\/zapateneo.net\/wordpress\/index.php\/producto\/futbol-y-teoria-critica-ilusiones-del-balon-y-del-sujeto-abstracto\/","name":"F\u00daTBOL Y TEOR\u00cdA CR\u00cdTICA Ilusiones del bal\u00f3n y del sujeto abstracto &#8212; Zapateneo","isPartOf":{"@id":"https:\/\/zapateneo.net\/wordpress\/#website"},"primaryImageOfPage":{"@id":"https:\/\/zapateneo.net\/wordpress\/index.php\/producto\/futbol-y-teoria-critica-ilusiones-del-balon-y-del-sujeto-abstracto\/#primaryimage"},"image":{"@id":"https:\/\/zapateneo.net\/wordpress\/index.php\/producto\/futbol-y-teoria-critica-ilusiones-del-balon-y-del-sujeto-abstracto\/#primaryimage"},"thumbnailUrl":"https:\/\/zapateneo.net\/wordpress\/wp-content\/uploads\/2022\/11\/futbol-y-teoria-critica-9788412476668.jpg","datePublished":"2022-11-26T15:38:59+00:00","dateModified":"2022-11-26T15:39:07+00:00","breadcrumb":{"@id":"https:\/\/zapateneo.net\/wordpress\/index.php\/producto\/futbol-y-teoria-critica-ilusiones-del-balon-y-del-sujeto-abstracto\/#breadcrumb"},"inLanguage":"es","potentialAction":[{"@type":"ReadAction","target":["https:\/\/zapateneo.net\/wordpress\/index.php\/producto\/futbol-y-teoria-critica-ilusiones-del-balon-y-del-sujeto-abstracto\/"]}]},{"@type":"ImageObject","inLanguage":"es","@id":"https:\/\/zapateneo.net\/wordpress\/index.php\/producto\/futbol-y-teoria-critica-ilusiones-del-balon-y-del-sujeto-abstracto\/#primaryimage","url":"https:\/\/zapateneo.net\/wordpress\/wp-content\/uploads\/2022\/11\/futbol-y-teoria-critica-9788412476668.jpg","contentUrl":"https:\/\/zapateneo.net\/wordpress\/wp-content\/uploads\/2022\/11\/futbol-y-teoria-critica-9788412476668.jpg","width":241,"height":400},{"@type":"BreadcrumbList","@id":"https:\/\/zapateneo.net\/wordpress\/index.php\/producto\/futbol-y-teoria-critica-ilusiones-del-balon-y-del-sujeto-abstracto\/#breadcrumb","itemListElement":[{"@type":"ListItem","position":1,"name":"Portada","item":"https:\/\/zapateneo.net\/wordpress\/"},{"@type":"ListItem","position":2,"name":"Tienda","item":"https:\/\/zapateneo.net\/wordpress\/"},{"@type":"ListItem","position":3,"name":"F\u00daTBOL Y TEOR\u00cdA CR\u00cdTICA Ilusiones del bal\u00f3n y del sujeto abstracto"}]},{"@type":"WebSite","@id":"https:\/\/zapateneo.net\/wordpress\/#website","url":"https:\/\/zapateneo.net\/wordpress\/","name":"Zapateneo","description":"Zapateneoaren webgunea","publisher":{"@id":"https:\/\/zapateneo.net\/wordpress\/#organization"},"potentialAction":[{"@type":"SearchAction","target":{"@type":"EntryPoint","urlTemplate":"https:\/\/zapateneo.net\/wordpress\/?s={search_term_string}"},"query-input":{"@type":"PropertyValueSpecification","valueRequired":true,"valueName":"search_term_string"}}],"inLanguage":"es"},{"@type":"Organization","@id":"https:\/\/zapateneo.net\/wordpress\/#organization","name":"Zapateneo Kultur Elkartea","url":"https:\/\/zapateneo.net\/wordpress\/","logo":{"@type":"ImageObject","inLanguage":"es","@id":"https:\/\/zapateneo.net\/wordpress\/#\/schema\/logo\/image\/","url":"https:\/\/zapateneo.net\/wordpress\/wp-content\/uploads\/2021\/04\/zap-libu-kolec.jpg","contentUrl":"https:\/\/zapateneo.net\/wordpress\/wp-content\/uploads\/2021\/04\/zap-libu-kolec.jpg","width":2234,"height":398,"caption":"Zapateneo Kultur Elkartea"},"image":{"@id":"https:\/\/zapateneo.net\/wordpress\/#\/schema\/logo\/image\/"},"sameAs":["https:\/\/x.com\/zapateneo"]}]}},"_links":{"self":[{"href":"https:\/\/zapateneo.net\/wordpress\/index.php\/wp-json\/wp\/v2\/product\/12146","targetHints":{"allow":["GET"]}}],"collection":[{"href":"https:\/\/zapateneo.net\/wordpress\/index.php\/wp-json\/wp\/v2\/product"}],"about":[{"href":"https:\/\/zapateneo.net\/wordpress\/index.php\/wp-json\/wp\/v2\/types\/product"}],"wp:featuredmedia":[{"embeddable":true,"href":"https:\/\/zapateneo.net\/wordpress\/index.php\/wp-json\/wp\/v2\/media\/12176"}],"wp:attachment":[{"href":"https:\/\/zapateneo.net\/wordpress\/index.php\/wp-json\/wp\/v2\/media?parent=12146"}],"wp:term":[{"taxonomy":"product_brand","embeddable":true,"href":"https:\/\/zapateneo.net\/wordpress\/index.php\/wp-json\/wp\/v2\/product_brand?post=12146"},{"taxonomy":"product_cat","embeddable":true,"href":"https:\/\/zapateneo.net\/wordpress\/index.php\/wp-json\/wp\/v2\/product_cat?post=12146"},{"taxonomy":"product_tag","embeddable":true,"href":"https:\/\/zapateneo.net\/wordpress\/index.php\/wp-json\/wp\/v2\/product_tag?post=12146"}],"curies":[{"name":"wp","href":"https:\/\/api.w.org\/{rel}","templated":true}]}}