{"id":12010,"date":"2022-02-01T11:48:27","date_gmt":"2022-02-01T10:48:27","guid":{"rendered":"https:\/\/zapateneo.net\/wordpress\/?post_type=product&#038;p=12010"},"modified":"2022-10-01T11:49:16","modified_gmt":"2022-10-01T10:49:16","slug":"nueva-humanidad-escritos-para-la-difusion-del-anarquismo","status":"publish","type":"product","link":"https:\/\/zapateneo.net\/wordpress\/index.php\/producto\/nueva-humanidad-escritos-para-la-difusion-del-anarquismo\/","title":{"rendered":"Nueva humanidad &#8211; Escritos para la difusi\u00f3n del anarquismo"},"content":{"rendered":"<p>Errico Malatesta (1853-1932) es quiz\u00e1 uno de los anarquistas hist\u00f3ricos m\u00e1s conocidos. Desde muy joven se preocup\u00f3 por los problemas de la sociedad. Aunque comenz\u00f3 siendo republicano, en 1871 form\u00f3 parte del n\u00facleo inicial de la Asociaci\u00f3n Internacional de los Trabajadores en N\u00e1poles, abrazando el ideario anarquista. Su vida estuvo jalonada de insurrecciones, revueltas, exilios y c\u00e1rcel.<\/p>\n<p>Gran orador y convincente escritor, fund\u00f3 y edit\u00f3 varios peri\u00f3dicos, adem\u00e1s de redactar algunos folletos que se difundieron con profusi\u00f3n. Vivi\u00f3 siempre de su trabajo y muri\u00f3 prisionero del fascismo en Roma.<\/p>\n<p>Volvemos a editar los textos de Malatesta ya publicados en castellano porque contin\u00faan estando vigentes. Ofrecemos algunos de sus art\u00edculos de prensa m\u00e1s destacados; en ellos se aprecia lo visionario de su pensamiento. Los folletos fueron muy conocidos en su \u00e9poca. De prosa muy sencilla, en ocasiones est\u00e1n escritos como di\u00e1logos, siendo \u00abEntre campesinos\u00bb el m\u00e1s divulgado, y \u00abEn el caf\u00e9\u00bb una controversia entre exponentes de diferentes ideolog\u00edas. Tambi\u00e9n incluimos pol\u00e9micas: las entabladas con Merlino (elecciones), Monatte (sindicalismo), Kropotkin (guerra) y Archinov (organizaci\u00f3n).<\/p>\n<p>Como colof\u00f3n a\u00f1adimos una peque\u00f1a biograf\u00eda de Malatesta escrita por Max Nettlau.<\/p>\n","protected":false},"excerpt":{"rendered":"<p><strong>Errico Malatesta<\/strong><br \/>\n9788460688778 &#8211; Ediciones Antorcha &#8211; 2015 &#8211; 508 p\u00e1ginas \/orri.<\/p>\n","protected":false},"featured_media":12018,"template":"","meta":[],"product_brand":[],"product_cat":[1868,16],"product_tag":[5714,2087],"class_list":{"0":"post-12010","1":"product","2":"type-product","3":"status-publish","4":"has-post-thumbnail","6":"product_cat-anarkismoa-anarquismo","7":"product_cat-libros","8":"product_tag-ediciones-antorcha","9":"product_tag-errico-malatesta","11":"first","12":"instock","13":"sold-individually","14":"shipping-taxable","15":"purchasable","16":"product-type-simple"},"yoast_head":"<!-- This site is optimized with the Yoast SEO plugin v27.3 - https:\/\/yoast.com\/product\/yoast-seo-wordpress\/ -->\n<title>Nueva humanidad - Escritos para la difusi\u00f3n del anarquismo &#8212; Zapateneo<\/title>\n<meta name=\"robots\" content=\"index, follow, max-snippet:-1, max-image-preview:large, max-video-preview:-1\" \/>\n<link rel=\"canonical\" href=\"https:\/\/zapateneo.net\/wordpress\/index.php\/producto\/nueva-humanidad-escritos-para-la-difusion-del-anarquismo\/\" \/>\n<meta property=\"og:locale\" content=\"es_ES\" \/>\n<meta property=\"og:type\" content=\"article\" \/>\n<meta property=\"og:title\" content=\"Nueva humanidad - Escritos para la difusi\u00f3n del anarquismo &#8212; Zapateneo\" \/>\n<meta property=\"og:description\" content=\"Errico Malatesta 9788460688778 - Ediciones Antorcha - 2015 - 508 p\u00e1ginas \/orri.\" \/>\n<meta property=\"og:url\" content=\"https:\/\/zapateneo.net\/wordpress\/index.php\/producto\/nueva-humanidad-escritos-para-la-difusion-del-anarquismo\/\" \/>\n<meta property=\"og:site_name\" content=\"Zapateneo\" \/>\n<meta property=\"article:modified_time\" content=\"2022-10-01T10:49:16+00:00\" \/>\n<meta property=\"og:image\" content=\"https:\/\/zapateneo.net\/wordpress\/wp-content\/uploads\/2022\/10\/nueva-humanidad.png\" \/>\n\t<meta property=\"og:image:width\" content=\"285\" \/>\n\t<meta property=\"og:image:height\" content=\"400\" \/>\n\t<meta property=\"og:image:type\" content=\"image\/png\" \/>\n<meta name=\"twitter:card\" content=\"summary_large_image\" \/>\n<meta name=\"twitter:site\" content=\"@zapateneo\" \/>\n<meta name=\"twitter:label1\" content=\"Tiempo de lectura\" \/>\n\t<meta name=\"twitter:data1\" content=\"1 minuto\" \/>\n<script type=\"application\/ld+json\" class=\"yoast-schema-graph\">{\"@context\":\"https:\\\/\\\/schema.org\",\"@graph\":[{\"@type\":\"WebPage\",\"@id\":\"https:\\\/\\\/zapateneo.net\\\/wordpress\\\/index.php\\\/producto\\\/nueva-humanidad-escritos-para-la-difusion-del-anarquismo\\\/\",\"url\":\"https:\\\/\\\/zapateneo.net\\\/wordpress\\\/index.php\\\/producto\\\/nueva-humanidad-escritos-para-la-difusion-del-anarquismo\\\/\",\"name\":\"Nueva humanidad - Escritos para la difusi\u00f3n del anarquismo &#8212; Zapateneo\",\"isPartOf\":{\"@id\":\"https:\\\/\\\/zapateneo.net\\\/wordpress\\\/#website\"},\"primaryImageOfPage\":{\"@id\":\"https:\\\/\\\/zapateneo.net\\\/wordpress\\\/index.php\\\/producto\\\/nueva-humanidad-escritos-para-la-difusion-del-anarquismo\\\/#primaryimage\"},\"image\":{\"@id\":\"https:\\\/\\\/zapateneo.net\\\/wordpress\\\/index.php\\\/producto\\\/nueva-humanidad-escritos-para-la-difusion-del-anarquismo\\\/#primaryimage\"},\"thumbnailUrl\":\"https:\\\/\\\/zapateneo.net\\\/wordpress\\\/wp-content\\\/uploads\\\/2022\\\/10\\\/nueva-humanidad.png\",\"datePublished\":\"2022-02-01T10:48:27+00:00\",\"dateModified\":\"2022-10-01T10:49:16+00:00\",\"breadcrumb\":{\"@id\":\"https:\\\/\\\/zapateneo.net\\\/wordpress\\\/index.php\\\/producto\\\/nueva-humanidad-escritos-para-la-difusion-del-anarquismo\\\/#breadcrumb\"},\"inLanguage\":\"es\",\"potentialAction\":[{\"@type\":\"ReadAction\",\"target\":[\"https:\\\/\\\/zapateneo.net\\\/wordpress\\\/index.php\\\/producto\\\/nueva-humanidad-escritos-para-la-difusion-del-anarquismo\\\/\"]}]},{\"@type\":\"ImageObject\",\"inLanguage\":\"es\",\"@id\":\"https:\\\/\\\/zapateneo.net\\\/wordpress\\\/index.php\\\/producto\\\/nueva-humanidad-escritos-para-la-difusion-del-anarquismo\\\/#primaryimage\",\"url\":\"https:\\\/\\\/zapateneo.net\\\/wordpress\\\/wp-content\\\/uploads\\\/2022\\\/10\\\/nueva-humanidad.png\",\"contentUrl\":\"https:\\\/\\\/zapateneo.net\\\/wordpress\\\/wp-content\\\/uploads\\\/2022\\\/10\\\/nueva-humanidad.png\",\"width\":285,\"height\":400},{\"@type\":\"BreadcrumbList\",\"@id\":\"https:\\\/\\\/zapateneo.net\\\/wordpress\\\/index.php\\\/producto\\\/nueva-humanidad-escritos-para-la-difusion-del-anarquismo\\\/#breadcrumb\",\"itemListElement\":[{\"@type\":\"ListItem\",\"position\":1,\"name\":\"Portada\",\"item\":\"https:\\\/\\\/zapateneo.net\\\/wordpress\\\/\"},{\"@type\":\"ListItem\",\"position\":2,\"name\":\"Tienda\",\"item\":\"https:\\\/\\\/zapateneo.net\\\/wordpress\\\/\"},{\"@type\":\"ListItem\",\"position\":3,\"name\":\"Nueva humanidad &#8211; Escritos para la difusi\u00f3n del anarquismo\"}]},{\"@type\":\"WebSite\",\"@id\":\"https:\\\/\\\/zapateneo.net\\\/wordpress\\\/#website\",\"url\":\"https:\\\/\\\/zapateneo.net\\\/wordpress\\\/\",\"name\":\"Zapateneo\",\"description\":\"Zapateneoaren webgunea\",\"publisher\":{\"@id\":\"https:\\\/\\\/zapateneo.net\\\/wordpress\\\/#organization\"},\"potentialAction\":[{\"@type\":\"SearchAction\",\"target\":{\"@type\":\"EntryPoint\",\"urlTemplate\":\"https:\\\/\\\/zapateneo.net\\\/wordpress\\\/?s={search_term_string}\"},\"query-input\":{\"@type\":\"PropertyValueSpecification\",\"valueRequired\":true,\"valueName\":\"search_term_string\"}}],\"inLanguage\":\"es\"},{\"@type\":\"Organization\",\"@id\":\"https:\\\/\\\/zapateneo.net\\\/wordpress\\\/#organization\",\"name\":\"Zapateneo Kultur Elkartea\",\"url\":\"https:\\\/\\\/zapateneo.net\\\/wordpress\\\/\",\"logo\":{\"@type\":\"ImageObject\",\"inLanguage\":\"es\",\"@id\":\"https:\\\/\\\/zapateneo.net\\\/wordpress\\\/#\\\/schema\\\/logo\\\/image\\\/\",\"url\":\"https:\\\/\\\/zapateneo.net\\\/wordpress\\\/wp-content\\\/uploads\\\/2021\\\/04\\\/zap-libu-kolec.jpg\",\"contentUrl\":\"https:\\\/\\\/zapateneo.net\\\/wordpress\\\/wp-content\\\/uploads\\\/2021\\\/04\\\/zap-libu-kolec.jpg\",\"width\":2234,\"height\":398,\"caption\":\"Zapateneo Kultur Elkartea\"},\"image\":{\"@id\":\"https:\\\/\\\/zapateneo.net\\\/wordpress\\\/#\\\/schema\\\/logo\\\/image\\\/\"},\"sameAs\":[\"https:\\\/\\\/x.com\\\/zapateneo\"]}]}<\/script>\n<!-- \/ Yoast SEO plugin. -->","yoast_head_json":{"title":"Nueva humanidad - Escritos para la difusi\u00f3n del anarquismo &#8212; Zapateneo","robots":{"index":"index","follow":"follow","max-snippet":"max-snippet:-1","max-image-preview":"max-image-preview:large","max-video-preview":"max-video-preview:-1"},"canonical":"https:\/\/zapateneo.net\/wordpress\/index.php\/producto\/nueva-humanidad-escritos-para-la-difusion-del-anarquismo\/","og_locale":"es_ES","og_type":"article","og_title":"Nueva humanidad - Escritos para la difusi\u00f3n del anarquismo &#8212; Zapateneo","og_description":"Errico Malatesta 9788460688778 - Ediciones Antorcha - 2015 - 508 p\u00e1ginas \/orri.","og_url":"https:\/\/zapateneo.net\/wordpress\/index.php\/producto\/nueva-humanidad-escritos-para-la-difusion-del-anarquismo\/","og_site_name":"Zapateneo","article_modified_time":"2022-10-01T10:49:16+00:00","og_image":[{"width":285,"height":400,"url":"https:\/\/zapateneo.net\/wordpress\/wp-content\/uploads\/2022\/10\/nueva-humanidad.png","type":"image\/png"}],"twitter_card":"summary_large_image","twitter_site":"@zapateneo","twitter_misc":{"Tiempo de lectura":"1 minuto"},"schema":{"@context":"https:\/\/schema.org","@graph":[{"@type":"WebPage","@id":"https:\/\/zapateneo.net\/wordpress\/index.php\/producto\/nueva-humanidad-escritos-para-la-difusion-del-anarquismo\/","url":"https:\/\/zapateneo.net\/wordpress\/index.php\/producto\/nueva-humanidad-escritos-para-la-difusion-del-anarquismo\/","name":"Nueva humanidad - Escritos para la difusi\u00f3n del anarquismo &#8212; Zapateneo","isPartOf":{"@id":"https:\/\/zapateneo.net\/wordpress\/#website"},"primaryImageOfPage":{"@id":"https:\/\/zapateneo.net\/wordpress\/index.php\/producto\/nueva-humanidad-escritos-para-la-difusion-del-anarquismo\/#primaryimage"},"image":{"@id":"https:\/\/zapateneo.net\/wordpress\/index.php\/producto\/nueva-humanidad-escritos-para-la-difusion-del-anarquismo\/#primaryimage"},"thumbnailUrl":"https:\/\/zapateneo.net\/wordpress\/wp-content\/uploads\/2022\/10\/nueva-humanidad.png","datePublished":"2022-02-01T10:48:27+00:00","dateModified":"2022-10-01T10:49:16+00:00","breadcrumb":{"@id":"https:\/\/zapateneo.net\/wordpress\/index.php\/producto\/nueva-humanidad-escritos-para-la-difusion-del-anarquismo\/#breadcrumb"},"inLanguage":"es","potentialAction":[{"@type":"ReadAction","target":["https:\/\/zapateneo.net\/wordpress\/index.php\/producto\/nueva-humanidad-escritos-para-la-difusion-del-anarquismo\/"]}]},{"@type":"ImageObject","inLanguage":"es","@id":"https:\/\/zapateneo.net\/wordpress\/index.php\/producto\/nueva-humanidad-escritos-para-la-difusion-del-anarquismo\/#primaryimage","url":"https:\/\/zapateneo.net\/wordpress\/wp-content\/uploads\/2022\/10\/nueva-humanidad.png","contentUrl":"https:\/\/zapateneo.net\/wordpress\/wp-content\/uploads\/2022\/10\/nueva-humanidad.png","width":285,"height":400},{"@type":"BreadcrumbList","@id":"https:\/\/zapateneo.net\/wordpress\/index.php\/producto\/nueva-humanidad-escritos-para-la-difusion-del-anarquismo\/#breadcrumb","itemListElement":[{"@type":"ListItem","position":1,"name":"Portada","item":"https:\/\/zapateneo.net\/wordpress\/"},{"@type":"ListItem","position":2,"name":"Tienda","item":"https:\/\/zapateneo.net\/wordpress\/"},{"@type":"ListItem","position":3,"name":"Nueva humanidad &#8211; Escritos para la difusi\u00f3n del anarquismo"}]},{"@type":"WebSite","@id":"https:\/\/zapateneo.net\/wordpress\/#website","url":"https:\/\/zapateneo.net\/wordpress\/","name":"Zapateneo","description":"Zapateneoaren webgunea","publisher":{"@id":"https:\/\/zapateneo.net\/wordpress\/#organization"},"potentialAction":[{"@type":"SearchAction","target":{"@type":"EntryPoint","urlTemplate":"https:\/\/zapateneo.net\/wordpress\/?s={search_term_string}"},"query-input":{"@type":"PropertyValueSpecification","valueRequired":true,"valueName":"search_term_string"}}],"inLanguage":"es"},{"@type":"Organization","@id":"https:\/\/zapateneo.net\/wordpress\/#organization","name":"Zapateneo Kultur Elkartea","url":"https:\/\/zapateneo.net\/wordpress\/","logo":{"@type":"ImageObject","inLanguage":"es","@id":"https:\/\/zapateneo.net\/wordpress\/#\/schema\/logo\/image\/","url":"https:\/\/zapateneo.net\/wordpress\/wp-content\/uploads\/2021\/04\/zap-libu-kolec.jpg","contentUrl":"https:\/\/zapateneo.net\/wordpress\/wp-content\/uploads\/2021\/04\/zap-libu-kolec.jpg","width":2234,"height":398,"caption":"Zapateneo Kultur Elkartea"},"image":{"@id":"https:\/\/zapateneo.net\/wordpress\/#\/schema\/logo\/image\/"},"sameAs":["https:\/\/x.com\/zapateneo"]}]}},"_links":{"self":[{"href":"https:\/\/zapateneo.net\/wordpress\/index.php\/wp-json\/wp\/v2\/product\/12010","targetHints":{"allow":["GET"]}}],"collection":[{"href":"https:\/\/zapateneo.net\/wordpress\/index.php\/wp-json\/wp\/v2\/product"}],"about":[{"href":"https:\/\/zapateneo.net\/wordpress\/index.php\/wp-json\/wp\/v2\/types\/product"}],"wp:featuredmedia":[{"embeddable":true,"href":"https:\/\/zapateneo.net\/wordpress\/index.php\/wp-json\/wp\/v2\/media\/12018"}],"wp:attachment":[{"href":"https:\/\/zapateneo.net\/wordpress\/index.php\/wp-json\/wp\/v2\/media?parent=12010"}],"wp:term":[{"taxonomy":"product_brand","embeddable":true,"href":"https:\/\/zapateneo.net\/wordpress\/index.php\/wp-json\/wp\/v2\/product_brand?post=12010"},{"taxonomy":"product_cat","embeddable":true,"href":"https:\/\/zapateneo.net\/wordpress\/index.php\/wp-json\/wp\/v2\/product_cat?post=12010"},{"taxonomy":"product_tag","embeddable":true,"href":"https:\/\/zapateneo.net\/wordpress\/index.php\/wp-json\/wp\/v2\/product_tag?post=12010"}],"curies":[{"name":"wp","href":"https:\/\/api.w.org\/{rel}","templated":true}]}}