{"id":12004,"date":"2022-10-01T11:48:25","date_gmt":"2022-10-01T10:48:25","guid":{"rendered":"https:\/\/zapateneo.net\/wordpress\/?post_type=product&#038;p=12004"},"modified":"2023-04-12T16:11:04","modified_gmt":"2023-04-12T15:11:04","slug":"una-cita-con-la-anarquia-fragmentos-de-pensamiento-libertario","status":"publish","type":"product","link":"https:\/\/zapateneo.net\/wordpress\/index.php\/producto\/una-cita-con-la-anarquia-fragmentos-de-pensamiento-libertario\/","title":{"rendered":"UNA CITA CON LA ANARQU\u00cdA. FRAGMENTOS DE PENSAMIENTO LIBERTARIO"},"content":{"rendered":"<p>Una cita con la anarqu\u00eda. Fragmentos de pensamiento libertario es el decimosexto t\u00edtulo de la colecci\u00f3n Lmentales. Este trabajo coordinado por Patricia Lobo es una compilaci\u00f3n de citas que funciona como un puzle de ideas anarquistas frente al sistema de dominaci\u00f3n. As\u00ed, este t\u00edtulo nos ofrece diferentes perspectivas sobre la justicia, el patriarcado, la democracia, la educaci\u00f3n y otros muchos temas que, curiosamente, consiguen dibujar un completo retrato de las ideas libertarias a partir de pinceladas aparentemente inconexas. La diversidad tipogr\u00e1fica de este texto parece una l\u00fadica invitaci\u00f3n a quienes no saben nada sobre anarquismo y a quienes lo conocozcan profundamente: nadie saldr\u00e1 defraudado porque cada p\u00e1gina es una delicada invitaci\u00f3n a pensar m\u00e1s all\u00e1 de lo establecido, para rebelarse en un ac\u00e1 cuya degradaci\u00f3n nunca deja de sorprendernos:<\/p>\n<p>Este libro que tienes entre tus manos, como se puede deducir del t\u00edtulo, es una recopilaci\u00f3n de breves aportaciones al pensamiento pol\u00edtico y social que bien podr\u00eda ser un manual deshilvanado para la cr\u00edtica de las instituciones que sostienen el sistema de dominaci\u00f3n: patriarcado, capital y Estado. En \u00e9l podemos encontrar aportaciones de personalidades tan l\u00facidas como Emma Goldman, Ricardo Flores Mag\u00f3n, Mijail Bakunin, Ricardo Mella o, poniendo la mirada en nuestro presente, Mar\u00eda Galindo. Sus palabras veremos que son un f\u00e9rtil abono con innumerables potencialidades. Sus cr\u00edticas al sistema penal, al parlamentarismo, a las desigualdades ec\u00f3nomicas y de g\u00e9nero, etc., nos muestran la necesidad de arrancar la careta de esta sociedad para dejar al descubierto su verdadero rostro.<\/p>\n","protected":false},"excerpt":{"rendered":"<p><strong>LOBO, PATRICIA<\/strong><br \/>\n202209270001 &#8211; LA NEUROSIS O LAS BARRICADAS EDITORIAL &#8211; 2022 &#8211; 220 p\u00e1ginas \/orri.<\/p>\n","protected":false},"featured_media":12012,"template":"","meta":[],"product_brand":[],"product_cat":[1868,16],"product_tag":[714,6106],"class_list":{"0":"post-12004","1":"product","2":"type-product","3":"status-publish","4":"has-post-thumbnail","6":"product_cat-anarkismoa-anarquismo","7":"product_cat-libros","8":"product_tag-la-neurosis-o-las-barricadas","9":"product_tag-patricia-lobo","11":"first","12":"instock","13":"sold-individually","14":"shipping-taxable","15":"purchasable","16":"product-type-simple"},"yoast_head":"<!-- This site is optimized with the Yoast SEO plugin v27.3 - https:\/\/yoast.com\/product\/yoast-seo-wordpress\/ -->\n<title>UNA CITA CON LA ANARQU\u00cdA. FRAGMENTOS DE PENSAMIENTO LIBERTARIO &#8212; Zapateneo<\/title>\n<meta name=\"robots\" content=\"index, follow, max-snippet:-1, max-image-preview:large, max-video-preview:-1\" \/>\n<link rel=\"canonical\" href=\"https:\/\/zapateneo.net\/wordpress\/index.php\/producto\/una-cita-con-la-anarquia-fragmentos-de-pensamiento-libertario\/\" \/>\n<meta property=\"og:locale\" content=\"es_ES\" \/>\n<meta property=\"og:type\" content=\"article\" \/>\n<meta property=\"og:title\" content=\"UNA CITA CON LA ANARQU\u00cdA. FRAGMENTOS DE PENSAMIENTO LIBERTARIO &#8212; Zapateneo\" \/>\n<meta property=\"og:description\" content=\"LOBO, PATRICIA 202209270001 - LA NEUROSIS O LAS BARRICADAS EDITORIAL - 2022 - 220 p\u00e1ginas \/orri.\" \/>\n<meta property=\"og:url\" content=\"https:\/\/zapateneo.net\/wordpress\/index.php\/producto\/una-cita-con-la-anarquia-fragmentos-de-pensamiento-libertario\/\" \/>\n<meta property=\"og:site_name\" content=\"Zapateneo\" \/>\n<meta property=\"article:modified_time\" content=\"2023-04-12T15:11:04+00:00\" \/>\n<meta property=\"og:image\" content=\"https:\/\/zapateneo.net\/wordpress\/wp-content\/uploads\/2022\/10\/una-cita-con-la-anarquia.jpeg\" \/>\n\t<meta property=\"og:image:width\" content=\"333\" \/>\n\t<meta property=\"og:image:height\" content=\"400\" \/>\n\t<meta property=\"og:image:type\" content=\"image\/jpeg\" \/>\n<meta name=\"twitter:card\" content=\"summary_large_image\" \/>\n<meta name=\"twitter:site\" content=\"@zapateneo\" \/>\n<meta name=\"twitter:label1\" content=\"Tiempo de lectura\" \/>\n\t<meta name=\"twitter:data1\" content=\"1 minuto\" \/>\n<script type=\"application\/ld+json\" class=\"yoast-schema-graph\">{\"@context\":\"https:\\\/\\\/schema.org\",\"@graph\":[{\"@type\":\"WebPage\",\"@id\":\"https:\\\/\\\/zapateneo.net\\\/wordpress\\\/index.php\\\/producto\\\/una-cita-con-la-anarquia-fragmentos-de-pensamiento-libertario\\\/\",\"url\":\"https:\\\/\\\/zapateneo.net\\\/wordpress\\\/index.php\\\/producto\\\/una-cita-con-la-anarquia-fragmentos-de-pensamiento-libertario\\\/\",\"name\":\"UNA CITA CON LA ANARQU\u00cdA. FRAGMENTOS DE PENSAMIENTO LIBERTARIO &#8212; Zapateneo\",\"isPartOf\":{\"@id\":\"https:\\\/\\\/zapateneo.net\\\/wordpress\\\/#website\"},\"primaryImageOfPage\":{\"@id\":\"https:\\\/\\\/zapateneo.net\\\/wordpress\\\/index.php\\\/producto\\\/una-cita-con-la-anarquia-fragmentos-de-pensamiento-libertario\\\/#primaryimage\"},\"image\":{\"@id\":\"https:\\\/\\\/zapateneo.net\\\/wordpress\\\/index.php\\\/producto\\\/una-cita-con-la-anarquia-fragmentos-de-pensamiento-libertario\\\/#primaryimage\"},\"thumbnailUrl\":\"https:\\\/\\\/zapateneo.net\\\/wordpress\\\/wp-content\\\/uploads\\\/2022\\\/10\\\/una-cita-con-la-anarquia.jpeg\",\"datePublished\":\"2022-10-01T10:48:25+00:00\",\"dateModified\":\"2023-04-12T15:11:04+00:00\",\"breadcrumb\":{\"@id\":\"https:\\\/\\\/zapateneo.net\\\/wordpress\\\/index.php\\\/producto\\\/una-cita-con-la-anarquia-fragmentos-de-pensamiento-libertario\\\/#breadcrumb\"},\"inLanguage\":\"es\",\"potentialAction\":[{\"@type\":\"ReadAction\",\"target\":[\"https:\\\/\\\/zapateneo.net\\\/wordpress\\\/index.php\\\/producto\\\/una-cita-con-la-anarquia-fragmentos-de-pensamiento-libertario\\\/\"]}]},{\"@type\":\"ImageObject\",\"inLanguage\":\"es\",\"@id\":\"https:\\\/\\\/zapateneo.net\\\/wordpress\\\/index.php\\\/producto\\\/una-cita-con-la-anarquia-fragmentos-de-pensamiento-libertario\\\/#primaryimage\",\"url\":\"https:\\\/\\\/zapateneo.net\\\/wordpress\\\/wp-content\\\/uploads\\\/2022\\\/10\\\/una-cita-con-la-anarquia.jpeg\",\"contentUrl\":\"https:\\\/\\\/zapateneo.net\\\/wordpress\\\/wp-content\\\/uploads\\\/2022\\\/10\\\/una-cita-con-la-anarquia.jpeg\",\"width\":333,\"height\":400},{\"@type\":\"BreadcrumbList\",\"@id\":\"https:\\\/\\\/zapateneo.net\\\/wordpress\\\/index.php\\\/producto\\\/una-cita-con-la-anarquia-fragmentos-de-pensamiento-libertario\\\/#breadcrumb\",\"itemListElement\":[{\"@type\":\"ListItem\",\"position\":1,\"name\":\"Portada\",\"item\":\"https:\\\/\\\/zapateneo.net\\\/wordpress\\\/\"},{\"@type\":\"ListItem\",\"position\":2,\"name\":\"Tienda\",\"item\":\"https:\\\/\\\/zapateneo.net\\\/wordpress\\\/\"},{\"@type\":\"ListItem\",\"position\":3,\"name\":\"UNA CITA CON LA ANARQU\u00cdA. FRAGMENTOS DE PENSAMIENTO LIBERTARIO\"}]},{\"@type\":\"WebSite\",\"@id\":\"https:\\\/\\\/zapateneo.net\\\/wordpress\\\/#website\",\"url\":\"https:\\\/\\\/zapateneo.net\\\/wordpress\\\/\",\"name\":\"Zapateneo\",\"description\":\"Zapateneoaren webgunea\",\"publisher\":{\"@id\":\"https:\\\/\\\/zapateneo.net\\\/wordpress\\\/#organization\"},\"potentialAction\":[{\"@type\":\"SearchAction\",\"target\":{\"@type\":\"EntryPoint\",\"urlTemplate\":\"https:\\\/\\\/zapateneo.net\\\/wordpress\\\/?s={search_term_string}\"},\"query-input\":{\"@type\":\"PropertyValueSpecification\",\"valueRequired\":true,\"valueName\":\"search_term_string\"}}],\"inLanguage\":\"es\"},{\"@type\":\"Organization\",\"@id\":\"https:\\\/\\\/zapateneo.net\\\/wordpress\\\/#organization\",\"name\":\"Zapateneo Kultur Elkartea\",\"url\":\"https:\\\/\\\/zapateneo.net\\\/wordpress\\\/\",\"logo\":{\"@type\":\"ImageObject\",\"inLanguage\":\"es\",\"@id\":\"https:\\\/\\\/zapateneo.net\\\/wordpress\\\/#\\\/schema\\\/logo\\\/image\\\/\",\"url\":\"https:\\\/\\\/zapateneo.net\\\/wordpress\\\/wp-content\\\/uploads\\\/2021\\\/04\\\/zap-libu-kolec.jpg\",\"contentUrl\":\"https:\\\/\\\/zapateneo.net\\\/wordpress\\\/wp-content\\\/uploads\\\/2021\\\/04\\\/zap-libu-kolec.jpg\",\"width\":2234,\"height\":398,\"caption\":\"Zapateneo Kultur Elkartea\"},\"image\":{\"@id\":\"https:\\\/\\\/zapateneo.net\\\/wordpress\\\/#\\\/schema\\\/logo\\\/image\\\/\"},\"sameAs\":[\"https:\\\/\\\/x.com\\\/zapateneo\"]}]}<\/script>\n<!-- \/ Yoast SEO plugin. -->","yoast_head_json":{"title":"UNA CITA CON LA ANARQU\u00cdA. FRAGMENTOS DE PENSAMIENTO LIBERTARIO &#8212; Zapateneo","robots":{"index":"index","follow":"follow","max-snippet":"max-snippet:-1","max-image-preview":"max-image-preview:large","max-video-preview":"max-video-preview:-1"},"canonical":"https:\/\/zapateneo.net\/wordpress\/index.php\/producto\/una-cita-con-la-anarquia-fragmentos-de-pensamiento-libertario\/","og_locale":"es_ES","og_type":"article","og_title":"UNA CITA CON LA ANARQU\u00cdA. FRAGMENTOS DE PENSAMIENTO LIBERTARIO &#8212; Zapateneo","og_description":"LOBO, PATRICIA 202209270001 - LA NEUROSIS O LAS BARRICADAS EDITORIAL - 2022 - 220 p\u00e1ginas \/orri.","og_url":"https:\/\/zapateneo.net\/wordpress\/index.php\/producto\/una-cita-con-la-anarquia-fragmentos-de-pensamiento-libertario\/","og_site_name":"Zapateneo","article_modified_time":"2023-04-12T15:11:04+00:00","og_image":[{"width":333,"height":400,"url":"https:\/\/zapateneo.net\/wordpress\/wp-content\/uploads\/2022\/10\/una-cita-con-la-anarquia.jpeg","type":"image\/jpeg"}],"twitter_card":"summary_large_image","twitter_site":"@zapateneo","twitter_misc":{"Tiempo de lectura":"1 minuto"},"schema":{"@context":"https:\/\/schema.org","@graph":[{"@type":"WebPage","@id":"https:\/\/zapateneo.net\/wordpress\/index.php\/producto\/una-cita-con-la-anarquia-fragmentos-de-pensamiento-libertario\/","url":"https:\/\/zapateneo.net\/wordpress\/index.php\/producto\/una-cita-con-la-anarquia-fragmentos-de-pensamiento-libertario\/","name":"UNA CITA CON LA ANARQU\u00cdA. FRAGMENTOS DE PENSAMIENTO LIBERTARIO &#8212; Zapateneo","isPartOf":{"@id":"https:\/\/zapateneo.net\/wordpress\/#website"},"primaryImageOfPage":{"@id":"https:\/\/zapateneo.net\/wordpress\/index.php\/producto\/una-cita-con-la-anarquia-fragmentos-de-pensamiento-libertario\/#primaryimage"},"image":{"@id":"https:\/\/zapateneo.net\/wordpress\/index.php\/producto\/una-cita-con-la-anarquia-fragmentos-de-pensamiento-libertario\/#primaryimage"},"thumbnailUrl":"https:\/\/zapateneo.net\/wordpress\/wp-content\/uploads\/2022\/10\/una-cita-con-la-anarquia.jpeg","datePublished":"2022-10-01T10:48:25+00:00","dateModified":"2023-04-12T15:11:04+00:00","breadcrumb":{"@id":"https:\/\/zapateneo.net\/wordpress\/index.php\/producto\/una-cita-con-la-anarquia-fragmentos-de-pensamiento-libertario\/#breadcrumb"},"inLanguage":"es","potentialAction":[{"@type":"ReadAction","target":["https:\/\/zapateneo.net\/wordpress\/index.php\/producto\/una-cita-con-la-anarquia-fragmentos-de-pensamiento-libertario\/"]}]},{"@type":"ImageObject","inLanguage":"es","@id":"https:\/\/zapateneo.net\/wordpress\/index.php\/producto\/una-cita-con-la-anarquia-fragmentos-de-pensamiento-libertario\/#primaryimage","url":"https:\/\/zapateneo.net\/wordpress\/wp-content\/uploads\/2022\/10\/una-cita-con-la-anarquia.jpeg","contentUrl":"https:\/\/zapateneo.net\/wordpress\/wp-content\/uploads\/2022\/10\/una-cita-con-la-anarquia.jpeg","width":333,"height":400},{"@type":"BreadcrumbList","@id":"https:\/\/zapateneo.net\/wordpress\/index.php\/producto\/una-cita-con-la-anarquia-fragmentos-de-pensamiento-libertario\/#breadcrumb","itemListElement":[{"@type":"ListItem","position":1,"name":"Portada","item":"https:\/\/zapateneo.net\/wordpress\/"},{"@type":"ListItem","position":2,"name":"Tienda","item":"https:\/\/zapateneo.net\/wordpress\/"},{"@type":"ListItem","position":3,"name":"UNA CITA CON LA ANARQU\u00cdA. FRAGMENTOS DE PENSAMIENTO LIBERTARIO"}]},{"@type":"WebSite","@id":"https:\/\/zapateneo.net\/wordpress\/#website","url":"https:\/\/zapateneo.net\/wordpress\/","name":"Zapateneo","description":"Zapateneoaren webgunea","publisher":{"@id":"https:\/\/zapateneo.net\/wordpress\/#organization"},"potentialAction":[{"@type":"SearchAction","target":{"@type":"EntryPoint","urlTemplate":"https:\/\/zapateneo.net\/wordpress\/?s={search_term_string}"},"query-input":{"@type":"PropertyValueSpecification","valueRequired":true,"valueName":"search_term_string"}}],"inLanguage":"es"},{"@type":"Organization","@id":"https:\/\/zapateneo.net\/wordpress\/#organization","name":"Zapateneo Kultur Elkartea","url":"https:\/\/zapateneo.net\/wordpress\/","logo":{"@type":"ImageObject","inLanguage":"es","@id":"https:\/\/zapateneo.net\/wordpress\/#\/schema\/logo\/image\/","url":"https:\/\/zapateneo.net\/wordpress\/wp-content\/uploads\/2021\/04\/zap-libu-kolec.jpg","contentUrl":"https:\/\/zapateneo.net\/wordpress\/wp-content\/uploads\/2021\/04\/zap-libu-kolec.jpg","width":2234,"height":398,"caption":"Zapateneo Kultur Elkartea"},"image":{"@id":"https:\/\/zapateneo.net\/wordpress\/#\/schema\/logo\/image\/"},"sameAs":["https:\/\/x.com\/zapateneo"]}]}},"_links":{"self":[{"href":"https:\/\/zapateneo.net\/wordpress\/index.php\/wp-json\/wp\/v2\/product\/12004","targetHints":{"allow":["GET"]}}],"collection":[{"href":"https:\/\/zapateneo.net\/wordpress\/index.php\/wp-json\/wp\/v2\/product"}],"about":[{"href":"https:\/\/zapateneo.net\/wordpress\/index.php\/wp-json\/wp\/v2\/types\/product"}],"wp:featuredmedia":[{"embeddable":true,"href":"https:\/\/zapateneo.net\/wordpress\/index.php\/wp-json\/wp\/v2\/media\/12012"}],"wp:attachment":[{"href":"https:\/\/zapateneo.net\/wordpress\/index.php\/wp-json\/wp\/v2\/media?parent=12004"}],"wp:term":[{"taxonomy":"product_brand","embeddable":true,"href":"https:\/\/zapateneo.net\/wordpress\/index.php\/wp-json\/wp\/v2\/product_brand?post=12004"},{"taxonomy":"product_cat","embeddable":true,"href":"https:\/\/zapateneo.net\/wordpress\/index.php\/wp-json\/wp\/v2\/product_cat?post=12004"},{"taxonomy":"product_tag","embeddable":true,"href":"https:\/\/zapateneo.net\/wordpress\/index.php\/wp-json\/wp\/v2\/product_tag?post=12004"}],"curies":[{"name":"wp","href":"https:\/\/api.w.org\/{rel}","templated":true}]}}