{"id":12003,"date":"2022-10-01T11:48:25","date_gmt":"2022-10-01T10:48:25","guid":{"rendered":"https:\/\/zapateneo.net\/wordpress\/?post_type=product&#038;p=12003"},"modified":"2023-04-12T16:10:42","modified_gmt":"2023-04-12T15:10:42","slug":"un-lugar-llamado-solidaridad-el-legado-de-kropotkin","status":"publish","type":"product","link":"https:\/\/zapateneo.net\/wordpress\/index.php\/producto\/un-lugar-llamado-solidaridad-el-legado-de-kropotkin\/","title":{"rendered":"Un lugar llamado solidaridad. El legado de Kropotkin"},"content":{"rendered":"<p>\u201cUn lugar llamado solidaridad. El legado de Kropotkin\u201d es el decimoquinto t\u00edtulo de nuestra colecci\u00f3n central. En el a\u00f1o 2021 se cumplieron cien a\u00f1os del fallecimiento del sabio ruso Piotr Kropotkin. Con el objetivo de dar a conocer el valioso legado de este pensador anarquista, diversos colectivos organizaron distintas iniciativas, como las jornadas que han servido para dar vida a este libro. Gracias a la colaboraci\u00f3n del CSA La Xusticia, del Grupo Anarquista Higinio Carrocera y de la CNT de La Felguera, tomaron forma diversas conferencias cuyo valor podr\u00e1n apreciar los lectores y lectoras en las p\u00e1ginas que forman este trabajo. Aqu\u00ed encontraremos textos de reconocidos investigadores y\/o activistas, como Jes\u00fas Aller Manrique, Yanira Hermida Mart\u00edn, Noelia Bueno G\u00f3mez, Benjam\u00edn Rivaya Garc\u00eda, Anastasio Ovejero Bernal, Aitor Hevia Carrillo, Sara Cuellas Mart\u00edn y H\u00e9ctor C. Garc\u00eda. En ellos se abordar\u00e1n diferentes facetas de Kropotkin como cient\u00edfico y como pensador, pero, sobre todo, se analizar\u00e1 la actualidad de sus ideas y la potencialidad de sus propuestas:<\/p>\n<p>Los medios de comunicaci\u00f3n, las instituciones educativas y la industria de la cultura y el entretenimiento han conseguido que todo el mundo considere una verdad indiscutible que el ser humano es malo por naturaleza. Y, sin embargo, parece que la gente disfruta cooperando. \u00bfNo resulta parad\u00f3jico que seamos seres sociales y, sin embargo, nuestra esencia sea el mal? El debate sobre la naturaleza humana no es nada nuevo, pero cada \u00e9poca aporta importantes matices a este complejo asunto. En el siglo XIX, por ejemplo, los descubrimientos de Darwin sirvieron a muchos pensadores para impulsar teor\u00edas que legitimaban la enorme desigualdad del capitalismo industrial. Frente a esta postura, que hemos simplificado enormemente, surge la figura colosal de Kropotkin. Como pensador, puso en jaque las teor\u00edas que se\u00f1alaban la esencia competitiva del ser humano. No obstante, su legado no se circunscribe a esta fundamental aportaci\u00f3n, pues destac\u00f3 como ge\u00f3grafo, como historiador, como antrop\u00f3logo y, c\u00f3mo no, tambi\u00e9n como revolucionario que prob\u00f3 la dureza de las prisiones de su \u00e9poca. Un lugar llamado solidaridad. El legado de Kropotkin es un conjunto de estudios que nos acerca a la figura del te\u00f3rico ruso desde diferentes campos del conocimiento. Las distintas aportaciones que componen el presente volumen nos muestran el valor de la herencia de Kropotkin para fortalecer aquellas luchas de nuestro presente (y tambi\u00e9n del futuro) empe\u00f1adas en mandar al basurero de la historia un sistema de dominaci\u00f3n que se alimenta de nuestras vidas (y del planeta).<\/p>\n","protected":false},"excerpt":{"rendered":"<p><strong>Aitor Hevia Carrillo y Carlos Jos\u00e9 Tej\u00f3n Guti\u00e9rrez (Coord.)<\/strong><br \/>\n202209270002 &#8211; LA NEUROSIS O LAS BARRICADAS EDITORIAL &#8211; 2022 &#8211; 192 p\u00e1ginas \/orri.<\/p>\n","protected":false},"featured_media":12011,"template":"","meta":[],"product_brand":[],"product_cat":[1868,16],"product_tag":[6104,6105,714],"class_list":{"0":"post-12003","1":"product","2":"type-product","3":"status-publish","4":"has-post-thumbnail","6":"product_cat-anarkismoa-anarquismo","7":"product_cat-libros","8":"product_tag-aitor-hevia-carrillo","9":"product_tag-carlos-jose-tejon-gutierrez","10":"product_tag-la-neurosis-o-las-barricadas","12":"first","13":"instock","14":"sold-individually","15":"shipping-taxable","16":"purchasable","17":"product-type-simple"},"yoast_head":"<!-- This site is optimized with the Yoast SEO plugin v27.3 - https:\/\/yoast.com\/product\/yoast-seo-wordpress\/ -->\n<title>Un lugar llamado solidaridad. El legado de Kropotkin &#8212; Zapateneo<\/title>\n<meta name=\"robots\" content=\"index, follow, max-snippet:-1, max-image-preview:large, max-video-preview:-1\" \/>\n<link rel=\"canonical\" href=\"https:\/\/zapateneo.net\/wordpress\/index.php\/producto\/un-lugar-llamado-solidaridad-el-legado-de-kropotkin\/\" \/>\n<meta property=\"og:locale\" content=\"es_ES\" \/>\n<meta property=\"og:type\" content=\"article\" \/>\n<meta property=\"og:title\" content=\"Un lugar llamado solidaridad. El legado de Kropotkin &#8212; Zapateneo\" \/>\n<meta property=\"og:description\" content=\"Aitor Hevia Carrillo y Carlos Jos\u00e9 Tej\u00f3n Guti\u00e9rrez (Coord.) 202209270002 - LA NEUROSIS O LAS BARRICADAS EDITORIAL - 2022 - 192 p\u00e1ginas \/orri.\" \/>\n<meta property=\"og:url\" content=\"https:\/\/zapateneo.net\/wordpress\/index.php\/producto\/un-lugar-llamado-solidaridad-el-legado-de-kropotkin\/\" \/>\n<meta property=\"og:site_name\" content=\"Zapateneo\" \/>\n<meta property=\"article:modified_time\" content=\"2023-04-12T15:10:42+00:00\" \/>\n<meta property=\"og:image\" content=\"https:\/\/zapateneo.net\/wordpress\/wp-content\/uploads\/2022\/10\/un_lugar.jpeg\" \/>\n\t<meta property=\"og:image:width\" content=\"313\" \/>\n\t<meta property=\"og:image:height\" content=\"400\" \/>\n\t<meta property=\"og:image:type\" content=\"image\/jpeg\" \/>\n<meta name=\"twitter:card\" content=\"summary_large_image\" \/>\n<meta name=\"twitter:site\" content=\"@zapateneo\" \/>\n<meta name=\"twitter:label1\" content=\"Tiempo de lectura\" \/>\n\t<meta name=\"twitter:data1\" content=\"2 minutos\" \/>\n<script type=\"application\/ld+json\" class=\"yoast-schema-graph\">{\"@context\":\"https:\\\/\\\/schema.org\",\"@graph\":[{\"@type\":\"WebPage\",\"@id\":\"https:\\\/\\\/zapateneo.net\\\/wordpress\\\/index.php\\\/producto\\\/un-lugar-llamado-solidaridad-el-legado-de-kropotkin\\\/\",\"url\":\"https:\\\/\\\/zapateneo.net\\\/wordpress\\\/index.php\\\/producto\\\/un-lugar-llamado-solidaridad-el-legado-de-kropotkin\\\/\",\"name\":\"Un lugar llamado solidaridad. El legado de Kropotkin &#8212; Zapateneo\",\"isPartOf\":{\"@id\":\"https:\\\/\\\/zapateneo.net\\\/wordpress\\\/#website\"},\"primaryImageOfPage\":{\"@id\":\"https:\\\/\\\/zapateneo.net\\\/wordpress\\\/index.php\\\/producto\\\/un-lugar-llamado-solidaridad-el-legado-de-kropotkin\\\/#primaryimage\"},\"image\":{\"@id\":\"https:\\\/\\\/zapateneo.net\\\/wordpress\\\/index.php\\\/producto\\\/un-lugar-llamado-solidaridad-el-legado-de-kropotkin\\\/#primaryimage\"},\"thumbnailUrl\":\"https:\\\/\\\/zapateneo.net\\\/wordpress\\\/wp-content\\\/uploads\\\/2022\\\/10\\\/un_lugar.jpeg\",\"datePublished\":\"2022-10-01T10:48:25+00:00\",\"dateModified\":\"2023-04-12T15:10:42+00:00\",\"breadcrumb\":{\"@id\":\"https:\\\/\\\/zapateneo.net\\\/wordpress\\\/index.php\\\/producto\\\/un-lugar-llamado-solidaridad-el-legado-de-kropotkin\\\/#breadcrumb\"},\"inLanguage\":\"es\",\"potentialAction\":[{\"@type\":\"ReadAction\",\"target\":[\"https:\\\/\\\/zapateneo.net\\\/wordpress\\\/index.php\\\/producto\\\/un-lugar-llamado-solidaridad-el-legado-de-kropotkin\\\/\"]}]},{\"@type\":\"ImageObject\",\"inLanguage\":\"es\",\"@id\":\"https:\\\/\\\/zapateneo.net\\\/wordpress\\\/index.php\\\/producto\\\/un-lugar-llamado-solidaridad-el-legado-de-kropotkin\\\/#primaryimage\",\"url\":\"https:\\\/\\\/zapateneo.net\\\/wordpress\\\/wp-content\\\/uploads\\\/2022\\\/10\\\/un_lugar.jpeg\",\"contentUrl\":\"https:\\\/\\\/zapateneo.net\\\/wordpress\\\/wp-content\\\/uploads\\\/2022\\\/10\\\/un_lugar.jpeg\",\"width\":313,\"height\":400},{\"@type\":\"BreadcrumbList\",\"@id\":\"https:\\\/\\\/zapateneo.net\\\/wordpress\\\/index.php\\\/producto\\\/un-lugar-llamado-solidaridad-el-legado-de-kropotkin\\\/#breadcrumb\",\"itemListElement\":[{\"@type\":\"ListItem\",\"position\":1,\"name\":\"Portada\",\"item\":\"https:\\\/\\\/zapateneo.net\\\/wordpress\\\/\"},{\"@type\":\"ListItem\",\"position\":2,\"name\":\"Tienda\",\"item\":\"https:\\\/\\\/zapateneo.net\\\/wordpress\\\/\"},{\"@type\":\"ListItem\",\"position\":3,\"name\":\"Un lugar llamado solidaridad. El legado de Kropotkin\"}]},{\"@type\":\"WebSite\",\"@id\":\"https:\\\/\\\/zapateneo.net\\\/wordpress\\\/#website\",\"url\":\"https:\\\/\\\/zapateneo.net\\\/wordpress\\\/\",\"name\":\"Zapateneo\",\"description\":\"Zapateneoaren webgunea\",\"publisher\":{\"@id\":\"https:\\\/\\\/zapateneo.net\\\/wordpress\\\/#organization\"},\"potentialAction\":[{\"@type\":\"SearchAction\",\"target\":{\"@type\":\"EntryPoint\",\"urlTemplate\":\"https:\\\/\\\/zapateneo.net\\\/wordpress\\\/?s={search_term_string}\"},\"query-input\":{\"@type\":\"PropertyValueSpecification\",\"valueRequired\":true,\"valueName\":\"search_term_string\"}}],\"inLanguage\":\"es\"},{\"@type\":\"Organization\",\"@id\":\"https:\\\/\\\/zapateneo.net\\\/wordpress\\\/#organization\",\"name\":\"Zapateneo Kultur Elkartea\",\"url\":\"https:\\\/\\\/zapateneo.net\\\/wordpress\\\/\",\"logo\":{\"@type\":\"ImageObject\",\"inLanguage\":\"es\",\"@id\":\"https:\\\/\\\/zapateneo.net\\\/wordpress\\\/#\\\/schema\\\/logo\\\/image\\\/\",\"url\":\"https:\\\/\\\/zapateneo.net\\\/wordpress\\\/wp-content\\\/uploads\\\/2021\\\/04\\\/zap-libu-kolec.jpg\",\"contentUrl\":\"https:\\\/\\\/zapateneo.net\\\/wordpress\\\/wp-content\\\/uploads\\\/2021\\\/04\\\/zap-libu-kolec.jpg\",\"width\":2234,\"height\":398,\"caption\":\"Zapateneo Kultur Elkartea\"},\"image\":{\"@id\":\"https:\\\/\\\/zapateneo.net\\\/wordpress\\\/#\\\/schema\\\/logo\\\/image\\\/\"},\"sameAs\":[\"https:\\\/\\\/x.com\\\/zapateneo\"]}]}<\/script>\n<!-- \/ Yoast SEO plugin. -->","yoast_head_json":{"title":"Un lugar llamado solidaridad. El legado de Kropotkin &#8212; Zapateneo","robots":{"index":"index","follow":"follow","max-snippet":"max-snippet:-1","max-image-preview":"max-image-preview:large","max-video-preview":"max-video-preview:-1"},"canonical":"https:\/\/zapateneo.net\/wordpress\/index.php\/producto\/un-lugar-llamado-solidaridad-el-legado-de-kropotkin\/","og_locale":"es_ES","og_type":"article","og_title":"Un lugar llamado solidaridad. El legado de Kropotkin &#8212; Zapateneo","og_description":"Aitor Hevia Carrillo y Carlos Jos\u00e9 Tej\u00f3n Guti\u00e9rrez (Coord.) 202209270002 - LA NEUROSIS O LAS BARRICADAS EDITORIAL - 2022 - 192 p\u00e1ginas \/orri.","og_url":"https:\/\/zapateneo.net\/wordpress\/index.php\/producto\/un-lugar-llamado-solidaridad-el-legado-de-kropotkin\/","og_site_name":"Zapateneo","article_modified_time":"2023-04-12T15:10:42+00:00","og_image":[{"width":313,"height":400,"url":"https:\/\/zapateneo.net\/wordpress\/wp-content\/uploads\/2022\/10\/un_lugar.jpeg","type":"image\/jpeg"}],"twitter_card":"summary_large_image","twitter_site":"@zapateneo","twitter_misc":{"Tiempo de lectura":"2 minutos"},"schema":{"@context":"https:\/\/schema.org","@graph":[{"@type":"WebPage","@id":"https:\/\/zapateneo.net\/wordpress\/index.php\/producto\/un-lugar-llamado-solidaridad-el-legado-de-kropotkin\/","url":"https:\/\/zapateneo.net\/wordpress\/index.php\/producto\/un-lugar-llamado-solidaridad-el-legado-de-kropotkin\/","name":"Un lugar llamado solidaridad. El legado de Kropotkin &#8212; Zapateneo","isPartOf":{"@id":"https:\/\/zapateneo.net\/wordpress\/#website"},"primaryImageOfPage":{"@id":"https:\/\/zapateneo.net\/wordpress\/index.php\/producto\/un-lugar-llamado-solidaridad-el-legado-de-kropotkin\/#primaryimage"},"image":{"@id":"https:\/\/zapateneo.net\/wordpress\/index.php\/producto\/un-lugar-llamado-solidaridad-el-legado-de-kropotkin\/#primaryimage"},"thumbnailUrl":"https:\/\/zapateneo.net\/wordpress\/wp-content\/uploads\/2022\/10\/un_lugar.jpeg","datePublished":"2022-10-01T10:48:25+00:00","dateModified":"2023-04-12T15:10:42+00:00","breadcrumb":{"@id":"https:\/\/zapateneo.net\/wordpress\/index.php\/producto\/un-lugar-llamado-solidaridad-el-legado-de-kropotkin\/#breadcrumb"},"inLanguage":"es","potentialAction":[{"@type":"ReadAction","target":["https:\/\/zapateneo.net\/wordpress\/index.php\/producto\/un-lugar-llamado-solidaridad-el-legado-de-kropotkin\/"]}]},{"@type":"ImageObject","inLanguage":"es","@id":"https:\/\/zapateneo.net\/wordpress\/index.php\/producto\/un-lugar-llamado-solidaridad-el-legado-de-kropotkin\/#primaryimage","url":"https:\/\/zapateneo.net\/wordpress\/wp-content\/uploads\/2022\/10\/un_lugar.jpeg","contentUrl":"https:\/\/zapateneo.net\/wordpress\/wp-content\/uploads\/2022\/10\/un_lugar.jpeg","width":313,"height":400},{"@type":"BreadcrumbList","@id":"https:\/\/zapateneo.net\/wordpress\/index.php\/producto\/un-lugar-llamado-solidaridad-el-legado-de-kropotkin\/#breadcrumb","itemListElement":[{"@type":"ListItem","position":1,"name":"Portada","item":"https:\/\/zapateneo.net\/wordpress\/"},{"@type":"ListItem","position":2,"name":"Tienda","item":"https:\/\/zapateneo.net\/wordpress\/"},{"@type":"ListItem","position":3,"name":"Un lugar llamado solidaridad. El legado de Kropotkin"}]},{"@type":"WebSite","@id":"https:\/\/zapateneo.net\/wordpress\/#website","url":"https:\/\/zapateneo.net\/wordpress\/","name":"Zapateneo","description":"Zapateneoaren webgunea","publisher":{"@id":"https:\/\/zapateneo.net\/wordpress\/#organization"},"potentialAction":[{"@type":"SearchAction","target":{"@type":"EntryPoint","urlTemplate":"https:\/\/zapateneo.net\/wordpress\/?s={search_term_string}"},"query-input":{"@type":"PropertyValueSpecification","valueRequired":true,"valueName":"search_term_string"}}],"inLanguage":"es"},{"@type":"Organization","@id":"https:\/\/zapateneo.net\/wordpress\/#organization","name":"Zapateneo Kultur Elkartea","url":"https:\/\/zapateneo.net\/wordpress\/","logo":{"@type":"ImageObject","inLanguage":"es","@id":"https:\/\/zapateneo.net\/wordpress\/#\/schema\/logo\/image\/","url":"https:\/\/zapateneo.net\/wordpress\/wp-content\/uploads\/2021\/04\/zap-libu-kolec.jpg","contentUrl":"https:\/\/zapateneo.net\/wordpress\/wp-content\/uploads\/2021\/04\/zap-libu-kolec.jpg","width":2234,"height":398,"caption":"Zapateneo Kultur Elkartea"},"image":{"@id":"https:\/\/zapateneo.net\/wordpress\/#\/schema\/logo\/image\/"},"sameAs":["https:\/\/x.com\/zapateneo"]}]}},"_links":{"self":[{"href":"https:\/\/zapateneo.net\/wordpress\/index.php\/wp-json\/wp\/v2\/product\/12003","targetHints":{"allow":["GET"]}}],"collection":[{"href":"https:\/\/zapateneo.net\/wordpress\/index.php\/wp-json\/wp\/v2\/product"}],"about":[{"href":"https:\/\/zapateneo.net\/wordpress\/index.php\/wp-json\/wp\/v2\/types\/product"}],"wp:featuredmedia":[{"embeddable":true,"href":"https:\/\/zapateneo.net\/wordpress\/index.php\/wp-json\/wp\/v2\/media\/12011"}],"wp:attachment":[{"href":"https:\/\/zapateneo.net\/wordpress\/index.php\/wp-json\/wp\/v2\/media?parent=12003"}],"wp:term":[{"taxonomy":"product_brand","embeddable":true,"href":"https:\/\/zapateneo.net\/wordpress\/index.php\/wp-json\/wp\/v2\/product_brand?post=12003"},{"taxonomy":"product_cat","embeddable":true,"href":"https:\/\/zapateneo.net\/wordpress\/index.php\/wp-json\/wp\/v2\/product_cat?post=12003"},{"taxonomy":"product_tag","embeddable":true,"href":"https:\/\/zapateneo.net\/wordpress\/index.php\/wp-json\/wp\/v2\/product_tag?post=12003"}],"curies":[{"name":"wp","href":"https:\/\/api.w.org\/{rel}","templated":true}]}}