{"id":1189,"date":"2021-04-07T07:47:59","date_gmt":"2021-04-07T06:47:59","guid":{"rendered":"https:\/\/zapateneo.net\/wordpress\/?post_type=product&#038;p=1189"},"modified":"2021-04-07T07:48:41","modified_gmt":"2021-04-07T06:48:41","slug":"innovacion-en-la-cultura","status":"publish","type":"product","link":"https:\/\/zapateneo.net\/wordpress\/index.php\/producto\/innovacion-en-la-cultura\/","title":{"rendered":"Innovaci\u00f3n en la cultura"},"content":{"rendered":"<p><span><\/p>\n<p>&nbsp;<\/p>\n<p><span><\/p>\n<p>&nbsp;<\/p>\n<p>de YProductions<\/p>\n<p>Colecci&oacute;n:&Uacute;tiles 6<br \/>El concepto de innovaci&oacute;n ha traspasado todas las fronteras disciplinares para ser la br&uacute;jula del nuevo capitalismo del conocimiento. Nacido en su acepci&oacute;n moderna de las entra&ntilde;as de la producci&oacute;n industrial<br \/>\n con el fin de entender y promover nuevos ciclos econ&oacute;micos (Schumpeter), es ahora requerido como el principio y fin de todo &aacute;mbito social que se quiera competitivo. En este triunfo, reside sin duda la proclamaci&oacute;n de la innovaci&oacute;n como la clave del &eacute;xito en una econom&iacute;a globalizada. Este libro descompone, con precisi&oacute;n m&eacute;dica, la \u00abtraducci&oacute;n a la cultura\u00bb de este t&eacute;rmino econ&oacute;mico. La historia de las vanguardias, la teor&iacute;a econ&oacute;mica, nociones como arte, creatividad o cooperaci&oacute;n, las pol&iacute;ticas culturales (siempre destinadas a producir crecimiento econ&oacute;mico \u00abpor medios culturales\u00bb) y mucho m&aacute;s se dan cita en esta investigaci&oacute;n que apunta sobre uno de los principales debates acerca del futuro tanto de las formas capitalistas, como de lo que propiamente llamamos cultura. El prop&oacute;sito &uacute;ltimo es comparar los distintos m&eacute;todos de \u00abponer a producir\u00bb la cultura, con el fin de optar por aqu&eacute;l que, sin olvidar los viejos valores asociados a la misma, permita emancipar la innovaci&oacute;n de las formas de apropiaci&oacute;n a las que ahora se ve sometida.<\/p>\n<p>YProductions<\/p>\n<p>, es una productora cultural que realiza labores de producci&oacute;n, investigaci&oacute;n y formaci&oacute;n desde el a&ntilde;o 2003. A partir del presupuesto de que la cultura es un espacio de producci&oacute;n de conocimiento, YP se presenta como una plataforma que investiga sobre cultura desde el propio trabajo cultural. Las lineas del trabajo desarrolladas hasta ahora comprenden: la econom&iacute;a pol&iacute;tica de la cultura, el trabajo en las industrias creativas, la investigaci&oacute;n, la cr&iacute;tica cultural y las pol&iacute;ticas p&uacute;blicas dirigidas sobre estos &aacute;mbitos.<br \/>N&uacute;mero de p&aacute;ginas: 222<\/p>\n<p>P.V.P: 14 &euro;<\/p>\n<p><a title=\"Descargar PDF de Innovaci&oacute;n en la cultura. Una aproximaci&oacute;n cr&iacute;tica a la genealog&iacute;a y usos del concepto.\" href=\"http:\/\/www.traficantes.net\/index.php\/trafis\/content\/download\/23131\/224334\/file\/innovacion%20en%20cultura-paraweb.pdf\">Descargar PDF <\/a><\/p>\n<p>&nbsp;<\/p>\n<p>&nbsp;<\/p>\n<p><\/span><\/p>\n<p>&nbsp;<\/p>\n<p><\/span><\/p>\n","protected":false},"excerpt":{"rendered":"<p><strong>vvaa<\/strong><br \/>\n9788496453425 &#8211; traficantes de sue\u00f1os &#8211;  &#8211; 222 p\u00e1ginas \/orri.<\/p>\n","protected":false},"featured_media":1238,"template":"","meta":[],"product_brand":[],"product_cat":[16,173],"product_tag":[72],"class_list":{"0":"post-1189","1":"product","2":"type-product","3":"status-publish","4":"has-post-thumbnail","6":"product_cat-libros","7":"product_cat-saiakera-ensayo","8":"product_tag-traficantes-de-suenos","10":"first","11":"instock","12":"sold-individually","13":"shipping-taxable","14":"purchasable","15":"product-type-simple"},"yoast_head":"<!-- This site is optimized with the Yoast SEO plugin v27.3 - https:\/\/yoast.com\/product\/yoast-seo-wordpress\/ -->\n<title>Innovaci\u00f3n en la cultura &#8212; Zapateneo<\/title>\n<meta name=\"robots\" content=\"index, follow, max-snippet:-1, max-image-preview:large, max-video-preview:-1\" \/>\n<link rel=\"canonical\" href=\"https:\/\/zapateneo.net\/wordpress\/index.php\/producto\/innovacion-en-la-cultura\/\" \/>\n<meta property=\"og:locale\" content=\"es_ES\" \/>\n<meta property=\"og:type\" content=\"article\" \/>\n<meta property=\"og:title\" content=\"Innovaci\u00f3n en la cultura &#8212; Zapateneo\" \/>\n<meta property=\"og:description\" content=\"vvaa 9788496453425 - traficantes de sue\u00f1os - - 222 p\u00e1ginas \/orri.\" \/>\n<meta property=\"og:url\" content=\"https:\/\/zapateneo.net\/wordpress\/index.php\/producto\/innovacion-en-la-cultura\/\" \/>\n<meta property=\"og:site_name\" content=\"Zapateneo\" \/>\n<meta property=\"article:modified_time\" content=\"2021-04-07T06:48:41+00:00\" \/>\n<meta property=\"og:image\" content=\"https:\/\/zapateneo.net\/wordpress\/wp-content\/uploads\/2021\/04\/6551.jpg\" \/>\n\t<meta property=\"og:image:width\" content=\"192\" \/>\n\t<meta property=\"og:image:height\" content=\"340\" \/>\n\t<meta property=\"og:image:type\" content=\"image\/jpeg\" \/>\n<meta name=\"twitter:card\" content=\"summary_large_image\" \/>\n<meta name=\"twitter:site\" content=\"@zapateneo\" \/>\n<meta name=\"twitter:label1\" content=\"Tiempo de lectura\" \/>\n\t<meta name=\"twitter:data1\" content=\"2 minutos\" \/>\n<script type=\"application\/ld+json\" class=\"yoast-schema-graph\">{\"@context\":\"https:\\\/\\\/schema.org\",\"@graph\":[{\"@type\":\"WebPage\",\"@id\":\"https:\\\/\\\/zapateneo.net\\\/wordpress\\\/index.php\\\/producto\\\/innovacion-en-la-cultura\\\/\",\"url\":\"https:\\\/\\\/zapateneo.net\\\/wordpress\\\/index.php\\\/producto\\\/innovacion-en-la-cultura\\\/\",\"name\":\"Innovaci\u00f3n en la cultura &#8212; Zapateneo\",\"isPartOf\":{\"@id\":\"https:\\\/\\\/zapateneo.net\\\/wordpress\\\/#website\"},\"primaryImageOfPage\":{\"@id\":\"https:\\\/\\\/zapateneo.net\\\/wordpress\\\/index.php\\\/producto\\\/innovacion-en-la-cultura\\\/#primaryimage\"},\"image\":{\"@id\":\"https:\\\/\\\/zapateneo.net\\\/wordpress\\\/index.php\\\/producto\\\/innovacion-en-la-cultura\\\/#primaryimage\"},\"thumbnailUrl\":\"https:\\\/\\\/zapateneo.net\\\/wordpress\\\/wp-content\\\/uploads\\\/2021\\\/04\\\/6551.jpg\",\"datePublished\":\"2021-04-07T06:47:59+00:00\",\"dateModified\":\"2021-04-07T06:48:41+00:00\",\"breadcrumb\":{\"@id\":\"https:\\\/\\\/zapateneo.net\\\/wordpress\\\/index.php\\\/producto\\\/innovacion-en-la-cultura\\\/#breadcrumb\"},\"inLanguage\":\"es\",\"potentialAction\":[{\"@type\":\"ReadAction\",\"target\":[\"https:\\\/\\\/zapateneo.net\\\/wordpress\\\/index.php\\\/producto\\\/innovacion-en-la-cultura\\\/\"]}]},{\"@type\":\"ImageObject\",\"inLanguage\":\"es\",\"@id\":\"https:\\\/\\\/zapateneo.net\\\/wordpress\\\/index.php\\\/producto\\\/innovacion-en-la-cultura\\\/#primaryimage\",\"url\":\"https:\\\/\\\/zapateneo.net\\\/wordpress\\\/wp-content\\\/uploads\\\/2021\\\/04\\\/6551.jpg\",\"contentUrl\":\"https:\\\/\\\/zapateneo.net\\\/wordpress\\\/wp-content\\\/uploads\\\/2021\\\/04\\\/6551.jpg\",\"width\":192,\"height\":340},{\"@type\":\"BreadcrumbList\",\"@id\":\"https:\\\/\\\/zapateneo.net\\\/wordpress\\\/index.php\\\/producto\\\/innovacion-en-la-cultura\\\/#breadcrumb\",\"itemListElement\":[{\"@type\":\"ListItem\",\"position\":1,\"name\":\"Portada\",\"item\":\"https:\\\/\\\/zapateneo.net\\\/wordpress\\\/\"},{\"@type\":\"ListItem\",\"position\":2,\"name\":\"Tienda\",\"item\":\"https:\\\/\\\/zapateneo.net\\\/wordpress\\\/\"},{\"@type\":\"ListItem\",\"position\":3,\"name\":\"Innovaci\u00f3n en la cultura\"}]},{\"@type\":\"WebSite\",\"@id\":\"https:\\\/\\\/zapateneo.net\\\/wordpress\\\/#website\",\"url\":\"https:\\\/\\\/zapateneo.net\\\/wordpress\\\/\",\"name\":\"Zapateneo\",\"description\":\"Zapateneoaren webgunea\",\"publisher\":{\"@id\":\"https:\\\/\\\/zapateneo.net\\\/wordpress\\\/#organization\"},\"potentialAction\":[{\"@type\":\"SearchAction\",\"target\":{\"@type\":\"EntryPoint\",\"urlTemplate\":\"https:\\\/\\\/zapateneo.net\\\/wordpress\\\/?s={search_term_string}\"},\"query-input\":{\"@type\":\"PropertyValueSpecification\",\"valueRequired\":true,\"valueName\":\"search_term_string\"}}],\"inLanguage\":\"es\"},{\"@type\":\"Organization\",\"@id\":\"https:\\\/\\\/zapateneo.net\\\/wordpress\\\/#organization\",\"name\":\"Zapateneo Kultur Elkartea\",\"url\":\"https:\\\/\\\/zapateneo.net\\\/wordpress\\\/\",\"logo\":{\"@type\":\"ImageObject\",\"inLanguage\":\"es\",\"@id\":\"https:\\\/\\\/zapateneo.net\\\/wordpress\\\/#\\\/schema\\\/logo\\\/image\\\/\",\"url\":\"https:\\\/\\\/zapateneo.net\\\/wordpress\\\/wp-content\\\/uploads\\\/2021\\\/04\\\/zap-libu-kolec.jpg\",\"contentUrl\":\"https:\\\/\\\/zapateneo.net\\\/wordpress\\\/wp-content\\\/uploads\\\/2021\\\/04\\\/zap-libu-kolec.jpg\",\"width\":2234,\"height\":398,\"caption\":\"Zapateneo Kultur Elkartea\"},\"image\":{\"@id\":\"https:\\\/\\\/zapateneo.net\\\/wordpress\\\/#\\\/schema\\\/logo\\\/image\\\/\"},\"sameAs\":[\"https:\\\/\\\/x.com\\\/zapateneo\"]}]}<\/script>\n<!-- \/ Yoast SEO plugin. -->","yoast_head_json":{"title":"Innovaci\u00f3n en la cultura &#8212; Zapateneo","robots":{"index":"index","follow":"follow","max-snippet":"max-snippet:-1","max-image-preview":"max-image-preview:large","max-video-preview":"max-video-preview:-1"},"canonical":"https:\/\/zapateneo.net\/wordpress\/index.php\/producto\/innovacion-en-la-cultura\/","og_locale":"es_ES","og_type":"article","og_title":"Innovaci\u00f3n en la cultura &#8212; Zapateneo","og_description":"vvaa 9788496453425 - traficantes de sue\u00f1os - - 222 p\u00e1ginas \/orri.","og_url":"https:\/\/zapateneo.net\/wordpress\/index.php\/producto\/innovacion-en-la-cultura\/","og_site_name":"Zapateneo","article_modified_time":"2021-04-07T06:48:41+00:00","og_image":[{"width":192,"height":340,"url":"https:\/\/zapateneo.net\/wordpress\/wp-content\/uploads\/2021\/04\/6551.jpg","type":"image\/jpeg"}],"twitter_card":"summary_large_image","twitter_site":"@zapateneo","twitter_misc":{"Tiempo de lectura":"2 minutos"},"schema":{"@context":"https:\/\/schema.org","@graph":[{"@type":"WebPage","@id":"https:\/\/zapateneo.net\/wordpress\/index.php\/producto\/innovacion-en-la-cultura\/","url":"https:\/\/zapateneo.net\/wordpress\/index.php\/producto\/innovacion-en-la-cultura\/","name":"Innovaci\u00f3n en la cultura &#8212; Zapateneo","isPartOf":{"@id":"https:\/\/zapateneo.net\/wordpress\/#website"},"primaryImageOfPage":{"@id":"https:\/\/zapateneo.net\/wordpress\/index.php\/producto\/innovacion-en-la-cultura\/#primaryimage"},"image":{"@id":"https:\/\/zapateneo.net\/wordpress\/index.php\/producto\/innovacion-en-la-cultura\/#primaryimage"},"thumbnailUrl":"https:\/\/zapateneo.net\/wordpress\/wp-content\/uploads\/2021\/04\/6551.jpg","datePublished":"2021-04-07T06:47:59+00:00","dateModified":"2021-04-07T06:48:41+00:00","breadcrumb":{"@id":"https:\/\/zapateneo.net\/wordpress\/index.php\/producto\/innovacion-en-la-cultura\/#breadcrumb"},"inLanguage":"es","potentialAction":[{"@type":"ReadAction","target":["https:\/\/zapateneo.net\/wordpress\/index.php\/producto\/innovacion-en-la-cultura\/"]}]},{"@type":"ImageObject","inLanguage":"es","@id":"https:\/\/zapateneo.net\/wordpress\/index.php\/producto\/innovacion-en-la-cultura\/#primaryimage","url":"https:\/\/zapateneo.net\/wordpress\/wp-content\/uploads\/2021\/04\/6551.jpg","contentUrl":"https:\/\/zapateneo.net\/wordpress\/wp-content\/uploads\/2021\/04\/6551.jpg","width":192,"height":340},{"@type":"BreadcrumbList","@id":"https:\/\/zapateneo.net\/wordpress\/index.php\/producto\/innovacion-en-la-cultura\/#breadcrumb","itemListElement":[{"@type":"ListItem","position":1,"name":"Portada","item":"https:\/\/zapateneo.net\/wordpress\/"},{"@type":"ListItem","position":2,"name":"Tienda","item":"https:\/\/zapateneo.net\/wordpress\/"},{"@type":"ListItem","position":3,"name":"Innovaci\u00f3n en la cultura"}]},{"@type":"WebSite","@id":"https:\/\/zapateneo.net\/wordpress\/#website","url":"https:\/\/zapateneo.net\/wordpress\/","name":"Zapateneo","description":"Zapateneoaren webgunea","publisher":{"@id":"https:\/\/zapateneo.net\/wordpress\/#organization"},"potentialAction":[{"@type":"SearchAction","target":{"@type":"EntryPoint","urlTemplate":"https:\/\/zapateneo.net\/wordpress\/?s={search_term_string}"},"query-input":{"@type":"PropertyValueSpecification","valueRequired":true,"valueName":"search_term_string"}}],"inLanguage":"es"},{"@type":"Organization","@id":"https:\/\/zapateneo.net\/wordpress\/#organization","name":"Zapateneo Kultur Elkartea","url":"https:\/\/zapateneo.net\/wordpress\/","logo":{"@type":"ImageObject","inLanguage":"es","@id":"https:\/\/zapateneo.net\/wordpress\/#\/schema\/logo\/image\/","url":"https:\/\/zapateneo.net\/wordpress\/wp-content\/uploads\/2021\/04\/zap-libu-kolec.jpg","contentUrl":"https:\/\/zapateneo.net\/wordpress\/wp-content\/uploads\/2021\/04\/zap-libu-kolec.jpg","width":2234,"height":398,"caption":"Zapateneo Kultur Elkartea"},"image":{"@id":"https:\/\/zapateneo.net\/wordpress\/#\/schema\/logo\/image\/"},"sameAs":["https:\/\/x.com\/zapateneo"]}]}},"_links":{"self":[{"href":"https:\/\/zapateneo.net\/wordpress\/index.php\/wp-json\/wp\/v2\/product\/1189","targetHints":{"allow":["GET"]}}],"collection":[{"href":"https:\/\/zapateneo.net\/wordpress\/index.php\/wp-json\/wp\/v2\/product"}],"about":[{"href":"https:\/\/zapateneo.net\/wordpress\/index.php\/wp-json\/wp\/v2\/types\/product"}],"wp:featuredmedia":[{"embeddable":true,"href":"https:\/\/zapateneo.net\/wordpress\/index.php\/wp-json\/wp\/v2\/media\/1238"}],"wp:attachment":[{"href":"https:\/\/zapateneo.net\/wordpress\/index.php\/wp-json\/wp\/v2\/media?parent=1189"}],"wp:term":[{"taxonomy":"product_brand","embeddable":true,"href":"https:\/\/zapateneo.net\/wordpress\/index.php\/wp-json\/wp\/v2\/product_brand?post=1189"},{"taxonomy":"product_cat","embeddable":true,"href":"https:\/\/zapateneo.net\/wordpress\/index.php\/wp-json\/wp\/v2\/product_cat?post=1189"},{"taxonomy":"product_tag","embeddable":true,"href":"https:\/\/zapateneo.net\/wordpress\/index.php\/wp-json\/wp\/v2\/product_tag?post=1189"}],"curies":[{"name":"wp","href":"https:\/\/api.w.org\/{rel}","templated":true}]}}