{"id":11749,"date":"2022-07-12T19:38:54","date_gmt":"2022-07-12T18:38:54","guid":{"rendered":"https:\/\/zapateneo.net\/wordpress\/?post_type=product&#038;p=11749"},"modified":"2023-04-11T19:04:59","modified_gmt":"2023-04-11T18:04:59","slug":"una-pandemia-sin-ciencia-ni-etica-covid19-fracaso-sanitario-manipulacion-politica-y-desastre-socio","status":"publish","type":"product","link":"https:\/\/zapateneo.net\/wordpress\/index.php\/producto\/una-pandemia-sin-ciencia-ni-etica-covid19-fracaso-sanitario-manipulacion-politica-y-desastre-socio\/","title":{"rendered":"UNA PANDEMIA SIN CIENCIA NI \u00c9TICA"},"content":{"rendered":"<p>Dos a\u00f1os despu\u00e9s del inicio de la pandemia, ya no hay ninguna duda sobre el fracaso de la gesti\u00f3n de la covid-19: medidas ineficaces, da\u00f1inas, autoritarias y sin justificaci\u00f3n cient\u00edfica, basadas m\u00e1s en razones pol\u00edticas que sanitarias, con maniobras represivas y medi\u00e1ticas que han producido sumisi\u00f3n e infantilizaci\u00f3n en la poblaci\u00f3n, desarticulando la sociedad, dividiendo y polarizando, potenciando el individualismo y la obediencia ciega. El mundo sale de estos dos a\u00f1os con graves secuelas, con cicatrices que muy dif\u00edcilmente desaparecer\u00e1n.<\/p>\n<p>Es necesario poner fin al discurso de un virus amenazante que nos acecha a todos en cualquier lugar, listo para llevarse la vida de miles de personas de toda edad y condici\u00f3n: esa no es la realidad, ni lo ha sido nunca. Esa percepci\u00f3n aterradora \u2014amenaza omnipresente e indiscriminada\u2014, producto de la propaganda, es el principal combustible que ha alimentado la pandemia. Es imprescindible acabar con esta sensaci\u00f3n apocal\u00edptica completamente injustificada.<\/p>\n<p>En ning\u00fan momento se ha llevado a cabo un balance de las medidas adoptadas: ni en su incidencia en la reducci\u00f3n de contagios y decesos por covid, ni sobre las consecuencias en relaci\u00f3n a otras enfermedades, la vida social, la salud psicol\u00f3gica, la educaci\u00f3n, el empleo o la econom\u00eda. La raz\u00f3n de esta falta de evaluaci\u00f3n oficial es evidente: se trata de un balance impresentable. Los gobiernos pretender\u00e1n pasar p\u00e1gina: olvidar los errores, o presentarlos como deficiencias inevitables en el contexto de la urgencia. Habr\u00e1 incluso quienes querr\u00e1n presentarlos como aciertos. En este libro queremos llevar a cabo un balance abierto de unos acontecimientos que marcaron la vida de la sociedad humana durante dos a\u00f1os, y que dejar\u00e1n una profunda huella en el futuro.<\/p>\n<p>Con la colaboraci\u00f3n de: Juan Sim\u00f3 Mi\u00f1ana, Manuela Contreras Garc\u00eda e Isabel Canales Arrasate<\/p>\n","protected":false},"excerpt":{"rendered":"<p><strong>Jos\u00e9 R. Loayssa<\/strong><br \/>\n9788412538601 &#8211; EL SALMON &#8211; 2022 &#8211; 240 p\u00e1ginas \/orri.<\/p>\n","protected":false},"featured_media":11752,"template":"","meta":[],"product_brand":[],"product_cat":[16,182],"product_tag":[443,5702],"class_list":{"0":"post-11749","1":"product","2":"type-product","3":"status-publish","4":"has-post-thumbnail","6":"product_cat-libros","7":"product_cat-osasuna-salud","8":"product_tag-ediciones-el-salmon","9":"product_tag-jose-r-loayssa","11":"first","12":"instock","13":"sold-individually","14":"shipping-taxable","15":"purchasable","16":"product-type-simple"},"yoast_head":"<!-- This site is optimized with the Yoast SEO plugin v27.3 - https:\/\/yoast.com\/product\/yoast-seo-wordpress\/ -->\n<title>UNA PANDEMIA SIN CIENCIA NI \u00c9TICA &#8212; Zapateneo<\/title>\n<meta name=\"robots\" content=\"index, follow, max-snippet:-1, max-image-preview:large, max-video-preview:-1\" \/>\n<link rel=\"canonical\" href=\"https:\/\/zapateneo.net\/wordpress\/index.php\/producto\/una-pandemia-sin-ciencia-ni-etica-covid19-fracaso-sanitario-manipulacion-politica-y-desastre-socio\/\" \/>\n<meta property=\"og:locale\" content=\"es_ES\" \/>\n<meta property=\"og:type\" content=\"article\" \/>\n<meta property=\"og:title\" content=\"UNA PANDEMIA SIN CIENCIA NI \u00c9TICA &#8212; Zapateneo\" \/>\n<meta property=\"og:description\" content=\"Jos\u00e9 R. Loayssa 9788412538601 - EL SALMON - 2022 - 240 p\u00e1ginas \/orri.\" \/>\n<meta property=\"og:url\" content=\"https:\/\/zapateneo.net\/wordpress\/index.php\/producto\/una-pandemia-sin-ciencia-ni-etica-covid19-fracaso-sanitario-manipulacion-politica-y-desastre-socio\/\" \/>\n<meta property=\"og:site_name\" content=\"Zapateneo\" \/>\n<meta property=\"article:modified_time\" content=\"2023-04-11T18:04:59+00:00\" \/>\n<meta property=\"og:image\" content=\"https:\/\/zapateneo.net\/wordpress\/wp-content\/uploads\/2022\/07\/una-pandemia-sin-ciencia-ni-etica-9788412538601.jpg\" \/>\n\t<meta property=\"og:image:width\" content=\"254\" \/>\n\t<meta property=\"og:image:height\" content=\"400\" \/>\n\t<meta property=\"og:image:type\" content=\"image\/jpeg\" \/>\n<meta name=\"twitter:card\" content=\"summary_large_image\" \/>\n<meta name=\"twitter:site\" content=\"@zapateneo\" \/>\n<meta name=\"twitter:label1\" content=\"Tiempo de lectura\" \/>\n\t<meta name=\"twitter:data1\" content=\"2 minutos\" \/>\n<script type=\"application\/ld+json\" class=\"yoast-schema-graph\">{\"@context\":\"https:\\\/\\\/schema.org\",\"@graph\":[{\"@type\":\"WebPage\",\"@id\":\"https:\\\/\\\/zapateneo.net\\\/wordpress\\\/index.php\\\/producto\\\/una-pandemia-sin-ciencia-ni-etica-covid19-fracaso-sanitario-manipulacion-politica-y-desastre-socio\\\/\",\"url\":\"https:\\\/\\\/zapateneo.net\\\/wordpress\\\/index.php\\\/producto\\\/una-pandemia-sin-ciencia-ni-etica-covid19-fracaso-sanitario-manipulacion-politica-y-desastre-socio\\\/\",\"name\":\"UNA PANDEMIA SIN CIENCIA NI \u00c9TICA &#8212; Zapateneo\",\"isPartOf\":{\"@id\":\"https:\\\/\\\/zapateneo.net\\\/wordpress\\\/#website\"},\"primaryImageOfPage\":{\"@id\":\"https:\\\/\\\/zapateneo.net\\\/wordpress\\\/index.php\\\/producto\\\/una-pandemia-sin-ciencia-ni-etica-covid19-fracaso-sanitario-manipulacion-politica-y-desastre-socio\\\/#primaryimage\"},\"image\":{\"@id\":\"https:\\\/\\\/zapateneo.net\\\/wordpress\\\/index.php\\\/producto\\\/una-pandemia-sin-ciencia-ni-etica-covid19-fracaso-sanitario-manipulacion-politica-y-desastre-socio\\\/#primaryimage\"},\"thumbnailUrl\":\"https:\\\/\\\/zapateneo.net\\\/wordpress\\\/wp-content\\\/uploads\\\/2022\\\/07\\\/una-pandemia-sin-ciencia-ni-etica-9788412538601.jpg\",\"datePublished\":\"2022-07-12T18:38:54+00:00\",\"dateModified\":\"2023-04-11T18:04:59+00:00\",\"breadcrumb\":{\"@id\":\"https:\\\/\\\/zapateneo.net\\\/wordpress\\\/index.php\\\/producto\\\/una-pandemia-sin-ciencia-ni-etica-covid19-fracaso-sanitario-manipulacion-politica-y-desastre-socio\\\/#breadcrumb\"},\"inLanguage\":\"es\",\"potentialAction\":[{\"@type\":\"ReadAction\",\"target\":[\"https:\\\/\\\/zapateneo.net\\\/wordpress\\\/index.php\\\/producto\\\/una-pandemia-sin-ciencia-ni-etica-covid19-fracaso-sanitario-manipulacion-politica-y-desastre-socio\\\/\"]}]},{\"@type\":\"ImageObject\",\"inLanguage\":\"es\",\"@id\":\"https:\\\/\\\/zapateneo.net\\\/wordpress\\\/index.php\\\/producto\\\/una-pandemia-sin-ciencia-ni-etica-covid19-fracaso-sanitario-manipulacion-politica-y-desastre-socio\\\/#primaryimage\",\"url\":\"https:\\\/\\\/zapateneo.net\\\/wordpress\\\/wp-content\\\/uploads\\\/2022\\\/07\\\/una-pandemia-sin-ciencia-ni-etica-9788412538601.jpg\",\"contentUrl\":\"https:\\\/\\\/zapateneo.net\\\/wordpress\\\/wp-content\\\/uploads\\\/2022\\\/07\\\/una-pandemia-sin-ciencia-ni-etica-9788412538601.jpg\",\"width\":254,\"height\":400},{\"@type\":\"BreadcrumbList\",\"@id\":\"https:\\\/\\\/zapateneo.net\\\/wordpress\\\/index.php\\\/producto\\\/una-pandemia-sin-ciencia-ni-etica-covid19-fracaso-sanitario-manipulacion-politica-y-desastre-socio\\\/#breadcrumb\",\"itemListElement\":[{\"@type\":\"ListItem\",\"position\":1,\"name\":\"Portada\",\"item\":\"https:\\\/\\\/zapateneo.net\\\/wordpress\\\/\"},{\"@type\":\"ListItem\",\"position\":2,\"name\":\"Tienda\",\"item\":\"https:\\\/\\\/zapateneo.net\\\/wordpress\\\/\"},{\"@type\":\"ListItem\",\"position\":3,\"name\":\"UNA PANDEMIA SIN CIENCIA NI \u00c9TICA\"}]},{\"@type\":\"WebSite\",\"@id\":\"https:\\\/\\\/zapateneo.net\\\/wordpress\\\/#website\",\"url\":\"https:\\\/\\\/zapateneo.net\\\/wordpress\\\/\",\"name\":\"Zapateneo\",\"description\":\"Zapateneoaren webgunea\",\"publisher\":{\"@id\":\"https:\\\/\\\/zapateneo.net\\\/wordpress\\\/#organization\"},\"potentialAction\":[{\"@type\":\"SearchAction\",\"target\":{\"@type\":\"EntryPoint\",\"urlTemplate\":\"https:\\\/\\\/zapateneo.net\\\/wordpress\\\/?s={search_term_string}\"},\"query-input\":{\"@type\":\"PropertyValueSpecification\",\"valueRequired\":true,\"valueName\":\"search_term_string\"}}],\"inLanguage\":\"es\"},{\"@type\":\"Organization\",\"@id\":\"https:\\\/\\\/zapateneo.net\\\/wordpress\\\/#organization\",\"name\":\"Zapateneo Kultur Elkartea\",\"url\":\"https:\\\/\\\/zapateneo.net\\\/wordpress\\\/\",\"logo\":{\"@type\":\"ImageObject\",\"inLanguage\":\"es\",\"@id\":\"https:\\\/\\\/zapateneo.net\\\/wordpress\\\/#\\\/schema\\\/logo\\\/image\\\/\",\"url\":\"https:\\\/\\\/zapateneo.net\\\/wordpress\\\/wp-content\\\/uploads\\\/2021\\\/04\\\/zap-libu-kolec.jpg\",\"contentUrl\":\"https:\\\/\\\/zapateneo.net\\\/wordpress\\\/wp-content\\\/uploads\\\/2021\\\/04\\\/zap-libu-kolec.jpg\",\"width\":2234,\"height\":398,\"caption\":\"Zapateneo Kultur Elkartea\"},\"image\":{\"@id\":\"https:\\\/\\\/zapateneo.net\\\/wordpress\\\/#\\\/schema\\\/logo\\\/image\\\/\"},\"sameAs\":[\"https:\\\/\\\/x.com\\\/zapateneo\"]}]}<\/script>\n<!-- \/ Yoast SEO plugin. -->","yoast_head_json":{"title":"UNA PANDEMIA SIN CIENCIA NI \u00c9TICA &#8212; Zapateneo","robots":{"index":"index","follow":"follow","max-snippet":"max-snippet:-1","max-image-preview":"max-image-preview:large","max-video-preview":"max-video-preview:-1"},"canonical":"https:\/\/zapateneo.net\/wordpress\/index.php\/producto\/una-pandemia-sin-ciencia-ni-etica-covid19-fracaso-sanitario-manipulacion-politica-y-desastre-socio\/","og_locale":"es_ES","og_type":"article","og_title":"UNA PANDEMIA SIN CIENCIA NI \u00c9TICA &#8212; Zapateneo","og_description":"Jos\u00e9 R. Loayssa 9788412538601 - EL SALMON - 2022 - 240 p\u00e1ginas \/orri.","og_url":"https:\/\/zapateneo.net\/wordpress\/index.php\/producto\/una-pandemia-sin-ciencia-ni-etica-covid19-fracaso-sanitario-manipulacion-politica-y-desastre-socio\/","og_site_name":"Zapateneo","article_modified_time":"2023-04-11T18:04:59+00:00","og_image":[{"width":254,"height":400,"url":"https:\/\/zapateneo.net\/wordpress\/wp-content\/uploads\/2022\/07\/una-pandemia-sin-ciencia-ni-etica-9788412538601.jpg","type":"image\/jpeg"}],"twitter_card":"summary_large_image","twitter_site":"@zapateneo","twitter_misc":{"Tiempo de lectura":"2 minutos"},"schema":{"@context":"https:\/\/schema.org","@graph":[{"@type":"WebPage","@id":"https:\/\/zapateneo.net\/wordpress\/index.php\/producto\/una-pandemia-sin-ciencia-ni-etica-covid19-fracaso-sanitario-manipulacion-politica-y-desastre-socio\/","url":"https:\/\/zapateneo.net\/wordpress\/index.php\/producto\/una-pandemia-sin-ciencia-ni-etica-covid19-fracaso-sanitario-manipulacion-politica-y-desastre-socio\/","name":"UNA PANDEMIA SIN CIENCIA NI \u00c9TICA &#8212; Zapateneo","isPartOf":{"@id":"https:\/\/zapateneo.net\/wordpress\/#website"},"primaryImageOfPage":{"@id":"https:\/\/zapateneo.net\/wordpress\/index.php\/producto\/una-pandemia-sin-ciencia-ni-etica-covid19-fracaso-sanitario-manipulacion-politica-y-desastre-socio\/#primaryimage"},"image":{"@id":"https:\/\/zapateneo.net\/wordpress\/index.php\/producto\/una-pandemia-sin-ciencia-ni-etica-covid19-fracaso-sanitario-manipulacion-politica-y-desastre-socio\/#primaryimage"},"thumbnailUrl":"https:\/\/zapateneo.net\/wordpress\/wp-content\/uploads\/2022\/07\/una-pandemia-sin-ciencia-ni-etica-9788412538601.jpg","datePublished":"2022-07-12T18:38:54+00:00","dateModified":"2023-04-11T18:04:59+00:00","breadcrumb":{"@id":"https:\/\/zapateneo.net\/wordpress\/index.php\/producto\/una-pandemia-sin-ciencia-ni-etica-covid19-fracaso-sanitario-manipulacion-politica-y-desastre-socio\/#breadcrumb"},"inLanguage":"es","potentialAction":[{"@type":"ReadAction","target":["https:\/\/zapateneo.net\/wordpress\/index.php\/producto\/una-pandemia-sin-ciencia-ni-etica-covid19-fracaso-sanitario-manipulacion-politica-y-desastre-socio\/"]}]},{"@type":"ImageObject","inLanguage":"es","@id":"https:\/\/zapateneo.net\/wordpress\/index.php\/producto\/una-pandemia-sin-ciencia-ni-etica-covid19-fracaso-sanitario-manipulacion-politica-y-desastre-socio\/#primaryimage","url":"https:\/\/zapateneo.net\/wordpress\/wp-content\/uploads\/2022\/07\/una-pandemia-sin-ciencia-ni-etica-9788412538601.jpg","contentUrl":"https:\/\/zapateneo.net\/wordpress\/wp-content\/uploads\/2022\/07\/una-pandemia-sin-ciencia-ni-etica-9788412538601.jpg","width":254,"height":400},{"@type":"BreadcrumbList","@id":"https:\/\/zapateneo.net\/wordpress\/index.php\/producto\/una-pandemia-sin-ciencia-ni-etica-covid19-fracaso-sanitario-manipulacion-politica-y-desastre-socio\/#breadcrumb","itemListElement":[{"@type":"ListItem","position":1,"name":"Portada","item":"https:\/\/zapateneo.net\/wordpress\/"},{"@type":"ListItem","position":2,"name":"Tienda","item":"https:\/\/zapateneo.net\/wordpress\/"},{"@type":"ListItem","position":3,"name":"UNA PANDEMIA SIN CIENCIA NI \u00c9TICA"}]},{"@type":"WebSite","@id":"https:\/\/zapateneo.net\/wordpress\/#website","url":"https:\/\/zapateneo.net\/wordpress\/","name":"Zapateneo","description":"Zapateneoaren webgunea","publisher":{"@id":"https:\/\/zapateneo.net\/wordpress\/#organization"},"potentialAction":[{"@type":"SearchAction","target":{"@type":"EntryPoint","urlTemplate":"https:\/\/zapateneo.net\/wordpress\/?s={search_term_string}"},"query-input":{"@type":"PropertyValueSpecification","valueRequired":true,"valueName":"search_term_string"}}],"inLanguage":"es"},{"@type":"Organization","@id":"https:\/\/zapateneo.net\/wordpress\/#organization","name":"Zapateneo Kultur Elkartea","url":"https:\/\/zapateneo.net\/wordpress\/","logo":{"@type":"ImageObject","inLanguage":"es","@id":"https:\/\/zapateneo.net\/wordpress\/#\/schema\/logo\/image\/","url":"https:\/\/zapateneo.net\/wordpress\/wp-content\/uploads\/2021\/04\/zap-libu-kolec.jpg","contentUrl":"https:\/\/zapateneo.net\/wordpress\/wp-content\/uploads\/2021\/04\/zap-libu-kolec.jpg","width":2234,"height":398,"caption":"Zapateneo Kultur Elkartea"},"image":{"@id":"https:\/\/zapateneo.net\/wordpress\/#\/schema\/logo\/image\/"},"sameAs":["https:\/\/x.com\/zapateneo"]}]}},"_links":{"self":[{"href":"https:\/\/zapateneo.net\/wordpress\/index.php\/wp-json\/wp\/v2\/product\/11749","targetHints":{"allow":["GET"]}}],"collection":[{"href":"https:\/\/zapateneo.net\/wordpress\/index.php\/wp-json\/wp\/v2\/product"}],"about":[{"href":"https:\/\/zapateneo.net\/wordpress\/index.php\/wp-json\/wp\/v2\/types\/product"}],"wp:featuredmedia":[{"embeddable":true,"href":"https:\/\/zapateneo.net\/wordpress\/index.php\/wp-json\/wp\/v2\/media\/11752"}],"wp:attachment":[{"href":"https:\/\/zapateneo.net\/wordpress\/index.php\/wp-json\/wp\/v2\/media?parent=11749"}],"wp:term":[{"taxonomy":"product_brand","embeddable":true,"href":"https:\/\/zapateneo.net\/wordpress\/index.php\/wp-json\/wp\/v2\/product_brand?post=11749"},{"taxonomy":"product_cat","embeddable":true,"href":"https:\/\/zapateneo.net\/wordpress\/index.php\/wp-json\/wp\/v2\/product_cat?post=11749"},{"taxonomy":"product_tag","embeddable":true,"href":"https:\/\/zapateneo.net\/wordpress\/index.php\/wp-json\/wp\/v2\/product_tag?post=11749"}],"curies":[{"name":"wp","href":"https:\/\/api.w.org\/{rel}","templated":true}]}}