{"id":11730,"date":"2022-07-10T14:59:24","date_gmt":"2022-07-10T13:59:24","guid":{"rendered":"https:\/\/zapateneo.net\/wordpress\/?post_type=product&#038;p=11730"},"modified":"2023-04-11T19:05:11","modified_gmt":"2023-04-11T18:05:11","slug":"las-ilusiones-renovables-ecologia-energia-y-poder","status":"publish","type":"product","link":"https:\/\/zapateneo.net\/wordpress\/index.php\/producto\/las-ilusiones-renovables-ecologia-energia-y-poder\/","title":{"rendered":"LAS ILUSIONES RENOVABLES Ecolog\u00eda, energ\u00eda y poder"},"content":{"rendered":"<p>Para Ivan Illich, \u00abcreer en la posibilidad de altos niveles de energ\u00eda limpia como soluci\u00f3n a todos los males\u00bb constitu\u00eda el n\u00facleo de la \u00abilusi\u00f3n fundamental\u00bb. Hoy, en tiempos de crisis energ\u00e9tica, se alimenta esta ilusi\u00f3n por las llamadas energ\u00edas renovables. Si queremos comprender el laberinto de la energ\u00eda, no podemos aislar la cuesti\u00f3n t\u00e9cnica de todos sus condicionantes pol\u00edticos y filos\u00f3ficos.<\/p>\n<p>La historia de la energ\u00eda es tambi\u00e9n la historia de la concentraci\u00f3n del poder y, en ese caso, \u00bfc\u00f3mo no ver en los modernos y tit\u00e1nicos artefactos renovables otro rostro grotesco de los avatares de esa concentraci\u00f3n? Se\u00f1alemos la paradoja: la energ\u00eda es la fuerza que impulsa el mundo industrial, y su m\u00e1s flagrante punto d\u00e9bil: sostiene la paz con la guerra, la seguridad con la fragilidad.<\/p>\n<p>Este equilibrio del desequilibrio impone una dependencia brutal del sistema t\u00e9cnico, cada vez m\u00e1s globalizado, y de los aparatos de poder, jerarquizados e incontestables. Toda idea de autonom\u00eda local e individual se pierde en beneficio de este Leviat\u00e1n industrial. Cocinar, calentarse en invierno, bombear agua, hacer un simple desplazamiento o iluminar una sala de estar pasan a ser instancia de una gran emergencia t\u00e9cnica. Estamos invadidos por los modos de vida industrial.<\/p>\n<p>Jos\u00e9 Ardillo (Madrid, 1969), ha colaborado con diversas publicaciones libertarias en Espa\u00f1a y Francia. Es autor de los ensayos Las ilusiones renovables (2007, Muturreko Burutazioak) y Ensayos sobre la libertad en un planeta fr\u00e1gil (2014, Ediciones El Salm\u00f3n). Es autor, asimismo, de las novelas El salario del gigante (2011, Pepitas de Calabaza), La repoblaci\u00f3n (Brulot, 2013) y Buenos d\u00edas S\u00edsifo (La vihuela, 2014).<\/p>\n","protected":false},"excerpt":{"rendered":"<p><strong>JOS\u00c9 ARDILLO<\/strong><br \/>\n9788412188790 &#8211; EL SALMON &#8211; 2022 &#8211; 296 p\u00e1ginas \/orri.<\/p>\n","protected":false},"featured_media":11742,"template":"","meta":[],"product_brand":[],"product_cat":[180,16],"product_tag":[443,4778],"class_list":{"0":"post-11730","1":"product","2":"type-product","3":"status-publish","4":"has-post-thumbnail","6":"product_cat-ekologia-ecologia","7":"product_cat-libros","8":"product_tag-ediciones-el-salmon","9":"product_tag-jose-ardillo","11":"first","12":"instock","13":"sold-individually","14":"shipping-taxable","15":"purchasable","16":"product-type-simple"},"yoast_head":"<!-- This site is optimized with the Yoast SEO plugin v27.3 - https:\/\/yoast.com\/product\/yoast-seo-wordpress\/ -->\n<title>LAS ILUSIONES RENOVABLES Ecolog\u00eda, energ\u00eda y poder &#8212; Zapateneo<\/title>\n<meta name=\"robots\" content=\"index, follow, max-snippet:-1, max-image-preview:large, max-video-preview:-1\" \/>\n<link rel=\"canonical\" href=\"https:\/\/zapateneo.net\/wordpress\/index.php\/producto\/las-ilusiones-renovables-ecologia-energia-y-poder\/\" \/>\n<meta property=\"og:locale\" content=\"es_ES\" \/>\n<meta property=\"og:type\" content=\"article\" \/>\n<meta property=\"og:title\" content=\"LAS ILUSIONES RENOVABLES Ecolog\u00eda, energ\u00eda y poder &#8212; Zapateneo\" \/>\n<meta property=\"og:description\" content=\"JOS\u00c9 ARDILLO 9788412188790 - EL SALMON - 2022 - 296 p\u00e1ginas \/orri.\" \/>\n<meta property=\"og:url\" content=\"https:\/\/zapateneo.net\/wordpress\/index.php\/producto\/las-ilusiones-renovables-ecologia-energia-y-poder\/\" \/>\n<meta property=\"og:site_name\" content=\"Zapateneo\" \/>\n<meta property=\"article:modified_time\" content=\"2023-04-11T18:05:11+00:00\" \/>\n<meta property=\"og:image\" content=\"https:\/\/zapateneo.net\/wordpress\/wp-content\/uploads\/2022\/07\/las-ilusiones-renovables-9788412188790.jpg\" \/>\n\t<meta property=\"og:image:width\" content=\"254\" \/>\n\t<meta property=\"og:image:height\" content=\"400\" \/>\n\t<meta property=\"og:image:type\" content=\"image\/jpeg\" \/>\n<meta name=\"twitter:card\" content=\"summary_large_image\" \/>\n<meta name=\"twitter:site\" content=\"@zapateneo\" \/>\n<meta name=\"twitter:label1\" content=\"Tiempo de lectura\" \/>\n\t<meta name=\"twitter:data1\" content=\"1 minuto\" \/>\n<script type=\"application\/ld+json\" class=\"yoast-schema-graph\">{\"@context\":\"https:\\\/\\\/schema.org\",\"@graph\":[{\"@type\":\"WebPage\",\"@id\":\"https:\\\/\\\/zapateneo.net\\\/wordpress\\\/index.php\\\/producto\\\/las-ilusiones-renovables-ecologia-energia-y-poder\\\/\",\"url\":\"https:\\\/\\\/zapateneo.net\\\/wordpress\\\/index.php\\\/producto\\\/las-ilusiones-renovables-ecologia-energia-y-poder\\\/\",\"name\":\"LAS ILUSIONES RENOVABLES Ecolog\u00eda, energ\u00eda y poder &#8212; Zapateneo\",\"isPartOf\":{\"@id\":\"https:\\\/\\\/zapateneo.net\\\/wordpress\\\/#website\"},\"primaryImageOfPage\":{\"@id\":\"https:\\\/\\\/zapateneo.net\\\/wordpress\\\/index.php\\\/producto\\\/las-ilusiones-renovables-ecologia-energia-y-poder\\\/#primaryimage\"},\"image\":{\"@id\":\"https:\\\/\\\/zapateneo.net\\\/wordpress\\\/index.php\\\/producto\\\/las-ilusiones-renovables-ecologia-energia-y-poder\\\/#primaryimage\"},\"thumbnailUrl\":\"https:\\\/\\\/zapateneo.net\\\/wordpress\\\/wp-content\\\/uploads\\\/2022\\\/07\\\/las-ilusiones-renovables-9788412188790.jpg\",\"datePublished\":\"2022-07-10T13:59:24+00:00\",\"dateModified\":\"2023-04-11T18:05:11+00:00\",\"breadcrumb\":{\"@id\":\"https:\\\/\\\/zapateneo.net\\\/wordpress\\\/index.php\\\/producto\\\/las-ilusiones-renovables-ecologia-energia-y-poder\\\/#breadcrumb\"},\"inLanguage\":\"es\",\"potentialAction\":[{\"@type\":\"ReadAction\",\"target\":[\"https:\\\/\\\/zapateneo.net\\\/wordpress\\\/index.php\\\/producto\\\/las-ilusiones-renovables-ecologia-energia-y-poder\\\/\"]}]},{\"@type\":\"ImageObject\",\"inLanguage\":\"es\",\"@id\":\"https:\\\/\\\/zapateneo.net\\\/wordpress\\\/index.php\\\/producto\\\/las-ilusiones-renovables-ecologia-energia-y-poder\\\/#primaryimage\",\"url\":\"https:\\\/\\\/zapateneo.net\\\/wordpress\\\/wp-content\\\/uploads\\\/2022\\\/07\\\/las-ilusiones-renovables-9788412188790.jpg\",\"contentUrl\":\"https:\\\/\\\/zapateneo.net\\\/wordpress\\\/wp-content\\\/uploads\\\/2022\\\/07\\\/las-ilusiones-renovables-9788412188790.jpg\",\"width\":254,\"height\":400},{\"@type\":\"BreadcrumbList\",\"@id\":\"https:\\\/\\\/zapateneo.net\\\/wordpress\\\/index.php\\\/producto\\\/las-ilusiones-renovables-ecologia-energia-y-poder\\\/#breadcrumb\",\"itemListElement\":[{\"@type\":\"ListItem\",\"position\":1,\"name\":\"Portada\",\"item\":\"https:\\\/\\\/zapateneo.net\\\/wordpress\\\/\"},{\"@type\":\"ListItem\",\"position\":2,\"name\":\"Tienda\",\"item\":\"https:\\\/\\\/zapateneo.net\\\/wordpress\\\/\"},{\"@type\":\"ListItem\",\"position\":3,\"name\":\"LAS ILUSIONES RENOVABLES Ecolog\u00eda, energ\u00eda y poder\"}]},{\"@type\":\"WebSite\",\"@id\":\"https:\\\/\\\/zapateneo.net\\\/wordpress\\\/#website\",\"url\":\"https:\\\/\\\/zapateneo.net\\\/wordpress\\\/\",\"name\":\"Zapateneo\",\"description\":\"Zapateneoaren webgunea\",\"publisher\":{\"@id\":\"https:\\\/\\\/zapateneo.net\\\/wordpress\\\/#organization\"},\"potentialAction\":[{\"@type\":\"SearchAction\",\"target\":{\"@type\":\"EntryPoint\",\"urlTemplate\":\"https:\\\/\\\/zapateneo.net\\\/wordpress\\\/?s={search_term_string}\"},\"query-input\":{\"@type\":\"PropertyValueSpecification\",\"valueRequired\":true,\"valueName\":\"search_term_string\"}}],\"inLanguage\":\"es\"},{\"@type\":\"Organization\",\"@id\":\"https:\\\/\\\/zapateneo.net\\\/wordpress\\\/#organization\",\"name\":\"Zapateneo Kultur Elkartea\",\"url\":\"https:\\\/\\\/zapateneo.net\\\/wordpress\\\/\",\"logo\":{\"@type\":\"ImageObject\",\"inLanguage\":\"es\",\"@id\":\"https:\\\/\\\/zapateneo.net\\\/wordpress\\\/#\\\/schema\\\/logo\\\/image\\\/\",\"url\":\"https:\\\/\\\/zapateneo.net\\\/wordpress\\\/wp-content\\\/uploads\\\/2021\\\/04\\\/zap-libu-kolec.jpg\",\"contentUrl\":\"https:\\\/\\\/zapateneo.net\\\/wordpress\\\/wp-content\\\/uploads\\\/2021\\\/04\\\/zap-libu-kolec.jpg\",\"width\":2234,\"height\":398,\"caption\":\"Zapateneo Kultur Elkartea\"},\"image\":{\"@id\":\"https:\\\/\\\/zapateneo.net\\\/wordpress\\\/#\\\/schema\\\/logo\\\/image\\\/\"},\"sameAs\":[\"https:\\\/\\\/x.com\\\/zapateneo\"]}]}<\/script>\n<!-- \/ Yoast SEO plugin. -->","yoast_head_json":{"title":"LAS ILUSIONES RENOVABLES Ecolog\u00eda, energ\u00eda y poder &#8212; Zapateneo","robots":{"index":"index","follow":"follow","max-snippet":"max-snippet:-1","max-image-preview":"max-image-preview:large","max-video-preview":"max-video-preview:-1"},"canonical":"https:\/\/zapateneo.net\/wordpress\/index.php\/producto\/las-ilusiones-renovables-ecologia-energia-y-poder\/","og_locale":"es_ES","og_type":"article","og_title":"LAS ILUSIONES RENOVABLES Ecolog\u00eda, energ\u00eda y poder &#8212; Zapateneo","og_description":"JOS\u00c9 ARDILLO 9788412188790 - EL SALMON - 2022 - 296 p\u00e1ginas \/orri.","og_url":"https:\/\/zapateneo.net\/wordpress\/index.php\/producto\/las-ilusiones-renovables-ecologia-energia-y-poder\/","og_site_name":"Zapateneo","article_modified_time":"2023-04-11T18:05:11+00:00","og_image":[{"width":254,"height":400,"url":"https:\/\/zapateneo.net\/wordpress\/wp-content\/uploads\/2022\/07\/las-ilusiones-renovables-9788412188790.jpg","type":"image\/jpeg"}],"twitter_card":"summary_large_image","twitter_site":"@zapateneo","twitter_misc":{"Tiempo de lectura":"1 minuto"},"schema":{"@context":"https:\/\/schema.org","@graph":[{"@type":"WebPage","@id":"https:\/\/zapateneo.net\/wordpress\/index.php\/producto\/las-ilusiones-renovables-ecologia-energia-y-poder\/","url":"https:\/\/zapateneo.net\/wordpress\/index.php\/producto\/las-ilusiones-renovables-ecologia-energia-y-poder\/","name":"LAS ILUSIONES RENOVABLES Ecolog\u00eda, energ\u00eda y poder &#8212; Zapateneo","isPartOf":{"@id":"https:\/\/zapateneo.net\/wordpress\/#website"},"primaryImageOfPage":{"@id":"https:\/\/zapateneo.net\/wordpress\/index.php\/producto\/las-ilusiones-renovables-ecologia-energia-y-poder\/#primaryimage"},"image":{"@id":"https:\/\/zapateneo.net\/wordpress\/index.php\/producto\/las-ilusiones-renovables-ecologia-energia-y-poder\/#primaryimage"},"thumbnailUrl":"https:\/\/zapateneo.net\/wordpress\/wp-content\/uploads\/2022\/07\/las-ilusiones-renovables-9788412188790.jpg","datePublished":"2022-07-10T13:59:24+00:00","dateModified":"2023-04-11T18:05:11+00:00","breadcrumb":{"@id":"https:\/\/zapateneo.net\/wordpress\/index.php\/producto\/las-ilusiones-renovables-ecologia-energia-y-poder\/#breadcrumb"},"inLanguage":"es","potentialAction":[{"@type":"ReadAction","target":["https:\/\/zapateneo.net\/wordpress\/index.php\/producto\/las-ilusiones-renovables-ecologia-energia-y-poder\/"]}]},{"@type":"ImageObject","inLanguage":"es","@id":"https:\/\/zapateneo.net\/wordpress\/index.php\/producto\/las-ilusiones-renovables-ecologia-energia-y-poder\/#primaryimage","url":"https:\/\/zapateneo.net\/wordpress\/wp-content\/uploads\/2022\/07\/las-ilusiones-renovables-9788412188790.jpg","contentUrl":"https:\/\/zapateneo.net\/wordpress\/wp-content\/uploads\/2022\/07\/las-ilusiones-renovables-9788412188790.jpg","width":254,"height":400},{"@type":"BreadcrumbList","@id":"https:\/\/zapateneo.net\/wordpress\/index.php\/producto\/las-ilusiones-renovables-ecologia-energia-y-poder\/#breadcrumb","itemListElement":[{"@type":"ListItem","position":1,"name":"Portada","item":"https:\/\/zapateneo.net\/wordpress\/"},{"@type":"ListItem","position":2,"name":"Tienda","item":"https:\/\/zapateneo.net\/wordpress\/"},{"@type":"ListItem","position":3,"name":"LAS ILUSIONES RENOVABLES Ecolog\u00eda, energ\u00eda y poder"}]},{"@type":"WebSite","@id":"https:\/\/zapateneo.net\/wordpress\/#website","url":"https:\/\/zapateneo.net\/wordpress\/","name":"Zapateneo","description":"Zapateneoaren webgunea","publisher":{"@id":"https:\/\/zapateneo.net\/wordpress\/#organization"},"potentialAction":[{"@type":"SearchAction","target":{"@type":"EntryPoint","urlTemplate":"https:\/\/zapateneo.net\/wordpress\/?s={search_term_string}"},"query-input":{"@type":"PropertyValueSpecification","valueRequired":true,"valueName":"search_term_string"}}],"inLanguage":"es"},{"@type":"Organization","@id":"https:\/\/zapateneo.net\/wordpress\/#organization","name":"Zapateneo Kultur Elkartea","url":"https:\/\/zapateneo.net\/wordpress\/","logo":{"@type":"ImageObject","inLanguage":"es","@id":"https:\/\/zapateneo.net\/wordpress\/#\/schema\/logo\/image\/","url":"https:\/\/zapateneo.net\/wordpress\/wp-content\/uploads\/2021\/04\/zap-libu-kolec.jpg","contentUrl":"https:\/\/zapateneo.net\/wordpress\/wp-content\/uploads\/2021\/04\/zap-libu-kolec.jpg","width":2234,"height":398,"caption":"Zapateneo Kultur Elkartea"},"image":{"@id":"https:\/\/zapateneo.net\/wordpress\/#\/schema\/logo\/image\/"},"sameAs":["https:\/\/x.com\/zapateneo"]}]}},"_links":{"self":[{"href":"https:\/\/zapateneo.net\/wordpress\/index.php\/wp-json\/wp\/v2\/product\/11730","targetHints":{"allow":["GET"]}}],"collection":[{"href":"https:\/\/zapateneo.net\/wordpress\/index.php\/wp-json\/wp\/v2\/product"}],"about":[{"href":"https:\/\/zapateneo.net\/wordpress\/index.php\/wp-json\/wp\/v2\/types\/product"}],"wp:featuredmedia":[{"embeddable":true,"href":"https:\/\/zapateneo.net\/wordpress\/index.php\/wp-json\/wp\/v2\/media\/11742"}],"wp:attachment":[{"href":"https:\/\/zapateneo.net\/wordpress\/index.php\/wp-json\/wp\/v2\/media?parent=11730"}],"wp:term":[{"taxonomy":"product_brand","embeddable":true,"href":"https:\/\/zapateneo.net\/wordpress\/index.php\/wp-json\/wp\/v2\/product_brand?post=11730"},{"taxonomy":"product_cat","embeddable":true,"href":"https:\/\/zapateneo.net\/wordpress\/index.php\/wp-json\/wp\/v2\/product_cat?post=11730"},{"taxonomy":"product_tag","embeddable":true,"href":"https:\/\/zapateneo.net\/wordpress\/index.php\/wp-json\/wp\/v2\/product_tag?post=11730"}],"curies":[{"name":"wp","href":"https:\/\/api.w.org\/{rel}","templated":true}]}}