{"id":11728,"date":"2022-07-10T14:59:24","date_gmt":"2022-07-10T13:59:24","guid":{"rendered":"https:\/\/zapateneo.net\/wordpress\/?post_type=product&#038;p=11728"},"modified":"2022-07-10T14:59:30","modified_gmt":"2022-07-10T13:59:30","slug":"la-sociedad-ingobernable-una-genealogia-del-liberalismo-autoritario","status":"publish","type":"product","link":"https:\/\/zapateneo.net\/wordpress\/index.php\/producto\/la-sociedad-ingobernable-una-genealogia-del-liberalismo-autoritario\/","title":{"rendered":"LA SOCIEDAD INGOBERNABLE Una genealog\u00eda del liberalismo autoritario"},"content":{"rendered":"<p>Las convulsiones de finales de los sesenta y principios de los setenta se extendieron r\u00e1pidamente por todos los sectores de la vida social y econ\u00f3mica. Para conjurar la amenaza, las elites de los c\u00edrculos empresariales idearon nuevas artes de gobierno que inclu\u00edan la guerra contra los sindicatos, la primac\u00eda del valor accionarial y el destronamiento de la pol\u00edtica.<\/p>\n<p>Sin embargo, el neoliberalismo no estuvo determinado por una simple \u00abfobia al Estado\u00bb y por el deseo de liberar la econom\u00eda de las injerencias gubernamentales. Al contrario, la estrategia consisti\u00f3 en un liberalismo autoritario en el que la liberalizaci\u00f3n de la sociedad iba de la mano de nuevas formas de poder: un \u00abEstado fuerte\u00bb para una \u00abeconom\u00eda libre\u00bb se convirti\u00f3 en la nueva f\u00f3rmula m\u00e1gica de nuestras sociedades capitalistas.<\/p>\n<p>Gr\u00e9goire Chamayou es investigador en el Centre National de la Recherche Scientifique (CNRS) y est\u00e1 adscrito al Institut d\u2019Histoire des Repr\u00e9sentations et des Id\u00e9es dans les Modernit\u00e9s, en la \u00c9cole Normale Sup\u00e9rieure de Lyon. Entre sus publicaciones destacan Les corps vils. Exp\u00e9rimenter sur les \u00eatres humains aux xviiie et xixe si\u00e8cles (2008), Las cazas del hombre. El ser humano como presa de la Grecia de Arist\u00f3teles a la Italia de Berlusconi (Errata Naturae, 2012) y Teor\u00eda del dron. Nuevos paradigmas de los conflictos del siglo XXI (NED Ediciones, 2016). Recientemente ha traducido y editado varios textos de Carl Schmitt y Hermann Heller en Du lib\u00e9ralisme autoritaire (2021).<\/p>\n","protected":false},"excerpt":{"rendered":"<p><strong>Gr\u00e9gorie Chamayou<\/strong><br \/>\n9788446051824 &#8211; Akal &#8211; 2022 &#8211; 432 p\u00e1ginas \/orri.<\/p>\n","protected":false},"featured_media":11740,"template":"","meta":[],"product_brand":[],"product_cat":[16,173],"product_tag":[437,5698],"class_list":{"0":"post-11728","1":"product","2":"type-product","3":"status-publish","4":"has-post-thumbnail","6":"product_cat-libros","7":"product_cat-saiakera-ensayo","8":"product_tag-akal","9":"product_tag-gregorie-chamayou","11":"first","12":"instock","13":"sold-individually","14":"shipping-taxable","15":"purchasable","16":"product-type-simple"},"yoast_head":"<!-- This site is optimized with the Yoast SEO plugin v27.3 - https:\/\/yoast.com\/product\/yoast-seo-wordpress\/ -->\n<title>LA SOCIEDAD INGOBERNABLE Una genealog\u00eda del liberalismo autoritario &#8212; Zapateneo<\/title>\n<meta name=\"robots\" content=\"index, follow, max-snippet:-1, max-image-preview:large, max-video-preview:-1\" \/>\n<link rel=\"canonical\" href=\"https:\/\/zapateneo.net\/wordpress\/index.php\/producto\/la-sociedad-ingobernable-una-genealogia-del-liberalismo-autoritario\/\" \/>\n<meta property=\"og:locale\" content=\"es_ES\" \/>\n<meta property=\"og:type\" content=\"article\" \/>\n<meta property=\"og:title\" content=\"LA SOCIEDAD INGOBERNABLE Una genealog\u00eda del liberalismo autoritario &#8212; Zapateneo\" \/>\n<meta property=\"og:description\" content=\"Gr\u00e9gorie Chamayou 9788446051824 - Akal - 2022 - 432 p\u00e1ginas \/orri.\" \/>\n<meta property=\"og:url\" content=\"https:\/\/zapateneo.net\/wordpress\/index.php\/producto\/la-sociedad-ingobernable-una-genealogia-del-liberalismo-autoritario\/\" \/>\n<meta property=\"og:site_name\" content=\"Zapateneo\" \/>\n<meta property=\"article:modified_time\" content=\"2022-07-10T13:59:30+00:00\" \/>\n<meta name=\"twitter:card\" content=\"summary_large_image\" \/>\n<meta name=\"twitter:site\" content=\"@zapateneo\" \/>\n<meta name=\"twitter:label1\" content=\"Tiempo de lectura\" \/>\n\t<meta name=\"twitter:data1\" content=\"1 minuto\" \/>\n<script type=\"application\/ld+json\" class=\"yoast-schema-graph\">{\"@context\":\"https:\\\/\\\/schema.org\",\"@graph\":[{\"@type\":\"WebPage\",\"@id\":\"https:\\\/\\\/zapateneo.net\\\/wordpress\\\/index.php\\\/producto\\\/la-sociedad-ingobernable-una-genealogia-del-liberalismo-autoritario\\\/\",\"url\":\"https:\\\/\\\/zapateneo.net\\\/wordpress\\\/index.php\\\/producto\\\/la-sociedad-ingobernable-una-genealogia-del-liberalismo-autoritario\\\/\",\"name\":\"LA SOCIEDAD INGOBERNABLE Una genealog\u00eda del liberalismo autoritario &#8212; Zapateneo\",\"isPartOf\":{\"@id\":\"https:\\\/\\\/zapateneo.net\\\/wordpress\\\/#website\"},\"primaryImageOfPage\":{\"@id\":\"https:\\\/\\\/zapateneo.net\\\/wordpress\\\/index.php\\\/producto\\\/la-sociedad-ingobernable-una-genealogia-del-liberalismo-autoritario\\\/#primaryimage\"},\"image\":{\"@id\":\"https:\\\/\\\/zapateneo.net\\\/wordpress\\\/index.php\\\/producto\\\/la-sociedad-ingobernable-una-genealogia-del-liberalismo-autoritario\\\/#primaryimage\"},\"thumbnailUrl\":\"https:\\\/\\\/zapateneo.net\\\/wordpress\\\/wp-content\\\/uploads\\\/2022\\\/07\\\/la-sociedad-ingobernable-9788446051824.jpg\",\"datePublished\":\"2022-07-10T13:59:24+00:00\",\"dateModified\":\"2022-07-10T13:59:30+00:00\",\"breadcrumb\":{\"@id\":\"https:\\\/\\\/zapateneo.net\\\/wordpress\\\/index.php\\\/producto\\\/la-sociedad-ingobernable-una-genealogia-del-liberalismo-autoritario\\\/#breadcrumb\"},\"inLanguage\":\"es\",\"potentialAction\":[{\"@type\":\"ReadAction\",\"target\":[\"https:\\\/\\\/zapateneo.net\\\/wordpress\\\/index.php\\\/producto\\\/la-sociedad-ingobernable-una-genealogia-del-liberalismo-autoritario\\\/\"]}]},{\"@type\":\"ImageObject\",\"inLanguage\":\"es\",\"@id\":\"https:\\\/\\\/zapateneo.net\\\/wordpress\\\/index.php\\\/producto\\\/la-sociedad-ingobernable-una-genealogia-del-liberalismo-autoritario\\\/#primaryimage\",\"url\":\"https:\\\/\\\/zapateneo.net\\\/wordpress\\\/wp-content\\\/uploads\\\/2022\\\/07\\\/la-sociedad-ingobernable-9788446051824.jpg\",\"contentUrl\":\"https:\\\/\\\/zapateneo.net\\\/wordpress\\\/wp-content\\\/uploads\\\/2022\\\/07\\\/la-sociedad-ingobernable-9788446051824.jpg\",\"width\":258,\"height\":400},{\"@type\":\"BreadcrumbList\",\"@id\":\"https:\\\/\\\/zapateneo.net\\\/wordpress\\\/index.php\\\/producto\\\/la-sociedad-ingobernable-una-genealogia-del-liberalismo-autoritario\\\/#breadcrumb\",\"itemListElement\":[{\"@type\":\"ListItem\",\"position\":1,\"name\":\"Portada\",\"item\":\"https:\\\/\\\/zapateneo.net\\\/wordpress\\\/\"},{\"@type\":\"ListItem\",\"position\":2,\"name\":\"Tienda\",\"item\":\"https:\\\/\\\/zapateneo.net\\\/wordpress\\\/\"},{\"@type\":\"ListItem\",\"position\":3,\"name\":\"LA SOCIEDAD INGOBERNABLE Una genealog\u00eda del liberalismo autoritario\"}]},{\"@type\":\"WebSite\",\"@id\":\"https:\\\/\\\/zapateneo.net\\\/wordpress\\\/#website\",\"url\":\"https:\\\/\\\/zapateneo.net\\\/wordpress\\\/\",\"name\":\"Zapateneo\",\"description\":\"Zapateneoaren webgunea\",\"publisher\":{\"@id\":\"https:\\\/\\\/zapateneo.net\\\/wordpress\\\/#organization\"},\"potentialAction\":[{\"@type\":\"SearchAction\",\"target\":{\"@type\":\"EntryPoint\",\"urlTemplate\":\"https:\\\/\\\/zapateneo.net\\\/wordpress\\\/?s={search_term_string}\"},\"query-input\":{\"@type\":\"PropertyValueSpecification\",\"valueRequired\":true,\"valueName\":\"search_term_string\"}}],\"inLanguage\":\"es\"},{\"@type\":\"Organization\",\"@id\":\"https:\\\/\\\/zapateneo.net\\\/wordpress\\\/#organization\",\"name\":\"Zapateneo Kultur Elkartea\",\"url\":\"https:\\\/\\\/zapateneo.net\\\/wordpress\\\/\",\"logo\":{\"@type\":\"ImageObject\",\"inLanguage\":\"es\",\"@id\":\"https:\\\/\\\/zapateneo.net\\\/wordpress\\\/#\\\/schema\\\/logo\\\/image\\\/\",\"url\":\"https:\\\/\\\/zapateneo.net\\\/wordpress\\\/wp-content\\\/uploads\\\/2021\\\/04\\\/zap-libu-kolec.jpg\",\"contentUrl\":\"https:\\\/\\\/zapateneo.net\\\/wordpress\\\/wp-content\\\/uploads\\\/2021\\\/04\\\/zap-libu-kolec.jpg\",\"width\":2234,\"height\":398,\"caption\":\"Zapateneo Kultur Elkartea\"},\"image\":{\"@id\":\"https:\\\/\\\/zapateneo.net\\\/wordpress\\\/#\\\/schema\\\/logo\\\/image\\\/\"},\"sameAs\":[\"https:\\\/\\\/x.com\\\/zapateneo\"]}]}<\/script>\n<!-- \/ Yoast SEO plugin. -->","yoast_head_json":{"title":"LA SOCIEDAD INGOBERNABLE Una genealog\u00eda del liberalismo autoritario &#8212; Zapateneo","robots":{"index":"index","follow":"follow","max-snippet":"max-snippet:-1","max-image-preview":"max-image-preview:large","max-video-preview":"max-video-preview:-1"},"canonical":"https:\/\/zapateneo.net\/wordpress\/index.php\/producto\/la-sociedad-ingobernable-una-genealogia-del-liberalismo-autoritario\/","og_locale":"es_ES","og_type":"article","og_title":"LA SOCIEDAD INGOBERNABLE Una genealog\u00eda del liberalismo autoritario &#8212; Zapateneo","og_description":"Gr\u00e9gorie Chamayou 9788446051824 - Akal - 2022 - 432 p\u00e1ginas \/orri.","og_url":"https:\/\/zapateneo.net\/wordpress\/index.php\/producto\/la-sociedad-ingobernable-una-genealogia-del-liberalismo-autoritario\/","og_site_name":"Zapateneo","article_modified_time":"2022-07-10T13:59:30+00:00","twitter_card":"summary_large_image","twitter_site":"@zapateneo","twitter_misc":{"Tiempo de lectura":"1 minuto"},"schema":{"@context":"https:\/\/schema.org","@graph":[{"@type":"WebPage","@id":"https:\/\/zapateneo.net\/wordpress\/index.php\/producto\/la-sociedad-ingobernable-una-genealogia-del-liberalismo-autoritario\/","url":"https:\/\/zapateneo.net\/wordpress\/index.php\/producto\/la-sociedad-ingobernable-una-genealogia-del-liberalismo-autoritario\/","name":"LA SOCIEDAD INGOBERNABLE Una genealog\u00eda del liberalismo autoritario &#8212; Zapateneo","isPartOf":{"@id":"https:\/\/zapateneo.net\/wordpress\/#website"},"primaryImageOfPage":{"@id":"https:\/\/zapateneo.net\/wordpress\/index.php\/producto\/la-sociedad-ingobernable-una-genealogia-del-liberalismo-autoritario\/#primaryimage"},"image":{"@id":"https:\/\/zapateneo.net\/wordpress\/index.php\/producto\/la-sociedad-ingobernable-una-genealogia-del-liberalismo-autoritario\/#primaryimage"},"thumbnailUrl":"https:\/\/zapateneo.net\/wordpress\/wp-content\/uploads\/2022\/07\/la-sociedad-ingobernable-9788446051824.jpg","datePublished":"2022-07-10T13:59:24+00:00","dateModified":"2022-07-10T13:59:30+00:00","breadcrumb":{"@id":"https:\/\/zapateneo.net\/wordpress\/index.php\/producto\/la-sociedad-ingobernable-una-genealogia-del-liberalismo-autoritario\/#breadcrumb"},"inLanguage":"es","potentialAction":[{"@type":"ReadAction","target":["https:\/\/zapateneo.net\/wordpress\/index.php\/producto\/la-sociedad-ingobernable-una-genealogia-del-liberalismo-autoritario\/"]}]},{"@type":"ImageObject","inLanguage":"es","@id":"https:\/\/zapateneo.net\/wordpress\/index.php\/producto\/la-sociedad-ingobernable-una-genealogia-del-liberalismo-autoritario\/#primaryimage","url":"https:\/\/zapateneo.net\/wordpress\/wp-content\/uploads\/2022\/07\/la-sociedad-ingobernable-9788446051824.jpg","contentUrl":"https:\/\/zapateneo.net\/wordpress\/wp-content\/uploads\/2022\/07\/la-sociedad-ingobernable-9788446051824.jpg","width":258,"height":400},{"@type":"BreadcrumbList","@id":"https:\/\/zapateneo.net\/wordpress\/index.php\/producto\/la-sociedad-ingobernable-una-genealogia-del-liberalismo-autoritario\/#breadcrumb","itemListElement":[{"@type":"ListItem","position":1,"name":"Portada","item":"https:\/\/zapateneo.net\/wordpress\/"},{"@type":"ListItem","position":2,"name":"Tienda","item":"https:\/\/zapateneo.net\/wordpress\/"},{"@type":"ListItem","position":3,"name":"LA SOCIEDAD INGOBERNABLE Una genealog\u00eda del liberalismo autoritario"}]},{"@type":"WebSite","@id":"https:\/\/zapateneo.net\/wordpress\/#website","url":"https:\/\/zapateneo.net\/wordpress\/","name":"Zapateneo","description":"Zapateneoaren webgunea","publisher":{"@id":"https:\/\/zapateneo.net\/wordpress\/#organization"},"potentialAction":[{"@type":"SearchAction","target":{"@type":"EntryPoint","urlTemplate":"https:\/\/zapateneo.net\/wordpress\/?s={search_term_string}"},"query-input":{"@type":"PropertyValueSpecification","valueRequired":true,"valueName":"search_term_string"}}],"inLanguage":"es"},{"@type":"Organization","@id":"https:\/\/zapateneo.net\/wordpress\/#organization","name":"Zapateneo Kultur Elkartea","url":"https:\/\/zapateneo.net\/wordpress\/","logo":{"@type":"ImageObject","inLanguage":"es","@id":"https:\/\/zapateneo.net\/wordpress\/#\/schema\/logo\/image\/","url":"https:\/\/zapateneo.net\/wordpress\/wp-content\/uploads\/2021\/04\/zap-libu-kolec.jpg","contentUrl":"https:\/\/zapateneo.net\/wordpress\/wp-content\/uploads\/2021\/04\/zap-libu-kolec.jpg","width":2234,"height":398,"caption":"Zapateneo Kultur Elkartea"},"image":{"@id":"https:\/\/zapateneo.net\/wordpress\/#\/schema\/logo\/image\/"},"sameAs":["https:\/\/x.com\/zapateneo"]}]}},"_links":{"self":[{"href":"https:\/\/zapateneo.net\/wordpress\/index.php\/wp-json\/wp\/v2\/product\/11728","targetHints":{"allow":["GET"]}}],"collection":[{"href":"https:\/\/zapateneo.net\/wordpress\/index.php\/wp-json\/wp\/v2\/product"}],"about":[{"href":"https:\/\/zapateneo.net\/wordpress\/index.php\/wp-json\/wp\/v2\/types\/product"}],"wp:featuredmedia":[{"embeddable":true,"href":"https:\/\/zapateneo.net\/wordpress\/index.php\/wp-json\/wp\/v2\/media\/11740"}],"wp:attachment":[{"href":"https:\/\/zapateneo.net\/wordpress\/index.php\/wp-json\/wp\/v2\/media?parent=11728"}],"wp:term":[{"taxonomy":"product_brand","embeddable":true,"href":"https:\/\/zapateneo.net\/wordpress\/index.php\/wp-json\/wp\/v2\/product_brand?post=11728"},{"taxonomy":"product_cat","embeddable":true,"href":"https:\/\/zapateneo.net\/wordpress\/index.php\/wp-json\/wp\/v2\/product_cat?post=11728"},{"taxonomy":"product_tag","embeddable":true,"href":"https:\/\/zapateneo.net\/wordpress\/index.php\/wp-json\/wp\/v2\/product_tag?post=11728"}],"curies":[{"name":"wp","href":"https:\/\/api.w.org\/{rel}","templated":true}]}}