{"id":11724,"date":"2022-07-10T14:59:23","date_gmt":"2022-07-10T13:59:23","guid":{"rendered":"https:\/\/zapateneo.net\/wordpress\/?post_type=product&#038;p=11724"},"modified":"2022-07-10T14:59:27","modified_gmt":"2022-07-10T13:59:27","slug":"la-imaginacion-y-el-arte-en-la-infancia","status":"publish","type":"product","link":"https:\/\/zapateneo.net\/wordpress\/index.php\/producto\/la-imaginacion-y-el-arte-en-la-infancia\/","title":{"rendered":"LA IMAGINACI\u00d3N Y EL ARTE EN LA INFANCIA"},"content":{"rendered":"<p>\u00abPascal dec\u00eda que la imaginaci\u00f3n era una maestra muy p\u00edcara. Goethe dijo de ella que era la precursora de la raz\u00f3n. Ambos dec\u00edan verdad.\u00bb Ahora bien, \u00bfen qu\u00e9 consiste exactamente la imaginaci\u00f3n y en qu\u00e9 se diferencia la creatividad del ni\u00f1o de la del adulto? \u00bfY cu\u00e1les son las l\u00edneas maestras de su desarrollo en la edad infantil?<\/p>\n<p>En un estudio pionero de la mejor divulgaci\u00f3n cient\u00edfica, L. S. Vigotsky (1896-1934) examina la imaginaci\u00f3n infantil a trav\u00e9s de la escritura literaria, las representaciones teatrales \u2013el dominio de la palabra escrita y hablada, respectivamente\u2013 y el dibujo. Y lo hace con una rotunda voluntad did\u00e1ctica que explica el que tantos padres, madres y educadores sigan hallando, en las p\u00e1ginas de este \u00abensayo psicol\u00f3gico\u00bb, una informaci\u00f3n pr\u00e1ctica y te\u00f3rica no s\u00f3lo valiosa, sino sugerente y muy \u00fatil para la praxis educativa.<\/p>\n<p>Como expone Carolina del Olmo en el pr\u00f3logo preparado para la presente edici\u00f3n, la imaginaci\u00f3n infantil, tal como Vigotsky la concibe, y el papel que concede para su desarrollo a la escuela, en cuanto lugar de aprendizaje y experimentaci\u00f3n por excelencia, no han perdido un \u00e1pice de actualidad.<\/p>\n<p>Lev S. Vigotsky naci\u00f3 en 1896 en el seno de una pr\u00f3spera familia jud\u00eda de ocho hermanos en Orsha \u2013hoy, Bielorrusia\u2013, en los confines occidentales del Imperio ruso. Poseedor de una s\u00f3lida formaci\u00f3n human\u00edstica y en ciencias sociales, los intereses intelectuales del joven Vigotsky acabaron decant\u00e1ndole hacia una ciencia experimental que daba entonces sus primeros pasos, la psicolog\u00eda. A ella consagr\u00f3 un n\u00famero asombroso de investigaciones \u2013buena parte de las cuales permanece a\u00fan hoy in\u00e9dita\u2013 en poco m\u00e1s de una d\u00e9cada; Vigotsky fallecer\u00eda en 1934 consumido por la tuberculosis, enfermedad que padec\u00eda desde 1919. Entre las obras publicadas en Ediciones Akal de quien fue asimismo llamado el \u00abMozart de la psicolog\u00eda\u00bb, figuran Teor\u00eda de las emociones (2004), Psicolog\u00eda y pedagog\u00eda (Vigotsky et al., 2004) y La imaginaci\u00f3n y el arte en la infancia (2002).<\/p>\n<p>Pr\u00f3logo Carolina del Olmo<\/p>\n","protected":false},"excerpt":{"rendered":"<p><strong>Lev Semenovich Vigotsky<\/strong><br \/>\n9788446052203 &#8211; Akal &#8211; 2022 &#8211; 104 p\u00e1ginas \/orri.<\/p>\n","protected":false},"featured_media":11736,"template":"","meta":[],"product_brand":[],"product_cat":[186,16],"product_tag":[437,5693],"class_list":{"0":"post-11724","1":"product","2":"type-product","3":"status-publish","4":"has-post-thumbnail","6":"product_cat-hezkuntza-educacion","7":"product_cat-libros","8":"product_tag-akal","9":"product_tag-lev-semenovich-vigotsky","11":"first","12":"instock","13":"sold-individually","14":"shipping-taxable","15":"purchasable","16":"product-type-simple"},"yoast_head":"<!-- This site is optimized with the Yoast SEO plugin v27.3 - https:\/\/yoast.com\/product\/yoast-seo-wordpress\/ -->\n<title>LA IMAGINACI\u00d3N Y EL ARTE EN LA INFANCIA &#8212; Zapateneo<\/title>\n<meta name=\"robots\" content=\"index, follow, max-snippet:-1, max-image-preview:large, max-video-preview:-1\" \/>\n<link rel=\"canonical\" href=\"https:\/\/zapateneo.net\/wordpress\/index.php\/producto\/la-imaginacion-y-el-arte-en-la-infancia\/\" \/>\n<meta property=\"og:locale\" content=\"es_ES\" \/>\n<meta property=\"og:type\" content=\"article\" \/>\n<meta property=\"og:title\" content=\"LA IMAGINACI\u00d3N Y EL ARTE EN LA INFANCIA &#8212; Zapateneo\" \/>\n<meta property=\"og:description\" content=\"Lev Semenovich Vigotsky 9788446052203 - Akal - 2022 - 104 p\u00e1ginas \/orri.\" \/>\n<meta property=\"og:url\" content=\"https:\/\/zapateneo.net\/wordpress\/index.php\/producto\/la-imaginacion-y-el-arte-en-la-infancia\/\" \/>\n<meta property=\"og:site_name\" content=\"Zapateneo\" \/>\n<meta property=\"article:modified_time\" content=\"2022-07-10T13:59:27+00:00\" \/>\n<meta name=\"twitter:card\" content=\"summary_large_image\" \/>\n<meta name=\"twitter:site\" content=\"@zapateneo\" \/>\n<meta name=\"twitter:label1\" content=\"Tiempo de lectura\" \/>\n\t<meta name=\"twitter:data1\" content=\"2 minutos\" \/>\n<script type=\"application\/ld+json\" class=\"yoast-schema-graph\">{\"@context\":\"https:\\\/\\\/schema.org\",\"@graph\":[{\"@type\":\"WebPage\",\"@id\":\"https:\\\/\\\/zapateneo.net\\\/wordpress\\\/index.php\\\/producto\\\/la-imaginacion-y-el-arte-en-la-infancia\\\/\",\"url\":\"https:\\\/\\\/zapateneo.net\\\/wordpress\\\/index.php\\\/producto\\\/la-imaginacion-y-el-arte-en-la-infancia\\\/\",\"name\":\"LA IMAGINACI\u00d3N Y EL ARTE EN LA INFANCIA &#8212; Zapateneo\",\"isPartOf\":{\"@id\":\"https:\\\/\\\/zapateneo.net\\\/wordpress\\\/#website\"},\"primaryImageOfPage\":{\"@id\":\"https:\\\/\\\/zapateneo.net\\\/wordpress\\\/index.php\\\/producto\\\/la-imaginacion-y-el-arte-en-la-infancia\\\/#primaryimage\"},\"image\":{\"@id\":\"https:\\\/\\\/zapateneo.net\\\/wordpress\\\/index.php\\\/producto\\\/la-imaginacion-y-el-arte-en-la-infancia\\\/#primaryimage\"},\"thumbnailUrl\":\"https:\\\/\\\/zapateneo.net\\\/wordpress\\\/wp-content\\\/uploads\\\/2022\\\/07\\\/la-imaginacion-y-el-arte-en-la-infancia-9788446052203.jpg\",\"datePublished\":\"2022-07-10T13:59:23+00:00\",\"dateModified\":\"2022-07-10T13:59:27+00:00\",\"breadcrumb\":{\"@id\":\"https:\\\/\\\/zapateneo.net\\\/wordpress\\\/index.php\\\/producto\\\/la-imaginacion-y-el-arte-en-la-infancia\\\/#breadcrumb\"},\"inLanguage\":\"es\",\"potentialAction\":[{\"@type\":\"ReadAction\",\"target\":[\"https:\\\/\\\/zapateneo.net\\\/wordpress\\\/index.php\\\/producto\\\/la-imaginacion-y-el-arte-en-la-infancia\\\/\"]}]},{\"@type\":\"ImageObject\",\"inLanguage\":\"es\",\"@id\":\"https:\\\/\\\/zapateneo.net\\\/wordpress\\\/index.php\\\/producto\\\/la-imaginacion-y-el-arte-en-la-infancia\\\/#primaryimage\",\"url\":\"https:\\\/\\\/zapateneo.net\\\/wordpress\\\/wp-content\\\/uploads\\\/2022\\\/07\\\/la-imaginacion-y-el-arte-en-la-infancia-9788446052203.jpg\",\"contentUrl\":\"https:\\\/\\\/zapateneo.net\\\/wordpress\\\/wp-content\\\/uploads\\\/2022\\\/07\\\/la-imaginacion-y-el-arte-en-la-infancia-9788446052203.jpg\",\"width\":258,\"height\":400},{\"@type\":\"BreadcrumbList\",\"@id\":\"https:\\\/\\\/zapateneo.net\\\/wordpress\\\/index.php\\\/producto\\\/la-imaginacion-y-el-arte-en-la-infancia\\\/#breadcrumb\",\"itemListElement\":[{\"@type\":\"ListItem\",\"position\":1,\"name\":\"Portada\",\"item\":\"https:\\\/\\\/zapateneo.net\\\/wordpress\\\/\"},{\"@type\":\"ListItem\",\"position\":2,\"name\":\"Tienda\",\"item\":\"https:\\\/\\\/zapateneo.net\\\/wordpress\\\/\"},{\"@type\":\"ListItem\",\"position\":3,\"name\":\"LA IMAGINACI\u00d3N Y EL ARTE EN LA INFANCIA\"}]},{\"@type\":\"WebSite\",\"@id\":\"https:\\\/\\\/zapateneo.net\\\/wordpress\\\/#website\",\"url\":\"https:\\\/\\\/zapateneo.net\\\/wordpress\\\/\",\"name\":\"Zapateneo\",\"description\":\"Zapateneoaren webgunea\",\"publisher\":{\"@id\":\"https:\\\/\\\/zapateneo.net\\\/wordpress\\\/#organization\"},\"potentialAction\":[{\"@type\":\"SearchAction\",\"target\":{\"@type\":\"EntryPoint\",\"urlTemplate\":\"https:\\\/\\\/zapateneo.net\\\/wordpress\\\/?s={search_term_string}\"},\"query-input\":{\"@type\":\"PropertyValueSpecification\",\"valueRequired\":true,\"valueName\":\"search_term_string\"}}],\"inLanguage\":\"es\"},{\"@type\":\"Organization\",\"@id\":\"https:\\\/\\\/zapateneo.net\\\/wordpress\\\/#organization\",\"name\":\"Zapateneo Kultur Elkartea\",\"url\":\"https:\\\/\\\/zapateneo.net\\\/wordpress\\\/\",\"logo\":{\"@type\":\"ImageObject\",\"inLanguage\":\"es\",\"@id\":\"https:\\\/\\\/zapateneo.net\\\/wordpress\\\/#\\\/schema\\\/logo\\\/image\\\/\",\"url\":\"https:\\\/\\\/zapateneo.net\\\/wordpress\\\/wp-content\\\/uploads\\\/2021\\\/04\\\/zap-libu-kolec.jpg\",\"contentUrl\":\"https:\\\/\\\/zapateneo.net\\\/wordpress\\\/wp-content\\\/uploads\\\/2021\\\/04\\\/zap-libu-kolec.jpg\",\"width\":2234,\"height\":398,\"caption\":\"Zapateneo Kultur Elkartea\"},\"image\":{\"@id\":\"https:\\\/\\\/zapateneo.net\\\/wordpress\\\/#\\\/schema\\\/logo\\\/image\\\/\"},\"sameAs\":[\"https:\\\/\\\/x.com\\\/zapateneo\"]}]}<\/script>\n<!-- \/ Yoast SEO plugin. -->","yoast_head_json":{"title":"LA IMAGINACI\u00d3N Y EL ARTE EN LA INFANCIA &#8212; Zapateneo","robots":{"index":"index","follow":"follow","max-snippet":"max-snippet:-1","max-image-preview":"max-image-preview:large","max-video-preview":"max-video-preview:-1"},"canonical":"https:\/\/zapateneo.net\/wordpress\/index.php\/producto\/la-imaginacion-y-el-arte-en-la-infancia\/","og_locale":"es_ES","og_type":"article","og_title":"LA IMAGINACI\u00d3N Y EL ARTE EN LA INFANCIA &#8212; Zapateneo","og_description":"Lev Semenovich Vigotsky 9788446052203 - Akal - 2022 - 104 p\u00e1ginas \/orri.","og_url":"https:\/\/zapateneo.net\/wordpress\/index.php\/producto\/la-imaginacion-y-el-arte-en-la-infancia\/","og_site_name":"Zapateneo","article_modified_time":"2022-07-10T13:59:27+00:00","twitter_card":"summary_large_image","twitter_site":"@zapateneo","twitter_misc":{"Tiempo de lectura":"2 minutos"},"schema":{"@context":"https:\/\/schema.org","@graph":[{"@type":"WebPage","@id":"https:\/\/zapateneo.net\/wordpress\/index.php\/producto\/la-imaginacion-y-el-arte-en-la-infancia\/","url":"https:\/\/zapateneo.net\/wordpress\/index.php\/producto\/la-imaginacion-y-el-arte-en-la-infancia\/","name":"LA IMAGINACI\u00d3N Y EL ARTE EN LA INFANCIA &#8212; Zapateneo","isPartOf":{"@id":"https:\/\/zapateneo.net\/wordpress\/#website"},"primaryImageOfPage":{"@id":"https:\/\/zapateneo.net\/wordpress\/index.php\/producto\/la-imaginacion-y-el-arte-en-la-infancia\/#primaryimage"},"image":{"@id":"https:\/\/zapateneo.net\/wordpress\/index.php\/producto\/la-imaginacion-y-el-arte-en-la-infancia\/#primaryimage"},"thumbnailUrl":"https:\/\/zapateneo.net\/wordpress\/wp-content\/uploads\/2022\/07\/la-imaginacion-y-el-arte-en-la-infancia-9788446052203.jpg","datePublished":"2022-07-10T13:59:23+00:00","dateModified":"2022-07-10T13:59:27+00:00","breadcrumb":{"@id":"https:\/\/zapateneo.net\/wordpress\/index.php\/producto\/la-imaginacion-y-el-arte-en-la-infancia\/#breadcrumb"},"inLanguage":"es","potentialAction":[{"@type":"ReadAction","target":["https:\/\/zapateneo.net\/wordpress\/index.php\/producto\/la-imaginacion-y-el-arte-en-la-infancia\/"]}]},{"@type":"ImageObject","inLanguage":"es","@id":"https:\/\/zapateneo.net\/wordpress\/index.php\/producto\/la-imaginacion-y-el-arte-en-la-infancia\/#primaryimage","url":"https:\/\/zapateneo.net\/wordpress\/wp-content\/uploads\/2022\/07\/la-imaginacion-y-el-arte-en-la-infancia-9788446052203.jpg","contentUrl":"https:\/\/zapateneo.net\/wordpress\/wp-content\/uploads\/2022\/07\/la-imaginacion-y-el-arte-en-la-infancia-9788446052203.jpg","width":258,"height":400},{"@type":"BreadcrumbList","@id":"https:\/\/zapateneo.net\/wordpress\/index.php\/producto\/la-imaginacion-y-el-arte-en-la-infancia\/#breadcrumb","itemListElement":[{"@type":"ListItem","position":1,"name":"Portada","item":"https:\/\/zapateneo.net\/wordpress\/"},{"@type":"ListItem","position":2,"name":"Tienda","item":"https:\/\/zapateneo.net\/wordpress\/"},{"@type":"ListItem","position":3,"name":"LA IMAGINACI\u00d3N Y EL ARTE EN LA INFANCIA"}]},{"@type":"WebSite","@id":"https:\/\/zapateneo.net\/wordpress\/#website","url":"https:\/\/zapateneo.net\/wordpress\/","name":"Zapateneo","description":"Zapateneoaren webgunea","publisher":{"@id":"https:\/\/zapateneo.net\/wordpress\/#organization"},"potentialAction":[{"@type":"SearchAction","target":{"@type":"EntryPoint","urlTemplate":"https:\/\/zapateneo.net\/wordpress\/?s={search_term_string}"},"query-input":{"@type":"PropertyValueSpecification","valueRequired":true,"valueName":"search_term_string"}}],"inLanguage":"es"},{"@type":"Organization","@id":"https:\/\/zapateneo.net\/wordpress\/#organization","name":"Zapateneo Kultur Elkartea","url":"https:\/\/zapateneo.net\/wordpress\/","logo":{"@type":"ImageObject","inLanguage":"es","@id":"https:\/\/zapateneo.net\/wordpress\/#\/schema\/logo\/image\/","url":"https:\/\/zapateneo.net\/wordpress\/wp-content\/uploads\/2021\/04\/zap-libu-kolec.jpg","contentUrl":"https:\/\/zapateneo.net\/wordpress\/wp-content\/uploads\/2021\/04\/zap-libu-kolec.jpg","width":2234,"height":398,"caption":"Zapateneo Kultur Elkartea"},"image":{"@id":"https:\/\/zapateneo.net\/wordpress\/#\/schema\/logo\/image\/"},"sameAs":["https:\/\/x.com\/zapateneo"]}]}},"_links":{"self":[{"href":"https:\/\/zapateneo.net\/wordpress\/index.php\/wp-json\/wp\/v2\/product\/11724","targetHints":{"allow":["GET"]}}],"collection":[{"href":"https:\/\/zapateneo.net\/wordpress\/index.php\/wp-json\/wp\/v2\/product"}],"about":[{"href":"https:\/\/zapateneo.net\/wordpress\/index.php\/wp-json\/wp\/v2\/types\/product"}],"wp:featuredmedia":[{"embeddable":true,"href":"https:\/\/zapateneo.net\/wordpress\/index.php\/wp-json\/wp\/v2\/media\/11736"}],"wp:attachment":[{"href":"https:\/\/zapateneo.net\/wordpress\/index.php\/wp-json\/wp\/v2\/media?parent=11724"}],"wp:term":[{"taxonomy":"product_brand","embeddable":true,"href":"https:\/\/zapateneo.net\/wordpress\/index.php\/wp-json\/wp\/v2\/product_brand?post=11724"},{"taxonomy":"product_cat","embeddable":true,"href":"https:\/\/zapateneo.net\/wordpress\/index.php\/wp-json\/wp\/v2\/product_cat?post=11724"},{"taxonomy":"product_tag","embeddable":true,"href":"https:\/\/zapateneo.net\/wordpress\/index.php\/wp-json\/wp\/v2\/product_tag?post=11724"}],"curies":[{"name":"wp","href":"https:\/\/api.w.org\/{rel}","templated":true}]}}