{"id":117,"date":"2021-04-05T12:50:49","date_gmt":"2021-04-05T11:50:49","guid":{"rendered":"https:\/\/zapateneo.net\/wordpress\/?post_type=product&#038;p=117"},"modified":"2023-07-25T16:40:02","modified_gmt":"2023-07-25T15:40:02","slug":"antonia-maymon-anarquista-maestra-naturista","status":"publish","type":"product","link":"https:\/\/zapateneo.net\/wordpress\/index.php\/producto\/antonia-maymon-anarquista-maestra-naturista\/","title":{"rendered":"Antonia Maym\u00f3n. Anarquista, maestra, naturista"},"content":{"rendered":"<p>Promotora del ideal anarquista desde la primera d\u00e9cada del siglo xx, Antonia Maym\u00f3n (Madrid, 1881 \u2013 Beniaj\u00e1n, 1959) dedic\u00f3 su vida a la creaci\u00f3n de escuelas racionalistas en diferentes lugares del Estado espa\u00f1ol, y puso toda su energ\u00eda en practicar una docencia acorde con sus pensamientos y en una intens\u00edsima labor period\u00edstica para multitud de publicaciones libertarias.<\/p>\n<p>La presente investigaci\u00f3n nos ofrece un recorrido por la vida de esta ferviente naturista, maestra libertaria y sindicalista consecuente y una selecci\u00f3n de sus textos, fiel reflejo de los debates que se daban en el seno del movimiento libertario durante la primera mitad del siglo pasado. En esos a\u00f1os, en que ser mujer e independiente era casi una herej\u00eda, Antonia Maym\u00f3n opt\u00f3 por vivir como una luchadora libre de pensamiento y de acci\u00f3n.<\/p>\n<p>Testigo de una vertiginosa etapa de nuestra historia y mujer avanzada a su tiempo, Maym\u00f3n fue se\u00f1alada, perseguida, desterrada, enjuiciada y encarcelada. Y, a pesar de los exilios y la prisi\u00f3n, nunca abandon\u00f3 su rebeld\u00eda ni sus ganas de acompa\u00f1ar a los m\u00e1s j\u00f3venes en su formaci\u00f3n como personas libres y aut\u00f3nomas.<\/p>\n","protected":false},"excerpt":{"rendered":"<p><strong>Agull\u00f3 D\u00edaz, M. Carmen<\/strong><br \/>\n9788492559558 &#8211; Virus &#8211; 2014 &#8211; 287 p\u00e1ginas \/orri.<\/p>\n","protected":false},"featured_media":169,"template":"","meta":[],"product_brand":[],"product_cat":[160,16],"product_tag":[107,57],"class_list":{"0":"post-117","1":"product","2":"type-product","3":"status-publish","4":"has-post-thumbnail","6":"product_cat-biografiak-biografias","7":"product_cat-libros","8":"product_tag-agullo-diaz","9":"product_tag-virus","11":"first","12":"outofstock","13":"shipping-taxable","14":"purchasable","15":"product-type-simple"},"yoast_head":"<!-- This site is optimized with the Yoast SEO plugin v27.3 - https:\/\/yoast.com\/product\/yoast-seo-wordpress\/ -->\n<title>Antonia Maym\u00f3n. Anarquista, maestra, naturista &#8212; Zapateneo<\/title>\n<meta name=\"robots\" content=\"index, follow, max-snippet:-1, max-image-preview:large, max-video-preview:-1\" \/>\n<link rel=\"canonical\" href=\"https:\/\/zapateneo.net\/wordpress\/index.php\/producto\/antonia-maymon-anarquista-maestra-naturista\/\" \/>\n<meta property=\"og:locale\" content=\"es_ES\" \/>\n<meta property=\"og:type\" content=\"article\" \/>\n<meta property=\"og:title\" content=\"Antonia Maym\u00f3n. Anarquista, maestra, naturista &#8212; Zapateneo\" \/>\n<meta property=\"og:description\" content=\"Agull\u00f3 D\u00edaz, M. Carmen 9788492559558 - Virus - 2014 - 287 p\u00e1ginas \/orri.\" \/>\n<meta property=\"og:url\" content=\"https:\/\/zapateneo.net\/wordpress\/index.php\/producto\/antonia-maymon-anarquista-maestra-naturista\/\" \/>\n<meta property=\"og:site_name\" content=\"Zapateneo\" \/>\n<meta property=\"article:modified_time\" content=\"2023-07-25T15:40:02+00:00\" \/>\n<meta property=\"og:image\" content=\"https:\/\/zapateneo.net\/wordpress\/wp-content\/uploads\/2021\/04\/8010.jpg\" \/>\n\t<meta property=\"og:image:width\" content=\"120\" \/>\n\t<meta property=\"og:image:height\" content=\"180\" \/>\n\t<meta property=\"og:image:type\" content=\"image\/jpeg\" \/>\n<meta name=\"twitter:card\" content=\"summary_large_image\" \/>\n<meta name=\"twitter:site\" content=\"@zapateneo\" \/>\n<meta name=\"twitter:label1\" content=\"Tiempo de lectura\" \/>\n\t<meta name=\"twitter:data1\" content=\"1 minuto\" \/>\n<script type=\"application\/ld+json\" class=\"yoast-schema-graph\">{\"@context\":\"https:\\\/\\\/schema.org\",\"@graph\":[{\"@type\":\"WebPage\",\"@id\":\"https:\\\/\\\/zapateneo.net\\\/wordpress\\\/index.php\\\/producto\\\/antonia-maymon-anarquista-maestra-naturista\\\/\",\"url\":\"https:\\\/\\\/zapateneo.net\\\/wordpress\\\/index.php\\\/producto\\\/antonia-maymon-anarquista-maestra-naturista\\\/\",\"name\":\"Antonia Maym\u00f3n. Anarquista, maestra, naturista &#8212; Zapateneo\",\"isPartOf\":{\"@id\":\"https:\\\/\\\/zapateneo.net\\\/wordpress\\\/#website\"},\"primaryImageOfPage\":{\"@id\":\"https:\\\/\\\/zapateneo.net\\\/wordpress\\\/index.php\\\/producto\\\/antonia-maymon-anarquista-maestra-naturista\\\/#primaryimage\"},\"image\":{\"@id\":\"https:\\\/\\\/zapateneo.net\\\/wordpress\\\/index.php\\\/producto\\\/antonia-maymon-anarquista-maestra-naturista\\\/#primaryimage\"},\"thumbnailUrl\":\"https:\\\/\\\/zapateneo.net\\\/wordpress\\\/wp-content\\\/uploads\\\/2021\\\/04\\\/8010.jpg\",\"datePublished\":\"2021-04-05T11:50:49+00:00\",\"dateModified\":\"2023-07-25T15:40:02+00:00\",\"breadcrumb\":{\"@id\":\"https:\\\/\\\/zapateneo.net\\\/wordpress\\\/index.php\\\/producto\\\/antonia-maymon-anarquista-maestra-naturista\\\/#breadcrumb\"},\"inLanguage\":\"es\",\"potentialAction\":[{\"@type\":\"ReadAction\",\"target\":[\"https:\\\/\\\/zapateneo.net\\\/wordpress\\\/index.php\\\/producto\\\/antonia-maymon-anarquista-maestra-naturista\\\/\"]}]},{\"@type\":\"ImageObject\",\"inLanguage\":\"es\",\"@id\":\"https:\\\/\\\/zapateneo.net\\\/wordpress\\\/index.php\\\/producto\\\/antonia-maymon-anarquista-maestra-naturista\\\/#primaryimage\",\"url\":\"https:\\\/\\\/zapateneo.net\\\/wordpress\\\/wp-content\\\/uploads\\\/2021\\\/04\\\/8010.jpg\",\"contentUrl\":\"https:\\\/\\\/zapateneo.net\\\/wordpress\\\/wp-content\\\/uploads\\\/2021\\\/04\\\/8010.jpg\",\"width\":120,\"height\":180},{\"@type\":\"BreadcrumbList\",\"@id\":\"https:\\\/\\\/zapateneo.net\\\/wordpress\\\/index.php\\\/producto\\\/antonia-maymon-anarquista-maestra-naturista\\\/#breadcrumb\",\"itemListElement\":[{\"@type\":\"ListItem\",\"position\":1,\"name\":\"Portada\",\"item\":\"https:\\\/\\\/zapateneo.net\\\/wordpress\\\/\"},{\"@type\":\"ListItem\",\"position\":2,\"name\":\"Tienda\",\"item\":\"https:\\\/\\\/zapateneo.net\\\/wordpress\\\/\"},{\"@type\":\"ListItem\",\"position\":3,\"name\":\"Antonia Maym\u00f3n. Anarquista, maestra, naturista\"}]},{\"@type\":\"WebSite\",\"@id\":\"https:\\\/\\\/zapateneo.net\\\/wordpress\\\/#website\",\"url\":\"https:\\\/\\\/zapateneo.net\\\/wordpress\\\/\",\"name\":\"Zapateneo\",\"description\":\"Zapateneoaren webgunea\",\"publisher\":{\"@id\":\"https:\\\/\\\/zapateneo.net\\\/wordpress\\\/#organization\"},\"potentialAction\":[{\"@type\":\"SearchAction\",\"target\":{\"@type\":\"EntryPoint\",\"urlTemplate\":\"https:\\\/\\\/zapateneo.net\\\/wordpress\\\/?s={search_term_string}\"},\"query-input\":{\"@type\":\"PropertyValueSpecification\",\"valueRequired\":true,\"valueName\":\"search_term_string\"}}],\"inLanguage\":\"es\"},{\"@type\":\"Organization\",\"@id\":\"https:\\\/\\\/zapateneo.net\\\/wordpress\\\/#organization\",\"name\":\"Zapateneo Kultur Elkartea\",\"url\":\"https:\\\/\\\/zapateneo.net\\\/wordpress\\\/\",\"logo\":{\"@type\":\"ImageObject\",\"inLanguage\":\"es\",\"@id\":\"https:\\\/\\\/zapateneo.net\\\/wordpress\\\/#\\\/schema\\\/logo\\\/image\\\/\",\"url\":\"https:\\\/\\\/zapateneo.net\\\/wordpress\\\/wp-content\\\/uploads\\\/2021\\\/04\\\/zap-libu-kolec.jpg\",\"contentUrl\":\"https:\\\/\\\/zapateneo.net\\\/wordpress\\\/wp-content\\\/uploads\\\/2021\\\/04\\\/zap-libu-kolec.jpg\",\"width\":2234,\"height\":398,\"caption\":\"Zapateneo Kultur Elkartea\"},\"image\":{\"@id\":\"https:\\\/\\\/zapateneo.net\\\/wordpress\\\/#\\\/schema\\\/logo\\\/image\\\/\"},\"sameAs\":[\"https:\\\/\\\/x.com\\\/zapateneo\"]}]}<\/script>\n<!-- \/ Yoast SEO plugin. -->","yoast_head_json":{"title":"Antonia Maym\u00f3n. Anarquista, maestra, naturista &#8212; Zapateneo","robots":{"index":"index","follow":"follow","max-snippet":"max-snippet:-1","max-image-preview":"max-image-preview:large","max-video-preview":"max-video-preview:-1"},"canonical":"https:\/\/zapateneo.net\/wordpress\/index.php\/producto\/antonia-maymon-anarquista-maestra-naturista\/","og_locale":"es_ES","og_type":"article","og_title":"Antonia Maym\u00f3n. Anarquista, maestra, naturista &#8212; Zapateneo","og_description":"Agull\u00f3 D\u00edaz, M. Carmen 9788492559558 - Virus - 2014 - 287 p\u00e1ginas \/orri.","og_url":"https:\/\/zapateneo.net\/wordpress\/index.php\/producto\/antonia-maymon-anarquista-maestra-naturista\/","og_site_name":"Zapateneo","article_modified_time":"2023-07-25T15:40:02+00:00","og_image":[{"width":120,"height":180,"url":"https:\/\/zapateneo.net\/wordpress\/wp-content\/uploads\/2021\/04\/8010.jpg","type":"image\/jpeg"}],"twitter_card":"summary_large_image","twitter_site":"@zapateneo","twitter_misc":{"Tiempo de lectura":"1 minuto"},"schema":{"@context":"https:\/\/schema.org","@graph":[{"@type":"WebPage","@id":"https:\/\/zapateneo.net\/wordpress\/index.php\/producto\/antonia-maymon-anarquista-maestra-naturista\/","url":"https:\/\/zapateneo.net\/wordpress\/index.php\/producto\/antonia-maymon-anarquista-maestra-naturista\/","name":"Antonia Maym\u00f3n. Anarquista, maestra, naturista &#8212; Zapateneo","isPartOf":{"@id":"https:\/\/zapateneo.net\/wordpress\/#website"},"primaryImageOfPage":{"@id":"https:\/\/zapateneo.net\/wordpress\/index.php\/producto\/antonia-maymon-anarquista-maestra-naturista\/#primaryimage"},"image":{"@id":"https:\/\/zapateneo.net\/wordpress\/index.php\/producto\/antonia-maymon-anarquista-maestra-naturista\/#primaryimage"},"thumbnailUrl":"https:\/\/zapateneo.net\/wordpress\/wp-content\/uploads\/2021\/04\/8010.jpg","datePublished":"2021-04-05T11:50:49+00:00","dateModified":"2023-07-25T15:40:02+00:00","breadcrumb":{"@id":"https:\/\/zapateneo.net\/wordpress\/index.php\/producto\/antonia-maymon-anarquista-maestra-naturista\/#breadcrumb"},"inLanguage":"es","potentialAction":[{"@type":"ReadAction","target":["https:\/\/zapateneo.net\/wordpress\/index.php\/producto\/antonia-maymon-anarquista-maestra-naturista\/"]}]},{"@type":"ImageObject","inLanguage":"es","@id":"https:\/\/zapateneo.net\/wordpress\/index.php\/producto\/antonia-maymon-anarquista-maestra-naturista\/#primaryimage","url":"https:\/\/zapateneo.net\/wordpress\/wp-content\/uploads\/2021\/04\/8010.jpg","contentUrl":"https:\/\/zapateneo.net\/wordpress\/wp-content\/uploads\/2021\/04\/8010.jpg","width":120,"height":180},{"@type":"BreadcrumbList","@id":"https:\/\/zapateneo.net\/wordpress\/index.php\/producto\/antonia-maymon-anarquista-maestra-naturista\/#breadcrumb","itemListElement":[{"@type":"ListItem","position":1,"name":"Portada","item":"https:\/\/zapateneo.net\/wordpress\/"},{"@type":"ListItem","position":2,"name":"Tienda","item":"https:\/\/zapateneo.net\/wordpress\/"},{"@type":"ListItem","position":3,"name":"Antonia Maym\u00f3n. Anarquista, maestra, naturista"}]},{"@type":"WebSite","@id":"https:\/\/zapateneo.net\/wordpress\/#website","url":"https:\/\/zapateneo.net\/wordpress\/","name":"Zapateneo","description":"Zapateneoaren webgunea","publisher":{"@id":"https:\/\/zapateneo.net\/wordpress\/#organization"},"potentialAction":[{"@type":"SearchAction","target":{"@type":"EntryPoint","urlTemplate":"https:\/\/zapateneo.net\/wordpress\/?s={search_term_string}"},"query-input":{"@type":"PropertyValueSpecification","valueRequired":true,"valueName":"search_term_string"}}],"inLanguage":"es"},{"@type":"Organization","@id":"https:\/\/zapateneo.net\/wordpress\/#organization","name":"Zapateneo Kultur Elkartea","url":"https:\/\/zapateneo.net\/wordpress\/","logo":{"@type":"ImageObject","inLanguage":"es","@id":"https:\/\/zapateneo.net\/wordpress\/#\/schema\/logo\/image\/","url":"https:\/\/zapateneo.net\/wordpress\/wp-content\/uploads\/2021\/04\/zap-libu-kolec.jpg","contentUrl":"https:\/\/zapateneo.net\/wordpress\/wp-content\/uploads\/2021\/04\/zap-libu-kolec.jpg","width":2234,"height":398,"caption":"Zapateneo Kultur Elkartea"},"image":{"@id":"https:\/\/zapateneo.net\/wordpress\/#\/schema\/logo\/image\/"},"sameAs":["https:\/\/x.com\/zapateneo"]}]}},"_links":{"self":[{"href":"https:\/\/zapateneo.net\/wordpress\/index.php\/wp-json\/wp\/v2\/product\/117","targetHints":{"allow":["GET"]}}],"collection":[{"href":"https:\/\/zapateneo.net\/wordpress\/index.php\/wp-json\/wp\/v2\/product"}],"about":[{"href":"https:\/\/zapateneo.net\/wordpress\/index.php\/wp-json\/wp\/v2\/types\/product"}],"wp:featuredmedia":[{"embeddable":true,"href":"https:\/\/zapateneo.net\/wordpress\/index.php\/wp-json\/wp\/v2\/media\/169"}],"wp:attachment":[{"href":"https:\/\/zapateneo.net\/wordpress\/index.php\/wp-json\/wp\/v2\/media?parent=117"}],"wp:term":[{"taxonomy":"product_brand","embeddable":true,"href":"https:\/\/zapateneo.net\/wordpress\/index.php\/wp-json\/wp\/v2\/product_brand?post=117"},{"taxonomy":"product_cat","embeddable":true,"href":"https:\/\/zapateneo.net\/wordpress\/index.php\/wp-json\/wp\/v2\/product_cat?post=117"},{"taxonomy":"product_tag","embeddable":true,"href":"https:\/\/zapateneo.net\/wordpress\/index.php\/wp-json\/wp\/v2\/product_tag?post=117"}],"curies":[{"name":"wp","href":"https:\/\/api.w.org\/{rel}","templated":true}]}}