{"id":11686,"date":"2022-07-07T08:06:15","date_gmt":"2022-07-07T07:06:15","guid":{"rendered":"https:\/\/zapateneo.net\/wordpress\/?post_type=product&#038;p=11686"},"modified":"2023-04-12T17:28:21","modified_gmt":"2023-04-12T16:28:21","slug":"la-memoria-traumatica-la-shoah-la-represion-de-las-dictaduras-latinoamericanas-y-los-desaparecidos","status":"publish","type":"product","link":"https:\/\/zapateneo.net\/wordpress\/index.php\/producto\/la-memoria-traumatica-la-shoah-la-represion-de-las-dictaduras-latinoamericanas-y-los-desaparecidos\/","title":{"rendered":"LA MEMORIA TRAUM\u00c1TICA La Shoah, la represi\u00f3n de las dictaduras latinoamericanas y los desaparecidos"},"content":{"rendered":"<p>Si el siglo XX fue el de las tragedias sociopol\u00edticas con graves vulneraciones de los derechos humanos, el actual lo es de la purga de los traumas consecuentes. El presente libro realiza un an\u00e1lisis de c\u00f3mo se ha abordado y resarcido la memoria del sufrimiento colectivo experimentado en tres de los conflictos m\u00e1s tr\u00e1gicos del pasado reciente (la Shoah, las dictaduras represivas latinoamericanas y los desaparecidos del franquismo).<\/p>\n<p>El resultado es un estudio de la Memoria Traum\u00e1tica, un fen\u00f3meno que, m\u00e1s tarde que pronto, se produce cuando una sociedad, marcada por la tragedia, logra afrontar y saldar cuentas emp\u00e1ticas con el da\u00f1o experimentado arrastrado en forma de herida que ha estado supurando en latencia durante un inc\u00f3modo periodo de silencio.<\/p>\n<p>Como fruto paralelo a dicho trabajo de an\u00e1lisis, la obra plantea adem\u00e1s una metodolog\u00eda espec\u00edfica, \u00fatil para el desarrollo de procesos de rememorizaci\u00f3n en sociedades y comunidades en donde la vulneraci\u00f3n de los derechos hu-manos ha dejado tanto v\u00edctimas individuales como colectivas. Seg\u00fan Sabin Egilior: \u00abEs dif\u00edcil pasar p\u00e1gina cuando a\u00fan no se ha escrito nada en esa p\u00e1gina\u00bb. <\/p>\n<p>SABIN EGILIOR MANCISIDOR (Bilbao,1968) Licenciado en Ciencias de la informaci\u00f3n en la Universidad del Pa\u00eds Vasco\/Euskal Herriko Unibertsitatea donde curs\u00f3 posteriormente un postgraduado en Escritura audiovi-sual y documental. Es diplomado en Estudios Avanzados en An\u00e1lisis y doctor en Comunicaci\u00f3n Social por la misma Universidad con la tesis El relato de una tragedia ausente. En el \u00e1mbito profesional informativo trabaj\u00f3 varios a\u00f1os como presentador y guionista en La 2 de TVE. En el a\u00f1o 2000 comienza a centrar su trabajo en la realizaci\u00f3n de documentales para cine y televisi\u00f3n, siendo la memoria hist\u00f3rica de la Guerra Civil en particular, y el estudio de la memoria vinculada a los traumas colectivos del siglo XX, en general, las tem\u00e1ticas a la que ha dedicado gran parte de su actividad. Una actividad que ha sido difundida a nivel internacional a trav\u00e9s de documentales, conferencias y su tesis doctoral de la que este libro es una versi\u00f3n adaptada. Desde el a\u00f1o 2002 es responsable del archivo audiovisual de la memoria elaborado en la Sociedad de Ciencias Aranzadi en colaboraci\u00f3n con la Consejer\u00eda de Justicia del Gobierno Vasco. Entre su filmograf\u00eda se puede destacar Camaradas (2013), La casa de mi padre (2012), El largo viaje (2009), Tras un largo silencio (2007), Udazkena oraindik (2006), S\u00e9ptimo d\u00eda (2006), El puente Vizcaya (2004), 67 a\u00f1os despu\u00e9s (2003) o Gabriel Aresti luma zikina (2002).<\/p>\n","protected":false},"excerpt":{"rendered":"<p><strong>Sabin Egilior<\/strong><br \/>\n9788412442434 &#8211; Dado &#8211; 2022 &#8211; 252 p\u00e1ginas \/orri.<\/p>\n","protected":false},"featured_media":11716,"template":"","meta":[],"product_brand":[],"product_cat":[185,16],"product_tag":[459,5686],"class_list":{"0":"post-11686","1":"product","2":"type-product","3":"status-publish","4":"has-post-thumbnail","6":"product_cat-historia","7":"product_cat-libros","8":"product_tag-dado-ediciones","9":"product_tag-sabin-egilior","11":"first","12":"instock","13":"sold-individually","14":"shipping-taxable","15":"purchasable","16":"product-type-simple"},"yoast_head":"<!-- This site is optimized with the Yoast SEO plugin v27.3 - https:\/\/yoast.com\/product\/yoast-seo-wordpress\/ -->\n<title>LA MEMORIA TRAUM\u00c1TICA La Shoah, la represi\u00f3n de las dictaduras latinoamericanas y los desaparecidos &#8212; Zapateneo<\/title>\n<meta name=\"robots\" content=\"index, follow, max-snippet:-1, max-image-preview:large, max-video-preview:-1\" \/>\n<link rel=\"canonical\" href=\"https:\/\/zapateneo.net\/wordpress\/index.php\/producto\/la-memoria-traumatica-la-shoah-la-represion-de-las-dictaduras-latinoamericanas-y-los-desaparecidos\/\" \/>\n<meta property=\"og:locale\" content=\"es_ES\" \/>\n<meta property=\"og:type\" content=\"article\" \/>\n<meta property=\"og:title\" content=\"LA MEMORIA TRAUM\u00c1TICA La Shoah, la represi\u00f3n de las dictaduras latinoamericanas y los desaparecidos &#8212; Zapateneo\" \/>\n<meta property=\"og:description\" content=\"Sabin Egilior 9788412442434 - Dado - 2022 - 252 p\u00e1ginas \/orri.\" \/>\n<meta property=\"og:url\" content=\"https:\/\/zapateneo.net\/wordpress\/index.php\/producto\/la-memoria-traumatica-la-shoah-la-represion-de-las-dictaduras-latinoamericanas-y-los-desaparecidos\/\" \/>\n<meta property=\"og:site_name\" content=\"Zapateneo\" \/>\n<meta property=\"article:modified_time\" content=\"2023-04-12T16:28:21+00:00\" \/>\n<meta property=\"og:image\" content=\"https:\/\/zapateneo.net\/wordpress\/wp-content\/uploads\/2022\/07\/la-memoria-traumatica-9788412442434.jpg\" \/>\n\t<meta property=\"og:image:width\" content=\"284\" \/>\n\t<meta property=\"og:image:height\" content=\"400\" \/>\n\t<meta property=\"og:image:type\" content=\"image\/jpeg\" \/>\n<meta name=\"twitter:card\" content=\"summary_large_image\" \/>\n<meta name=\"twitter:site\" content=\"@zapateneo\" \/>\n<meta name=\"twitter:label1\" content=\"Tiempo de lectura\" \/>\n\t<meta name=\"twitter:data1\" content=\"2 minutos\" \/>\n<script type=\"application\/ld+json\" class=\"yoast-schema-graph\">{\"@context\":\"https:\\\/\\\/schema.org\",\"@graph\":[{\"@type\":\"WebPage\",\"@id\":\"https:\\\/\\\/zapateneo.net\\\/wordpress\\\/index.php\\\/producto\\\/la-memoria-traumatica-la-shoah-la-represion-de-las-dictaduras-latinoamericanas-y-los-desaparecidos\\\/\",\"url\":\"https:\\\/\\\/zapateneo.net\\\/wordpress\\\/index.php\\\/producto\\\/la-memoria-traumatica-la-shoah-la-represion-de-las-dictaduras-latinoamericanas-y-los-desaparecidos\\\/\",\"name\":\"LA MEMORIA TRAUM\u00c1TICA La Shoah, la represi\u00f3n de las dictaduras latinoamericanas y los desaparecidos &#8212; Zapateneo\",\"isPartOf\":{\"@id\":\"https:\\\/\\\/zapateneo.net\\\/wordpress\\\/#website\"},\"primaryImageOfPage\":{\"@id\":\"https:\\\/\\\/zapateneo.net\\\/wordpress\\\/index.php\\\/producto\\\/la-memoria-traumatica-la-shoah-la-represion-de-las-dictaduras-latinoamericanas-y-los-desaparecidos\\\/#primaryimage\"},\"image\":{\"@id\":\"https:\\\/\\\/zapateneo.net\\\/wordpress\\\/index.php\\\/producto\\\/la-memoria-traumatica-la-shoah-la-represion-de-las-dictaduras-latinoamericanas-y-los-desaparecidos\\\/#primaryimage\"},\"thumbnailUrl\":\"https:\\\/\\\/zapateneo.net\\\/wordpress\\\/wp-content\\\/uploads\\\/2022\\\/07\\\/la-memoria-traumatica-9788412442434.jpg\",\"datePublished\":\"2022-07-07T07:06:15+00:00\",\"dateModified\":\"2023-04-12T16:28:21+00:00\",\"breadcrumb\":{\"@id\":\"https:\\\/\\\/zapateneo.net\\\/wordpress\\\/index.php\\\/producto\\\/la-memoria-traumatica-la-shoah-la-represion-de-las-dictaduras-latinoamericanas-y-los-desaparecidos\\\/#breadcrumb\"},\"inLanguage\":\"es\",\"potentialAction\":[{\"@type\":\"ReadAction\",\"target\":[\"https:\\\/\\\/zapateneo.net\\\/wordpress\\\/index.php\\\/producto\\\/la-memoria-traumatica-la-shoah-la-represion-de-las-dictaduras-latinoamericanas-y-los-desaparecidos\\\/\"]}]},{\"@type\":\"ImageObject\",\"inLanguage\":\"es\",\"@id\":\"https:\\\/\\\/zapateneo.net\\\/wordpress\\\/index.php\\\/producto\\\/la-memoria-traumatica-la-shoah-la-represion-de-las-dictaduras-latinoamericanas-y-los-desaparecidos\\\/#primaryimage\",\"url\":\"https:\\\/\\\/zapateneo.net\\\/wordpress\\\/wp-content\\\/uploads\\\/2022\\\/07\\\/la-memoria-traumatica-9788412442434.jpg\",\"contentUrl\":\"https:\\\/\\\/zapateneo.net\\\/wordpress\\\/wp-content\\\/uploads\\\/2022\\\/07\\\/la-memoria-traumatica-9788412442434.jpg\",\"width\":284,\"height\":400},{\"@type\":\"BreadcrumbList\",\"@id\":\"https:\\\/\\\/zapateneo.net\\\/wordpress\\\/index.php\\\/producto\\\/la-memoria-traumatica-la-shoah-la-represion-de-las-dictaduras-latinoamericanas-y-los-desaparecidos\\\/#breadcrumb\",\"itemListElement\":[{\"@type\":\"ListItem\",\"position\":1,\"name\":\"Portada\",\"item\":\"https:\\\/\\\/zapateneo.net\\\/wordpress\\\/\"},{\"@type\":\"ListItem\",\"position\":2,\"name\":\"Tienda\",\"item\":\"https:\\\/\\\/zapateneo.net\\\/wordpress\\\/\"},{\"@type\":\"ListItem\",\"position\":3,\"name\":\"LA MEMORIA TRAUM\u00c1TICA La Shoah, la represi\u00f3n de las dictaduras latinoamericanas y los desaparecidos\"}]},{\"@type\":\"WebSite\",\"@id\":\"https:\\\/\\\/zapateneo.net\\\/wordpress\\\/#website\",\"url\":\"https:\\\/\\\/zapateneo.net\\\/wordpress\\\/\",\"name\":\"Zapateneo\",\"description\":\"Zapateneoaren webgunea\",\"publisher\":{\"@id\":\"https:\\\/\\\/zapateneo.net\\\/wordpress\\\/#organization\"},\"potentialAction\":[{\"@type\":\"SearchAction\",\"target\":{\"@type\":\"EntryPoint\",\"urlTemplate\":\"https:\\\/\\\/zapateneo.net\\\/wordpress\\\/?s={search_term_string}\"},\"query-input\":{\"@type\":\"PropertyValueSpecification\",\"valueRequired\":true,\"valueName\":\"search_term_string\"}}],\"inLanguage\":\"es\"},{\"@type\":\"Organization\",\"@id\":\"https:\\\/\\\/zapateneo.net\\\/wordpress\\\/#organization\",\"name\":\"Zapateneo Kultur Elkartea\",\"url\":\"https:\\\/\\\/zapateneo.net\\\/wordpress\\\/\",\"logo\":{\"@type\":\"ImageObject\",\"inLanguage\":\"es\",\"@id\":\"https:\\\/\\\/zapateneo.net\\\/wordpress\\\/#\\\/schema\\\/logo\\\/image\\\/\",\"url\":\"https:\\\/\\\/zapateneo.net\\\/wordpress\\\/wp-content\\\/uploads\\\/2021\\\/04\\\/zap-libu-kolec.jpg\",\"contentUrl\":\"https:\\\/\\\/zapateneo.net\\\/wordpress\\\/wp-content\\\/uploads\\\/2021\\\/04\\\/zap-libu-kolec.jpg\",\"width\":2234,\"height\":398,\"caption\":\"Zapateneo Kultur Elkartea\"},\"image\":{\"@id\":\"https:\\\/\\\/zapateneo.net\\\/wordpress\\\/#\\\/schema\\\/logo\\\/image\\\/\"},\"sameAs\":[\"https:\\\/\\\/x.com\\\/zapateneo\"]}]}<\/script>\n<!-- \/ Yoast SEO plugin. -->","yoast_head_json":{"title":"LA MEMORIA TRAUM\u00c1TICA La Shoah, la represi\u00f3n de las dictaduras latinoamericanas y los desaparecidos &#8212; Zapateneo","robots":{"index":"index","follow":"follow","max-snippet":"max-snippet:-1","max-image-preview":"max-image-preview:large","max-video-preview":"max-video-preview:-1"},"canonical":"https:\/\/zapateneo.net\/wordpress\/index.php\/producto\/la-memoria-traumatica-la-shoah-la-represion-de-las-dictaduras-latinoamericanas-y-los-desaparecidos\/","og_locale":"es_ES","og_type":"article","og_title":"LA MEMORIA TRAUM\u00c1TICA La Shoah, la represi\u00f3n de las dictaduras latinoamericanas y los desaparecidos &#8212; Zapateneo","og_description":"Sabin Egilior 9788412442434 - Dado - 2022 - 252 p\u00e1ginas \/orri.","og_url":"https:\/\/zapateneo.net\/wordpress\/index.php\/producto\/la-memoria-traumatica-la-shoah-la-represion-de-las-dictaduras-latinoamericanas-y-los-desaparecidos\/","og_site_name":"Zapateneo","article_modified_time":"2023-04-12T16:28:21+00:00","og_image":[{"width":284,"height":400,"url":"https:\/\/zapateneo.net\/wordpress\/wp-content\/uploads\/2022\/07\/la-memoria-traumatica-9788412442434.jpg","type":"image\/jpeg"}],"twitter_card":"summary_large_image","twitter_site":"@zapateneo","twitter_misc":{"Tiempo de lectura":"2 minutos"},"schema":{"@context":"https:\/\/schema.org","@graph":[{"@type":"WebPage","@id":"https:\/\/zapateneo.net\/wordpress\/index.php\/producto\/la-memoria-traumatica-la-shoah-la-represion-de-las-dictaduras-latinoamericanas-y-los-desaparecidos\/","url":"https:\/\/zapateneo.net\/wordpress\/index.php\/producto\/la-memoria-traumatica-la-shoah-la-represion-de-las-dictaduras-latinoamericanas-y-los-desaparecidos\/","name":"LA MEMORIA TRAUM\u00c1TICA La Shoah, la represi\u00f3n de las dictaduras latinoamericanas y los desaparecidos &#8212; Zapateneo","isPartOf":{"@id":"https:\/\/zapateneo.net\/wordpress\/#website"},"primaryImageOfPage":{"@id":"https:\/\/zapateneo.net\/wordpress\/index.php\/producto\/la-memoria-traumatica-la-shoah-la-represion-de-las-dictaduras-latinoamericanas-y-los-desaparecidos\/#primaryimage"},"image":{"@id":"https:\/\/zapateneo.net\/wordpress\/index.php\/producto\/la-memoria-traumatica-la-shoah-la-represion-de-las-dictaduras-latinoamericanas-y-los-desaparecidos\/#primaryimage"},"thumbnailUrl":"https:\/\/zapateneo.net\/wordpress\/wp-content\/uploads\/2022\/07\/la-memoria-traumatica-9788412442434.jpg","datePublished":"2022-07-07T07:06:15+00:00","dateModified":"2023-04-12T16:28:21+00:00","breadcrumb":{"@id":"https:\/\/zapateneo.net\/wordpress\/index.php\/producto\/la-memoria-traumatica-la-shoah-la-represion-de-las-dictaduras-latinoamericanas-y-los-desaparecidos\/#breadcrumb"},"inLanguage":"es","potentialAction":[{"@type":"ReadAction","target":["https:\/\/zapateneo.net\/wordpress\/index.php\/producto\/la-memoria-traumatica-la-shoah-la-represion-de-las-dictaduras-latinoamericanas-y-los-desaparecidos\/"]}]},{"@type":"ImageObject","inLanguage":"es","@id":"https:\/\/zapateneo.net\/wordpress\/index.php\/producto\/la-memoria-traumatica-la-shoah-la-represion-de-las-dictaduras-latinoamericanas-y-los-desaparecidos\/#primaryimage","url":"https:\/\/zapateneo.net\/wordpress\/wp-content\/uploads\/2022\/07\/la-memoria-traumatica-9788412442434.jpg","contentUrl":"https:\/\/zapateneo.net\/wordpress\/wp-content\/uploads\/2022\/07\/la-memoria-traumatica-9788412442434.jpg","width":284,"height":400},{"@type":"BreadcrumbList","@id":"https:\/\/zapateneo.net\/wordpress\/index.php\/producto\/la-memoria-traumatica-la-shoah-la-represion-de-las-dictaduras-latinoamericanas-y-los-desaparecidos\/#breadcrumb","itemListElement":[{"@type":"ListItem","position":1,"name":"Portada","item":"https:\/\/zapateneo.net\/wordpress\/"},{"@type":"ListItem","position":2,"name":"Tienda","item":"https:\/\/zapateneo.net\/wordpress\/"},{"@type":"ListItem","position":3,"name":"LA MEMORIA TRAUM\u00c1TICA La Shoah, la represi\u00f3n de las dictaduras latinoamericanas y los desaparecidos"}]},{"@type":"WebSite","@id":"https:\/\/zapateneo.net\/wordpress\/#website","url":"https:\/\/zapateneo.net\/wordpress\/","name":"Zapateneo","description":"Zapateneoaren webgunea","publisher":{"@id":"https:\/\/zapateneo.net\/wordpress\/#organization"},"potentialAction":[{"@type":"SearchAction","target":{"@type":"EntryPoint","urlTemplate":"https:\/\/zapateneo.net\/wordpress\/?s={search_term_string}"},"query-input":{"@type":"PropertyValueSpecification","valueRequired":true,"valueName":"search_term_string"}}],"inLanguage":"es"},{"@type":"Organization","@id":"https:\/\/zapateneo.net\/wordpress\/#organization","name":"Zapateneo Kultur Elkartea","url":"https:\/\/zapateneo.net\/wordpress\/","logo":{"@type":"ImageObject","inLanguage":"es","@id":"https:\/\/zapateneo.net\/wordpress\/#\/schema\/logo\/image\/","url":"https:\/\/zapateneo.net\/wordpress\/wp-content\/uploads\/2021\/04\/zap-libu-kolec.jpg","contentUrl":"https:\/\/zapateneo.net\/wordpress\/wp-content\/uploads\/2021\/04\/zap-libu-kolec.jpg","width":2234,"height":398,"caption":"Zapateneo Kultur Elkartea"},"image":{"@id":"https:\/\/zapateneo.net\/wordpress\/#\/schema\/logo\/image\/"},"sameAs":["https:\/\/x.com\/zapateneo"]}]}},"_links":{"self":[{"href":"https:\/\/zapateneo.net\/wordpress\/index.php\/wp-json\/wp\/v2\/product\/11686","targetHints":{"allow":["GET"]}}],"collection":[{"href":"https:\/\/zapateneo.net\/wordpress\/index.php\/wp-json\/wp\/v2\/product"}],"about":[{"href":"https:\/\/zapateneo.net\/wordpress\/index.php\/wp-json\/wp\/v2\/types\/product"}],"wp:featuredmedia":[{"embeddable":true,"href":"https:\/\/zapateneo.net\/wordpress\/index.php\/wp-json\/wp\/v2\/media\/11716"}],"wp:attachment":[{"href":"https:\/\/zapateneo.net\/wordpress\/index.php\/wp-json\/wp\/v2\/media?parent=11686"}],"wp:term":[{"taxonomy":"product_brand","embeddable":true,"href":"https:\/\/zapateneo.net\/wordpress\/index.php\/wp-json\/wp\/v2\/product_brand?post=11686"},{"taxonomy":"product_cat","embeddable":true,"href":"https:\/\/zapateneo.net\/wordpress\/index.php\/wp-json\/wp\/v2\/product_cat?post=11686"},{"taxonomy":"product_tag","embeddable":true,"href":"https:\/\/zapateneo.net\/wordpress\/index.php\/wp-json\/wp\/v2\/product_tag?post=11686"}],"curies":[{"name":"wp","href":"https:\/\/api.w.org\/{rel}","templated":true}]}}