{"id":11685,"date":"2022-07-07T08:06:15","date_gmt":"2022-07-07T07:06:15","guid":{"rendered":"https:\/\/zapateneo.net\/wordpress\/?post_type=product&#038;p=11685"},"modified":"2022-07-07T08:06:34","modified_gmt":"2022-07-07T07:06:34","slug":"la-sociedad-rosa-30-anos-despues","status":"publish","type":"product","link":"https:\/\/zapateneo.net\/wordpress\/index.php\/producto\/la-sociedad-rosa-30-anos-despues\/","title":{"rendered":"LA SOCIEDAD ROSA (30 a\u00f1os despu\u00e9s)"},"content":{"rendered":"<p>\u00abEl mundo heterosexual \u2013la sociedad azul, si se me permite\u2014tiene una visi\u00f3n fantasmag\u00f3rica, distorsionada, exagerada y pesimista de la sociedad homosexual rosa. En la ideolog\u00eda dominante, las pr\u00e1cticas perversas, incomprensibles y monstruosas (\u2026) Pero, al leer este libro, lo primero que sorprende es la normalidad de la aparente anormalidad estigmatizada. Lo importante no es explicar que existe la estigmatizaci\u00f3n, sino c\u00f3mo se produce exactamente, qui\u00e9n define las normas, qu\u00e9 pasa cuando las normas sociales se cumplen y como sufren las personas\u00bb \u2014Jes\u00fas M. de Miguel<\/p>\n<p>Esto dec\u00eda en su pr\u00f3logo de La sociedad rosa hace treinta a\u00f1os cuando se public\u00f3 esta investigaci\u00f3n sobre el mundo gay. Este libro analiza las transformaciones sufridas entre los a\u00f1os ochenta y principios de los noventa del s. XX por el universo homosexual espa\u00f1ol como consecuencia de la extensi\u00f3n del modelo gay y el proceso de disoluci\u00f3n de la subcultura gay que provoc\u00f3 el sida. Se describe la manera en que los heterosexuales clasifican la homosexualidad y el modo en que los varones homosexuales se definen a s\u00ed mismos. Se detallan tambi\u00e9n los modos de iniciaci\u00f3n y socializaci\u00f3n en la red homosexual, as\u00ed como el car\u00e1cter de la interacci\u00f3n homosexual que acontece en las instituciones gays y en los espacios p\u00fablicos. Finalmente, se critica el anacronismo de las diferentes categor\u00edas definitiorias de la homosexualidad masculina.<\/p>\n<p>Todos estos temas son abordados con la finalidad de explicar c\u00f3mo se produce la estigmatizaci\u00f3n del colectivo. Treinta a\u00f1os despu\u00e9s se reedita esta obra fundacional de los estudios LGBTI en el Estado espa\u00f1ol y podemos analizar que similitudes, diferencias y continuidades siguen existiendo.<\/p>\n<p>Oscar Guasch es historiador, antrop\u00f3logo y profesor en la Universidad de Barcelona. Ha desarrollado la teor\u00eda social de la sexualidad en el contexto europeo, desde donde formula una alternativa sociol\u00f3gica a las teor\u00edas conservadoras anglosajonas. Ha escrito sobre el origen hist\u00f3rico de la heterosexualidad, y sobre los cambios en los estilos de vida que derivan de ella. Es cronista y etn\u00f3grafo de las comunidades homo-gais peninsulares, y tiene trabajos de referencia al respecto. Ha sido pionero en aplicar la perspectiva de g\u00e9nero posfeminista al estudio de las masculinidades peninsulares. En sus investigaciones, apuesta por la especificidad te\u00f3rica de la realidad homosexual frente a las limitaciones LGBTI y queer. En estos momentos estudia las relaciones entre homofobia e identidad en el contexto del trabajo sexual entre hombres. Ha sido profesor invitado en diversas Universidades americanas y europeas. Forma parte del GENI (Grup de Recerca en G\u00e8nere, Identitat i Diversitat). Su \u00faltimo libro (con Olga Jubany) es: Intersecciones encarnadas. (Con)textos cr\u00edticos en g\u00e9nero, diversidad e identidad.<\/p>\n","protected":false},"excerpt":{"rendered":"<p><strong>Oscar Guasch Andreu<\/strong><br \/>\n9788418684814 &#8211; Bellaterra &#8211; 2022 &#8211; 200 p\u00e1ginas \/orri.<\/p>\n","protected":false},"featured_media":11715,"template":"","meta":[],"product_brand":[],"product_cat":[174,16],"product_tag":[92,5685],"class_list":{"0":"post-11685","1":"product","2":"type-product","3":"status-publish","4":"has-post-thumbnail","6":"product_cat-generoak-generos","7":"product_cat-libros","8":"product_tag-bellaterra","9":"product_tag-oscar-guasch-andreu","11":"first","12":"instock","13":"sold-individually","14":"shipping-taxable","15":"purchasable","16":"product-type-simple"},"yoast_head":"<!-- This site is optimized with the Yoast SEO plugin v27.3 - https:\/\/yoast.com\/product\/yoast-seo-wordpress\/ -->\n<title>LA SOCIEDAD ROSA (30 a\u00f1os despu\u00e9s) &#8212; Zapateneo<\/title>\n<meta name=\"robots\" content=\"index, follow, max-snippet:-1, max-image-preview:large, max-video-preview:-1\" \/>\n<link rel=\"canonical\" href=\"https:\/\/zapateneo.net\/wordpress\/index.php\/producto\/la-sociedad-rosa-30-anos-despues\/\" \/>\n<meta property=\"og:locale\" content=\"es_ES\" \/>\n<meta property=\"og:type\" content=\"article\" \/>\n<meta property=\"og:title\" content=\"LA SOCIEDAD ROSA (30 a\u00f1os despu\u00e9s) &#8212; Zapateneo\" \/>\n<meta property=\"og:description\" content=\"Oscar Guasch Andreu 9788418684814 - Bellaterra - 2022 - 200 p\u00e1ginas \/orri.\" \/>\n<meta property=\"og:url\" content=\"https:\/\/zapateneo.net\/wordpress\/index.php\/producto\/la-sociedad-rosa-30-anos-despues\/\" \/>\n<meta property=\"og:site_name\" content=\"Zapateneo\" \/>\n<meta property=\"article:modified_time\" content=\"2022-07-07T07:06:34+00:00\" \/>\n<meta name=\"twitter:card\" content=\"summary_large_image\" \/>\n<meta name=\"twitter:site\" content=\"@zapateneo\" \/>\n<meta name=\"twitter:label1\" content=\"Tiempo de lectura\" \/>\n\t<meta name=\"twitter:data1\" content=\"2 minutos\" \/>\n<script type=\"application\/ld+json\" class=\"yoast-schema-graph\">{\"@context\":\"https:\\\/\\\/schema.org\",\"@graph\":[{\"@type\":\"WebPage\",\"@id\":\"https:\\\/\\\/zapateneo.net\\\/wordpress\\\/index.php\\\/producto\\\/la-sociedad-rosa-30-anos-despues\\\/\",\"url\":\"https:\\\/\\\/zapateneo.net\\\/wordpress\\\/index.php\\\/producto\\\/la-sociedad-rosa-30-anos-despues\\\/\",\"name\":\"LA SOCIEDAD ROSA (30 a\u00f1os despu\u00e9s) &#8212; Zapateneo\",\"isPartOf\":{\"@id\":\"https:\\\/\\\/zapateneo.net\\\/wordpress\\\/#website\"},\"primaryImageOfPage\":{\"@id\":\"https:\\\/\\\/zapateneo.net\\\/wordpress\\\/index.php\\\/producto\\\/la-sociedad-rosa-30-anos-despues\\\/#primaryimage\"},\"image\":{\"@id\":\"https:\\\/\\\/zapateneo.net\\\/wordpress\\\/index.php\\\/producto\\\/la-sociedad-rosa-30-anos-despues\\\/#primaryimage\"},\"thumbnailUrl\":\"https:\\\/\\\/zapateneo.net\\\/wordpress\\\/wp-content\\\/uploads\\\/2022\\\/07\\\/la-sociedad-rosa-9788418684814.jpg\",\"datePublished\":\"2022-07-07T07:06:15+00:00\",\"dateModified\":\"2022-07-07T07:06:34+00:00\",\"breadcrumb\":{\"@id\":\"https:\\\/\\\/zapateneo.net\\\/wordpress\\\/index.php\\\/producto\\\/la-sociedad-rosa-30-anos-despues\\\/#breadcrumb\"},\"inLanguage\":\"es\",\"potentialAction\":[{\"@type\":\"ReadAction\",\"target\":[\"https:\\\/\\\/zapateneo.net\\\/wordpress\\\/index.php\\\/producto\\\/la-sociedad-rosa-30-anos-despues\\\/\"]}]},{\"@type\":\"ImageObject\",\"inLanguage\":\"es\",\"@id\":\"https:\\\/\\\/zapateneo.net\\\/wordpress\\\/index.php\\\/producto\\\/la-sociedad-rosa-30-anos-despues\\\/#primaryimage\",\"url\":\"https:\\\/\\\/zapateneo.net\\\/wordpress\\\/wp-content\\\/uploads\\\/2022\\\/07\\\/la-sociedad-rosa-9788418684814.jpg\",\"contentUrl\":\"https:\\\/\\\/zapateneo.net\\\/wordpress\\\/wp-content\\\/uploads\\\/2022\\\/07\\\/la-sociedad-rosa-9788418684814.jpg\",\"width\":286,\"height\":400},{\"@type\":\"BreadcrumbList\",\"@id\":\"https:\\\/\\\/zapateneo.net\\\/wordpress\\\/index.php\\\/producto\\\/la-sociedad-rosa-30-anos-despues\\\/#breadcrumb\",\"itemListElement\":[{\"@type\":\"ListItem\",\"position\":1,\"name\":\"Portada\",\"item\":\"https:\\\/\\\/zapateneo.net\\\/wordpress\\\/\"},{\"@type\":\"ListItem\",\"position\":2,\"name\":\"Tienda\",\"item\":\"https:\\\/\\\/zapateneo.net\\\/wordpress\\\/\"},{\"@type\":\"ListItem\",\"position\":3,\"name\":\"LA SOCIEDAD ROSA (30 a\u00f1os despu\u00e9s)\"}]},{\"@type\":\"WebSite\",\"@id\":\"https:\\\/\\\/zapateneo.net\\\/wordpress\\\/#website\",\"url\":\"https:\\\/\\\/zapateneo.net\\\/wordpress\\\/\",\"name\":\"Zapateneo\",\"description\":\"Zapateneoaren webgunea\",\"publisher\":{\"@id\":\"https:\\\/\\\/zapateneo.net\\\/wordpress\\\/#organization\"},\"potentialAction\":[{\"@type\":\"SearchAction\",\"target\":{\"@type\":\"EntryPoint\",\"urlTemplate\":\"https:\\\/\\\/zapateneo.net\\\/wordpress\\\/?s={search_term_string}\"},\"query-input\":{\"@type\":\"PropertyValueSpecification\",\"valueRequired\":true,\"valueName\":\"search_term_string\"}}],\"inLanguage\":\"es\"},{\"@type\":\"Organization\",\"@id\":\"https:\\\/\\\/zapateneo.net\\\/wordpress\\\/#organization\",\"name\":\"Zapateneo Kultur Elkartea\",\"url\":\"https:\\\/\\\/zapateneo.net\\\/wordpress\\\/\",\"logo\":{\"@type\":\"ImageObject\",\"inLanguage\":\"es\",\"@id\":\"https:\\\/\\\/zapateneo.net\\\/wordpress\\\/#\\\/schema\\\/logo\\\/image\\\/\",\"url\":\"https:\\\/\\\/zapateneo.net\\\/wordpress\\\/wp-content\\\/uploads\\\/2021\\\/04\\\/zap-libu-kolec.jpg\",\"contentUrl\":\"https:\\\/\\\/zapateneo.net\\\/wordpress\\\/wp-content\\\/uploads\\\/2021\\\/04\\\/zap-libu-kolec.jpg\",\"width\":2234,\"height\":398,\"caption\":\"Zapateneo Kultur Elkartea\"},\"image\":{\"@id\":\"https:\\\/\\\/zapateneo.net\\\/wordpress\\\/#\\\/schema\\\/logo\\\/image\\\/\"},\"sameAs\":[\"https:\\\/\\\/x.com\\\/zapateneo\"]}]}<\/script>\n<!-- \/ Yoast SEO plugin. -->","yoast_head_json":{"title":"LA SOCIEDAD ROSA (30 a\u00f1os despu\u00e9s) &#8212; Zapateneo","robots":{"index":"index","follow":"follow","max-snippet":"max-snippet:-1","max-image-preview":"max-image-preview:large","max-video-preview":"max-video-preview:-1"},"canonical":"https:\/\/zapateneo.net\/wordpress\/index.php\/producto\/la-sociedad-rosa-30-anos-despues\/","og_locale":"es_ES","og_type":"article","og_title":"LA SOCIEDAD ROSA (30 a\u00f1os despu\u00e9s) &#8212; Zapateneo","og_description":"Oscar Guasch Andreu 9788418684814 - Bellaterra - 2022 - 200 p\u00e1ginas \/orri.","og_url":"https:\/\/zapateneo.net\/wordpress\/index.php\/producto\/la-sociedad-rosa-30-anos-despues\/","og_site_name":"Zapateneo","article_modified_time":"2022-07-07T07:06:34+00:00","twitter_card":"summary_large_image","twitter_site":"@zapateneo","twitter_misc":{"Tiempo de lectura":"2 minutos"},"schema":{"@context":"https:\/\/schema.org","@graph":[{"@type":"WebPage","@id":"https:\/\/zapateneo.net\/wordpress\/index.php\/producto\/la-sociedad-rosa-30-anos-despues\/","url":"https:\/\/zapateneo.net\/wordpress\/index.php\/producto\/la-sociedad-rosa-30-anos-despues\/","name":"LA SOCIEDAD ROSA (30 a\u00f1os despu\u00e9s) &#8212; Zapateneo","isPartOf":{"@id":"https:\/\/zapateneo.net\/wordpress\/#website"},"primaryImageOfPage":{"@id":"https:\/\/zapateneo.net\/wordpress\/index.php\/producto\/la-sociedad-rosa-30-anos-despues\/#primaryimage"},"image":{"@id":"https:\/\/zapateneo.net\/wordpress\/index.php\/producto\/la-sociedad-rosa-30-anos-despues\/#primaryimage"},"thumbnailUrl":"https:\/\/zapateneo.net\/wordpress\/wp-content\/uploads\/2022\/07\/la-sociedad-rosa-9788418684814.jpg","datePublished":"2022-07-07T07:06:15+00:00","dateModified":"2022-07-07T07:06:34+00:00","breadcrumb":{"@id":"https:\/\/zapateneo.net\/wordpress\/index.php\/producto\/la-sociedad-rosa-30-anos-despues\/#breadcrumb"},"inLanguage":"es","potentialAction":[{"@type":"ReadAction","target":["https:\/\/zapateneo.net\/wordpress\/index.php\/producto\/la-sociedad-rosa-30-anos-despues\/"]}]},{"@type":"ImageObject","inLanguage":"es","@id":"https:\/\/zapateneo.net\/wordpress\/index.php\/producto\/la-sociedad-rosa-30-anos-despues\/#primaryimage","url":"https:\/\/zapateneo.net\/wordpress\/wp-content\/uploads\/2022\/07\/la-sociedad-rosa-9788418684814.jpg","contentUrl":"https:\/\/zapateneo.net\/wordpress\/wp-content\/uploads\/2022\/07\/la-sociedad-rosa-9788418684814.jpg","width":286,"height":400},{"@type":"BreadcrumbList","@id":"https:\/\/zapateneo.net\/wordpress\/index.php\/producto\/la-sociedad-rosa-30-anos-despues\/#breadcrumb","itemListElement":[{"@type":"ListItem","position":1,"name":"Portada","item":"https:\/\/zapateneo.net\/wordpress\/"},{"@type":"ListItem","position":2,"name":"Tienda","item":"https:\/\/zapateneo.net\/wordpress\/"},{"@type":"ListItem","position":3,"name":"LA SOCIEDAD ROSA (30 a\u00f1os despu\u00e9s)"}]},{"@type":"WebSite","@id":"https:\/\/zapateneo.net\/wordpress\/#website","url":"https:\/\/zapateneo.net\/wordpress\/","name":"Zapateneo","description":"Zapateneoaren webgunea","publisher":{"@id":"https:\/\/zapateneo.net\/wordpress\/#organization"},"potentialAction":[{"@type":"SearchAction","target":{"@type":"EntryPoint","urlTemplate":"https:\/\/zapateneo.net\/wordpress\/?s={search_term_string}"},"query-input":{"@type":"PropertyValueSpecification","valueRequired":true,"valueName":"search_term_string"}}],"inLanguage":"es"},{"@type":"Organization","@id":"https:\/\/zapateneo.net\/wordpress\/#organization","name":"Zapateneo Kultur Elkartea","url":"https:\/\/zapateneo.net\/wordpress\/","logo":{"@type":"ImageObject","inLanguage":"es","@id":"https:\/\/zapateneo.net\/wordpress\/#\/schema\/logo\/image\/","url":"https:\/\/zapateneo.net\/wordpress\/wp-content\/uploads\/2021\/04\/zap-libu-kolec.jpg","contentUrl":"https:\/\/zapateneo.net\/wordpress\/wp-content\/uploads\/2021\/04\/zap-libu-kolec.jpg","width":2234,"height":398,"caption":"Zapateneo Kultur Elkartea"},"image":{"@id":"https:\/\/zapateneo.net\/wordpress\/#\/schema\/logo\/image\/"},"sameAs":["https:\/\/x.com\/zapateneo"]}]}},"_links":{"self":[{"href":"https:\/\/zapateneo.net\/wordpress\/index.php\/wp-json\/wp\/v2\/product\/11685","targetHints":{"allow":["GET"]}}],"collection":[{"href":"https:\/\/zapateneo.net\/wordpress\/index.php\/wp-json\/wp\/v2\/product"}],"about":[{"href":"https:\/\/zapateneo.net\/wordpress\/index.php\/wp-json\/wp\/v2\/types\/product"}],"wp:featuredmedia":[{"embeddable":true,"href":"https:\/\/zapateneo.net\/wordpress\/index.php\/wp-json\/wp\/v2\/media\/11715"}],"wp:attachment":[{"href":"https:\/\/zapateneo.net\/wordpress\/index.php\/wp-json\/wp\/v2\/media?parent=11685"}],"wp:term":[{"taxonomy":"product_brand","embeddable":true,"href":"https:\/\/zapateneo.net\/wordpress\/index.php\/wp-json\/wp\/v2\/product_brand?post=11685"},{"taxonomy":"product_cat","embeddable":true,"href":"https:\/\/zapateneo.net\/wordpress\/index.php\/wp-json\/wp\/v2\/product_cat?post=11685"},{"taxonomy":"product_tag","embeddable":true,"href":"https:\/\/zapateneo.net\/wordpress\/index.php\/wp-json\/wp\/v2\/product_tag?post=11685"}],"curies":[{"name":"wp","href":"https:\/\/api.w.org\/{rel}","templated":true}]}}