{"id":11684,"date":"2022-07-07T08:06:15","date_gmt":"2022-07-07T07:06:15","guid":{"rendered":"https:\/\/zapateneo.net\/wordpress\/?post_type=product&#038;p=11684"},"modified":"2022-07-07T08:06:33","modified_gmt":"2022-07-07T07:06:33","slug":"el-banquero-anarquista","status":"publish","type":"product","link":"https:\/\/zapateneo.net\/wordpress\/index.php\/producto\/el-banquero-anarquista\/","title":{"rendered":"EL BANQUERO ANARQUISTA"},"content":{"rendered":"<p>Ilustrado por David Ouro<\/p>\n<p>En El banquero anarquista, publicado en 1922, Pessoa nos presenta un di\u00e1logo entre un acaudalado banquero, que se autoproclama sincero y aut\u00e9ntico anarquista, y otro joven personaje del que no se dice nada. A partir de esta contradicci\u00f3n y haciendo uso de la \u00abs\u00e1tira dial\u00e9ctica\u00bb, una forma de retorcer las contradicciones humanas hasta el absurdo, Pessoa hace un apasionado y original an\u00e1lisis de los grandes problemas pol\u00edticos de su tiempo y, en realidad, de todos los tiempos: la libertad individual, el mito del igualitarismo, las servidumbres de la acci\u00f3n pol\u00edtica y la imposibilidad de la emancipaci\u00f3n del ciudadano.<\/p>\n<p>Esta edici\u00f3n se acompa\u00f1a de las evocadoras y certeras ilustraciones de David Ouro, quien ha sabido reflejar y potenciar la frescura e iron\u00eda de este cuento genial de Pessoa, un maestro del desdoblamiento y de la multiplicaci\u00f3n de sensibilidades y puntos de vista.<\/p>\n<p>Fernando Pessoa (Lisboa, 1888-1935) fue un poeta y escritor luso, uno de los m\u00e1s brillantes e importantes de la literatura mundial y, en particular, de la lengua portuguesa. Aunque su vida y su obra est\u00e1n \u00edntimamente ligadas a la ciudad de Lisboa, vivi\u00f3 parte de su juventud en Sud\u00e1frica, donde recibi\u00f3 una educaci\u00f3n brit\u00e1nica que le permiti\u00f3 ganarse la vida como traductor. Por la noche, una vez abandonada la oficina comercial en la que transcurr\u00edan sus d\u00edas, escrib\u00eda poes\u00eda encarnando diversos autores ficticios, heter\u00f3nimos con diferentes estilos, modos y voces, un desdoblamiento literario de su personalidad que convirti\u00f3 a Pessoa en un autor enigm\u00e1tico. A diferencia de los pseud\u00f3nimos, sus heter\u00f3nimos son personalidades po\u00e9ticas completas: identidades falsas que de alg\u00fan modo se vuelven verdaderas a trav\u00e9s de una manifestaci\u00f3n art\u00edstica propia y diversa del autor original. Entre ellos destacan Alberto Caeiro, \u00c1lvaro de Campos y Ricardo Reis. Con alguno de estos nombres llegaba incluso a escribir y publicar cr\u00edticas de obras que hab\u00eda escrito bajo otros nombres.<\/p>\n<p>Junto con S\u00e1-Carneiro, Pessoa fue uno de los introductores de los movimientos de vanguardia en Portugal. Empez\u00f3 a traducir y a escribir para la revista de vanguardia Orpheu (1915), Atena (dirigida por \u00e9l mismo), Ruy Vaz (a partir de 1924) o Presen\u00e7a (en 1927). Su primer libro de poemas, y el \u00fanico publicado junto con Mensagem, Antinous, apareci\u00f3 en ingl\u00e9s en 1918. Su primera obra en portugu\u00e9s, el poema patri\u00f3tico Mensagem, \u00fanica que public\u00f3 en vida, no apareci\u00f3 hasta 1933. Adem\u00e1s de su poes\u00eda, sus anotaciones publicadas con el t\u00edtulo de Libro del desasosiego, bajo el heter\u00f3nimo de Bernardo Soares, son parte de una obra que ha devenido fundamental para el siglo XX y que se ha desvelado de una profunda modernidad.<\/p>\n","protected":false},"excerpt":{"rendered":"<p><strong>Fernando Pessoa<\/strong><br \/>\n9788446027010 &#8211; Akal &#8211; 2022 &#8211; 94 p\u00e1ginas \/orri.<\/p>\n","protected":false},"featured_media":11714,"template":"","meta":[],"product_brand":[],"product_cat":[16,187],"product_tag":[437,5684],"class_list":{"0":"post-11684","1":"product","2":"type-product","3":"status-publish","4":"has-post-thumbnail","6":"product_cat-libros","7":"product_cat-narratiba-narrativa","8":"product_tag-akal","9":"product_tag-fernando-pessoa","11":"first","12":"instock","13":"sold-individually","14":"shipping-taxable","15":"purchasable","16":"product-type-simple"},"yoast_head":"<!-- This site is optimized with the Yoast SEO plugin v27.3 - https:\/\/yoast.com\/product\/yoast-seo-wordpress\/ -->\n<title>EL BANQUERO ANARQUISTA &#8212; Zapateneo<\/title>\n<meta name=\"robots\" content=\"index, follow, max-snippet:-1, max-image-preview:large, max-video-preview:-1\" \/>\n<link rel=\"canonical\" href=\"https:\/\/zapateneo.net\/wordpress\/index.php\/producto\/el-banquero-anarquista\/\" \/>\n<meta property=\"og:locale\" content=\"es_ES\" \/>\n<meta property=\"og:type\" content=\"article\" \/>\n<meta property=\"og:title\" content=\"EL BANQUERO ANARQUISTA &#8212; Zapateneo\" \/>\n<meta property=\"og:description\" content=\"Fernando Pessoa 9788446027010 - Akal - 2022 - 94 p\u00e1ginas \/orri.\" \/>\n<meta property=\"og:url\" content=\"https:\/\/zapateneo.net\/wordpress\/index.php\/producto\/el-banquero-anarquista\/\" \/>\n<meta property=\"og:site_name\" content=\"Zapateneo\" \/>\n<meta property=\"article:modified_time\" content=\"2022-07-07T07:06:33+00:00\" \/>\n<meta name=\"twitter:card\" content=\"summary_large_image\" \/>\n<meta name=\"twitter:site\" content=\"@zapateneo\" \/>\n<meta name=\"twitter:label1\" content=\"Tiempo de lectura\" \/>\n\t<meta name=\"twitter:data1\" content=\"2 minutos\" \/>\n<script type=\"application\/ld+json\" class=\"yoast-schema-graph\">{\"@context\":\"https:\\\/\\\/schema.org\",\"@graph\":[{\"@type\":\"WebPage\",\"@id\":\"https:\\\/\\\/zapateneo.net\\\/wordpress\\\/index.php\\\/producto\\\/el-banquero-anarquista\\\/\",\"url\":\"https:\\\/\\\/zapateneo.net\\\/wordpress\\\/index.php\\\/producto\\\/el-banquero-anarquista\\\/\",\"name\":\"EL BANQUERO ANARQUISTA &#8212; Zapateneo\",\"isPartOf\":{\"@id\":\"https:\\\/\\\/zapateneo.net\\\/wordpress\\\/#website\"},\"primaryImageOfPage\":{\"@id\":\"https:\\\/\\\/zapateneo.net\\\/wordpress\\\/index.php\\\/producto\\\/el-banquero-anarquista\\\/#primaryimage\"},\"image\":{\"@id\":\"https:\\\/\\\/zapateneo.net\\\/wordpress\\\/index.php\\\/producto\\\/el-banquero-anarquista\\\/#primaryimage\"},\"thumbnailUrl\":\"https:\\\/\\\/zapateneo.net\\\/wordpress\\\/wp-content\\\/uploads\\\/2022\\\/07\\\/9788446027010.jpg\",\"datePublished\":\"2022-07-07T07:06:15+00:00\",\"dateModified\":\"2022-07-07T07:06:33+00:00\",\"breadcrumb\":{\"@id\":\"https:\\\/\\\/zapateneo.net\\\/wordpress\\\/index.php\\\/producto\\\/el-banquero-anarquista\\\/#breadcrumb\"},\"inLanguage\":\"es\",\"potentialAction\":[{\"@type\":\"ReadAction\",\"target\":[\"https:\\\/\\\/zapateneo.net\\\/wordpress\\\/index.php\\\/producto\\\/el-banquero-anarquista\\\/\"]}]},{\"@type\":\"ImageObject\",\"inLanguage\":\"es\",\"@id\":\"https:\\\/\\\/zapateneo.net\\\/wordpress\\\/index.php\\\/producto\\\/el-banquero-anarquista\\\/#primaryimage\",\"url\":\"https:\\\/\\\/zapateneo.net\\\/wordpress\\\/wp-content\\\/uploads\\\/2022\\\/07\\\/9788446027010.jpg\",\"contentUrl\":\"https:\\\/\\\/zapateneo.net\\\/wordpress\\\/wp-content\\\/uploads\\\/2022\\\/07\\\/9788446027010.jpg\",\"width\":275,\"height\":400},{\"@type\":\"BreadcrumbList\",\"@id\":\"https:\\\/\\\/zapateneo.net\\\/wordpress\\\/index.php\\\/producto\\\/el-banquero-anarquista\\\/#breadcrumb\",\"itemListElement\":[{\"@type\":\"ListItem\",\"position\":1,\"name\":\"Portada\",\"item\":\"https:\\\/\\\/zapateneo.net\\\/wordpress\\\/\"},{\"@type\":\"ListItem\",\"position\":2,\"name\":\"Tienda\",\"item\":\"https:\\\/\\\/zapateneo.net\\\/wordpress\\\/\"},{\"@type\":\"ListItem\",\"position\":3,\"name\":\"EL BANQUERO ANARQUISTA\"}]},{\"@type\":\"WebSite\",\"@id\":\"https:\\\/\\\/zapateneo.net\\\/wordpress\\\/#website\",\"url\":\"https:\\\/\\\/zapateneo.net\\\/wordpress\\\/\",\"name\":\"Zapateneo\",\"description\":\"Zapateneoaren webgunea\",\"publisher\":{\"@id\":\"https:\\\/\\\/zapateneo.net\\\/wordpress\\\/#organization\"},\"potentialAction\":[{\"@type\":\"SearchAction\",\"target\":{\"@type\":\"EntryPoint\",\"urlTemplate\":\"https:\\\/\\\/zapateneo.net\\\/wordpress\\\/?s={search_term_string}\"},\"query-input\":{\"@type\":\"PropertyValueSpecification\",\"valueRequired\":true,\"valueName\":\"search_term_string\"}}],\"inLanguage\":\"es\"},{\"@type\":\"Organization\",\"@id\":\"https:\\\/\\\/zapateneo.net\\\/wordpress\\\/#organization\",\"name\":\"Zapateneo Kultur Elkartea\",\"url\":\"https:\\\/\\\/zapateneo.net\\\/wordpress\\\/\",\"logo\":{\"@type\":\"ImageObject\",\"inLanguage\":\"es\",\"@id\":\"https:\\\/\\\/zapateneo.net\\\/wordpress\\\/#\\\/schema\\\/logo\\\/image\\\/\",\"url\":\"https:\\\/\\\/zapateneo.net\\\/wordpress\\\/wp-content\\\/uploads\\\/2021\\\/04\\\/zap-libu-kolec.jpg\",\"contentUrl\":\"https:\\\/\\\/zapateneo.net\\\/wordpress\\\/wp-content\\\/uploads\\\/2021\\\/04\\\/zap-libu-kolec.jpg\",\"width\":2234,\"height\":398,\"caption\":\"Zapateneo Kultur Elkartea\"},\"image\":{\"@id\":\"https:\\\/\\\/zapateneo.net\\\/wordpress\\\/#\\\/schema\\\/logo\\\/image\\\/\"},\"sameAs\":[\"https:\\\/\\\/x.com\\\/zapateneo\"]}]}<\/script>\n<!-- \/ Yoast SEO plugin. -->","yoast_head_json":{"title":"EL BANQUERO ANARQUISTA &#8212; Zapateneo","robots":{"index":"index","follow":"follow","max-snippet":"max-snippet:-1","max-image-preview":"max-image-preview:large","max-video-preview":"max-video-preview:-1"},"canonical":"https:\/\/zapateneo.net\/wordpress\/index.php\/producto\/el-banquero-anarquista\/","og_locale":"es_ES","og_type":"article","og_title":"EL BANQUERO ANARQUISTA &#8212; Zapateneo","og_description":"Fernando Pessoa 9788446027010 - Akal - 2022 - 94 p\u00e1ginas \/orri.","og_url":"https:\/\/zapateneo.net\/wordpress\/index.php\/producto\/el-banquero-anarquista\/","og_site_name":"Zapateneo","article_modified_time":"2022-07-07T07:06:33+00:00","twitter_card":"summary_large_image","twitter_site":"@zapateneo","twitter_misc":{"Tiempo de lectura":"2 minutos"},"schema":{"@context":"https:\/\/schema.org","@graph":[{"@type":"WebPage","@id":"https:\/\/zapateneo.net\/wordpress\/index.php\/producto\/el-banquero-anarquista\/","url":"https:\/\/zapateneo.net\/wordpress\/index.php\/producto\/el-banquero-anarquista\/","name":"EL BANQUERO ANARQUISTA &#8212; Zapateneo","isPartOf":{"@id":"https:\/\/zapateneo.net\/wordpress\/#website"},"primaryImageOfPage":{"@id":"https:\/\/zapateneo.net\/wordpress\/index.php\/producto\/el-banquero-anarquista\/#primaryimage"},"image":{"@id":"https:\/\/zapateneo.net\/wordpress\/index.php\/producto\/el-banquero-anarquista\/#primaryimage"},"thumbnailUrl":"https:\/\/zapateneo.net\/wordpress\/wp-content\/uploads\/2022\/07\/9788446027010.jpg","datePublished":"2022-07-07T07:06:15+00:00","dateModified":"2022-07-07T07:06:33+00:00","breadcrumb":{"@id":"https:\/\/zapateneo.net\/wordpress\/index.php\/producto\/el-banquero-anarquista\/#breadcrumb"},"inLanguage":"es","potentialAction":[{"@type":"ReadAction","target":["https:\/\/zapateneo.net\/wordpress\/index.php\/producto\/el-banquero-anarquista\/"]}]},{"@type":"ImageObject","inLanguage":"es","@id":"https:\/\/zapateneo.net\/wordpress\/index.php\/producto\/el-banquero-anarquista\/#primaryimage","url":"https:\/\/zapateneo.net\/wordpress\/wp-content\/uploads\/2022\/07\/9788446027010.jpg","contentUrl":"https:\/\/zapateneo.net\/wordpress\/wp-content\/uploads\/2022\/07\/9788446027010.jpg","width":275,"height":400},{"@type":"BreadcrumbList","@id":"https:\/\/zapateneo.net\/wordpress\/index.php\/producto\/el-banquero-anarquista\/#breadcrumb","itemListElement":[{"@type":"ListItem","position":1,"name":"Portada","item":"https:\/\/zapateneo.net\/wordpress\/"},{"@type":"ListItem","position":2,"name":"Tienda","item":"https:\/\/zapateneo.net\/wordpress\/"},{"@type":"ListItem","position":3,"name":"EL BANQUERO ANARQUISTA"}]},{"@type":"WebSite","@id":"https:\/\/zapateneo.net\/wordpress\/#website","url":"https:\/\/zapateneo.net\/wordpress\/","name":"Zapateneo","description":"Zapateneoaren webgunea","publisher":{"@id":"https:\/\/zapateneo.net\/wordpress\/#organization"},"potentialAction":[{"@type":"SearchAction","target":{"@type":"EntryPoint","urlTemplate":"https:\/\/zapateneo.net\/wordpress\/?s={search_term_string}"},"query-input":{"@type":"PropertyValueSpecification","valueRequired":true,"valueName":"search_term_string"}}],"inLanguage":"es"},{"@type":"Organization","@id":"https:\/\/zapateneo.net\/wordpress\/#organization","name":"Zapateneo Kultur Elkartea","url":"https:\/\/zapateneo.net\/wordpress\/","logo":{"@type":"ImageObject","inLanguage":"es","@id":"https:\/\/zapateneo.net\/wordpress\/#\/schema\/logo\/image\/","url":"https:\/\/zapateneo.net\/wordpress\/wp-content\/uploads\/2021\/04\/zap-libu-kolec.jpg","contentUrl":"https:\/\/zapateneo.net\/wordpress\/wp-content\/uploads\/2021\/04\/zap-libu-kolec.jpg","width":2234,"height":398,"caption":"Zapateneo Kultur Elkartea"},"image":{"@id":"https:\/\/zapateneo.net\/wordpress\/#\/schema\/logo\/image\/"},"sameAs":["https:\/\/x.com\/zapateneo"]}]}},"_links":{"self":[{"href":"https:\/\/zapateneo.net\/wordpress\/index.php\/wp-json\/wp\/v2\/product\/11684","targetHints":{"allow":["GET"]}}],"collection":[{"href":"https:\/\/zapateneo.net\/wordpress\/index.php\/wp-json\/wp\/v2\/product"}],"about":[{"href":"https:\/\/zapateneo.net\/wordpress\/index.php\/wp-json\/wp\/v2\/types\/product"}],"wp:featuredmedia":[{"embeddable":true,"href":"https:\/\/zapateneo.net\/wordpress\/index.php\/wp-json\/wp\/v2\/media\/11714"}],"wp:attachment":[{"href":"https:\/\/zapateneo.net\/wordpress\/index.php\/wp-json\/wp\/v2\/media?parent=11684"}],"wp:term":[{"taxonomy":"product_brand","embeddable":true,"href":"https:\/\/zapateneo.net\/wordpress\/index.php\/wp-json\/wp\/v2\/product_brand?post=11684"},{"taxonomy":"product_cat","embeddable":true,"href":"https:\/\/zapateneo.net\/wordpress\/index.php\/wp-json\/wp\/v2\/product_cat?post=11684"},{"taxonomy":"product_tag","embeddable":true,"href":"https:\/\/zapateneo.net\/wordpress\/index.php\/wp-json\/wp\/v2\/product_tag?post=11684"}],"curies":[{"name":"wp","href":"https:\/\/api.w.org\/{rel}","templated":true}]}}