{"id":11677,"date":"2022-07-07T08:06:13","date_gmt":"2022-07-07T07:06:13","guid":{"rendered":"https:\/\/zapateneo.net\/wordpress\/?post_type=product&#038;p=11677"},"modified":"2022-07-07T08:06:29","modified_gmt":"2022-07-07T07:06:29","slug":"bucles-neoliberales-y-neoconservadores-imaginario-social-y-poder","status":"publish","type":"product","link":"https:\/\/zapateneo.net\/wordpress\/index.php\/producto\/bucles-neoliberales-y-neoconservadores-imaginario-social-y-poder\/","title":{"rendered":"BUCLES NEOLIBERALES Y NEOCONSERVADORES Imaginario social y poder"},"content":{"rendered":"<p>En los pa\u00edses occidentales, desde comienzos de los ochenta, el capitalismo global financiarizado present\u00f3 un per\u00edodo expansivo no exento de fuertes crisis puntuales. Despu\u00e9s de la gran crisis financiera de finales de la primera d\u00e9cada del siglo XXI pas\u00f3 por un per\u00edodo de estancamiento y, cuando apenas remontaba, aconteci\u00f3 la pandemia de la Covid-19 que ha ocasionado un fuerte repunte de la crisis econ\u00f3mica.<\/p>\n<p>A lo largo de este tiempo ha crecido ininterrumpidamente la desigualdad econ\u00f3mica y social, la precarizaci\u00f3n de cada vez m\u00e1s amplios sectores de asalariados y la incertidumbre econ\u00f3mica, pol\u00edtica, cultural y clim\u00e1tica provocada por las din\u00e1micas econ\u00f3micas y por las tensiones y los conflictos que genera su continuidad, en un mundo inmerso en la revoluci\u00f3n informacional con notables innovaciones cuyas patentes apropiadas por las grandes corporaciones generan rentas extraordinarias.<\/p>\n<p>En el curso de estos procesos la hegemon\u00eda de los imaginarios sociales y las ideolog\u00edas neoliberal y neoconservadora lograda por el gran capital, las plutocracias y categor\u00edas sociales afines del per\u00edodo expansivo, dadas sus s\u00f3lidas posiciones de poder y su renovada gran ofensiva cultural y pol\u00edtica en la sociedad, en un per\u00edodo de crisis org\u00e1nica, han resignificado sus imagos y sus ideologemas y rearticulado su hegemon\u00eda, en cuyo contexto, la desdemocratizaci\u00f3n de la pol\u00edtica y el malestar social y cultural facilita el avance de los discursos de la derecha extrema y la extrema derecha.<\/p>\n<p>La reflexi\u00f3n realizada en estos escritos pretende esbozar y seguir los citados plexos y din\u00e1micas y realizar una valoraci\u00f3n cr\u00edtico-pr\u00e1ctica de los conceptos puestos en juego para analizarlos.<\/p>\n","protected":false},"excerpt":{"rendered":"<p><strong>Bernat Riutort<\/strong><br \/>\n9788418826573 &#8211; Icaria &#8211; 2022 &#8211; 292 p\u00e1ginas \/orri.<\/p>\n","protected":false},"featured_media":11707,"template":"","meta":[],"product_brand":[],"product_cat":[16,173],"product_tag":[5675,643],"class_list":{"0":"post-11677","1":"product","2":"type-product","3":"status-publish","4":"has-post-thumbnail","6":"product_cat-libros","7":"product_cat-saiakera-ensayo","8":"product_tag-bernat-riutort","9":"product_tag-icaria","11":"first","12":"instock","13":"sold-individually","14":"shipping-taxable","15":"purchasable","16":"product-type-simple"},"yoast_head":"<!-- This site is optimized with the Yoast SEO plugin v27.3 - https:\/\/yoast.com\/product\/yoast-seo-wordpress\/ -->\n<title>BUCLES NEOLIBERALES Y NEOCONSERVADORES Imaginario social y poder &#8212; Zapateneo<\/title>\n<meta name=\"robots\" content=\"index, follow, max-snippet:-1, max-image-preview:large, max-video-preview:-1\" \/>\n<link rel=\"canonical\" href=\"https:\/\/zapateneo.net\/wordpress\/index.php\/producto\/bucles-neoliberales-y-neoconservadores-imaginario-social-y-poder\/\" \/>\n<meta property=\"og:locale\" content=\"es_ES\" \/>\n<meta property=\"og:type\" content=\"article\" \/>\n<meta property=\"og:title\" content=\"BUCLES NEOLIBERALES Y NEOCONSERVADORES Imaginario social y poder &#8212; Zapateneo\" \/>\n<meta property=\"og:description\" content=\"Bernat Riutort 9788418826573 - Icaria - 2022 - 292 p\u00e1ginas \/orri.\" \/>\n<meta property=\"og:url\" content=\"https:\/\/zapateneo.net\/wordpress\/index.php\/producto\/bucles-neoliberales-y-neoconservadores-imaginario-social-y-poder\/\" \/>\n<meta property=\"og:site_name\" content=\"Zapateneo\" \/>\n<meta property=\"article:modified_time\" content=\"2022-07-07T07:06:29+00:00\" \/>\n<meta name=\"twitter:card\" content=\"summary_large_image\" \/>\n<meta name=\"twitter:site\" content=\"@zapateneo\" \/>\n<meta name=\"twitter:label1\" content=\"Tiempo de lectura\" \/>\n\t<meta name=\"twitter:data1\" content=\"1 minuto\" \/>\n<script type=\"application\/ld+json\" class=\"yoast-schema-graph\">{\"@context\":\"https:\\\/\\\/schema.org\",\"@graph\":[{\"@type\":\"WebPage\",\"@id\":\"https:\\\/\\\/zapateneo.net\\\/wordpress\\\/index.php\\\/producto\\\/bucles-neoliberales-y-neoconservadores-imaginario-social-y-poder\\\/\",\"url\":\"https:\\\/\\\/zapateneo.net\\\/wordpress\\\/index.php\\\/producto\\\/bucles-neoliberales-y-neoconservadores-imaginario-social-y-poder\\\/\",\"name\":\"BUCLES NEOLIBERALES Y NEOCONSERVADORES Imaginario social y poder &#8212; Zapateneo\",\"isPartOf\":{\"@id\":\"https:\\\/\\\/zapateneo.net\\\/wordpress\\\/#website\"},\"primaryImageOfPage\":{\"@id\":\"https:\\\/\\\/zapateneo.net\\\/wordpress\\\/index.php\\\/producto\\\/bucles-neoliberales-y-neoconservadores-imaginario-social-y-poder\\\/#primaryimage\"},\"image\":{\"@id\":\"https:\\\/\\\/zapateneo.net\\\/wordpress\\\/index.php\\\/producto\\\/bucles-neoliberales-y-neoconservadores-imaginario-social-y-poder\\\/#primaryimage\"},\"thumbnailUrl\":\"https:\\\/\\\/zapateneo.net\\\/wordpress\\\/wp-content\\\/uploads\\\/2022\\\/07\\\/bucles-neoliberales-y-neoconservadores-9788418826573.jpg\",\"datePublished\":\"2022-07-07T07:06:13+00:00\",\"dateModified\":\"2022-07-07T07:06:29+00:00\",\"breadcrumb\":{\"@id\":\"https:\\\/\\\/zapateneo.net\\\/wordpress\\\/index.php\\\/producto\\\/bucles-neoliberales-y-neoconservadores-imaginario-social-y-poder\\\/#breadcrumb\"},\"inLanguage\":\"es\",\"potentialAction\":[{\"@type\":\"ReadAction\",\"target\":[\"https:\\\/\\\/zapateneo.net\\\/wordpress\\\/index.php\\\/producto\\\/bucles-neoliberales-y-neoconservadores-imaginario-social-y-poder\\\/\"]}]},{\"@type\":\"ImageObject\",\"inLanguage\":\"es\",\"@id\":\"https:\\\/\\\/zapateneo.net\\\/wordpress\\\/index.php\\\/producto\\\/bucles-neoliberales-y-neoconservadores-imaginario-social-y-poder\\\/#primaryimage\",\"url\":\"https:\\\/\\\/zapateneo.net\\\/wordpress\\\/wp-content\\\/uploads\\\/2022\\\/07\\\/bucles-neoliberales-y-neoconservadores-9788418826573.jpg\",\"contentUrl\":\"https:\\\/\\\/zapateneo.net\\\/wordpress\\\/wp-content\\\/uploads\\\/2022\\\/07\\\/bucles-neoliberales-y-neoconservadores-9788418826573.jpg\",\"width\":253,\"height\":400},{\"@type\":\"BreadcrumbList\",\"@id\":\"https:\\\/\\\/zapateneo.net\\\/wordpress\\\/index.php\\\/producto\\\/bucles-neoliberales-y-neoconservadores-imaginario-social-y-poder\\\/#breadcrumb\",\"itemListElement\":[{\"@type\":\"ListItem\",\"position\":1,\"name\":\"Portada\",\"item\":\"https:\\\/\\\/zapateneo.net\\\/wordpress\\\/\"},{\"@type\":\"ListItem\",\"position\":2,\"name\":\"Tienda\",\"item\":\"https:\\\/\\\/zapateneo.net\\\/wordpress\\\/\"},{\"@type\":\"ListItem\",\"position\":3,\"name\":\"BUCLES NEOLIBERALES Y NEOCONSERVADORES Imaginario social y poder\"}]},{\"@type\":\"WebSite\",\"@id\":\"https:\\\/\\\/zapateneo.net\\\/wordpress\\\/#website\",\"url\":\"https:\\\/\\\/zapateneo.net\\\/wordpress\\\/\",\"name\":\"Zapateneo\",\"description\":\"Zapateneoaren webgunea\",\"publisher\":{\"@id\":\"https:\\\/\\\/zapateneo.net\\\/wordpress\\\/#organization\"},\"potentialAction\":[{\"@type\":\"SearchAction\",\"target\":{\"@type\":\"EntryPoint\",\"urlTemplate\":\"https:\\\/\\\/zapateneo.net\\\/wordpress\\\/?s={search_term_string}\"},\"query-input\":{\"@type\":\"PropertyValueSpecification\",\"valueRequired\":true,\"valueName\":\"search_term_string\"}}],\"inLanguage\":\"es\"},{\"@type\":\"Organization\",\"@id\":\"https:\\\/\\\/zapateneo.net\\\/wordpress\\\/#organization\",\"name\":\"Zapateneo Kultur Elkartea\",\"url\":\"https:\\\/\\\/zapateneo.net\\\/wordpress\\\/\",\"logo\":{\"@type\":\"ImageObject\",\"inLanguage\":\"es\",\"@id\":\"https:\\\/\\\/zapateneo.net\\\/wordpress\\\/#\\\/schema\\\/logo\\\/image\\\/\",\"url\":\"https:\\\/\\\/zapateneo.net\\\/wordpress\\\/wp-content\\\/uploads\\\/2021\\\/04\\\/zap-libu-kolec.jpg\",\"contentUrl\":\"https:\\\/\\\/zapateneo.net\\\/wordpress\\\/wp-content\\\/uploads\\\/2021\\\/04\\\/zap-libu-kolec.jpg\",\"width\":2234,\"height\":398,\"caption\":\"Zapateneo Kultur Elkartea\"},\"image\":{\"@id\":\"https:\\\/\\\/zapateneo.net\\\/wordpress\\\/#\\\/schema\\\/logo\\\/image\\\/\"},\"sameAs\":[\"https:\\\/\\\/x.com\\\/zapateneo\"]}]}<\/script>\n<!-- \/ Yoast SEO plugin. -->","yoast_head_json":{"title":"BUCLES NEOLIBERALES Y NEOCONSERVADORES Imaginario social y poder &#8212; Zapateneo","robots":{"index":"index","follow":"follow","max-snippet":"max-snippet:-1","max-image-preview":"max-image-preview:large","max-video-preview":"max-video-preview:-1"},"canonical":"https:\/\/zapateneo.net\/wordpress\/index.php\/producto\/bucles-neoliberales-y-neoconservadores-imaginario-social-y-poder\/","og_locale":"es_ES","og_type":"article","og_title":"BUCLES NEOLIBERALES Y NEOCONSERVADORES Imaginario social y poder &#8212; Zapateneo","og_description":"Bernat Riutort 9788418826573 - Icaria - 2022 - 292 p\u00e1ginas \/orri.","og_url":"https:\/\/zapateneo.net\/wordpress\/index.php\/producto\/bucles-neoliberales-y-neoconservadores-imaginario-social-y-poder\/","og_site_name":"Zapateneo","article_modified_time":"2022-07-07T07:06:29+00:00","twitter_card":"summary_large_image","twitter_site":"@zapateneo","twitter_misc":{"Tiempo de lectura":"1 minuto"},"schema":{"@context":"https:\/\/schema.org","@graph":[{"@type":"WebPage","@id":"https:\/\/zapateneo.net\/wordpress\/index.php\/producto\/bucles-neoliberales-y-neoconservadores-imaginario-social-y-poder\/","url":"https:\/\/zapateneo.net\/wordpress\/index.php\/producto\/bucles-neoliberales-y-neoconservadores-imaginario-social-y-poder\/","name":"BUCLES NEOLIBERALES Y NEOCONSERVADORES Imaginario social y poder &#8212; Zapateneo","isPartOf":{"@id":"https:\/\/zapateneo.net\/wordpress\/#website"},"primaryImageOfPage":{"@id":"https:\/\/zapateneo.net\/wordpress\/index.php\/producto\/bucles-neoliberales-y-neoconservadores-imaginario-social-y-poder\/#primaryimage"},"image":{"@id":"https:\/\/zapateneo.net\/wordpress\/index.php\/producto\/bucles-neoliberales-y-neoconservadores-imaginario-social-y-poder\/#primaryimage"},"thumbnailUrl":"https:\/\/zapateneo.net\/wordpress\/wp-content\/uploads\/2022\/07\/bucles-neoliberales-y-neoconservadores-9788418826573.jpg","datePublished":"2022-07-07T07:06:13+00:00","dateModified":"2022-07-07T07:06:29+00:00","breadcrumb":{"@id":"https:\/\/zapateneo.net\/wordpress\/index.php\/producto\/bucles-neoliberales-y-neoconservadores-imaginario-social-y-poder\/#breadcrumb"},"inLanguage":"es","potentialAction":[{"@type":"ReadAction","target":["https:\/\/zapateneo.net\/wordpress\/index.php\/producto\/bucles-neoliberales-y-neoconservadores-imaginario-social-y-poder\/"]}]},{"@type":"ImageObject","inLanguage":"es","@id":"https:\/\/zapateneo.net\/wordpress\/index.php\/producto\/bucles-neoliberales-y-neoconservadores-imaginario-social-y-poder\/#primaryimage","url":"https:\/\/zapateneo.net\/wordpress\/wp-content\/uploads\/2022\/07\/bucles-neoliberales-y-neoconservadores-9788418826573.jpg","contentUrl":"https:\/\/zapateneo.net\/wordpress\/wp-content\/uploads\/2022\/07\/bucles-neoliberales-y-neoconservadores-9788418826573.jpg","width":253,"height":400},{"@type":"BreadcrumbList","@id":"https:\/\/zapateneo.net\/wordpress\/index.php\/producto\/bucles-neoliberales-y-neoconservadores-imaginario-social-y-poder\/#breadcrumb","itemListElement":[{"@type":"ListItem","position":1,"name":"Portada","item":"https:\/\/zapateneo.net\/wordpress\/"},{"@type":"ListItem","position":2,"name":"Tienda","item":"https:\/\/zapateneo.net\/wordpress\/"},{"@type":"ListItem","position":3,"name":"BUCLES NEOLIBERALES Y NEOCONSERVADORES Imaginario social y poder"}]},{"@type":"WebSite","@id":"https:\/\/zapateneo.net\/wordpress\/#website","url":"https:\/\/zapateneo.net\/wordpress\/","name":"Zapateneo","description":"Zapateneoaren webgunea","publisher":{"@id":"https:\/\/zapateneo.net\/wordpress\/#organization"},"potentialAction":[{"@type":"SearchAction","target":{"@type":"EntryPoint","urlTemplate":"https:\/\/zapateneo.net\/wordpress\/?s={search_term_string}"},"query-input":{"@type":"PropertyValueSpecification","valueRequired":true,"valueName":"search_term_string"}}],"inLanguage":"es"},{"@type":"Organization","@id":"https:\/\/zapateneo.net\/wordpress\/#organization","name":"Zapateneo Kultur Elkartea","url":"https:\/\/zapateneo.net\/wordpress\/","logo":{"@type":"ImageObject","inLanguage":"es","@id":"https:\/\/zapateneo.net\/wordpress\/#\/schema\/logo\/image\/","url":"https:\/\/zapateneo.net\/wordpress\/wp-content\/uploads\/2021\/04\/zap-libu-kolec.jpg","contentUrl":"https:\/\/zapateneo.net\/wordpress\/wp-content\/uploads\/2021\/04\/zap-libu-kolec.jpg","width":2234,"height":398,"caption":"Zapateneo Kultur Elkartea"},"image":{"@id":"https:\/\/zapateneo.net\/wordpress\/#\/schema\/logo\/image\/"},"sameAs":["https:\/\/x.com\/zapateneo"]}]}},"_links":{"self":[{"href":"https:\/\/zapateneo.net\/wordpress\/index.php\/wp-json\/wp\/v2\/product\/11677","targetHints":{"allow":["GET"]}}],"collection":[{"href":"https:\/\/zapateneo.net\/wordpress\/index.php\/wp-json\/wp\/v2\/product"}],"about":[{"href":"https:\/\/zapateneo.net\/wordpress\/index.php\/wp-json\/wp\/v2\/types\/product"}],"wp:featuredmedia":[{"embeddable":true,"href":"https:\/\/zapateneo.net\/wordpress\/index.php\/wp-json\/wp\/v2\/media\/11707"}],"wp:attachment":[{"href":"https:\/\/zapateneo.net\/wordpress\/index.php\/wp-json\/wp\/v2\/media?parent=11677"}],"wp:term":[{"taxonomy":"product_brand","embeddable":true,"href":"https:\/\/zapateneo.net\/wordpress\/index.php\/wp-json\/wp\/v2\/product_brand?post=11677"},{"taxonomy":"product_cat","embeddable":true,"href":"https:\/\/zapateneo.net\/wordpress\/index.php\/wp-json\/wp\/v2\/product_cat?post=11677"},{"taxonomy":"product_tag","embeddable":true,"href":"https:\/\/zapateneo.net\/wordpress\/index.php\/wp-json\/wp\/v2\/product_tag?post=11677"}],"curies":[{"name":"wp","href":"https:\/\/api.w.org\/{rel}","templated":true}]}}