{"id":11672,"date":"2022-07-07T08:06:12","date_gmt":"2022-07-07T07:06:12","guid":{"rendered":"https:\/\/zapateneo.net\/wordpress\/?post_type=product&#038;p=11672"},"modified":"2022-07-07T08:06:26","modified_gmt":"2022-07-07T07:06:26","slug":"maderos-chusma-y-orden-social-una-teoria-critica-del-poder-policial","status":"publish","type":"product","link":"https:\/\/zapateneo.net\/wordpress\/index.php\/producto\/maderos-chusma-y-orden-social-una-teoria-critica-del-poder-policial\/","title":{"rendered":"MADEROS, CHUSMA Y ORDEN SOCIAL Una teor\u00eda cr\u00edtica del poder policial"},"content":{"rendered":"<p>\u00bfCu\u00e1l es el secreto m\u00e1s rec\u00f3ndito de la democracia liberal, la clave de b\u00f3veda oculta que sostiene el orden burgu\u00e9s? El poder policial. Quiz\u00e1s por ello, nadie ha tratado de descifrarlo de modo riguroso y exhaustivo desde que Karl Marx abandonara el desarrollo de una teor\u00eda del Estado en sus estudios tempranos, para centrarse en la concepci\u00f3n materialista de la historia y en la cr\u00edtica a la econom\u00eda pol\u00edtica.<\/p>\n<p>Maderos, chusma y orden social est\u00e1 llamado a ser un texto de lectura obligada para quienes deseen comprender, en un sentido profundo, la arquitectura pol\u00edtica de los sistemas basados en la extracci\u00f3n de plusval\u00eda. En \u00e9l se describe, con desapasionada lucidez, como durante los \u00faltimos cinco siglos, cada identificaci\u00f3n arbitraria, multa discriminatoria, detenci\u00f3n violenta, porrazo en las costillas, mutilaci\u00f3n con arma no letal, o muerte accidental en comisar\u00eda ha prefigurado, en primera instancia, y modelado, posteriormente, los marcos pol\u00edticos funcionales de los sucesivos periodos de acumulaci\u00f3n del capital.<\/p>\n<p>Obra multidimensional, sus tesis concatenadas abordan el cruce del poder policial con los par\u00e1metros que han delimitado la lucha de clases durante las revueltas campesinas bajomedievales, el absolutismo, el liberalismo y el estado de bienestar: orden, pobreza, libertad, seguridad. Una intersecci\u00f3n descompensada, puesto que el poder policial, en tanto que elemento fundacional del Estado, jam\u00e1s se somete al imperio de la Ley. De hecho, y por contraintuitivo que parezca, es justo al rev\u00e9s: el poder policial genera la Ley, precisamente porque opera al margen de ella, oblig\u00e1ndole a (re)ajustarse a su praxis policial de forma permanente. Siempre ha sido as\u00ed, aunque nadie hasta ahora lo hubiera explicado de manera tan sistem\u00e1tica, di\u00e1fana y clarividente.<\/p>\n","protected":false},"excerpt":{"rendered":"<p><strong>Mark Neocleous<\/strong><br \/>\n9788416946624 &#8211; Katakrak &#8211; 2022 &#8211; 266 p\u00e1ginas \/orri.<\/p>\n","protected":false},"featured_media":11702,"template":"","meta":[],"product_brand":[],"product_cat":[181,16],"product_tag":[508,5669],"class_list":{"0":"post-11672","1":"product","2":"type-product","3":"status-publish","4":"has-post-thumbnail","6":"product_cat-bazterketa-soziala-eta-errepresioa-exclusion-social-y-represion","7":"product_cat-libros","8":"product_tag-katakrak","9":"product_tag-mark-neocleous","11":"first","12":"onbackorder","13":"sold-individually","14":"shipping-taxable","15":"purchasable","16":"product-type-simple"},"yoast_head":"<!-- This site is optimized with the Yoast SEO plugin v27.3 - https:\/\/yoast.com\/product\/yoast-seo-wordpress\/ -->\n<title>MADEROS, CHUSMA Y ORDEN SOCIAL Una teor\u00eda cr\u00edtica del poder policial &#8212; Zapateneo<\/title>\n<meta name=\"robots\" content=\"index, follow, max-snippet:-1, max-image-preview:large, max-video-preview:-1\" \/>\n<link rel=\"canonical\" href=\"https:\/\/zapateneo.net\/wordpress\/index.php\/producto\/maderos-chusma-y-orden-social-una-teoria-critica-del-poder-policial\/\" \/>\n<meta property=\"og:locale\" content=\"es_ES\" \/>\n<meta property=\"og:type\" content=\"article\" \/>\n<meta property=\"og:title\" content=\"MADEROS, CHUSMA Y ORDEN SOCIAL Una teor\u00eda cr\u00edtica del poder policial &#8212; Zapateneo\" \/>\n<meta property=\"og:description\" content=\"Mark Neocleous 9788416946624 - Katakrak - 2022 - 266 p\u00e1ginas \/orri.\" \/>\n<meta property=\"og:url\" content=\"https:\/\/zapateneo.net\/wordpress\/index.php\/producto\/maderos-chusma-y-orden-social-una-teoria-critica-del-poder-policial\/\" \/>\n<meta property=\"og:site_name\" content=\"Zapateneo\" \/>\n<meta property=\"article:modified_time\" content=\"2022-07-07T07:06:26+00:00\" \/>\n<meta name=\"twitter:card\" content=\"summary_large_image\" \/>\n<meta name=\"twitter:site\" content=\"@zapateneo\" \/>\n<meta name=\"twitter:label1\" content=\"Tiempo de lectura\" \/>\n\t<meta name=\"twitter:data1\" content=\"1 minuto\" \/>\n<script type=\"application\/ld+json\" class=\"yoast-schema-graph\">{\"@context\":\"https:\\\/\\\/schema.org\",\"@graph\":[{\"@type\":\"WebPage\",\"@id\":\"https:\\\/\\\/zapateneo.net\\\/wordpress\\\/index.php\\\/producto\\\/maderos-chusma-y-orden-social-una-teoria-critica-del-poder-policial\\\/\",\"url\":\"https:\\\/\\\/zapateneo.net\\\/wordpress\\\/index.php\\\/producto\\\/maderos-chusma-y-orden-social-una-teoria-critica-del-poder-policial\\\/\",\"name\":\"MADEROS, CHUSMA Y ORDEN SOCIAL Una teor\u00eda cr\u00edtica del poder policial &#8212; Zapateneo\",\"isPartOf\":{\"@id\":\"https:\\\/\\\/zapateneo.net\\\/wordpress\\\/#website\"},\"primaryImageOfPage\":{\"@id\":\"https:\\\/\\\/zapateneo.net\\\/wordpress\\\/index.php\\\/producto\\\/maderos-chusma-y-orden-social-una-teoria-critica-del-poder-policial\\\/#primaryimage\"},\"image\":{\"@id\":\"https:\\\/\\\/zapateneo.net\\\/wordpress\\\/index.php\\\/producto\\\/maderos-chusma-y-orden-social-una-teoria-critica-del-poder-policial\\\/#primaryimage\"},\"thumbnailUrl\":\"https:\\\/\\\/zapateneo.net\\\/wordpress\\\/wp-content\\\/uploads\\\/2022\\\/07\\\/maderos-chusma-y-orden-social-9788416946624.jpg\",\"datePublished\":\"2022-07-07T07:06:12+00:00\",\"dateModified\":\"2022-07-07T07:06:26+00:00\",\"breadcrumb\":{\"@id\":\"https:\\\/\\\/zapateneo.net\\\/wordpress\\\/index.php\\\/producto\\\/maderos-chusma-y-orden-social-una-teoria-critica-del-poder-policial\\\/#breadcrumb\"},\"inLanguage\":\"es\",\"potentialAction\":[{\"@type\":\"ReadAction\",\"target\":[\"https:\\\/\\\/zapateneo.net\\\/wordpress\\\/index.php\\\/producto\\\/maderos-chusma-y-orden-social-una-teoria-critica-del-poder-policial\\\/\"]}]},{\"@type\":\"ImageObject\",\"inLanguage\":\"es\",\"@id\":\"https:\\\/\\\/zapateneo.net\\\/wordpress\\\/index.php\\\/producto\\\/maderos-chusma-y-orden-social-una-teoria-critica-del-poder-policial\\\/#primaryimage\",\"url\":\"https:\\\/\\\/zapateneo.net\\\/wordpress\\\/wp-content\\\/uploads\\\/2022\\\/07\\\/maderos-chusma-y-orden-social-9788416946624.jpg\",\"contentUrl\":\"https:\\\/\\\/zapateneo.net\\\/wordpress\\\/wp-content\\\/uploads\\\/2022\\\/07\\\/maderos-chusma-y-orden-social-9788416946624.jpg\",\"width\":267,\"height\":400},{\"@type\":\"BreadcrumbList\",\"@id\":\"https:\\\/\\\/zapateneo.net\\\/wordpress\\\/index.php\\\/producto\\\/maderos-chusma-y-orden-social-una-teoria-critica-del-poder-policial\\\/#breadcrumb\",\"itemListElement\":[{\"@type\":\"ListItem\",\"position\":1,\"name\":\"Portada\",\"item\":\"https:\\\/\\\/zapateneo.net\\\/wordpress\\\/\"},{\"@type\":\"ListItem\",\"position\":2,\"name\":\"Tienda\",\"item\":\"https:\\\/\\\/zapateneo.net\\\/wordpress\\\/\"},{\"@type\":\"ListItem\",\"position\":3,\"name\":\"MADEROS, CHUSMA Y ORDEN SOCIAL Una teor\u00eda cr\u00edtica del poder policial\"}]},{\"@type\":\"WebSite\",\"@id\":\"https:\\\/\\\/zapateneo.net\\\/wordpress\\\/#website\",\"url\":\"https:\\\/\\\/zapateneo.net\\\/wordpress\\\/\",\"name\":\"Zapateneo\",\"description\":\"Zapateneoaren webgunea\",\"publisher\":{\"@id\":\"https:\\\/\\\/zapateneo.net\\\/wordpress\\\/#organization\"},\"potentialAction\":[{\"@type\":\"SearchAction\",\"target\":{\"@type\":\"EntryPoint\",\"urlTemplate\":\"https:\\\/\\\/zapateneo.net\\\/wordpress\\\/?s={search_term_string}\"},\"query-input\":{\"@type\":\"PropertyValueSpecification\",\"valueRequired\":true,\"valueName\":\"search_term_string\"}}],\"inLanguage\":\"es\"},{\"@type\":\"Organization\",\"@id\":\"https:\\\/\\\/zapateneo.net\\\/wordpress\\\/#organization\",\"name\":\"Zapateneo Kultur Elkartea\",\"url\":\"https:\\\/\\\/zapateneo.net\\\/wordpress\\\/\",\"logo\":{\"@type\":\"ImageObject\",\"inLanguage\":\"es\",\"@id\":\"https:\\\/\\\/zapateneo.net\\\/wordpress\\\/#\\\/schema\\\/logo\\\/image\\\/\",\"url\":\"https:\\\/\\\/zapateneo.net\\\/wordpress\\\/wp-content\\\/uploads\\\/2021\\\/04\\\/zap-libu-kolec.jpg\",\"contentUrl\":\"https:\\\/\\\/zapateneo.net\\\/wordpress\\\/wp-content\\\/uploads\\\/2021\\\/04\\\/zap-libu-kolec.jpg\",\"width\":2234,\"height\":398,\"caption\":\"Zapateneo Kultur Elkartea\"},\"image\":{\"@id\":\"https:\\\/\\\/zapateneo.net\\\/wordpress\\\/#\\\/schema\\\/logo\\\/image\\\/\"},\"sameAs\":[\"https:\\\/\\\/x.com\\\/zapateneo\"]}]}<\/script>\n<!-- \/ Yoast SEO plugin. -->","yoast_head_json":{"title":"MADEROS, CHUSMA Y ORDEN SOCIAL Una teor\u00eda cr\u00edtica del poder policial &#8212; Zapateneo","robots":{"index":"index","follow":"follow","max-snippet":"max-snippet:-1","max-image-preview":"max-image-preview:large","max-video-preview":"max-video-preview:-1"},"canonical":"https:\/\/zapateneo.net\/wordpress\/index.php\/producto\/maderos-chusma-y-orden-social-una-teoria-critica-del-poder-policial\/","og_locale":"es_ES","og_type":"article","og_title":"MADEROS, CHUSMA Y ORDEN SOCIAL Una teor\u00eda cr\u00edtica del poder policial &#8212; Zapateneo","og_description":"Mark Neocleous 9788416946624 - Katakrak - 2022 - 266 p\u00e1ginas \/orri.","og_url":"https:\/\/zapateneo.net\/wordpress\/index.php\/producto\/maderos-chusma-y-orden-social-una-teoria-critica-del-poder-policial\/","og_site_name":"Zapateneo","article_modified_time":"2022-07-07T07:06:26+00:00","twitter_card":"summary_large_image","twitter_site":"@zapateneo","twitter_misc":{"Tiempo de lectura":"1 minuto"},"schema":{"@context":"https:\/\/schema.org","@graph":[{"@type":"WebPage","@id":"https:\/\/zapateneo.net\/wordpress\/index.php\/producto\/maderos-chusma-y-orden-social-una-teoria-critica-del-poder-policial\/","url":"https:\/\/zapateneo.net\/wordpress\/index.php\/producto\/maderos-chusma-y-orden-social-una-teoria-critica-del-poder-policial\/","name":"MADEROS, CHUSMA Y ORDEN SOCIAL Una teor\u00eda cr\u00edtica del poder policial &#8212; Zapateneo","isPartOf":{"@id":"https:\/\/zapateneo.net\/wordpress\/#website"},"primaryImageOfPage":{"@id":"https:\/\/zapateneo.net\/wordpress\/index.php\/producto\/maderos-chusma-y-orden-social-una-teoria-critica-del-poder-policial\/#primaryimage"},"image":{"@id":"https:\/\/zapateneo.net\/wordpress\/index.php\/producto\/maderos-chusma-y-orden-social-una-teoria-critica-del-poder-policial\/#primaryimage"},"thumbnailUrl":"https:\/\/zapateneo.net\/wordpress\/wp-content\/uploads\/2022\/07\/maderos-chusma-y-orden-social-9788416946624.jpg","datePublished":"2022-07-07T07:06:12+00:00","dateModified":"2022-07-07T07:06:26+00:00","breadcrumb":{"@id":"https:\/\/zapateneo.net\/wordpress\/index.php\/producto\/maderos-chusma-y-orden-social-una-teoria-critica-del-poder-policial\/#breadcrumb"},"inLanguage":"es","potentialAction":[{"@type":"ReadAction","target":["https:\/\/zapateneo.net\/wordpress\/index.php\/producto\/maderos-chusma-y-orden-social-una-teoria-critica-del-poder-policial\/"]}]},{"@type":"ImageObject","inLanguage":"es","@id":"https:\/\/zapateneo.net\/wordpress\/index.php\/producto\/maderos-chusma-y-orden-social-una-teoria-critica-del-poder-policial\/#primaryimage","url":"https:\/\/zapateneo.net\/wordpress\/wp-content\/uploads\/2022\/07\/maderos-chusma-y-orden-social-9788416946624.jpg","contentUrl":"https:\/\/zapateneo.net\/wordpress\/wp-content\/uploads\/2022\/07\/maderos-chusma-y-orden-social-9788416946624.jpg","width":267,"height":400},{"@type":"BreadcrumbList","@id":"https:\/\/zapateneo.net\/wordpress\/index.php\/producto\/maderos-chusma-y-orden-social-una-teoria-critica-del-poder-policial\/#breadcrumb","itemListElement":[{"@type":"ListItem","position":1,"name":"Portada","item":"https:\/\/zapateneo.net\/wordpress\/"},{"@type":"ListItem","position":2,"name":"Tienda","item":"https:\/\/zapateneo.net\/wordpress\/"},{"@type":"ListItem","position":3,"name":"MADEROS, CHUSMA Y ORDEN SOCIAL Una teor\u00eda cr\u00edtica del poder policial"}]},{"@type":"WebSite","@id":"https:\/\/zapateneo.net\/wordpress\/#website","url":"https:\/\/zapateneo.net\/wordpress\/","name":"Zapateneo","description":"Zapateneoaren webgunea","publisher":{"@id":"https:\/\/zapateneo.net\/wordpress\/#organization"},"potentialAction":[{"@type":"SearchAction","target":{"@type":"EntryPoint","urlTemplate":"https:\/\/zapateneo.net\/wordpress\/?s={search_term_string}"},"query-input":{"@type":"PropertyValueSpecification","valueRequired":true,"valueName":"search_term_string"}}],"inLanguage":"es"},{"@type":"Organization","@id":"https:\/\/zapateneo.net\/wordpress\/#organization","name":"Zapateneo Kultur Elkartea","url":"https:\/\/zapateneo.net\/wordpress\/","logo":{"@type":"ImageObject","inLanguage":"es","@id":"https:\/\/zapateneo.net\/wordpress\/#\/schema\/logo\/image\/","url":"https:\/\/zapateneo.net\/wordpress\/wp-content\/uploads\/2021\/04\/zap-libu-kolec.jpg","contentUrl":"https:\/\/zapateneo.net\/wordpress\/wp-content\/uploads\/2021\/04\/zap-libu-kolec.jpg","width":2234,"height":398,"caption":"Zapateneo Kultur Elkartea"},"image":{"@id":"https:\/\/zapateneo.net\/wordpress\/#\/schema\/logo\/image\/"},"sameAs":["https:\/\/x.com\/zapateneo"]}]}},"_links":{"self":[{"href":"https:\/\/zapateneo.net\/wordpress\/index.php\/wp-json\/wp\/v2\/product\/11672","targetHints":{"allow":["GET"]}}],"collection":[{"href":"https:\/\/zapateneo.net\/wordpress\/index.php\/wp-json\/wp\/v2\/product"}],"about":[{"href":"https:\/\/zapateneo.net\/wordpress\/index.php\/wp-json\/wp\/v2\/types\/product"}],"wp:featuredmedia":[{"embeddable":true,"href":"https:\/\/zapateneo.net\/wordpress\/index.php\/wp-json\/wp\/v2\/media\/11702"}],"wp:attachment":[{"href":"https:\/\/zapateneo.net\/wordpress\/index.php\/wp-json\/wp\/v2\/media?parent=11672"}],"wp:term":[{"taxonomy":"product_brand","embeddable":true,"href":"https:\/\/zapateneo.net\/wordpress\/index.php\/wp-json\/wp\/v2\/product_brand?post=11672"},{"taxonomy":"product_cat","embeddable":true,"href":"https:\/\/zapateneo.net\/wordpress\/index.php\/wp-json\/wp\/v2\/product_cat?post=11672"},{"taxonomy":"product_tag","embeddable":true,"href":"https:\/\/zapateneo.net\/wordpress\/index.php\/wp-json\/wp\/v2\/product_tag?post=11672"}],"curies":[{"name":"wp","href":"https:\/\/api.w.org\/{rel}","templated":true}]}}