{"id":11671,"date":"2022-07-07T08:06:12","date_gmt":"2022-07-07T07:06:12","guid":{"rendered":"https:\/\/zapateneo.net\/wordpress\/?post_type=product&#038;p=11671"},"modified":"2022-07-07T08:06:25","modified_gmt":"2022-07-07T07:06:25","slug":"el-sutil-hilo-conductor-de-la-subversion","status":"publish","type":"product","link":"https:\/\/zapateneo.net\/wordpress\/index.php\/producto\/el-sutil-hilo-conductor-de-la-subversion\/","title":{"rendered":"EL SUTIL HILO CONDUCTOR DE LA SUBVERSI\u00d3N"},"content":{"rendered":"<p>Miguel Amor\u00f3s es conocido por ser uno de los cr\u00edticos m\u00e1s agudos de la sociedad contempor\u00e1nea vinculados al mundo anarquista. El hilo conductor de la subversi\u00f3n recoge sus aportaciones m\u00e1s recientes, y algunos escritos representativos anteriores. En este tiempo de discursos prefabricados y videos virales, Amor\u00f3s nos ofrece unos textos cargados de sentido, para entender lo que vivimos; y tambi\u00e9n para conocer la memoria de luchas sociales, buen referente para las que vendr\u00e1n.<\/p>\n<p>Amor\u00f3s define las grandes urbes como territorios del poder, desmiente las promesas del progreso capitalista, encarnado aun por la socialdemocracia, o de la tecnolog\u00eda que solo nos mete a\u00fan m\u00e1s en el agujero, a la vez que sirve para el control social de la poblaci\u00f3n; tambi\u00e9n critica la democracia totalitaria blanqueada por los medios de comunicaci\u00f3n, en resumen: esboza un mundo menos libre. Ante la amenaza del ecofascismo, desmonta el lavado de cara verde del sistema en estos tiempos de \u201ctransici\u00f3n ecol\u00f3gica\u201d. Pero no plantea el decrecimiento, sino rechazar esta sociedad de lleno, apuesta por el antidesarrollismo y por otra forma de vivir, m\u00e1s aut\u00f3noma, libre y comunitaria.<\/p>\n<p>En la \u00faltima d\u00e9cada se han abierto algunas brechas, parece que hay m\u00e1s politizaci\u00f3n, pero, con honrosas excepciones, esta es reconducida al espect\u00e1culo y el reformismo por los nuevos partidos, por la tele y las redes sociales (de ah\u00ed los \u00abrevolucionarios de twitter\u00bb). Nos venden un discurso que solo critica el consumismo y la corrupci\u00f3n, mientras vivimos en ciudades inhabitables y en una cultura de masas, ahora personalizada con big data. Urge desenredar la trama de la dominaci\u00f3n: el Estado, el patriarcado, el mundo empresarial, la l\u00f3gica de la acumulaci\u00f3n, el trabajo asalariado o las nocividades (nucleares, alimentos transg\u00e9nicos, pesticidas, etc. culpables de buena parte de las enfermedades). Hay que sacudirse ciertos valores, h\u00e1bitos y miedos. Es necesario un cuestionamiento radical, recuperar el deseo no domesticado y la contracultura, as\u00ed como algunas formas de actuar.<\/p>\n<p>Amor\u00f3s a\u00fana lo mejor del pensamiento anticapitalista (marxismos, situacionismo, anarquismo revolucionario). Aborda la ideolog\u00eda y la estrategia, revisita a cl\u00e1sicos como Bakunin, Kropotkin o Bonanno. Autogesti\u00f3n, apoyo mutuo y sentido antiautoritario. Sus escritos transmiten una perspectiva casi perdida, en especial a los m\u00e1s j\u00f3venes. Quiz\u00e1s ah\u00ed resida la importancia del hilo conductor de la subversi\u00f3n.<\/p>\n","protected":false},"excerpt":{"rendered":"<p><strong>Miquel Amor\u00f3s<\/strong><br \/>\n9788485209446 &#8211; Irrecuperables &#8211; 2022 &#8211; 348 p\u00e1ginas \/orri.<\/p>\n","protected":false},"featured_media":11701,"template":"","meta":[],"product_brand":[],"product_cat":[1868,16],"product_tag":[2960,2097],"class_list":{"0":"post-11671","1":"product","2":"type-product","3":"status-publish","4":"has-post-thumbnail","6":"product_cat-anarkismoa-anarquismo","7":"product_cat-libros","8":"product_tag-irrecuperables","9":"product_tag-miquel-amoros","11":"first","12":"instock","13":"sold-individually","14":"shipping-taxable","15":"purchasable","16":"product-type-simple"},"yoast_head":"<!-- This site is optimized with the Yoast SEO plugin v27.3 - https:\/\/yoast.com\/product\/yoast-seo-wordpress\/ -->\n<title>EL SUTIL HILO CONDUCTOR DE LA SUBVERSI\u00d3N &#8212; Zapateneo<\/title>\n<meta name=\"robots\" content=\"index, follow, max-snippet:-1, max-image-preview:large, max-video-preview:-1\" \/>\n<link rel=\"canonical\" href=\"https:\/\/zapateneo.net\/wordpress\/index.php\/producto\/el-sutil-hilo-conductor-de-la-subversion\/\" \/>\n<meta property=\"og:locale\" content=\"es_ES\" \/>\n<meta property=\"og:type\" content=\"article\" \/>\n<meta property=\"og:title\" content=\"EL SUTIL HILO CONDUCTOR DE LA SUBVERSI\u00d3N &#8212; Zapateneo\" \/>\n<meta property=\"og:description\" content=\"Miquel Amor\u00f3s 9788485209446 - Irrecuperables - 2022 - 348 p\u00e1ginas \/orri.\" \/>\n<meta property=\"og:url\" content=\"https:\/\/zapateneo.net\/wordpress\/index.php\/producto\/el-sutil-hilo-conductor-de-la-subversion\/\" \/>\n<meta property=\"og:site_name\" content=\"Zapateneo\" \/>\n<meta property=\"article:modified_time\" content=\"2022-07-07T07:06:25+00:00\" \/>\n<meta name=\"twitter:card\" content=\"summary_large_image\" \/>\n<meta name=\"twitter:site\" content=\"@zapateneo\" \/>\n<meta name=\"twitter:label1\" content=\"Tiempo de lectura\" \/>\n\t<meta name=\"twitter:data1\" content=\"2 minutos\" \/>\n<script type=\"application\/ld+json\" class=\"yoast-schema-graph\">{\"@context\":\"https:\\\/\\\/schema.org\",\"@graph\":[{\"@type\":\"WebPage\",\"@id\":\"https:\\\/\\\/zapateneo.net\\\/wordpress\\\/index.php\\\/producto\\\/el-sutil-hilo-conductor-de-la-subversion\\\/\",\"url\":\"https:\\\/\\\/zapateneo.net\\\/wordpress\\\/index.php\\\/producto\\\/el-sutil-hilo-conductor-de-la-subversion\\\/\",\"name\":\"EL SUTIL HILO CONDUCTOR DE LA SUBVERSI\u00d3N &#8212; Zapateneo\",\"isPartOf\":{\"@id\":\"https:\\\/\\\/zapateneo.net\\\/wordpress\\\/#website\"},\"primaryImageOfPage\":{\"@id\":\"https:\\\/\\\/zapateneo.net\\\/wordpress\\\/index.php\\\/producto\\\/el-sutil-hilo-conductor-de-la-subversion\\\/#primaryimage\"},\"image\":{\"@id\":\"https:\\\/\\\/zapateneo.net\\\/wordpress\\\/index.php\\\/producto\\\/el-sutil-hilo-conductor-de-la-subversion\\\/#primaryimage\"},\"thumbnailUrl\":\"https:\\\/\\\/zapateneo.net\\\/wordpress\\\/wp-content\\\/uploads\\\/2022\\\/07\\\/el-sutil-hilo-conductor-de-la-subversion-9788485209446.png\",\"datePublished\":\"2022-07-07T07:06:12+00:00\",\"dateModified\":\"2022-07-07T07:06:25+00:00\",\"breadcrumb\":{\"@id\":\"https:\\\/\\\/zapateneo.net\\\/wordpress\\\/index.php\\\/producto\\\/el-sutil-hilo-conductor-de-la-subversion\\\/#breadcrumb\"},\"inLanguage\":\"es\",\"potentialAction\":[{\"@type\":\"ReadAction\",\"target\":[\"https:\\\/\\\/zapateneo.net\\\/wordpress\\\/index.php\\\/producto\\\/el-sutil-hilo-conductor-de-la-subversion\\\/\"]}]},{\"@type\":\"ImageObject\",\"inLanguage\":\"es\",\"@id\":\"https:\\\/\\\/zapateneo.net\\\/wordpress\\\/index.php\\\/producto\\\/el-sutil-hilo-conductor-de-la-subversion\\\/#primaryimage\",\"url\":\"https:\\\/\\\/zapateneo.net\\\/wordpress\\\/wp-content\\\/uploads\\\/2022\\\/07\\\/el-sutil-hilo-conductor-de-la-subversion-9788485209446.png\",\"contentUrl\":\"https:\\\/\\\/zapateneo.net\\\/wordpress\\\/wp-content\\\/uploads\\\/2022\\\/07\\\/el-sutil-hilo-conductor-de-la-subversion-9788485209446.png\",\"width\":283,\"height\":400},{\"@type\":\"BreadcrumbList\",\"@id\":\"https:\\\/\\\/zapateneo.net\\\/wordpress\\\/index.php\\\/producto\\\/el-sutil-hilo-conductor-de-la-subversion\\\/#breadcrumb\",\"itemListElement\":[{\"@type\":\"ListItem\",\"position\":1,\"name\":\"Portada\",\"item\":\"https:\\\/\\\/zapateneo.net\\\/wordpress\\\/\"},{\"@type\":\"ListItem\",\"position\":2,\"name\":\"Tienda\",\"item\":\"https:\\\/\\\/zapateneo.net\\\/wordpress\\\/\"},{\"@type\":\"ListItem\",\"position\":3,\"name\":\"EL SUTIL HILO CONDUCTOR DE LA SUBVERSI\u00d3N\"}]},{\"@type\":\"WebSite\",\"@id\":\"https:\\\/\\\/zapateneo.net\\\/wordpress\\\/#website\",\"url\":\"https:\\\/\\\/zapateneo.net\\\/wordpress\\\/\",\"name\":\"Zapateneo\",\"description\":\"Zapateneoaren webgunea\",\"publisher\":{\"@id\":\"https:\\\/\\\/zapateneo.net\\\/wordpress\\\/#organization\"},\"potentialAction\":[{\"@type\":\"SearchAction\",\"target\":{\"@type\":\"EntryPoint\",\"urlTemplate\":\"https:\\\/\\\/zapateneo.net\\\/wordpress\\\/?s={search_term_string}\"},\"query-input\":{\"@type\":\"PropertyValueSpecification\",\"valueRequired\":true,\"valueName\":\"search_term_string\"}}],\"inLanguage\":\"es\"},{\"@type\":\"Organization\",\"@id\":\"https:\\\/\\\/zapateneo.net\\\/wordpress\\\/#organization\",\"name\":\"Zapateneo Kultur Elkartea\",\"url\":\"https:\\\/\\\/zapateneo.net\\\/wordpress\\\/\",\"logo\":{\"@type\":\"ImageObject\",\"inLanguage\":\"es\",\"@id\":\"https:\\\/\\\/zapateneo.net\\\/wordpress\\\/#\\\/schema\\\/logo\\\/image\\\/\",\"url\":\"https:\\\/\\\/zapateneo.net\\\/wordpress\\\/wp-content\\\/uploads\\\/2021\\\/04\\\/zap-libu-kolec.jpg\",\"contentUrl\":\"https:\\\/\\\/zapateneo.net\\\/wordpress\\\/wp-content\\\/uploads\\\/2021\\\/04\\\/zap-libu-kolec.jpg\",\"width\":2234,\"height\":398,\"caption\":\"Zapateneo Kultur Elkartea\"},\"image\":{\"@id\":\"https:\\\/\\\/zapateneo.net\\\/wordpress\\\/#\\\/schema\\\/logo\\\/image\\\/\"},\"sameAs\":[\"https:\\\/\\\/x.com\\\/zapateneo\"]}]}<\/script>\n<!-- \/ Yoast SEO plugin. -->","yoast_head_json":{"title":"EL SUTIL HILO CONDUCTOR DE LA SUBVERSI\u00d3N &#8212; Zapateneo","robots":{"index":"index","follow":"follow","max-snippet":"max-snippet:-1","max-image-preview":"max-image-preview:large","max-video-preview":"max-video-preview:-1"},"canonical":"https:\/\/zapateneo.net\/wordpress\/index.php\/producto\/el-sutil-hilo-conductor-de-la-subversion\/","og_locale":"es_ES","og_type":"article","og_title":"EL SUTIL HILO CONDUCTOR DE LA SUBVERSI\u00d3N &#8212; Zapateneo","og_description":"Miquel Amor\u00f3s 9788485209446 - Irrecuperables - 2022 - 348 p\u00e1ginas \/orri.","og_url":"https:\/\/zapateneo.net\/wordpress\/index.php\/producto\/el-sutil-hilo-conductor-de-la-subversion\/","og_site_name":"Zapateneo","article_modified_time":"2022-07-07T07:06:25+00:00","twitter_card":"summary_large_image","twitter_site":"@zapateneo","twitter_misc":{"Tiempo de lectura":"2 minutos"},"schema":{"@context":"https:\/\/schema.org","@graph":[{"@type":"WebPage","@id":"https:\/\/zapateneo.net\/wordpress\/index.php\/producto\/el-sutil-hilo-conductor-de-la-subversion\/","url":"https:\/\/zapateneo.net\/wordpress\/index.php\/producto\/el-sutil-hilo-conductor-de-la-subversion\/","name":"EL SUTIL HILO CONDUCTOR DE LA SUBVERSI\u00d3N &#8212; Zapateneo","isPartOf":{"@id":"https:\/\/zapateneo.net\/wordpress\/#website"},"primaryImageOfPage":{"@id":"https:\/\/zapateneo.net\/wordpress\/index.php\/producto\/el-sutil-hilo-conductor-de-la-subversion\/#primaryimage"},"image":{"@id":"https:\/\/zapateneo.net\/wordpress\/index.php\/producto\/el-sutil-hilo-conductor-de-la-subversion\/#primaryimage"},"thumbnailUrl":"https:\/\/zapateneo.net\/wordpress\/wp-content\/uploads\/2022\/07\/el-sutil-hilo-conductor-de-la-subversion-9788485209446.png","datePublished":"2022-07-07T07:06:12+00:00","dateModified":"2022-07-07T07:06:25+00:00","breadcrumb":{"@id":"https:\/\/zapateneo.net\/wordpress\/index.php\/producto\/el-sutil-hilo-conductor-de-la-subversion\/#breadcrumb"},"inLanguage":"es","potentialAction":[{"@type":"ReadAction","target":["https:\/\/zapateneo.net\/wordpress\/index.php\/producto\/el-sutil-hilo-conductor-de-la-subversion\/"]}]},{"@type":"ImageObject","inLanguage":"es","@id":"https:\/\/zapateneo.net\/wordpress\/index.php\/producto\/el-sutil-hilo-conductor-de-la-subversion\/#primaryimage","url":"https:\/\/zapateneo.net\/wordpress\/wp-content\/uploads\/2022\/07\/el-sutil-hilo-conductor-de-la-subversion-9788485209446.png","contentUrl":"https:\/\/zapateneo.net\/wordpress\/wp-content\/uploads\/2022\/07\/el-sutil-hilo-conductor-de-la-subversion-9788485209446.png","width":283,"height":400},{"@type":"BreadcrumbList","@id":"https:\/\/zapateneo.net\/wordpress\/index.php\/producto\/el-sutil-hilo-conductor-de-la-subversion\/#breadcrumb","itemListElement":[{"@type":"ListItem","position":1,"name":"Portada","item":"https:\/\/zapateneo.net\/wordpress\/"},{"@type":"ListItem","position":2,"name":"Tienda","item":"https:\/\/zapateneo.net\/wordpress\/"},{"@type":"ListItem","position":3,"name":"EL SUTIL HILO CONDUCTOR DE LA SUBVERSI\u00d3N"}]},{"@type":"WebSite","@id":"https:\/\/zapateneo.net\/wordpress\/#website","url":"https:\/\/zapateneo.net\/wordpress\/","name":"Zapateneo","description":"Zapateneoaren webgunea","publisher":{"@id":"https:\/\/zapateneo.net\/wordpress\/#organization"},"potentialAction":[{"@type":"SearchAction","target":{"@type":"EntryPoint","urlTemplate":"https:\/\/zapateneo.net\/wordpress\/?s={search_term_string}"},"query-input":{"@type":"PropertyValueSpecification","valueRequired":true,"valueName":"search_term_string"}}],"inLanguage":"es"},{"@type":"Organization","@id":"https:\/\/zapateneo.net\/wordpress\/#organization","name":"Zapateneo Kultur Elkartea","url":"https:\/\/zapateneo.net\/wordpress\/","logo":{"@type":"ImageObject","inLanguage":"es","@id":"https:\/\/zapateneo.net\/wordpress\/#\/schema\/logo\/image\/","url":"https:\/\/zapateneo.net\/wordpress\/wp-content\/uploads\/2021\/04\/zap-libu-kolec.jpg","contentUrl":"https:\/\/zapateneo.net\/wordpress\/wp-content\/uploads\/2021\/04\/zap-libu-kolec.jpg","width":2234,"height":398,"caption":"Zapateneo Kultur Elkartea"},"image":{"@id":"https:\/\/zapateneo.net\/wordpress\/#\/schema\/logo\/image\/"},"sameAs":["https:\/\/x.com\/zapateneo"]}]}},"_links":{"self":[{"href":"https:\/\/zapateneo.net\/wordpress\/index.php\/wp-json\/wp\/v2\/product\/11671","targetHints":{"allow":["GET"]}}],"collection":[{"href":"https:\/\/zapateneo.net\/wordpress\/index.php\/wp-json\/wp\/v2\/product"}],"about":[{"href":"https:\/\/zapateneo.net\/wordpress\/index.php\/wp-json\/wp\/v2\/types\/product"}],"wp:featuredmedia":[{"embeddable":true,"href":"https:\/\/zapateneo.net\/wordpress\/index.php\/wp-json\/wp\/v2\/media\/11701"}],"wp:attachment":[{"href":"https:\/\/zapateneo.net\/wordpress\/index.php\/wp-json\/wp\/v2\/media?parent=11671"}],"wp:term":[{"taxonomy":"product_brand","embeddable":true,"href":"https:\/\/zapateneo.net\/wordpress\/index.php\/wp-json\/wp\/v2\/product_brand?post=11671"},{"taxonomy":"product_cat","embeddable":true,"href":"https:\/\/zapateneo.net\/wordpress\/index.php\/wp-json\/wp\/v2\/product_cat?post=11671"},{"taxonomy":"product_tag","embeddable":true,"href":"https:\/\/zapateneo.net\/wordpress\/index.php\/wp-json\/wp\/v2\/product_tag?post=11671"}],"curies":[{"name":"wp","href":"https:\/\/api.w.org\/{rel}","templated":true}]}}