{"id":11667,"date":"2022-07-07T08:06:11","date_gmt":"2022-07-07T07:06:11","guid":{"rendered":"https:\/\/zapateneo.net\/wordpress\/?post_type=product&#038;p=11667"},"modified":"2022-07-07T08:06:22","modified_gmt":"2022-07-07T07:06:22","slug":"ensayos-sobre-la-teoria-del-valor-de-marx","status":"publish","type":"product","link":"https:\/\/zapateneo.net\/wordpress\/index.php\/producto\/ensayos-sobre-la-teoria-del-valor-de-marx\/","title":{"rendered":"ENSAYOS SOBRE LA TEOR\u00cdA DEL VALOR DE MARX"},"content":{"rendered":"<p>Escrito en 1928 y que reaparece hoy con una nueva y cuidada traducci\u00f3n (la anterior y \u00fanica hasta ahora era de 1974), este libro es la obra cumbre del economista Rubin, considerado uno de los mejores int\u00e9rpretes de El capital de Marx y destacado componente de la oposici\u00f3n intelectual de los a\u00f1os 20 del siglo pasado, al naciente materialismo dial\u00e9ctico sovi\u00e9tico, aunque haya sido menos conocido que los casos de Lukacs y de Korsch.<\/p>\n<p>Rubin nos propone una lectura de El capital centrada en la teor\u00eda del fetichismo de las mercanc\u00edas y en la teor\u00eda del valor, en relaci\u00f3n con la cr\u00edtica de la econom\u00eda pol\u00edtica. La teor\u00eda del valor de Marx no ser\u00eda una teor\u00eda econ\u00f3mica valida para todo tipo de sociedad (inclusive la socialista) puesto que refleja las relaciones de producci\u00f3n cosificadas del capitalismo. Las categor\u00edas econ\u00f3micas no son entonces abstracciones inocentes\u00bb, sino formas materiales en las que se reflejan determinadas relaciones de producci\u00f3n sociales.<\/p>\n<p>\u00abRubin insiste en la necesidad de distinguir entre el aspecto t\u00e9cnico y el aspecto socioecon\u00f3mico de la producci\u00f3n capitalista y en el hecho de que su confusi\u00f3n constituye el fetichismo t\u00edpico de la econom\u00eda burguesa y de la vida cotidiana. La teor\u00eda del fetichismo no es entonces una rareza metaf\u00edsica de Marx, ni tampoco designa una mistificaci\u00f3n de la explotaci\u00f3n. Constituye m\u00e1s bien una teor\u00eda general de las relaciones de producci\u00f3n de la econom\u00eda capitalista y se encontrar\u00eda incluso en la base de todo el sistema econ\u00f3mico de Marx, y sobre todo de su teor\u00eda del valor. El fetichismo no es solo un fen\u00f3meno de consciencia social, sino del ser social mismo, dice Rubin. Ning\u00fan otro marxista de su \u00e9poca lo hab\u00eda dicho con claridad.\u00bb \u2014Del Pr\u00f3logo de Anselm Jappe<\/p>\n","protected":false},"excerpt":{"rendered":"<p><strong>Isaak Illich Rubin<\/strong><br \/>\n9789874709882 &#8211; Marat &#8211; 2022 &#8211; 466 p\u00e1ginas \/orri.<\/p>\n","protected":false},"featured_media":11697,"template":"","meta":[],"product_brand":[],"product_cat":[16,173],"product_tag":[5663,5664],"class_list":{"0":"post-11667","1":"product","2":"type-product","3":"status-publish","4":"has-post-thumbnail","6":"product_cat-libros","7":"product_cat-saiakera-ensayo","8":"product_tag-isaak-illich-rubin","9":"product_tag-marat","11":"first","12":"onbackorder","13":"sold-individually","14":"shipping-taxable","15":"purchasable","16":"product-type-simple"},"yoast_head":"<!-- This site is optimized with the Yoast SEO plugin v27.3 - https:\/\/yoast.com\/product\/yoast-seo-wordpress\/ -->\n<title>ENSAYOS SOBRE LA TEOR\u00cdA DEL VALOR DE MARX &#8212; Zapateneo<\/title>\n<meta name=\"robots\" content=\"index, follow, max-snippet:-1, max-image-preview:large, max-video-preview:-1\" \/>\n<link rel=\"canonical\" href=\"https:\/\/zapateneo.net\/wordpress\/index.php\/producto\/ensayos-sobre-la-teoria-del-valor-de-marx\/\" \/>\n<meta property=\"og:locale\" content=\"es_ES\" \/>\n<meta property=\"og:type\" content=\"article\" \/>\n<meta property=\"og:title\" content=\"ENSAYOS SOBRE LA TEOR\u00cdA DEL VALOR DE MARX &#8212; Zapateneo\" \/>\n<meta property=\"og:description\" content=\"Isaak Illich Rubin 9789874709882 - Marat - 2022 - 466 p\u00e1ginas \/orri.\" \/>\n<meta property=\"og:url\" content=\"https:\/\/zapateneo.net\/wordpress\/index.php\/producto\/ensayos-sobre-la-teoria-del-valor-de-marx\/\" \/>\n<meta property=\"og:site_name\" content=\"Zapateneo\" \/>\n<meta property=\"article:modified_time\" content=\"2022-07-07T07:06:22+00:00\" \/>\n<meta name=\"twitter:card\" content=\"summary_large_image\" \/>\n<meta name=\"twitter:site\" content=\"@zapateneo\" \/>\n<meta name=\"twitter:label1\" content=\"Tiempo de lectura\" \/>\n\t<meta name=\"twitter:data1\" content=\"2 minutos\" \/>\n<script type=\"application\/ld+json\" class=\"yoast-schema-graph\">{\"@context\":\"https:\\\/\\\/schema.org\",\"@graph\":[{\"@type\":\"WebPage\",\"@id\":\"https:\\\/\\\/zapateneo.net\\\/wordpress\\\/index.php\\\/producto\\\/ensayos-sobre-la-teoria-del-valor-de-marx\\\/\",\"url\":\"https:\\\/\\\/zapateneo.net\\\/wordpress\\\/index.php\\\/producto\\\/ensayos-sobre-la-teoria-del-valor-de-marx\\\/\",\"name\":\"ENSAYOS SOBRE LA TEOR\u00cdA DEL VALOR DE MARX &#8212; Zapateneo\",\"isPartOf\":{\"@id\":\"https:\\\/\\\/zapateneo.net\\\/wordpress\\\/#website\"},\"primaryImageOfPage\":{\"@id\":\"https:\\\/\\\/zapateneo.net\\\/wordpress\\\/index.php\\\/producto\\\/ensayos-sobre-la-teoria-del-valor-de-marx\\\/#primaryimage\"},\"image\":{\"@id\":\"https:\\\/\\\/zapateneo.net\\\/wordpress\\\/index.php\\\/producto\\\/ensayos-sobre-la-teoria-del-valor-de-marx\\\/#primaryimage\"},\"thumbnailUrl\":\"https:\\\/\\\/zapateneo.net\\\/wordpress\\\/wp-content\\\/uploads\\\/2022\\\/07\\\/ensayos-sobre-la-teoria-del-valor-de-marx-9789874709882.jpg\",\"datePublished\":\"2022-07-07T07:06:11+00:00\",\"dateModified\":\"2022-07-07T07:06:22+00:00\",\"breadcrumb\":{\"@id\":\"https:\\\/\\\/zapateneo.net\\\/wordpress\\\/index.php\\\/producto\\\/ensayos-sobre-la-teoria-del-valor-de-marx\\\/#breadcrumb\"},\"inLanguage\":\"es\",\"potentialAction\":[{\"@type\":\"ReadAction\",\"target\":[\"https:\\\/\\\/zapateneo.net\\\/wordpress\\\/index.php\\\/producto\\\/ensayos-sobre-la-teoria-del-valor-de-marx\\\/\"]}]},{\"@type\":\"ImageObject\",\"inLanguage\":\"es\",\"@id\":\"https:\\\/\\\/zapateneo.net\\\/wordpress\\\/index.php\\\/producto\\\/ensayos-sobre-la-teoria-del-valor-de-marx\\\/#primaryimage\",\"url\":\"https:\\\/\\\/zapateneo.net\\\/wordpress\\\/wp-content\\\/uploads\\\/2022\\\/07\\\/ensayos-sobre-la-teoria-del-valor-de-marx-9789874709882.jpg\",\"contentUrl\":\"https:\\\/\\\/zapateneo.net\\\/wordpress\\\/wp-content\\\/uploads\\\/2022\\\/07\\\/ensayos-sobre-la-teoria-del-valor-de-marx-9789874709882.jpg\",\"width\":265,\"height\":400},{\"@type\":\"BreadcrumbList\",\"@id\":\"https:\\\/\\\/zapateneo.net\\\/wordpress\\\/index.php\\\/producto\\\/ensayos-sobre-la-teoria-del-valor-de-marx\\\/#breadcrumb\",\"itemListElement\":[{\"@type\":\"ListItem\",\"position\":1,\"name\":\"Portada\",\"item\":\"https:\\\/\\\/zapateneo.net\\\/wordpress\\\/\"},{\"@type\":\"ListItem\",\"position\":2,\"name\":\"Tienda\",\"item\":\"https:\\\/\\\/zapateneo.net\\\/wordpress\\\/\"},{\"@type\":\"ListItem\",\"position\":3,\"name\":\"ENSAYOS SOBRE LA TEOR\u00cdA DEL VALOR DE MARX\"}]},{\"@type\":\"WebSite\",\"@id\":\"https:\\\/\\\/zapateneo.net\\\/wordpress\\\/#website\",\"url\":\"https:\\\/\\\/zapateneo.net\\\/wordpress\\\/\",\"name\":\"Zapateneo\",\"description\":\"Zapateneoaren webgunea\",\"publisher\":{\"@id\":\"https:\\\/\\\/zapateneo.net\\\/wordpress\\\/#organization\"},\"potentialAction\":[{\"@type\":\"SearchAction\",\"target\":{\"@type\":\"EntryPoint\",\"urlTemplate\":\"https:\\\/\\\/zapateneo.net\\\/wordpress\\\/?s={search_term_string}\"},\"query-input\":{\"@type\":\"PropertyValueSpecification\",\"valueRequired\":true,\"valueName\":\"search_term_string\"}}],\"inLanguage\":\"es\"},{\"@type\":\"Organization\",\"@id\":\"https:\\\/\\\/zapateneo.net\\\/wordpress\\\/#organization\",\"name\":\"Zapateneo Kultur Elkartea\",\"url\":\"https:\\\/\\\/zapateneo.net\\\/wordpress\\\/\",\"logo\":{\"@type\":\"ImageObject\",\"inLanguage\":\"es\",\"@id\":\"https:\\\/\\\/zapateneo.net\\\/wordpress\\\/#\\\/schema\\\/logo\\\/image\\\/\",\"url\":\"https:\\\/\\\/zapateneo.net\\\/wordpress\\\/wp-content\\\/uploads\\\/2021\\\/04\\\/zap-libu-kolec.jpg\",\"contentUrl\":\"https:\\\/\\\/zapateneo.net\\\/wordpress\\\/wp-content\\\/uploads\\\/2021\\\/04\\\/zap-libu-kolec.jpg\",\"width\":2234,\"height\":398,\"caption\":\"Zapateneo Kultur Elkartea\"},\"image\":{\"@id\":\"https:\\\/\\\/zapateneo.net\\\/wordpress\\\/#\\\/schema\\\/logo\\\/image\\\/\"},\"sameAs\":[\"https:\\\/\\\/x.com\\\/zapateneo\"]}]}<\/script>\n<!-- \/ Yoast SEO plugin. -->","yoast_head_json":{"title":"ENSAYOS SOBRE LA TEOR\u00cdA DEL VALOR DE MARX &#8212; Zapateneo","robots":{"index":"index","follow":"follow","max-snippet":"max-snippet:-1","max-image-preview":"max-image-preview:large","max-video-preview":"max-video-preview:-1"},"canonical":"https:\/\/zapateneo.net\/wordpress\/index.php\/producto\/ensayos-sobre-la-teoria-del-valor-de-marx\/","og_locale":"es_ES","og_type":"article","og_title":"ENSAYOS SOBRE LA TEOR\u00cdA DEL VALOR DE MARX &#8212; Zapateneo","og_description":"Isaak Illich Rubin 9789874709882 - Marat - 2022 - 466 p\u00e1ginas \/orri.","og_url":"https:\/\/zapateneo.net\/wordpress\/index.php\/producto\/ensayos-sobre-la-teoria-del-valor-de-marx\/","og_site_name":"Zapateneo","article_modified_time":"2022-07-07T07:06:22+00:00","twitter_card":"summary_large_image","twitter_site":"@zapateneo","twitter_misc":{"Tiempo de lectura":"2 minutos"},"schema":{"@context":"https:\/\/schema.org","@graph":[{"@type":"WebPage","@id":"https:\/\/zapateneo.net\/wordpress\/index.php\/producto\/ensayos-sobre-la-teoria-del-valor-de-marx\/","url":"https:\/\/zapateneo.net\/wordpress\/index.php\/producto\/ensayos-sobre-la-teoria-del-valor-de-marx\/","name":"ENSAYOS SOBRE LA TEOR\u00cdA DEL VALOR DE MARX &#8212; Zapateneo","isPartOf":{"@id":"https:\/\/zapateneo.net\/wordpress\/#website"},"primaryImageOfPage":{"@id":"https:\/\/zapateneo.net\/wordpress\/index.php\/producto\/ensayos-sobre-la-teoria-del-valor-de-marx\/#primaryimage"},"image":{"@id":"https:\/\/zapateneo.net\/wordpress\/index.php\/producto\/ensayos-sobre-la-teoria-del-valor-de-marx\/#primaryimage"},"thumbnailUrl":"https:\/\/zapateneo.net\/wordpress\/wp-content\/uploads\/2022\/07\/ensayos-sobre-la-teoria-del-valor-de-marx-9789874709882.jpg","datePublished":"2022-07-07T07:06:11+00:00","dateModified":"2022-07-07T07:06:22+00:00","breadcrumb":{"@id":"https:\/\/zapateneo.net\/wordpress\/index.php\/producto\/ensayos-sobre-la-teoria-del-valor-de-marx\/#breadcrumb"},"inLanguage":"es","potentialAction":[{"@type":"ReadAction","target":["https:\/\/zapateneo.net\/wordpress\/index.php\/producto\/ensayos-sobre-la-teoria-del-valor-de-marx\/"]}]},{"@type":"ImageObject","inLanguage":"es","@id":"https:\/\/zapateneo.net\/wordpress\/index.php\/producto\/ensayos-sobre-la-teoria-del-valor-de-marx\/#primaryimage","url":"https:\/\/zapateneo.net\/wordpress\/wp-content\/uploads\/2022\/07\/ensayos-sobre-la-teoria-del-valor-de-marx-9789874709882.jpg","contentUrl":"https:\/\/zapateneo.net\/wordpress\/wp-content\/uploads\/2022\/07\/ensayos-sobre-la-teoria-del-valor-de-marx-9789874709882.jpg","width":265,"height":400},{"@type":"BreadcrumbList","@id":"https:\/\/zapateneo.net\/wordpress\/index.php\/producto\/ensayos-sobre-la-teoria-del-valor-de-marx\/#breadcrumb","itemListElement":[{"@type":"ListItem","position":1,"name":"Portada","item":"https:\/\/zapateneo.net\/wordpress\/"},{"@type":"ListItem","position":2,"name":"Tienda","item":"https:\/\/zapateneo.net\/wordpress\/"},{"@type":"ListItem","position":3,"name":"ENSAYOS SOBRE LA TEOR\u00cdA DEL VALOR DE MARX"}]},{"@type":"WebSite","@id":"https:\/\/zapateneo.net\/wordpress\/#website","url":"https:\/\/zapateneo.net\/wordpress\/","name":"Zapateneo","description":"Zapateneoaren webgunea","publisher":{"@id":"https:\/\/zapateneo.net\/wordpress\/#organization"},"potentialAction":[{"@type":"SearchAction","target":{"@type":"EntryPoint","urlTemplate":"https:\/\/zapateneo.net\/wordpress\/?s={search_term_string}"},"query-input":{"@type":"PropertyValueSpecification","valueRequired":true,"valueName":"search_term_string"}}],"inLanguage":"es"},{"@type":"Organization","@id":"https:\/\/zapateneo.net\/wordpress\/#organization","name":"Zapateneo Kultur Elkartea","url":"https:\/\/zapateneo.net\/wordpress\/","logo":{"@type":"ImageObject","inLanguage":"es","@id":"https:\/\/zapateneo.net\/wordpress\/#\/schema\/logo\/image\/","url":"https:\/\/zapateneo.net\/wordpress\/wp-content\/uploads\/2021\/04\/zap-libu-kolec.jpg","contentUrl":"https:\/\/zapateneo.net\/wordpress\/wp-content\/uploads\/2021\/04\/zap-libu-kolec.jpg","width":2234,"height":398,"caption":"Zapateneo Kultur Elkartea"},"image":{"@id":"https:\/\/zapateneo.net\/wordpress\/#\/schema\/logo\/image\/"},"sameAs":["https:\/\/x.com\/zapateneo"]}]}},"_links":{"self":[{"href":"https:\/\/zapateneo.net\/wordpress\/index.php\/wp-json\/wp\/v2\/product\/11667","targetHints":{"allow":["GET"]}}],"collection":[{"href":"https:\/\/zapateneo.net\/wordpress\/index.php\/wp-json\/wp\/v2\/product"}],"about":[{"href":"https:\/\/zapateneo.net\/wordpress\/index.php\/wp-json\/wp\/v2\/types\/product"}],"wp:featuredmedia":[{"embeddable":true,"href":"https:\/\/zapateneo.net\/wordpress\/index.php\/wp-json\/wp\/v2\/media\/11697"}],"wp:attachment":[{"href":"https:\/\/zapateneo.net\/wordpress\/index.php\/wp-json\/wp\/v2\/media?parent=11667"}],"wp:term":[{"taxonomy":"product_brand","embeddable":true,"href":"https:\/\/zapateneo.net\/wordpress\/index.php\/wp-json\/wp\/v2\/product_brand?post=11667"},{"taxonomy":"product_cat","embeddable":true,"href":"https:\/\/zapateneo.net\/wordpress\/index.php\/wp-json\/wp\/v2\/product_cat?post=11667"},{"taxonomy":"product_tag","embeddable":true,"href":"https:\/\/zapateneo.net\/wordpress\/index.php\/wp-json\/wp\/v2\/product_tag?post=11667"}],"curies":[{"name":"wp","href":"https:\/\/api.w.org\/{rel}","templated":true}]}}