{"id":11665,"date":"2022-07-07T08:06:11","date_gmt":"2022-07-07T07:06:11","guid":{"rendered":"https:\/\/zapateneo.net\/wordpress\/?post_type=product&#038;p=11665"},"modified":"2022-07-07T08:06:21","modified_gmt":"2022-07-07T07:06:21","slug":"pensar-en-sistemas-un-manual-de-iniciacion","status":"publish","type":"product","link":"https:\/\/zapateneo.net\/wordpress\/index.php\/producto\/pensar-en-sistemas-un-manual-de-iniciacion\/","title":{"rendered":"PENSAR EN SISTEMAS Un manual de iniciaci\u00f3n"},"content":{"rendered":"<p>En los a\u00f1os posteriores a su papel como autora principal del bestseller internacional, L\u00edmites del crecimiento, el primer libro que muestra las consecuencias del crecimiento descontrolado en un planeta finito, Donella Meadows sigui\u00f3 siendo una pionera del an\u00e1lisis ambiental y social hasta su prematura muerte en 2001.<\/p>\n<p>Este manual esencial lleva el pensamiento sist\u00e9mico fuera del \u00e1mbito de las computadoras y las ecuaciones al mundo tangible, mostrando a los lectores c\u00f3mo desarrollar las habilidades del pensamiento sist\u00e9mico que los l\u00edderes de pensamiento de todo el mundo consideran fundamentales para la vida del siglo XXI. Algunos de los mayores problemas que enfrenta el mundo \u2014 guerra, hambre, pobreza y degradaci\u00f3n ambiental\u2014 son esencialmente fallos del sistema. No pueden resolverse arreglando una pieza de forma aislada de las dem\u00e1s, porque incluso los detalles aparentemente menores tienen un enorme poder para socavar los mejores esfuerzos de un pensamiento demasiado estrecho.<\/p>\n<p>Si bien los lectores aprender\u00e1n las herramientas conceptuales y los m\u00e9todos del pensamiento sist\u00e9mico, el coraz\u00f3n del libro es m\u00e1s grandioso que la metodolog\u00eda. Donella Meadows era conocida tanto por cultivar resultados positivos como por profundizar en la ciencia detr\u00e1s de los dilemas globales. Ella les recuerda a los lectores que presten atenci\u00f3n a lo que es importante, no solo a lo cuantificable, que se mantengan humildes y sigan aprendiendo. En un mundo cada vez m\u00e1s complicado, abarrotado e interdependiente, \u2018Pensando en sistemas\u2019 ayuda a los lectores a evitar la confusi\u00f3n y la impotencia, el primer paso para encontrar soluciones proactivas y eficaces.<\/p>\n<p>Donella Meadows Cient\u00edfica ambiental, maestra y escritora estadounidense. Autora de L\u00edmites al crecimiento y Pensando en sistemas. Estudi\u00f3 Qu\u00edmica y un doctorado en Biof\u00edsica. Despu\u00e9s se convirti\u00f3 en investigadora del MIT. Dio clases en el Dartmouth Collage durante 29 a\u00f1os. En 1981 fund\u00f3 el INRIC (Red Internacional de Centros de Informaci\u00f3n de Recursos), un proceso global de mecanismos de colaboraci\u00f3n y para compartir informaci\u00f3n entre cientos de acad\u00e9micos, investigadores y activistas del movimiento de desarrollo sostenible. Su columna El ciudadano global, fue nominada al Pulitzer en 1991.<\/p>\n","protected":false},"excerpt":{"rendered":"<p><strong>Donella Meadows<\/strong><br \/>\n9788412497786 &#8211; Capit\u00e1n Swing &#8211; 2022 &#8211; 264 p\u00e1ginas \/orri.<\/p>\n","protected":false},"featured_media":11695,"template":"","meta":[],"product_brand":[],"product_cat":[180,16],"product_tag":[102,5661],"class_list":{"0":"post-11665","1":"product","2":"type-product","3":"status-publish","4":"has-post-thumbnail","6":"product_cat-ekologia-ecologia","7":"product_cat-libros","8":"product_tag-capitan-swing","9":"product_tag-donella-meadows","11":"first","12":"instock","13":"sold-individually","14":"shipping-taxable","15":"purchasable","16":"product-type-simple"},"yoast_head":"<!-- This site is optimized with the Yoast SEO plugin v27.4 - https:\/\/yoast.com\/product\/yoast-seo-wordpress\/ -->\n<title>PENSAR EN SISTEMAS Un manual de iniciaci\u00f3n &#8212; Zapateneo<\/title>\n<meta name=\"robots\" content=\"index, follow, max-snippet:-1, max-image-preview:large, max-video-preview:-1\" \/>\n<link rel=\"canonical\" href=\"https:\/\/zapateneo.net\/wordpress\/index.php\/producto\/pensar-en-sistemas-un-manual-de-iniciacion\/\" \/>\n<meta property=\"og:locale\" content=\"es_ES\" \/>\n<meta property=\"og:type\" content=\"article\" \/>\n<meta property=\"og:title\" content=\"PENSAR EN SISTEMAS Un manual de iniciaci\u00f3n &#8212; Zapateneo\" \/>\n<meta property=\"og:description\" content=\"Donella Meadows 9788412497786 - Capit\u00e1n Swing - 2022 - 264 p\u00e1ginas \/orri.\" \/>\n<meta property=\"og:url\" content=\"https:\/\/zapateneo.net\/wordpress\/index.php\/producto\/pensar-en-sistemas-un-manual-de-iniciacion\/\" \/>\n<meta property=\"og:site_name\" content=\"Zapateneo\" \/>\n<meta property=\"article:modified_time\" content=\"2022-07-07T07:06:21+00:00\" \/>\n<meta name=\"twitter:card\" content=\"summary_large_image\" \/>\n<meta name=\"twitter:site\" content=\"@zapateneo\" \/>\n<meta name=\"twitter:label1\" content=\"Tiempo de lectura\" \/>\n\t<meta name=\"twitter:data1\" content=\"2 minutos\" \/>\n<script type=\"application\/ld+json\" class=\"yoast-schema-graph\">{\"@context\":\"https:\\\/\\\/schema.org\",\"@graph\":[{\"@type\":\"WebPage\",\"@id\":\"https:\\\/\\\/zapateneo.net\\\/wordpress\\\/index.php\\\/producto\\\/pensar-en-sistemas-un-manual-de-iniciacion\\\/\",\"url\":\"https:\\\/\\\/zapateneo.net\\\/wordpress\\\/index.php\\\/producto\\\/pensar-en-sistemas-un-manual-de-iniciacion\\\/\",\"name\":\"PENSAR EN SISTEMAS Un manual de iniciaci\u00f3n &#8212; Zapateneo\",\"isPartOf\":{\"@id\":\"https:\\\/\\\/zapateneo.net\\\/wordpress\\\/#website\"},\"primaryImageOfPage\":{\"@id\":\"https:\\\/\\\/zapateneo.net\\\/wordpress\\\/index.php\\\/producto\\\/pensar-en-sistemas-un-manual-de-iniciacion\\\/#primaryimage\"},\"image\":{\"@id\":\"https:\\\/\\\/zapateneo.net\\\/wordpress\\\/index.php\\\/producto\\\/pensar-en-sistemas-un-manual-de-iniciacion\\\/#primaryimage\"},\"thumbnailUrl\":\"https:\\\/\\\/zapateneo.net\\\/wordpress\\\/wp-content\\\/uploads\\\/2022\\\/07\\\/pensar-en-sistemas-9788412497786.jpg\",\"datePublished\":\"2022-07-07T07:06:11+00:00\",\"dateModified\":\"2022-07-07T07:06:21+00:00\",\"breadcrumb\":{\"@id\":\"https:\\\/\\\/zapateneo.net\\\/wordpress\\\/index.php\\\/producto\\\/pensar-en-sistemas-un-manual-de-iniciacion\\\/#breadcrumb\"},\"inLanguage\":\"es\",\"potentialAction\":[{\"@type\":\"ReadAction\",\"target\":[\"https:\\\/\\\/zapateneo.net\\\/wordpress\\\/index.php\\\/producto\\\/pensar-en-sistemas-un-manual-de-iniciacion\\\/\"]}]},{\"@type\":\"ImageObject\",\"inLanguage\":\"es\",\"@id\":\"https:\\\/\\\/zapateneo.net\\\/wordpress\\\/index.php\\\/producto\\\/pensar-en-sistemas-un-manual-de-iniciacion\\\/#primaryimage\",\"url\":\"https:\\\/\\\/zapateneo.net\\\/wordpress\\\/wp-content\\\/uploads\\\/2022\\\/07\\\/pensar-en-sistemas-9788412497786.jpg\",\"contentUrl\":\"https:\\\/\\\/zapateneo.net\\\/wordpress\\\/wp-content\\\/uploads\\\/2022\\\/07\\\/pensar-en-sistemas-9788412497786.jpg\",\"width\":256,\"height\":400},{\"@type\":\"BreadcrumbList\",\"@id\":\"https:\\\/\\\/zapateneo.net\\\/wordpress\\\/index.php\\\/producto\\\/pensar-en-sistemas-un-manual-de-iniciacion\\\/#breadcrumb\",\"itemListElement\":[{\"@type\":\"ListItem\",\"position\":1,\"name\":\"Portada\",\"item\":\"https:\\\/\\\/zapateneo.net\\\/wordpress\\\/\"},{\"@type\":\"ListItem\",\"position\":2,\"name\":\"Tienda\",\"item\":\"https:\\\/\\\/zapateneo.net\\\/wordpress\\\/\"},{\"@type\":\"ListItem\",\"position\":3,\"name\":\"PENSAR EN SISTEMAS Un manual de iniciaci\u00f3n\"}]},{\"@type\":\"WebSite\",\"@id\":\"https:\\\/\\\/zapateneo.net\\\/wordpress\\\/#website\",\"url\":\"https:\\\/\\\/zapateneo.net\\\/wordpress\\\/\",\"name\":\"Zapateneo\",\"description\":\"Zapateneoaren webgunea\",\"publisher\":{\"@id\":\"https:\\\/\\\/zapateneo.net\\\/wordpress\\\/#organization\"},\"potentialAction\":[{\"@type\":\"SearchAction\",\"target\":{\"@type\":\"EntryPoint\",\"urlTemplate\":\"https:\\\/\\\/zapateneo.net\\\/wordpress\\\/?s={search_term_string}\"},\"query-input\":{\"@type\":\"PropertyValueSpecification\",\"valueRequired\":true,\"valueName\":\"search_term_string\"}}],\"inLanguage\":\"es\"},{\"@type\":\"Organization\",\"@id\":\"https:\\\/\\\/zapateneo.net\\\/wordpress\\\/#organization\",\"name\":\"Zapateneo Kultur Elkartea\",\"url\":\"https:\\\/\\\/zapateneo.net\\\/wordpress\\\/\",\"logo\":{\"@type\":\"ImageObject\",\"inLanguage\":\"es\",\"@id\":\"https:\\\/\\\/zapateneo.net\\\/wordpress\\\/#\\\/schema\\\/logo\\\/image\\\/\",\"url\":\"https:\\\/\\\/zapateneo.net\\\/wordpress\\\/wp-content\\\/uploads\\\/2021\\\/04\\\/zap-libu-kolec.jpg\",\"contentUrl\":\"https:\\\/\\\/zapateneo.net\\\/wordpress\\\/wp-content\\\/uploads\\\/2021\\\/04\\\/zap-libu-kolec.jpg\",\"width\":2234,\"height\":398,\"caption\":\"Zapateneo Kultur Elkartea\"},\"image\":{\"@id\":\"https:\\\/\\\/zapateneo.net\\\/wordpress\\\/#\\\/schema\\\/logo\\\/image\\\/\"},\"sameAs\":[\"https:\\\/\\\/x.com\\\/zapateneo\"]}]}<\/script>\n<!-- \/ Yoast SEO plugin. -->","yoast_head_json":{"title":"PENSAR EN SISTEMAS Un manual de iniciaci\u00f3n &#8212; Zapateneo","robots":{"index":"index","follow":"follow","max-snippet":"max-snippet:-1","max-image-preview":"max-image-preview:large","max-video-preview":"max-video-preview:-1"},"canonical":"https:\/\/zapateneo.net\/wordpress\/index.php\/producto\/pensar-en-sistemas-un-manual-de-iniciacion\/","og_locale":"es_ES","og_type":"article","og_title":"PENSAR EN SISTEMAS Un manual de iniciaci\u00f3n &#8212; Zapateneo","og_description":"Donella Meadows 9788412497786 - Capit\u00e1n Swing - 2022 - 264 p\u00e1ginas \/orri.","og_url":"https:\/\/zapateneo.net\/wordpress\/index.php\/producto\/pensar-en-sistemas-un-manual-de-iniciacion\/","og_site_name":"Zapateneo","article_modified_time":"2022-07-07T07:06:21+00:00","twitter_card":"summary_large_image","twitter_site":"@zapateneo","twitter_misc":{"Tiempo de lectura":"2 minutos"},"schema":{"@context":"https:\/\/schema.org","@graph":[{"@type":"WebPage","@id":"https:\/\/zapateneo.net\/wordpress\/index.php\/producto\/pensar-en-sistemas-un-manual-de-iniciacion\/","url":"https:\/\/zapateneo.net\/wordpress\/index.php\/producto\/pensar-en-sistemas-un-manual-de-iniciacion\/","name":"PENSAR EN SISTEMAS Un manual de iniciaci\u00f3n &#8212; Zapateneo","isPartOf":{"@id":"https:\/\/zapateneo.net\/wordpress\/#website"},"primaryImageOfPage":{"@id":"https:\/\/zapateneo.net\/wordpress\/index.php\/producto\/pensar-en-sistemas-un-manual-de-iniciacion\/#primaryimage"},"image":{"@id":"https:\/\/zapateneo.net\/wordpress\/index.php\/producto\/pensar-en-sistemas-un-manual-de-iniciacion\/#primaryimage"},"thumbnailUrl":"https:\/\/zapateneo.net\/wordpress\/wp-content\/uploads\/2022\/07\/pensar-en-sistemas-9788412497786.jpg","datePublished":"2022-07-07T07:06:11+00:00","dateModified":"2022-07-07T07:06:21+00:00","breadcrumb":{"@id":"https:\/\/zapateneo.net\/wordpress\/index.php\/producto\/pensar-en-sistemas-un-manual-de-iniciacion\/#breadcrumb"},"inLanguage":"es","potentialAction":[{"@type":"ReadAction","target":["https:\/\/zapateneo.net\/wordpress\/index.php\/producto\/pensar-en-sistemas-un-manual-de-iniciacion\/"]}]},{"@type":"ImageObject","inLanguage":"es","@id":"https:\/\/zapateneo.net\/wordpress\/index.php\/producto\/pensar-en-sistemas-un-manual-de-iniciacion\/#primaryimage","url":"https:\/\/zapateneo.net\/wordpress\/wp-content\/uploads\/2022\/07\/pensar-en-sistemas-9788412497786.jpg","contentUrl":"https:\/\/zapateneo.net\/wordpress\/wp-content\/uploads\/2022\/07\/pensar-en-sistemas-9788412497786.jpg","width":256,"height":400},{"@type":"BreadcrumbList","@id":"https:\/\/zapateneo.net\/wordpress\/index.php\/producto\/pensar-en-sistemas-un-manual-de-iniciacion\/#breadcrumb","itemListElement":[{"@type":"ListItem","position":1,"name":"Portada","item":"https:\/\/zapateneo.net\/wordpress\/"},{"@type":"ListItem","position":2,"name":"Tienda","item":"https:\/\/zapateneo.net\/wordpress\/"},{"@type":"ListItem","position":3,"name":"PENSAR EN SISTEMAS Un manual de iniciaci\u00f3n"}]},{"@type":"WebSite","@id":"https:\/\/zapateneo.net\/wordpress\/#website","url":"https:\/\/zapateneo.net\/wordpress\/","name":"Zapateneo","description":"Zapateneoaren webgunea","publisher":{"@id":"https:\/\/zapateneo.net\/wordpress\/#organization"},"potentialAction":[{"@type":"SearchAction","target":{"@type":"EntryPoint","urlTemplate":"https:\/\/zapateneo.net\/wordpress\/?s={search_term_string}"},"query-input":{"@type":"PropertyValueSpecification","valueRequired":true,"valueName":"search_term_string"}}],"inLanguage":"es"},{"@type":"Organization","@id":"https:\/\/zapateneo.net\/wordpress\/#organization","name":"Zapateneo Kultur Elkartea","url":"https:\/\/zapateneo.net\/wordpress\/","logo":{"@type":"ImageObject","inLanguage":"es","@id":"https:\/\/zapateneo.net\/wordpress\/#\/schema\/logo\/image\/","url":"https:\/\/zapateneo.net\/wordpress\/wp-content\/uploads\/2021\/04\/zap-libu-kolec.jpg","contentUrl":"https:\/\/zapateneo.net\/wordpress\/wp-content\/uploads\/2021\/04\/zap-libu-kolec.jpg","width":2234,"height":398,"caption":"Zapateneo Kultur Elkartea"},"image":{"@id":"https:\/\/zapateneo.net\/wordpress\/#\/schema\/logo\/image\/"},"sameAs":["https:\/\/x.com\/zapateneo"]}]}},"_links":{"self":[{"href":"https:\/\/zapateneo.net\/wordpress\/index.php\/wp-json\/wp\/v2\/product\/11665","targetHints":{"allow":["GET"]}}],"collection":[{"href":"https:\/\/zapateneo.net\/wordpress\/index.php\/wp-json\/wp\/v2\/product"}],"about":[{"href":"https:\/\/zapateneo.net\/wordpress\/index.php\/wp-json\/wp\/v2\/types\/product"}],"wp:featuredmedia":[{"embeddable":true,"href":"https:\/\/zapateneo.net\/wordpress\/index.php\/wp-json\/wp\/v2\/media\/11695"}],"wp:attachment":[{"href":"https:\/\/zapateneo.net\/wordpress\/index.php\/wp-json\/wp\/v2\/media?parent=11665"}],"wp:term":[{"taxonomy":"product_brand","embeddable":true,"href":"https:\/\/zapateneo.net\/wordpress\/index.php\/wp-json\/wp\/v2\/product_brand?post=11665"},{"taxonomy":"product_cat","embeddable":true,"href":"https:\/\/zapateneo.net\/wordpress\/index.php\/wp-json\/wp\/v2\/product_cat?post=11665"},{"taxonomy":"product_tag","embeddable":true,"href":"https:\/\/zapateneo.net\/wordpress\/index.php\/wp-json\/wp\/v2\/product_tag?post=11665"}],"curies":[{"name":"wp","href":"https:\/\/api.w.org\/{rel}","templated":true}]}}