{"id":11662,"date":"2022-07-07T08:06:10","date_gmt":"2022-07-07T07:06:10","guid":{"rendered":"https:\/\/zapateneo.net\/wordpress\/?post_type=product&#038;p=11662"},"modified":"2022-07-07T08:06:19","modified_gmt":"2022-07-07T07:06:19","slug":"psicologizacion-pobreza-mental-y-desorden-neoliberal-escritos-y-entrevistas","status":"publish","type":"product","link":"https:\/\/zapateneo.net\/wordpress\/index.php\/producto\/psicologizacion-pobreza-mental-y-desorden-neoliberal-escritos-y-entrevistas\/","title":{"rendered":"PSICOLOGIZACI\u00d3N, POBREZA MENTAL Y DESORDEN NEOLIBERAL Escritos y entrevistas"},"content":{"rendered":"<p>Guillermo Rendueles, referente de la psiquiatr\u00eda cr\u00edtica y pionero de la anti-psiquiatr\u00eda, explica que al ampliar su campo de intervenci\u00f3n la psicolog\u00eda contribuye a la desactivaci\u00f3n de los proyectos de transformaci\u00f3n pol\u00edtica. Hoy se psicologiza el paro, el trabajo precario, la soledad, etc. Una de las caracter\u00edsticas de las sociedades posmodernas es el tratamiento de los problemas sociales solo en el nivel de sus manifestaciones individuales. Desde este punto de vista, existir\u00eda una retroalimentaci\u00f3n entre la econom\u00eda neoliberal que produce una ruptura de los v\u00ednculos sociales, la crisis personal de grandes masas de individuos, y las pretensiones de la psiquiatr\u00eda de cubrir cada vez m\u00e1s aspectos de la vida.<\/p>\n<p>Esta perspectiva cala en las personas: en vez de buscar v\u00ednculos sociales (o un sindicato si tienen un conflicto laboral) buscan un psic\u00f3logo o psiquiatra, que defina sus problema en t\u00e9rminos personales. El psic\u00f3logo se convierte as\u00ed en un \u201cgerente de lo \u00edntimo\u201d, que legitima \u201clo que hay\u201d fuera de uno mismo, un bur\u00f3crata o simplemente, un consultor sentimental. En esto consiste el proceso de psicologizaci\u00f3n de la sociedad.<\/p>\n<p>Rendueles afirma que hemos empezado a mezclar democracia y narcisismo. Queremos estar bien pero no hacemos nada por cambiar las cosas. En lugar de discutir qu\u00e9 se debe hacer o en qu\u00e9 consiste el bien com\u00fan, convertimos las preguntas clave sobre la vida y la \u00e9tica en psicolog\u00eda. Cuando digo que algo es bueno, s\u00f3lo significa \u00abme gusta\u00bb, el juicio se ha vuelto ego\u00edsta y est\u00e9tico.<\/p>\n<p>Este libro re\u00fane buena parte de sus escritos, en ellos, proyecta luz sobre diferentes asuntos: la lucha contra el franquismo, los intentos de cambiar las cosas dentro de la psiquiatr\u00eda y el desencanto, la teor\u00eda y la pr\u00e1ctica de la psiquiatr\u00eda, el queme de los profesionales de la psicolog\u00eda&#8230; Y tambi\u00e9n cuestiones sociales como el feminismo, la subjetividad, las drogas y los discursos sobre quienes las consumen, el TLP y otros \u201ctrastornos\u201d, la permanente crisis, o la medicalizaci\u00f3n de sectores cada vez m\u00e1s amplios de la poblaci\u00f3n.<\/p>\n<p>Como dice \u00c1lvarez-Ur\u00eda, \u00abestos textos son especialmente valiosos para tratar de actuar en consecuencia con medidas alternativas\u00bb.<\/p>\n","protected":false},"excerpt":{"rendered":"<p><strong>Guillermo Rendueles Olmedo<\/strong><br \/>\n9788485209378 &#8211; Irrecuperables &#8211; 2022 &#8211; 596 p\u00e1ginas \/orri.<\/p>\n","protected":false},"featured_media":11692,"template":"","meta":[],"product_brand":[],"product_cat":[16,182],"product_tag":[5657,2960],"class_list":{"0":"post-11662","1":"product","2":"type-product","3":"status-publish","4":"has-post-thumbnail","6":"product_cat-libros","7":"product_cat-osasuna-salud","8":"product_tag-guillermo-rendueles-olmedo","9":"product_tag-irrecuperables","11":"first","12":"instock","13":"sold-individually","14":"shipping-taxable","15":"purchasable","16":"product-type-simple"},"yoast_head":"<!-- This site is optimized with the Yoast SEO plugin v27.3 - https:\/\/yoast.com\/product\/yoast-seo-wordpress\/ -->\n<title>PSICOLOGIZACI\u00d3N, POBREZA MENTAL Y DESORDEN NEOLIBERAL Escritos y entrevistas &#8212; Zapateneo<\/title>\n<meta name=\"robots\" content=\"index, follow, max-snippet:-1, max-image-preview:large, max-video-preview:-1\" \/>\n<link rel=\"canonical\" href=\"https:\/\/zapateneo.net\/wordpress\/index.php\/producto\/psicologizacion-pobreza-mental-y-desorden-neoliberal-escritos-y-entrevistas\/\" \/>\n<meta property=\"og:locale\" content=\"es_ES\" \/>\n<meta property=\"og:type\" content=\"article\" \/>\n<meta property=\"og:title\" content=\"PSICOLOGIZACI\u00d3N, POBREZA MENTAL Y DESORDEN NEOLIBERAL Escritos y entrevistas &#8212; Zapateneo\" \/>\n<meta property=\"og:description\" content=\"Guillermo Rendueles Olmedo 9788485209378 - Irrecuperables - 2022 - 596 p\u00e1ginas \/orri.\" \/>\n<meta property=\"og:url\" content=\"https:\/\/zapateneo.net\/wordpress\/index.php\/producto\/psicologizacion-pobreza-mental-y-desorden-neoliberal-escritos-y-entrevistas\/\" \/>\n<meta property=\"og:site_name\" content=\"Zapateneo\" \/>\n<meta property=\"article:modified_time\" content=\"2022-07-07T07:06:19+00:00\" \/>\n<meta name=\"twitter:card\" content=\"summary_large_image\" \/>\n<meta name=\"twitter:site\" content=\"@zapateneo\" \/>\n<meta name=\"twitter:label1\" content=\"Tiempo de lectura\" \/>\n\t<meta name=\"twitter:data1\" content=\"2 minutos\" \/>\n<script type=\"application\/ld+json\" class=\"yoast-schema-graph\">{\"@context\":\"https:\\\/\\\/schema.org\",\"@graph\":[{\"@type\":\"WebPage\",\"@id\":\"https:\\\/\\\/zapateneo.net\\\/wordpress\\\/index.php\\\/producto\\\/psicologizacion-pobreza-mental-y-desorden-neoliberal-escritos-y-entrevistas\\\/\",\"url\":\"https:\\\/\\\/zapateneo.net\\\/wordpress\\\/index.php\\\/producto\\\/psicologizacion-pobreza-mental-y-desorden-neoliberal-escritos-y-entrevistas\\\/\",\"name\":\"PSICOLOGIZACI\u00d3N, POBREZA MENTAL Y DESORDEN NEOLIBERAL Escritos y entrevistas &#8212; Zapateneo\",\"isPartOf\":{\"@id\":\"https:\\\/\\\/zapateneo.net\\\/wordpress\\\/#website\"},\"primaryImageOfPage\":{\"@id\":\"https:\\\/\\\/zapateneo.net\\\/wordpress\\\/index.php\\\/producto\\\/psicologizacion-pobreza-mental-y-desorden-neoliberal-escritos-y-entrevistas\\\/#primaryimage\"},\"image\":{\"@id\":\"https:\\\/\\\/zapateneo.net\\\/wordpress\\\/index.php\\\/producto\\\/psicologizacion-pobreza-mental-y-desorden-neoliberal-escritos-y-entrevistas\\\/#primaryimage\"},\"thumbnailUrl\":\"https:\\\/\\\/zapateneo.net\\\/wordpress\\\/wp-content\\\/uploads\\\/2022\\\/07\\\/psicologizacion-pobreza-mental-y-desorden-neoliberal-9788485209378.jpg\",\"datePublished\":\"2022-07-07T07:06:10+00:00\",\"dateModified\":\"2022-07-07T07:06:19+00:00\",\"breadcrumb\":{\"@id\":\"https:\\\/\\\/zapateneo.net\\\/wordpress\\\/index.php\\\/producto\\\/psicologizacion-pobreza-mental-y-desorden-neoliberal-escritos-y-entrevistas\\\/#breadcrumb\"},\"inLanguage\":\"es\",\"potentialAction\":[{\"@type\":\"ReadAction\",\"target\":[\"https:\\\/\\\/zapateneo.net\\\/wordpress\\\/index.php\\\/producto\\\/psicologizacion-pobreza-mental-y-desorden-neoliberal-escritos-y-entrevistas\\\/\"]}]},{\"@type\":\"ImageObject\",\"inLanguage\":\"es\",\"@id\":\"https:\\\/\\\/zapateneo.net\\\/wordpress\\\/index.php\\\/producto\\\/psicologizacion-pobreza-mental-y-desorden-neoliberal-escritos-y-entrevistas\\\/#primaryimage\",\"url\":\"https:\\\/\\\/zapateneo.net\\\/wordpress\\\/wp-content\\\/uploads\\\/2022\\\/07\\\/psicologizacion-pobreza-mental-y-desorden-neoliberal-9788485209378.jpg\",\"contentUrl\":\"https:\\\/\\\/zapateneo.net\\\/wordpress\\\/wp-content\\\/uploads\\\/2022\\\/07\\\/psicologizacion-pobreza-mental-y-desorden-neoliberal-9788485209378.jpg\",\"width\":291,\"height\":400},{\"@type\":\"BreadcrumbList\",\"@id\":\"https:\\\/\\\/zapateneo.net\\\/wordpress\\\/index.php\\\/producto\\\/psicologizacion-pobreza-mental-y-desorden-neoliberal-escritos-y-entrevistas\\\/#breadcrumb\",\"itemListElement\":[{\"@type\":\"ListItem\",\"position\":1,\"name\":\"Portada\",\"item\":\"https:\\\/\\\/zapateneo.net\\\/wordpress\\\/\"},{\"@type\":\"ListItem\",\"position\":2,\"name\":\"Tienda\",\"item\":\"https:\\\/\\\/zapateneo.net\\\/wordpress\\\/\"},{\"@type\":\"ListItem\",\"position\":3,\"name\":\"PSICOLOGIZACI\u00d3N, POBREZA MENTAL Y DESORDEN NEOLIBERAL Escritos y entrevistas\"}]},{\"@type\":\"WebSite\",\"@id\":\"https:\\\/\\\/zapateneo.net\\\/wordpress\\\/#website\",\"url\":\"https:\\\/\\\/zapateneo.net\\\/wordpress\\\/\",\"name\":\"Zapateneo\",\"description\":\"Zapateneoaren webgunea\",\"publisher\":{\"@id\":\"https:\\\/\\\/zapateneo.net\\\/wordpress\\\/#organization\"},\"potentialAction\":[{\"@type\":\"SearchAction\",\"target\":{\"@type\":\"EntryPoint\",\"urlTemplate\":\"https:\\\/\\\/zapateneo.net\\\/wordpress\\\/?s={search_term_string}\"},\"query-input\":{\"@type\":\"PropertyValueSpecification\",\"valueRequired\":true,\"valueName\":\"search_term_string\"}}],\"inLanguage\":\"es\"},{\"@type\":\"Organization\",\"@id\":\"https:\\\/\\\/zapateneo.net\\\/wordpress\\\/#organization\",\"name\":\"Zapateneo Kultur Elkartea\",\"url\":\"https:\\\/\\\/zapateneo.net\\\/wordpress\\\/\",\"logo\":{\"@type\":\"ImageObject\",\"inLanguage\":\"es\",\"@id\":\"https:\\\/\\\/zapateneo.net\\\/wordpress\\\/#\\\/schema\\\/logo\\\/image\\\/\",\"url\":\"https:\\\/\\\/zapateneo.net\\\/wordpress\\\/wp-content\\\/uploads\\\/2021\\\/04\\\/zap-libu-kolec.jpg\",\"contentUrl\":\"https:\\\/\\\/zapateneo.net\\\/wordpress\\\/wp-content\\\/uploads\\\/2021\\\/04\\\/zap-libu-kolec.jpg\",\"width\":2234,\"height\":398,\"caption\":\"Zapateneo Kultur Elkartea\"},\"image\":{\"@id\":\"https:\\\/\\\/zapateneo.net\\\/wordpress\\\/#\\\/schema\\\/logo\\\/image\\\/\"},\"sameAs\":[\"https:\\\/\\\/x.com\\\/zapateneo\"]}]}<\/script>\n<!-- \/ Yoast SEO plugin. -->","yoast_head_json":{"title":"PSICOLOGIZACI\u00d3N, POBREZA MENTAL Y DESORDEN NEOLIBERAL Escritos y entrevistas &#8212; Zapateneo","robots":{"index":"index","follow":"follow","max-snippet":"max-snippet:-1","max-image-preview":"max-image-preview:large","max-video-preview":"max-video-preview:-1"},"canonical":"https:\/\/zapateneo.net\/wordpress\/index.php\/producto\/psicologizacion-pobreza-mental-y-desorden-neoliberal-escritos-y-entrevistas\/","og_locale":"es_ES","og_type":"article","og_title":"PSICOLOGIZACI\u00d3N, POBREZA MENTAL Y DESORDEN NEOLIBERAL Escritos y entrevistas &#8212; Zapateneo","og_description":"Guillermo Rendueles Olmedo 9788485209378 - Irrecuperables - 2022 - 596 p\u00e1ginas \/orri.","og_url":"https:\/\/zapateneo.net\/wordpress\/index.php\/producto\/psicologizacion-pobreza-mental-y-desorden-neoliberal-escritos-y-entrevistas\/","og_site_name":"Zapateneo","article_modified_time":"2022-07-07T07:06:19+00:00","twitter_card":"summary_large_image","twitter_site":"@zapateneo","twitter_misc":{"Tiempo de lectura":"2 minutos"},"schema":{"@context":"https:\/\/schema.org","@graph":[{"@type":"WebPage","@id":"https:\/\/zapateneo.net\/wordpress\/index.php\/producto\/psicologizacion-pobreza-mental-y-desorden-neoliberal-escritos-y-entrevistas\/","url":"https:\/\/zapateneo.net\/wordpress\/index.php\/producto\/psicologizacion-pobreza-mental-y-desorden-neoliberal-escritos-y-entrevistas\/","name":"PSICOLOGIZACI\u00d3N, POBREZA MENTAL Y DESORDEN NEOLIBERAL Escritos y entrevistas &#8212; Zapateneo","isPartOf":{"@id":"https:\/\/zapateneo.net\/wordpress\/#website"},"primaryImageOfPage":{"@id":"https:\/\/zapateneo.net\/wordpress\/index.php\/producto\/psicologizacion-pobreza-mental-y-desorden-neoliberal-escritos-y-entrevistas\/#primaryimage"},"image":{"@id":"https:\/\/zapateneo.net\/wordpress\/index.php\/producto\/psicologizacion-pobreza-mental-y-desorden-neoliberal-escritos-y-entrevistas\/#primaryimage"},"thumbnailUrl":"https:\/\/zapateneo.net\/wordpress\/wp-content\/uploads\/2022\/07\/psicologizacion-pobreza-mental-y-desorden-neoliberal-9788485209378.jpg","datePublished":"2022-07-07T07:06:10+00:00","dateModified":"2022-07-07T07:06:19+00:00","breadcrumb":{"@id":"https:\/\/zapateneo.net\/wordpress\/index.php\/producto\/psicologizacion-pobreza-mental-y-desorden-neoliberal-escritos-y-entrevistas\/#breadcrumb"},"inLanguage":"es","potentialAction":[{"@type":"ReadAction","target":["https:\/\/zapateneo.net\/wordpress\/index.php\/producto\/psicologizacion-pobreza-mental-y-desorden-neoliberal-escritos-y-entrevistas\/"]}]},{"@type":"ImageObject","inLanguage":"es","@id":"https:\/\/zapateneo.net\/wordpress\/index.php\/producto\/psicologizacion-pobreza-mental-y-desorden-neoliberal-escritos-y-entrevistas\/#primaryimage","url":"https:\/\/zapateneo.net\/wordpress\/wp-content\/uploads\/2022\/07\/psicologizacion-pobreza-mental-y-desorden-neoliberal-9788485209378.jpg","contentUrl":"https:\/\/zapateneo.net\/wordpress\/wp-content\/uploads\/2022\/07\/psicologizacion-pobreza-mental-y-desorden-neoliberal-9788485209378.jpg","width":291,"height":400},{"@type":"BreadcrumbList","@id":"https:\/\/zapateneo.net\/wordpress\/index.php\/producto\/psicologizacion-pobreza-mental-y-desorden-neoliberal-escritos-y-entrevistas\/#breadcrumb","itemListElement":[{"@type":"ListItem","position":1,"name":"Portada","item":"https:\/\/zapateneo.net\/wordpress\/"},{"@type":"ListItem","position":2,"name":"Tienda","item":"https:\/\/zapateneo.net\/wordpress\/"},{"@type":"ListItem","position":3,"name":"PSICOLOGIZACI\u00d3N, POBREZA MENTAL Y DESORDEN NEOLIBERAL Escritos y entrevistas"}]},{"@type":"WebSite","@id":"https:\/\/zapateneo.net\/wordpress\/#website","url":"https:\/\/zapateneo.net\/wordpress\/","name":"Zapateneo","description":"Zapateneoaren webgunea","publisher":{"@id":"https:\/\/zapateneo.net\/wordpress\/#organization"},"potentialAction":[{"@type":"SearchAction","target":{"@type":"EntryPoint","urlTemplate":"https:\/\/zapateneo.net\/wordpress\/?s={search_term_string}"},"query-input":{"@type":"PropertyValueSpecification","valueRequired":true,"valueName":"search_term_string"}}],"inLanguage":"es"},{"@type":"Organization","@id":"https:\/\/zapateneo.net\/wordpress\/#organization","name":"Zapateneo Kultur Elkartea","url":"https:\/\/zapateneo.net\/wordpress\/","logo":{"@type":"ImageObject","inLanguage":"es","@id":"https:\/\/zapateneo.net\/wordpress\/#\/schema\/logo\/image\/","url":"https:\/\/zapateneo.net\/wordpress\/wp-content\/uploads\/2021\/04\/zap-libu-kolec.jpg","contentUrl":"https:\/\/zapateneo.net\/wordpress\/wp-content\/uploads\/2021\/04\/zap-libu-kolec.jpg","width":2234,"height":398,"caption":"Zapateneo Kultur Elkartea"},"image":{"@id":"https:\/\/zapateneo.net\/wordpress\/#\/schema\/logo\/image\/"},"sameAs":["https:\/\/x.com\/zapateneo"]}]}},"_links":{"self":[{"href":"https:\/\/zapateneo.net\/wordpress\/index.php\/wp-json\/wp\/v2\/product\/11662","targetHints":{"allow":["GET"]}}],"collection":[{"href":"https:\/\/zapateneo.net\/wordpress\/index.php\/wp-json\/wp\/v2\/product"}],"about":[{"href":"https:\/\/zapateneo.net\/wordpress\/index.php\/wp-json\/wp\/v2\/types\/product"}],"wp:featuredmedia":[{"embeddable":true,"href":"https:\/\/zapateneo.net\/wordpress\/index.php\/wp-json\/wp\/v2\/media\/11692"}],"wp:attachment":[{"href":"https:\/\/zapateneo.net\/wordpress\/index.php\/wp-json\/wp\/v2\/media?parent=11662"}],"wp:term":[{"taxonomy":"product_brand","embeddable":true,"href":"https:\/\/zapateneo.net\/wordpress\/index.php\/wp-json\/wp\/v2\/product_brand?post=11662"},{"taxonomy":"product_cat","embeddable":true,"href":"https:\/\/zapateneo.net\/wordpress\/index.php\/wp-json\/wp\/v2\/product_cat?post=11662"},{"taxonomy":"product_tag","embeddable":true,"href":"https:\/\/zapateneo.net\/wordpress\/index.php\/wp-json\/wp\/v2\/product_tag?post=11662"}],"curies":[{"name":"wp","href":"https:\/\/api.w.org\/{rel}","templated":true}]}}