{"id":1125,"date":"2021-04-07T07:46:49","date_gmt":"2021-04-07T06:46:49","guid":{"rendered":"https:\/\/zapateneo.net\/wordpress\/?post_type=product&#038;p=1125"},"modified":"2023-07-27T07:55:31","modified_gmt":"2023-07-27T06:55:31","slug":"aviso-a-los-vivos-sobre-la-muerte-que-los-gobierna-y-la-oportunidad-de-deshacerse-de-ella","status":"publish","type":"product","link":"https:\/\/zapateneo.net\/wordpress\/index.php\/producto\/aviso-a-los-vivos-sobre-la-muerte-que-los-gobierna-y-la-oportunidad-de-deshacerse-de-ella\/","title":{"rendered":"Aviso a los vivos sobre la muerte que los gobierna y la oportunidad de deshacerse de ella"},"content":{"rendered":"<div>\n<p>Tierradenadie ediciones abre su colecci\u00f3n de estudios sobre la sociedad contempor\u00e1nea con este texto de Raoul Vaneigem al considerarlo uno de los m\u00e1s emblem\u00e1ticos de entre cuantos se han dedicado a un tipo de an\u00e1lisis orientado a la cr\u00edtica y a la acci\u00f3n (a la generaci\u00f3n de efectos de distanciamiento y disidencia): una elaboraci\u00f3n plenamente original que, en su desarrollo, evita caer en reducciones economicistas o en sectarismos de escuela, y que invita (en presente y de manera gozosa) a la transformaci\u00f3n continua del mundo. El mundo de la econom\u00eda y de la economizaci\u00f3n de la vida (el mundo de la supervivencia, el mundo de la muerte) est\u00e1 podrido y, pese a lo que sus profetas pretenden, es ahora m\u00e1s posible que nunca acabar con \u00e9l y dar forma a una organizaci\u00f3n de las relaciones sociales en la que la primac\u00eda de la vida y del goce (de la libertad constituyente, de la autogesti\u00f3n generalizada) sea la \u00fanica norma.<\/p>\n<p>El\u00a0<em>Aviso a los vivos sobre la muerte que los gobierna y la oportunidad de deshacerse de ella<\/em>\u00a0es un texto que hace confluir las ciencias y las artes en una mirada com\u00fan que no es s\u00f3lo una mirada desde y para el conocimiento sino una perspectiva de vida que, por serlo, se hace m\u00e1s rica y variada y que, adem\u00e1s, se desarrolla como alternativa a otras formas tradicionales de la cr\u00edtica. El Aviso a los vivos&#8230;, se sit\u00faa en una posici\u00f3n arriesgada: alejado de las tradiciones interpretativas m\u00e1s conocidas de la historia del pensamiento y apostada en una tradici\u00f3n ajena a las formas dominantes de an\u00e1lisis, esta obra enfrenta la totalidad de los problemas sociales (de la pedagog\u00eda a la medicina, de la organizaci\u00f3n social al espect\u00e1culo cultural, sin olvidar una reinterpretaci\u00f3n completa de la historia humana) con la intenci\u00f3n de propiciar un cambio que haga verdaderamente humanas las relaciones sociales. Se trata, ciertamente, de un libro cuya lectura que no puede ser simple, pero la escritura en la que se apoya est\u00e1 construida de tal forma que permite el acceso a individuos de muy diversa procedencia, a los que propone formas de cooperaci\u00f3n social claramente diferentes de las conocidas.<\/p>\n<p>Con la publicaci\u00f3n de este libro en castellano, Tierradenadie ediciones,\u00a0 pretende contribuir a la transmisi\u00f3n de un pensamiento cuya actualidad, m\u00e1s all\u00e1 de las modas o los intereses coyunturales, es manifiesta.<\/p>\n<p>&nbsp;<\/p>\n<\/div>\n<div class=\"row\">\n<div class=\"col-12 col-12-small\">\n<p>&nbsp;<\/p>\n<p><strong>Raoul Vaneigem.<\/strong>\u00a0Nacido en Lessines (Hainaut, B\u00e9lgica) en 1934, Vaneigem estudi\u00f3 filolog\u00eda romana en la Universidad libre de Bruselas, y all\u00ed se licenci\u00f3 en 1956 con una memoria sobre Lautr\u00e9amont (que s\u00f3lo fue aceptada despu\u00e9s de que fuesen \u201ccensurados\u201d los \u201cexcesos\u201d que conten\u00eda). Profesor (1956-1964) de la \u201c\u00c9cole normale\u201d de Nivelles (posteriormente lo ser\u00eda en otros centros y trabajar\u00eda como redactor para diversas publicaciones), en 1961 entra en contacto con Kottany, Bernstein, Debord, y se integra en la Internacional Situacionista (I.S.), colaborando en su revista e iniciando, con\u00a0<em>Trivialidades de base<\/em>, una actividad te\u00f3rica y cr\u00edtica que \u201cnunca ha dejado de atribuirse como tarea \u00fanica el aniquilamiento de la organizaci\u00f3n social de supervivencia a favor de la autogesti\u00f3n generalizada\u201d (palabras del propio Vaneigem acerca de la Internacional Situacionista en su \u201cbrindis a los obreros revolucionarios\u201d, de 1972 \u2013entre las p\u00e1ginas 291 y 295 de la edici\u00f3n castellana del\u00a0<em>Tratado del saber vivir para uso de las j\u00f3venes generaciones<\/em>, Barcelona, Anagrama, 1977-).<\/p>\n<\/div>\n<\/div>\n","protected":false},"excerpt":{"rendered":"<p><strong>Vaneigem, Raoul<\/strong><br \/>\n9788493287313 &#8211; Tierradenadie Ediciones &#8211; 2003 &#8211; 219 p\u00e1ginas \/orri.<\/p>\n","protected":false},"featured_media":1175,"template":"","meta":[],"product_brand":[],"product_cat":[16,173],"product_tag":[942,898],"class_list":{"0":"post-1125","1":"product","2":"type-product","3":"status-publish","4":"has-post-thumbnail","6":"product_cat-libros","7":"product_cat-saiakera-ensayo","8":"product_tag-tierradenadie-ediciones","9":"product_tag-vaneigem","11":"first","12":"outofstock","13":"sold-individually","14":"shipping-taxable","15":"purchasable","16":"product-type-simple"},"yoast_head":"<!-- This site is optimized with the Yoast SEO plugin v27.3 - https:\/\/yoast.com\/product\/yoast-seo-wordpress\/ -->\n<title>Aviso a los vivos sobre la muerte que los gobierna y la oportunidad de deshacerse de ella &#8212; Zapateneo<\/title>\n<meta name=\"robots\" content=\"index, follow, max-snippet:-1, max-image-preview:large, max-video-preview:-1\" \/>\n<link rel=\"canonical\" href=\"https:\/\/zapateneo.net\/wordpress\/index.php\/producto\/aviso-a-los-vivos-sobre-la-muerte-que-los-gobierna-y-la-oportunidad-de-deshacerse-de-ella\/\" \/>\n<meta property=\"og:locale\" content=\"es_ES\" \/>\n<meta property=\"og:type\" content=\"article\" \/>\n<meta property=\"og:title\" content=\"Aviso a los vivos sobre la muerte que los gobierna y la oportunidad de deshacerse de ella &#8212; Zapateneo\" \/>\n<meta property=\"og:description\" content=\"Vaneigem, Raoul 9788493287313 - Tierradenadie Ediciones - 2003 - 219 p\u00e1ginas \/orri.\" \/>\n<meta property=\"og:url\" content=\"https:\/\/zapateneo.net\/wordpress\/index.php\/producto\/aviso-a-los-vivos-sobre-la-muerte-que-los-gobierna-y-la-oportunidad-de-deshacerse-de-ella\/\" \/>\n<meta property=\"og:site_name\" content=\"Zapateneo\" \/>\n<meta property=\"article:modified_time\" content=\"2023-07-27T06:55:31+00:00\" \/>\n<meta property=\"og:image\" content=\"https:\/\/zapateneo.net\/wordpress\/wp-content\/uploads\/2021\/04\/7316.png\" \/>\n\t<meta property=\"og:image:width\" content=\"111\" \/>\n\t<meta property=\"og:image:height\" content=\"168\" \/>\n\t<meta property=\"og:image:type\" content=\"image\/png\" \/>\n<meta name=\"twitter:card\" content=\"summary_large_image\" \/>\n<meta name=\"twitter:site\" content=\"@zapateneo\" \/>\n<meta name=\"twitter:label1\" content=\"Tiempo de lectura\" \/>\n\t<meta name=\"twitter:data1\" content=\"3 minutos\" \/>\n<script type=\"application\/ld+json\" class=\"yoast-schema-graph\">{\"@context\":\"https:\\\/\\\/schema.org\",\"@graph\":[{\"@type\":\"WebPage\",\"@id\":\"https:\\\/\\\/zapateneo.net\\\/wordpress\\\/index.php\\\/producto\\\/aviso-a-los-vivos-sobre-la-muerte-que-los-gobierna-y-la-oportunidad-de-deshacerse-de-ella\\\/\",\"url\":\"https:\\\/\\\/zapateneo.net\\\/wordpress\\\/index.php\\\/producto\\\/aviso-a-los-vivos-sobre-la-muerte-que-los-gobierna-y-la-oportunidad-de-deshacerse-de-ella\\\/\",\"name\":\"Aviso a los vivos sobre la muerte que los gobierna y la oportunidad de deshacerse de ella &#8212; Zapateneo\",\"isPartOf\":{\"@id\":\"https:\\\/\\\/zapateneo.net\\\/wordpress\\\/#website\"},\"primaryImageOfPage\":{\"@id\":\"https:\\\/\\\/zapateneo.net\\\/wordpress\\\/index.php\\\/producto\\\/aviso-a-los-vivos-sobre-la-muerte-que-los-gobierna-y-la-oportunidad-de-deshacerse-de-ella\\\/#primaryimage\"},\"image\":{\"@id\":\"https:\\\/\\\/zapateneo.net\\\/wordpress\\\/index.php\\\/producto\\\/aviso-a-los-vivos-sobre-la-muerte-que-los-gobierna-y-la-oportunidad-de-deshacerse-de-ella\\\/#primaryimage\"},\"thumbnailUrl\":\"https:\\\/\\\/zapateneo.net\\\/wordpress\\\/wp-content\\\/uploads\\\/2021\\\/04\\\/7316.png\",\"datePublished\":\"2021-04-07T06:46:49+00:00\",\"dateModified\":\"2023-07-27T06:55:31+00:00\",\"breadcrumb\":{\"@id\":\"https:\\\/\\\/zapateneo.net\\\/wordpress\\\/index.php\\\/producto\\\/aviso-a-los-vivos-sobre-la-muerte-que-los-gobierna-y-la-oportunidad-de-deshacerse-de-ella\\\/#breadcrumb\"},\"inLanguage\":\"es\",\"potentialAction\":[{\"@type\":\"ReadAction\",\"target\":[\"https:\\\/\\\/zapateneo.net\\\/wordpress\\\/index.php\\\/producto\\\/aviso-a-los-vivos-sobre-la-muerte-que-los-gobierna-y-la-oportunidad-de-deshacerse-de-ella\\\/\"]}]},{\"@type\":\"ImageObject\",\"inLanguage\":\"es\",\"@id\":\"https:\\\/\\\/zapateneo.net\\\/wordpress\\\/index.php\\\/producto\\\/aviso-a-los-vivos-sobre-la-muerte-que-los-gobierna-y-la-oportunidad-de-deshacerse-de-ella\\\/#primaryimage\",\"url\":\"https:\\\/\\\/zapateneo.net\\\/wordpress\\\/wp-content\\\/uploads\\\/2021\\\/04\\\/7316.png\",\"contentUrl\":\"https:\\\/\\\/zapateneo.net\\\/wordpress\\\/wp-content\\\/uploads\\\/2021\\\/04\\\/7316.png\",\"width\":111,\"height\":168},{\"@type\":\"BreadcrumbList\",\"@id\":\"https:\\\/\\\/zapateneo.net\\\/wordpress\\\/index.php\\\/producto\\\/aviso-a-los-vivos-sobre-la-muerte-que-los-gobierna-y-la-oportunidad-de-deshacerse-de-ella\\\/#breadcrumb\",\"itemListElement\":[{\"@type\":\"ListItem\",\"position\":1,\"name\":\"Portada\",\"item\":\"https:\\\/\\\/zapateneo.net\\\/wordpress\\\/\"},{\"@type\":\"ListItem\",\"position\":2,\"name\":\"Tienda\",\"item\":\"https:\\\/\\\/zapateneo.net\\\/wordpress\\\/\"},{\"@type\":\"ListItem\",\"position\":3,\"name\":\"Aviso a los vivos sobre la muerte que los gobierna y la oportunidad de deshacerse de ella\"}]},{\"@type\":\"WebSite\",\"@id\":\"https:\\\/\\\/zapateneo.net\\\/wordpress\\\/#website\",\"url\":\"https:\\\/\\\/zapateneo.net\\\/wordpress\\\/\",\"name\":\"Zapateneo\",\"description\":\"Zapateneoaren webgunea\",\"publisher\":{\"@id\":\"https:\\\/\\\/zapateneo.net\\\/wordpress\\\/#organization\"},\"potentialAction\":[{\"@type\":\"SearchAction\",\"target\":{\"@type\":\"EntryPoint\",\"urlTemplate\":\"https:\\\/\\\/zapateneo.net\\\/wordpress\\\/?s={search_term_string}\"},\"query-input\":{\"@type\":\"PropertyValueSpecification\",\"valueRequired\":true,\"valueName\":\"search_term_string\"}}],\"inLanguage\":\"es\"},{\"@type\":\"Organization\",\"@id\":\"https:\\\/\\\/zapateneo.net\\\/wordpress\\\/#organization\",\"name\":\"Zapateneo Kultur Elkartea\",\"url\":\"https:\\\/\\\/zapateneo.net\\\/wordpress\\\/\",\"logo\":{\"@type\":\"ImageObject\",\"inLanguage\":\"es\",\"@id\":\"https:\\\/\\\/zapateneo.net\\\/wordpress\\\/#\\\/schema\\\/logo\\\/image\\\/\",\"url\":\"https:\\\/\\\/zapateneo.net\\\/wordpress\\\/wp-content\\\/uploads\\\/2021\\\/04\\\/zap-libu-kolec.jpg\",\"contentUrl\":\"https:\\\/\\\/zapateneo.net\\\/wordpress\\\/wp-content\\\/uploads\\\/2021\\\/04\\\/zap-libu-kolec.jpg\",\"width\":2234,\"height\":398,\"caption\":\"Zapateneo Kultur Elkartea\"},\"image\":{\"@id\":\"https:\\\/\\\/zapateneo.net\\\/wordpress\\\/#\\\/schema\\\/logo\\\/image\\\/\"},\"sameAs\":[\"https:\\\/\\\/x.com\\\/zapateneo\"]}]}<\/script>\n<!-- \/ Yoast SEO plugin. -->","yoast_head_json":{"title":"Aviso a los vivos sobre la muerte que los gobierna y la oportunidad de deshacerse de ella &#8212; Zapateneo","robots":{"index":"index","follow":"follow","max-snippet":"max-snippet:-1","max-image-preview":"max-image-preview:large","max-video-preview":"max-video-preview:-1"},"canonical":"https:\/\/zapateneo.net\/wordpress\/index.php\/producto\/aviso-a-los-vivos-sobre-la-muerte-que-los-gobierna-y-la-oportunidad-de-deshacerse-de-ella\/","og_locale":"es_ES","og_type":"article","og_title":"Aviso a los vivos sobre la muerte que los gobierna y la oportunidad de deshacerse de ella &#8212; Zapateneo","og_description":"Vaneigem, Raoul 9788493287313 - Tierradenadie Ediciones - 2003 - 219 p\u00e1ginas \/orri.","og_url":"https:\/\/zapateneo.net\/wordpress\/index.php\/producto\/aviso-a-los-vivos-sobre-la-muerte-que-los-gobierna-y-la-oportunidad-de-deshacerse-de-ella\/","og_site_name":"Zapateneo","article_modified_time":"2023-07-27T06:55:31+00:00","og_image":[{"width":111,"height":168,"url":"https:\/\/zapateneo.net\/wordpress\/wp-content\/uploads\/2021\/04\/7316.png","type":"image\/png"}],"twitter_card":"summary_large_image","twitter_site":"@zapateneo","twitter_misc":{"Tiempo de lectura":"3 minutos"},"schema":{"@context":"https:\/\/schema.org","@graph":[{"@type":"WebPage","@id":"https:\/\/zapateneo.net\/wordpress\/index.php\/producto\/aviso-a-los-vivos-sobre-la-muerte-que-los-gobierna-y-la-oportunidad-de-deshacerse-de-ella\/","url":"https:\/\/zapateneo.net\/wordpress\/index.php\/producto\/aviso-a-los-vivos-sobre-la-muerte-que-los-gobierna-y-la-oportunidad-de-deshacerse-de-ella\/","name":"Aviso a los vivos sobre la muerte que los gobierna y la oportunidad de deshacerse de ella &#8212; Zapateneo","isPartOf":{"@id":"https:\/\/zapateneo.net\/wordpress\/#website"},"primaryImageOfPage":{"@id":"https:\/\/zapateneo.net\/wordpress\/index.php\/producto\/aviso-a-los-vivos-sobre-la-muerte-que-los-gobierna-y-la-oportunidad-de-deshacerse-de-ella\/#primaryimage"},"image":{"@id":"https:\/\/zapateneo.net\/wordpress\/index.php\/producto\/aviso-a-los-vivos-sobre-la-muerte-que-los-gobierna-y-la-oportunidad-de-deshacerse-de-ella\/#primaryimage"},"thumbnailUrl":"https:\/\/zapateneo.net\/wordpress\/wp-content\/uploads\/2021\/04\/7316.png","datePublished":"2021-04-07T06:46:49+00:00","dateModified":"2023-07-27T06:55:31+00:00","breadcrumb":{"@id":"https:\/\/zapateneo.net\/wordpress\/index.php\/producto\/aviso-a-los-vivos-sobre-la-muerte-que-los-gobierna-y-la-oportunidad-de-deshacerse-de-ella\/#breadcrumb"},"inLanguage":"es","potentialAction":[{"@type":"ReadAction","target":["https:\/\/zapateneo.net\/wordpress\/index.php\/producto\/aviso-a-los-vivos-sobre-la-muerte-que-los-gobierna-y-la-oportunidad-de-deshacerse-de-ella\/"]}]},{"@type":"ImageObject","inLanguage":"es","@id":"https:\/\/zapateneo.net\/wordpress\/index.php\/producto\/aviso-a-los-vivos-sobre-la-muerte-que-los-gobierna-y-la-oportunidad-de-deshacerse-de-ella\/#primaryimage","url":"https:\/\/zapateneo.net\/wordpress\/wp-content\/uploads\/2021\/04\/7316.png","contentUrl":"https:\/\/zapateneo.net\/wordpress\/wp-content\/uploads\/2021\/04\/7316.png","width":111,"height":168},{"@type":"BreadcrumbList","@id":"https:\/\/zapateneo.net\/wordpress\/index.php\/producto\/aviso-a-los-vivos-sobre-la-muerte-que-los-gobierna-y-la-oportunidad-de-deshacerse-de-ella\/#breadcrumb","itemListElement":[{"@type":"ListItem","position":1,"name":"Portada","item":"https:\/\/zapateneo.net\/wordpress\/"},{"@type":"ListItem","position":2,"name":"Tienda","item":"https:\/\/zapateneo.net\/wordpress\/"},{"@type":"ListItem","position":3,"name":"Aviso a los vivos sobre la muerte que los gobierna y la oportunidad de deshacerse de ella"}]},{"@type":"WebSite","@id":"https:\/\/zapateneo.net\/wordpress\/#website","url":"https:\/\/zapateneo.net\/wordpress\/","name":"Zapateneo","description":"Zapateneoaren webgunea","publisher":{"@id":"https:\/\/zapateneo.net\/wordpress\/#organization"},"potentialAction":[{"@type":"SearchAction","target":{"@type":"EntryPoint","urlTemplate":"https:\/\/zapateneo.net\/wordpress\/?s={search_term_string}"},"query-input":{"@type":"PropertyValueSpecification","valueRequired":true,"valueName":"search_term_string"}}],"inLanguage":"es"},{"@type":"Organization","@id":"https:\/\/zapateneo.net\/wordpress\/#organization","name":"Zapateneo Kultur Elkartea","url":"https:\/\/zapateneo.net\/wordpress\/","logo":{"@type":"ImageObject","inLanguage":"es","@id":"https:\/\/zapateneo.net\/wordpress\/#\/schema\/logo\/image\/","url":"https:\/\/zapateneo.net\/wordpress\/wp-content\/uploads\/2021\/04\/zap-libu-kolec.jpg","contentUrl":"https:\/\/zapateneo.net\/wordpress\/wp-content\/uploads\/2021\/04\/zap-libu-kolec.jpg","width":2234,"height":398,"caption":"Zapateneo Kultur Elkartea"},"image":{"@id":"https:\/\/zapateneo.net\/wordpress\/#\/schema\/logo\/image\/"},"sameAs":["https:\/\/x.com\/zapateneo"]}]}},"_links":{"self":[{"href":"https:\/\/zapateneo.net\/wordpress\/index.php\/wp-json\/wp\/v2\/product\/1125","targetHints":{"allow":["GET"]}}],"collection":[{"href":"https:\/\/zapateneo.net\/wordpress\/index.php\/wp-json\/wp\/v2\/product"}],"about":[{"href":"https:\/\/zapateneo.net\/wordpress\/index.php\/wp-json\/wp\/v2\/types\/product"}],"wp:featuredmedia":[{"embeddable":true,"href":"https:\/\/zapateneo.net\/wordpress\/index.php\/wp-json\/wp\/v2\/media\/1175"}],"wp:attachment":[{"href":"https:\/\/zapateneo.net\/wordpress\/index.php\/wp-json\/wp\/v2\/media?parent=1125"}],"wp:term":[{"taxonomy":"product_brand","embeddable":true,"href":"https:\/\/zapateneo.net\/wordpress\/index.php\/wp-json\/wp\/v2\/product_brand?post=1125"},{"taxonomy":"product_cat","embeddable":true,"href":"https:\/\/zapateneo.net\/wordpress\/index.php\/wp-json\/wp\/v2\/product_cat?post=1125"},{"taxonomy":"product_tag","embeddable":true,"href":"https:\/\/zapateneo.net\/wordpress\/index.php\/wp-json\/wp\/v2\/product_tag?post=1125"}],"curies":[{"name":"wp","href":"https:\/\/api.w.org\/{rel}","templated":true}]}}