{"id":11229,"date":"2022-05-29T17:39:39","date_gmt":"2022-05-29T16:39:39","guid":{"rendered":"https:\/\/zapateneo.net\/wordpress\/?post_type=product&#038;p=11229"},"modified":"2022-05-29T17:39:52","modified_gmt":"2022-05-29T16:39:52","slug":"de-la-decadencia-de-la-politica-en-el-capitalismo-terminal-un-debate-con-los-neo-y-post-marxismos","status":"publish","type":"product","link":"https:\/\/zapateneo.net\/wordpress\/index.php\/producto\/de-la-decadencia-de-la-politica-en-el-capitalismo-terminal-un-debate-con-los-neo-y-post-marxismos\/","title":{"rendered":"DE LA DECADENCIA DE LA POL\u00cdTICA EN EL CAPITALISMO TERMINAL Un debate con los neo y post marxismos"},"content":{"rendered":"<p>Este libro es una reivindicaci\u00f3n del marxismo. De manera rigurosa y convincente, pone en virtud tanto sus fundamentos como la condici\u00f3n pr\u00e1xica de los mismos o su inexcusable traducci\u00f3n en t\u00e9rminos pol\u00edticos para contribuir a la emancipaci\u00f3n social.<\/p>\n<p>El libro ofrece explicaciones concretas de porqu\u00e9 este es el \u00fanico m\u00e9todo capaz de desvelar y explicar las entra\u00f1as del modo de producci\u00f3n capitalista, y por tanto, las ra\u00edces constitutivas de nuestra sociedad que dan lugar a determinadas formas de organizaci\u00f3n social, comportamientos, tipos de acci\u00f3n y conciencia. A trav\u00e9s de sus p\u00e1ginas se comprueba porqu\u00e9 el marxismo resulta imprescindible para conocer las razones de las crisis del capital, porqu\u00e9 Marx estaba acertado en su descubrimiento de la tendencia estructural de la tasa media de ganancia capitalista a caer, en su insistencia en el papel insustituible de las luchas de clase y en concreto en las razones inherentes al sistema de que sea la clase trabajadora la que pueda protagonizar su trascendencia.<\/p>\n<p>Discute el autor, sin contemplaciones, con las corrientes que se dicen \u201cneo\u201d marxistas y tratan de deshacer a Marx en muchos de sus cimientos. Igualmente, demuele las corrientes del \u201cpostmarxismo\u201d y de lo que llama la moda \u201cpost\u201d propia de la fase del capitalismo neoliberal financiarizado. Moda que ha impregnado los movimientos sociales m\u00e1s importantes, como el feminismo y el ecologismo, con los que tambi\u00e9n discute Piqueras, poniendo de relieve, en general, las formas \u201cin-pol\u00edticas\u201d (bien apol\u00edticas o bien pol\u00edticamente inocuas) que cada vez m\u00e1s envuelven tanto a los sujetos como a la teor\u00eda en el capitalismo actual, al cual concibe como \u201cterminal\u201d.<\/p>\n<p>Mercanc\u00eda, valor, capital, crisis, trabajo productivo e improductivo, capital ficticio, \u201cdinero m\u00e1gico\u201d, financiarizaci\u00f3n, sobreendeudamiento, ilusi\u00f3n democr\u00e1tica, descomposici\u00f3n del reformismo, procesos de fetichizaci\u00f3n, auge de fuerzas destructivas, geopol\u00edtica del caos\u2026 pocas claves faltan por tocar en este sorprendente, necesario y completo libro.<\/p>\n","protected":false},"excerpt":{"rendered":"<p><strong>Andr\u00e9s Piqueras<\/strong><br \/>\n9788418550980 &#8211; El Viejo topo &#8211; 2022 &#8211; 602 p\u00e1ginas \/orri.<\/p>\n","protected":false},"featured_media":11248,"template":"","meta":[],"product_brand":[],"product_cat":[16,176],"product_tag":[5634,111],"class_list":{"0":"post-11229","1":"product","2":"type-product","3":"status-publish","4":"has-post-thumbnail","6":"product_cat-libros","7":"product_cat-marxismoa-marxismo","8":"product_tag-andres-piqueras","9":"product_tag-el-viejo-topo","11":"first","12":"instock","13":"sold-individually","14":"shipping-taxable","15":"purchasable","16":"product-type-simple"},"yoast_head":"<!-- This site is optimized with the Yoast SEO plugin v27.3 - https:\/\/yoast.com\/product\/yoast-seo-wordpress\/ -->\n<title>DE LA DECADENCIA DE LA POL\u00cdTICA EN EL CAPITALISMO TERMINAL Un debate con los neo y post marxismos &#8212; Zapateneo<\/title>\n<meta name=\"robots\" content=\"index, follow, max-snippet:-1, max-image-preview:large, max-video-preview:-1\" \/>\n<link rel=\"canonical\" href=\"https:\/\/zapateneo.net\/wordpress\/index.php\/producto\/de-la-decadencia-de-la-politica-en-el-capitalismo-terminal-un-debate-con-los-neo-y-post-marxismos\/\" \/>\n<meta property=\"og:locale\" content=\"es_ES\" \/>\n<meta property=\"og:type\" content=\"article\" \/>\n<meta property=\"og:title\" content=\"DE LA DECADENCIA DE LA POL\u00cdTICA EN EL CAPITALISMO TERMINAL Un debate con los neo y post marxismos &#8212; Zapateneo\" \/>\n<meta property=\"og:description\" content=\"Andr\u00e9s Piqueras 9788418550980 - El Viejo topo - 2022 - 602 p\u00e1ginas \/orri.\" \/>\n<meta property=\"og:url\" content=\"https:\/\/zapateneo.net\/wordpress\/index.php\/producto\/de-la-decadencia-de-la-politica-en-el-capitalismo-terminal-un-debate-con-los-neo-y-post-marxismos\/\" \/>\n<meta property=\"og:site_name\" content=\"Zapateneo\" \/>\n<meta property=\"article:modified_time\" content=\"2022-05-29T16:39:52+00:00\" \/>\n<meta name=\"twitter:card\" content=\"summary_large_image\" \/>\n<meta name=\"twitter:site\" content=\"@zapateneo\" \/>\n<meta name=\"twitter:label1\" content=\"Tiempo de lectura\" \/>\n\t<meta name=\"twitter:data1\" content=\"2 minutos\" \/>\n<script type=\"application\/ld+json\" class=\"yoast-schema-graph\">{\"@context\":\"https:\\\/\\\/schema.org\",\"@graph\":[{\"@type\":\"WebPage\",\"@id\":\"https:\\\/\\\/zapateneo.net\\\/wordpress\\\/index.php\\\/producto\\\/de-la-decadencia-de-la-politica-en-el-capitalismo-terminal-un-debate-con-los-neo-y-post-marxismos\\\/\",\"url\":\"https:\\\/\\\/zapateneo.net\\\/wordpress\\\/index.php\\\/producto\\\/de-la-decadencia-de-la-politica-en-el-capitalismo-terminal-un-debate-con-los-neo-y-post-marxismos\\\/\",\"name\":\"DE LA DECADENCIA DE LA POL\u00cdTICA EN EL CAPITALISMO TERMINAL Un debate con los neo y post marxismos &#8212; Zapateneo\",\"isPartOf\":{\"@id\":\"https:\\\/\\\/zapateneo.net\\\/wordpress\\\/#website\"},\"primaryImageOfPage\":{\"@id\":\"https:\\\/\\\/zapateneo.net\\\/wordpress\\\/index.php\\\/producto\\\/de-la-decadencia-de-la-politica-en-el-capitalismo-terminal-un-debate-con-los-neo-y-post-marxismos\\\/#primaryimage\"},\"image\":{\"@id\":\"https:\\\/\\\/zapateneo.net\\\/wordpress\\\/index.php\\\/producto\\\/de-la-decadencia-de-la-politica-en-el-capitalismo-terminal-un-debate-con-los-neo-y-post-marxismos\\\/#primaryimage\"},\"thumbnailUrl\":\"https:\\\/\\\/zapateneo.net\\\/wordpress\\\/wp-content\\\/uploads\\\/2022\\\/05\\\/de-la-decadencia-de-la-politica-9788418550980.png\",\"datePublished\":\"2022-05-29T16:39:39+00:00\",\"dateModified\":\"2022-05-29T16:39:52+00:00\",\"breadcrumb\":{\"@id\":\"https:\\\/\\\/zapateneo.net\\\/wordpress\\\/index.php\\\/producto\\\/de-la-decadencia-de-la-politica-en-el-capitalismo-terminal-un-debate-con-los-neo-y-post-marxismos\\\/#breadcrumb\"},\"inLanguage\":\"es\",\"potentialAction\":[{\"@type\":\"ReadAction\",\"target\":[\"https:\\\/\\\/zapateneo.net\\\/wordpress\\\/index.php\\\/producto\\\/de-la-decadencia-de-la-politica-en-el-capitalismo-terminal-un-debate-con-los-neo-y-post-marxismos\\\/\"]}]},{\"@type\":\"ImageObject\",\"inLanguage\":\"es\",\"@id\":\"https:\\\/\\\/zapateneo.net\\\/wordpress\\\/index.php\\\/producto\\\/de-la-decadencia-de-la-politica-en-el-capitalismo-terminal-un-debate-con-los-neo-y-post-marxismos\\\/#primaryimage\",\"url\":\"https:\\\/\\\/zapateneo.net\\\/wordpress\\\/wp-content\\\/uploads\\\/2022\\\/05\\\/de-la-decadencia-de-la-politica-9788418550980.png\",\"contentUrl\":\"https:\\\/\\\/zapateneo.net\\\/wordpress\\\/wp-content\\\/uploads\\\/2022\\\/05\\\/de-la-decadencia-de-la-politica-9788418550980.png\",\"width\":260,\"height\":400},{\"@type\":\"BreadcrumbList\",\"@id\":\"https:\\\/\\\/zapateneo.net\\\/wordpress\\\/index.php\\\/producto\\\/de-la-decadencia-de-la-politica-en-el-capitalismo-terminal-un-debate-con-los-neo-y-post-marxismos\\\/#breadcrumb\",\"itemListElement\":[{\"@type\":\"ListItem\",\"position\":1,\"name\":\"Portada\",\"item\":\"https:\\\/\\\/zapateneo.net\\\/wordpress\\\/\"},{\"@type\":\"ListItem\",\"position\":2,\"name\":\"Tienda\",\"item\":\"https:\\\/\\\/zapateneo.net\\\/wordpress\\\/\"},{\"@type\":\"ListItem\",\"position\":3,\"name\":\"DE LA DECADENCIA DE LA POL\u00cdTICA EN EL CAPITALISMO TERMINAL Un debate con los neo y post marxismos\"}]},{\"@type\":\"WebSite\",\"@id\":\"https:\\\/\\\/zapateneo.net\\\/wordpress\\\/#website\",\"url\":\"https:\\\/\\\/zapateneo.net\\\/wordpress\\\/\",\"name\":\"Zapateneo\",\"description\":\"Zapateneoaren webgunea\",\"publisher\":{\"@id\":\"https:\\\/\\\/zapateneo.net\\\/wordpress\\\/#organization\"},\"potentialAction\":[{\"@type\":\"SearchAction\",\"target\":{\"@type\":\"EntryPoint\",\"urlTemplate\":\"https:\\\/\\\/zapateneo.net\\\/wordpress\\\/?s={search_term_string}\"},\"query-input\":{\"@type\":\"PropertyValueSpecification\",\"valueRequired\":true,\"valueName\":\"search_term_string\"}}],\"inLanguage\":\"es\"},{\"@type\":\"Organization\",\"@id\":\"https:\\\/\\\/zapateneo.net\\\/wordpress\\\/#organization\",\"name\":\"Zapateneo Kultur Elkartea\",\"url\":\"https:\\\/\\\/zapateneo.net\\\/wordpress\\\/\",\"logo\":{\"@type\":\"ImageObject\",\"inLanguage\":\"es\",\"@id\":\"https:\\\/\\\/zapateneo.net\\\/wordpress\\\/#\\\/schema\\\/logo\\\/image\\\/\",\"url\":\"https:\\\/\\\/zapateneo.net\\\/wordpress\\\/wp-content\\\/uploads\\\/2021\\\/04\\\/zap-libu-kolec.jpg\",\"contentUrl\":\"https:\\\/\\\/zapateneo.net\\\/wordpress\\\/wp-content\\\/uploads\\\/2021\\\/04\\\/zap-libu-kolec.jpg\",\"width\":2234,\"height\":398,\"caption\":\"Zapateneo Kultur Elkartea\"},\"image\":{\"@id\":\"https:\\\/\\\/zapateneo.net\\\/wordpress\\\/#\\\/schema\\\/logo\\\/image\\\/\"},\"sameAs\":[\"https:\\\/\\\/x.com\\\/zapateneo\"]}]}<\/script>\n<!-- \/ Yoast SEO plugin. -->","yoast_head_json":{"title":"DE LA DECADENCIA DE LA POL\u00cdTICA EN EL CAPITALISMO TERMINAL Un debate con los neo y post marxismos &#8212; Zapateneo","robots":{"index":"index","follow":"follow","max-snippet":"max-snippet:-1","max-image-preview":"max-image-preview:large","max-video-preview":"max-video-preview:-1"},"canonical":"https:\/\/zapateneo.net\/wordpress\/index.php\/producto\/de-la-decadencia-de-la-politica-en-el-capitalismo-terminal-un-debate-con-los-neo-y-post-marxismos\/","og_locale":"es_ES","og_type":"article","og_title":"DE LA DECADENCIA DE LA POL\u00cdTICA EN EL CAPITALISMO TERMINAL Un debate con los neo y post marxismos &#8212; Zapateneo","og_description":"Andr\u00e9s Piqueras 9788418550980 - El Viejo topo - 2022 - 602 p\u00e1ginas \/orri.","og_url":"https:\/\/zapateneo.net\/wordpress\/index.php\/producto\/de-la-decadencia-de-la-politica-en-el-capitalismo-terminal-un-debate-con-los-neo-y-post-marxismos\/","og_site_name":"Zapateneo","article_modified_time":"2022-05-29T16:39:52+00:00","twitter_card":"summary_large_image","twitter_site":"@zapateneo","twitter_misc":{"Tiempo de lectura":"2 minutos"},"schema":{"@context":"https:\/\/schema.org","@graph":[{"@type":"WebPage","@id":"https:\/\/zapateneo.net\/wordpress\/index.php\/producto\/de-la-decadencia-de-la-politica-en-el-capitalismo-terminal-un-debate-con-los-neo-y-post-marxismos\/","url":"https:\/\/zapateneo.net\/wordpress\/index.php\/producto\/de-la-decadencia-de-la-politica-en-el-capitalismo-terminal-un-debate-con-los-neo-y-post-marxismos\/","name":"DE LA DECADENCIA DE LA POL\u00cdTICA EN EL CAPITALISMO TERMINAL Un debate con los neo y post marxismos &#8212; Zapateneo","isPartOf":{"@id":"https:\/\/zapateneo.net\/wordpress\/#website"},"primaryImageOfPage":{"@id":"https:\/\/zapateneo.net\/wordpress\/index.php\/producto\/de-la-decadencia-de-la-politica-en-el-capitalismo-terminal-un-debate-con-los-neo-y-post-marxismos\/#primaryimage"},"image":{"@id":"https:\/\/zapateneo.net\/wordpress\/index.php\/producto\/de-la-decadencia-de-la-politica-en-el-capitalismo-terminal-un-debate-con-los-neo-y-post-marxismos\/#primaryimage"},"thumbnailUrl":"https:\/\/zapateneo.net\/wordpress\/wp-content\/uploads\/2022\/05\/de-la-decadencia-de-la-politica-9788418550980.png","datePublished":"2022-05-29T16:39:39+00:00","dateModified":"2022-05-29T16:39:52+00:00","breadcrumb":{"@id":"https:\/\/zapateneo.net\/wordpress\/index.php\/producto\/de-la-decadencia-de-la-politica-en-el-capitalismo-terminal-un-debate-con-los-neo-y-post-marxismos\/#breadcrumb"},"inLanguage":"es","potentialAction":[{"@type":"ReadAction","target":["https:\/\/zapateneo.net\/wordpress\/index.php\/producto\/de-la-decadencia-de-la-politica-en-el-capitalismo-terminal-un-debate-con-los-neo-y-post-marxismos\/"]}]},{"@type":"ImageObject","inLanguage":"es","@id":"https:\/\/zapateneo.net\/wordpress\/index.php\/producto\/de-la-decadencia-de-la-politica-en-el-capitalismo-terminal-un-debate-con-los-neo-y-post-marxismos\/#primaryimage","url":"https:\/\/zapateneo.net\/wordpress\/wp-content\/uploads\/2022\/05\/de-la-decadencia-de-la-politica-9788418550980.png","contentUrl":"https:\/\/zapateneo.net\/wordpress\/wp-content\/uploads\/2022\/05\/de-la-decadencia-de-la-politica-9788418550980.png","width":260,"height":400},{"@type":"BreadcrumbList","@id":"https:\/\/zapateneo.net\/wordpress\/index.php\/producto\/de-la-decadencia-de-la-politica-en-el-capitalismo-terminal-un-debate-con-los-neo-y-post-marxismos\/#breadcrumb","itemListElement":[{"@type":"ListItem","position":1,"name":"Portada","item":"https:\/\/zapateneo.net\/wordpress\/"},{"@type":"ListItem","position":2,"name":"Tienda","item":"https:\/\/zapateneo.net\/wordpress\/"},{"@type":"ListItem","position":3,"name":"DE LA DECADENCIA DE LA POL\u00cdTICA EN EL CAPITALISMO TERMINAL Un debate con los neo y post marxismos"}]},{"@type":"WebSite","@id":"https:\/\/zapateneo.net\/wordpress\/#website","url":"https:\/\/zapateneo.net\/wordpress\/","name":"Zapateneo","description":"Zapateneoaren webgunea","publisher":{"@id":"https:\/\/zapateneo.net\/wordpress\/#organization"},"potentialAction":[{"@type":"SearchAction","target":{"@type":"EntryPoint","urlTemplate":"https:\/\/zapateneo.net\/wordpress\/?s={search_term_string}"},"query-input":{"@type":"PropertyValueSpecification","valueRequired":true,"valueName":"search_term_string"}}],"inLanguage":"es"},{"@type":"Organization","@id":"https:\/\/zapateneo.net\/wordpress\/#organization","name":"Zapateneo Kultur Elkartea","url":"https:\/\/zapateneo.net\/wordpress\/","logo":{"@type":"ImageObject","inLanguage":"es","@id":"https:\/\/zapateneo.net\/wordpress\/#\/schema\/logo\/image\/","url":"https:\/\/zapateneo.net\/wordpress\/wp-content\/uploads\/2021\/04\/zap-libu-kolec.jpg","contentUrl":"https:\/\/zapateneo.net\/wordpress\/wp-content\/uploads\/2021\/04\/zap-libu-kolec.jpg","width":2234,"height":398,"caption":"Zapateneo Kultur Elkartea"},"image":{"@id":"https:\/\/zapateneo.net\/wordpress\/#\/schema\/logo\/image\/"},"sameAs":["https:\/\/x.com\/zapateneo"]}]}},"_links":{"self":[{"href":"https:\/\/zapateneo.net\/wordpress\/index.php\/wp-json\/wp\/v2\/product\/11229","targetHints":{"allow":["GET"]}}],"collection":[{"href":"https:\/\/zapateneo.net\/wordpress\/index.php\/wp-json\/wp\/v2\/product"}],"about":[{"href":"https:\/\/zapateneo.net\/wordpress\/index.php\/wp-json\/wp\/v2\/types\/product"}],"wp:featuredmedia":[{"embeddable":true,"href":"https:\/\/zapateneo.net\/wordpress\/index.php\/wp-json\/wp\/v2\/media\/11248"}],"wp:attachment":[{"href":"https:\/\/zapateneo.net\/wordpress\/index.php\/wp-json\/wp\/v2\/media?parent=11229"}],"wp:term":[{"taxonomy":"product_brand","embeddable":true,"href":"https:\/\/zapateneo.net\/wordpress\/index.php\/wp-json\/wp\/v2\/product_brand?post=11229"},{"taxonomy":"product_cat","embeddable":true,"href":"https:\/\/zapateneo.net\/wordpress\/index.php\/wp-json\/wp\/v2\/product_cat?post=11229"},{"taxonomy":"product_tag","embeddable":true,"href":"https:\/\/zapateneo.net\/wordpress\/index.php\/wp-json\/wp\/v2\/product_tag?post=11229"}],"curies":[{"name":"wp","href":"https:\/\/api.w.org\/{rel}","templated":true}]}}