{"id":11225,"date":"2022-05-29T17:39:38","date_gmt":"2022-05-29T16:39:38","guid":{"rendered":"https:\/\/zapateneo.net\/wordpress\/?post_type=product&#038;p=11225"},"modified":"2022-05-29T17:39:49","modified_gmt":"2022-05-29T16:39:49","slug":"los-rotos-las-costuras-abiertas-de-la-clase-obrera","status":"publish","type":"product","link":"https:\/\/zapateneo.net\/wordpress\/index.php\/producto\/los-rotos-las-costuras-abiertas-de-la-clase-obrera\/","title":{"rendered":"LOS ROTOS Las costuras abiertas de la clase obrera"},"content":{"rendered":"<p>La vida cotidiana atravesada por la clase est\u00e1 en constante remiendo. Los rotos son las personas de clase obrera, pero tambi\u00e9n los constantes destrozos de una existencia popular; las fracturas de una vida hostil, rota, como una kelly al final del turno. Roto como el \u00e1nimo de quien pierde dos horas cada d\u00eda en el transporte p\u00fablico o en la sala de espera de un ambulatorio, sin esperanza de mejora; sin futuro. Rotos de dolor al enterrar a un compa\u00f1ero muerto en el tajo que se parti\u00f3 la cabeza al ca\u00e9rsele una l\u00e1mina de hierro de 500 kilos o sufriendo el insomnio que provoca la incertidumbre por la proximidad de un ERE o la falta de carga de trabajo en una f\u00e1brica que no es tuya, pero te da de comer.<\/p>\n<p>Los rotos conllevan remiendos, zurcidos y repuestos. La clase obrera lo es porque est\u00e1 en continua fractura y reconstrucci\u00f3n. No hay nada estable, concreto e irrompible en la existencia de una vida trabajadora. Las grietas forman parte de la normalidad, son algo a lo que habituarse sin que esa sensaci\u00f3n de fragilidad acabe por demoler la confianza. Zurcir es una forma artesana de paliar el paso de la existencia de la clase trabajadora, porque no hay vida humilde sin esa urdimbre visible. Esta obra es una visi\u00f3n personal, \u00edntima y subjetiva de c\u00f3mo el origen social influye en la vida de la clase trabajadora.<\/p>\n<p>Antonio Maestre (1979) estudi\u00f3 Documentaci\u00f3n en la Universidad Complutense de Madrid y un m\u00e1ster de periodismo en la Universidad Rey Juan Carlos. Trabaj\u00f3 de jardinero, reponedor, carnicero y camarero, y en log\u00edstica, marketing y prensa hasta reciclarse como periodista, profesi\u00f3n que ejerce en diversos medios y formatos. Desde 2013 escribe reportajes de investigaci\u00f3n en La Marea, medio del que es subdirector desde septiembre de 2020 y en el que anteriormente coordin\u00f3 la secci\u00f3n \u00abApuntes de Clase\u00bb. Es columnista en eldiario.es y en La Sexta, donde tiene un blog propio llamado \u00abTodo est\u00e1 en Bourdieu \u00bb, as\u00ed como en la secci\u00f3n de tecnolog\u00eda y pol\u00edtica \u00abRetina\u00bb, de El Pa\u00eds. Tambi\u00e9n ha colaborado con Le Monde Diplomatique y Jacobin. Es, asimismo, analista de actualidad y pol\u00edtica en los programas informativos de La Sexta adem\u00e1s de en Radio Euskadi. Es autor de Infames. El retroceso de Espa\u00f1a (2020) y del best seller Franquismo S.A. (Akal, 2019).<\/p>\n","protected":false},"excerpt":{"rendered":"<p><strong>Antonio Maestre<\/strong><br \/>\n9788446051251 &#8211; Akal &#8211; 2022 &#8211; 256 p\u00e1ginas \/orri.<\/p>\n","protected":false},"featured_media":11244,"template":"","meta":[],"product_brand":[],"product_cat":[178,16],"product_tag":[437,5630],"class_list":{"0":"post-11225","1":"product","2":"type-product","3":"status-publish","4":"has-post-thumbnail","6":"product_cat-ekonomia-economia","7":"product_cat-libros","8":"product_tag-akal","9":"product_tag-antonio-maestre","11":"first","12":"instock","13":"sold-individually","14":"shipping-taxable","15":"purchasable","16":"product-type-simple"},"yoast_head":"<!-- This site is optimized with the Yoast SEO plugin v27.4 - https:\/\/yoast.com\/product\/yoast-seo-wordpress\/ -->\n<title>LOS ROTOS Las costuras abiertas de la clase obrera &#8212; Zapateneo<\/title>\n<meta name=\"robots\" content=\"index, follow, max-snippet:-1, max-image-preview:large, max-video-preview:-1\" \/>\n<link rel=\"canonical\" href=\"https:\/\/zapateneo.net\/wordpress\/index.php\/producto\/los-rotos-las-costuras-abiertas-de-la-clase-obrera\/\" \/>\n<meta property=\"og:locale\" content=\"es_ES\" \/>\n<meta property=\"og:type\" content=\"article\" \/>\n<meta property=\"og:title\" content=\"LOS ROTOS Las costuras abiertas de la clase obrera &#8212; Zapateneo\" \/>\n<meta property=\"og:description\" content=\"Antonio Maestre 9788446051251 - Akal - 2022 - 256 p\u00e1ginas \/orri.\" \/>\n<meta property=\"og:url\" content=\"https:\/\/zapateneo.net\/wordpress\/index.php\/producto\/los-rotos-las-costuras-abiertas-de-la-clase-obrera\/\" \/>\n<meta property=\"og:site_name\" content=\"Zapateneo\" \/>\n<meta property=\"article:modified_time\" content=\"2022-05-29T16:39:49+00:00\" \/>\n<meta name=\"twitter:card\" content=\"summary_large_image\" \/>\n<meta name=\"twitter:site\" content=\"@zapateneo\" \/>\n<meta name=\"twitter:label1\" content=\"Tiempo de lectura\" \/>\n\t<meta name=\"twitter:data1\" content=\"2 minutos\" \/>\n<script type=\"application\/ld+json\" class=\"yoast-schema-graph\">{\"@context\":\"https:\\\/\\\/schema.org\",\"@graph\":[{\"@type\":\"WebPage\",\"@id\":\"https:\\\/\\\/zapateneo.net\\\/wordpress\\\/index.php\\\/producto\\\/los-rotos-las-costuras-abiertas-de-la-clase-obrera\\\/\",\"url\":\"https:\\\/\\\/zapateneo.net\\\/wordpress\\\/index.php\\\/producto\\\/los-rotos-las-costuras-abiertas-de-la-clase-obrera\\\/\",\"name\":\"LOS ROTOS Las costuras abiertas de la clase obrera &#8212; Zapateneo\",\"isPartOf\":{\"@id\":\"https:\\\/\\\/zapateneo.net\\\/wordpress\\\/#website\"},\"primaryImageOfPage\":{\"@id\":\"https:\\\/\\\/zapateneo.net\\\/wordpress\\\/index.php\\\/producto\\\/los-rotos-las-costuras-abiertas-de-la-clase-obrera\\\/#primaryimage\"},\"image\":{\"@id\":\"https:\\\/\\\/zapateneo.net\\\/wordpress\\\/index.php\\\/producto\\\/los-rotos-las-costuras-abiertas-de-la-clase-obrera\\\/#primaryimage\"},\"thumbnailUrl\":\"https:\\\/\\\/zapateneo.net\\\/wordpress\\\/wp-content\\\/uploads\\\/2022\\\/05\\\/9788446051251.jpg\",\"datePublished\":\"2022-05-29T16:39:38+00:00\",\"dateModified\":\"2022-05-29T16:39:49+00:00\",\"breadcrumb\":{\"@id\":\"https:\\\/\\\/zapateneo.net\\\/wordpress\\\/index.php\\\/producto\\\/los-rotos-las-costuras-abiertas-de-la-clase-obrera\\\/#breadcrumb\"},\"inLanguage\":\"es\",\"potentialAction\":[{\"@type\":\"ReadAction\",\"target\":[\"https:\\\/\\\/zapateneo.net\\\/wordpress\\\/index.php\\\/producto\\\/los-rotos-las-costuras-abiertas-de-la-clase-obrera\\\/\"]}]},{\"@type\":\"ImageObject\",\"inLanguage\":\"es\",\"@id\":\"https:\\\/\\\/zapateneo.net\\\/wordpress\\\/index.php\\\/producto\\\/los-rotos-las-costuras-abiertas-de-la-clase-obrera\\\/#primaryimage\",\"url\":\"https:\\\/\\\/zapateneo.net\\\/wordpress\\\/wp-content\\\/uploads\\\/2022\\\/05\\\/9788446051251.jpg\",\"contentUrl\":\"https:\\\/\\\/zapateneo.net\\\/wordpress\\\/wp-content\\\/uploads\\\/2022\\\/05\\\/9788446051251.jpg\",\"width\":252,\"height\":400},{\"@type\":\"BreadcrumbList\",\"@id\":\"https:\\\/\\\/zapateneo.net\\\/wordpress\\\/index.php\\\/producto\\\/los-rotos-las-costuras-abiertas-de-la-clase-obrera\\\/#breadcrumb\",\"itemListElement\":[{\"@type\":\"ListItem\",\"position\":1,\"name\":\"Portada\",\"item\":\"https:\\\/\\\/zapateneo.net\\\/wordpress\\\/\"},{\"@type\":\"ListItem\",\"position\":2,\"name\":\"Tienda\",\"item\":\"https:\\\/\\\/zapateneo.net\\\/wordpress\\\/\"},{\"@type\":\"ListItem\",\"position\":3,\"name\":\"LOS ROTOS Las costuras abiertas de la clase obrera\"}]},{\"@type\":\"WebSite\",\"@id\":\"https:\\\/\\\/zapateneo.net\\\/wordpress\\\/#website\",\"url\":\"https:\\\/\\\/zapateneo.net\\\/wordpress\\\/\",\"name\":\"Zapateneo\",\"description\":\"Zapateneoaren webgunea\",\"publisher\":{\"@id\":\"https:\\\/\\\/zapateneo.net\\\/wordpress\\\/#organization\"},\"potentialAction\":[{\"@type\":\"SearchAction\",\"target\":{\"@type\":\"EntryPoint\",\"urlTemplate\":\"https:\\\/\\\/zapateneo.net\\\/wordpress\\\/?s={search_term_string}\"},\"query-input\":{\"@type\":\"PropertyValueSpecification\",\"valueRequired\":true,\"valueName\":\"search_term_string\"}}],\"inLanguage\":\"es\"},{\"@type\":\"Organization\",\"@id\":\"https:\\\/\\\/zapateneo.net\\\/wordpress\\\/#organization\",\"name\":\"Zapateneo Kultur Elkartea\",\"url\":\"https:\\\/\\\/zapateneo.net\\\/wordpress\\\/\",\"logo\":{\"@type\":\"ImageObject\",\"inLanguage\":\"es\",\"@id\":\"https:\\\/\\\/zapateneo.net\\\/wordpress\\\/#\\\/schema\\\/logo\\\/image\\\/\",\"url\":\"https:\\\/\\\/zapateneo.net\\\/wordpress\\\/wp-content\\\/uploads\\\/2021\\\/04\\\/zap-libu-kolec.jpg\",\"contentUrl\":\"https:\\\/\\\/zapateneo.net\\\/wordpress\\\/wp-content\\\/uploads\\\/2021\\\/04\\\/zap-libu-kolec.jpg\",\"width\":2234,\"height\":398,\"caption\":\"Zapateneo Kultur Elkartea\"},\"image\":{\"@id\":\"https:\\\/\\\/zapateneo.net\\\/wordpress\\\/#\\\/schema\\\/logo\\\/image\\\/\"},\"sameAs\":[\"https:\\\/\\\/x.com\\\/zapateneo\"]}]}<\/script>\n<!-- \/ Yoast SEO plugin. -->","yoast_head_json":{"title":"LOS ROTOS Las costuras abiertas de la clase obrera &#8212; Zapateneo","robots":{"index":"index","follow":"follow","max-snippet":"max-snippet:-1","max-image-preview":"max-image-preview:large","max-video-preview":"max-video-preview:-1"},"canonical":"https:\/\/zapateneo.net\/wordpress\/index.php\/producto\/los-rotos-las-costuras-abiertas-de-la-clase-obrera\/","og_locale":"es_ES","og_type":"article","og_title":"LOS ROTOS Las costuras abiertas de la clase obrera &#8212; Zapateneo","og_description":"Antonio Maestre 9788446051251 - Akal - 2022 - 256 p\u00e1ginas \/orri.","og_url":"https:\/\/zapateneo.net\/wordpress\/index.php\/producto\/los-rotos-las-costuras-abiertas-de-la-clase-obrera\/","og_site_name":"Zapateneo","article_modified_time":"2022-05-29T16:39:49+00:00","twitter_card":"summary_large_image","twitter_site":"@zapateneo","twitter_misc":{"Tiempo de lectura":"2 minutos"},"schema":{"@context":"https:\/\/schema.org","@graph":[{"@type":"WebPage","@id":"https:\/\/zapateneo.net\/wordpress\/index.php\/producto\/los-rotos-las-costuras-abiertas-de-la-clase-obrera\/","url":"https:\/\/zapateneo.net\/wordpress\/index.php\/producto\/los-rotos-las-costuras-abiertas-de-la-clase-obrera\/","name":"LOS ROTOS Las costuras abiertas de la clase obrera &#8212; Zapateneo","isPartOf":{"@id":"https:\/\/zapateneo.net\/wordpress\/#website"},"primaryImageOfPage":{"@id":"https:\/\/zapateneo.net\/wordpress\/index.php\/producto\/los-rotos-las-costuras-abiertas-de-la-clase-obrera\/#primaryimage"},"image":{"@id":"https:\/\/zapateneo.net\/wordpress\/index.php\/producto\/los-rotos-las-costuras-abiertas-de-la-clase-obrera\/#primaryimage"},"thumbnailUrl":"https:\/\/zapateneo.net\/wordpress\/wp-content\/uploads\/2022\/05\/9788446051251.jpg","datePublished":"2022-05-29T16:39:38+00:00","dateModified":"2022-05-29T16:39:49+00:00","breadcrumb":{"@id":"https:\/\/zapateneo.net\/wordpress\/index.php\/producto\/los-rotos-las-costuras-abiertas-de-la-clase-obrera\/#breadcrumb"},"inLanguage":"es","potentialAction":[{"@type":"ReadAction","target":["https:\/\/zapateneo.net\/wordpress\/index.php\/producto\/los-rotos-las-costuras-abiertas-de-la-clase-obrera\/"]}]},{"@type":"ImageObject","inLanguage":"es","@id":"https:\/\/zapateneo.net\/wordpress\/index.php\/producto\/los-rotos-las-costuras-abiertas-de-la-clase-obrera\/#primaryimage","url":"https:\/\/zapateneo.net\/wordpress\/wp-content\/uploads\/2022\/05\/9788446051251.jpg","contentUrl":"https:\/\/zapateneo.net\/wordpress\/wp-content\/uploads\/2022\/05\/9788446051251.jpg","width":252,"height":400},{"@type":"BreadcrumbList","@id":"https:\/\/zapateneo.net\/wordpress\/index.php\/producto\/los-rotos-las-costuras-abiertas-de-la-clase-obrera\/#breadcrumb","itemListElement":[{"@type":"ListItem","position":1,"name":"Portada","item":"https:\/\/zapateneo.net\/wordpress\/"},{"@type":"ListItem","position":2,"name":"Tienda","item":"https:\/\/zapateneo.net\/wordpress\/"},{"@type":"ListItem","position":3,"name":"LOS ROTOS Las costuras abiertas de la clase obrera"}]},{"@type":"WebSite","@id":"https:\/\/zapateneo.net\/wordpress\/#website","url":"https:\/\/zapateneo.net\/wordpress\/","name":"Zapateneo","description":"Zapateneoaren webgunea","publisher":{"@id":"https:\/\/zapateneo.net\/wordpress\/#organization"},"potentialAction":[{"@type":"SearchAction","target":{"@type":"EntryPoint","urlTemplate":"https:\/\/zapateneo.net\/wordpress\/?s={search_term_string}"},"query-input":{"@type":"PropertyValueSpecification","valueRequired":true,"valueName":"search_term_string"}}],"inLanguage":"es"},{"@type":"Organization","@id":"https:\/\/zapateneo.net\/wordpress\/#organization","name":"Zapateneo Kultur Elkartea","url":"https:\/\/zapateneo.net\/wordpress\/","logo":{"@type":"ImageObject","inLanguage":"es","@id":"https:\/\/zapateneo.net\/wordpress\/#\/schema\/logo\/image\/","url":"https:\/\/zapateneo.net\/wordpress\/wp-content\/uploads\/2021\/04\/zap-libu-kolec.jpg","contentUrl":"https:\/\/zapateneo.net\/wordpress\/wp-content\/uploads\/2021\/04\/zap-libu-kolec.jpg","width":2234,"height":398,"caption":"Zapateneo Kultur Elkartea"},"image":{"@id":"https:\/\/zapateneo.net\/wordpress\/#\/schema\/logo\/image\/"},"sameAs":["https:\/\/x.com\/zapateneo"]}]}},"_links":{"self":[{"href":"https:\/\/zapateneo.net\/wordpress\/index.php\/wp-json\/wp\/v2\/product\/11225","targetHints":{"allow":["GET"]}}],"collection":[{"href":"https:\/\/zapateneo.net\/wordpress\/index.php\/wp-json\/wp\/v2\/product"}],"about":[{"href":"https:\/\/zapateneo.net\/wordpress\/index.php\/wp-json\/wp\/v2\/types\/product"}],"wp:featuredmedia":[{"embeddable":true,"href":"https:\/\/zapateneo.net\/wordpress\/index.php\/wp-json\/wp\/v2\/media\/11244"}],"wp:attachment":[{"href":"https:\/\/zapateneo.net\/wordpress\/index.php\/wp-json\/wp\/v2\/media?parent=11225"}],"wp:term":[{"taxonomy":"product_brand","embeddable":true,"href":"https:\/\/zapateneo.net\/wordpress\/index.php\/wp-json\/wp\/v2\/product_brand?post=11225"},{"taxonomy":"product_cat","embeddable":true,"href":"https:\/\/zapateneo.net\/wordpress\/index.php\/wp-json\/wp\/v2\/product_cat?post=11225"},{"taxonomy":"product_tag","embeddable":true,"href":"https:\/\/zapateneo.net\/wordpress\/index.php\/wp-json\/wp\/v2\/product_tag?post=11225"}],"curies":[{"name":"wp","href":"https:\/\/api.w.org\/{rel}","templated":true}]}}