{"id":11223,"date":"2022-05-29T17:39:38","date_gmt":"2022-05-29T16:39:38","guid":{"rendered":"https:\/\/zapateneo.net\/wordpress\/?post_type=product&#038;p=11223"},"modified":"2022-05-29T17:39:48","modified_gmt":"2022-05-29T16:39:48","slug":"dientes-blancos-piel-negra","status":"publish","type":"product","link":"https:\/\/zapateneo.net\/wordpress\/index.php\/producto\/dientes-blancos-piel-negra\/","title":{"rendered":"DIENTES BLANCOS, PIEL NEGRA"},"content":{"rendered":"<p>Valerina Diana Vivour es una joven fernandina de Guinea Ecuatorial que enviaron a estudiar a Barcelona a primeros de la d\u00e9cada de 1930. El lector descubre su historia al mismo tiempo que la protagonista, sintiendo su misma indignaci\u00f3n cuando casi al final de su vida, Valerina se presenta en una comisar\u00eda de Barcelona para denunciar una agresi\u00f3n racista. En esta apasionante novela, \u00c1vila Laurel nos gu\u00eda por la autoconciencia de ser africano en Europa, desde una mirada y experiencia de mujer. El autor nos explica c\u00f3mo eran aquellos tiempos en la colonia, por qu\u00e9 enviaron a Valerina a estudiar a Barcelona, cu\u00e1les fueron sus experiencias en las Mercedar\u00edas, su relaci\u00f3n con sus parientes y otros j\u00f3venes como ella, la enigm\u00e1tica relaci\u00f3n que guardaba con su madre y, sobre todo, su conciencia de ser, claramente marcada por sus genealog\u00edas de clase y sexo. Y es que la racializaci\u00f3n de las migraciones establecidas en la ciudad, acab\u00f3 borrando las huellas de Valerina, su \u00edntimo ser, despertando su necesidad de explicar al mundo qui\u00e9nes hab\u00edan sido ellos y qui\u00e9n era su familia, en un relato que entrecruza las experiencias de la burgues\u00eda africana con la catalana. Nada se sabe de africanos asentados en Europa a primeros del si\u00adglo XX y nadie imagina que adem\u00e1s pudieran ser mujeres: esta novela es una contribuci\u00f3n extraordinaria, construida entre la ficci\u00f3n y la novela hist\u00f3rica, pues el autor ha documentado cuidadosamente algunos de sus pasajes m\u00e1s importantes. La obra recrea el choque cultural, la racializaci\u00f3n de los colectivos africanos en Europa y el racismo que emergi\u00f3 en la Barcelona de la d\u00e9cada de 1990, al tiempo que traslada lo que fue el empoderamiento de mujeres africanas en la Barcelona de primeros del siglo XX, a trav\u00e9s de una de sus grandes referentes, Amelia Barleycorn de Vivour. La novela no dejar\u00e1 indiferente al lector pues le transmite la indignaci\u00f3n por el rechazo al color de la piel o la denuncia por el cuerpo negro ultrajado. El libro emerge en paralelo a los trabajos de otros cient\u00edficos sociales con los que \u00c1vila Laurel colabora en el Proyecto I+D Afro-Iberia \u201cAfricanos y magreb\u00edes en la Pen\u00ednsula Ib\u00e9rica (1850-1975)\u201d. Sus compa\u00f1eros somos conscientes de que nuestras investigaciones son siempre minoritarias pero que la novela de Juan Tom\u00e1s constituir\u00e1 una potente herramienta para crear otros mundos en los que la humanidad pueda vivir, mundos en los que la racializaci\u00f3n de las diferencias culturales sea objeto de reflexi\u00f3n y denuncia.<\/p>\n","protected":false},"excerpt":{"rendered":"<p><strong>Juan Tom\u00e1s \u00c1vila<\/strong><br \/>\n9788418723292 &#8211; Bellaterra &#8211; 2022 &#8211; 176 p\u00e1ginas \/orri.<\/p>\n","protected":false},"featured_media":11242,"template":"","meta":[],"product_brand":[],"product_cat":[16,187],"product_tag":[92,5628],"class_list":{"0":"post-11223","1":"product","2":"type-product","3":"status-publish","4":"has-post-thumbnail","6":"product_cat-libros","7":"product_cat-narratiba-narrativa","8":"product_tag-bellaterra","9":"product_tag-juan-tomas-avila","11":"first","12":"instock","13":"sold-individually","14":"shipping-taxable","15":"purchasable","16":"product-type-simple"},"yoast_head":"<!-- This site is optimized with the Yoast SEO plugin v27.3 - https:\/\/yoast.com\/product\/yoast-seo-wordpress\/ -->\n<title>DIENTES BLANCOS, PIEL NEGRA &#8212; Zapateneo<\/title>\n<meta name=\"robots\" content=\"index, follow, max-snippet:-1, max-image-preview:large, max-video-preview:-1\" \/>\n<link rel=\"canonical\" href=\"https:\/\/zapateneo.net\/wordpress\/index.php\/producto\/dientes-blancos-piel-negra\/\" \/>\n<meta property=\"og:locale\" content=\"es_ES\" \/>\n<meta property=\"og:type\" content=\"article\" \/>\n<meta property=\"og:title\" content=\"DIENTES BLANCOS, PIEL NEGRA &#8212; Zapateneo\" \/>\n<meta property=\"og:description\" content=\"Juan Tom\u00e1s \u00c1vila 9788418723292 - Bellaterra - 2022 - 176 p\u00e1ginas \/orri.\" \/>\n<meta property=\"og:url\" content=\"https:\/\/zapateneo.net\/wordpress\/index.php\/producto\/dientes-blancos-piel-negra\/\" \/>\n<meta property=\"og:site_name\" content=\"Zapateneo\" \/>\n<meta property=\"article:modified_time\" content=\"2022-05-29T16:39:48+00:00\" \/>\n<meta name=\"twitter:card\" content=\"summary_large_image\" \/>\n<meta name=\"twitter:site\" content=\"@zapateneo\" \/>\n<meta name=\"twitter:label1\" content=\"Tiempo de lectura\" \/>\n\t<meta name=\"twitter:data1\" content=\"2 minutos\" \/>\n<script type=\"application\/ld+json\" class=\"yoast-schema-graph\">{\"@context\":\"https:\\\/\\\/schema.org\",\"@graph\":[{\"@type\":\"WebPage\",\"@id\":\"https:\\\/\\\/zapateneo.net\\\/wordpress\\\/index.php\\\/producto\\\/dientes-blancos-piel-negra\\\/\",\"url\":\"https:\\\/\\\/zapateneo.net\\\/wordpress\\\/index.php\\\/producto\\\/dientes-blancos-piel-negra\\\/\",\"name\":\"DIENTES BLANCOS, PIEL NEGRA &#8212; Zapateneo\",\"isPartOf\":{\"@id\":\"https:\\\/\\\/zapateneo.net\\\/wordpress\\\/#website\"},\"primaryImageOfPage\":{\"@id\":\"https:\\\/\\\/zapateneo.net\\\/wordpress\\\/index.php\\\/producto\\\/dientes-blancos-piel-negra\\\/#primaryimage\"},\"image\":{\"@id\":\"https:\\\/\\\/zapateneo.net\\\/wordpress\\\/index.php\\\/producto\\\/dientes-blancos-piel-negra\\\/#primaryimage\"},\"thumbnailUrl\":\"https:\\\/\\\/zapateneo.net\\\/wordpress\\\/wp-content\\\/uploads\\\/2022\\\/05\\\/dientes-blancos-piel-negra.jpg\",\"datePublished\":\"2022-05-29T16:39:38+00:00\",\"dateModified\":\"2022-05-29T16:39:48+00:00\",\"breadcrumb\":{\"@id\":\"https:\\\/\\\/zapateneo.net\\\/wordpress\\\/index.php\\\/producto\\\/dientes-blancos-piel-negra\\\/#breadcrumb\"},\"inLanguage\":\"es\",\"potentialAction\":[{\"@type\":\"ReadAction\",\"target\":[\"https:\\\/\\\/zapateneo.net\\\/wordpress\\\/index.php\\\/producto\\\/dientes-blancos-piel-negra\\\/\"]}]},{\"@type\":\"ImageObject\",\"inLanguage\":\"es\",\"@id\":\"https:\\\/\\\/zapateneo.net\\\/wordpress\\\/index.php\\\/producto\\\/dientes-blancos-piel-negra\\\/#primaryimage\",\"url\":\"https:\\\/\\\/zapateneo.net\\\/wordpress\\\/wp-content\\\/uploads\\\/2022\\\/05\\\/dientes-blancos-piel-negra.jpg\",\"contentUrl\":\"https:\\\/\\\/zapateneo.net\\\/wordpress\\\/wp-content\\\/uploads\\\/2022\\\/05\\\/dientes-blancos-piel-negra.jpg\",\"width\":260,\"height\":400},{\"@type\":\"BreadcrumbList\",\"@id\":\"https:\\\/\\\/zapateneo.net\\\/wordpress\\\/index.php\\\/producto\\\/dientes-blancos-piel-negra\\\/#breadcrumb\",\"itemListElement\":[{\"@type\":\"ListItem\",\"position\":1,\"name\":\"Portada\",\"item\":\"https:\\\/\\\/zapateneo.net\\\/wordpress\\\/\"},{\"@type\":\"ListItem\",\"position\":2,\"name\":\"Tienda\",\"item\":\"https:\\\/\\\/zapateneo.net\\\/wordpress\\\/\"},{\"@type\":\"ListItem\",\"position\":3,\"name\":\"DIENTES BLANCOS, PIEL NEGRA\"}]},{\"@type\":\"WebSite\",\"@id\":\"https:\\\/\\\/zapateneo.net\\\/wordpress\\\/#website\",\"url\":\"https:\\\/\\\/zapateneo.net\\\/wordpress\\\/\",\"name\":\"Zapateneo\",\"description\":\"Zapateneoaren webgunea\",\"publisher\":{\"@id\":\"https:\\\/\\\/zapateneo.net\\\/wordpress\\\/#organization\"},\"potentialAction\":[{\"@type\":\"SearchAction\",\"target\":{\"@type\":\"EntryPoint\",\"urlTemplate\":\"https:\\\/\\\/zapateneo.net\\\/wordpress\\\/?s={search_term_string}\"},\"query-input\":{\"@type\":\"PropertyValueSpecification\",\"valueRequired\":true,\"valueName\":\"search_term_string\"}}],\"inLanguage\":\"es\"},{\"@type\":\"Organization\",\"@id\":\"https:\\\/\\\/zapateneo.net\\\/wordpress\\\/#organization\",\"name\":\"Zapateneo Kultur Elkartea\",\"url\":\"https:\\\/\\\/zapateneo.net\\\/wordpress\\\/\",\"logo\":{\"@type\":\"ImageObject\",\"inLanguage\":\"es\",\"@id\":\"https:\\\/\\\/zapateneo.net\\\/wordpress\\\/#\\\/schema\\\/logo\\\/image\\\/\",\"url\":\"https:\\\/\\\/zapateneo.net\\\/wordpress\\\/wp-content\\\/uploads\\\/2021\\\/04\\\/zap-libu-kolec.jpg\",\"contentUrl\":\"https:\\\/\\\/zapateneo.net\\\/wordpress\\\/wp-content\\\/uploads\\\/2021\\\/04\\\/zap-libu-kolec.jpg\",\"width\":2234,\"height\":398,\"caption\":\"Zapateneo Kultur Elkartea\"},\"image\":{\"@id\":\"https:\\\/\\\/zapateneo.net\\\/wordpress\\\/#\\\/schema\\\/logo\\\/image\\\/\"},\"sameAs\":[\"https:\\\/\\\/x.com\\\/zapateneo\"]}]}<\/script>\n<!-- \/ Yoast SEO plugin. -->","yoast_head_json":{"title":"DIENTES BLANCOS, PIEL NEGRA &#8212; Zapateneo","robots":{"index":"index","follow":"follow","max-snippet":"max-snippet:-1","max-image-preview":"max-image-preview:large","max-video-preview":"max-video-preview:-1"},"canonical":"https:\/\/zapateneo.net\/wordpress\/index.php\/producto\/dientes-blancos-piel-negra\/","og_locale":"es_ES","og_type":"article","og_title":"DIENTES BLANCOS, PIEL NEGRA &#8212; Zapateneo","og_description":"Juan Tom\u00e1s \u00c1vila 9788418723292 - Bellaterra - 2022 - 176 p\u00e1ginas \/orri.","og_url":"https:\/\/zapateneo.net\/wordpress\/index.php\/producto\/dientes-blancos-piel-negra\/","og_site_name":"Zapateneo","article_modified_time":"2022-05-29T16:39:48+00:00","twitter_card":"summary_large_image","twitter_site":"@zapateneo","twitter_misc":{"Tiempo de lectura":"2 minutos"},"schema":{"@context":"https:\/\/schema.org","@graph":[{"@type":"WebPage","@id":"https:\/\/zapateneo.net\/wordpress\/index.php\/producto\/dientes-blancos-piel-negra\/","url":"https:\/\/zapateneo.net\/wordpress\/index.php\/producto\/dientes-blancos-piel-negra\/","name":"DIENTES BLANCOS, PIEL NEGRA &#8212; Zapateneo","isPartOf":{"@id":"https:\/\/zapateneo.net\/wordpress\/#website"},"primaryImageOfPage":{"@id":"https:\/\/zapateneo.net\/wordpress\/index.php\/producto\/dientes-blancos-piel-negra\/#primaryimage"},"image":{"@id":"https:\/\/zapateneo.net\/wordpress\/index.php\/producto\/dientes-blancos-piel-negra\/#primaryimage"},"thumbnailUrl":"https:\/\/zapateneo.net\/wordpress\/wp-content\/uploads\/2022\/05\/dientes-blancos-piel-negra.jpg","datePublished":"2022-05-29T16:39:38+00:00","dateModified":"2022-05-29T16:39:48+00:00","breadcrumb":{"@id":"https:\/\/zapateneo.net\/wordpress\/index.php\/producto\/dientes-blancos-piel-negra\/#breadcrumb"},"inLanguage":"es","potentialAction":[{"@type":"ReadAction","target":["https:\/\/zapateneo.net\/wordpress\/index.php\/producto\/dientes-blancos-piel-negra\/"]}]},{"@type":"ImageObject","inLanguage":"es","@id":"https:\/\/zapateneo.net\/wordpress\/index.php\/producto\/dientes-blancos-piel-negra\/#primaryimage","url":"https:\/\/zapateneo.net\/wordpress\/wp-content\/uploads\/2022\/05\/dientes-blancos-piel-negra.jpg","contentUrl":"https:\/\/zapateneo.net\/wordpress\/wp-content\/uploads\/2022\/05\/dientes-blancos-piel-negra.jpg","width":260,"height":400},{"@type":"BreadcrumbList","@id":"https:\/\/zapateneo.net\/wordpress\/index.php\/producto\/dientes-blancos-piel-negra\/#breadcrumb","itemListElement":[{"@type":"ListItem","position":1,"name":"Portada","item":"https:\/\/zapateneo.net\/wordpress\/"},{"@type":"ListItem","position":2,"name":"Tienda","item":"https:\/\/zapateneo.net\/wordpress\/"},{"@type":"ListItem","position":3,"name":"DIENTES BLANCOS, PIEL NEGRA"}]},{"@type":"WebSite","@id":"https:\/\/zapateneo.net\/wordpress\/#website","url":"https:\/\/zapateneo.net\/wordpress\/","name":"Zapateneo","description":"Zapateneoaren webgunea","publisher":{"@id":"https:\/\/zapateneo.net\/wordpress\/#organization"},"potentialAction":[{"@type":"SearchAction","target":{"@type":"EntryPoint","urlTemplate":"https:\/\/zapateneo.net\/wordpress\/?s={search_term_string}"},"query-input":{"@type":"PropertyValueSpecification","valueRequired":true,"valueName":"search_term_string"}}],"inLanguage":"es"},{"@type":"Organization","@id":"https:\/\/zapateneo.net\/wordpress\/#organization","name":"Zapateneo Kultur Elkartea","url":"https:\/\/zapateneo.net\/wordpress\/","logo":{"@type":"ImageObject","inLanguage":"es","@id":"https:\/\/zapateneo.net\/wordpress\/#\/schema\/logo\/image\/","url":"https:\/\/zapateneo.net\/wordpress\/wp-content\/uploads\/2021\/04\/zap-libu-kolec.jpg","contentUrl":"https:\/\/zapateneo.net\/wordpress\/wp-content\/uploads\/2021\/04\/zap-libu-kolec.jpg","width":2234,"height":398,"caption":"Zapateneo Kultur Elkartea"},"image":{"@id":"https:\/\/zapateneo.net\/wordpress\/#\/schema\/logo\/image\/"},"sameAs":["https:\/\/x.com\/zapateneo"]}]}},"_links":{"self":[{"href":"https:\/\/zapateneo.net\/wordpress\/index.php\/wp-json\/wp\/v2\/product\/11223","targetHints":{"allow":["GET"]}}],"collection":[{"href":"https:\/\/zapateneo.net\/wordpress\/index.php\/wp-json\/wp\/v2\/product"}],"about":[{"href":"https:\/\/zapateneo.net\/wordpress\/index.php\/wp-json\/wp\/v2\/types\/product"}],"wp:featuredmedia":[{"embeddable":true,"href":"https:\/\/zapateneo.net\/wordpress\/index.php\/wp-json\/wp\/v2\/media\/11242"}],"wp:attachment":[{"href":"https:\/\/zapateneo.net\/wordpress\/index.php\/wp-json\/wp\/v2\/media?parent=11223"}],"wp:term":[{"taxonomy":"product_brand","embeddable":true,"href":"https:\/\/zapateneo.net\/wordpress\/index.php\/wp-json\/wp\/v2\/product_brand?post=11223"},{"taxonomy":"product_cat","embeddable":true,"href":"https:\/\/zapateneo.net\/wordpress\/index.php\/wp-json\/wp\/v2\/product_cat?post=11223"},{"taxonomy":"product_tag","embeddable":true,"href":"https:\/\/zapateneo.net\/wordpress\/index.php\/wp-json\/wp\/v2\/product_tag?post=11223"}],"curies":[{"name":"wp","href":"https:\/\/api.w.org\/{rel}","templated":true}]}}