{"id":11219,"date":"2022-05-29T17:39:37","date_gmt":"2022-05-29T16:39:37","guid":{"rendered":"https:\/\/zapateneo.net\/wordpress\/?post_type=product&#038;p=11219"},"modified":"2022-05-29T17:39:46","modified_gmt":"2022-05-29T16:39:46","slug":"la-especie-artistica-estetica-arte-y-evolucion","status":"publish","type":"product","link":"https:\/\/zapateneo.net\/wordpress\/index.php\/producto\/la-especie-artistica-estetica-arte-y-evolucion\/","title":{"rendered":"LA ESPECIE ART\u00cdSTICA Est\u00e9tica, arte y evoluci\u00f3n"},"content":{"rendered":"<p>La especie art\u00edstica explora la idea de que nuestras respuestas est\u00e9ticas y nuestras conductas art\u00edsticas est\u00e1n conectadas con nuestra naturaleza humana fruto de la evoluci\u00f3n. Nuestros antepasados humanoides dieron muestras de poseer una sensibilidad est\u00e9tica hace cientos de miles de a\u00f1os y el estatus art\u00edstico de las pinturas rupestres prehist\u00f3ricas no lo cuestiona pr\u00e1cticamente nadie. En la primera parte, Stephen Davies analiza los conceptos fundamentales de la est\u00e9tica, el arte y la evoluci\u00f3n, y explora hasta qu\u00e9 punto est\u00e1n relacionados entre s\u00ed. Considera una serie de temas, como el de si los animales tienen preferencias est\u00e9ticas o como el de si el arte es no solo universal sino tambi\u00e9n transculturalmente comprensible.<\/p>\n<p>En la segunda parte examina los muchos intereses est\u00e9ticos que despiertan los animales en los humanos y en qu\u00e9 medida reflejan nuestros propios intereses biol\u00f3gicos. Explora tambi\u00e9n la idea de que nuestras preferencias medioambientales y paisaj\u00edsticas tiene sus ra\u00edces en las experiencias de nuestros lejanos ancestros. A la hora de considerar el controvertido tema de la belleza humana, la mayor\u00eda de psic\u00f3logos evolucionistas se han centrado b\u00e1sicamente en el atractivo f\u00edsico femenino en el contexto de la selecci\u00f3n sexual, pero Davies presenta un punto de vista m\u00e1s amplio que desvincula la belleza humana de la elecci\u00f3n de pareja, y la relaciona m\u00e1s bien con el comportamiento social y con la autopresentaci\u00f3n.<\/p>\n<p>Finalmente, en la tercera parte, Davies se pregunta si las artes, en conjunto o individualmente consideradas, son adaptaciones biol\u00f3gicas, subproductos contingentes de adaptaciones no art\u00edsticas, o simplemente son tecnolog\u00edas culturales sin apenas relaci\u00f3n con la biolog\u00eda. Davies no se pronuncia de manera concluyente por ninguna de las diversas teor\u00edas consideradas aqu\u00ed, pero de todos modos argumenta que hay buenos motivos para considerar que el arte forma parte de la naturaleza humana. El arte es un indicador poderoso y complejo de la aptitud biol\u00f3gica humana, y por tanto no puede considerarse totalmente ajeno a la biolog\u00eda. De hecho, las respuestas est\u00e9ticas y las conductas art\u00edsticas son aut\u00e9nticos referentes de nuestra humanidad.<\/p>\n","protected":false},"excerpt":{"rendered":"<p><strong>Stephen Davies<\/strong><br \/>\n9788419200068 &#8211; Biblioteca Burid\u00e1n &#8211; 2022 &#8211; 382 p\u00e1ginas \/orri.<\/p>\n","protected":false},"featured_media":11238,"template":"","meta":[],"product_brand":[],"product_cat":[16,173],"product_tag":[99,5624],"class_list":{"0":"post-11219","1":"product","2":"type-product","3":"status-publish","4":"has-post-thumbnail","6":"product_cat-libros","7":"product_cat-saiakera-ensayo","8":"product_tag-biblioteca-buridan","9":"product_tag-stephen-davies","11":"first","12":"instock","13":"sold-individually","14":"shipping-taxable","15":"purchasable","16":"product-type-simple"},"yoast_head":"<!-- This site is optimized with the Yoast SEO plugin v27.3 - https:\/\/yoast.com\/product\/yoast-seo-wordpress\/ -->\n<title>LA ESPECIE ART\u00cdSTICA Est\u00e9tica, arte y evoluci\u00f3n &#8212; Zapateneo<\/title>\n<meta name=\"robots\" content=\"index, follow, max-snippet:-1, max-image-preview:large, max-video-preview:-1\" \/>\n<link rel=\"canonical\" href=\"https:\/\/zapateneo.net\/wordpress\/index.php\/producto\/la-especie-artistica-estetica-arte-y-evolucion\/\" \/>\n<meta property=\"og:locale\" content=\"es_ES\" \/>\n<meta property=\"og:type\" content=\"article\" \/>\n<meta property=\"og:title\" content=\"LA ESPECIE ART\u00cdSTICA Est\u00e9tica, arte y evoluci\u00f3n &#8212; Zapateneo\" \/>\n<meta property=\"og:description\" content=\"Stephen Davies 9788419200068 - Biblioteca Burid\u00e1n - 2022 - 382 p\u00e1ginas \/orri.\" \/>\n<meta property=\"og:url\" content=\"https:\/\/zapateneo.net\/wordpress\/index.php\/producto\/la-especie-artistica-estetica-arte-y-evolucion\/\" \/>\n<meta property=\"og:site_name\" content=\"Zapateneo\" \/>\n<meta property=\"article:modified_time\" content=\"2022-05-29T16:39:46+00:00\" \/>\n<meta name=\"twitter:card\" content=\"summary_large_image\" \/>\n<meta name=\"twitter:site\" content=\"@zapateneo\" \/>\n<meta name=\"twitter:label1\" content=\"Tiempo de lectura\" \/>\n\t<meta name=\"twitter:data1\" content=\"2 minutos\" \/>\n<script type=\"application\/ld+json\" class=\"yoast-schema-graph\">{\"@context\":\"https:\\\/\\\/schema.org\",\"@graph\":[{\"@type\":\"WebPage\",\"@id\":\"https:\\\/\\\/zapateneo.net\\\/wordpress\\\/index.php\\\/producto\\\/la-especie-artistica-estetica-arte-y-evolucion\\\/\",\"url\":\"https:\\\/\\\/zapateneo.net\\\/wordpress\\\/index.php\\\/producto\\\/la-especie-artistica-estetica-arte-y-evolucion\\\/\",\"name\":\"LA ESPECIE ART\u00cdSTICA Est\u00e9tica, arte y evoluci\u00f3n &#8212; Zapateneo\",\"isPartOf\":{\"@id\":\"https:\\\/\\\/zapateneo.net\\\/wordpress\\\/#website\"},\"primaryImageOfPage\":{\"@id\":\"https:\\\/\\\/zapateneo.net\\\/wordpress\\\/index.php\\\/producto\\\/la-especie-artistica-estetica-arte-y-evolucion\\\/#primaryimage\"},\"image\":{\"@id\":\"https:\\\/\\\/zapateneo.net\\\/wordpress\\\/index.php\\\/producto\\\/la-especie-artistica-estetica-arte-y-evolucion\\\/#primaryimage\"},\"thumbnailUrl\":\"https:\\\/\\\/zapateneo.net\\\/wordpress\\\/wp-content\\\/uploads\\\/2022\\\/05\\\/la-especie-artistica.jpg\",\"datePublished\":\"2022-05-29T16:39:37+00:00\",\"dateModified\":\"2022-05-29T16:39:46+00:00\",\"breadcrumb\":{\"@id\":\"https:\\\/\\\/zapateneo.net\\\/wordpress\\\/index.php\\\/producto\\\/la-especie-artistica-estetica-arte-y-evolucion\\\/#breadcrumb\"},\"inLanguage\":\"es\",\"potentialAction\":[{\"@type\":\"ReadAction\",\"target\":[\"https:\\\/\\\/zapateneo.net\\\/wordpress\\\/index.php\\\/producto\\\/la-especie-artistica-estetica-arte-y-evolucion\\\/\"]}]},{\"@type\":\"ImageObject\",\"inLanguage\":\"es\",\"@id\":\"https:\\\/\\\/zapateneo.net\\\/wordpress\\\/index.php\\\/producto\\\/la-especie-artistica-estetica-arte-y-evolucion\\\/#primaryimage\",\"url\":\"https:\\\/\\\/zapateneo.net\\\/wordpress\\\/wp-content\\\/uploads\\\/2022\\\/05\\\/la-especie-artistica.jpg\",\"contentUrl\":\"https:\\\/\\\/zapateneo.net\\\/wordpress\\\/wp-content\\\/uploads\\\/2022\\\/05\\\/la-especie-artistica.jpg\",\"width\":298,\"height\":400},{\"@type\":\"BreadcrumbList\",\"@id\":\"https:\\\/\\\/zapateneo.net\\\/wordpress\\\/index.php\\\/producto\\\/la-especie-artistica-estetica-arte-y-evolucion\\\/#breadcrumb\",\"itemListElement\":[{\"@type\":\"ListItem\",\"position\":1,\"name\":\"Portada\",\"item\":\"https:\\\/\\\/zapateneo.net\\\/wordpress\\\/\"},{\"@type\":\"ListItem\",\"position\":2,\"name\":\"Tienda\",\"item\":\"https:\\\/\\\/zapateneo.net\\\/wordpress\\\/\"},{\"@type\":\"ListItem\",\"position\":3,\"name\":\"LA ESPECIE ART\u00cdSTICA Est\u00e9tica, arte y evoluci\u00f3n\"}]},{\"@type\":\"WebSite\",\"@id\":\"https:\\\/\\\/zapateneo.net\\\/wordpress\\\/#website\",\"url\":\"https:\\\/\\\/zapateneo.net\\\/wordpress\\\/\",\"name\":\"Zapateneo\",\"description\":\"Zapateneoaren webgunea\",\"publisher\":{\"@id\":\"https:\\\/\\\/zapateneo.net\\\/wordpress\\\/#organization\"},\"potentialAction\":[{\"@type\":\"SearchAction\",\"target\":{\"@type\":\"EntryPoint\",\"urlTemplate\":\"https:\\\/\\\/zapateneo.net\\\/wordpress\\\/?s={search_term_string}\"},\"query-input\":{\"@type\":\"PropertyValueSpecification\",\"valueRequired\":true,\"valueName\":\"search_term_string\"}}],\"inLanguage\":\"es\"},{\"@type\":\"Organization\",\"@id\":\"https:\\\/\\\/zapateneo.net\\\/wordpress\\\/#organization\",\"name\":\"Zapateneo Kultur Elkartea\",\"url\":\"https:\\\/\\\/zapateneo.net\\\/wordpress\\\/\",\"logo\":{\"@type\":\"ImageObject\",\"inLanguage\":\"es\",\"@id\":\"https:\\\/\\\/zapateneo.net\\\/wordpress\\\/#\\\/schema\\\/logo\\\/image\\\/\",\"url\":\"https:\\\/\\\/zapateneo.net\\\/wordpress\\\/wp-content\\\/uploads\\\/2021\\\/04\\\/zap-libu-kolec.jpg\",\"contentUrl\":\"https:\\\/\\\/zapateneo.net\\\/wordpress\\\/wp-content\\\/uploads\\\/2021\\\/04\\\/zap-libu-kolec.jpg\",\"width\":2234,\"height\":398,\"caption\":\"Zapateneo Kultur Elkartea\"},\"image\":{\"@id\":\"https:\\\/\\\/zapateneo.net\\\/wordpress\\\/#\\\/schema\\\/logo\\\/image\\\/\"},\"sameAs\":[\"https:\\\/\\\/x.com\\\/zapateneo\"]}]}<\/script>\n<!-- \/ Yoast SEO plugin. -->","yoast_head_json":{"title":"LA ESPECIE ART\u00cdSTICA Est\u00e9tica, arte y evoluci\u00f3n &#8212; Zapateneo","robots":{"index":"index","follow":"follow","max-snippet":"max-snippet:-1","max-image-preview":"max-image-preview:large","max-video-preview":"max-video-preview:-1"},"canonical":"https:\/\/zapateneo.net\/wordpress\/index.php\/producto\/la-especie-artistica-estetica-arte-y-evolucion\/","og_locale":"es_ES","og_type":"article","og_title":"LA ESPECIE ART\u00cdSTICA Est\u00e9tica, arte y evoluci\u00f3n &#8212; Zapateneo","og_description":"Stephen Davies 9788419200068 - Biblioteca Burid\u00e1n - 2022 - 382 p\u00e1ginas \/orri.","og_url":"https:\/\/zapateneo.net\/wordpress\/index.php\/producto\/la-especie-artistica-estetica-arte-y-evolucion\/","og_site_name":"Zapateneo","article_modified_time":"2022-05-29T16:39:46+00:00","twitter_card":"summary_large_image","twitter_site":"@zapateneo","twitter_misc":{"Tiempo de lectura":"2 minutos"},"schema":{"@context":"https:\/\/schema.org","@graph":[{"@type":"WebPage","@id":"https:\/\/zapateneo.net\/wordpress\/index.php\/producto\/la-especie-artistica-estetica-arte-y-evolucion\/","url":"https:\/\/zapateneo.net\/wordpress\/index.php\/producto\/la-especie-artistica-estetica-arte-y-evolucion\/","name":"LA ESPECIE ART\u00cdSTICA Est\u00e9tica, arte y evoluci\u00f3n &#8212; Zapateneo","isPartOf":{"@id":"https:\/\/zapateneo.net\/wordpress\/#website"},"primaryImageOfPage":{"@id":"https:\/\/zapateneo.net\/wordpress\/index.php\/producto\/la-especie-artistica-estetica-arte-y-evolucion\/#primaryimage"},"image":{"@id":"https:\/\/zapateneo.net\/wordpress\/index.php\/producto\/la-especie-artistica-estetica-arte-y-evolucion\/#primaryimage"},"thumbnailUrl":"https:\/\/zapateneo.net\/wordpress\/wp-content\/uploads\/2022\/05\/la-especie-artistica.jpg","datePublished":"2022-05-29T16:39:37+00:00","dateModified":"2022-05-29T16:39:46+00:00","breadcrumb":{"@id":"https:\/\/zapateneo.net\/wordpress\/index.php\/producto\/la-especie-artistica-estetica-arte-y-evolucion\/#breadcrumb"},"inLanguage":"es","potentialAction":[{"@type":"ReadAction","target":["https:\/\/zapateneo.net\/wordpress\/index.php\/producto\/la-especie-artistica-estetica-arte-y-evolucion\/"]}]},{"@type":"ImageObject","inLanguage":"es","@id":"https:\/\/zapateneo.net\/wordpress\/index.php\/producto\/la-especie-artistica-estetica-arte-y-evolucion\/#primaryimage","url":"https:\/\/zapateneo.net\/wordpress\/wp-content\/uploads\/2022\/05\/la-especie-artistica.jpg","contentUrl":"https:\/\/zapateneo.net\/wordpress\/wp-content\/uploads\/2022\/05\/la-especie-artistica.jpg","width":298,"height":400},{"@type":"BreadcrumbList","@id":"https:\/\/zapateneo.net\/wordpress\/index.php\/producto\/la-especie-artistica-estetica-arte-y-evolucion\/#breadcrumb","itemListElement":[{"@type":"ListItem","position":1,"name":"Portada","item":"https:\/\/zapateneo.net\/wordpress\/"},{"@type":"ListItem","position":2,"name":"Tienda","item":"https:\/\/zapateneo.net\/wordpress\/"},{"@type":"ListItem","position":3,"name":"LA ESPECIE ART\u00cdSTICA Est\u00e9tica, arte y evoluci\u00f3n"}]},{"@type":"WebSite","@id":"https:\/\/zapateneo.net\/wordpress\/#website","url":"https:\/\/zapateneo.net\/wordpress\/","name":"Zapateneo","description":"Zapateneoaren webgunea","publisher":{"@id":"https:\/\/zapateneo.net\/wordpress\/#organization"},"potentialAction":[{"@type":"SearchAction","target":{"@type":"EntryPoint","urlTemplate":"https:\/\/zapateneo.net\/wordpress\/?s={search_term_string}"},"query-input":{"@type":"PropertyValueSpecification","valueRequired":true,"valueName":"search_term_string"}}],"inLanguage":"es"},{"@type":"Organization","@id":"https:\/\/zapateneo.net\/wordpress\/#organization","name":"Zapateneo Kultur Elkartea","url":"https:\/\/zapateneo.net\/wordpress\/","logo":{"@type":"ImageObject","inLanguage":"es","@id":"https:\/\/zapateneo.net\/wordpress\/#\/schema\/logo\/image\/","url":"https:\/\/zapateneo.net\/wordpress\/wp-content\/uploads\/2021\/04\/zap-libu-kolec.jpg","contentUrl":"https:\/\/zapateneo.net\/wordpress\/wp-content\/uploads\/2021\/04\/zap-libu-kolec.jpg","width":2234,"height":398,"caption":"Zapateneo Kultur Elkartea"},"image":{"@id":"https:\/\/zapateneo.net\/wordpress\/#\/schema\/logo\/image\/"},"sameAs":["https:\/\/x.com\/zapateneo"]}]}},"_links":{"self":[{"href":"https:\/\/zapateneo.net\/wordpress\/index.php\/wp-json\/wp\/v2\/product\/11219","targetHints":{"allow":["GET"]}}],"collection":[{"href":"https:\/\/zapateneo.net\/wordpress\/index.php\/wp-json\/wp\/v2\/product"}],"about":[{"href":"https:\/\/zapateneo.net\/wordpress\/index.php\/wp-json\/wp\/v2\/types\/product"}],"wp:featuredmedia":[{"embeddable":true,"href":"https:\/\/zapateneo.net\/wordpress\/index.php\/wp-json\/wp\/v2\/media\/11238"}],"wp:attachment":[{"href":"https:\/\/zapateneo.net\/wordpress\/index.php\/wp-json\/wp\/v2\/media?parent=11219"}],"wp:term":[{"taxonomy":"product_brand","embeddable":true,"href":"https:\/\/zapateneo.net\/wordpress\/index.php\/wp-json\/wp\/v2\/product_brand?post=11219"},{"taxonomy":"product_cat","embeddable":true,"href":"https:\/\/zapateneo.net\/wordpress\/index.php\/wp-json\/wp\/v2\/product_cat?post=11219"},{"taxonomy":"product_tag","embeddable":true,"href":"https:\/\/zapateneo.net\/wordpress\/index.php\/wp-json\/wp\/v2\/product_tag?post=11219"}],"curies":[{"name":"wp","href":"https:\/\/api.w.org\/{rel}","templated":true}]}}