{"id":11217,"date":"2022-05-29T17:39:36","date_gmt":"2022-05-29T16:39:36","guid":{"rendered":"https:\/\/zapateneo.net\/wordpress\/?post_type=product&#038;p=11217"},"modified":"2022-05-29T17:39:44","modified_gmt":"2022-05-29T16:39:44","slug":"el-antropoceno-2a-edicion-la-expansion-del-capitalismo-global-choca-con-la-biosfera","status":"publish","type":"product","link":"https:\/\/zapateneo.net\/wordpress\/index.php\/producto\/el-antropoceno-2a-edicion-la-expansion-del-capitalismo-global-choca-con-la-biosfera\/","title":{"rendered":"EL ANTROPOCENO (2\u00aa edici\u00f3n) La expansi\u00f3n del capitalismo global choca con la biosfera"},"content":{"rendered":"<p>En los \u00faltimos a\u00f1os, el t\u00e9rmino \u00abantropoceno\u00bb ha sido objeto de intensos debates en torno a su significado y a sus implicaciones hist\u00f3ricas y pol\u00edticas. En algunos casos, se ha asimilado la idea de destrucci\u00f3n del medioambiente por causas antropog\u00e9nicas a una acusaci\u00f3n contra una \u00abhumanidad\u00bb abstracta, ahist\u00f3rica y descontextualizada, cuya mera existencia ser\u00eda condici\u00f3n sine qua non para la crisis ecosocial que vivimos.<\/p>\n<p>Frente a esta postura, Ram\u00f3n Fern\u00e1ndez Dur\u00e1n muestra, con perspectiva hist\u00f3rica y una prol\u00edfica documentaci\u00f3n, la relaci\u00f3n entre un modelo basado en l\u00f3gicas extractivas, en el que juegan un papel central los recursos energ\u00e9ticos, y un proceso de devastaci\u00f3n exponencial que asola regiones y sociedades humanas enteras, y que destruye los espacios y formas de vida de millones de personas. El antropoceno explica, a trav\u00e9s de la mirada ecologista como herramienta de an\u00e1lisis cr\u00edtico, las diferentes formas en las que el capitalismo extractivo ha acabado con ecosistemas enteros y su v\u00ednculo con una sociedad de consumo endemoniadamente (auto)destructiva.<\/p>\n<p>Este trabajo de Ram\u00f3n Fern\u00e1ndez Dur\u00e1n escrito en 2011, y revisado para esta reedici\u00f3n con una actualizaci\u00f3n de datos a cargo de Adri\u00e1n Almaz\u00e1n, es una de las s\u00edntesis m\u00e1s l\u00facidas, rigurosas, inteligentes y documentadas respecto a las causas reales de la espiral de destrucci\u00f3n planetaria.<\/p>\n<p>Ram\u00f3n Fern\u00e1ndez Dur\u00e1n (1947-2011). Activista, investigador y militante de Ecologistas en Acci\u00f3n, fue durante muchos a\u00f1os, y tambi\u00e9n despu\u00e9s de dejarnos, una voz imprescindible de los movimientos sociales y las disidencias en el Estado espa\u00f1ol. Autor de una obra de referencia como La explosi\u00f3n del desorden (Fundamentos, 1996), con Virus public\u00f3 Capitalismo (financiero) global y guerra permanente (2003), La compleja construcci\u00f3n de la Europa superpotencia (2005) o El tsunami urbanizador espa\u00f1ol y mundial (2006). Coeditados entre Virus y Ecologistas en Acci\u00f3n: El crep\u00fasculo de la era tr\u00e1gica del petr\u00f3leo (2010), Tercera Piel (2010), El Estado y la conflictividad pol\u00edtico-social en el siglo XX (2010) y La quiebra del capitalismo global (2000-2030) (2011).<br \/>\nEn 2014 fue publicada en dos vol\u00famenes su obra p\u00f3stuma, completada por su coautor Lu\u00eds Gonz\u00e1lez Reyes: En la espiral de la energ\u00eda (Ecologistas en Acci\u00f3n).<\/p>\n<p>En marzo de 2011, Ram\u00f3n comunicaba p\u00fablicamente su decisi\u00f3n de abandonar el tratamiento que estaba siguiendo por una dura enfermedad, y anunciaba su decisi\u00f3n de optar por una muerte digna escogida por \u00e9l mismo. Esta le lleg\u00f3 el 10 de mayo de 2011, mientras en decenas de ciudades se presentaban sus dos \u00faltimos libros.<\/p>\n<p>Pr\u00f3logo y actualizaci\u00f3n de datos: Adri\u00e1n Almaz\u00e1n<\/p>\n","protected":false},"excerpt":{"rendered":"<p><strong>Ram\u00f3n Fern\u00e1ndez Dur\u00e1n<\/strong><br \/>\n9788417870157 &#8211; VIRUS &#8211; 2021 &#8211; 160 p\u00e1ginas \/orri.<\/p>\n","protected":false},"featured_media":11236,"template":"","meta":[],"product_brand":[],"product_cat":[180,16],"product_tag":[2405,57],"class_list":{"0":"post-11217","1":"product","2":"type-product","3":"status-publish","4":"has-post-thumbnail","6":"product_cat-ekologia-ecologia","7":"product_cat-libros","8":"product_tag-ramon-fernandez-duran","9":"product_tag-virus","11":"first","12":"instock","13":"sold-individually","14":"shipping-taxable","15":"purchasable","16":"product-type-simple"},"yoast_head":"<!-- This site is optimized with the Yoast SEO plugin v27.3 - https:\/\/yoast.com\/product\/yoast-seo-wordpress\/ -->\n<title>EL ANTROPOCENO (2\u00aa edici\u00f3n) La expansi\u00f3n del capitalismo global choca con la biosfera &#8212; Zapateneo<\/title>\n<meta name=\"robots\" content=\"index, follow, max-snippet:-1, max-image-preview:large, max-video-preview:-1\" \/>\n<link rel=\"canonical\" href=\"https:\/\/zapateneo.net\/wordpress\/index.php\/producto\/el-antropoceno-2a-edicion-la-expansion-del-capitalismo-global-choca-con-la-biosfera\/\" \/>\n<meta property=\"og:locale\" content=\"es_ES\" \/>\n<meta property=\"og:type\" content=\"article\" \/>\n<meta property=\"og:title\" content=\"EL ANTROPOCENO (2\u00aa edici\u00f3n) La expansi\u00f3n del capitalismo global choca con la biosfera &#8212; Zapateneo\" \/>\n<meta property=\"og:description\" content=\"Ram\u00f3n Fern\u00e1ndez Dur\u00e1n 9788417870157 - VIRUS - 2021 - 160 p\u00e1ginas \/orri.\" \/>\n<meta property=\"og:url\" content=\"https:\/\/zapateneo.net\/wordpress\/index.php\/producto\/el-antropoceno-2a-edicion-la-expansion-del-capitalismo-global-choca-con-la-biosfera\/\" \/>\n<meta property=\"og:site_name\" content=\"Zapateneo\" \/>\n<meta property=\"article:modified_time\" content=\"2022-05-29T16:39:44+00:00\" \/>\n<meta name=\"twitter:card\" content=\"summary_large_image\" \/>\n<meta name=\"twitter:site\" content=\"@zapateneo\" \/>\n<meta name=\"twitter:label1\" content=\"Tiempo de lectura\" \/>\n\t<meta name=\"twitter:data1\" content=\"2 minutos\" \/>\n<script type=\"application\/ld+json\" class=\"yoast-schema-graph\">{\"@context\":\"https:\\\/\\\/schema.org\",\"@graph\":[{\"@type\":\"WebPage\",\"@id\":\"https:\\\/\\\/zapateneo.net\\\/wordpress\\\/index.php\\\/producto\\\/el-antropoceno-2a-edicion-la-expansion-del-capitalismo-global-choca-con-la-biosfera\\\/\",\"url\":\"https:\\\/\\\/zapateneo.net\\\/wordpress\\\/index.php\\\/producto\\\/el-antropoceno-2a-edicion-la-expansion-del-capitalismo-global-choca-con-la-biosfera\\\/\",\"name\":\"EL ANTROPOCENO (2\u00aa edici\u00f3n) La expansi\u00f3n del capitalismo global choca con la biosfera &#8212; Zapateneo\",\"isPartOf\":{\"@id\":\"https:\\\/\\\/zapateneo.net\\\/wordpress\\\/#website\"},\"primaryImageOfPage\":{\"@id\":\"https:\\\/\\\/zapateneo.net\\\/wordpress\\\/index.php\\\/producto\\\/el-antropoceno-2a-edicion-la-expansion-del-capitalismo-global-choca-con-la-biosfera\\\/#primaryimage\"},\"image\":{\"@id\":\"https:\\\/\\\/zapateneo.net\\\/wordpress\\\/index.php\\\/producto\\\/el-antropoceno-2a-edicion-la-expansion-del-capitalismo-global-choca-con-la-biosfera\\\/#primaryimage\"},\"thumbnailUrl\":\"https:\\\/\\\/zapateneo.net\\\/wordpress\\\/wp-content\\\/uploads\\\/2022\\\/05\\\/9788417870157.jpg\",\"datePublished\":\"2022-05-29T16:39:36+00:00\",\"dateModified\":\"2022-05-29T16:39:44+00:00\",\"breadcrumb\":{\"@id\":\"https:\\\/\\\/zapateneo.net\\\/wordpress\\\/index.php\\\/producto\\\/el-antropoceno-2a-edicion-la-expansion-del-capitalismo-global-choca-con-la-biosfera\\\/#breadcrumb\"},\"inLanguage\":\"es\",\"potentialAction\":[{\"@type\":\"ReadAction\",\"target\":[\"https:\\\/\\\/zapateneo.net\\\/wordpress\\\/index.php\\\/producto\\\/el-antropoceno-2a-edicion-la-expansion-del-capitalismo-global-choca-con-la-biosfera\\\/\"]}]},{\"@type\":\"ImageObject\",\"inLanguage\":\"es\",\"@id\":\"https:\\\/\\\/zapateneo.net\\\/wordpress\\\/index.php\\\/producto\\\/el-antropoceno-2a-edicion-la-expansion-del-capitalismo-global-choca-con-la-biosfera\\\/#primaryimage\",\"url\":\"https:\\\/\\\/zapateneo.net\\\/wordpress\\\/wp-content\\\/uploads\\\/2022\\\/05\\\/9788417870157.jpg\",\"contentUrl\":\"https:\\\/\\\/zapateneo.net\\\/wordpress\\\/wp-content\\\/uploads\\\/2022\\\/05\\\/9788417870157.jpg\",\"width\":267,\"height\":400},{\"@type\":\"BreadcrumbList\",\"@id\":\"https:\\\/\\\/zapateneo.net\\\/wordpress\\\/index.php\\\/producto\\\/el-antropoceno-2a-edicion-la-expansion-del-capitalismo-global-choca-con-la-biosfera\\\/#breadcrumb\",\"itemListElement\":[{\"@type\":\"ListItem\",\"position\":1,\"name\":\"Portada\",\"item\":\"https:\\\/\\\/zapateneo.net\\\/wordpress\\\/\"},{\"@type\":\"ListItem\",\"position\":2,\"name\":\"Tienda\",\"item\":\"https:\\\/\\\/zapateneo.net\\\/wordpress\\\/\"},{\"@type\":\"ListItem\",\"position\":3,\"name\":\"EL ANTROPOCENO (2\u00aa edici\u00f3n) La expansi\u00f3n del capitalismo global choca con la biosfera\"}]},{\"@type\":\"WebSite\",\"@id\":\"https:\\\/\\\/zapateneo.net\\\/wordpress\\\/#website\",\"url\":\"https:\\\/\\\/zapateneo.net\\\/wordpress\\\/\",\"name\":\"Zapateneo\",\"description\":\"Zapateneoaren webgunea\",\"publisher\":{\"@id\":\"https:\\\/\\\/zapateneo.net\\\/wordpress\\\/#organization\"},\"potentialAction\":[{\"@type\":\"SearchAction\",\"target\":{\"@type\":\"EntryPoint\",\"urlTemplate\":\"https:\\\/\\\/zapateneo.net\\\/wordpress\\\/?s={search_term_string}\"},\"query-input\":{\"@type\":\"PropertyValueSpecification\",\"valueRequired\":true,\"valueName\":\"search_term_string\"}}],\"inLanguage\":\"es\"},{\"@type\":\"Organization\",\"@id\":\"https:\\\/\\\/zapateneo.net\\\/wordpress\\\/#organization\",\"name\":\"Zapateneo Kultur Elkartea\",\"url\":\"https:\\\/\\\/zapateneo.net\\\/wordpress\\\/\",\"logo\":{\"@type\":\"ImageObject\",\"inLanguage\":\"es\",\"@id\":\"https:\\\/\\\/zapateneo.net\\\/wordpress\\\/#\\\/schema\\\/logo\\\/image\\\/\",\"url\":\"https:\\\/\\\/zapateneo.net\\\/wordpress\\\/wp-content\\\/uploads\\\/2021\\\/04\\\/zap-libu-kolec.jpg\",\"contentUrl\":\"https:\\\/\\\/zapateneo.net\\\/wordpress\\\/wp-content\\\/uploads\\\/2021\\\/04\\\/zap-libu-kolec.jpg\",\"width\":2234,\"height\":398,\"caption\":\"Zapateneo Kultur Elkartea\"},\"image\":{\"@id\":\"https:\\\/\\\/zapateneo.net\\\/wordpress\\\/#\\\/schema\\\/logo\\\/image\\\/\"},\"sameAs\":[\"https:\\\/\\\/x.com\\\/zapateneo\"]}]}<\/script>\n<!-- \/ Yoast SEO plugin. -->","yoast_head_json":{"title":"EL ANTROPOCENO (2\u00aa edici\u00f3n) La expansi\u00f3n del capitalismo global choca con la biosfera &#8212; Zapateneo","robots":{"index":"index","follow":"follow","max-snippet":"max-snippet:-1","max-image-preview":"max-image-preview:large","max-video-preview":"max-video-preview:-1"},"canonical":"https:\/\/zapateneo.net\/wordpress\/index.php\/producto\/el-antropoceno-2a-edicion-la-expansion-del-capitalismo-global-choca-con-la-biosfera\/","og_locale":"es_ES","og_type":"article","og_title":"EL ANTROPOCENO (2\u00aa edici\u00f3n) La expansi\u00f3n del capitalismo global choca con la biosfera &#8212; Zapateneo","og_description":"Ram\u00f3n Fern\u00e1ndez Dur\u00e1n 9788417870157 - VIRUS - 2021 - 160 p\u00e1ginas \/orri.","og_url":"https:\/\/zapateneo.net\/wordpress\/index.php\/producto\/el-antropoceno-2a-edicion-la-expansion-del-capitalismo-global-choca-con-la-biosfera\/","og_site_name":"Zapateneo","article_modified_time":"2022-05-29T16:39:44+00:00","twitter_card":"summary_large_image","twitter_site":"@zapateneo","twitter_misc":{"Tiempo de lectura":"2 minutos"},"schema":{"@context":"https:\/\/schema.org","@graph":[{"@type":"WebPage","@id":"https:\/\/zapateneo.net\/wordpress\/index.php\/producto\/el-antropoceno-2a-edicion-la-expansion-del-capitalismo-global-choca-con-la-biosfera\/","url":"https:\/\/zapateneo.net\/wordpress\/index.php\/producto\/el-antropoceno-2a-edicion-la-expansion-del-capitalismo-global-choca-con-la-biosfera\/","name":"EL ANTROPOCENO (2\u00aa edici\u00f3n) La expansi\u00f3n del capitalismo global choca con la biosfera &#8212; Zapateneo","isPartOf":{"@id":"https:\/\/zapateneo.net\/wordpress\/#website"},"primaryImageOfPage":{"@id":"https:\/\/zapateneo.net\/wordpress\/index.php\/producto\/el-antropoceno-2a-edicion-la-expansion-del-capitalismo-global-choca-con-la-biosfera\/#primaryimage"},"image":{"@id":"https:\/\/zapateneo.net\/wordpress\/index.php\/producto\/el-antropoceno-2a-edicion-la-expansion-del-capitalismo-global-choca-con-la-biosfera\/#primaryimage"},"thumbnailUrl":"https:\/\/zapateneo.net\/wordpress\/wp-content\/uploads\/2022\/05\/9788417870157.jpg","datePublished":"2022-05-29T16:39:36+00:00","dateModified":"2022-05-29T16:39:44+00:00","breadcrumb":{"@id":"https:\/\/zapateneo.net\/wordpress\/index.php\/producto\/el-antropoceno-2a-edicion-la-expansion-del-capitalismo-global-choca-con-la-biosfera\/#breadcrumb"},"inLanguage":"es","potentialAction":[{"@type":"ReadAction","target":["https:\/\/zapateneo.net\/wordpress\/index.php\/producto\/el-antropoceno-2a-edicion-la-expansion-del-capitalismo-global-choca-con-la-biosfera\/"]}]},{"@type":"ImageObject","inLanguage":"es","@id":"https:\/\/zapateneo.net\/wordpress\/index.php\/producto\/el-antropoceno-2a-edicion-la-expansion-del-capitalismo-global-choca-con-la-biosfera\/#primaryimage","url":"https:\/\/zapateneo.net\/wordpress\/wp-content\/uploads\/2022\/05\/9788417870157.jpg","contentUrl":"https:\/\/zapateneo.net\/wordpress\/wp-content\/uploads\/2022\/05\/9788417870157.jpg","width":267,"height":400},{"@type":"BreadcrumbList","@id":"https:\/\/zapateneo.net\/wordpress\/index.php\/producto\/el-antropoceno-2a-edicion-la-expansion-del-capitalismo-global-choca-con-la-biosfera\/#breadcrumb","itemListElement":[{"@type":"ListItem","position":1,"name":"Portada","item":"https:\/\/zapateneo.net\/wordpress\/"},{"@type":"ListItem","position":2,"name":"Tienda","item":"https:\/\/zapateneo.net\/wordpress\/"},{"@type":"ListItem","position":3,"name":"EL ANTROPOCENO (2\u00aa edici\u00f3n) La expansi\u00f3n del capitalismo global choca con la biosfera"}]},{"@type":"WebSite","@id":"https:\/\/zapateneo.net\/wordpress\/#website","url":"https:\/\/zapateneo.net\/wordpress\/","name":"Zapateneo","description":"Zapateneoaren webgunea","publisher":{"@id":"https:\/\/zapateneo.net\/wordpress\/#organization"},"potentialAction":[{"@type":"SearchAction","target":{"@type":"EntryPoint","urlTemplate":"https:\/\/zapateneo.net\/wordpress\/?s={search_term_string}"},"query-input":{"@type":"PropertyValueSpecification","valueRequired":true,"valueName":"search_term_string"}}],"inLanguage":"es"},{"@type":"Organization","@id":"https:\/\/zapateneo.net\/wordpress\/#organization","name":"Zapateneo Kultur Elkartea","url":"https:\/\/zapateneo.net\/wordpress\/","logo":{"@type":"ImageObject","inLanguage":"es","@id":"https:\/\/zapateneo.net\/wordpress\/#\/schema\/logo\/image\/","url":"https:\/\/zapateneo.net\/wordpress\/wp-content\/uploads\/2021\/04\/zap-libu-kolec.jpg","contentUrl":"https:\/\/zapateneo.net\/wordpress\/wp-content\/uploads\/2021\/04\/zap-libu-kolec.jpg","width":2234,"height":398,"caption":"Zapateneo Kultur Elkartea"},"image":{"@id":"https:\/\/zapateneo.net\/wordpress\/#\/schema\/logo\/image\/"},"sameAs":["https:\/\/x.com\/zapateneo"]}]}},"_links":{"self":[{"href":"https:\/\/zapateneo.net\/wordpress\/index.php\/wp-json\/wp\/v2\/product\/11217","targetHints":{"allow":["GET"]}}],"collection":[{"href":"https:\/\/zapateneo.net\/wordpress\/index.php\/wp-json\/wp\/v2\/product"}],"about":[{"href":"https:\/\/zapateneo.net\/wordpress\/index.php\/wp-json\/wp\/v2\/types\/product"}],"wp:featuredmedia":[{"embeddable":true,"href":"https:\/\/zapateneo.net\/wordpress\/index.php\/wp-json\/wp\/v2\/media\/11236"}],"wp:attachment":[{"href":"https:\/\/zapateneo.net\/wordpress\/index.php\/wp-json\/wp\/v2\/media?parent=11217"}],"wp:term":[{"taxonomy":"product_brand","embeddable":true,"href":"https:\/\/zapateneo.net\/wordpress\/index.php\/wp-json\/wp\/v2\/product_brand?post=11217"},{"taxonomy":"product_cat","embeddable":true,"href":"https:\/\/zapateneo.net\/wordpress\/index.php\/wp-json\/wp\/v2\/product_cat?post=11217"},{"taxonomy":"product_tag","embeddable":true,"href":"https:\/\/zapateneo.net\/wordpress\/index.php\/wp-json\/wp\/v2\/product_tag?post=11217"}],"curies":[{"name":"wp","href":"https:\/\/api.w.org\/{rel}","templated":true}]}}