{"id":11216,"date":"2022-05-29T17:39:36","date_gmt":"2022-05-29T16:39:36","guid":{"rendered":"https:\/\/zapateneo.net\/wordpress\/?post_type=product&#038;p=11216"},"modified":"2022-05-29T17:39:44","modified_gmt":"2022-05-29T16:39:44","slug":"la-naturaleza-contra-el-capital-el-ecosocialismo-de-karl-marx","status":"publish","type":"product","link":"https:\/\/zapateneo.net\/wordpress\/index.php\/producto\/la-naturaleza-contra-el-capital-el-ecosocialismo-de-karl-marx\/","title":{"rendered":"LA NATURALEZA CONTRA EL CAPITAL El ecosocialismo de Karl Marx"},"content":{"rendered":"<p>El libro de Saito est\u00e1 marcado por un profundo conocimiento de la teor\u00eda marxista, especialmente el debate sobre el marxismo y la ecolog\u00eda. Saito aporta una nueva fuente importante al debate: los pr\u00f3ximos cuadernos de Marx sobre ecolog\u00eda. Esto da como resultado una nueva interpretaci\u00f3n de Marx, una que es oportuna, dadas las crisis econ\u00f3micas y ecol\u00f3gicas del capitalismo contempor\u00e1neo.<\/p>\n<p>Ya existen importantes estudios sobre aspectos ecol\u00f3gicos en la teor\u00eda de Marx, pero Kohei Saito es el primero en profundizar en los cuadernos de Marx, discutiendo el proceso de investigaci\u00f3n de Marx. Saito no solo tiene un excelente conocimiento de la obra de Marx, tambi\u00e9n se ha ocupado de las fuentes de Marx. Ofrece un viaje emocionante, que muestra cu\u00e1n profundamente las cuestiones ecol\u00f3gicas est\u00e1n conectadas con el proyecto inconcluso de Marx de una \u00abCr\u00edtica de la econom\u00eda pol\u00edtica\u00bb.<\/p>\n<p>Este magn\u00edfico libro muestra el potencial heur\u00edstico de explorar los experimentos intelectuales de Marx en su laboratorio te\u00f3rico, ampl\u00eda nuestra comprensi\u00f3n de su trabajo durante cuatro d\u00e9cadas mucho m\u00e1s all\u00e1 de sus aspectos ecol\u00f3gicos y ofrece comentarios finamente juzgados sobre otras lecturas ecosocialistas de Marx. Como El capital de Marx, este es un libro para estudiar y no solo para leer.<\/p>\n<p>En medio de una crisis clim\u00e1tica sin precedentes este libro intenta examinar las investigaciones de Marx en las ciencias naturales en el contexto de su cr\u00edtica de la econom\u00eda pol\u00edtica. A menudo se ha situado el pensamiento de Karl Marx como un proyecto prometeico, un mundo donde la naturaleza este totalmente dominada por el ser humano, nada m\u00e1s lejos de la realidad. Marx ve en la destrucci\u00f3n del medio ambiente por parte del capital la posibilidad de formar una nueva subjetividad revolucionaria que requiera una transformaci\u00f3n radical del modo de producci\u00f3n para lograr el desarrollo libre y sostenible de los seres humanos. La ecolog\u00eda de Marx, por tanto, no es determinista ni apocal\u00edptica: milita por el reconocimiento de que es estrat\u00e9gicamente fundamental contener el poder del capital, para poder transformar la relaci\u00f3n humanidad-naturaleza de modo que le d\u00e9 una configuraci\u00f3n sostenible.<\/p>\n","protected":false},"excerpt":{"rendered":"<p><strong>Kohei Saito<\/strong><br \/>\n9788418684296 &#8211; Bellaterra &#8211; 2022 &#8211; 400 p\u00e1ginas \/orri.<\/p>\n","protected":false},"featured_media":11235,"template":"","meta":[],"product_brand":[],"product_cat":[178,16],"product_tag":[92,5622],"class_list":{"0":"post-11216","1":"product","2":"type-product","3":"status-publish","4":"has-post-thumbnail","6":"product_cat-ekonomia-economia","7":"product_cat-libros","8":"product_tag-bellaterra","9":"product_tag-kohei-saito","11":"first","12":"instock","13":"sold-individually","14":"shipping-taxable","15":"purchasable","16":"product-type-simple"},"yoast_head":"<!-- This site is optimized with the Yoast SEO plugin v27.3 - https:\/\/yoast.com\/product\/yoast-seo-wordpress\/ -->\n<title>LA NATURALEZA CONTRA EL CAPITAL El ecosocialismo de Karl Marx &#8212; Zapateneo<\/title>\n<meta name=\"robots\" content=\"index, follow, max-snippet:-1, max-image-preview:large, max-video-preview:-1\" \/>\n<link rel=\"canonical\" href=\"https:\/\/zapateneo.net\/wordpress\/index.php\/producto\/la-naturaleza-contra-el-capital-el-ecosocialismo-de-karl-marx\/\" \/>\n<meta property=\"og:locale\" content=\"es_ES\" \/>\n<meta property=\"og:type\" content=\"article\" \/>\n<meta property=\"og:title\" content=\"LA NATURALEZA CONTRA EL CAPITAL El ecosocialismo de Karl Marx &#8212; Zapateneo\" \/>\n<meta property=\"og:description\" content=\"Kohei Saito 9788418684296 - Bellaterra - 2022 - 400 p\u00e1ginas \/orri.\" \/>\n<meta property=\"og:url\" content=\"https:\/\/zapateneo.net\/wordpress\/index.php\/producto\/la-naturaleza-contra-el-capital-el-ecosocialismo-de-karl-marx\/\" \/>\n<meta property=\"og:site_name\" content=\"Zapateneo\" \/>\n<meta property=\"article:modified_time\" content=\"2022-05-29T16:39:44+00:00\" \/>\n<meta name=\"twitter:card\" content=\"summary_large_image\" \/>\n<meta name=\"twitter:site\" content=\"@zapateneo\" \/>\n<meta name=\"twitter:label1\" content=\"Tiempo de lectura\" \/>\n\t<meta name=\"twitter:data1\" content=\"2 minutos\" \/>\n<script type=\"application\/ld+json\" class=\"yoast-schema-graph\">{\"@context\":\"https:\\\/\\\/schema.org\",\"@graph\":[{\"@type\":\"WebPage\",\"@id\":\"https:\\\/\\\/zapateneo.net\\\/wordpress\\\/index.php\\\/producto\\\/la-naturaleza-contra-el-capital-el-ecosocialismo-de-karl-marx\\\/\",\"url\":\"https:\\\/\\\/zapateneo.net\\\/wordpress\\\/index.php\\\/producto\\\/la-naturaleza-contra-el-capital-el-ecosocialismo-de-karl-marx\\\/\",\"name\":\"LA NATURALEZA CONTRA EL CAPITAL El ecosocialismo de Karl Marx &#8212; Zapateneo\",\"isPartOf\":{\"@id\":\"https:\\\/\\\/zapateneo.net\\\/wordpress\\\/#website\"},\"primaryImageOfPage\":{\"@id\":\"https:\\\/\\\/zapateneo.net\\\/wordpress\\\/index.php\\\/producto\\\/la-naturaleza-contra-el-capital-el-ecosocialismo-de-karl-marx\\\/#primaryimage\"},\"image\":{\"@id\":\"https:\\\/\\\/zapateneo.net\\\/wordpress\\\/index.php\\\/producto\\\/la-naturaleza-contra-el-capital-el-ecosocialismo-de-karl-marx\\\/#primaryimage\"},\"thumbnailUrl\":\"https:\\\/\\\/zapateneo.net\\\/wordpress\\\/wp-content\\\/uploads\\\/2022\\\/05\\\/la-naturaleza-contra-el-capital.jpg\",\"datePublished\":\"2022-05-29T16:39:36+00:00\",\"dateModified\":\"2022-05-29T16:39:44+00:00\",\"breadcrumb\":{\"@id\":\"https:\\\/\\\/zapateneo.net\\\/wordpress\\\/index.php\\\/producto\\\/la-naturaleza-contra-el-capital-el-ecosocialismo-de-karl-marx\\\/#breadcrumb\"},\"inLanguage\":\"es\",\"potentialAction\":[{\"@type\":\"ReadAction\",\"target\":[\"https:\\\/\\\/zapateneo.net\\\/wordpress\\\/index.php\\\/producto\\\/la-naturaleza-contra-el-capital-el-ecosocialismo-de-karl-marx\\\/\"]}]},{\"@type\":\"ImageObject\",\"inLanguage\":\"es\",\"@id\":\"https:\\\/\\\/zapateneo.net\\\/wordpress\\\/index.php\\\/producto\\\/la-naturaleza-contra-el-capital-el-ecosocialismo-de-karl-marx\\\/#primaryimage\",\"url\":\"https:\\\/\\\/zapateneo.net\\\/wordpress\\\/wp-content\\\/uploads\\\/2022\\\/05\\\/la-naturaleza-contra-el-capital.jpg\",\"contentUrl\":\"https:\\\/\\\/zapateneo.net\\\/wordpress\\\/wp-content\\\/uploads\\\/2022\\\/05\\\/la-naturaleza-contra-el-capital.jpg\",\"width\":261,\"height\":400},{\"@type\":\"BreadcrumbList\",\"@id\":\"https:\\\/\\\/zapateneo.net\\\/wordpress\\\/index.php\\\/producto\\\/la-naturaleza-contra-el-capital-el-ecosocialismo-de-karl-marx\\\/#breadcrumb\",\"itemListElement\":[{\"@type\":\"ListItem\",\"position\":1,\"name\":\"Portada\",\"item\":\"https:\\\/\\\/zapateneo.net\\\/wordpress\\\/\"},{\"@type\":\"ListItem\",\"position\":2,\"name\":\"Tienda\",\"item\":\"https:\\\/\\\/zapateneo.net\\\/wordpress\\\/\"},{\"@type\":\"ListItem\",\"position\":3,\"name\":\"LA NATURALEZA CONTRA EL CAPITAL El ecosocialismo de Karl Marx\"}]},{\"@type\":\"WebSite\",\"@id\":\"https:\\\/\\\/zapateneo.net\\\/wordpress\\\/#website\",\"url\":\"https:\\\/\\\/zapateneo.net\\\/wordpress\\\/\",\"name\":\"Zapateneo\",\"description\":\"Zapateneoaren webgunea\",\"publisher\":{\"@id\":\"https:\\\/\\\/zapateneo.net\\\/wordpress\\\/#organization\"},\"potentialAction\":[{\"@type\":\"SearchAction\",\"target\":{\"@type\":\"EntryPoint\",\"urlTemplate\":\"https:\\\/\\\/zapateneo.net\\\/wordpress\\\/?s={search_term_string}\"},\"query-input\":{\"@type\":\"PropertyValueSpecification\",\"valueRequired\":true,\"valueName\":\"search_term_string\"}}],\"inLanguage\":\"es\"},{\"@type\":\"Organization\",\"@id\":\"https:\\\/\\\/zapateneo.net\\\/wordpress\\\/#organization\",\"name\":\"Zapateneo Kultur Elkartea\",\"url\":\"https:\\\/\\\/zapateneo.net\\\/wordpress\\\/\",\"logo\":{\"@type\":\"ImageObject\",\"inLanguage\":\"es\",\"@id\":\"https:\\\/\\\/zapateneo.net\\\/wordpress\\\/#\\\/schema\\\/logo\\\/image\\\/\",\"url\":\"https:\\\/\\\/zapateneo.net\\\/wordpress\\\/wp-content\\\/uploads\\\/2021\\\/04\\\/zap-libu-kolec.jpg\",\"contentUrl\":\"https:\\\/\\\/zapateneo.net\\\/wordpress\\\/wp-content\\\/uploads\\\/2021\\\/04\\\/zap-libu-kolec.jpg\",\"width\":2234,\"height\":398,\"caption\":\"Zapateneo Kultur Elkartea\"},\"image\":{\"@id\":\"https:\\\/\\\/zapateneo.net\\\/wordpress\\\/#\\\/schema\\\/logo\\\/image\\\/\"},\"sameAs\":[\"https:\\\/\\\/x.com\\\/zapateneo\"]}]}<\/script>\n<!-- \/ Yoast SEO plugin. -->","yoast_head_json":{"title":"LA NATURALEZA CONTRA EL CAPITAL El ecosocialismo de Karl Marx &#8212; Zapateneo","robots":{"index":"index","follow":"follow","max-snippet":"max-snippet:-1","max-image-preview":"max-image-preview:large","max-video-preview":"max-video-preview:-1"},"canonical":"https:\/\/zapateneo.net\/wordpress\/index.php\/producto\/la-naturaleza-contra-el-capital-el-ecosocialismo-de-karl-marx\/","og_locale":"es_ES","og_type":"article","og_title":"LA NATURALEZA CONTRA EL CAPITAL El ecosocialismo de Karl Marx &#8212; Zapateneo","og_description":"Kohei Saito 9788418684296 - Bellaterra - 2022 - 400 p\u00e1ginas \/orri.","og_url":"https:\/\/zapateneo.net\/wordpress\/index.php\/producto\/la-naturaleza-contra-el-capital-el-ecosocialismo-de-karl-marx\/","og_site_name":"Zapateneo","article_modified_time":"2022-05-29T16:39:44+00:00","twitter_card":"summary_large_image","twitter_site":"@zapateneo","twitter_misc":{"Tiempo de lectura":"2 minutos"},"schema":{"@context":"https:\/\/schema.org","@graph":[{"@type":"WebPage","@id":"https:\/\/zapateneo.net\/wordpress\/index.php\/producto\/la-naturaleza-contra-el-capital-el-ecosocialismo-de-karl-marx\/","url":"https:\/\/zapateneo.net\/wordpress\/index.php\/producto\/la-naturaleza-contra-el-capital-el-ecosocialismo-de-karl-marx\/","name":"LA NATURALEZA CONTRA EL CAPITAL El ecosocialismo de Karl Marx &#8212; Zapateneo","isPartOf":{"@id":"https:\/\/zapateneo.net\/wordpress\/#website"},"primaryImageOfPage":{"@id":"https:\/\/zapateneo.net\/wordpress\/index.php\/producto\/la-naturaleza-contra-el-capital-el-ecosocialismo-de-karl-marx\/#primaryimage"},"image":{"@id":"https:\/\/zapateneo.net\/wordpress\/index.php\/producto\/la-naturaleza-contra-el-capital-el-ecosocialismo-de-karl-marx\/#primaryimage"},"thumbnailUrl":"https:\/\/zapateneo.net\/wordpress\/wp-content\/uploads\/2022\/05\/la-naturaleza-contra-el-capital.jpg","datePublished":"2022-05-29T16:39:36+00:00","dateModified":"2022-05-29T16:39:44+00:00","breadcrumb":{"@id":"https:\/\/zapateneo.net\/wordpress\/index.php\/producto\/la-naturaleza-contra-el-capital-el-ecosocialismo-de-karl-marx\/#breadcrumb"},"inLanguage":"es","potentialAction":[{"@type":"ReadAction","target":["https:\/\/zapateneo.net\/wordpress\/index.php\/producto\/la-naturaleza-contra-el-capital-el-ecosocialismo-de-karl-marx\/"]}]},{"@type":"ImageObject","inLanguage":"es","@id":"https:\/\/zapateneo.net\/wordpress\/index.php\/producto\/la-naturaleza-contra-el-capital-el-ecosocialismo-de-karl-marx\/#primaryimage","url":"https:\/\/zapateneo.net\/wordpress\/wp-content\/uploads\/2022\/05\/la-naturaleza-contra-el-capital.jpg","contentUrl":"https:\/\/zapateneo.net\/wordpress\/wp-content\/uploads\/2022\/05\/la-naturaleza-contra-el-capital.jpg","width":261,"height":400},{"@type":"BreadcrumbList","@id":"https:\/\/zapateneo.net\/wordpress\/index.php\/producto\/la-naturaleza-contra-el-capital-el-ecosocialismo-de-karl-marx\/#breadcrumb","itemListElement":[{"@type":"ListItem","position":1,"name":"Portada","item":"https:\/\/zapateneo.net\/wordpress\/"},{"@type":"ListItem","position":2,"name":"Tienda","item":"https:\/\/zapateneo.net\/wordpress\/"},{"@type":"ListItem","position":3,"name":"LA NATURALEZA CONTRA EL CAPITAL El ecosocialismo de Karl Marx"}]},{"@type":"WebSite","@id":"https:\/\/zapateneo.net\/wordpress\/#website","url":"https:\/\/zapateneo.net\/wordpress\/","name":"Zapateneo","description":"Zapateneoaren webgunea","publisher":{"@id":"https:\/\/zapateneo.net\/wordpress\/#organization"},"potentialAction":[{"@type":"SearchAction","target":{"@type":"EntryPoint","urlTemplate":"https:\/\/zapateneo.net\/wordpress\/?s={search_term_string}"},"query-input":{"@type":"PropertyValueSpecification","valueRequired":true,"valueName":"search_term_string"}}],"inLanguage":"es"},{"@type":"Organization","@id":"https:\/\/zapateneo.net\/wordpress\/#organization","name":"Zapateneo Kultur Elkartea","url":"https:\/\/zapateneo.net\/wordpress\/","logo":{"@type":"ImageObject","inLanguage":"es","@id":"https:\/\/zapateneo.net\/wordpress\/#\/schema\/logo\/image\/","url":"https:\/\/zapateneo.net\/wordpress\/wp-content\/uploads\/2021\/04\/zap-libu-kolec.jpg","contentUrl":"https:\/\/zapateneo.net\/wordpress\/wp-content\/uploads\/2021\/04\/zap-libu-kolec.jpg","width":2234,"height":398,"caption":"Zapateneo Kultur Elkartea"},"image":{"@id":"https:\/\/zapateneo.net\/wordpress\/#\/schema\/logo\/image\/"},"sameAs":["https:\/\/x.com\/zapateneo"]}]}},"_links":{"self":[{"href":"https:\/\/zapateneo.net\/wordpress\/index.php\/wp-json\/wp\/v2\/product\/11216","targetHints":{"allow":["GET"]}}],"collection":[{"href":"https:\/\/zapateneo.net\/wordpress\/index.php\/wp-json\/wp\/v2\/product"}],"about":[{"href":"https:\/\/zapateneo.net\/wordpress\/index.php\/wp-json\/wp\/v2\/types\/product"}],"wp:featuredmedia":[{"embeddable":true,"href":"https:\/\/zapateneo.net\/wordpress\/index.php\/wp-json\/wp\/v2\/media\/11235"}],"wp:attachment":[{"href":"https:\/\/zapateneo.net\/wordpress\/index.php\/wp-json\/wp\/v2\/media?parent=11216"}],"wp:term":[{"taxonomy":"product_brand","embeddable":true,"href":"https:\/\/zapateneo.net\/wordpress\/index.php\/wp-json\/wp\/v2\/product_brand?post=11216"},{"taxonomy":"product_cat","embeddable":true,"href":"https:\/\/zapateneo.net\/wordpress\/index.php\/wp-json\/wp\/v2\/product_cat?post=11216"},{"taxonomy":"product_tag","embeddable":true,"href":"https:\/\/zapateneo.net\/wordpress\/index.php\/wp-json\/wp\/v2\/product_tag?post=11216"}],"curies":[{"name":"wp","href":"https:\/\/api.w.org\/{rel}","templated":true}]}}