{"id":11215,"date":"2022-05-29T17:39:36","date_gmt":"2022-05-29T16:39:36","guid":{"rendered":"https:\/\/zapateneo.net\/wordpress\/?post_type=product&#038;p=11215"},"modified":"2022-05-29T17:39:43","modified_gmt":"2022-05-29T16:39:43","slug":"diez-anos-construyendo-ciudadania-en-movimientos-manifestaciones-y-movimientos-de-protesta","status":"publish","type":"product","link":"https:\/\/zapateneo.net\/wordpress\/index.php\/producto\/diez-anos-construyendo-ciudadania-en-movimientos-manifestaciones-y-movimientos-de-protesta\/","title":{"rendered":"DIEZ A\u00d1OS CONSTRUYENDO CIUDADAN\u00cdA EN MOVIMIENTO(S) Manifestaciones y movimientos de protesta"},"content":{"rendered":"<p>Esta cartograf\u00eda escrita a muchas manos re\u00fane algunos de los procesos colectivos y organizaciones de movimientos sociales que han dado vida a los \u00faltimos diez a\u00f1os de movilizaciones. El 15M es la experiencia pol\u00edtica que articula el di\u00e1logo entre ellas. Recorremos diversas geograf\u00edas para reconstruir las Primaveras \u00c1rabes, las Revueltas en Grecia, las Caravanas de Migrantes en Europa y EEUU, las resistencias globales al extractivismo, el Umbrella Movement de Hong Kong, el Estallido social en Chile y la movilizaci\u00f3n internacional Black Lives Matter. Pero tambi\u00e9n nos sumergimos de lleno en el panorama local: Democracia Real Ya, El Patio Maravillas, el Movimiento Memorialista, la Marea Granate, la Marea Verde, las Kellys, Riders x Derechos, Jornaleras de Huelva en Lucha, las Huelgas Feministas, la Plataforma de Afectadas por la Hipoteca, la Asamblea Transmaricabollo de Sol, las Comisiones de Diversidad Funcional de Acampada Barcelona y Acampada Sol y Yo s\u00ed Sanidad Universal. Tambi\u00e9n saltamos de acera para analizar a la extrema derecha espa\u00f1ola \u2013un ejercicio imprescindible para la batalla cultural contra todas las formas de intolerancia en las que se concreta. Participan los diferentes autores y autoras: Donatella Della Porta, Jos\u00e9 Abu-Tarbush, Theodoros Karyotis, Fernando Mendiola, Eduardo Romanos, Ana L\u00f3pez-Sala, Llu\u00eds Parcerisa, Jordi Collet, Francisco Fern\u00e1ndez-Trujillo, Pilar Garc\u00eda Navarro, In\u00e9s Guti\u00e9rrez Cueli, Antonio \u00c1lvarez-Benavides, Felipe Gonz\u00e1lez Santos, Montserrat Emperador Badimon, Gracia Trujillo, Annika Steindl, Amarela Varela-Huerta, Enara Echart Mu\u00f1oz, Mar\u00eda del Carmen Villareal Villamar, Assumpci\u00f3 Pi\u00e9 Balaguer, Miriam Arenas Conejo, Miguel A. Mart\u00ednez, Felipe Aranda Mera, Ahsley Cole, Irene Rodr\u00edguez Newey y Marta P\u00e9rez<\/p>\n","protected":false},"excerpt":{"rendered":"<p><strong>vvaa<\/strong><br \/>\n9788418684302 &#8211; Bellaterra &#8211; 2021 &#8211; 250 p\u00e1ginas \/orri.<\/p>\n","protected":false},"featured_media":11234,"template":"","meta":[],"product_brand":[],"product_cat":[177,16],"product_tag":[92],"class_list":{"0":"post-11215","1":"product","2":"type-product","3":"status-publish","4":"has-post-thumbnail","6":"product_cat-gizarte-mugimenduak-movimientos-sociales","7":"product_cat-libros","8":"product_tag-bellaterra","10":"first","11":"instock","12":"sold-individually","13":"shipping-taxable","14":"purchasable","15":"product-type-simple"},"yoast_head":"<!-- This site is optimized with the Yoast SEO plugin v27.3 - https:\/\/yoast.com\/product\/yoast-seo-wordpress\/ -->\n<title>DIEZ A\u00d1OS CONSTRUYENDO CIUDADAN\u00cdA EN MOVIMIENTO(S) Manifestaciones y movimientos de protesta &#8212; Zapateneo<\/title>\n<meta name=\"robots\" content=\"index, follow, max-snippet:-1, max-image-preview:large, max-video-preview:-1\" \/>\n<link rel=\"canonical\" href=\"https:\/\/zapateneo.net\/wordpress\/index.php\/producto\/diez-anos-construyendo-ciudadania-en-movimientos-manifestaciones-y-movimientos-de-protesta\/\" \/>\n<meta property=\"og:locale\" content=\"es_ES\" \/>\n<meta property=\"og:type\" content=\"article\" \/>\n<meta property=\"og:title\" content=\"DIEZ A\u00d1OS CONSTRUYENDO CIUDADAN\u00cdA EN MOVIMIENTO(S) Manifestaciones y movimientos de protesta &#8212; Zapateneo\" \/>\n<meta property=\"og:description\" content=\"vvaa 9788418684302 - Bellaterra - 2021 - 250 p\u00e1ginas \/orri.\" \/>\n<meta property=\"og:url\" content=\"https:\/\/zapateneo.net\/wordpress\/index.php\/producto\/diez-anos-construyendo-ciudadania-en-movimientos-manifestaciones-y-movimientos-de-protesta\/\" \/>\n<meta property=\"og:site_name\" content=\"Zapateneo\" \/>\n<meta property=\"article:modified_time\" content=\"2022-05-29T16:39:43+00:00\" \/>\n<meta name=\"twitter:card\" content=\"summary_large_image\" \/>\n<meta name=\"twitter:site\" content=\"@zapateneo\" \/>\n<meta name=\"twitter:label1\" content=\"Tiempo de lectura\" \/>\n\t<meta name=\"twitter:data1\" content=\"1 minuto\" \/>\n<script type=\"application\/ld+json\" class=\"yoast-schema-graph\">{\"@context\":\"https:\\\/\\\/schema.org\",\"@graph\":[{\"@type\":\"WebPage\",\"@id\":\"https:\\\/\\\/zapateneo.net\\\/wordpress\\\/index.php\\\/producto\\\/diez-anos-construyendo-ciudadania-en-movimientos-manifestaciones-y-movimientos-de-protesta\\\/\",\"url\":\"https:\\\/\\\/zapateneo.net\\\/wordpress\\\/index.php\\\/producto\\\/diez-anos-construyendo-ciudadania-en-movimientos-manifestaciones-y-movimientos-de-protesta\\\/\",\"name\":\"DIEZ A\u00d1OS CONSTRUYENDO CIUDADAN\u00cdA EN MOVIMIENTO(S) Manifestaciones y movimientos de protesta &#8212; Zapateneo\",\"isPartOf\":{\"@id\":\"https:\\\/\\\/zapateneo.net\\\/wordpress\\\/#website\"},\"primaryImageOfPage\":{\"@id\":\"https:\\\/\\\/zapateneo.net\\\/wordpress\\\/index.php\\\/producto\\\/diez-anos-construyendo-ciudadania-en-movimientos-manifestaciones-y-movimientos-de-protesta\\\/#primaryimage\"},\"image\":{\"@id\":\"https:\\\/\\\/zapateneo.net\\\/wordpress\\\/index.php\\\/producto\\\/diez-anos-construyendo-ciudadania-en-movimientos-manifestaciones-y-movimientos-de-protesta\\\/#primaryimage\"},\"thumbnailUrl\":\"https:\\\/\\\/zapateneo.net\\\/wordpress\\\/wp-content\\\/uploads\\\/2022\\\/05\\\/diez-anos-construyendo-ciudadania.png\",\"datePublished\":\"2022-05-29T16:39:36+00:00\",\"dateModified\":\"2022-05-29T16:39:43+00:00\",\"breadcrumb\":{\"@id\":\"https:\\\/\\\/zapateneo.net\\\/wordpress\\\/index.php\\\/producto\\\/diez-anos-construyendo-ciudadania-en-movimientos-manifestaciones-y-movimientos-de-protesta\\\/#breadcrumb\"},\"inLanguage\":\"es\",\"potentialAction\":[{\"@type\":\"ReadAction\",\"target\":[\"https:\\\/\\\/zapateneo.net\\\/wordpress\\\/index.php\\\/producto\\\/diez-anos-construyendo-ciudadania-en-movimientos-manifestaciones-y-movimientos-de-protesta\\\/\"]}]},{\"@type\":\"ImageObject\",\"inLanguage\":\"es\",\"@id\":\"https:\\\/\\\/zapateneo.net\\\/wordpress\\\/index.php\\\/producto\\\/diez-anos-construyendo-ciudadania-en-movimientos-manifestaciones-y-movimientos-de-protesta\\\/#primaryimage\",\"url\":\"https:\\\/\\\/zapateneo.net\\\/wordpress\\\/wp-content\\\/uploads\\\/2022\\\/05\\\/diez-anos-construyendo-ciudadania.png\",\"contentUrl\":\"https:\\\/\\\/zapateneo.net\\\/wordpress\\\/wp-content\\\/uploads\\\/2022\\\/05\\\/diez-anos-construyendo-ciudadania.png\",\"width\":253,\"height\":400},{\"@type\":\"BreadcrumbList\",\"@id\":\"https:\\\/\\\/zapateneo.net\\\/wordpress\\\/index.php\\\/producto\\\/diez-anos-construyendo-ciudadania-en-movimientos-manifestaciones-y-movimientos-de-protesta\\\/#breadcrumb\",\"itemListElement\":[{\"@type\":\"ListItem\",\"position\":1,\"name\":\"Portada\",\"item\":\"https:\\\/\\\/zapateneo.net\\\/wordpress\\\/\"},{\"@type\":\"ListItem\",\"position\":2,\"name\":\"Tienda\",\"item\":\"https:\\\/\\\/zapateneo.net\\\/wordpress\\\/\"},{\"@type\":\"ListItem\",\"position\":3,\"name\":\"DIEZ A\u00d1OS CONSTRUYENDO CIUDADAN\u00cdA EN MOVIMIENTO(S) Manifestaciones y movimientos de protesta\"}]},{\"@type\":\"WebSite\",\"@id\":\"https:\\\/\\\/zapateneo.net\\\/wordpress\\\/#website\",\"url\":\"https:\\\/\\\/zapateneo.net\\\/wordpress\\\/\",\"name\":\"Zapateneo\",\"description\":\"Zapateneoaren webgunea\",\"publisher\":{\"@id\":\"https:\\\/\\\/zapateneo.net\\\/wordpress\\\/#organization\"},\"potentialAction\":[{\"@type\":\"SearchAction\",\"target\":{\"@type\":\"EntryPoint\",\"urlTemplate\":\"https:\\\/\\\/zapateneo.net\\\/wordpress\\\/?s={search_term_string}\"},\"query-input\":{\"@type\":\"PropertyValueSpecification\",\"valueRequired\":true,\"valueName\":\"search_term_string\"}}],\"inLanguage\":\"es\"},{\"@type\":\"Organization\",\"@id\":\"https:\\\/\\\/zapateneo.net\\\/wordpress\\\/#organization\",\"name\":\"Zapateneo Kultur Elkartea\",\"url\":\"https:\\\/\\\/zapateneo.net\\\/wordpress\\\/\",\"logo\":{\"@type\":\"ImageObject\",\"inLanguage\":\"es\",\"@id\":\"https:\\\/\\\/zapateneo.net\\\/wordpress\\\/#\\\/schema\\\/logo\\\/image\\\/\",\"url\":\"https:\\\/\\\/zapateneo.net\\\/wordpress\\\/wp-content\\\/uploads\\\/2021\\\/04\\\/zap-libu-kolec.jpg\",\"contentUrl\":\"https:\\\/\\\/zapateneo.net\\\/wordpress\\\/wp-content\\\/uploads\\\/2021\\\/04\\\/zap-libu-kolec.jpg\",\"width\":2234,\"height\":398,\"caption\":\"Zapateneo Kultur Elkartea\"},\"image\":{\"@id\":\"https:\\\/\\\/zapateneo.net\\\/wordpress\\\/#\\\/schema\\\/logo\\\/image\\\/\"},\"sameAs\":[\"https:\\\/\\\/x.com\\\/zapateneo\"]}]}<\/script>\n<!-- \/ Yoast SEO plugin. -->","yoast_head_json":{"title":"DIEZ A\u00d1OS CONSTRUYENDO CIUDADAN\u00cdA EN MOVIMIENTO(S) Manifestaciones y movimientos de protesta &#8212; Zapateneo","robots":{"index":"index","follow":"follow","max-snippet":"max-snippet:-1","max-image-preview":"max-image-preview:large","max-video-preview":"max-video-preview:-1"},"canonical":"https:\/\/zapateneo.net\/wordpress\/index.php\/producto\/diez-anos-construyendo-ciudadania-en-movimientos-manifestaciones-y-movimientos-de-protesta\/","og_locale":"es_ES","og_type":"article","og_title":"DIEZ A\u00d1OS CONSTRUYENDO CIUDADAN\u00cdA EN MOVIMIENTO(S) Manifestaciones y movimientos de protesta &#8212; Zapateneo","og_description":"vvaa 9788418684302 - Bellaterra - 2021 - 250 p\u00e1ginas \/orri.","og_url":"https:\/\/zapateneo.net\/wordpress\/index.php\/producto\/diez-anos-construyendo-ciudadania-en-movimientos-manifestaciones-y-movimientos-de-protesta\/","og_site_name":"Zapateneo","article_modified_time":"2022-05-29T16:39:43+00:00","twitter_card":"summary_large_image","twitter_site":"@zapateneo","twitter_misc":{"Tiempo de lectura":"1 minuto"},"schema":{"@context":"https:\/\/schema.org","@graph":[{"@type":"WebPage","@id":"https:\/\/zapateneo.net\/wordpress\/index.php\/producto\/diez-anos-construyendo-ciudadania-en-movimientos-manifestaciones-y-movimientos-de-protesta\/","url":"https:\/\/zapateneo.net\/wordpress\/index.php\/producto\/diez-anos-construyendo-ciudadania-en-movimientos-manifestaciones-y-movimientos-de-protesta\/","name":"DIEZ A\u00d1OS CONSTRUYENDO CIUDADAN\u00cdA EN MOVIMIENTO(S) Manifestaciones y movimientos de protesta &#8212; Zapateneo","isPartOf":{"@id":"https:\/\/zapateneo.net\/wordpress\/#website"},"primaryImageOfPage":{"@id":"https:\/\/zapateneo.net\/wordpress\/index.php\/producto\/diez-anos-construyendo-ciudadania-en-movimientos-manifestaciones-y-movimientos-de-protesta\/#primaryimage"},"image":{"@id":"https:\/\/zapateneo.net\/wordpress\/index.php\/producto\/diez-anos-construyendo-ciudadania-en-movimientos-manifestaciones-y-movimientos-de-protesta\/#primaryimage"},"thumbnailUrl":"https:\/\/zapateneo.net\/wordpress\/wp-content\/uploads\/2022\/05\/diez-anos-construyendo-ciudadania.png","datePublished":"2022-05-29T16:39:36+00:00","dateModified":"2022-05-29T16:39:43+00:00","breadcrumb":{"@id":"https:\/\/zapateneo.net\/wordpress\/index.php\/producto\/diez-anos-construyendo-ciudadania-en-movimientos-manifestaciones-y-movimientos-de-protesta\/#breadcrumb"},"inLanguage":"es","potentialAction":[{"@type":"ReadAction","target":["https:\/\/zapateneo.net\/wordpress\/index.php\/producto\/diez-anos-construyendo-ciudadania-en-movimientos-manifestaciones-y-movimientos-de-protesta\/"]}]},{"@type":"ImageObject","inLanguage":"es","@id":"https:\/\/zapateneo.net\/wordpress\/index.php\/producto\/diez-anos-construyendo-ciudadania-en-movimientos-manifestaciones-y-movimientos-de-protesta\/#primaryimage","url":"https:\/\/zapateneo.net\/wordpress\/wp-content\/uploads\/2022\/05\/diez-anos-construyendo-ciudadania.png","contentUrl":"https:\/\/zapateneo.net\/wordpress\/wp-content\/uploads\/2022\/05\/diez-anos-construyendo-ciudadania.png","width":253,"height":400},{"@type":"BreadcrumbList","@id":"https:\/\/zapateneo.net\/wordpress\/index.php\/producto\/diez-anos-construyendo-ciudadania-en-movimientos-manifestaciones-y-movimientos-de-protesta\/#breadcrumb","itemListElement":[{"@type":"ListItem","position":1,"name":"Portada","item":"https:\/\/zapateneo.net\/wordpress\/"},{"@type":"ListItem","position":2,"name":"Tienda","item":"https:\/\/zapateneo.net\/wordpress\/"},{"@type":"ListItem","position":3,"name":"DIEZ A\u00d1OS CONSTRUYENDO CIUDADAN\u00cdA EN MOVIMIENTO(S) Manifestaciones y movimientos de protesta"}]},{"@type":"WebSite","@id":"https:\/\/zapateneo.net\/wordpress\/#website","url":"https:\/\/zapateneo.net\/wordpress\/","name":"Zapateneo","description":"Zapateneoaren webgunea","publisher":{"@id":"https:\/\/zapateneo.net\/wordpress\/#organization"},"potentialAction":[{"@type":"SearchAction","target":{"@type":"EntryPoint","urlTemplate":"https:\/\/zapateneo.net\/wordpress\/?s={search_term_string}"},"query-input":{"@type":"PropertyValueSpecification","valueRequired":true,"valueName":"search_term_string"}}],"inLanguage":"es"},{"@type":"Organization","@id":"https:\/\/zapateneo.net\/wordpress\/#organization","name":"Zapateneo Kultur Elkartea","url":"https:\/\/zapateneo.net\/wordpress\/","logo":{"@type":"ImageObject","inLanguage":"es","@id":"https:\/\/zapateneo.net\/wordpress\/#\/schema\/logo\/image\/","url":"https:\/\/zapateneo.net\/wordpress\/wp-content\/uploads\/2021\/04\/zap-libu-kolec.jpg","contentUrl":"https:\/\/zapateneo.net\/wordpress\/wp-content\/uploads\/2021\/04\/zap-libu-kolec.jpg","width":2234,"height":398,"caption":"Zapateneo Kultur Elkartea"},"image":{"@id":"https:\/\/zapateneo.net\/wordpress\/#\/schema\/logo\/image\/"},"sameAs":["https:\/\/x.com\/zapateneo"]}]}},"_links":{"self":[{"href":"https:\/\/zapateneo.net\/wordpress\/index.php\/wp-json\/wp\/v2\/product\/11215","targetHints":{"allow":["GET"]}}],"collection":[{"href":"https:\/\/zapateneo.net\/wordpress\/index.php\/wp-json\/wp\/v2\/product"}],"about":[{"href":"https:\/\/zapateneo.net\/wordpress\/index.php\/wp-json\/wp\/v2\/types\/product"}],"wp:featuredmedia":[{"embeddable":true,"href":"https:\/\/zapateneo.net\/wordpress\/index.php\/wp-json\/wp\/v2\/media\/11234"}],"wp:attachment":[{"href":"https:\/\/zapateneo.net\/wordpress\/index.php\/wp-json\/wp\/v2\/media?parent=11215"}],"wp:term":[{"taxonomy":"product_brand","embeddable":true,"href":"https:\/\/zapateneo.net\/wordpress\/index.php\/wp-json\/wp\/v2\/product_brand?post=11215"},{"taxonomy":"product_cat","embeddable":true,"href":"https:\/\/zapateneo.net\/wordpress\/index.php\/wp-json\/wp\/v2\/product_cat?post=11215"},{"taxonomy":"product_tag","embeddable":true,"href":"https:\/\/zapateneo.net\/wordpress\/index.php\/wp-json\/wp\/v2\/product_tag?post=11215"}],"curies":[{"name":"wp","href":"https:\/\/api.w.org\/{rel}","templated":true}]}}