{"id":11214,"date":"2022-05-29T17:39:36","date_gmt":"2022-05-29T16:39:36","guid":{"rendered":"https:\/\/zapateneo.net\/wordpress\/?post_type=product&#038;p=11214"},"modified":"2022-05-29T17:39:42","modified_gmt":"2022-05-29T16:39:42","slug":"el-deseo-de-cambiar-hombres-masculinidad-y-amor","status":"publish","type":"product","link":"https:\/\/zapateneo.net\/wordpress\/index.php\/producto\/el-deseo-de-cambiar-hombres-masculinidad-y-amor\/","title":{"rendered":"EL DESEO DE CAMBIAR Hombres, masculinidad y amor"},"content":{"rendered":"<p>No es cierto que los hombres no est\u00e9n dispuestos a cambiar. Es cierto que muchos hombres tienen miedo de cambiar. Es cierto que much\u00edsimos hombres ni siquiera han comenzado a observar c\u00f3mo el patriarcado les impide conocerse a s\u00ed mismos, estar en contacto con sus sentimientos, amar. Para conocer el amor, los hombres deben ser capaces de abandonar el deseo de dominar. Deben poder elegir la vida sobre la muerte. Deben estar dispuestos a cambiar.<\/p>\n<p>Todo el mundo necesita amar y ser amado, incluso los hombres. Pero para conocer el amor, los hombres deben poder ver las formas en que la cultura patriarcal les impide conocerse a s\u00ed mismos, estar en contacto con sus sentimientos, amar.<\/p>\n<p>En El deseo de cambiar, bell hooks llega al meollo del asunto y muestra a los hombres c\u00f3mo expresar las emociones, una parte fundamental de quien son, independientemente de su edad, estado civil, etnia u orientaci\u00f3n sexual. La masculinidad castiga estas emociones fundamentales, y est\u00e1 tan profundamente arraigada en nuestra sociedad que es dif\u00edcil para los hombres romper con ella. Hooks quiere ayudar a cambiar esto.<\/p>\n<p>Con franqueza y una inteligencia feroz, hooks aborda las preocupaciones m\u00e1s comunes de los hombres: el miedo a la intimidad y la p\u00e9rdida de su lugar en la sociedad. Cree firmemente que los hombres pueden encontrar el camino a la unidad entre cuerpo y esp\u00edritu volviendo a estar en contacto con la parte abiertamente emocional de s\u00ed mismos y reivindicando las gratificantes vidas interiores que hist\u00f3ricamente han sido dominio exclusivo de las mujeres.<\/p>\n<p>El deseo de cambiar es una obra valiente y sorprendente, pensada para ayudar a los hombres a recuperar lo mejor de s\u00ed mismos.<\/p>\n","protected":false},"excerpt":{"rendered":"<p><strong>bell hooks<\/strong><br \/>\n9788418684401 &#8211; Bellaterra &#8211; 2021 &#8211; 180 p\u00e1ginas \/orri.<\/p>\n","protected":false},"featured_media":11233,"template":"","meta":[],"product_brand":[],"product_cat":[174,16],"product_tag":[4369,92],"class_list":{"0":"post-11214","1":"product","2":"type-product","3":"status-publish","4":"has-post-thumbnail","6":"product_cat-generoak-generos","7":"product_cat-libros","8":"product_tag-bell-hooks","9":"product_tag-bellaterra","11":"first","12":"instock","13":"sold-individually","14":"shipping-taxable","15":"purchasable","16":"product-type-simple"},"yoast_head":"<!-- This site is optimized with the Yoast SEO plugin v27.3 - https:\/\/yoast.com\/product\/yoast-seo-wordpress\/ -->\n<title>EL DESEO DE CAMBIAR Hombres, masculinidad y amor &#8212; Zapateneo<\/title>\n<meta name=\"robots\" content=\"index, follow, max-snippet:-1, max-image-preview:large, max-video-preview:-1\" \/>\n<link rel=\"canonical\" href=\"https:\/\/zapateneo.net\/wordpress\/index.php\/producto\/el-deseo-de-cambiar-hombres-masculinidad-y-amor\/\" \/>\n<meta property=\"og:locale\" content=\"es_ES\" \/>\n<meta property=\"og:type\" content=\"article\" \/>\n<meta property=\"og:title\" content=\"EL DESEO DE CAMBIAR Hombres, masculinidad y amor &#8212; Zapateneo\" \/>\n<meta property=\"og:description\" content=\"bell hooks 9788418684401 - Bellaterra - 2021 - 180 p\u00e1ginas \/orri.\" \/>\n<meta property=\"og:url\" content=\"https:\/\/zapateneo.net\/wordpress\/index.php\/producto\/el-deseo-de-cambiar-hombres-masculinidad-y-amor\/\" \/>\n<meta property=\"og:site_name\" content=\"Zapateneo\" \/>\n<meta property=\"article:modified_time\" content=\"2022-05-29T16:39:42+00:00\" \/>\n<meta name=\"twitter:card\" content=\"summary_large_image\" \/>\n<meta name=\"twitter:site\" content=\"@zapateneo\" \/>\n<meta name=\"twitter:label1\" content=\"Tiempo de lectura\" \/>\n\t<meta name=\"twitter:data1\" content=\"1 minuto\" \/>\n<script type=\"application\/ld+json\" class=\"yoast-schema-graph\">{\"@context\":\"https:\\\/\\\/schema.org\",\"@graph\":[{\"@type\":\"WebPage\",\"@id\":\"https:\\\/\\\/zapateneo.net\\\/wordpress\\\/index.php\\\/producto\\\/el-deseo-de-cambiar-hombres-masculinidad-y-amor\\\/\",\"url\":\"https:\\\/\\\/zapateneo.net\\\/wordpress\\\/index.php\\\/producto\\\/el-deseo-de-cambiar-hombres-masculinidad-y-amor\\\/\",\"name\":\"EL DESEO DE CAMBIAR Hombres, masculinidad y amor &#8212; Zapateneo\",\"isPartOf\":{\"@id\":\"https:\\\/\\\/zapateneo.net\\\/wordpress\\\/#website\"},\"primaryImageOfPage\":{\"@id\":\"https:\\\/\\\/zapateneo.net\\\/wordpress\\\/index.php\\\/producto\\\/el-deseo-de-cambiar-hombres-masculinidad-y-amor\\\/#primaryimage\"},\"image\":{\"@id\":\"https:\\\/\\\/zapateneo.net\\\/wordpress\\\/index.php\\\/producto\\\/el-deseo-de-cambiar-hombres-masculinidad-y-amor\\\/#primaryimage\"},\"thumbnailUrl\":\"https:\\\/\\\/zapateneo.net\\\/wordpress\\\/wp-content\\\/uploads\\\/2022\\\/05\\\/el-deseo-de-cambiar.jpg\",\"datePublished\":\"2022-05-29T16:39:36+00:00\",\"dateModified\":\"2022-05-29T16:39:42+00:00\",\"breadcrumb\":{\"@id\":\"https:\\\/\\\/zapateneo.net\\\/wordpress\\\/index.php\\\/producto\\\/el-deseo-de-cambiar-hombres-masculinidad-y-amor\\\/#breadcrumb\"},\"inLanguage\":\"es\",\"potentialAction\":[{\"@type\":\"ReadAction\",\"target\":[\"https:\\\/\\\/zapateneo.net\\\/wordpress\\\/index.php\\\/producto\\\/el-deseo-de-cambiar-hombres-masculinidad-y-amor\\\/\"]}]},{\"@type\":\"ImageObject\",\"inLanguage\":\"es\",\"@id\":\"https:\\\/\\\/zapateneo.net\\\/wordpress\\\/index.php\\\/producto\\\/el-deseo-de-cambiar-hombres-masculinidad-y-amor\\\/#primaryimage\",\"url\":\"https:\\\/\\\/zapateneo.net\\\/wordpress\\\/wp-content\\\/uploads\\\/2022\\\/05\\\/el-deseo-de-cambiar.jpg\",\"contentUrl\":\"https:\\\/\\\/zapateneo.net\\\/wordpress\\\/wp-content\\\/uploads\\\/2022\\\/05\\\/el-deseo-de-cambiar.jpg\",\"width\":261,\"height\":400},{\"@type\":\"BreadcrumbList\",\"@id\":\"https:\\\/\\\/zapateneo.net\\\/wordpress\\\/index.php\\\/producto\\\/el-deseo-de-cambiar-hombres-masculinidad-y-amor\\\/#breadcrumb\",\"itemListElement\":[{\"@type\":\"ListItem\",\"position\":1,\"name\":\"Portada\",\"item\":\"https:\\\/\\\/zapateneo.net\\\/wordpress\\\/\"},{\"@type\":\"ListItem\",\"position\":2,\"name\":\"Tienda\",\"item\":\"https:\\\/\\\/zapateneo.net\\\/wordpress\\\/\"},{\"@type\":\"ListItem\",\"position\":3,\"name\":\"EL DESEO DE CAMBIAR Hombres, masculinidad y amor\"}]},{\"@type\":\"WebSite\",\"@id\":\"https:\\\/\\\/zapateneo.net\\\/wordpress\\\/#website\",\"url\":\"https:\\\/\\\/zapateneo.net\\\/wordpress\\\/\",\"name\":\"Zapateneo\",\"description\":\"Zapateneoaren webgunea\",\"publisher\":{\"@id\":\"https:\\\/\\\/zapateneo.net\\\/wordpress\\\/#organization\"},\"potentialAction\":[{\"@type\":\"SearchAction\",\"target\":{\"@type\":\"EntryPoint\",\"urlTemplate\":\"https:\\\/\\\/zapateneo.net\\\/wordpress\\\/?s={search_term_string}\"},\"query-input\":{\"@type\":\"PropertyValueSpecification\",\"valueRequired\":true,\"valueName\":\"search_term_string\"}}],\"inLanguage\":\"es\"},{\"@type\":\"Organization\",\"@id\":\"https:\\\/\\\/zapateneo.net\\\/wordpress\\\/#organization\",\"name\":\"Zapateneo Kultur Elkartea\",\"url\":\"https:\\\/\\\/zapateneo.net\\\/wordpress\\\/\",\"logo\":{\"@type\":\"ImageObject\",\"inLanguage\":\"es\",\"@id\":\"https:\\\/\\\/zapateneo.net\\\/wordpress\\\/#\\\/schema\\\/logo\\\/image\\\/\",\"url\":\"https:\\\/\\\/zapateneo.net\\\/wordpress\\\/wp-content\\\/uploads\\\/2021\\\/04\\\/zap-libu-kolec.jpg\",\"contentUrl\":\"https:\\\/\\\/zapateneo.net\\\/wordpress\\\/wp-content\\\/uploads\\\/2021\\\/04\\\/zap-libu-kolec.jpg\",\"width\":2234,\"height\":398,\"caption\":\"Zapateneo Kultur Elkartea\"},\"image\":{\"@id\":\"https:\\\/\\\/zapateneo.net\\\/wordpress\\\/#\\\/schema\\\/logo\\\/image\\\/\"},\"sameAs\":[\"https:\\\/\\\/x.com\\\/zapateneo\"]}]}<\/script>\n<!-- \/ Yoast SEO plugin. -->","yoast_head_json":{"title":"EL DESEO DE CAMBIAR Hombres, masculinidad y amor &#8212; Zapateneo","robots":{"index":"index","follow":"follow","max-snippet":"max-snippet:-1","max-image-preview":"max-image-preview:large","max-video-preview":"max-video-preview:-1"},"canonical":"https:\/\/zapateneo.net\/wordpress\/index.php\/producto\/el-deseo-de-cambiar-hombres-masculinidad-y-amor\/","og_locale":"es_ES","og_type":"article","og_title":"EL DESEO DE CAMBIAR Hombres, masculinidad y amor &#8212; Zapateneo","og_description":"bell hooks 9788418684401 - Bellaterra - 2021 - 180 p\u00e1ginas \/orri.","og_url":"https:\/\/zapateneo.net\/wordpress\/index.php\/producto\/el-deseo-de-cambiar-hombres-masculinidad-y-amor\/","og_site_name":"Zapateneo","article_modified_time":"2022-05-29T16:39:42+00:00","twitter_card":"summary_large_image","twitter_site":"@zapateneo","twitter_misc":{"Tiempo de lectura":"1 minuto"},"schema":{"@context":"https:\/\/schema.org","@graph":[{"@type":"WebPage","@id":"https:\/\/zapateneo.net\/wordpress\/index.php\/producto\/el-deseo-de-cambiar-hombres-masculinidad-y-amor\/","url":"https:\/\/zapateneo.net\/wordpress\/index.php\/producto\/el-deseo-de-cambiar-hombres-masculinidad-y-amor\/","name":"EL DESEO DE CAMBIAR Hombres, masculinidad y amor &#8212; Zapateneo","isPartOf":{"@id":"https:\/\/zapateneo.net\/wordpress\/#website"},"primaryImageOfPage":{"@id":"https:\/\/zapateneo.net\/wordpress\/index.php\/producto\/el-deseo-de-cambiar-hombres-masculinidad-y-amor\/#primaryimage"},"image":{"@id":"https:\/\/zapateneo.net\/wordpress\/index.php\/producto\/el-deseo-de-cambiar-hombres-masculinidad-y-amor\/#primaryimage"},"thumbnailUrl":"https:\/\/zapateneo.net\/wordpress\/wp-content\/uploads\/2022\/05\/el-deseo-de-cambiar.jpg","datePublished":"2022-05-29T16:39:36+00:00","dateModified":"2022-05-29T16:39:42+00:00","breadcrumb":{"@id":"https:\/\/zapateneo.net\/wordpress\/index.php\/producto\/el-deseo-de-cambiar-hombres-masculinidad-y-amor\/#breadcrumb"},"inLanguage":"es","potentialAction":[{"@type":"ReadAction","target":["https:\/\/zapateneo.net\/wordpress\/index.php\/producto\/el-deseo-de-cambiar-hombres-masculinidad-y-amor\/"]}]},{"@type":"ImageObject","inLanguage":"es","@id":"https:\/\/zapateneo.net\/wordpress\/index.php\/producto\/el-deseo-de-cambiar-hombres-masculinidad-y-amor\/#primaryimage","url":"https:\/\/zapateneo.net\/wordpress\/wp-content\/uploads\/2022\/05\/el-deseo-de-cambiar.jpg","contentUrl":"https:\/\/zapateneo.net\/wordpress\/wp-content\/uploads\/2022\/05\/el-deseo-de-cambiar.jpg","width":261,"height":400},{"@type":"BreadcrumbList","@id":"https:\/\/zapateneo.net\/wordpress\/index.php\/producto\/el-deseo-de-cambiar-hombres-masculinidad-y-amor\/#breadcrumb","itemListElement":[{"@type":"ListItem","position":1,"name":"Portada","item":"https:\/\/zapateneo.net\/wordpress\/"},{"@type":"ListItem","position":2,"name":"Tienda","item":"https:\/\/zapateneo.net\/wordpress\/"},{"@type":"ListItem","position":3,"name":"EL DESEO DE CAMBIAR Hombres, masculinidad y amor"}]},{"@type":"WebSite","@id":"https:\/\/zapateneo.net\/wordpress\/#website","url":"https:\/\/zapateneo.net\/wordpress\/","name":"Zapateneo","description":"Zapateneoaren webgunea","publisher":{"@id":"https:\/\/zapateneo.net\/wordpress\/#organization"},"potentialAction":[{"@type":"SearchAction","target":{"@type":"EntryPoint","urlTemplate":"https:\/\/zapateneo.net\/wordpress\/?s={search_term_string}"},"query-input":{"@type":"PropertyValueSpecification","valueRequired":true,"valueName":"search_term_string"}}],"inLanguage":"es"},{"@type":"Organization","@id":"https:\/\/zapateneo.net\/wordpress\/#organization","name":"Zapateneo Kultur Elkartea","url":"https:\/\/zapateneo.net\/wordpress\/","logo":{"@type":"ImageObject","inLanguage":"es","@id":"https:\/\/zapateneo.net\/wordpress\/#\/schema\/logo\/image\/","url":"https:\/\/zapateneo.net\/wordpress\/wp-content\/uploads\/2021\/04\/zap-libu-kolec.jpg","contentUrl":"https:\/\/zapateneo.net\/wordpress\/wp-content\/uploads\/2021\/04\/zap-libu-kolec.jpg","width":2234,"height":398,"caption":"Zapateneo Kultur Elkartea"},"image":{"@id":"https:\/\/zapateneo.net\/wordpress\/#\/schema\/logo\/image\/"},"sameAs":["https:\/\/x.com\/zapateneo"]}]}},"_links":{"self":[{"href":"https:\/\/zapateneo.net\/wordpress\/index.php\/wp-json\/wp\/v2\/product\/11214","targetHints":{"allow":["GET"]}}],"collection":[{"href":"https:\/\/zapateneo.net\/wordpress\/index.php\/wp-json\/wp\/v2\/product"}],"about":[{"href":"https:\/\/zapateneo.net\/wordpress\/index.php\/wp-json\/wp\/v2\/types\/product"}],"wp:featuredmedia":[{"embeddable":true,"href":"https:\/\/zapateneo.net\/wordpress\/index.php\/wp-json\/wp\/v2\/media\/11233"}],"wp:attachment":[{"href":"https:\/\/zapateneo.net\/wordpress\/index.php\/wp-json\/wp\/v2\/media?parent=11214"}],"wp:term":[{"taxonomy":"product_brand","embeddable":true,"href":"https:\/\/zapateneo.net\/wordpress\/index.php\/wp-json\/wp\/v2\/product_brand?post=11214"},{"taxonomy":"product_cat","embeddable":true,"href":"https:\/\/zapateneo.net\/wordpress\/index.php\/wp-json\/wp\/v2\/product_cat?post=11214"},{"taxonomy":"product_tag","embeddable":true,"href":"https:\/\/zapateneo.net\/wordpress\/index.php\/wp-json\/wp\/v2\/product_tag?post=11214"}],"curies":[{"name":"wp","href":"https:\/\/api.w.org\/{rel}","templated":true}]}}