{"id":11212,"date":"2022-05-29T17:39:35","date_gmt":"2022-05-29T16:39:35","guid":{"rendered":"https:\/\/zapateneo.net\/wordpress\/?post_type=product&#038;p=11212"},"modified":"2022-05-29T17:39:41","modified_gmt":"2022-05-29T16:39:41","slug":"el-libro-en-movimiento-la-politica-autonoma-y-la-ciudad-letrada-subterranea","status":"publish","type":"product","link":"https:\/\/zapateneo.net\/wordpress\/index.php\/producto\/el-libro-en-movimiento-la-politica-autonoma-y-la-ciudad-letrada-subterranea\/","title":{"rendered":"EL LIBRO EN MOVIMIENTO La pol\u00edtica aut\u00f3noma y la ciudad letrada subterr\u00e1nea"},"content":{"rendered":"<p>El libro en movimiento es org\u00e1nico a las pr\u00e1cticas pol\u00edticas que describe; es un libro hecho de las propias pr\u00e1cticas que transmite a trav\u00e9s del texto. El libro org\u00e1nico no es una modificaci\u00f3n del libro moderno sino m\u00e1s bien un libro que desaf\u00eda (o tiene el potencial para desafiar) la noci\u00f3n misma de modernidad euroc\u00e9ntrica a trav\u00e9s de su interacci\u00f3n con pr\u00e1cticas anticapitalistas, antiestatales, antiautoritarias, antipatriarcales y anticoloniales colectivamente imaginadas y ejecutadas.<\/p>\n<p>Compromiso con la producci\u00f3n de libros a bajo costo, una perspectiva pol\u00edtica aut\u00f3noma (enfrentada al estado, a la academia y al capital), una praxis autogestiva, un compromiso con las formas colectivas de organizaci\u00f3n, uso del espacio p\u00fablico para la circulaci\u00f3n de los libros e involucramiento en redes pol\u00edticas locales y transnacionales de editoriales, escritores y movimientos; lo que distingue al libro org\u00e1nico de otros libros es la manera en que las caracter\u00edsticas mencionadas son visibles no solamente en sus contenidos sino tambi\u00e9n, muy significativamente, en el objeto mismo y en los modos en que se mueve por el mundo.<\/p>\n<p>Una parte integral de la producci\u00f3n conceptual de los movimientos aut\u00f3nomos es su conexi\u00f3n dial\u00f3gica con experiencias y realidades m\u00e1s all\u00e1 de sus propias realidades locales. Este libro es un ensayo de atenci\u00f3n Sur-Norte, sobre la materialidad de estas redes, sobre las herramientas y tecnolog\u00edas durables que hacen que estas conexiones persistan, habilitando la expansi\u00f3n y reproducci\u00f3n de la pol\u00edtica.<\/p>\n","protected":false},"excerpt":{"rendered":"<p><strong>Magal\u00ed Rabasa<\/strong><br \/>\n9789873789540 &#8211; Tinta lim\u00f3n &#8211; 2020 &#8211; 128 p\u00e1ginas \/orri.<\/p>\n","protected":false},"featured_media":11231,"template":"","meta":[],"product_brand":[],"product_cat":[177,16],"product_tag":[5620,660],"class_list":{"0":"post-11212","1":"product","2":"type-product","3":"status-publish","4":"has-post-thumbnail","6":"product_cat-gizarte-mugimenduak-movimientos-sociales","7":"product_cat-libros","8":"product_tag-magali-rabasa","9":"product_tag-tinta-limon","11":"first","12":"instock","13":"sold-individually","14":"shipping-taxable","15":"purchasable","16":"product-type-simple"},"yoast_head":"<!-- This site is optimized with the Yoast SEO plugin v27.3 - https:\/\/yoast.com\/product\/yoast-seo-wordpress\/ -->\n<title>EL LIBRO EN MOVIMIENTO La pol\u00edtica aut\u00f3noma y la ciudad letrada subterr\u00e1nea &#8212; Zapateneo<\/title>\n<meta name=\"robots\" content=\"index, follow, max-snippet:-1, max-image-preview:large, max-video-preview:-1\" \/>\n<link rel=\"canonical\" href=\"https:\/\/zapateneo.net\/wordpress\/index.php\/producto\/el-libro-en-movimiento-la-politica-autonoma-y-la-ciudad-letrada-subterranea\/\" \/>\n<meta property=\"og:locale\" content=\"es_ES\" \/>\n<meta property=\"og:type\" content=\"article\" \/>\n<meta property=\"og:title\" content=\"EL LIBRO EN MOVIMIENTO La pol\u00edtica aut\u00f3noma y la ciudad letrada subterr\u00e1nea &#8212; Zapateneo\" \/>\n<meta property=\"og:description\" content=\"Magal\u00ed Rabasa 9789873789540 - Tinta lim\u00f3n - 2020 - 128 p\u00e1ginas \/orri.\" \/>\n<meta property=\"og:url\" content=\"https:\/\/zapateneo.net\/wordpress\/index.php\/producto\/el-libro-en-movimiento-la-politica-autonoma-y-la-ciudad-letrada-subterranea\/\" \/>\n<meta property=\"og:site_name\" content=\"Zapateneo\" \/>\n<meta property=\"article:modified_time\" content=\"2022-05-29T16:39:41+00:00\" \/>\n<meta name=\"twitter:card\" content=\"summary_large_image\" \/>\n<meta name=\"twitter:site\" content=\"@zapateneo\" \/>\n<meta name=\"twitter:label1\" content=\"Tiempo de lectura\" \/>\n\t<meta name=\"twitter:data1\" content=\"1 minuto\" \/>\n<script type=\"application\/ld+json\" class=\"yoast-schema-graph\">{\"@context\":\"https:\\\/\\\/schema.org\",\"@graph\":[{\"@type\":\"WebPage\",\"@id\":\"https:\\\/\\\/zapateneo.net\\\/wordpress\\\/index.php\\\/producto\\\/el-libro-en-movimiento-la-politica-autonoma-y-la-ciudad-letrada-subterranea\\\/\",\"url\":\"https:\\\/\\\/zapateneo.net\\\/wordpress\\\/index.php\\\/producto\\\/el-libro-en-movimiento-la-politica-autonoma-y-la-ciudad-letrada-subterranea\\\/\",\"name\":\"EL LIBRO EN MOVIMIENTO La pol\u00edtica aut\u00f3noma y la ciudad letrada subterr\u00e1nea &#8212; Zapateneo\",\"isPartOf\":{\"@id\":\"https:\\\/\\\/zapateneo.net\\\/wordpress\\\/#website\"},\"primaryImageOfPage\":{\"@id\":\"https:\\\/\\\/zapateneo.net\\\/wordpress\\\/index.php\\\/producto\\\/el-libro-en-movimiento-la-politica-autonoma-y-la-ciudad-letrada-subterranea\\\/#primaryimage\"},\"image\":{\"@id\":\"https:\\\/\\\/zapateneo.net\\\/wordpress\\\/index.php\\\/producto\\\/el-libro-en-movimiento-la-politica-autonoma-y-la-ciudad-letrada-subterranea\\\/#primaryimage\"},\"thumbnailUrl\":\"https:\\\/\\\/zapateneo.net\\\/wordpress\\\/wp-content\\\/uploads\\\/2022\\\/05\\\/el-libro-en-movimiento-9789873789540.jpg\",\"datePublished\":\"2022-05-29T16:39:35+00:00\",\"dateModified\":\"2022-05-29T16:39:41+00:00\",\"breadcrumb\":{\"@id\":\"https:\\\/\\\/zapateneo.net\\\/wordpress\\\/index.php\\\/producto\\\/el-libro-en-movimiento-la-politica-autonoma-y-la-ciudad-letrada-subterranea\\\/#breadcrumb\"},\"inLanguage\":\"es\",\"potentialAction\":[{\"@type\":\"ReadAction\",\"target\":[\"https:\\\/\\\/zapateneo.net\\\/wordpress\\\/index.php\\\/producto\\\/el-libro-en-movimiento-la-politica-autonoma-y-la-ciudad-letrada-subterranea\\\/\"]}]},{\"@type\":\"ImageObject\",\"inLanguage\":\"es\",\"@id\":\"https:\\\/\\\/zapateneo.net\\\/wordpress\\\/index.php\\\/producto\\\/el-libro-en-movimiento-la-politica-autonoma-y-la-ciudad-letrada-subterranea\\\/#primaryimage\",\"url\":\"https:\\\/\\\/zapateneo.net\\\/wordpress\\\/wp-content\\\/uploads\\\/2022\\\/05\\\/el-libro-en-movimiento-9789873789540.jpg\",\"contentUrl\":\"https:\\\/\\\/zapateneo.net\\\/wordpress\\\/wp-content\\\/uploads\\\/2022\\\/05\\\/el-libro-en-movimiento-9789873789540.jpg\",\"width\":240,\"height\":374},{\"@type\":\"BreadcrumbList\",\"@id\":\"https:\\\/\\\/zapateneo.net\\\/wordpress\\\/index.php\\\/producto\\\/el-libro-en-movimiento-la-politica-autonoma-y-la-ciudad-letrada-subterranea\\\/#breadcrumb\",\"itemListElement\":[{\"@type\":\"ListItem\",\"position\":1,\"name\":\"Portada\",\"item\":\"https:\\\/\\\/zapateneo.net\\\/wordpress\\\/\"},{\"@type\":\"ListItem\",\"position\":2,\"name\":\"Tienda\",\"item\":\"https:\\\/\\\/zapateneo.net\\\/wordpress\\\/\"},{\"@type\":\"ListItem\",\"position\":3,\"name\":\"EL LIBRO EN MOVIMIENTO La pol\u00edtica aut\u00f3noma y la ciudad letrada subterr\u00e1nea\"}]},{\"@type\":\"WebSite\",\"@id\":\"https:\\\/\\\/zapateneo.net\\\/wordpress\\\/#website\",\"url\":\"https:\\\/\\\/zapateneo.net\\\/wordpress\\\/\",\"name\":\"Zapateneo\",\"description\":\"Zapateneoaren webgunea\",\"publisher\":{\"@id\":\"https:\\\/\\\/zapateneo.net\\\/wordpress\\\/#organization\"},\"potentialAction\":[{\"@type\":\"SearchAction\",\"target\":{\"@type\":\"EntryPoint\",\"urlTemplate\":\"https:\\\/\\\/zapateneo.net\\\/wordpress\\\/?s={search_term_string}\"},\"query-input\":{\"@type\":\"PropertyValueSpecification\",\"valueRequired\":true,\"valueName\":\"search_term_string\"}}],\"inLanguage\":\"es\"},{\"@type\":\"Organization\",\"@id\":\"https:\\\/\\\/zapateneo.net\\\/wordpress\\\/#organization\",\"name\":\"Zapateneo Kultur Elkartea\",\"url\":\"https:\\\/\\\/zapateneo.net\\\/wordpress\\\/\",\"logo\":{\"@type\":\"ImageObject\",\"inLanguage\":\"es\",\"@id\":\"https:\\\/\\\/zapateneo.net\\\/wordpress\\\/#\\\/schema\\\/logo\\\/image\\\/\",\"url\":\"https:\\\/\\\/zapateneo.net\\\/wordpress\\\/wp-content\\\/uploads\\\/2021\\\/04\\\/zap-libu-kolec.jpg\",\"contentUrl\":\"https:\\\/\\\/zapateneo.net\\\/wordpress\\\/wp-content\\\/uploads\\\/2021\\\/04\\\/zap-libu-kolec.jpg\",\"width\":2234,\"height\":398,\"caption\":\"Zapateneo Kultur Elkartea\"},\"image\":{\"@id\":\"https:\\\/\\\/zapateneo.net\\\/wordpress\\\/#\\\/schema\\\/logo\\\/image\\\/\"},\"sameAs\":[\"https:\\\/\\\/x.com\\\/zapateneo\"]}]}<\/script>\n<!-- \/ Yoast SEO plugin. -->","yoast_head_json":{"title":"EL LIBRO EN MOVIMIENTO La pol\u00edtica aut\u00f3noma y la ciudad letrada subterr\u00e1nea &#8212; Zapateneo","robots":{"index":"index","follow":"follow","max-snippet":"max-snippet:-1","max-image-preview":"max-image-preview:large","max-video-preview":"max-video-preview:-1"},"canonical":"https:\/\/zapateneo.net\/wordpress\/index.php\/producto\/el-libro-en-movimiento-la-politica-autonoma-y-la-ciudad-letrada-subterranea\/","og_locale":"es_ES","og_type":"article","og_title":"EL LIBRO EN MOVIMIENTO La pol\u00edtica aut\u00f3noma y la ciudad letrada subterr\u00e1nea &#8212; Zapateneo","og_description":"Magal\u00ed Rabasa 9789873789540 - Tinta lim\u00f3n - 2020 - 128 p\u00e1ginas \/orri.","og_url":"https:\/\/zapateneo.net\/wordpress\/index.php\/producto\/el-libro-en-movimiento-la-politica-autonoma-y-la-ciudad-letrada-subterranea\/","og_site_name":"Zapateneo","article_modified_time":"2022-05-29T16:39:41+00:00","twitter_card":"summary_large_image","twitter_site":"@zapateneo","twitter_misc":{"Tiempo de lectura":"1 minuto"},"schema":{"@context":"https:\/\/schema.org","@graph":[{"@type":"WebPage","@id":"https:\/\/zapateneo.net\/wordpress\/index.php\/producto\/el-libro-en-movimiento-la-politica-autonoma-y-la-ciudad-letrada-subterranea\/","url":"https:\/\/zapateneo.net\/wordpress\/index.php\/producto\/el-libro-en-movimiento-la-politica-autonoma-y-la-ciudad-letrada-subterranea\/","name":"EL LIBRO EN MOVIMIENTO La pol\u00edtica aut\u00f3noma y la ciudad letrada subterr\u00e1nea &#8212; Zapateneo","isPartOf":{"@id":"https:\/\/zapateneo.net\/wordpress\/#website"},"primaryImageOfPage":{"@id":"https:\/\/zapateneo.net\/wordpress\/index.php\/producto\/el-libro-en-movimiento-la-politica-autonoma-y-la-ciudad-letrada-subterranea\/#primaryimage"},"image":{"@id":"https:\/\/zapateneo.net\/wordpress\/index.php\/producto\/el-libro-en-movimiento-la-politica-autonoma-y-la-ciudad-letrada-subterranea\/#primaryimage"},"thumbnailUrl":"https:\/\/zapateneo.net\/wordpress\/wp-content\/uploads\/2022\/05\/el-libro-en-movimiento-9789873789540.jpg","datePublished":"2022-05-29T16:39:35+00:00","dateModified":"2022-05-29T16:39:41+00:00","breadcrumb":{"@id":"https:\/\/zapateneo.net\/wordpress\/index.php\/producto\/el-libro-en-movimiento-la-politica-autonoma-y-la-ciudad-letrada-subterranea\/#breadcrumb"},"inLanguage":"es","potentialAction":[{"@type":"ReadAction","target":["https:\/\/zapateneo.net\/wordpress\/index.php\/producto\/el-libro-en-movimiento-la-politica-autonoma-y-la-ciudad-letrada-subterranea\/"]}]},{"@type":"ImageObject","inLanguage":"es","@id":"https:\/\/zapateneo.net\/wordpress\/index.php\/producto\/el-libro-en-movimiento-la-politica-autonoma-y-la-ciudad-letrada-subterranea\/#primaryimage","url":"https:\/\/zapateneo.net\/wordpress\/wp-content\/uploads\/2022\/05\/el-libro-en-movimiento-9789873789540.jpg","contentUrl":"https:\/\/zapateneo.net\/wordpress\/wp-content\/uploads\/2022\/05\/el-libro-en-movimiento-9789873789540.jpg","width":240,"height":374},{"@type":"BreadcrumbList","@id":"https:\/\/zapateneo.net\/wordpress\/index.php\/producto\/el-libro-en-movimiento-la-politica-autonoma-y-la-ciudad-letrada-subterranea\/#breadcrumb","itemListElement":[{"@type":"ListItem","position":1,"name":"Portada","item":"https:\/\/zapateneo.net\/wordpress\/"},{"@type":"ListItem","position":2,"name":"Tienda","item":"https:\/\/zapateneo.net\/wordpress\/"},{"@type":"ListItem","position":3,"name":"EL LIBRO EN MOVIMIENTO La pol\u00edtica aut\u00f3noma y la ciudad letrada subterr\u00e1nea"}]},{"@type":"WebSite","@id":"https:\/\/zapateneo.net\/wordpress\/#website","url":"https:\/\/zapateneo.net\/wordpress\/","name":"Zapateneo","description":"Zapateneoaren webgunea","publisher":{"@id":"https:\/\/zapateneo.net\/wordpress\/#organization"},"potentialAction":[{"@type":"SearchAction","target":{"@type":"EntryPoint","urlTemplate":"https:\/\/zapateneo.net\/wordpress\/?s={search_term_string}"},"query-input":{"@type":"PropertyValueSpecification","valueRequired":true,"valueName":"search_term_string"}}],"inLanguage":"es"},{"@type":"Organization","@id":"https:\/\/zapateneo.net\/wordpress\/#organization","name":"Zapateneo Kultur Elkartea","url":"https:\/\/zapateneo.net\/wordpress\/","logo":{"@type":"ImageObject","inLanguage":"es","@id":"https:\/\/zapateneo.net\/wordpress\/#\/schema\/logo\/image\/","url":"https:\/\/zapateneo.net\/wordpress\/wp-content\/uploads\/2021\/04\/zap-libu-kolec.jpg","contentUrl":"https:\/\/zapateneo.net\/wordpress\/wp-content\/uploads\/2021\/04\/zap-libu-kolec.jpg","width":2234,"height":398,"caption":"Zapateneo Kultur Elkartea"},"image":{"@id":"https:\/\/zapateneo.net\/wordpress\/#\/schema\/logo\/image\/"},"sameAs":["https:\/\/x.com\/zapateneo"]}]}},"_links":{"self":[{"href":"https:\/\/zapateneo.net\/wordpress\/index.php\/wp-json\/wp\/v2\/product\/11212","targetHints":{"allow":["GET"]}}],"collection":[{"href":"https:\/\/zapateneo.net\/wordpress\/index.php\/wp-json\/wp\/v2\/product"}],"about":[{"href":"https:\/\/zapateneo.net\/wordpress\/index.php\/wp-json\/wp\/v2\/types\/product"}],"wp:featuredmedia":[{"embeddable":true,"href":"https:\/\/zapateneo.net\/wordpress\/index.php\/wp-json\/wp\/v2\/media\/11231"}],"wp:attachment":[{"href":"https:\/\/zapateneo.net\/wordpress\/index.php\/wp-json\/wp\/v2\/media?parent=11212"}],"wp:term":[{"taxonomy":"product_brand","embeddable":true,"href":"https:\/\/zapateneo.net\/wordpress\/index.php\/wp-json\/wp\/v2\/product_brand?post=11212"},{"taxonomy":"product_cat","embeddable":true,"href":"https:\/\/zapateneo.net\/wordpress\/index.php\/wp-json\/wp\/v2\/product_cat?post=11212"},{"taxonomy":"product_tag","embeddable":true,"href":"https:\/\/zapateneo.net\/wordpress\/index.php\/wp-json\/wp\/v2\/product_tag?post=11212"}],"curies":[{"name":"wp","href":"https:\/\/api.w.org\/{rel}","templated":true}]}}